{"id":7045,"date":"2015-12-07T16:19:40","date_gmt":"2015-12-07T15:19:40","guid":{"rendered":"https:\/\/shop.theophile-patachou.com\/en\/guide-des-tailles\/"},"modified":"2016-10-11T14:57:06","modified_gmt":"2016-10-11T13:57:06","slug":"size-guide","status":"publish","type":"page","link":"https:\/\/shop.theophile-patachou.com\/en\/size-guide\/","title":{"rendered":"Size guide"},"content":{"rendered":"<section class=\"wpb-content-wrapper\"><p>[vc_row][vc_column]<div class=\"ts-heading heading-2 style-1\"><h2>SIZES GUIDE<\/h2><\/div>[vc_column_text][\/vc_column_text][vc_column_text]<strong>Clothing sizes:<\/strong><\/p>\n<table style=\"height: 560px;\" width=\"456\" cellspacing=\"0\" cellpadding=\"7\">\n<colgroup>\n<col width=\"39\" \/>\n<col width=\"56\" \/><\/colgroup>\n<tbody>\n<tr valign=\"top\">\n<td width=\"39\" height=\"4\">1M<\/td>\n<td width=\"56\">56 cm<\/td>\n<\/tr>\n<tr valign=\"top\">\n<td width=\"39\" height=\"5\">3M<\/td>\n<td width=\"56\">62 cm<\/td>\n<\/tr>\n<tr valign=\"top\">\n<td width=\"39\" height=\"6\">6M<\/td>\n<td width=\"56\">68 cm<\/td>\n<\/tr>\n<tr valign=\"top\">\n<td width=\"39\" height=\"5\">9M<\/td>\n<td width=\"56\">74 cm<\/td>\n<\/tr>\n<tr valign=\"top\">\n<td width=\"39\" height=\"5\">12M<\/td>\n<td width=\"56\">80 cm<\/td>\n<\/tr>\n<tr valign=\"top\">\n<td width=\"39\" height=\"5\">18M<\/td>\n<td width=\"56\">86 cm<\/td>\n<\/tr>\n<tr valign=\"top\">\n<td width=\"39\" height=\"5\">2A<\/td>\n<td width=\"56\">92 cm<\/td>\n<\/tr>\n<tr valign=\"top\">\n<td width=\"39\" height=\"5\">3A<\/td>\n<td width=\"56\">98 cm<\/td>\n<\/tr>\n<tr valign=\"top\">\n<td width=\"39\" height=\"5\">4A<\/td>\n<td width=\"56\">104 cm<\/td>\n<\/tr>\n<\/tbody>\n<\/table>\n<p>[\/vc_column_text][vc_column_text]<strong>Sleeping bag sizes:<\/strong><\/p>\n<table>\n<tbody>\n<tr>\n<td width=\"121\">Birth sleeping bag<\/td>\n<td width=\"92\">height 60 cm<\/td>\n<td width=\"106\">birth to 3 months<\/td>\n<\/tr>\n<tr>\n<td width=\"121\">Sleeping bag<\/td>\n<td width=\"92\">height 70 cm<\/td>\n<td width=\"106\">2 to 6 months<\/td>\n<\/tr>\n<tr>\n<td width=\"121\">Sleeping bag T1<\/td>\n<td width=\"92\">height 90 cm<\/td>\n<td width=\"106\">6 to 12 months<\/td>\n<\/tr>\n<tr>\n<td width=\"121\">Sleeping bag T2<\/td>\n<td width=\"92\">height 110 cm<\/td>\n<td width=\"106\">12 to 24 months<\/td>\n<\/tr>\n<\/tbody>\n<\/table>\n<p>[\/vc_column_text][vc_column_text]<strong>Shoe sizes:<\/strong><\/p>\n<table style=\"height: 160px;\" width=\"607\">\n<tbody>\n<tr>\n<td width=\"37\">T16<\/td>\n<td width=\"64\">4-6 months<\/td>\n<\/tr>\n<tr>\n<td width=\"37\">T17<\/td>\n<td width=\"64\">6-8 months<\/td>\n<\/tr>\n<tr>\n<td width=\"37\">T18<\/td>\n<td width=\"64\">8-10 months<\/td>\n<\/tr>\n<\/tbody>\n<\/table>\n<p>[\/vc_column_text][vc_column_text]<strong>Sheet and pillowcase size:<\/strong><\/p>\n<table>\n<tbody>\n<tr>\n<td width=\"126\">Crib\/pushchair<\/td>\n<td width=\"131\">69 x 95 cm<\/td>\n<td width=\"131\">+ pillowcase 30&#215;40 cm<\/td>\n<\/tr>\n<tr>\n<td width=\"126\">Cot<\/td>\n<td width=\"131\">105 x 165 cm<\/td>\n<td width=\"131\">+ pillowcase 40&#215;60 cm<\/td>\n<\/tr>\n<tr>\n<td width=\"126\">Junior bed<\/td>\n<td width=\"131\">140 x 230 cm<\/td>\n<td width=\"131\">+ pillowcase 60&#215;60 cm<\/td>\n<\/tr>\n<\/tbody>\n<\/table>\n<p>[\/vc_column_text][vc_column_text]<strong>Duvet cover and pillowcase size:<\/strong><\/p>\n<table style=\"height: 162px;\" width=\"787\">\n<tbody>\n<tr>\n<td width=\"94\">Crib\/pushchair<\/td>\n<td width=\"197\">68 x 80cm (duvet 80&#215;80 cm)<\/td>\n<td width=\"92\">+ pillowcase 30&#215;40 cm<\/td>\n<\/tr>\n<tr>\n<td width=\"94\">Cot<\/td>\n<td width=\"197\">100 x 135 cm (duvet 100&#215;140 cm)<\/td>\n<td width=\"92\">+ pillowcase 40&#215;60 cm<\/td>\n<\/tr>\n<tr>\n<td width=\"94\">Junior bed<\/td>\n<td width=\"197\">140 x 200 cm (duvet 140&#215;200 cm)<\/td>\n<td width=\"92\">+ pillowcase 60&#215;60 cm<\/td>\n<\/tr>\n<\/tbody>\n<\/table>\n<p>[\/vc_column_text][\/vc_column][\/vc_row]<\/p>\n<\/section>","protected":false},"excerpt":{"rendered":"<p>[vc_row][vc_column][vc_column_text][\/vc_column_text][vc_column_text]Clothing sizes: 1M 56 cm 3M 62 cm 6M 68 cm 9M 74 cm 12M 80 cm 18M 86 cm 2A 92 cm 3A 98 cm 4A 104 cm [\/vc_column_text][vc_column_text]Sleeping bag sizes: Birth sleeping bag height 60 cm birth to 3 months Sleeping bag height 70 cm 2 to 6 months Sleeping bag T1 height [&hellip;]<\/p>\n","protected":false},"author":6082,"featured_media":0,"parent":0,"menu_order":0,"comment_status":"closed","ping_status":"closed","template":"","meta":{"footnotes":""},"class_list":["post-7045","page","type-page","status-publish","hentry"],"yoast_head":"<!-- This site is optimized with the Yoast SEO plugin v26.9 - https:\/\/yoast.com\/product\/yoast-seo-wordpress\/ -->\n<title>Size guide - Th\u00e9ophile et Patachou<\/title>\n<meta name=\"robots\" content=\"index, follow, max-snippet:-1, max-image-preview:large, max-video-preview:-1\" \/>\n<link rel=\"canonical\" href=\"https:\/\/shop.theophile-patachou.com\/en\/size-guide\/\" \/>\n<meta property=\"og:locale\" content=\"en_US\" \/>\n<meta property=\"og:type\" content=\"article\" \/>\n<meta property=\"og:title\" content=\"Size guide - Th\u00e9ophile et Patachou\" \/>\n<meta property=\"og:description\" content=\"[vc_row][vc_column][vc_column_text][\/vc_column_text][vc_column_text]Clothing sizes: 1M 56 cm 3M 62 cm 6M 68 cm 9M 74 cm 12M 80 cm 18M 86 cm 2A 92 cm 3A 98 cm 4A 104 cm [\/vc_column_text][vc_column_text]Sleeping bag sizes: Birth sleeping bag height 60 cm birth to 3 months Sleeping bag height 70 cm 2 to 6 months Sleeping bag T1 height [&hellip;]\" \/>\n<meta property=\"og:url\" content=\"https:\/\/shop.theophile-patachou.com\/en\/size-guide\/\" \/>\n<meta property=\"og:site_name\" content=\"Th\u00e9ophile et Patachou\" \/>\n<meta property=\"article:publisher\" content=\"https:\/\/www.facebook.com\/Th%c3%a9ophile-Patachou-197829346970085\/\" \/>\n<meta property=\"article:modified_time\" content=\"2016-10-11T13:57:06+00:00\" \/>\n<meta name=\"twitter:card\" content=\"summary_large_image\" \/>\n<meta name=\"twitter:site\" content=\"@TPBelgium\" \/>\n<meta name=\"twitter:label1\" content=\"Est. reading time\" \/>\n\t<meta name=\"twitter:data1\" content=\"1 minute\" \/>\n<script type=\"application\/ld+json\" class=\"yoast-schema-graph\">{\"@context\":\"https:\/\/schema.org\",\"@graph\":[{\"@type\":\"WebPage\",\"@id\":\"https:\/\/shop.theophile-patachou.com\/en\/size-guide\/\",\"url\":\"https:\/\/shop.theophile-patachou.com\/en\/size-guide\/\",\"name\":\"Size guide - Th\u00e9ophile et Patachou\",\"isPartOf\":{\"@id\":\"https:\/\/shop.theophile-patachou.com\/en\/#website\"},\"datePublished\":\"2015-12-07T15:19:40+00:00\",\"dateModified\":\"2016-10-11T13:57:06+00:00\",\"breadcrumb\":{\"@id\":\"https:\/\/shop.theophile-patachou.com\/en\/size-guide\/#breadcrumb\"},\"inLanguage\":\"en-US\",\"potentialAction\":[{\"@type\":\"ReadAction\",\"target\":[\"https:\/\/shop.theophile-patachou.com\/en\/size-guide\/\"]}]},{\"@type\":\"BreadcrumbList\",\"@id\":\"https:\/\/shop.theophile-patachou.com\/en\/size-guide\/#breadcrumb\",\"itemListElement\":[{\"@type\":\"ListItem\",\"position\":1,\"name\":\"Accueil\",\"item\":\"https:\/\/shop.theophile-patachou.com\/en\/\"},{\"@type\":\"ListItem\",\"position\":2,\"name\":\"Size guide\"}]},{\"@type\":\"WebSite\",\"@id\":\"https:\/\/shop.theophile-patachou.com\/en\/#website\",\"url\":\"https:\/\/shop.theophile-patachou.com\/en\/\",\"name\":\"Th\u00e9ophile et Patachou\",\"description\":\"Mobilier &amp; accessoires pour b\u00e9b\u00e9\",\"publisher\":{\"@id\":\"https:\/\/shop.theophile-patachou.com\/en\/#organization\"},\"potentialAction\":[{\"@type\":\"SearchAction\",\"target\":{\"@type\":\"EntryPoint\",\"urlTemplate\":\"https:\/\/shop.theophile-patachou.com\/en\/?s={search_term_string}\"},\"query-input\":{\"@type\":\"PropertyValueSpecification\",\"valueRequired\":true,\"valueName\":\"search_term_string\"}}],\"inLanguage\":\"en-US\"},{\"@type\":\"Organization\",\"@id\":\"https:\/\/shop.theophile-patachou.com\/en\/#organization\",\"name\":\"Th\u00e9ophile & Patachou\",\"url\":\"https:\/\/shop.theophile-patachou.com\/en\/\",\"logo\":{\"@type\":\"ImageObject\",\"inLanguage\":\"en-US\",\"@id\":\"https:\/\/shop.theophile-patachou.com\/en\/#\/schema\/logo\/image\/\",\"url\":\"https:\/\/shop.theophile-patachou.com\/wp-content\/uploads\/2014\/12\/site-login-logo.png\",\"contentUrl\":\"https:\/\/shop.theophile-patachou.com\/wp-content\/uploads\/2014\/12\/site-login-logo.png\",\"width\":300,\"height\":150,\"caption\":\"Th\u00e9ophile & Patachou\"},\"image\":{\"@id\":\"https:\/\/shop.theophile-patachou.com\/en\/#\/schema\/logo\/image\/\"},\"sameAs\":[\"https:\/\/www.facebook.com\/Th\u00e9ophile-Patachou-197829346970085\/\",\"https:\/\/x.com\/TPBelgium\",\"https:\/\/instagram.com\/theophile_patachou\/\",\"https:\/\/www.pinterest.com\/ThPat\/\"]}]}<\/script>\n<!-- \/ Yoast SEO plugin. -->","yoast_head_json":{"title":"Size guide - Th\u00e9ophile et Patachou","robots":{"index":"index","follow":"follow","max-snippet":"max-snippet:-1","max-image-preview":"max-image-preview:large","max-video-preview":"max-video-preview:-1"},"canonical":"https:\/\/shop.theophile-patachou.com\/en\/size-guide\/","og_locale":"en_US","og_type":"article","og_title":"Size guide - Th\u00e9ophile et Patachou","og_description":"[vc_row][vc_column][vc_column_text][\/vc_column_text][vc_column_text]Clothing sizes: 1M 56 cm 3M 62 cm 6M 68 cm 9M 74 cm 12M 80 cm 18M 86 cm 2A 92 cm 3A 98 cm 4A 104 cm [\/vc_column_text][vc_column_text]Sleeping bag sizes: Birth sleeping bag height 60 cm birth to 3 months Sleeping bag height 70 cm 2 to 6 months Sleeping bag T1 height [&hellip;]","og_url":"https:\/\/shop.theophile-patachou.com\/en\/size-guide\/","og_site_name":"Th\u00e9ophile et Patachou","article_publisher":"https:\/\/www.facebook.com\/Th%c3%a9ophile-Patachou-197829346970085\/","article_modified_time":"2016-10-11T13:57:06+00:00","twitter_card":"summary_large_image","twitter_site":"@TPBelgium","twitter_misc":{"Est. reading time":"1 minute"},"schema":{"@context":"https:\/\/schema.org","@graph":[{"@type":"WebPage","@id":"https:\/\/shop.theophile-patachou.com\/en\/size-guide\/","url":"https:\/\/shop.theophile-patachou.com\/en\/size-guide\/","name":"Size guide - Th\u00e9ophile et Patachou","isPartOf":{"@id":"https:\/\/shop.theophile-patachou.com\/en\/#website"},"datePublished":"2015-12-07T15:19:40+00:00","dateModified":"2016-10-11T13:57:06+00:00","breadcrumb":{"@id":"https:\/\/shop.theophile-patachou.com\/en\/size-guide\/#breadcrumb"},"inLanguage":"en-US","potentialAction":[{"@type":"ReadAction","target":["https:\/\/shop.theophile-patachou.com\/en\/size-guide\/"]}]},{"@type":"BreadcrumbList","@id":"https:\/\/shop.theophile-patachou.com\/en\/size-guide\/#breadcrumb","itemListElement":[{"@type":"ListItem","position":1,"name":"Accueil","item":"https:\/\/shop.theophile-patachou.com\/en\/"},{"@type":"ListItem","position":2,"name":"Size guide"}]},{"@type":"WebSite","@id":"https:\/\/shop.theophile-patachou.com\/en\/#website","url":"https:\/\/shop.theophile-patachou.com\/en\/","name":"Th\u00e9ophile et Patachou","description":"Mobilier &amp; accessoires pour b\u00e9b\u00e9","publisher":{"@id":"https:\/\/shop.theophile-patachou.com\/en\/#organization"},"potentialAction":[{"@type":"SearchAction","target":{"@type":"EntryPoint","urlTemplate":"https:\/\/shop.theophile-patachou.com\/en\/?s={search_term_string}"},"query-input":{"@type":"PropertyValueSpecification","valueRequired":true,"valueName":"search_term_string"}}],"inLanguage":"en-US"},{"@type":"Organization","@id":"https:\/\/shop.theophile-patachou.com\/en\/#organization","name":"Th\u00e9ophile & Patachou","url":"https:\/\/shop.theophile-patachou.com\/en\/","logo":{"@type":"ImageObject","inLanguage":"en-US","@id":"https:\/\/shop.theophile-patachou.com\/en\/#\/schema\/logo\/image\/","url":"https:\/\/shop.theophile-patachou.com\/wp-content\/uploads\/2014\/12\/site-login-logo.png","contentUrl":"https:\/\/shop.theophile-patachou.com\/wp-content\/uploads\/2014\/12\/site-login-logo.png","width":300,"height":150,"caption":"Th\u00e9ophile & Patachou"},"image":{"@id":"https:\/\/shop.theophile-patachou.com\/en\/#\/schema\/logo\/image\/"},"sameAs":["https:\/\/www.facebook.com\/Th\u00e9ophile-Patachou-197829346970085\/","https:\/\/x.com\/TPBelgium","https:\/\/instagram.com\/theophile_patachou\/","https:\/\/www.pinterest.com\/ThPat\/"]}]}},"_links":{"self":[{"href":"https:\/\/shop.theophile-patachou.com\/en\/wp-json\/wp\/v2\/pages\/7045","targetHints":{"allow":["GET"]}}],"collection":[{"href":"https:\/\/shop.theophile-patachou.com\/en\/wp-json\/wp\/v2\/pages"}],"about":[{"href":"https:\/\/shop.theophile-patachou.com\/en\/wp-json\/wp\/v2\/types\/page"}],"author":[{"embeddable":true,"href":"https:\/\/shop.theophile-patachou.com\/en\/wp-json\/wp\/v2\/users\/6082"}],"replies":[{"embeddable":true,"href":"https:\/\/shop.theophile-patachou.com\/en\/wp-json\/wp\/v2\/comments?post=7045"}],"version-history":[{"count":0,"href":"https:\/\/shop.theophile-patachou.com\/en\/wp-json\/wp\/v2\/pages\/7045\/revisions"}],"wp:attachment":[{"href":"https:\/\/shop.theophile-patachou.com\/en\/wp-json\/wp\/v2\/media?parent=7045"}],"curies":[{"name":"wp","href":"https:\/\/api.w.org\/{rel}","templated":true}]}}