{"id":7477,"date":"2015-12-07T15:20:51","date_gmt":"2015-12-07T14:20:51","guid":{"rendered":"https:\/\/shop.theophile-patachou.com\/en\/vos-achats-sur-theophile-patachou\/"},"modified":"2016-10-11T15:04:07","modified_gmt":"2016-10-11T14:04:07","slug":"your-purchases-on-theophile-patachou","status":"publish","type":"page","link":"https:\/\/shop.theophile-patachou.com\/en\/your-purchases-on-theophile-patachou\/","title":{"rendered":"Your purchases on Th\u00e9ophile &#038; Patachou"},"content":{"rendered":"<section class=\"wpb-content-wrapper\"><p>[vc_row][vc_column]<div class=\"ts-heading heading-2 style-1\"><h2>YOUR PURCHASES<\/h2><\/div>[vc_column_text]Any Order placed by the Customer via the Site will only engage TP Production once the Order has been paid in full and after TP Production has e-mailed the Customer written confirmation including the Customer&#8217;s contact details, a payment confirmation, acceptance and summary of his Order, the delivery address and a copy of the general terms and conditions.<\/p>\n<p>If due to exceptional circumstances the Customer&#8217;s Order cannot be honoured within thirty days following confirmation, the Customer has the right to cancel his Order without cost, which will be reimbursed by TP Production as quickly as possible.<\/p>\n<p>&nbsp;<\/p>\n<p>Product prices are stated in Euros. They include VAT and taxes due in Belgium. On the other hand, they do not include bank charges, delivery charges, any customs&#8217; duties, import taxes or customs&#8217; formalities in the country of destination. These costs are payable by the Customer and will be invoiced to him in addition to the Product prices or by the carrier.<\/p>\n<p>&nbsp;<\/p>\n<p>Once the Customer validates the Order summary on the Site, payment can be made by Bancontact online or credit card (Visa, Master Card or American Express). Payment is made via OGONE, an approved partner ensuring the secure use of bank cards on the Internet, via an SSL (secured socket layer) connection.[\/vc_column_text][\/vc_column][\/vc_row][vc_row][vc_column]<div class=\"ts-heading heading-3 style-1\"><h3>QUESTIONS\/ANSWERS<\/h3><\/div>[vc_toggle title=&#8221;HOW DO I APPLY MY DISCOUNT TO MY ORDER ?&#8221; el_id=&#8221;1449498681701-b48a6154-fbc3&#8243;]If you have a promotion code for an action, simply insert it during the validity period when you are finalising your order (step just before payment). The amount of the promotion will thus be deducted from the total amount to pay.[\/vc_toggle][vc_toggle title=&#8221;HOW MUCH IS DELIVERY ?&#8221; el_id=&#8221;1449498917819-d2f2e485-c92e&#8221;]The prices shown on the site do not include delivery charges or any customs&#8217; duties, import taxes or customs&#8217; formalities in the country of destination. These costs are payable by you and will be invoiced in addition to the Product prices. The transport cost will be calculated at the last step of your online purchase based on the Products selected and the delivery address.[\/vc_toggle][\/vc_column][\/vc_row]<\/p>\n<\/section>","protected":false},"excerpt":{"rendered":"<p>[vc_row][vc_column][vc_column_text]Any Order placed by the Customer via the Site will only engage TP Production once the Order has been paid in full and after TP Production has e-mailed the Customer written confirmation including the Customer&#8217;s contact details, a payment confirmation, acceptance and summary of his Order, the delivery address and a copy of the general [&hellip;]<\/p>\n","protected":false},"author":6082,"featured_media":0,"parent":0,"menu_order":0,"comment_status":"closed","ping_status":"closed","template":"","meta":{"footnotes":""},"class_list":["post-7477","page","type-page","status-publish","hentry"],"yoast_head":"<!-- This site is optimized with the Yoast SEO plugin v26.9 - https:\/\/yoast.com\/product\/yoast-seo-wordpress\/ -->\n<title>Your purchases on Th\u00e9ophile &amp; Patachou - Th\u00e9ophile et Patachou<\/title>\n<meta name=\"robots\" content=\"index, follow, max-snippet:-1, max-image-preview:large, max-video-preview:-1\" \/>\n<link rel=\"canonical\" href=\"https:\/\/shop.theophile-patachou.com\/en\/your-purchases-on-theophile-patachou\/\" \/>\n<meta property=\"og:locale\" content=\"en_US\" \/>\n<meta property=\"og:type\" content=\"article\" \/>\n<meta property=\"og:title\" content=\"Your purchases on Th\u00e9ophile &amp; Patachou - Th\u00e9ophile et Patachou\" \/>\n<meta property=\"og:description\" content=\"[vc_row][vc_column][vc_column_text]Any Order placed by the Customer via the Site will only engage TP Production once the Order has been paid in full and after TP Production has e-mailed the Customer written confirmation including the Customer&#8217;s contact details, a payment confirmation, acceptance and summary of his Order, the delivery address and a copy of the general [&hellip;]\" \/>\n<meta property=\"og:url\" content=\"https:\/\/shop.theophile-patachou.com\/en\/your-purchases-on-theophile-patachou\/\" \/>\n<meta property=\"og:site_name\" content=\"Th\u00e9ophile et Patachou\" \/>\n<meta property=\"article:publisher\" content=\"https:\/\/www.facebook.com\/Th%c3%a9ophile-Patachou-197829346970085\/\" \/>\n<meta property=\"article:modified_time\" content=\"2016-10-11T14:04:07+00:00\" \/>\n<meta name=\"twitter:card\" content=\"summary_large_image\" \/>\n<meta name=\"twitter:site\" content=\"@TPBelgium\" \/>\n<meta name=\"twitter:label1\" content=\"Est. reading time\" \/>\n\t<meta name=\"twitter:data1\" content=\"2 minutes\" \/>\n<script type=\"application\/ld+json\" class=\"yoast-schema-graph\">{\"@context\":\"https:\/\/schema.org\",\"@graph\":[{\"@type\":\"WebPage\",\"@id\":\"https:\/\/shop.theophile-patachou.com\/en\/your-purchases-on-theophile-patachou\/\",\"url\":\"https:\/\/shop.theophile-patachou.com\/en\/your-purchases-on-theophile-patachou\/\",\"name\":\"Your purchases on Th\u00e9ophile & Patachou - Th\u00e9ophile et Patachou\",\"isPartOf\":{\"@id\":\"https:\/\/shop.theophile-patachou.com\/en\/#website\"},\"datePublished\":\"2015-12-07T14:20:51+00:00\",\"dateModified\":\"2016-10-11T14:04:07+00:00\",\"breadcrumb\":{\"@id\":\"https:\/\/shop.theophile-patachou.com\/en\/your-purchases-on-theophile-patachou\/#breadcrumb\"},\"inLanguage\":\"en-US\",\"potentialAction\":[{\"@type\":\"ReadAction\",\"target\":[\"https:\/\/shop.theophile-patachou.com\/en\/your-purchases-on-theophile-patachou\/\"]}]},{\"@type\":\"BreadcrumbList\",\"@id\":\"https:\/\/shop.theophile-patachou.com\/en\/your-purchases-on-theophile-patachou\/#breadcrumb\",\"itemListElement\":[{\"@type\":\"ListItem\",\"position\":1,\"name\":\"Accueil\",\"item\":\"https:\/\/shop.theophile-patachou.com\/en\/\"},{\"@type\":\"ListItem\",\"position\":2,\"name\":\"Your purchases on Th\u00e9ophile &#038; Patachou\"}]},{\"@type\":\"WebSite\",\"@id\":\"https:\/\/shop.theophile-patachou.com\/en\/#website\",\"url\":\"https:\/\/shop.theophile-patachou.com\/en\/\",\"name\":\"Th\u00e9ophile et Patachou\",\"description\":\"Mobilier &amp; accessoires pour b\u00e9b\u00e9\",\"publisher\":{\"@id\":\"https:\/\/shop.theophile-patachou.com\/en\/#organization\"},\"potentialAction\":[{\"@type\":\"SearchAction\",\"target\":{\"@type\":\"EntryPoint\",\"urlTemplate\":\"https:\/\/shop.theophile-patachou.com\/en\/?s={search_term_string}\"},\"query-input\":{\"@type\":\"PropertyValueSpecification\",\"valueRequired\":true,\"valueName\":\"search_term_string\"}}],\"inLanguage\":\"en-US\"},{\"@type\":\"Organization\",\"@id\":\"https:\/\/shop.theophile-patachou.com\/en\/#organization\",\"name\":\"Th\u00e9ophile & Patachou\",\"url\":\"https:\/\/shop.theophile-patachou.com\/en\/\",\"logo\":{\"@type\":\"ImageObject\",\"inLanguage\":\"en-US\",\"@id\":\"https:\/\/shop.theophile-patachou.com\/en\/#\/schema\/logo\/image\/\",\"url\":\"https:\/\/shop.theophile-patachou.com\/wp-content\/uploads\/2014\/12\/site-login-logo.png\",\"contentUrl\":\"https:\/\/shop.theophile-patachou.com\/wp-content\/uploads\/2014\/12\/site-login-logo.png\",\"width\":300,\"height\":150,\"caption\":\"Th\u00e9ophile & Patachou\"},\"image\":{\"@id\":\"https:\/\/shop.theophile-patachou.com\/en\/#\/schema\/logo\/image\/\"},\"sameAs\":[\"https:\/\/www.facebook.com\/Th\u00e9ophile-Patachou-197829346970085\/\",\"https:\/\/x.com\/TPBelgium\",\"https:\/\/instagram.com\/theophile_patachou\/\",\"https:\/\/www.pinterest.com\/ThPat\/\"]}]}<\/script>\n<!-- \/ Yoast SEO plugin. -->","yoast_head_json":{"title":"Your purchases on Th\u00e9ophile & Patachou - Th\u00e9ophile et Patachou","robots":{"index":"index","follow":"follow","max-snippet":"max-snippet:-1","max-image-preview":"max-image-preview:large","max-video-preview":"max-video-preview:-1"},"canonical":"https:\/\/shop.theophile-patachou.com\/en\/your-purchases-on-theophile-patachou\/","og_locale":"en_US","og_type":"article","og_title":"Your purchases on Th\u00e9ophile & Patachou - Th\u00e9ophile et Patachou","og_description":"[vc_row][vc_column][vc_column_text]Any Order placed by the Customer via the Site will only engage TP Production once the Order has been paid in full and after TP Production has e-mailed the Customer written confirmation including the Customer&#8217;s contact details, a payment confirmation, acceptance and summary of his Order, the delivery address and a copy of the general [&hellip;]","og_url":"https:\/\/shop.theophile-patachou.com\/en\/your-purchases-on-theophile-patachou\/","og_site_name":"Th\u00e9ophile et Patachou","article_publisher":"https:\/\/www.facebook.com\/Th%c3%a9ophile-Patachou-197829346970085\/","article_modified_time":"2016-10-11T14:04:07+00:00","twitter_card":"summary_large_image","twitter_site":"@TPBelgium","twitter_misc":{"Est. reading time":"2 minutes"},"schema":{"@context":"https:\/\/schema.org","@graph":[{"@type":"WebPage","@id":"https:\/\/shop.theophile-patachou.com\/en\/your-purchases-on-theophile-patachou\/","url":"https:\/\/shop.theophile-patachou.com\/en\/your-purchases-on-theophile-patachou\/","name":"Your purchases on Th\u00e9ophile & Patachou - Th\u00e9ophile et Patachou","isPartOf":{"@id":"https:\/\/shop.theophile-patachou.com\/en\/#website"},"datePublished":"2015-12-07T14:20:51+00:00","dateModified":"2016-10-11T14:04:07+00:00","breadcrumb":{"@id":"https:\/\/shop.theophile-patachou.com\/en\/your-purchases-on-theophile-patachou\/#breadcrumb"},"inLanguage":"en-US","potentialAction":[{"@type":"ReadAction","target":["https:\/\/shop.theophile-patachou.com\/en\/your-purchases-on-theophile-patachou\/"]}]},{"@type":"BreadcrumbList","@id":"https:\/\/shop.theophile-patachou.com\/en\/your-purchases-on-theophile-patachou\/#breadcrumb","itemListElement":[{"@type":"ListItem","position":1,"name":"Accueil","item":"https:\/\/shop.theophile-patachou.com\/en\/"},{"@type":"ListItem","position":2,"name":"Your purchases on Th\u00e9ophile &#038; Patachou"}]},{"@type":"WebSite","@id":"https:\/\/shop.theophile-patachou.com\/en\/#website","url":"https:\/\/shop.theophile-patachou.com\/en\/","name":"Th\u00e9ophile et Patachou","description":"Mobilier &amp; accessoires pour b\u00e9b\u00e9","publisher":{"@id":"https:\/\/shop.theophile-patachou.com\/en\/#organization"},"potentialAction":[{"@type":"SearchAction","target":{"@type":"EntryPoint","urlTemplate":"https:\/\/shop.theophile-patachou.com\/en\/?s={search_term_string}"},"query-input":{"@type":"PropertyValueSpecification","valueRequired":true,"valueName":"search_term_string"}}],"inLanguage":"en-US"},{"@type":"Organization","@id":"https:\/\/shop.theophile-patachou.com\/en\/#organization","name":"Th\u00e9ophile & Patachou","url":"https:\/\/shop.theophile-patachou.com\/en\/","logo":{"@type":"ImageObject","inLanguage":"en-US","@id":"https:\/\/shop.theophile-patachou.com\/en\/#\/schema\/logo\/image\/","url":"https:\/\/shop.theophile-patachou.com\/wp-content\/uploads\/2014\/12\/site-login-logo.png","contentUrl":"https:\/\/shop.theophile-patachou.com\/wp-content\/uploads\/2014\/12\/site-login-logo.png","width":300,"height":150,"caption":"Th\u00e9ophile & Patachou"},"image":{"@id":"https:\/\/shop.theophile-patachou.com\/en\/#\/schema\/logo\/image\/"},"sameAs":["https:\/\/www.facebook.com\/Th\u00e9ophile-Patachou-197829346970085\/","https:\/\/x.com\/TPBelgium","https:\/\/instagram.com\/theophile_patachou\/","https:\/\/www.pinterest.com\/ThPat\/"]}]}},"_links":{"self":[{"href":"https:\/\/shop.theophile-patachou.com\/en\/wp-json\/wp\/v2\/pages\/7477","targetHints":{"allow":["GET"]}}],"collection":[{"href":"https:\/\/shop.theophile-patachou.com\/en\/wp-json\/wp\/v2\/pages"}],"about":[{"href":"https:\/\/shop.theophile-patachou.com\/en\/wp-json\/wp\/v2\/types\/page"}],"author":[{"embeddable":true,"href":"https:\/\/shop.theophile-patachou.com\/en\/wp-json\/wp\/v2\/users\/6082"}],"replies":[{"embeddable":true,"href":"https:\/\/shop.theophile-patachou.com\/en\/wp-json\/wp\/v2\/comments?post=7477"}],"version-history":[{"count":0,"href":"https:\/\/shop.theophile-patachou.com\/en\/wp-json\/wp\/v2\/pages\/7477\/revisions"}],"wp:attachment":[{"href":"https:\/\/shop.theophile-patachou.com\/en\/wp-json\/wp\/v2\/media?parent=7477"}],"curies":[{"name":"wp","href":"https:\/\/api.w.org\/{rel}","templated":true}]}}