{"id":37288,"date":"2019-03-13T14:00:35","date_gmt":"2019-03-13T13:00:37","guid":{"rendered":"https:\/\/shop.theophile-patachou.com\/?post_type=product&#038;p=37288"},"modified":"2022-01-30T14:33:03","modified_gmt":"2022-01-30T13:33:03","slug":"baby-wardrobe-design","status":"publish","type":"product","link":"https:\/\/shop.theophile-patachou.com\/en\/product\/baby-wardrobe-design\/","title":{"rendered":"Baby wardrobe Design"},"content":{"rendered":"","protected":false},"excerpt":{"rendered":"<h2>Baby wardrobe Design<\/h2>\n<p><strong>\u20ac 1995,00<\/strong> (Delivery not included)<br \/>\nWe do not apply a free delivery on furniture.<\/p>\n<p><strong>Order your furniture<\/strong>\u00a0by e-mail to receive your detailed quotation (include your delivery address).<br \/>\n0032 10 24 66 12 \u2013\u00a0<a href=\"mailto:info@theophile-patachou.com\">info@theophile-patachou.com\u00a0<\/a><\/p>\n<p><strong>The essential to store all your baby clothes.<\/strong><\/p>\n<p>The Wardrobe has <strong>2 doors and 2 drawers.<\/strong><\/p>\n<p>The interior has <strong>2<\/strong> <strong>hanging rails and 4 shelves<\/strong> adjustable in height.<\/p>\n<p>The inside depth of +\/- 60cm fits adult size hangers<\/p>\n<p>Furniture made of MDF materials white paint in accordance with the European standard EN 71-3.<\/p>\n<p>The furniture is delivered with a detailed manual in various well-protected boxes to facilitate transport and access to the nursery.<\/p>\n<p>Furniture assembly service is possible in some countries.<\/p>\n<p>Dimensions : L:125 x W:65x H:188 cm<\/p>\n<p><strong>The wardrobe \u00ab Design \u00bb\u00a0: A sober style\u00a0<\/strong><\/p>\n<p>The Th\u00e9ophile &amp; Patachou team is at your disposal to help you create the nursery of your dreams.<\/p>\n<p><a href=\"https:\/\/shop.theophile-patachou.com\/en\/product-category\/furniture-en\/design-en\/\">Discover the Design range<\/a><\/p>\n","protected":false},"featured_media":73032,"template":"","meta":[],"product_brand":[],"product_cat":[1234,1227],"product_tag":[],"class_list":{"0":"post-37288","1":"product","2":"type-product","3":"status-publish","4":"has-post-thumbnail","6":"product_cat-furniture","7":"product_cat-design-en","9":"first","10":"instock","11":"taxable","12":"shipping-taxable","13":"product-type-simple"},"yoast_head":"<!-- This site is optimized with the Yoast SEO plugin v26.9 - https:\/\/yoast.com\/product\/yoast-seo-wordpress\/ -->\n<title>Baby wardrobe Design - Th\u00e9ophile et Patachou<\/title>\n<meta name=\"description\" content=\"Armoire Design pour la chambre de b\u00e9b\u00e9: L\u2019indispensable pour ranger tous les v\u00eatements de votre b\u00e9b\u00e9 et cr\u00e9er la chambre de vos r\u00eaves.\" \/>\n<meta name=\"robots\" content=\"index, follow, max-snippet:-1, max-image-preview:large, max-video-preview:-1\" \/>\n<link rel=\"canonical\" href=\"https:\/\/shop.theophile-patachou.com\/en\/product\/baby-wardrobe-design\/\" \/>\n<meta property=\"og:locale\" content=\"en_US\" \/>\n<meta property=\"og:type\" content=\"article\" \/>\n<meta property=\"og:title\" content=\"Baby wardrobe Design - Th\u00e9ophile et Patachou\" \/>\n<meta property=\"og:description\" content=\"Armoire Design pour la chambre de b\u00e9b\u00e9: L\u2019indispensable pour ranger tous les v\u00eatements de votre b\u00e9b\u00e9 et cr\u00e9er la chambre de vos r\u00eaves.\" \/>\n<meta property=\"og:url\" content=\"https:\/\/shop.theophile-patachou.com\/en\/product\/baby-wardrobe-design\/\" \/>\n<meta property=\"og:site_name\" content=\"Th\u00e9ophile et Patachou\" \/>\n<meta property=\"article:publisher\" content=\"https:\/\/www.facebook.com\/Th%c3%a9ophile-Patachou-197829346970085\/\" \/>\n<meta property=\"article:modified_time\" content=\"2022-01-30T13:33:03+00:00\" \/>\n<meta property=\"og:image\" content=\"https:\/\/shop.theophile-patachou.com\/wp-content\/uploads\/2018\/08\/TPJZ2_5020.jpg\" \/>\n\t<meta property=\"og:image:width\" content=\"1200\" \/>\n\t<meta property=\"og:image:height\" content=\"1200\" \/>\n\t<meta property=\"og:image:type\" content=\"image\/jpeg\" \/>\n<meta name=\"twitter:card\" content=\"summary_large_image\" \/>\n<meta name=\"twitter:site\" content=\"@TPBelgium\" \/>\n<script type=\"application\/ld+json\" class=\"yoast-schema-graph\">{\"@context\":\"https:\/\/schema.org\",\"@graph\":[{\"@type\":\"WebPage\",\"@id\":\"https:\/\/shop.theophile-patachou.com\/en\/product\/baby-wardrobe-design\/\",\"url\":\"https:\/\/shop.theophile-patachou.com\/en\/product\/baby-wardrobe-design\/\",\"name\":\"Baby wardrobe Design - Th\u00e9ophile et Patachou\",\"isPartOf\":{\"@id\":\"https:\/\/shop.theophile-patachou.com\/en\/#website\"},\"primaryImageOfPage\":{\"@id\":\"https:\/\/shop.theophile-patachou.com\/en\/product\/baby-wardrobe-design\/#primaryimage\"},\"image\":{\"@id\":\"https:\/\/shop.theophile-patachou.com\/en\/product\/baby-wardrobe-design\/#primaryimage\"},\"thumbnailUrl\":\"https:\/\/shop.theophile-patachou.com\/wp-content\/uploads\/2018\/08\/TPJZ2_5020.jpg\",\"datePublished\":\"2019-03-13T13:00:37+00:00\",\"dateModified\":\"2022-01-30T13:33:03+00:00\",\"description\":\"Armoire Design pour la chambre de b\u00e9b\u00e9: L\u2019indispensable pour ranger tous les v\u00eatements de votre b\u00e9b\u00e9 et cr\u00e9er la chambre de vos r\u00eaves.\",\"breadcrumb\":{\"@id\":\"https:\/\/shop.theophile-patachou.com\/en\/product\/baby-wardrobe-design\/#breadcrumb\"},\"inLanguage\":\"en-US\",\"potentialAction\":[{\"@type\":\"ReadAction\",\"target\":[\"https:\/\/shop.theophile-patachou.com\/en\/product\/baby-wardrobe-design\/\"]}]},{\"@type\":\"ImageObject\",\"inLanguage\":\"en-US\",\"@id\":\"https:\/\/shop.theophile-patachou.com\/en\/product\/baby-wardrobe-design\/#primaryimage\",\"url\":\"https:\/\/shop.theophile-patachou.com\/wp-content\/uploads\/2018\/08\/TPJZ2_5020.jpg\",\"contentUrl\":\"https:\/\/shop.theophile-patachou.com\/wp-content\/uploads\/2018\/08\/TPJZ2_5020.jpg\",\"width\":1200,\"height\":1200},{\"@type\":\"BreadcrumbList\",\"@id\":\"https:\/\/shop.theophile-patachou.com\/en\/product\/baby-wardrobe-design\/#breadcrumb\",\"itemListElement\":[{\"@type\":\"ListItem\",\"position\":1,\"name\":\"Accueil\",\"item\":\"https:\/\/shop.theophile-patachou.com\/en\/\"},{\"@type\":\"ListItem\",\"position\":2,\"name\":\"Products\",\"item\":\"https:\/\/shop.theophile-patachou.com\/en\/shop\/\"},{\"@type\":\"ListItem\",\"position\":3,\"name\":\"Baby wardrobe Design\"}]},{\"@type\":\"WebSite\",\"@id\":\"https:\/\/shop.theophile-patachou.com\/en\/#website\",\"url\":\"https:\/\/shop.theophile-patachou.com\/en\/\",\"name\":\"Th\u00e9ophile et Patachou\",\"description\":\"Mobilier &amp; accessoires pour b\u00e9b\u00e9\",\"publisher\":{\"@id\":\"https:\/\/shop.theophile-patachou.com\/en\/#organization\"},\"potentialAction\":[{\"@type\":\"SearchAction\",\"target\":{\"@type\":\"EntryPoint\",\"urlTemplate\":\"https:\/\/shop.theophile-patachou.com\/en\/?s={search_term_string}\"},\"query-input\":{\"@type\":\"PropertyValueSpecification\",\"valueRequired\":true,\"valueName\":\"search_term_string\"}}],\"inLanguage\":\"en-US\"},{\"@type\":\"Organization\",\"@id\":\"https:\/\/shop.theophile-patachou.com\/en\/#organization\",\"name\":\"Th\u00e9ophile & Patachou\",\"url\":\"https:\/\/shop.theophile-patachou.com\/en\/\",\"logo\":{\"@type\":\"ImageObject\",\"inLanguage\":\"en-US\",\"@id\":\"https:\/\/shop.theophile-patachou.com\/en\/#\/schema\/logo\/image\/\",\"url\":\"https:\/\/shop.theophile-patachou.com\/wp-content\/uploads\/2014\/12\/site-login-logo.png\",\"contentUrl\":\"https:\/\/shop.theophile-patachou.com\/wp-content\/uploads\/2014\/12\/site-login-logo.png\",\"width\":300,\"height\":150,\"caption\":\"Th\u00e9ophile & Patachou\"},\"image\":{\"@id\":\"https:\/\/shop.theophile-patachou.com\/en\/#\/schema\/logo\/image\/\"},\"sameAs\":[\"https:\/\/www.facebook.com\/Th\u00e9ophile-Patachou-197829346970085\/\",\"https:\/\/x.com\/TPBelgium\",\"https:\/\/instagram.com\/theophile_patachou\/\",\"https:\/\/www.pinterest.com\/ThPat\/\"]}]}<\/script>\n<!-- \/ Yoast SEO plugin. -->","yoast_head_json":{"title":"Baby wardrobe Design - Th\u00e9ophile et Patachou","description":"Armoire Design pour la chambre de b\u00e9b\u00e9: L\u2019indispensable pour ranger tous les v\u00eatements de votre b\u00e9b\u00e9 et cr\u00e9er la chambre de vos r\u00eaves.","robots":{"index":"index","follow":"follow","max-snippet":"max-snippet:-1","max-image-preview":"max-image-preview:large","max-video-preview":"max-video-preview:-1"},"canonical":"https:\/\/shop.theophile-patachou.com\/en\/product\/baby-wardrobe-design\/","og_locale":"en_US","og_type":"article","og_title":"Baby wardrobe Design - Th\u00e9ophile et Patachou","og_description":"Armoire Design pour la chambre de b\u00e9b\u00e9: L\u2019indispensable pour ranger tous les v\u00eatements de votre b\u00e9b\u00e9 et cr\u00e9er la chambre de vos r\u00eaves.","og_url":"https:\/\/shop.theophile-patachou.com\/en\/product\/baby-wardrobe-design\/","og_site_name":"Th\u00e9ophile et Patachou","article_publisher":"https:\/\/www.facebook.com\/Th%c3%a9ophile-Patachou-197829346970085\/","article_modified_time":"2022-01-30T13:33:03+00:00","og_image":[{"width":1200,"height":1200,"url":"https:\/\/shop.theophile-patachou.com\/wp-content\/uploads\/2018\/08\/TPJZ2_5020.jpg","type":"image\/jpeg"}],"twitter_card":"summary_large_image","twitter_site":"@TPBelgium","schema":{"@context":"https:\/\/schema.org","@graph":[{"@type":"WebPage","@id":"https:\/\/shop.theophile-patachou.com\/en\/product\/baby-wardrobe-design\/","url":"https:\/\/shop.theophile-patachou.com\/en\/product\/baby-wardrobe-design\/","name":"Baby wardrobe Design - Th\u00e9ophile et Patachou","isPartOf":{"@id":"https:\/\/shop.theophile-patachou.com\/en\/#website"},"primaryImageOfPage":{"@id":"https:\/\/shop.theophile-patachou.com\/en\/product\/baby-wardrobe-design\/#primaryimage"},"image":{"@id":"https:\/\/shop.theophile-patachou.com\/en\/product\/baby-wardrobe-design\/#primaryimage"},"thumbnailUrl":"https:\/\/shop.theophile-patachou.com\/wp-content\/uploads\/2018\/08\/TPJZ2_5020.jpg","datePublished":"2019-03-13T13:00:37+00:00","dateModified":"2022-01-30T13:33:03+00:00","description":"Armoire Design pour la chambre de b\u00e9b\u00e9: L\u2019indispensable pour ranger tous les v\u00eatements de votre b\u00e9b\u00e9 et cr\u00e9er la chambre de vos r\u00eaves.","breadcrumb":{"@id":"https:\/\/shop.theophile-patachou.com\/en\/product\/baby-wardrobe-design\/#breadcrumb"},"inLanguage":"en-US","potentialAction":[{"@type":"ReadAction","target":["https:\/\/shop.theophile-patachou.com\/en\/product\/baby-wardrobe-design\/"]}]},{"@type":"ImageObject","inLanguage":"en-US","@id":"https:\/\/shop.theophile-patachou.com\/en\/product\/baby-wardrobe-design\/#primaryimage","url":"https:\/\/shop.theophile-patachou.com\/wp-content\/uploads\/2018\/08\/TPJZ2_5020.jpg","contentUrl":"https:\/\/shop.theophile-patachou.com\/wp-content\/uploads\/2018\/08\/TPJZ2_5020.jpg","width":1200,"height":1200},{"@type":"BreadcrumbList","@id":"https:\/\/shop.theophile-patachou.com\/en\/product\/baby-wardrobe-design\/#breadcrumb","itemListElement":[{"@type":"ListItem","position":1,"name":"Accueil","item":"https:\/\/shop.theophile-patachou.com\/en\/"},{"@type":"ListItem","position":2,"name":"Products","item":"https:\/\/shop.theophile-patachou.com\/en\/shop\/"},{"@type":"ListItem","position":3,"name":"Baby wardrobe Design"}]},{"@type":"WebSite","@id":"https:\/\/shop.theophile-patachou.com\/en\/#website","url":"https:\/\/shop.theophile-patachou.com\/en\/","name":"Th\u00e9ophile et Patachou","description":"Mobilier &amp; accessoires pour b\u00e9b\u00e9","publisher":{"@id":"https:\/\/shop.theophile-patachou.com\/en\/#organization"},"potentialAction":[{"@type":"SearchAction","target":{"@type":"EntryPoint","urlTemplate":"https:\/\/shop.theophile-patachou.com\/en\/?s={search_term_string}"},"query-input":{"@type":"PropertyValueSpecification","valueRequired":true,"valueName":"search_term_string"}}],"inLanguage":"en-US"},{"@type":"Organization","@id":"https:\/\/shop.theophile-patachou.com\/en\/#organization","name":"Th\u00e9ophile & Patachou","url":"https:\/\/shop.theophile-patachou.com\/en\/","logo":{"@type":"ImageObject","inLanguage":"en-US","@id":"https:\/\/shop.theophile-patachou.com\/en\/#\/schema\/logo\/image\/","url":"https:\/\/shop.theophile-patachou.com\/wp-content\/uploads\/2014\/12\/site-login-logo.png","contentUrl":"https:\/\/shop.theophile-patachou.com\/wp-content\/uploads\/2014\/12\/site-login-logo.png","width":300,"height":150,"caption":"Th\u00e9ophile & Patachou"},"image":{"@id":"https:\/\/shop.theophile-patachou.com\/en\/#\/schema\/logo\/image\/"},"sameAs":["https:\/\/www.facebook.com\/Th\u00e9ophile-Patachou-197829346970085\/","https:\/\/x.com\/TPBelgium","https:\/\/instagram.com\/theophile_patachou\/","https:\/\/www.pinterest.com\/ThPat\/"]}]}},"_links":{"self":[{"href":"https:\/\/shop.theophile-patachou.com\/en\/wp-json\/wp\/v2\/product\/37288","targetHints":{"allow":["GET"]}}],"collection":[{"href":"https:\/\/shop.theophile-patachou.com\/en\/wp-json\/wp\/v2\/product"}],"about":[{"href":"https:\/\/shop.theophile-patachou.com\/en\/wp-json\/wp\/v2\/types\/product"}],"wp:featuredmedia":[{"embeddable":true,"href":"https:\/\/shop.theophile-patachou.com\/en\/wp-json\/wp\/v2\/media\/73032"}],"wp:attachment":[{"href":"https:\/\/shop.theophile-patachou.com\/en\/wp-json\/wp\/v2\/media?parent=37288"}],"wp:term":[{"taxonomy":"product_brand","embeddable":true,"href":"https:\/\/shop.theophile-patachou.com\/en\/wp-json\/wp\/v2\/product_brand?post=37288"},{"taxonomy":"product_cat","embeddable":true,"href":"https:\/\/shop.theophile-patachou.com\/en\/wp-json\/wp\/v2\/product_cat?post=37288"},{"taxonomy":"product_tag","embeddable":true,"href":"https:\/\/shop.theophile-patachou.com\/en\/wp-json\/wp\/v2\/product_tag?post=37288"}],"curies":[{"name":"wp","href":"https:\/\/api.w.org\/{rel}","templated":true}]}}