{"id":49211,"date":"2020-08-19T16:26:33","date_gmt":"2020-08-19T15:26:34","guid":{"rendered":"https:\/\/shop.theophile-patachou.com\/?post_type=product&#038;p=49211"},"modified":"2025-10-02T10:37:23","modified_gmt":"2025-10-02T09:37:23","slug":"wicker-moises-and-cover-faux-fur","status":"publish","type":"product","link":"https:\/\/shop.theophile-patachou.com\/en\/product\/wicker-moises-and-cover-faux-fur\/","title":{"rendered":"Wicker Moses and cover faux-fur"},"content":{"rendered":"<p>Wicker Moses basket for baby, with Faux-fur Beige cover and mattress.<\/p>\n<p>Reassuring and comforting, the T&amp;P Wicker Moses basket with its Faux-fur beige cover is a real little cocoon of softness for your baby. Its mobility allows parents to carry their child with ease, without disturbing his sleep.<br \/>\nPerfect as a cot bed during the first months. This wicker Moses basket will bring a modern, elegant touch to your home and keep baby safe.<\/p>\n<p>Supplied with mattress and beige faux-fur cover. The Hooded sleeping bag and the <a href=\"https:\/\/shop.theophile-patachou.com\/en\/product\/cradle-fitted-sheet-2\/\">mattress cover sheet<\/a> are sold separately.<br \/>\nCan be placed on a <a href=\"https:\/\/shop.theophile-patachou.com\/en\/?post_type=product&#038;p=37637\">perfectly adapted base<\/a>\u00a0(sold separately).<br \/>\nFor use from birth to 6 months.<\/p>\n<p>The dimensions of the basket are: 30 x 75 x 25 cm.<\/p>\n<p>Th\u00e9ophile &amp; Patachou is a Belgian brand that supplies top-of-the-range, quality products.<\/p>\n","protected":false},"excerpt":{"rendered":"<p class=\"p1\"><span class=\"s1\">Wicker Moses Basket and beige faux-fur cover <\/span><span class=\"s1\">with mattress included.<\/span><\/p>\n<p>Dimension: 30 cm x 75 cm x 25 cm<\/p>\n<p>The canopy, the sleeping bag and the cradle fitted sheet are sold separately.<\/p>\n","protected":false},"featured_media":75277,"template":"","meta":[],"product_brand":[],"product_cat":[1283,1234,443,1379,461,465],"product_tag":[477],"class_list":{"0":"post-49211","1":"product","2":"type-product","3":"status-publish","4":"has-post-thumbnail","6":"product_cat-wicker-moises","7":"product_cat-furniture","8":"product_cat-collections-en","9":"product_cat-safari-en","10":"product_cat-products","11":"product_cat-room-decoration","12":"product_tag-bedding","14":"first","15":"instock","16":"taxable","17":"shipping-taxable","18":"purchasable","19":"product-type-simple"},"yoast_head":"<!-- This site is optimized with the Yoast SEO plugin v26.9 - https:\/\/yoast.com\/product\/yoast-seo-wordpress\/ -->\n<title>Wicker Moses Basket and Faux-fur Beige cover - Th\u00e9ophile et Patachou<\/title>\n<meta name=\"description\" content=\"Give your baby a cocoon of peace with our Wicker Moses basket with faux-fur beige cover. The perfect cot bed for baby&#039;s first months.\" \/>\n<meta name=\"robots\" content=\"index, follow, max-snippet:-1, max-image-preview:large, max-video-preview:-1\" \/>\n<link rel=\"canonical\" href=\"https:\/\/shop.theophile-patachou.com\/en\/product\/wicker-moises-and-cover-faux-fur\/\" \/>\n<meta property=\"og:locale\" content=\"en_US\" \/>\n<meta property=\"og:type\" content=\"article\" \/>\n<meta property=\"og:title\" content=\"Wicker Moses Basket and Faux-fur Beige cover - Th\u00e9ophile et Patachou\" \/>\n<meta property=\"og:description\" content=\"Give your baby a cocoon of peace with our Wicker Moses basket with faux-fur beige cover. The perfect cot bed for baby&#039;s first months.\" \/>\n<meta property=\"og:url\" content=\"https:\/\/shop.theophile-patachou.com\/en\/product\/wicker-moises-and-cover-faux-fur\/\" \/>\n<meta property=\"og:site_name\" content=\"Th\u00e9ophile et Patachou\" \/>\n<meta property=\"article:publisher\" content=\"https:\/\/www.facebook.com\/Th%c3%a9ophile-Patachou-197829346970085\/\" \/>\n<meta property=\"article:modified_time\" content=\"2025-10-02T09:37:23+00:00\" \/>\n<meta property=\"og:image\" content=\"https:\/\/shop.theophile-patachou.com\/wp-content\/uploads\/2020\/08\/Z9D_5507-1024x1024.jpg\" \/>\n\t<meta property=\"og:image:width\" content=\"1024\" \/>\n\t<meta property=\"og:image:height\" content=\"1024\" \/>\n\t<meta property=\"og:image:type\" content=\"image\/jpeg\" \/>\n<meta name=\"twitter:card\" content=\"summary_large_image\" \/>\n<meta name=\"twitter:site\" content=\"@TPBelgium\" \/>\n<meta name=\"twitter:label1\" content=\"Est. reading time\" \/>\n\t<meta name=\"twitter:data1\" content=\"1 minute\" \/>\n<script type=\"application\/ld+json\" class=\"yoast-schema-graph\">{\"@context\":\"https:\/\/schema.org\",\"@graph\":[{\"@type\":\"WebPage\",\"@id\":\"https:\/\/shop.theophile-patachou.com\/en\/product\/wicker-moises-and-cover-faux-fur\/\",\"url\":\"https:\/\/shop.theophile-patachou.com\/en\/product\/wicker-moises-and-cover-faux-fur\/\",\"name\":\"Wicker Moses Basket and Faux-fur Beige cover - Th\u00e9ophile et Patachou\",\"isPartOf\":{\"@id\":\"https:\/\/shop.theophile-patachou.com\/en\/#website\"},\"primaryImageOfPage\":{\"@id\":\"https:\/\/shop.theophile-patachou.com\/en\/product\/wicker-moises-and-cover-faux-fur\/#primaryimage\"},\"image\":{\"@id\":\"https:\/\/shop.theophile-patachou.com\/en\/product\/wicker-moises-and-cover-faux-fur\/#primaryimage\"},\"thumbnailUrl\":\"https:\/\/shop.theophile-patachou.com\/wp-content\/uploads\/2020\/08\/Z9D_5507.jpg\",\"datePublished\":\"2020-08-19T15:26:34+00:00\",\"dateModified\":\"2025-10-02T09:37:23+00:00\",\"description\":\"Give your baby a cocoon of peace with our Wicker Moses basket with faux-fur beige cover. The perfect cot bed for baby's first months.\",\"breadcrumb\":{\"@id\":\"https:\/\/shop.theophile-patachou.com\/en\/product\/wicker-moises-and-cover-faux-fur\/#breadcrumb\"},\"inLanguage\":\"en-US\",\"potentialAction\":[{\"@type\":\"ReadAction\",\"target\":[\"https:\/\/shop.theophile-patachou.com\/en\/product\/wicker-moises-and-cover-faux-fur\/\"]}]},{\"@type\":\"ImageObject\",\"inLanguage\":\"en-US\",\"@id\":\"https:\/\/shop.theophile-patachou.com\/en\/product\/wicker-moises-and-cover-faux-fur\/#primaryimage\",\"url\":\"https:\/\/shop.theophile-patachou.com\/wp-content\/uploads\/2020\/08\/Z9D_5507.jpg\",\"contentUrl\":\"https:\/\/shop.theophile-patachou.com\/wp-content\/uploads\/2020\/08\/Z9D_5507.jpg\",\"width\":2000,\"height\":2000},{\"@type\":\"BreadcrumbList\",\"@id\":\"https:\/\/shop.theophile-patachou.com\/en\/product\/wicker-moises-and-cover-faux-fur\/#breadcrumb\",\"itemListElement\":[{\"@type\":\"ListItem\",\"position\":1,\"name\":\"Accueil\",\"item\":\"https:\/\/shop.theophile-patachou.com\/en\/\"},{\"@type\":\"ListItem\",\"position\":2,\"name\":\"Products\",\"item\":\"https:\/\/shop.theophile-patachou.com\/en\/shop\/\"},{\"@type\":\"ListItem\",\"position\":3,\"name\":\"Wicker Moses and cover faux-fur\"}]},{\"@type\":\"WebSite\",\"@id\":\"https:\/\/shop.theophile-patachou.com\/en\/#website\",\"url\":\"https:\/\/shop.theophile-patachou.com\/en\/\",\"name\":\"Th\u00e9ophile et Patachou\",\"description\":\"Mobilier &amp; accessoires pour b\u00e9b\u00e9\",\"publisher\":{\"@id\":\"https:\/\/shop.theophile-patachou.com\/en\/#organization\"},\"potentialAction\":[{\"@type\":\"SearchAction\",\"target\":{\"@type\":\"EntryPoint\",\"urlTemplate\":\"https:\/\/shop.theophile-patachou.com\/en\/?s={search_term_string}\"},\"query-input\":{\"@type\":\"PropertyValueSpecification\",\"valueRequired\":true,\"valueName\":\"search_term_string\"}}],\"inLanguage\":\"en-US\"},{\"@type\":\"Organization\",\"@id\":\"https:\/\/shop.theophile-patachou.com\/en\/#organization\",\"name\":\"Th\u00e9ophile & Patachou\",\"url\":\"https:\/\/shop.theophile-patachou.com\/en\/\",\"logo\":{\"@type\":\"ImageObject\",\"inLanguage\":\"en-US\",\"@id\":\"https:\/\/shop.theophile-patachou.com\/en\/#\/schema\/logo\/image\/\",\"url\":\"https:\/\/shop.theophile-patachou.com\/wp-content\/uploads\/2014\/12\/site-login-logo.png\",\"contentUrl\":\"https:\/\/shop.theophile-patachou.com\/wp-content\/uploads\/2014\/12\/site-login-logo.png\",\"width\":300,\"height\":150,\"caption\":\"Th\u00e9ophile & Patachou\"},\"image\":{\"@id\":\"https:\/\/shop.theophile-patachou.com\/en\/#\/schema\/logo\/image\/\"},\"sameAs\":[\"https:\/\/www.facebook.com\/Th\u00e9ophile-Patachou-197829346970085\/\",\"https:\/\/x.com\/TPBelgium\",\"https:\/\/instagram.com\/theophile_patachou\/\",\"https:\/\/www.pinterest.com\/ThPat\/\"]}]}<\/script>\n<!-- \/ Yoast SEO plugin. -->","yoast_head_json":{"title":"Wicker Moses Basket and Faux-fur Beige cover - Th\u00e9ophile et Patachou","description":"Give your baby a cocoon of peace with our Wicker Moses basket with faux-fur beige cover. The perfect cot bed for baby's first months.","robots":{"index":"index","follow":"follow","max-snippet":"max-snippet:-1","max-image-preview":"max-image-preview:large","max-video-preview":"max-video-preview:-1"},"canonical":"https:\/\/shop.theophile-patachou.com\/en\/product\/wicker-moises-and-cover-faux-fur\/","og_locale":"en_US","og_type":"article","og_title":"Wicker Moses Basket and Faux-fur Beige cover - Th\u00e9ophile et Patachou","og_description":"Give your baby a cocoon of peace with our Wicker Moses basket with faux-fur beige cover. The perfect cot bed for baby's first months.","og_url":"https:\/\/shop.theophile-patachou.com\/en\/product\/wicker-moises-and-cover-faux-fur\/","og_site_name":"Th\u00e9ophile et Patachou","article_publisher":"https:\/\/www.facebook.com\/Th%c3%a9ophile-Patachou-197829346970085\/","article_modified_time":"2025-10-02T09:37:23+00:00","og_image":[{"width":1024,"height":1024,"url":"https:\/\/shop.theophile-patachou.com\/wp-content\/uploads\/2020\/08\/Z9D_5507-1024x1024.jpg","type":"image\/jpeg"}],"twitter_card":"summary_large_image","twitter_site":"@TPBelgium","twitter_misc":{"Est. reading time":"1 minute"},"schema":{"@context":"https:\/\/schema.org","@graph":[{"@type":"WebPage","@id":"https:\/\/shop.theophile-patachou.com\/en\/product\/wicker-moises-and-cover-faux-fur\/","url":"https:\/\/shop.theophile-patachou.com\/en\/product\/wicker-moises-and-cover-faux-fur\/","name":"Wicker Moses Basket and Faux-fur Beige cover - Th\u00e9ophile et Patachou","isPartOf":{"@id":"https:\/\/shop.theophile-patachou.com\/en\/#website"},"primaryImageOfPage":{"@id":"https:\/\/shop.theophile-patachou.com\/en\/product\/wicker-moises-and-cover-faux-fur\/#primaryimage"},"image":{"@id":"https:\/\/shop.theophile-patachou.com\/en\/product\/wicker-moises-and-cover-faux-fur\/#primaryimage"},"thumbnailUrl":"https:\/\/shop.theophile-patachou.com\/wp-content\/uploads\/2020\/08\/Z9D_5507.jpg","datePublished":"2020-08-19T15:26:34+00:00","dateModified":"2025-10-02T09:37:23+00:00","description":"Give your baby a cocoon of peace with our Wicker Moses basket with faux-fur beige cover. The perfect cot bed for baby's first months.","breadcrumb":{"@id":"https:\/\/shop.theophile-patachou.com\/en\/product\/wicker-moises-and-cover-faux-fur\/#breadcrumb"},"inLanguage":"en-US","potentialAction":[{"@type":"ReadAction","target":["https:\/\/shop.theophile-patachou.com\/en\/product\/wicker-moises-and-cover-faux-fur\/"]}]},{"@type":"ImageObject","inLanguage":"en-US","@id":"https:\/\/shop.theophile-patachou.com\/en\/product\/wicker-moises-and-cover-faux-fur\/#primaryimage","url":"https:\/\/shop.theophile-patachou.com\/wp-content\/uploads\/2020\/08\/Z9D_5507.jpg","contentUrl":"https:\/\/shop.theophile-patachou.com\/wp-content\/uploads\/2020\/08\/Z9D_5507.jpg","width":2000,"height":2000},{"@type":"BreadcrumbList","@id":"https:\/\/shop.theophile-patachou.com\/en\/product\/wicker-moises-and-cover-faux-fur\/#breadcrumb","itemListElement":[{"@type":"ListItem","position":1,"name":"Accueil","item":"https:\/\/shop.theophile-patachou.com\/en\/"},{"@type":"ListItem","position":2,"name":"Products","item":"https:\/\/shop.theophile-patachou.com\/en\/shop\/"},{"@type":"ListItem","position":3,"name":"Wicker Moses and cover faux-fur"}]},{"@type":"WebSite","@id":"https:\/\/shop.theophile-patachou.com\/en\/#website","url":"https:\/\/shop.theophile-patachou.com\/en\/","name":"Th\u00e9ophile et Patachou","description":"Mobilier &amp; accessoires pour b\u00e9b\u00e9","publisher":{"@id":"https:\/\/shop.theophile-patachou.com\/en\/#organization"},"potentialAction":[{"@type":"SearchAction","target":{"@type":"EntryPoint","urlTemplate":"https:\/\/shop.theophile-patachou.com\/en\/?s={search_term_string}"},"query-input":{"@type":"PropertyValueSpecification","valueRequired":true,"valueName":"search_term_string"}}],"inLanguage":"en-US"},{"@type":"Organization","@id":"https:\/\/shop.theophile-patachou.com\/en\/#organization","name":"Th\u00e9ophile & Patachou","url":"https:\/\/shop.theophile-patachou.com\/en\/","logo":{"@type":"ImageObject","inLanguage":"en-US","@id":"https:\/\/shop.theophile-patachou.com\/en\/#\/schema\/logo\/image\/","url":"https:\/\/shop.theophile-patachou.com\/wp-content\/uploads\/2014\/12\/site-login-logo.png","contentUrl":"https:\/\/shop.theophile-patachou.com\/wp-content\/uploads\/2014\/12\/site-login-logo.png","width":300,"height":150,"caption":"Th\u00e9ophile & Patachou"},"image":{"@id":"https:\/\/shop.theophile-patachou.com\/en\/#\/schema\/logo\/image\/"},"sameAs":["https:\/\/www.facebook.com\/Th\u00e9ophile-Patachou-197829346970085\/","https:\/\/x.com\/TPBelgium","https:\/\/instagram.com\/theophile_patachou\/","https:\/\/www.pinterest.com\/ThPat\/"]}]}},"_links":{"self":[{"href":"https:\/\/shop.theophile-patachou.com\/en\/wp-json\/wp\/v2\/product\/49211","targetHints":{"allow":["GET"]}}],"collection":[{"href":"https:\/\/shop.theophile-patachou.com\/en\/wp-json\/wp\/v2\/product"}],"about":[{"href":"https:\/\/shop.theophile-patachou.com\/en\/wp-json\/wp\/v2\/types\/product"}],"wp:featuredmedia":[{"embeddable":true,"href":"https:\/\/shop.theophile-patachou.com\/en\/wp-json\/wp\/v2\/media\/75277"}],"wp:attachment":[{"href":"https:\/\/shop.theophile-patachou.com\/en\/wp-json\/wp\/v2\/media?parent=49211"}],"wp:term":[{"taxonomy":"product_brand","embeddable":true,"href":"https:\/\/shop.theophile-patachou.com\/en\/wp-json\/wp\/v2\/product_brand?post=49211"},{"taxonomy":"product_cat","embeddable":true,"href":"https:\/\/shop.theophile-patachou.com\/en\/wp-json\/wp\/v2\/product_cat?post=49211"},{"taxonomy":"product_tag","embeddable":true,"href":"https:\/\/shop.theophile-patachou.com\/en\/wp-json\/wp\/v2\/product_tag?post=49211"}],"curies":[{"name":"wp","href":"https:\/\/api.w.org\/{rel}","templated":true}]}}