{"id":54748,"date":"2021-02-04T15:56:06","date_gmt":"2021-02-04T14:56:07","guid":{"rendered":"https:\/\/shop.theophile-patachou.com\/?post_type=product&#038;p=54748"},"modified":"2024-01-21T18:04:13","modified_gmt":"2024-01-21T17:04:13","slug":"wicker-moses-and-cover-with-natural-fringes","status":"publish","type":"product","link":"https:\/\/shop.theophile-patachou.com\/en\/product\/wicker-moses-and-cover-with-natural-fringes\/","title":{"rendered":"Wicker Moses and cover with natural fringes"},"content":{"rendered":"<p>Wicker Moses basket for baby, with embossed natural fringes and mattress.<\/p>\n<p>Reassuring and comforting, the T&amp;P baby carrier with white fringes is a real little cocoon of softness for your baby. Its mobility allows parents to carry their child with ease, without disturbing his sleep.<br \/>\nPerfect as a cot bed during the first months. This wicker Moses basket will bring a modern, natural touch to your home and keep baby safe.<\/p>\n<p>Supplied with mattress and white embossed cover. The <a href=\"https:\/\/shop.theophile-patachou.com\/en\/product\/hooded-sleeping-bag-for-wicker-moises\/\">Hooded sleeping bag<\/a> and the <a href=\"https:\/\/shop.theophile-patachou.com\/en\/product\/cradle-fitted-sheet-2\/\">mattress cover sheet<\/a> are sold separately.<br \/>\nCan be placed on a <a href=\"https:\/\/shop.theophile-patachou.com\/en\/?post_type=product&#038;p=37637\">perfectly adapted support<\/a> (sold separately).<br \/>\nFor use from birth to 6 months.<\/p>\n<p>The dimensions of the basket are: 30 x 75 x 25 cm.<\/p>\n<p>Th\u00e9ophile &amp; Patachou is a Belgian brand that supplies top-of-the-range, quality products.<\/p>\n","protected":false},"excerpt":{"rendered":"<p class=\"p1\"><span class=\"s1\">Wicker Moses and cover padded with natural fringes, mattress included.<\/span><\/p>\n<p>Dimension: 30 cm x 75 cm x 25 cm<\/p>\n<p>The sleeping bag and the cradle fitted sheet\u00a0are sold separately.<br \/>\nA base can be bought separately.<\/p>\n<p>Perfect from birth up to 6 months.<\/p>\n","protected":false},"featured_media":54746,"template":"","meta":[],"product_brand":[],"product_cat":[1283,1234,443,1379,461,465],"product_tag":[477],"class_list":{"0":"post-54748","1":"product","2":"type-product","3":"status-publish","4":"has-post-thumbnail","6":"product_cat-wicker-moises","7":"product_cat-furniture","8":"product_cat-collections-en","9":"product_cat-safari-en","10":"product_cat-products","11":"product_cat-room-decoration","12":"product_tag-bedding","14":"first","15":"instock","16":"taxable","17":"shipping-taxable","18":"purchasable","19":"product-type-simple"},"yoast_head":"<!-- This site is optimized with the Yoast SEO plugin v26.9 - https:\/\/yoast.com\/product\/yoast-seo-wordpress\/ -->\n<title>Wicker moses basket with natural fringes cover - Th\u00e9ophile et Patachou<\/title>\n<meta name=\"description\" content=\"Give your baby a cocoon of peace with our Wicker moses basket with natural fringes. The perfect cot bed for baby&#039;s first months.\" \/>\n<meta name=\"robots\" content=\"index, follow, max-snippet:-1, max-image-preview:large, max-video-preview:-1\" \/>\n<link rel=\"canonical\" href=\"https:\/\/shop.theophile-patachou.com\/en\/product\/wicker-moses-and-cover-with-natural-fringes\/\" \/>\n<meta property=\"og:locale\" content=\"en_US\" \/>\n<meta property=\"og:type\" content=\"article\" \/>\n<meta property=\"og:title\" content=\"Wicker moses basket with natural fringes cover - Th\u00e9ophile et Patachou\" \/>\n<meta property=\"og:description\" content=\"Give your baby a cocoon of peace with our Wicker moses basket with natural fringes. The perfect cot bed for baby&#039;s first months.\" \/>\n<meta property=\"og:url\" content=\"https:\/\/shop.theophile-patachou.com\/en\/product\/wicker-moses-and-cover-with-natural-fringes\/\" \/>\n<meta property=\"og:site_name\" content=\"Th\u00e9ophile et Patachou\" \/>\n<meta property=\"article:publisher\" content=\"https:\/\/www.facebook.com\/Th%c3%a9ophile-Patachou-197829346970085\/\" \/>\n<meta property=\"article:modified_time\" content=\"2024-01-21T17:04:13+00:00\" \/>\n<meta property=\"og:image\" content=\"https:\/\/shop.theophile-patachou.com\/wp-content\/uploads\/2021\/02\/couffin_bebe_elegant_blanc_6-scaled-e1612450302829.jpg\" \/>\n\t<meta property=\"og:image:width\" content=\"1200\" \/>\n\t<meta property=\"og:image:height\" content=\"1200\" \/>\n\t<meta property=\"og:image:type\" content=\"image\/jpeg\" \/>\n<meta name=\"twitter:card\" content=\"summary_large_image\" \/>\n<meta name=\"twitter:site\" content=\"@TPBelgium\" \/>\n<meta name=\"twitter:label1\" content=\"Est. reading time\" \/>\n\t<meta name=\"twitter:data1\" content=\"1 minute\" \/>\n<script type=\"application\/ld+json\" class=\"yoast-schema-graph\">{\"@context\":\"https:\/\/schema.org\",\"@graph\":[{\"@type\":\"WebPage\",\"@id\":\"https:\/\/shop.theophile-patachou.com\/en\/product\/wicker-moses-and-cover-with-natural-fringes\/\",\"url\":\"https:\/\/shop.theophile-patachou.com\/en\/product\/wicker-moses-and-cover-with-natural-fringes\/\",\"name\":\"Wicker moses basket with natural fringes cover - Th\u00e9ophile et Patachou\",\"isPartOf\":{\"@id\":\"https:\/\/shop.theophile-patachou.com\/en\/#website\"},\"primaryImageOfPage\":{\"@id\":\"https:\/\/shop.theophile-patachou.com\/en\/product\/wicker-moses-and-cover-with-natural-fringes\/#primaryimage\"},\"image\":{\"@id\":\"https:\/\/shop.theophile-patachou.com\/en\/product\/wicker-moses-and-cover-with-natural-fringes\/#primaryimage\"},\"thumbnailUrl\":\"https:\/\/shop.theophile-patachou.com\/wp-content\/uploads\/2021\/02\/couffin_bebe_elegant_blanc_6-scaled-e1612450302829.jpg\",\"datePublished\":\"2021-02-04T14:56:07+00:00\",\"dateModified\":\"2024-01-21T17:04:13+00:00\",\"description\":\"Give your baby a cocoon of peace with our Wicker moses basket with natural fringes. The perfect cot bed for baby's first months.\",\"breadcrumb\":{\"@id\":\"https:\/\/shop.theophile-patachou.com\/en\/product\/wicker-moses-and-cover-with-natural-fringes\/#breadcrumb\"},\"inLanguage\":\"en-US\",\"potentialAction\":[{\"@type\":\"ReadAction\",\"target\":[\"https:\/\/shop.theophile-patachou.com\/en\/product\/wicker-moses-and-cover-with-natural-fringes\/\"]}]},{\"@type\":\"ImageObject\",\"inLanguage\":\"en-US\",\"@id\":\"https:\/\/shop.theophile-patachou.com\/en\/product\/wicker-moses-and-cover-with-natural-fringes\/#primaryimage\",\"url\":\"https:\/\/shop.theophile-patachou.com\/wp-content\/uploads\/2021\/02\/couffin_bebe_elegant_blanc_6-scaled-e1612450302829.jpg\",\"contentUrl\":\"https:\/\/shop.theophile-patachou.com\/wp-content\/uploads\/2021\/02\/couffin_bebe_elegant_blanc_6-scaled-e1612450302829.jpg\",\"width\":1200,\"height\":1200,\"caption\":\"Wicker moses basket with natural fringes\"},{\"@type\":\"BreadcrumbList\",\"@id\":\"https:\/\/shop.theophile-patachou.com\/en\/product\/wicker-moses-and-cover-with-natural-fringes\/#breadcrumb\",\"itemListElement\":[{\"@type\":\"ListItem\",\"position\":1,\"name\":\"Accueil\",\"item\":\"https:\/\/shop.theophile-patachou.com\/en\/\"},{\"@type\":\"ListItem\",\"position\":2,\"name\":\"Products\",\"item\":\"https:\/\/shop.theophile-patachou.com\/en\/shop\/\"},{\"@type\":\"ListItem\",\"position\":3,\"name\":\"Wicker Moses and cover with natural fringes\"}]},{\"@type\":\"WebSite\",\"@id\":\"https:\/\/shop.theophile-patachou.com\/en\/#website\",\"url\":\"https:\/\/shop.theophile-patachou.com\/en\/\",\"name\":\"Th\u00e9ophile et Patachou\",\"description\":\"Mobilier &amp; accessoires pour b\u00e9b\u00e9\",\"publisher\":{\"@id\":\"https:\/\/shop.theophile-patachou.com\/en\/#organization\"},\"potentialAction\":[{\"@type\":\"SearchAction\",\"target\":{\"@type\":\"EntryPoint\",\"urlTemplate\":\"https:\/\/shop.theophile-patachou.com\/en\/?s={search_term_string}\"},\"query-input\":{\"@type\":\"PropertyValueSpecification\",\"valueRequired\":true,\"valueName\":\"search_term_string\"}}],\"inLanguage\":\"en-US\"},{\"@type\":\"Organization\",\"@id\":\"https:\/\/shop.theophile-patachou.com\/en\/#organization\",\"name\":\"Th\u00e9ophile & Patachou\",\"url\":\"https:\/\/shop.theophile-patachou.com\/en\/\",\"logo\":{\"@type\":\"ImageObject\",\"inLanguage\":\"en-US\",\"@id\":\"https:\/\/shop.theophile-patachou.com\/en\/#\/schema\/logo\/image\/\",\"url\":\"https:\/\/shop.theophile-patachou.com\/wp-content\/uploads\/2014\/12\/site-login-logo.png\",\"contentUrl\":\"https:\/\/shop.theophile-patachou.com\/wp-content\/uploads\/2014\/12\/site-login-logo.png\",\"width\":300,\"height\":150,\"caption\":\"Th\u00e9ophile & Patachou\"},\"image\":{\"@id\":\"https:\/\/shop.theophile-patachou.com\/en\/#\/schema\/logo\/image\/\"},\"sameAs\":[\"https:\/\/www.facebook.com\/Th\u00e9ophile-Patachou-197829346970085\/\",\"https:\/\/x.com\/TPBelgium\",\"https:\/\/instagram.com\/theophile_patachou\/\",\"https:\/\/www.pinterest.com\/ThPat\/\"]}]}<\/script>\n<!-- \/ Yoast SEO plugin. -->","yoast_head_json":{"title":"Wicker moses basket with natural fringes cover - Th\u00e9ophile et Patachou","description":"Give your baby a cocoon of peace with our Wicker moses basket with natural fringes. The perfect cot bed for baby's first months.","robots":{"index":"index","follow":"follow","max-snippet":"max-snippet:-1","max-image-preview":"max-image-preview:large","max-video-preview":"max-video-preview:-1"},"canonical":"https:\/\/shop.theophile-patachou.com\/en\/product\/wicker-moses-and-cover-with-natural-fringes\/","og_locale":"en_US","og_type":"article","og_title":"Wicker moses basket with natural fringes cover - Th\u00e9ophile et Patachou","og_description":"Give your baby a cocoon of peace with our Wicker moses basket with natural fringes. The perfect cot bed for baby's first months.","og_url":"https:\/\/shop.theophile-patachou.com\/en\/product\/wicker-moses-and-cover-with-natural-fringes\/","og_site_name":"Th\u00e9ophile et Patachou","article_publisher":"https:\/\/www.facebook.com\/Th%c3%a9ophile-Patachou-197829346970085\/","article_modified_time":"2024-01-21T17:04:13+00:00","og_image":[{"width":1200,"height":1200,"url":"https:\/\/shop.theophile-patachou.com\/wp-content\/uploads\/2021\/02\/couffin_bebe_elegant_blanc_6-scaled-e1612450302829.jpg","type":"image\/jpeg"}],"twitter_card":"summary_large_image","twitter_site":"@TPBelgium","twitter_misc":{"Est. reading time":"1 minute"},"schema":{"@context":"https:\/\/schema.org","@graph":[{"@type":"WebPage","@id":"https:\/\/shop.theophile-patachou.com\/en\/product\/wicker-moses-and-cover-with-natural-fringes\/","url":"https:\/\/shop.theophile-patachou.com\/en\/product\/wicker-moses-and-cover-with-natural-fringes\/","name":"Wicker moses basket with natural fringes cover - Th\u00e9ophile et Patachou","isPartOf":{"@id":"https:\/\/shop.theophile-patachou.com\/en\/#website"},"primaryImageOfPage":{"@id":"https:\/\/shop.theophile-patachou.com\/en\/product\/wicker-moses-and-cover-with-natural-fringes\/#primaryimage"},"image":{"@id":"https:\/\/shop.theophile-patachou.com\/en\/product\/wicker-moses-and-cover-with-natural-fringes\/#primaryimage"},"thumbnailUrl":"https:\/\/shop.theophile-patachou.com\/wp-content\/uploads\/2021\/02\/couffin_bebe_elegant_blanc_6-scaled-e1612450302829.jpg","datePublished":"2021-02-04T14:56:07+00:00","dateModified":"2024-01-21T17:04:13+00:00","description":"Give your baby a cocoon of peace with our Wicker moses basket with natural fringes. The perfect cot bed for baby's first months.","breadcrumb":{"@id":"https:\/\/shop.theophile-patachou.com\/en\/product\/wicker-moses-and-cover-with-natural-fringes\/#breadcrumb"},"inLanguage":"en-US","potentialAction":[{"@type":"ReadAction","target":["https:\/\/shop.theophile-patachou.com\/en\/product\/wicker-moses-and-cover-with-natural-fringes\/"]}]},{"@type":"ImageObject","inLanguage":"en-US","@id":"https:\/\/shop.theophile-patachou.com\/en\/product\/wicker-moses-and-cover-with-natural-fringes\/#primaryimage","url":"https:\/\/shop.theophile-patachou.com\/wp-content\/uploads\/2021\/02\/couffin_bebe_elegant_blanc_6-scaled-e1612450302829.jpg","contentUrl":"https:\/\/shop.theophile-patachou.com\/wp-content\/uploads\/2021\/02\/couffin_bebe_elegant_blanc_6-scaled-e1612450302829.jpg","width":1200,"height":1200,"caption":"Wicker moses basket with natural fringes"},{"@type":"BreadcrumbList","@id":"https:\/\/shop.theophile-patachou.com\/en\/product\/wicker-moses-and-cover-with-natural-fringes\/#breadcrumb","itemListElement":[{"@type":"ListItem","position":1,"name":"Accueil","item":"https:\/\/shop.theophile-patachou.com\/en\/"},{"@type":"ListItem","position":2,"name":"Products","item":"https:\/\/shop.theophile-patachou.com\/en\/shop\/"},{"@type":"ListItem","position":3,"name":"Wicker Moses and cover with natural fringes"}]},{"@type":"WebSite","@id":"https:\/\/shop.theophile-patachou.com\/en\/#website","url":"https:\/\/shop.theophile-patachou.com\/en\/","name":"Th\u00e9ophile et Patachou","description":"Mobilier &amp; accessoires pour b\u00e9b\u00e9","publisher":{"@id":"https:\/\/shop.theophile-patachou.com\/en\/#organization"},"potentialAction":[{"@type":"SearchAction","target":{"@type":"EntryPoint","urlTemplate":"https:\/\/shop.theophile-patachou.com\/en\/?s={search_term_string}"},"query-input":{"@type":"PropertyValueSpecification","valueRequired":true,"valueName":"search_term_string"}}],"inLanguage":"en-US"},{"@type":"Organization","@id":"https:\/\/shop.theophile-patachou.com\/en\/#organization","name":"Th\u00e9ophile & Patachou","url":"https:\/\/shop.theophile-patachou.com\/en\/","logo":{"@type":"ImageObject","inLanguage":"en-US","@id":"https:\/\/shop.theophile-patachou.com\/en\/#\/schema\/logo\/image\/","url":"https:\/\/shop.theophile-patachou.com\/wp-content\/uploads\/2014\/12\/site-login-logo.png","contentUrl":"https:\/\/shop.theophile-patachou.com\/wp-content\/uploads\/2014\/12\/site-login-logo.png","width":300,"height":150,"caption":"Th\u00e9ophile & Patachou"},"image":{"@id":"https:\/\/shop.theophile-patachou.com\/en\/#\/schema\/logo\/image\/"},"sameAs":["https:\/\/www.facebook.com\/Th\u00e9ophile-Patachou-197829346970085\/","https:\/\/x.com\/TPBelgium","https:\/\/instagram.com\/theophile_patachou\/","https:\/\/www.pinterest.com\/ThPat\/"]}]}},"_links":{"self":[{"href":"https:\/\/shop.theophile-patachou.com\/en\/wp-json\/wp\/v2\/product\/54748","targetHints":{"allow":["GET"]}}],"collection":[{"href":"https:\/\/shop.theophile-patachou.com\/en\/wp-json\/wp\/v2\/product"}],"about":[{"href":"https:\/\/shop.theophile-patachou.com\/en\/wp-json\/wp\/v2\/types\/product"}],"wp:featuredmedia":[{"embeddable":true,"href":"https:\/\/shop.theophile-patachou.com\/en\/wp-json\/wp\/v2\/media\/54746"}],"wp:attachment":[{"href":"https:\/\/shop.theophile-patachou.com\/en\/wp-json\/wp\/v2\/media?parent=54748"}],"wp:term":[{"taxonomy":"product_brand","embeddable":true,"href":"https:\/\/shop.theophile-patachou.com\/en\/wp-json\/wp\/v2\/product_brand?post=54748"},{"taxonomy":"product_cat","embeddable":true,"href":"https:\/\/shop.theophile-patachou.com\/en\/wp-json\/wp\/v2\/product_cat?post=54748"},{"taxonomy":"product_tag","embeddable":true,"href":"https:\/\/shop.theophile-patachou.com\/en\/wp-json\/wp\/v2\/product_tag?post=54748"}],"curies":[{"name":"wp","href":"https:\/\/api.w.org\/{rel}","templated":true}]}}