{"id":56196,"date":"2021-04-08T10:40:20","date_gmt":"2021-04-08T09:40:20","guid":{"rendered":"https:\/\/shop.theophile-patachou.com\/?post_type=product&#038;p=56196"},"modified":"2023-11-24T14:27:09","modified_gmt":"2023-11-24T13:27:09","slug":"bed-skirt-60-cm-cw","status":"publish","type":"product","link":"https:\/\/shop.theophile-patachou.com\/en\/product\/bed-skirt-60-cm-cw\/","title":{"rendered":"Bed skirt 60 cm"},"content":{"rendered":"<div id=\"ts-acc-2048494063\" class=\"vc_tta-panel vc_active\" data-vc-content=\".vc_tta-panel-body\">\n<div class=\"vc_tta-panel-body\">\n<p>The 60 x 120 cm Cotton White bedskirt will enhance your baby&#8217;s bed. Hides the gap (often unattractive) between the mattress and the floor.<\/p>\n<p>Ideal to add a touch of elegance to the room thanks to its white colour. The Cotton White crib skirt goes very well with the crib sheets and bumper pads from the same collection.<\/p>\n<p>Discover the entire Cotton White collection.<\/p>\n<\/div>\n<\/div>\n<div id=\"ts-acc-1109983193\" class=\"vc_tta-panel\" data-vc-content=\".vc_tta-panel-body\">\n<div class=\"vc_tta-panel-heading\"><\/div>\n<\/div>\n","protected":false},"excerpt":{"rendered":"<h2>Bed skirt for baby bed &#8211; Cotton White<\/h2>\n<p>The <strong>bed skirt<\/strong> 60 X 120 cm will enhance your <strong>baby bed<\/strong> by masking the space (often unattractive) between the mattress and the ground.<br \/>\nCotton White Collection<\/p>\n","protected":false},"featured_media":58607,"template":"","meta":[],"product_brand":[],"product_cat":[443,1398,461,469],"product_tag":[],"class_list":{"0":"post-56196","1":"product","2":"type-product","3":"status-publish","4":"has-post-thumbnail","6":"product_cat-collections-en","7":"product_cat-cotton-white-en","8":"product_cat-products","9":"product_cat-bedding","11":"first","12":"instock","13":"taxable","14":"shipping-taxable","15":"purchasable","16":"product-type-simple"},"yoast_head":"<!-- This site is optimized with the Yoast SEO plugin v26.9 - https:\/\/yoast.com\/product\/yoast-seo-wordpress\/ -->\n<title>Cotton White Bedskirt 60cm - Th\u00e9ophile et Patachou<\/title>\n<meta name=\"description\" content=\"The Cotton White Bedskirt will enhance your baby bed by hiding the space between the mattress and the floor. For bed 60x120cm.\" \/>\n<meta name=\"robots\" content=\"index, follow, max-snippet:-1, max-image-preview:large, max-video-preview:-1\" \/>\n<link rel=\"canonical\" href=\"https:\/\/shop.theophile-patachou.com\/en\/product\/bed-skirt-60-cm-cw\/\" \/>\n<meta property=\"og:locale\" content=\"en_US\" \/>\n<meta property=\"og:type\" content=\"article\" \/>\n<meta property=\"og:title\" content=\"Cotton White Bedskirt 60cm - Th\u00e9ophile et Patachou\" \/>\n<meta property=\"og:description\" content=\"The Cotton White Bedskirt will enhance your baby bed by hiding the space between the mattress and the floor. For bed 60x120cm.\" \/>\n<meta property=\"og:url\" content=\"https:\/\/shop.theophile-patachou.com\/en\/product\/bed-skirt-60-cm-cw\/\" \/>\n<meta property=\"og:site_name\" content=\"Th\u00e9ophile et Patachou\" \/>\n<meta property=\"article:publisher\" content=\"https:\/\/www.facebook.com\/Th%c3%a9ophile-Patachou-197829346970085\/\" \/>\n<meta property=\"article:modified_time\" content=\"2023-11-24T13:27:09+00:00\" \/>\n<meta property=\"og:image\" content=\"https:\/\/shop.theophile-patachou.com\/wp-content\/uploads\/2021\/04\/JUPE60CW.jpg\" \/>\n\t<meta property=\"og:image:width\" content=\"2000\" \/>\n\t<meta property=\"og:image:height\" content=\"2000\" \/>\n\t<meta property=\"og:image:type\" content=\"image\/jpeg\" \/>\n<meta name=\"twitter:card\" content=\"summary_large_image\" \/>\n<meta name=\"twitter:site\" content=\"@TPBelgium\" \/>\n<meta name=\"twitter:label1\" content=\"Est. reading time\" \/>\n\t<meta name=\"twitter:data1\" content=\"1 minute\" \/>\n<script type=\"application\/ld+json\" class=\"yoast-schema-graph\">{\"@context\":\"https:\/\/schema.org\",\"@graph\":[{\"@type\":\"WebPage\",\"@id\":\"https:\/\/shop.theophile-patachou.com\/en\/product\/bed-skirt-60-cm-cw\/\",\"url\":\"https:\/\/shop.theophile-patachou.com\/en\/product\/bed-skirt-60-cm-cw\/\",\"name\":\"Cotton White Bedskirt 60cm - Th\u00e9ophile et Patachou\",\"isPartOf\":{\"@id\":\"https:\/\/shop.theophile-patachou.com\/en\/#website\"},\"primaryImageOfPage\":{\"@id\":\"https:\/\/shop.theophile-patachou.com\/en\/product\/bed-skirt-60-cm-cw\/#primaryimage\"},\"image\":{\"@id\":\"https:\/\/shop.theophile-patachou.com\/en\/product\/bed-skirt-60-cm-cw\/#primaryimage\"},\"thumbnailUrl\":\"https:\/\/shop.theophile-patachou.com\/wp-content\/uploads\/2021\/04\/JUPE60CW.jpg\",\"datePublished\":\"2021-04-08T09:40:20+00:00\",\"dateModified\":\"2023-11-24T13:27:09+00:00\",\"description\":\"The Cotton White Bedskirt will enhance your baby bed by hiding the space between the mattress and the floor. For bed 60x120cm.\",\"breadcrumb\":{\"@id\":\"https:\/\/shop.theophile-patachou.com\/en\/product\/bed-skirt-60-cm-cw\/#breadcrumb\"},\"inLanguage\":\"en-US\",\"potentialAction\":[{\"@type\":\"ReadAction\",\"target\":[\"https:\/\/shop.theophile-patachou.com\/en\/product\/bed-skirt-60-cm-cw\/\"]}]},{\"@type\":\"ImageObject\",\"inLanguage\":\"en-US\",\"@id\":\"https:\/\/shop.theophile-patachou.com\/en\/product\/bed-skirt-60-cm-cw\/#primaryimage\",\"url\":\"https:\/\/shop.theophile-patachou.com\/wp-content\/uploads\/2021\/04\/JUPE60CW.jpg\",\"contentUrl\":\"https:\/\/shop.theophile-patachou.com\/wp-content\/uploads\/2021\/04\/JUPE60CW.jpg\",\"width\":2000,\"height\":2000,\"caption\":\"Jupe de lit 60cm, Cotton White\"},{\"@type\":\"BreadcrumbList\",\"@id\":\"https:\/\/shop.theophile-patachou.com\/en\/product\/bed-skirt-60-cm-cw\/#breadcrumb\",\"itemListElement\":[{\"@type\":\"ListItem\",\"position\":1,\"name\":\"Accueil\",\"item\":\"https:\/\/shop.theophile-patachou.com\/en\/\"},{\"@type\":\"ListItem\",\"position\":2,\"name\":\"Products\",\"item\":\"https:\/\/shop.theophile-patachou.com\/en\/shop\/\"},{\"@type\":\"ListItem\",\"position\":3,\"name\":\"Bed skirt 60 cm\"}]},{\"@type\":\"WebSite\",\"@id\":\"https:\/\/shop.theophile-patachou.com\/en\/#website\",\"url\":\"https:\/\/shop.theophile-patachou.com\/en\/\",\"name\":\"Th\u00e9ophile et Patachou\",\"description\":\"Mobilier &amp; accessoires pour b\u00e9b\u00e9\",\"publisher\":{\"@id\":\"https:\/\/shop.theophile-patachou.com\/en\/#organization\"},\"potentialAction\":[{\"@type\":\"SearchAction\",\"target\":{\"@type\":\"EntryPoint\",\"urlTemplate\":\"https:\/\/shop.theophile-patachou.com\/en\/?s={search_term_string}\"},\"query-input\":{\"@type\":\"PropertyValueSpecification\",\"valueRequired\":true,\"valueName\":\"search_term_string\"}}],\"inLanguage\":\"en-US\"},{\"@type\":\"Organization\",\"@id\":\"https:\/\/shop.theophile-patachou.com\/en\/#organization\",\"name\":\"Th\u00e9ophile & Patachou\",\"url\":\"https:\/\/shop.theophile-patachou.com\/en\/\",\"logo\":{\"@type\":\"ImageObject\",\"inLanguage\":\"en-US\",\"@id\":\"https:\/\/shop.theophile-patachou.com\/en\/#\/schema\/logo\/image\/\",\"url\":\"https:\/\/shop.theophile-patachou.com\/wp-content\/uploads\/2014\/12\/site-login-logo.png\",\"contentUrl\":\"https:\/\/shop.theophile-patachou.com\/wp-content\/uploads\/2014\/12\/site-login-logo.png\",\"width\":300,\"height\":150,\"caption\":\"Th\u00e9ophile & Patachou\"},\"image\":{\"@id\":\"https:\/\/shop.theophile-patachou.com\/en\/#\/schema\/logo\/image\/\"},\"sameAs\":[\"https:\/\/www.facebook.com\/Th\u00e9ophile-Patachou-197829346970085\/\",\"https:\/\/x.com\/TPBelgium\",\"https:\/\/instagram.com\/theophile_patachou\/\",\"https:\/\/www.pinterest.com\/ThPat\/\"]}]}<\/script>\n<!-- \/ Yoast SEO plugin. -->","yoast_head_json":{"title":"Cotton White Bedskirt 60cm - Th\u00e9ophile et Patachou","description":"The Cotton White Bedskirt will enhance your baby bed by hiding the space between the mattress and the floor. For bed 60x120cm.","robots":{"index":"index","follow":"follow","max-snippet":"max-snippet:-1","max-image-preview":"max-image-preview:large","max-video-preview":"max-video-preview:-1"},"canonical":"https:\/\/shop.theophile-patachou.com\/en\/product\/bed-skirt-60-cm-cw\/","og_locale":"en_US","og_type":"article","og_title":"Cotton White Bedskirt 60cm - Th\u00e9ophile et Patachou","og_description":"The Cotton White Bedskirt will enhance your baby bed by hiding the space between the mattress and the floor. For bed 60x120cm.","og_url":"https:\/\/shop.theophile-patachou.com\/en\/product\/bed-skirt-60-cm-cw\/","og_site_name":"Th\u00e9ophile et Patachou","article_publisher":"https:\/\/www.facebook.com\/Th%c3%a9ophile-Patachou-197829346970085\/","article_modified_time":"2023-11-24T13:27:09+00:00","og_image":[{"width":2000,"height":2000,"url":"https:\/\/shop.theophile-patachou.com\/wp-content\/uploads\/2021\/04\/JUPE60CW.jpg","type":"image\/jpeg"}],"twitter_card":"summary_large_image","twitter_site":"@TPBelgium","twitter_misc":{"Est. reading time":"1 minute"},"schema":{"@context":"https:\/\/schema.org","@graph":[{"@type":"WebPage","@id":"https:\/\/shop.theophile-patachou.com\/en\/product\/bed-skirt-60-cm-cw\/","url":"https:\/\/shop.theophile-patachou.com\/en\/product\/bed-skirt-60-cm-cw\/","name":"Cotton White Bedskirt 60cm - Th\u00e9ophile et Patachou","isPartOf":{"@id":"https:\/\/shop.theophile-patachou.com\/en\/#website"},"primaryImageOfPage":{"@id":"https:\/\/shop.theophile-patachou.com\/en\/product\/bed-skirt-60-cm-cw\/#primaryimage"},"image":{"@id":"https:\/\/shop.theophile-patachou.com\/en\/product\/bed-skirt-60-cm-cw\/#primaryimage"},"thumbnailUrl":"https:\/\/shop.theophile-patachou.com\/wp-content\/uploads\/2021\/04\/JUPE60CW.jpg","datePublished":"2021-04-08T09:40:20+00:00","dateModified":"2023-11-24T13:27:09+00:00","description":"The Cotton White Bedskirt will enhance your baby bed by hiding the space between the mattress and the floor. For bed 60x120cm.","breadcrumb":{"@id":"https:\/\/shop.theophile-patachou.com\/en\/product\/bed-skirt-60-cm-cw\/#breadcrumb"},"inLanguage":"en-US","potentialAction":[{"@type":"ReadAction","target":["https:\/\/shop.theophile-patachou.com\/en\/product\/bed-skirt-60-cm-cw\/"]}]},{"@type":"ImageObject","inLanguage":"en-US","@id":"https:\/\/shop.theophile-patachou.com\/en\/product\/bed-skirt-60-cm-cw\/#primaryimage","url":"https:\/\/shop.theophile-patachou.com\/wp-content\/uploads\/2021\/04\/JUPE60CW.jpg","contentUrl":"https:\/\/shop.theophile-patachou.com\/wp-content\/uploads\/2021\/04\/JUPE60CW.jpg","width":2000,"height":2000,"caption":"Jupe de lit 60cm, Cotton White"},{"@type":"BreadcrumbList","@id":"https:\/\/shop.theophile-patachou.com\/en\/product\/bed-skirt-60-cm-cw\/#breadcrumb","itemListElement":[{"@type":"ListItem","position":1,"name":"Accueil","item":"https:\/\/shop.theophile-patachou.com\/en\/"},{"@type":"ListItem","position":2,"name":"Products","item":"https:\/\/shop.theophile-patachou.com\/en\/shop\/"},{"@type":"ListItem","position":3,"name":"Bed skirt 60 cm"}]},{"@type":"WebSite","@id":"https:\/\/shop.theophile-patachou.com\/en\/#website","url":"https:\/\/shop.theophile-patachou.com\/en\/","name":"Th\u00e9ophile et Patachou","description":"Mobilier &amp; accessoires pour b\u00e9b\u00e9","publisher":{"@id":"https:\/\/shop.theophile-patachou.com\/en\/#organization"},"potentialAction":[{"@type":"SearchAction","target":{"@type":"EntryPoint","urlTemplate":"https:\/\/shop.theophile-patachou.com\/en\/?s={search_term_string}"},"query-input":{"@type":"PropertyValueSpecification","valueRequired":true,"valueName":"search_term_string"}}],"inLanguage":"en-US"},{"@type":"Organization","@id":"https:\/\/shop.theophile-patachou.com\/en\/#organization","name":"Th\u00e9ophile & Patachou","url":"https:\/\/shop.theophile-patachou.com\/en\/","logo":{"@type":"ImageObject","inLanguage":"en-US","@id":"https:\/\/shop.theophile-patachou.com\/en\/#\/schema\/logo\/image\/","url":"https:\/\/shop.theophile-patachou.com\/wp-content\/uploads\/2014\/12\/site-login-logo.png","contentUrl":"https:\/\/shop.theophile-patachou.com\/wp-content\/uploads\/2014\/12\/site-login-logo.png","width":300,"height":150,"caption":"Th\u00e9ophile & Patachou"},"image":{"@id":"https:\/\/shop.theophile-patachou.com\/en\/#\/schema\/logo\/image\/"},"sameAs":["https:\/\/www.facebook.com\/Th\u00e9ophile-Patachou-197829346970085\/","https:\/\/x.com\/TPBelgium","https:\/\/instagram.com\/theophile_patachou\/","https:\/\/www.pinterest.com\/ThPat\/"]}]}},"_links":{"self":[{"href":"https:\/\/shop.theophile-patachou.com\/en\/wp-json\/wp\/v2\/product\/56196","targetHints":{"allow":["GET"]}}],"collection":[{"href":"https:\/\/shop.theophile-patachou.com\/en\/wp-json\/wp\/v2\/product"}],"about":[{"href":"https:\/\/shop.theophile-patachou.com\/en\/wp-json\/wp\/v2\/types\/product"}],"wp:featuredmedia":[{"embeddable":true,"href":"https:\/\/shop.theophile-patachou.com\/en\/wp-json\/wp\/v2\/media\/58607"}],"wp:attachment":[{"href":"https:\/\/shop.theophile-patachou.com\/en\/wp-json\/wp\/v2\/media?parent=56196"}],"wp:term":[{"taxonomy":"product_brand","embeddable":true,"href":"https:\/\/shop.theophile-patachou.com\/en\/wp-json\/wp\/v2\/product_brand?post=56196"},{"taxonomy":"product_cat","embeddable":true,"href":"https:\/\/shop.theophile-patachou.com\/en\/wp-json\/wp\/v2\/product_cat?post=56196"},{"taxonomy":"product_tag","embeddable":true,"href":"https:\/\/shop.theophile-patachou.com\/en\/wp-json\/wp\/v2\/product_tag?post=56196"}],"curies":[{"name":"wp","href":"https:\/\/api.w.org\/{rel}","templated":true}]}}