{"id":61508,"date":"2021-09-30T12:27:36","date_gmt":"2021-09-30T11:27:36","guid":{"rendered":"https:\/\/shop.theophile-patachou.com\/?post_type=product&#038;p=61508"},"modified":"2025-11-22T17:02:52","modified_gmt":"2025-11-22T16:02:52","slug":"brush-and-comb","status":"publish","type":"product","link":"https:\/\/shop.theophile-patachou.com\/en\/product\/brush-and-comb\/","title":{"rendered":"Brush and comb"},"content":{"rendered":"<p>Baby brush and comb with matching padded pouch. To take care of baby&#8217;s scalp and hair.<br \/>\nOriginal birth gift.<\/p>\n<p>Embroidered<br \/>\nColour: pink<br \/>\nDimensions:<br \/>\n&#8211; brush: 15 cm<br \/>\n&#8211; comb: 12 cm<\/p>\n","protected":false},"excerpt":{"rendered":"<h2>Embroidered baby brush and comb + pouch &#8211; Cotton Pink<\/h2>\n<p><strong>To take care of your baby\u2019s hair<\/strong>, choose the Cotton Pink\u00a0<strong>brush and comb.<\/strong><br \/>\nAn original birth gift!<\/p>\n<p>Technical characteristics:<br \/>\nDelivered with its Th\u00e9ophile &amp; Patachou quilted pouch<br \/>\nDimensions:<br \/>\n&#8211; brush: 15 cm<br \/>\n&#8211; comb: 12 cm<\/p>\n","protected":false},"featured_media":63076,"template":"","meta":[],"product_brand":[],"product_cat":[1525,443,463],"product_tag":[598,623,1528],"class_list":{"0":"post-61508","1":"product","2":"type-product","3":"status-publish","4":"has-post-thumbnail","6":"product_cat-cottonpink-en","7":"product_cat-collections-en","8":"product_cat-bathing","9":"product_tag-bath","10":"product_tag-brush-and-comb","11":"product_tag-cottonpink-en","13":"first","14":"outofstock","15":"sale","16":"taxable","17":"shipping-taxable","18":"purchasable","19":"product-type-simple"},"yoast_head":"<!-- This site is optimized with the Yoast SEO plugin v26.9 - https:\/\/yoast.com\/product\/yoast-seo-wordpress\/ -->\n<title>Brush and comb - Cotton Pink - Th\u00e9ophile et Patachou<\/title>\n<meta name=\"description\" content=\"To take care of your baby\u2019s hair, choose the Cotton Pink brush and comb: an original birth gift! Baby brush and comb embroidered and pouch.\" \/>\n<meta name=\"robots\" content=\"index, follow, max-snippet:-1, max-image-preview:large, max-video-preview:-1\" \/>\n<link rel=\"canonical\" href=\"https:\/\/shop.theophile-patachou.com\/en\/product\/brush-and-comb\/\" \/>\n<meta property=\"og:locale\" content=\"en_US\" \/>\n<meta property=\"og:type\" content=\"article\" \/>\n<meta property=\"og:title\" content=\"Brush and comb - Cotton Pink - Th\u00e9ophile et Patachou\" \/>\n<meta property=\"og:description\" content=\"To take care of your baby\u2019s hair, choose the Cotton Pink brush and comb: an original birth gift! Baby brush and comb embroidered and pouch.\" \/>\n<meta property=\"og:url\" content=\"https:\/\/shop.theophile-patachou.com\/en\/product\/brush-and-comb\/\" \/>\n<meta property=\"og:site_name\" content=\"Th\u00e9ophile et Patachou\" \/>\n<meta property=\"article:publisher\" content=\"https:\/\/www.facebook.com\/Th%c3%a9ophile-Patachou-197829346970085\/\" \/>\n<meta property=\"article:modified_time\" content=\"2025-11-22T16:02:52+00:00\" \/>\n<meta property=\"og:image\" content=\"https:\/\/shop.theophile-patachou.com\/wp-content\/uploads\/2021\/10\/BROSSCP-1-scaled.jpg\" \/>\n\t<meta property=\"og:image:width\" content=\"2560\" \/>\n\t<meta property=\"og:image:height\" content=\"2560\" \/>\n\t<meta property=\"og:image:type\" content=\"image\/jpeg\" \/>\n<meta name=\"twitter:card\" content=\"summary_large_image\" \/>\n<meta name=\"twitter:site\" content=\"@TPBelgium\" \/>\n<meta name=\"twitter:label1\" content=\"Est. reading time\" \/>\n\t<meta name=\"twitter:data1\" content=\"1 minute\" \/>\n<script type=\"application\/ld+json\" class=\"yoast-schema-graph\">{\"@context\":\"https:\/\/schema.org\",\"@graph\":[{\"@type\":\"WebPage\",\"@id\":\"https:\/\/shop.theophile-patachou.com\/en\/product\/brush-and-comb\/\",\"url\":\"https:\/\/shop.theophile-patachou.com\/en\/product\/brush-and-comb\/\",\"name\":\"Brush and comb - Cotton Pink - Th\u00e9ophile et Patachou\",\"isPartOf\":{\"@id\":\"https:\/\/shop.theophile-patachou.com\/en\/#website\"},\"primaryImageOfPage\":{\"@id\":\"https:\/\/shop.theophile-patachou.com\/en\/product\/brush-and-comb\/#primaryimage\"},\"image\":{\"@id\":\"https:\/\/shop.theophile-patachou.com\/en\/product\/brush-and-comb\/#primaryimage\"},\"thumbnailUrl\":\"https:\/\/shop.theophile-patachou.com\/wp-content\/uploads\/2021\/10\/BROSSCP-1-scaled.jpg\",\"datePublished\":\"2021-09-30T11:27:36+00:00\",\"dateModified\":\"2025-11-22T16:02:52+00:00\",\"description\":\"To take care of your baby\u2019s hair, choose the Cotton Pink brush and comb: an original birth gift! Baby brush and comb embroidered and pouch.\",\"breadcrumb\":{\"@id\":\"https:\/\/shop.theophile-patachou.com\/en\/product\/brush-and-comb\/#breadcrumb\"},\"inLanguage\":\"en-US\",\"potentialAction\":[{\"@type\":\"ReadAction\",\"target\":[\"https:\/\/shop.theophile-patachou.com\/en\/product\/brush-and-comb\/\"]}]},{\"@type\":\"ImageObject\",\"inLanguage\":\"en-US\",\"@id\":\"https:\/\/shop.theophile-patachou.com\/en\/product\/brush-and-comb\/#primaryimage\",\"url\":\"https:\/\/shop.theophile-patachou.com\/wp-content\/uploads\/2021\/10\/BROSSCP-1-scaled.jpg\",\"contentUrl\":\"https:\/\/shop.theophile-patachou.com\/wp-content\/uploads\/2021\/10\/BROSSCP-1-scaled.jpg\",\"width\":2560,\"height\":2560},{\"@type\":\"BreadcrumbList\",\"@id\":\"https:\/\/shop.theophile-patachou.com\/en\/product\/brush-and-comb\/#breadcrumb\",\"itemListElement\":[{\"@type\":\"ListItem\",\"position\":1,\"name\":\"Accueil\",\"item\":\"https:\/\/shop.theophile-patachou.com\/en\/\"},{\"@type\":\"ListItem\",\"position\":2,\"name\":\"Products\",\"item\":\"https:\/\/shop.theophile-patachou.com\/en\/shop\/\"},{\"@type\":\"ListItem\",\"position\":3,\"name\":\"Brush and comb\"}]},{\"@type\":\"WebSite\",\"@id\":\"https:\/\/shop.theophile-patachou.com\/en\/#website\",\"url\":\"https:\/\/shop.theophile-patachou.com\/en\/\",\"name\":\"Th\u00e9ophile et Patachou\",\"description\":\"Mobilier &amp; accessoires pour b\u00e9b\u00e9\",\"publisher\":{\"@id\":\"https:\/\/shop.theophile-patachou.com\/en\/#organization\"},\"potentialAction\":[{\"@type\":\"SearchAction\",\"target\":{\"@type\":\"EntryPoint\",\"urlTemplate\":\"https:\/\/shop.theophile-patachou.com\/en\/?s={search_term_string}\"},\"query-input\":{\"@type\":\"PropertyValueSpecification\",\"valueRequired\":true,\"valueName\":\"search_term_string\"}}],\"inLanguage\":\"en-US\"},{\"@type\":\"Organization\",\"@id\":\"https:\/\/shop.theophile-patachou.com\/en\/#organization\",\"name\":\"Th\u00e9ophile & Patachou\",\"url\":\"https:\/\/shop.theophile-patachou.com\/en\/\",\"logo\":{\"@type\":\"ImageObject\",\"inLanguage\":\"en-US\",\"@id\":\"https:\/\/shop.theophile-patachou.com\/en\/#\/schema\/logo\/image\/\",\"url\":\"https:\/\/shop.theophile-patachou.com\/wp-content\/uploads\/2014\/12\/site-login-logo.png\",\"contentUrl\":\"https:\/\/shop.theophile-patachou.com\/wp-content\/uploads\/2014\/12\/site-login-logo.png\",\"width\":300,\"height\":150,\"caption\":\"Th\u00e9ophile & Patachou\"},\"image\":{\"@id\":\"https:\/\/shop.theophile-patachou.com\/en\/#\/schema\/logo\/image\/\"},\"sameAs\":[\"https:\/\/www.facebook.com\/Th\u00e9ophile-Patachou-197829346970085\/\",\"https:\/\/x.com\/TPBelgium\",\"https:\/\/instagram.com\/theophile_patachou\/\",\"https:\/\/www.pinterest.com\/ThPat\/\"]}]}<\/script>\n<!-- \/ Yoast SEO plugin. -->","yoast_head_json":{"title":"Brush and comb - Cotton Pink - Th\u00e9ophile et Patachou","description":"To take care of your baby\u2019s hair, choose the Cotton Pink brush and comb: an original birth gift! Baby brush and comb embroidered and pouch.","robots":{"index":"index","follow":"follow","max-snippet":"max-snippet:-1","max-image-preview":"max-image-preview:large","max-video-preview":"max-video-preview:-1"},"canonical":"https:\/\/shop.theophile-patachou.com\/en\/product\/brush-and-comb\/","og_locale":"en_US","og_type":"article","og_title":"Brush and comb - Cotton Pink - Th\u00e9ophile et Patachou","og_description":"To take care of your baby\u2019s hair, choose the Cotton Pink brush and comb: an original birth gift! Baby brush and comb embroidered and pouch.","og_url":"https:\/\/shop.theophile-patachou.com\/en\/product\/brush-and-comb\/","og_site_name":"Th\u00e9ophile et Patachou","article_publisher":"https:\/\/www.facebook.com\/Th%c3%a9ophile-Patachou-197829346970085\/","article_modified_time":"2025-11-22T16:02:52+00:00","og_image":[{"width":2560,"height":2560,"url":"https:\/\/shop.theophile-patachou.com\/wp-content\/uploads\/2021\/10\/BROSSCP-1-scaled.jpg","type":"image\/jpeg"}],"twitter_card":"summary_large_image","twitter_site":"@TPBelgium","twitter_misc":{"Est. reading time":"1 minute"},"schema":{"@context":"https:\/\/schema.org","@graph":[{"@type":"WebPage","@id":"https:\/\/shop.theophile-patachou.com\/en\/product\/brush-and-comb\/","url":"https:\/\/shop.theophile-patachou.com\/en\/product\/brush-and-comb\/","name":"Brush and comb - Cotton Pink - Th\u00e9ophile et Patachou","isPartOf":{"@id":"https:\/\/shop.theophile-patachou.com\/en\/#website"},"primaryImageOfPage":{"@id":"https:\/\/shop.theophile-patachou.com\/en\/product\/brush-and-comb\/#primaryimage"},"image":{"@id":"https:\/\/shop.theophile-patachou.com\/en\/product\/brush-and-comb\/#primaryimage"},"thumbnailUrl":"https:\/\/shop.theophile-patachou.com\/wp-content\/uploads\/2021\/10\/BROSSCP-1-scaled.jpg","datePublished":"2021-09-30T11:27:36+00:00","dateModified":"2025-11-22T16:02:52+00:00","description":"To take care of your baby\u2019s hair, choose the Cotton Pink brush and comb: an original birth gift! Baby brush and comb embroidered and pouch.","breadcrumb":{"@id":"https:\/\/shop.theophile-patachou.com\/en\/product\/brush-and-comb\/#breadcrumb"},"inLanguage":"en-US","potentialAction":[{"@type":"ReadAction","target":["https:\/\/shop.theophile-patachou.com\/en\/product\/brush-and-comb\/"]}]},{"@type":"ImageObject","inLanguage":"en-US","@id":"https:\/\/shop.theophile-patachou.com\/en\/product\/brush-and-comb\/#primaryimage","url":"https:\/\/shop.theophile-patachou.com\/wp-content\/uploads\/2021\/10\/BROSSCP-1-scaled.jpg","contentUrl":"https:\/\/shop.theophile-patachou.com\/wp-content\/uploads\/2021\/10\/BROSSCP-1-scaled.jpg","width":2560,"height":2560},{"@type":"BreadcrumbList","@id":"https:\/\/shop.theophile-patachou.com\/en\/product\/brush-and-comb\/#breadcrumb","itemListElement":[{"@type":"ListItem","position":1,"name":"Accueil","item":"https:\/\/shop.theophile-patachou.com\/en\/"},{"@type":"ListItem","position":2,"name":"Products","item":"https:\/\/shop.theophile-patachou.com\/en\/shop\/"},{"@type":"ListItem","position":3,"name":"Brush and comb"}]},{"@type":"WebSite","@id":"https:\/\/shop.theophile-patachou.com\/en\/#website","url":"https:\/\/shop.theophile-patachou.com\/en\/","name":"Th\u00e9ophile et Patachou","description":"Mobilier &amp; accessoires pour b\u00e9b\u00e9","publisher":{"@id":"https:\/\/shop.theophile-patachou.com\/en\/#organization"},"potentialAction":[{"@type":"SearchAction","target":{"@type":"EntryPoint","urlTemplate":"https:\/\/shop.theophile-patachou.com\/en\/?s={search_term_string}"},"query-input":{"@type":"PropertyValueSpecification","valueRequired":true,"valueName":"search_term_string"}}],"inLanguage":"en-US"},{"@type":"Organization","@id":"https:\/\/shop.theophile-patachou.com\/en\/#organization","name":"Th\u00e9ophile & Patachou","url":"https:\/\/shop.theophile-patachou.com\/en\/","logo":{"@type":"ImageObject","inLanguage":"en-US","@id":"https:\/\/shop.theophile-patachou.com\/en\/#\/schema\/logo\/image\/","url":"https:\/\/shop.theophile-patachou.com\/wp-content\/uploads\/2014\/12\/site-login-logo.png","contentUrl":"https:\/\/shop.theophile-patachou.com\/wp-content\/uploads\/2014\/12\/site-login-logo.png","width":300,"height":150,"caption":"Th\u00e9ophile & Patachou"},"image":{"@id":"https:\/\/shop.theophile-patachou.com\/en\/#\/schema\/logo\/image\/"},"sameAs":["https:\/\/www.facebook.com\/Th\u00e9ophile-Patachou-197829346970085\/","https:\/\/x.com\/TPBelgium","https:\/\/instagram.com\/theophile_patachou\/","https:\/\/www.pinterest.com\/ThPat\/"]}]}},"_links":{"self":[{"href":"https:\/\/shop.theophile-patachou.com\/en\/wp-json\/wp\/v2\/product\/61508","targetHints":{"allow":["GET"]}}],"collection":[{"href":"https:\/\/shop.theophile-patachou.com\/en\/wp-json\/wp\/v2\/product"}],"about":[{"href":"https:\/\/shop.theophile-patachou.com\/en\/wp-json\/wp\/v2\/types\/product"}],"wp:featuredmedia":[{"embeddable":true,"href":"https:\/\/shop.theophile-patachou.com\/en\/wp-json\/wp\/v2\/media\/63076"}],"wp:attachment":[{"href":"https:\/\/shop.theophile-patachou.com\/en\/wp-json\/wp\/v2\/media?parent=61508"}],"wp:term":[{"taxonomy":"product_brand","embeddable":true,"href":"https:\/\/shop.theophile-patachou.com\/en\/wp-json\/wp\/v2\/product_brand?post=61508"},{"taxonomy":"product_cat","embeddable":true,"href":"https:\/\/shop.theophile-patachou.com\/en\/wp-json\/wp\/v2\/product_cat?post=61508"},{"taxonomy":"product_tag","embeddable":true,"href":"https:\/\/shop.theophile-patachou.com\/en\/wp-json\/wp\/v2\/product_tag?post=61508"}],"curies":[{"name":"wp","href":"https:\/\/api.w.org\/{rel}","templated":true}]}}