{"id":64224,"date":"2022-01-18T18:32:36","date_gmt":"2022-01-18T17:32:37","guid":{"rendered":"https:\/\/shop.theophile-patachou.com\/?post_type=product&#038;p=64224"},"modified":"2025-04-14T19:37:01","modified_gmt":"2025-04-14T18:37:01","slug":"cover-for-changing-mat-5","status":"publish","type":"product","link":"https:\/\/shop.theophile-patachou.com\/en\/product\/cover-for-changing-mat-5\/","title":{"rendered":"Cover for changing mat"},"content":{"rendered":"<p>Pink Flower changing mat cover, terry cloth and cotton. Essential to change\u00a0 your baby. Provides comfort, safety and well-being. Adds a touch of elegance to your baby&#8217;s room.<\/p>\n<p>The mattress cover covers perfectly the Th\u00e9ophile &amp; Patachou <a href=\"https:\/\/shop.theophile-patachou.com\/en\/product\/changing-mat\/\">PVC changing mat<\/a>, sold separately.<br \/>\nFor a complete changing table, discover the entire <a href=\"https:\/\/shop.theophile-patachou.com\/en\/product-category\/lovelyprices-en\/pink-flower-en\/\">Pink Flower collection<\/a> and the\u00a0<a href=\"https:\/\/shop.theophile-patachou.com\/en\/product-category\/lovelyprices-en\/cottonpink-en\/\">Cotton Pink collection<\/a>.<\/p>\n<p>Dimensions: 52 x 66 cm<br \/>\nColour: printed pink<\/p>\n<p class=\"p1\">\n","protected":false},"excerpt":{"rendered":"<h2>Cover for changing mat in terry cloth\/cotton &#8211; Pink Flower<\/h2>\n<p><strong>An essential to keep your\u00a0baby safe\u00a0during nappy changes<\/strong>, this <strong>cover for changing mat<\/strong> in coton will assure him\/her comfort and well-being.<br \/>\nThe cover for changing mat perfectly fit the changing mat in PVC (ref MATPVC) of\u00a0 Th\u00e9ophile &amp; Patachou (sold separately).<\/p>\n<p>Printed cotton and terry cloth.<\/p>\n","protected":false},"featured_media":64143,"template":"","meta":[],"product_brand":[],"product_cat":[1394,443,463],"product_tag":[598,1528,605],"class_list":{"0":"post-64224","1":"product","2":"type-product","3":"status-publish","4":"has-post-thumbnail","6":"product_cat-pink-flower-en","7":"product_cat-collections-en","8":"product_cat-bathing","9":"product_tag-bath","10":"product_tag-cottonpink-en","11":"product_tag-cover-for-changing-mat","13":"first","14":"instock","15":"sale","16":"taxable","17":"shipping-taxable","18":"purchasable","19":"product-type-simple"},"yoast_head":"<!-- This site is optimized with the Yoast SEO plugin v26.9 - https:\/\/yoast.com\/product\/yoast-seo-wordpress\/ -->\n<title>Pink Flower Changing Mat Cover - Th\u00e9ophile et Patachou<\/title>\n<meta name=\"description\" content=\"A must-have to change baby safely, this Pink Flower changing mat cover in cotton and terrycloth will ensure comfort and well-being.\" \/>\n<meta name=\"robots\" content=\"index, follow, max-snippet:-1, max-image-preview:large, max-video-preview:-1\" \/>\n<link rel=\"canonical\" href=\"https:\/\/shop.theophile-patachou.com\/en\/product\/cover-for-changing-mat-5\/\" \/>\n<meta property=\"og:locale\" content=\"en_US\" \/>\n<meta property=\"og:type\" content=\"article\" \/>\n<meta property=\"og:title\" content=\"Pink Flower Changing Mat Cover - Th\u00e9ophile et Patachou\" \/>\n<meta property=\"og:description\" content=\"A must-have to change baby safely, this Pink Flower changing mat cover in cotton and terrycloth will ensure comfort and well-being.\" \/>\n<meta property=\"og:url\" content=\"https:\/\/shop.theophile-patachou.com\/en\/product\/cover-for-changing-mat-5\/\" \/>\n<meta property=\"og:site_name\" content=\"Th\u00e9ophile et Patachou\" \/>\n<meta property=\"article:publisher\" content=\"https:\/\/www.facebook.com\/Th%c3%a9ophile-Patachou-197829346970085\/\" \/>\n<meta property=\"article:modified_time\" content=\"2025-04-14T18:37:01+00:00\" \/>\n<meta property=\"og:image\" content=\"https:\/\/shop.theophile-patachou.com\/wp-content\/uploads\/2022\/01\/PFPLUS.jpg\" \/>\n\t<meta property=\"og:image:width\" content=\"1200\" \/>\n\t<meta property=\"og:image:height\" content=\"1200\" \/>\n\t<meta property=\"og:image:type\" content=\"image\/jpeg\" \/>\n<meta name=\"twitter:card\" content=\"summary_large_image\" \/>\n<meta name=\"twitter:site\" content=\"@TPBelgium\" \/>\n<meta name=\"twitter:label1\" content=\"Est. reading time\" \/>\n\t<meta name=\"twitter:data1\" content=\"1 minute\" \/>\n<script type=\"application\/ld+json\" class=\"yoast-schema-graph\">{\"@context\":\"https:\/\/schema.org\",\"@graph\":[{\"@type\":\"WebPage\",\"@id\":\"https:\/\/shop.theophile-patachou.com\/en\/product\/cover-for-changing-mat-5\/\",\"url\":\"https:\/\/shop.theophile-patachou.com\/en\/product\/cover-for-changing-mat-5\/\",\"name\":\"Pink Flower Changing Mat Cover - Th\u00e9ophile et Patachou\",\"isPartOf\":{\"@id\":\"https:\/\/shop.theophile-patachou.com\/en\/#website\"},\"primaryImageOfPage\":{\"@id\":\"https:\/\/shop.theophile-patachou.com\/en\/product\/cover-for-changing-mat-5\/#primaryimage\"},\"image\":{\"@id\":\"https:\/\/shop.theophile-patachou.com\/en\/product\/cover-for-changing-mat-5\/#primaryimage\"},\"thumbnailUrl\":\"https:\/\/shop.theophile-patachou.com\/wp-content\/uploads\/2022\/01\/PFPLUS.jpg\",\"datePublished\":\"2022-01-18T17:32:37+00:00\",\"dateModified\":\"2025-04-14T18:37:01+00:00\",\"description\":\"A must-have to change baby safely, this Pink Flower changing mat cover in cotton and terrycloth will ensure comfort and well-being.\",\"breadcrumb\":{\"@id\":\"https:\/\/shop.theophile-patachou.com\/en\/product\/cover-for-changing-mat-5\/#breadcrumb\"},\"inLanguage\":\"en-US\",\"potentialAction\":[{\"@type\":\"ReadAction\",\"target\":[\"https:\/\/shop.theophile-patachou.com\/en\/product\/cover-for-changing-mat-5\/\"]}]},{\"@type\":\"ImageObject\",\"inLanguage\":\"en-US\",\"@id\":\"https:\/\/shop.theophile-patachou.com\/en\/product\/cover-for-changing-mat-5\/#primaryimage\",\"url\":\"https:\/\/shop.theophile-patachou.com\/wp-content\/uploads\/2022\/01\/PFPLUS.jpg\",\"contentUrl\":\"https:\/\/shop.theophile-patachou.com\/wp-content\/uploads\/2022\/01\/PFPLUS.jpg\",\"width\":1200,\"height\":1200},{\"@type\":\"BreadcrumbList\",\"@id\":\"https:\/\/shop.theophile-patachou.com\/en\/product\/cover-for-changing-mat-5\/#breadcrumb\",\"itemListElement\":[{\"@type\":\"ListItem\",\"position\":1,\"name\":\"Accueil\",\"item\":\"https:\/\/shop.theophile-patachou.com\/en\/\"},{\"@type\":\"ListItem\",\"position\":2,\"name\":\"Products\",\"item\":\"https:\/\/shop.theophile-patachou.com\/en\/shop\/\"},{\"@type\":\"ListItem\",\"position\":3,\"name\":\"Cover for changing mat\"}]},{\"@type\":\"WebSite\",\"@id\":\"https:\/\/shop.theophile-patachou.com\/en\/#website\",\"url\":\"https:\/\/shop.theophile-patachou.com\/en\/\",\"name\":\"Th\u00e9ophile et Patachou\",\"description\":\"Mobilier &amp; accessoires pour b\u00e9b\u00e9\",\"publisher\":{\"@id\":\"https:\/\/shop.theophile-patachou.com\/en\/#organization\"},\"potentialAction\":[{\"@type\":\"SearchAction\",\"target\":{\"@type\":\"EntryPoint\",\"urlTemplate\":\"https:\/\/shop.theophile-patachou.com\/en\/?s={search_term_string}\"},\"query-input\":{\"@type\":\"PropertyValueSpecification\",\"valueRequired\":true,\"valueName\":\"search_term_string\"}}],\"inLanguage\":\"en-US\"},{\"@type\":\"Organization\",\"@id\":\"https:\/\/shop.theophile-patachou.com\/en\/#organization\",\"name\":\"Th\u00e9ophile & Patachou\",\"url\":\"https:\/\/shop.theophile-patachou.com\/en\/\",\"logo\":{\"@type\":\"ImageObject\",\"inLanguage\":\"en-US\",\"@id\":\"https:\/\/shop.theophile-patachou.com\/en\/#\/schema\/logo\/image\/\",\"url\":\"https:\/\/shop.theophile-patachou.com\/wp-content\/uploads\/2014\/12\/site-login-logo.png\",\"contentUrl\":\"https:\/\/shop.theophile-patachou.com\/wp-content\/uploads\/2014\/12\/site-login-logo.png\",\"width\":300,\"height\":150,\"caption\":\"Th\u00e9ophile & Patachou\"},\"image\":{\"@id\":\"https:\/\/shop.theophile-patachou.com\/en\/#\/schema\/logo\/image\/\"},\"sameAs\":[\"https:\/\/www.facebook.com\/Th\u00e9ophile-Patachou-197829346970085\/\",\"https:\/\/x.com\/TPBelgium\",\"https:\/\/instagram.com\/theophile_patachou\/\",\"https:\/\/www.pinterest.com\/ThPat\/\"]}]}<\/script>\n<!-- \/ Yoast SEO plugin. -->","yoast_head_json":{"title":"Pink Flower Changing Mat Cover - Th\u00e9ophile et Patachou","description":"A must-have to change baby safely, this Pink Flower changing mat cover in cotton and terrycloth will ensure comfort and well-being.","robots":{"index":"index","follow":"follow","max-snippet":"max-snippet:-1","max-image-preview":"max-image-preview:large","max-video-preview":"max-video-preview:-1"},"canonical":"https:\/\/shop.theophile-patachou.com\/en\/product\/cover-for-changing-mat-5\/","og_locale":"en_US","og_type":"article","og_title":"Pink Flower Changing Mat Cover - Th\u00e9ophile et Patachou","og_description":"A must-have to change baby safely, this Pink Flower changing mat cover in cotton and terrycloth will ensure comfort and well-being.","og_url":"https:\/\/shop.theophile-patachou.com\/en\/product\/cover-for-changing-mat-5\/","og_site_name":"Th\u00e9ophile et Patachou","article_publisher":"https:\/\/www.facebook.com\/Th%c3%a9ophile-Patachou-197829346970085\/","article_modified_time":"2025-04-14T18:37:01+00:00","og_image":[{"width":1200,"height":1200,"url":"https:\/\/shop.theophile-patachou.com\/wp-content\/uploads\/2022\/01\/PFPLUS.jpg","type":"image\/jpeg"}],"twitter_card":"summary_large_image","twitter_site":"@TPBelgium","twitter_misc":{"Est. reading time":"1 minute"},"schema":{"@context":"https:\/\/schema.org","@graph":[{"@type":"WebPage","@id":"https:\/\/shop.theophile-patachou.com\/en\/product\/cover-for-changing-mat-5\/","url":"https:\/\/shop.theophile-patachou.com\/en\/product\/cover-for-changing-mat-5\/","name":"Pink Flower Changing Mat Cover - Th\u00e9ophile et Patachou","isPartOf":{"@id":"https:\/\/shop.theophile-patachou.com\/en\/#website"},"primaryImageOfPage":{"@id":"https:\/\/shop.theophile-patachou.com\/en\/product\/cover-for-changing-mat-5\/#primaryimage"},"image":{"@id":"https:\/\/shop.theophile-patachou.com\/en\/product\/cover-for-changing-mat-5\/#primaryimage"},"thumbnailUrl":"https:\/\/shop.theophile-patachou.com\/wp-content\/uploads\/2022\/01\/PFPLUS.jpg","datePublished":"2022-01-18T17:32:37+00:00","dateModified":"2025-04-14T18:37:01+00:00","description":"A must-have to change baby safely, this Pink Flower changing mat cover in cotton and terrycloth will ensure comfort and well-being.","breadcrumb":{"@id":"https:\/\/shop.theophile-patachou.com\/en\/product\/cover-for-changing-mat-5\/#breadcrumb"},"inLanguage":"en-US","potentialAction":[{"@type":"ReadAction","target":["https:\/\/shop.theophile-patachou.com\/en\/product\/cover-for-changing-mat-5\/"]}]},{"@type":"ImageObject","inLanguage":"en-US","@id":"https:\/\/shop.theophile-patachou.com\/en\/product\/cover-for-changing-mat-5\/#primaryimage","url":"https:\/\/shop.theophile-patachou.com\/wp-content\/uploads\/2022\/01\/PFPLUS.jpg","contentUrl":"https:\/\/shop.theophile-patachou.com\/wp-content\/uploads\/2022\/01\/PFPLUS.jpg","width":1200,"height":1200},{"@type":"BreadcrumbList","@id":"https:\/\/shop.theophile-patachou.com\/en\/product\/cover-for-changing-mat-5\/#breadcrumb","itemListElement":[{"@type":"ListItem","position":1,"name":"Accueil","item":"https:\/\/shop.theophile-patachou.com\/en\/"},{"@type":"ListItem","position":2,"name":"Products","item":"https:\/\/shop.theophile-patachou.com\/en\/shop\/"},{"@type":"ListItem","position":3,"name":"Cover for changing mat"}]},{"@type":"WebSite","@id":"https:\/\/shop.theophile-patachou.com\/en\/#website","url":"https:\/\/shop.theophile-patachou.com\/en\/","name":"Th\u00e9ophile et Patachou","description":"Mobilier &amp; accessoires pour b\u00e9b\u00e9","publisher":{"@id":"https:\/\/shop.theophile-patachou.com\/en\/#organization"},"potentialAction":[{"@type":"SearchAction","target":{"@type":"EntryPoint","urlTemplate":"https:\/\/shop.theophile-patachou.com\/en\/?s={search_term_string}"},"query-input":{"@type":"PropertyValueSpecification","valueRequired":true,"valueName":"search_term_string"}}],"inLanguage":"en-US"},{"@type":"Organization","@id":"https:\/\/shop.theophile-patachou.com\/en\/#organization","name":"Th\u00e9ophile & Patachou","url":"https:\/\/shop.theophile-patachou.com\/en\/","logo":{"@type":"ImageObject","inLanguage":"en-US","@id":"https:\/\/shop.theophile-patachou.com\/en\/#\/schema\/logo\/image\/","url":"https:\/\/shop.theophile-patachou.com\/wp-content\/uploads\/2014\/12\/site-login-logo.png","contentUrl":"https:\/\/shop.theophile-patachou.com\/wp-content\/uploads\/2014\/12\/site-login-logo.png","width":300,"height":150,"caption":"Th\u00e9ophile & Patachou"},"image":{"@id":"https:\/\/shop.theophile-patachou.com\/en\/#\/schema\/logo\/image\/"},"sameAs":["https:\/\/www.facebook.com\/Th\u00e9ophile-Patachou-197829346970085\/","https:\/\/x.com\/TPBelgium","https:\/\/instagram.com\/theophile_patachou\/","https:\/\/www.pinterest.com\/ThPat\/"]}]}},"_links":{"self":[{"href":"https:\/\/shop.theophile-patachou.com\/en\/wp-json\/wp\/v2\/product\/64224","targetHints":{"allow":["GET"]}}],"collection":[{"href":"https:\/\/shop.theophile-patachou.com\/en\/wp-json\/wp\/v2\/product"}],"about":[{"href":"https:\/\/shop.theophile-patachou.com\/en\/wp-json\/wp\/v2\/types\/product"}],"wp:featuredmedia":[{"embeddable":true,"href":"https:\/\/shop.theophile-patachou.com\/en\/wp-json\/wp\/v2\/media\/64143"}],"wp:attachment":[{"href":"https:\/\/shop.theophile-patachou.com\/en\/wp-json\/wp\/v2\/media?parent=64224"}],"wp:term":[{"taxonomy":"product_brand","embeddable":true,"href":"https:\/\/shop.theophile-patachou.com\/en\/wp-json\/wp\/v2\/product_brand?post=64224"},{"taxonomy":"product_cat","embeddable":true,"href":"https:\/\/shop.theophile-patachou.com\/en\/wp-json\/wp\/v2\/product_cat?post=64224"},{"taxonomy":"product_tag","embeddable":true,"href":"https:\/\/shop.theophile-patachou.com\/en\/wp-json\/wp\/v2\/product_tag?post=64224"}],"curies":[{"name":"wp","href":"https:\/\/api.w.org\/{rel}","templated":true}]}}