{"id":69429,"date":"2023-05-22T10:08:45","date_gmt":"2023-05-22T09:08:46","guid":{"rendered":"https:\/\/shop.theophile-patachou.com\/?post_type=product&#038;p=69429"},"modified":"2025-11-05T21:08:13","modified_gmt":"2025-11-05T20:08:13","slug":"travel-changing-mat-10","status":"publish","type":"product","link":"https:\/\/shop.theophile-patachou.com\/en\/product\/travel-changing-mat-10\/","title":{"rendered":"Travel changing mat"},"content":{"rendered":"<p>Classic Car travel changing mat. Ideal thanks to its small size. Unfolds easily and allows baby to be changed anywhere and anytime. Ideal for travelling with baby.<\/p>\n<p>Perfect to accompany the diaper bag.<br \/>\nFor a complete travel bag: plan the travel wipes cover and the Classic Car toilet bag.<\/p>\n<p>&nbsp;<\/p>\n<p>&nbsp;<\/p>\n","protected":false},"excerpt":{"rendered":"<h2>Travel changing mat<\/h2>\n<p><strong>Ideal with its small size, this travel changing mat<\/strong> can be unfold easily and allows you to change baby wherever you need.<\/p>\n<p>Dimensions: 38 x 21 x 3 cm<\/p>\n","protected":false},"featured_media":68114,"template":"","meta":[],"product_brand":[],"product_cat":[443,1564,221],"product_tag":[224,227],"class_list":{"0":"post-69429","1":"product","2":"type-product","3":"status-publish","4":"has-post-thumbnail","6":"product_cat-collections-en","7":"product_cat-classic-car-en","8":"product_cat-voyage-fr-en","9":"product_tag-changing-mat","10":"product_tag-travelling","12":"first","13":"instock","14":"taxable","15":"shipping-taxable","16":"purchasable","17":"product-type-simple"},"yoast_head":"<!-- This site is optimized with the Yoast SEO plugin v26.9 - https:\/\/yoast.com\/product\/yoast-seo-wordpress\/ -->\n<title>Travel Changing Mat Classic Car - Th\u00e9ophile et Patachou<\/title>\n<meta name=\"description\" content=\"Ideal with its small size, this Classic Car travel changing mat is soft, easy to unfold and allows you to change baby anywhere. Th\u00e9ophile &amp; Patachou\" \/>\n<meta name=\"robots\" content=\"index, follow, max-snippet:-1, max-image-preview:large, max-video-preview:-1\" \/>\n<link rel=\"canonical\" href=\"https:\/\/shop.theophile-patachou.com\/en\/product\/travel-changing-mat-10\/\" \/>\n<meta property=\"og:locale\" content=\"en_US\" \/>\n<meta property=\"og:type\" content=\"article\" \/>\n<meta property=\"og:title\" content=\"Travel Changing Mat Classic Car - Th\u00e9ophile et Patachou\" \/>\n<meta property=\"og:description\" content=\"Ideal with its small size, this Classic Car travel changing mat is soft, easy to unfold and allows you to change baby anywhere. Th\u00e9ophile &amp; Patachou\" \/>\n<meta property=\"og:url\" content=\"https:\/\/shop.theophile-patachou.com\/en\/product\/travel-changing-mat-10\/\" \/>\n<meta property=\"og:site_name\" content=\"Th\u00e9ophile et Patachou\" \/>\n<meta property=\"article:publisher\" content=\"https:\/\/www.facebook.com\/Th%c3%a9ophile-Patachou-197829346970085\/\" \/>\n<meta property=\"article:modified_time\" content=\"2025-11-05T20:08:13+00:00\" \/>\n<meta property=\"og:image\" content=\"https:\/\/shop.theophile-patachou.com\/wp-content\/uploads\/2023\/03\/CC.SEC2-1.jpg\" \/>\n\t<meta property=\"og:image:width\" content=\"1200\" \/>\n\t<meta property=\"og:image:height\" content=\"1200\" \/>\n\t<meta property=\"og:image:type\" content=\"image\/jpeg\" \/>\n<meta name=\"twitter:card\" content=\"summary_large_image\" \/>\n<meta name=\"twitter:site\" content=\"@TPBelgium\" \/>\n<meta name=\"twitter:label1\" content=\"Est. reading time\" \/>\n\t<meta name=\"twitter:data1\" content=\"1 minute\" \/>\n<script type=\"application\/ld+json\" class=\"yoast-schema-graph\">{\"@context\":\"https:\/\/schema.org\",\"@graph\":[{\"@type\":\"WebPage\",\"@id\":\"https:\/\/shop.theophile-patachou.com\/en\/product\/travel-changing-mat-10\/\",\"url\":\"https:\/\/shop.theophile-patachou.com\/en\/product\/travel-changing-mat-10\/\",\"name\":\"Travel Changing Mat Classic Car - Th\u00e9ophile et Patachou\",\"isPartOf\":{\"@id\":\"https:\/\/shop.theophile-patachou.com\/en\/#website\"},\"primaryImageOfPage\":{\"@id\":\"https:\/\/shop.theophile-patachou.com\/en\/product\/travel-changing-mat-10\/#primaryimage\"},\"image\":{\"@id\":\"https:\/\/shop.theophile-patachou.com\/en\/product\/travel-changing-mat-10\/#primaryimage\"},\"thumbnailUrl\":\"https:\/\/shop.theophile-patachou.com\/wp-content\/uploads\/2023\/03\/CC.SEC2-1.jpg\",\"datePublished\":\"2023-05-22T09:08:46+00:00\",\"dateModified\":\"2025-11-05T20:08:13+00:00\",\"description\":\"Ideal with its small size, this Classic Car travel changing mat is soft, easy to unfold and allows you to change baby anywhere. Th\u00e9ophile & Patachou\",\"breadcrumb\":{\"@id\":\"https:\/\/shop.theophile-patachou.com\/en\/product\/travel-changing-mat-10\/#breadcrumb\"},\"inLanguage\":\"en-US\",\"potentialAction\":[{\"@type\":\"ReadAction\",\"target\":[\"https:\/\/shop.theophile-patachou.com\/en\/product\/travel-changing-mat-10\/\"]}]},{\"@type\":\"ImageObject\",\"inLanguage\":\"en-US\",\"@id\":\"https:\/\/shop.theophile-patachou.com\/en\/product\/travel-changing-mat-10\/#primaryimage\",\"url\":\"https:\/\/shop.theophile-patachou.com\/wp-content\/uploads\/2023\/03\/CC.SEC2-1.jpg\",\"contentUrl\":\"https:\/\/shop.theophile-patachou.com\/wp-content\/uploads\/2023\/03\/CC.SEC2-1.jpg\",\"width\":1200,\"height\":1200},{\"@type\":\"BreadcrumbList\",\"@id\":\"https:\/\/shop.theophile-patachou.com\/en\/product\/travel-changing-mat-10\/#breadcrumb\",\"itemListElement\":[{\"@type\":\"ListItem\",\"position\":1,\"name\":\"Accueil\",\"item\":\"https:\/\/shop.theophile-patachou.com\/en\/\"},{\"@type\":\"ListItem\",\"position\":2,\"name\":\"Products\",\"item\":\"https:\/\/shop.theophile-patachou.com\/en\/shop\/\"},{\"@type\":\"ListItem\",\"position\":3,\"name\":\"Travel changing mat\"}]},{\"@type\":\"WebSite\",\"@id\":\"https:\/\/shop.theophile-patachou.com\/en\/#website\",\"url\":\"https:\/\/shop.theophile-patachou.com\/en\/\",\"name\":\"Th\u00e9ophile et Patachou\",\"description\":\"Mobilier &amp; accessoires pour b\u00e9b\u00e9\",\"publisher\":{\"@id\":\"https:\/\/shop.theophile-patachou.com\/en\/#organization\"},\"potentialAction\":[{\"@type\":\"SearchAction\",\"target\":{\"@type\":\"EntryPoint\",\"urlTemplate\":\"https:\/\/shop.theophile-patachou.com\/en\/?s={search_term_string}\"},\"query-input\":{\"@type\":\"PropertyValueSpecification\",\"valueRequired\":true,\"valueName\":\"search_term_string\"}}],\"inLanguage\":\"en-US\"},{\"@type\":\"Organization\",\"@id\":\"https:\/\/shop.theophile-patachou.com\/en\/#organization\",\"name\":\"Th\u00e9ophile & Patachou\",\"url\":\"https:\/\/shop.theophile-patachou.com\/en\/\",\"logo\":{\"@type\":\"ImageObject\",\"inLanguage\":\"en-US\",\"@id\":\"https:\/\/shop.theophile-patachou.com\/en\/#\/schema\/logo\/image\/\",\"url\":\"https:\/\/shop.theophile-patachou.com\/wp-content\/uploads\/2014\/12\/site-login-logo.png\",\"contentUrl\":\"https:\/\/shop.theophile-patachou.com\/wp-content\/uploads\/2014\/12\/site-login-logo.png\",\"width\":300,\"height\":150,\"caption\":\"Th\u00e9ophile & Patachou\"},\"image\":{\"@id\":\"https:\/\/shop.theophile-patachou.com\/en\/#\/schema\/logo\/image\/\"},\"sameAs\":[\"https:\/\/www.facebook.com\/Th\u00e9ophile-Patachou-197829346970085\/\",\"https:\/\/x.com\/TPBelgium\",\"https:\/\/instagram.com\/theophile_patachou\/\",\"https:\/\/www.pinterest.com\/ThPat\/\"]}]}<\/script>\n<!-- \/ Yoast SEO plugin. -->","yoast_head_json":{"title":"Travel Changing Mat Classic Car - Th\u00e9ophile et Patachou","description":"Ideal with its small size, this Classic Car travel changing mat is soft, easy to unfold and allows you to change baby anywhere. Th\u00e9ophile & Patachou","robots":{"index":"index","follow":"follow","max-snippet":"max-snippet:-1","max-image-preview":"max-image-preview:large","max-video-preview":"max-video-preview:-1"},"canonical":"https:\/\/shop.theophile-patachou.com\/en\/product\/travel-changing-mat-10\/","og_locale":"en_US","og_type":"article","og_title":"Travel Changing Mat Classic Car - Th\u00e9ophile et Patachou","og_description":"Ideal with its small size, this Classic Car travel changing mat is soft, easy to unfold and allows you to change baby anywhere. Th\u00e9ophile & Patachou","og_url":"https:\/\/shop.theophile-patachou.com\/en\/product\/travel-changing-mat-10\/","og_site_name":"Th\u00e9ophile et Patachou","article_publisher":"https:\/\/www.facebook.com\/Th%c3%a9ophile-Patachou-197829346970085\/","article_modified_time":"2025-11-05T20:08:13+00:00","og_image":[{"width":1200,"height":1200,"url":"https:\/\/shop.theophile-patachou.com\/wp-content\/uploads\/2023\/03\/CC.SEC2-1.jpg","type":"image\/jpeg"}],"twitter_card":"summary_large_image","twitter_site":"@TPBelgium","twitter_misc":{"Est. reading time":"1 minute"},"schema":{"@context":"https:\/\/schema.org","@graph":[{"@type":"WebPage","@id":"https:\/\/shop.theophile-patachou.com\/en\/product\/travel-changing-mat-10\/","url":"https:\/\/shop.theophile-patachou.com\/en\/product\/travel-changing-mat-10\/","name":"Travel Changing Mat Classic Car - Th\u00e9ophile et Patachou","isPartOf":{"@id":"https:\/\/shop.theophile-patachou.com\/en\/#website"},"primaryImageOfPage":{"@id":"https:\/\/shop.theophile-patachou.com\/en\/product\/travel-changing-mat-10\/#primaryimage"},"image":{"@id":"https:\/\/shop.theophile-patachou.com\/en\/product\/travel-changing-mat-10\/#primaryimage"},"thumbnailUrl":"https:\/\/shop.theophile-patachou.com\/wp-content\/uploads\/2023\/03\/CC.SEC2-1.jpg","datePublished":"2023-05-22T09:08:46+00:00","dateModified":"2025-11-05T20:08:13+00:00","description":"Ideal with its small size, this Classic Car travel changing mat is soft, easy to unfold and allows you to change baby anywhere. Th\u00e9ophile & Patachou","breadcrumb":{"@id":"https:\/\/shop.theophile-patachou.com\/en\/product\/travel-changing-mat-10\/#breadcrumb"},"inLanguage":"en-US","potentialAction":[{"@type":"ReadAction","target":["https:\/\/shop.theophile-patachou.com\/en\/product\/travel-changing-mat-10\/"]}]},{"@type":"ImageObject","inLanguage":"en-US","@id":"https:\/\/shop.theophile-patachou.com\/en\/product\/travel-changing-mat-10\/#primaryimage","url":"https:\/\/shop.theophile-patachou.com\/wp-content\/uploads\/2023\/03\/CC.SEC2-1.jpg","contentUrl":"https:\/\/shop.theophile-patachou.com\/wp-content\/uploads\/2023\/03\/CC.SEC2-1.jpg","width":1200,"height":1200},{"@type":"BreadcrumbList","@id":"https:\/\/shop.theophile-patachou.com\/en\/product\/travel-changing-mat-10\/#breadcrumb","itemListElement":[{"@type":"ListItem","position":1,"name":"Accueil","item":"https:\/\/shop.theophile-patachou.com\/en\/"},{"@type":"ListItem","position":2,"name":"Products","item":"https:\/\/shop.theophile-patachou.com\/en\/shop\/"},{"@type":"ListItem","position":3,"name":"Travel changing mat"}]},{"@type":"WebSite","@id":"https:\/\/shop.theophile-patachou.com\/en\/#website","url":"https:\/\/shop.theophile-patachou.com\/en\/","name":"Th\u00e9ophile et Patachou","description":"Mobilier &amp; accessoires pour b\u00e9b\u00e9","publisher":{"@id":"https:\/\/shop.theophile-patachou.com\/en\/#organization"},"potentialAction":[{"@type":"SearchAction","target":{"@type":"EntryPoint","urlTemplate":"https:\/\/shop.theophile-patachou.com\/en\/?s={search_term_string}"},"query-input":{"@type":"PropertyValueSpecification","valueRequired":true,"valueName":"search_term_string"}}],"inLanguage":"en-US"},{"@type":"Organization","@id":"https:\/\/shop.theophile-patachou.com\/en\/#organization","name":"Th\u00e9ophile & Patachou","url":"https:\/\/shop.theophile-patachou.com\/en\/","logo":{"@type":"ImageObject","inLanguage":"en-US","@id":"https:\/\/shop.theophile-patachou.com\/en\/#\/schema\/logo\/image\/","url":"https:\/\/shop.theophile-patachou.com\/wp-content\/uploads\/2014\/12\/site-login-logo.png","contentUrl":"https:\/\/shop.theophile-patachou.com\/wp-content\/uploads\/2014\/12\/site-login-logo.png","width":300,"height":150,"caption":"Th\u00e9ophile & Patachou"},"image":{"@id":"https:\/\/shop.theophile-patachou.com\/en\/#\/schema\/logo\/image\/"},"sameAs":["https:\/\/www.facebook.com\/Th\u00e9ophile-Patachou-197829346970085\/","https:\/\/x.com\/TPBelgium","https:\/\/instagram.com\/theophile_patachou\/","https:\/\/www.pinterest.com\/ThPat\/"]}]}},"_links":{"self":[{"href":"https:\/\/shop.theophile-patachou.com\/en\/wp-json\/wp\/v2\/product\/69429","targetHints":{"allow":["GET"]}}],"collection":[{"href":"https:\/\/shop.theophile-patachou.com\/en\/wp-json\/wp\/v2\/product"}],"about":[{"href":"https:\/\/shop.theophile-patachou.com\/en\/wp-json\/wp\/v2\/types\/product"}],"wp:featuredmedia":[{"embeddable":true,"href":"https:\/\/shop.theophile-patachou.com\/en\/wp-json\/wp\/v2\/media\/68114"}],"wp:attachment":[{"href":"https:\/\/shop.theophile-patachou.com\/en\/wp-json\/wp\/v2\/media?parent=69429"}],"wp:term":[{"taxonomy":"product_brand","embeddable":true,"href":"https:\/\/shop.theophile-patachou.com\/en\/wp-json\/wp\/v2\/product_brand?post=69429"},{"taxonomy":"product_cat","embeddable":true,"href":"https:\/\/shop.theophile-patachou.com\/en\/wp-json\/wp\/v2\/product_cat?post=69429"},{"taxonomy":"product_tag","embeddable":true,"href":"https:\/\/shop.theophile-patachou.com\/en\/wp-json\/wp\/v2\/product_tag?post=69429"}],"curies":[{"name":"wp","href":"https:\/\/api.w.org\/{rel}","templated":true}]}}