{"id":69845,"date":"2023-08-30T09:58:35","date_gmt":"2023-08-30T08:58:37","guid":{"rendered":"https:\/\/shop.theophile-patachou.com\/?post_type=product&#038;p=69845"},"modified":"2026-01-13T14:05:58","modified_gmt":"2026-01-13T13:05:58","slug":"cot-bed-bumper-210-cm-carrousel","status":"publish","type":"product","link":"https:\/\/shop.theophile-patachou.com\/en\/product\/cot-bed-bumper-210-cm-carrousel\/","title":{"rendered":"Cot bed Bumper 210 cm Carrousel"},"content":{"rendered":"<p>Cot Bed Bumper in Carrousel collection for baby bed 70 x 140 cm and 60&#215;120 cm<br \/>\nQuickly fasten it around the baby&#8217;s bed with its ties. Its great thickness protects your baby&#8217;s head effectively.<br \/>\nThe crib bumper is a must-have for baby&#8217;s safety and for decoration.<\/p>\n<p>For an elegant bedroom, match it with the Carrousel bed sheets.<\/p>\n<p>The bumper pad is made of 100% cotton, designed in Belgium and made with high quality materials and attention to detail.<\/p>\n<p>Dimensions : W210 cm x H18 cm<br \/>\nColour: ivory<\/p>\n","protected":false},"excerpt":{"rendered":"<h2>Cot bed Bumper &#8211; Carrousel<\/h2>\n<p>For <strong>cot bed<\/strong> <strong>70 x 140 cm and 60 x 120 cm<\/strong><br \/>\nQuickly fix it around the <strong>baby bed<\/strong> thanks to the knot to be tied. Its big thickness <strong>protects baby&#8217;s head<\/strong> effectively.<\/p>\n<p>Height: 18 cm<br \/>\nTotal length: 210 cm<\/p>\n","protected":false},"featured_media":70576,"template":"","meta":[],"product_brand":[],"product_cat":[443,1592,469],"product_tag":[477,479],"class_list":{"0":"post-69845","1":"product","2":"type-product","3":"status-publish","4":"has-post-thumbnail","6":"product_cat-collections-en","7":"product_cat-carrousel-en","8":"product_cat-bedding","9":"product_tag-bedding","10":"product_tag-cot-bed-bumper","12":"first","13":"instock","14":"taxable","15":"shipping-taxable","16":"purchasable","17":"product-type-simple"},"yoast_head":"<!-- This site is optimized with the Yoast SEO plugin v26.9 - https:\/\/yoast.com\/product\/yoast-seo-wordpress\/ -->\n<title>cot Bed Bumper 70 cm - Th\u00e9ophile et Patachou carrousel<\/title>\n<meta name=\"description\" content=\"Baby cot bed Bumper carrousel for cot bed 70 x 140 cm. The cot bed bumper is essential for baby&#039;s safety and will add a touch of elegance to the room.\" \/>\n<meta name=\"robots\" content=\"index, follow, max-snippet:-1, max-image-preview:large, max-video-preview:-1\" \/>\n<link rel=\"canonical\" href=\"https:\/\/shop.theophile-patachou.com\/en\/product\/cot-bed-bumper-210-cm-carrousel\/\" \/>\n<meta property=\"og:locale\" content=\"en_US\" \/>\n<meta property=\"og:type\" content=\"article\" \/>\n<meta property=\"og:title\" content=\"cot Bed Bumper 70 cm - Th\u00e9ophile et Patachou carrousel\" \/>\n<meta property=\"og:description\" content=\"Baby cot bed Bumper carrousel for cot bed 70 x 140 cm. The cot bed bumper is essential for baby&#039;s safety and will add a touch of elegance to the room.\" \/>\n<meta property=\"og:url\" content=\"https:\/\/shop.theophile-patachou.com\/en\/product\/cot-bed-bumper-210-cm-carrousel\/\" \/>\n<meta property=\"og:site_name\" content=\"Th\u00e9ophile et Patachou\" \/>\n<meta property=\"article:publisher\" content=\"https:\/\/www.facebook.com\/Th%c3%a9ophile-Patachou-197829346970085\/\" \/>\n<meta property=\"article:modified_time\" content=\"2026-01-13T13:05:58+00:00\" \/>\n<meta property=\"og:image\" content=\"https:\/\/shop.theophile-patachou.com\/wp-content\/uploads\/2023\/08\/T.2CA.jpg\" \/>\n\t<meta property=\"og:image:width\" content=\"1200\" \/>\n\t<meta property=\"og:image:height\" content=\"1200\" \/>\n\t<meta property=\"og:image:type\" content=\"image\/jpeg\" \/>\n<meta name=\"twitter:card\" content=\"summary_large_image\" \/>\n<meta name=\"twitter:site\" content=\"@TPBelgium\" \/>\n<meta name=\"twitter:label1\" content=\"Est. reading time\" \/>\n\t<meta name=\"twitter:data1\" content=\"1 minute\" \/>\n<script type=\"application\/ld+json\" class=\"yoast-schema-graph\">{\"@context\":\"https:\/\/schema.org\",\"@graph\":[{\"@type\":\"WebPage\",\"@id\":\"https:\/\/shop.theophile-patachou.com\/en\/product\/cot-bed-bumper-210-cm-carrousel\/\",\"url\":\"https:\/\/shop.theophile-patachou.com\/en\/product\/cot-bed-bumper-210-cm-carrousel\/\",\"name\":\"cot Bed Bumper 70 cm - Th\u00e9ophile et Patachou carrousel\",\"isPartOf\":{\"@id\":\"https:\/\/shop.theophile-patachou.com\/en\/#website\"},\"primaryImageOfPage\":{\"@id\":\"https:\/\/shop.theophile-patachou.com\/en\/product\/cot-bed-bumper-210-cm-carrousel\/#primaryimage\"},\"image\":{\"@id\":\"https:\/\/shop.theophile-patachou.com\/en\/product\/cot-bed-bumper-210-cm-carrousel\/#primaryimage\"},\"thumbnailUrl\":\"https:\/\/shop.theophile-patachou.com\/wp-content\/uploads\/2023\/08\/T.2CA.jpg\",\"datePublished\":\"2023-08-30T08:58:37+00:00\",\"dateModified\":\"2026-01-13T13:05:58+00:00\",\"description\":\"Baby cot bed Bumper carrousel for cot bed 70 x 140 cm. The cot bed bumper is essential for baby's safety and will add a touch of elegance to the room.\",\"breadcrumb\":{\"@id\":\"https:\/\/shop.theophile-patachou.com\/en\/product\/cot-bed-bumper-210-cm-carrousel\/#breadcrumb\"},\"inLanguage\":\"en-US\",\"potentialAction\":[{\"@type\":\"ReadAction\",\"target\":[\"https:\/\/shop.theophile-patachou.com\/en\/product\/cot-bed-bumper-210-cm-carrousel\/\"]}]},{\"@type\":\"ImageObject\",\"inLanguage\":\"en-US\",\"@id\":\"https:\/\/shop.theophile-patachou.com\/en\/product\/cot-bed-bumper-210-cm-carrousel\/#primaryimage\",\"url\":\"https:\/\/shop.theophile-patachou.com\/wp-content\/uploads\/2023\/08\/T.2CA.jpg\",\"contentUrl\":\"https:\/\/shop.theophile-patachou.com\/wp-content\/uploads\/2023\/08\/T.2CA.jpg\",\"width\":1200,\"height\":1200},{\"@type\":\"BreadcrumbList\",\"@id\":\"https:\/\/shop.theophile-patachou.com\/en\/product\/cot-bed-bumper-210-cm-carrousel\/#breadcrumb\",\"itemListElement\":[{\"@type\":\"ListItem\",\"position\":1,\"name\":\"Accueil\",\"item\":\"https:\/\/shop.theophile-patachou.com\/en\/\"},{\"@type\":\"ListItem\",\"position\":2,\"name\":\"Products\",\"item\":\"https:\/\/shop.theophile-patachou.com\/en\/shop\/\"},{\"@type\":\"ListItem\",\"position\":3,\"name\":\"Cot bed Bumper 210 cm Carrousel\"}]},{\"@type\":\"WebSite\",\"@id\":\"https:\/\/shop.theophile-patachou.com\/en\/#website\",\"url\":\"https:\/\/shop.theophile-patachou.com\/en\/\",\"name\":\"Th\u00e9ophile et Patachou\",\"description\":\"Mobilier &amp; accessoires pour b\u00e9b\u00e9\",\"publisher\":{\"@id\":\"https:\/\/shop.theophile-patachou.com\/en\/#organization\"},\"potentialAction\":[{\"@type\":\"SearchAction\",\"target\":{\"@type\":\"EntryPoint\",\"urlTemplate\":\"https:\/\/shop.theophile-patachou.com\/en\/?s={search_term_string}\"},\"query-input\":{\"@type\":\"PropertyValueSpecification\",\"valueRequired\":true,\"valueName\":\"search_term_string\"}}],\"inLanguage\":\"en-US\"},{\"@type\":\"Organization\",\"@id\":\"https:\/\/shop.theophile-patachou.com\/en\/#organization\",\"name\":\"Th\u00e9ophile & Patachou\",\"url\":\"https:\/\/shop.theophile-patachou.com\/en\/\",\"logo\":{\"@type\":\"ImageObject\",\"inLanguage\":\"en-US\",\"@id\":\"https:\/\/shop.theophile-patachou.com\/en\/#\/schema\/logo\/image\/\",\"url\":\"https:\/\/shop.theophile-patachou.com\/wp-content\/uploads\/2014\/12\/site-login-logo.png\",\"contentUrl\":\"https:\/\/shop.theophile-patachou.com\/wp-content\/uploads\/2014\/12\/site-login-logo.png\",\"width\":300,\"height\":150,\"caption\":\"Th\u00e9ophile & Patachou\"},\"image\":{\"@id\":\"https:\/\/shop.theophile-patachou.com\/en\/#\/schema\/logo\/image\/\"},\"sameAs\":[\"https:\/\/www.facebook.com\/Th\u00e9ophile-Patachou-197829346970085\/\",\"https:\/\/x.com\/TPBelgium\",\"https:\/\/instagram.com\/theophile_patachou\/\",\"https:\/\/www.pinterest.com\/ThPat\/\"]}]}<\/script>\n<!-- \/ Yoast SEO plugin. -->","yoast_head_json":{"title":"cot Bed Bumper 70 cm - Th\u00e9ophile et Patachou carrousel","description":"Baby cot bed Bumper carrousel for cot bed 70 x 140 cm. The cot bed bumper is essential for baby's safety and will add a touch of elegance to the room.","robots":{"index":"index","follow":"follow","max-snippet":"max-snippet:-1","max-image-preview":"max-image-preview:large","max-video-preview":"max-video-preview:-1"},"canonical":"https:\/\/shop.theophile-patachou.com\/en\/product\/cot-bed-bumper-210-cm-carrousel\/","og_locale":"en_US","og_type":"article","og_title":"cot Bed Bumper 70 cm - Th\u00e9ophile et Patachou carrousel","og_description":"Baby cot bed Bumper carrousel for cot bed 70 x 140 cm. The cot bed bumper is essential for baby's safety and will add a touch of elegance to the room.","og_url":"https:\/\/shop.theophile-patachou.com\/en\/product\/cot-bed-bumper-210-cm-carrousel\/","og_site_name":"Th\u00e9ophile et Patachou","article_publisher":"https:\/\/www.facebook.com\/Th%c3%a9ophile-Patachou-197829346970085\/","article_modified_time":"2026-01-13T13:05:58+00:00","og_image":[{"width":1200,"height":1200,"url":"https:\/\/shop.theophile-patachou.com\/wp-content\/uploads\/2023\/08\/T.2CA.jpg","type":"image\/jpeg"}],"twitter_card":"summary_large_image","twitter_site":"@TPBelgium","twitter_misc":{"Est. reading time":"1 minute"},"schema":{"@context":"https:\/\/schema.org","@graph":[{"@type":"WebPage","@id":"https:\/\/shop.theophile-patachou.com\/en\/product\/cot-bed-bumper-210-cm-carrousel\/","url":"https:\/\/shop.theophile-patachou.com\/en\/product\/cot-bed-bumper-210-cm-carrousel\/","name":"cot Bed Bumper 70 cm - Th\u00e9ophile et Patachou carrousel","isPartOf":{"@id":"https:\/\/shop.theophile-patachou.com\/en\/#website"},"primaryImageOfPage":{"@id":"https:\/\/shop.theophile-patachou.com\/en\/product\/cot-bed-bumper-210-cm-carrousel\/#primaryimage"},"image":{"@id":"https:\/\/shop.theophile-patachou.com\/en\/product\/cot-bed-bumper-210-cm-carrousel\/#primaryimage"},"thumbnailUrl":"https:\/\/shop.theophile-patachou.com\/wp-content\/uploads\/2023\/08\/T.2CA.jpg","datePublished":"2023-08-30T08:58:37+00:00","dateModified":"2026-01-13T13:05:58+00:00","description":"Baby cot bed Bumper carrousel for cot bed 70 x 140 cm. The cot bed bumper is essential for baby's safety and will add a touch of elegance to the room.","breadcrumb":{"@id":"https:\/\/shop.theophile-patachou.com\/en\/product\/cot-bed-bumper-210-cm-carrousel\/#breadcrumb"},"inLanguage":"en-US","potentialAction":[{"@type":"ReadAction","target":["https:\/\/shop.theophile-patachou.com\/en\/product\/cot-bed-bumper-210-cm-carrousel\/"]}]},{"@type":"ImageObject","inLanguage":"en-US","@id":"https:\/\/shop.theophile-patachou.com\/en\/product\/cot-bed-bumper-210-cm-carrousel\/#primaryimage","url":"https:\/\/shop.theophile-patachou.com\/wp-content\/uploads\/2023\/08\/T.2CA.jpg","contentUrl":"https:\/\/shop.theophile-patachou.com\/wp-content\/uploads\/2023\/08\/T.2CA.jpg","width":1200,"height":1200},{"@type":"BreadcrumbList","@id":"https:\/\/shop.theophile-patachou.com\/en\/product\/cot-bed-bumper-210-cm-carrousel\/#breadcrumb","itemListElement":[{"@type":"ListItem","position":1,"name":"Accueil","item":"https:\/\/shop.theophile-patachou.com\/en\/"},{"@type":"ListItem","position":2,"name":"Products","item":"https:\/\/shop.theophile-patachou.com\/en\/shop\/"},{"@type":"ListItem","position":3,"name":"Cot bed Bumper 210 cm Carrousel"}]},{"@type":"WebSite","@id":"https:\/\/shop.theophile-patachou.com\/en\/#website","url":"https:\/\/shop.theophile-patachou.com\/en\/","name":"Th\u00e9ophile et Patachou","description":"Mobilier &amp; accessoires pour b\u00e9b\u00e9","publisher":{"@id":"https:\/\/shop.theophile-patachou.com\/en\/#organization"},"potentialAction":[{"@type":"SearchAction","target":{"@type":"EntryPoint","urlTemplate":"https:\/\/shop.theophile-patachou.com\/en\/?s={search_term_string}"},"query-input":{"@type":"PropertyValueSpecification","valueRequired":true,"valueName":"search_term_string"}}],"inLanguage":"en-US"},{"@type":"Organization","@id":"https:\/\/shop.theophile-patachou.com\/en\/#organization","name":"Th\u00e9ophile & Patachou","url":"https:\/\/shop.theophile-patachou.com\/en\/","logo":{"@type":"ImageObject","inLanguage":"en-US","@id":"https:\/\/shop.theophile-patachou.com\/en\/#\/schema\/logo\/image\/","url":"https:\/\/shop.theophile-patachou.com\/wp-content\/uploads\/2014\/12\/site-login-logo.png","contentUrl":"https:\/\/shop.theophile-patachou.com\/wp-content\/uploads\/2014\/12\/site-login-logo.png","width":300,"height":150,"caption":"Th\u00e9ophile & Patachou"},"image":{"@id":"https:\/\/shop.theophile-patachou.com\/en\/#\/schema\/logo\/image\/"},"sameAs":["https:\/\/www.facebook.com\/Th\u00e9ophile-Patachou-197829346970085\/","https:\/\/x.com\/TPBelgium","https:\/\/instagram.com\/theophile_patachou\/","https:\/\/www.pinterest.com\/ThPat\/"]}]}},"_links":{"self":[{"href":"https:\/\/shop.theophile-patachou.com\/en\/wp-json\/wp\/v2\/product\/69845","targetHints":{"allow":["GET"]}}],"collection":[{"href":"https:\/\/shop.theophile-patachou.com\/en\/wp-json\/wp\/v2\/product"}],"about":[{"href":"https:\/\/shop.theophile-patachou.com\/en\/wp-json\/wp\/v2\/types\/product"}],"wp:featuredmedia":[{"embeddable":true,"href":"https:\/\/shop.theophile-patachou.com\/en\/wp-json\/wp\/v2\/media\/70576"}],"wp:attachment":[{"href":"https:\/\/shop.theophile-patachou.com\/en\/wp-json\/wp\/v2\/media?parent=69845"}],"wp:term":[{"taxonomy":"product_brand","embeddable":true,"href":"https:\/\/shop.theophile-patachou.com\/en\/wp-json\/wp\/v2\/product_brand?post=69845"},{"taxonomy":"product_cat","embeddable":true,"href":"https:\/\/shop.theophile-patachou.com\/en\/wp-json\/wp\/v2\/product_cat?post=69845"},{"taxonomy":"product_tag","embeddable":true,"href":"https:\/\/shop.theophile-patachou.com\/en\/wp-json\/wp\/v2\/product_tag?post=69845"}],"curies":[{"name":"wp","href":"https:\/\/api.w.org\/{rel}","templated":true}]}}