{"id":71488,"date":"2023-09-20T11:41:02","date_gmt":"2023-09-20T10:41:03","guid":{"rendered":"https:\/\/shop.theophile-patachou.com\/?post_type=product&#038;p=71488"},"modified":"2023-09-20T12:40:13","modified_gmt":"2023-09-20T11:40:13","slug":"rocking-chair-5","status":"publish","type":"product","link":"https:\/\/shop.theophile-patachou.com\/en\/product\/rocking-chair-5\/","title":{"rendered":"Rocking Chair"},"content":{"rendered":"<p>Let yourself be rocked peacefully by the ivory rocking chair, born from the collaboration between Th\u00e9ophile &amp; Patachou and Marie&#8217;s Corner<\/p>\n<p>Elegant and comfortable, this rocking chair will perfectly fit in the living room or in your baby&#8217;s room. Its elegant ivory colour blends perfectly with modern interiors.<br \/>\nThe rocking chair is available in 5 colours. Discover all our <a href=\"https:\/\/shop.theophile-patachou.com\/en\/product-category\/furniture\/rocking-chair-en\/\">rocking chairs<\/a>.<\/p>\n<p>Decorate the ivory rocking chair with a cushion for an even more elegant look: camel Carrousel cushion.<br \/>\nDiscover our Carrousel Collection for a full modern nursery.<\/p>\n<p>Fabric composition: Sheep effect<br \/>\nImpingement : White lacquered wood<\/p>\n<p>Dimensions:<br \/>\n&#8211; Depth 80 cm x Width 70 cm x Height 92 cm<br \/>\n&#8211; Seat : Depth 52 cm x Width 53 cm x Height 50 cm.<\/p>\n<p>Delivery in 3-10 working days.<\/p>\n","protected":false},"excerpt":{"rendered":"<h2>Rocking Chair &#8211; Ivory<\/h2>\n<p>Let yourself be peacefully rock by this rocking chair born from the collaboration between Th\u00e9ophile &amp; Patachou and Marie\u2019s Corner<\/p>\n<p>Elegant and comfortable, this<strong> rocking chair<\/strong> will find the perfect place in the <strong>living room<\/strong> or in your <strong>baby\u2019s bedroom.<\/strong><br \/>\nOur decor tip: place a cushion for a chic look!<\/p>\n<p>Fabric composition: Sheep effect<br \/>\nEncroachment: White lacquered wood<\/p>\n<p>&#8211; Dimensions\u00a0: Depth 80 cm x Width 70 cm x Height 92 cm.<br \/>\n&#8211; The seat\u00a0: Depth 52cm X Width 53 cm X Height 50 cm.<\/p>\n<p>Delivery in 1-3 working days<\/p>\n","protected":false},"featured_media":69033,"template":"","meta":[],"product_brand":[],"product_cat":[1234,1265,443,1592],"product_tag":[953,651],"class_list":{"0":"post-71488","1":"product","2":"type-product","3":"status-publish","4":"has-post-thumbnail","6":"product_cat-furniture","7":"product_cat-rocking-chair-en","8":"product_cat-collections-en","9":"product_cat-carrousel-en","10":"product_tag-camel-en","11":"product_tag-decoration-en","13":"first","14":"instock","15":"taxable","16":"shipping-taxable","17":"purchasable","18":"product-type-simple"},"yoast_head":"<!-- This site is optimized with the Yoast SEO plugin v26.9 - https:\/\/yoast.com\/product\/yoast-seo-wordpress\/ -->\n<title>Rocking Chair ivory - Carrousel collection - Th\u00e9ophile et Patachou<\/title>\n<meta name=\"description\" content=\"Cradle baby in style in the ivory Rocking Chair from Theophile &amp; Patachou. This ivory rocking chair will fit perfectly in the living room or the nursery.\" \/>\n<meta name=\"robots\" content=\"index, follow, max-snippet:-1, max-image-preview:large, max-video-preview:-1\" \/>\n<link rel=\"canonical\" href=\"https:\/\/shop.theophile-patachou.com\/en\/product\/rocking-chair-5\/\" \/>\n<meta property=\"og:locale\" content=\"en_US\" \/>\n<meta property=\"og:type\" content=\"article\" \/>\n<meta property=\"og:title\" content=\"Rocking Chair ivory - Carrousel collection - Th\u00e9ophile et Patachou\" \/>\n<meta property=\"og:description\" content=\"Cradle baby in style in the ivory Rocking Chair from Theophile &amp; Patachou. This ivory rocking chair will fit perfectly in the living room or the nursery.\" \/>\n<meta property=\"og:url\" content=\"https:\/\/shop.theophile-patachou.com\/en\/product\/rocking-chair-5\/\" \/>\n<meta property=\"og:site_name\" content=\"Th\u00e9ophile et Patachou\" \/>\n<meta property=\"article:publisher\" content=\"https:\/\/www.facebook.com\/Th%c3%a9ophile-Patachou-197829346970085\/\" \/>\n<meta property=\"article:modified_time\" content=\"2023-09-20T11:40:13+00:00\" \/>\n<meta property=\"og:image\" content=\"https:\/\/shop.theophile-patachou.com\/wp-content\/uploads\/2022\/12\/ROCKING3.CA_.jpg\" \/>\n\t<meta property=\"og:image:width\" content=\"1200\" \/>\n\t<meta property=\"og:image:height\" content=\"1200\" \/>\n\t<meta property=\"og:image:type\" content=\"image\/jpeg\" \/>\n<meta name=\"twitter:card\" content=\"summary_large_image\" \/>\n<meta name=\"twitter:site\" content=\"@TPBelgium\" \/>\n<meta name=\"twitter:label1\" content=\"Est. reading time\" \/>\n\t<meta name=\"twitter:data1\" content=\"1 minute\" \/>\n<script type=\"application\/ld+json\" class=\"yoast-schema-graph\">{\"@context\":\"https:\/\/schema.org\",\"@graph\":[{\"@type\":\"WebPage\",\"@id\":\"https:\/\/shop.theophile-patachou.com\/en\/product\/rocking-chair-5\/\",\"url\":\"https:\/\/shop.theophile-patachou.com\/en\/product\/rocking-chair-5\/\",\"name\":\"Rocking Chair ivory - Carrousel collection - Th\u00e9ophile et Patachou\",\"isPartOf\":{\"@id\":\"https:\/\/shop.theophile-patachou.com\/en\/#website\"},\"primaryImageOfPage\":{\"@id\":\"https:\/\/shop.theophile-patachou.com\/en\/product\/rocking-chair-5\/#primaryimage\"},\"image\":{\"@id\":\"https:\/\/shop.theophile-patachou.com\/en\/product\/rocking-chair-5\/#primaryimage\"},\"thumbnailUrl\":\"https:\/\/shop.theophile-patachou.com\/wp-content\/uploads\/2022\/12\/ROCKING3.CA_.jpg\",\"datePublished\":\"2023-09-20T10:41:03+00:00\",\"dateModified\":\"2023-09-20T11:40:13+00:00\",\"description\":\"Cradle baby in style in the ivory Rocking Chair from Theophile & Patachou. This ivory rocking chair will fit perfectly in the living room or the nursery.\",\"breadcrumb\":{\"@id\":\"https:\/\/shop.theophile-patachou.com\/en\/product\/rocking-chair-5\/#breadcrumb\"},\"inLanguage\":\"en-US\",\"potentialAction\":[{\"@type\":\"ReadAction\",\"target\":[\"https:\/\/shop.theophile-patachou.com\/en\/product\/rocking-chair-5\/\"]}]},{\"@type\":\"ImageObject\",\"inLanguage\":\"en-US\",\"@id\":\"https:\/\/shop.theophile-patachou.com\/en\/product\/rocking-chair-5\/#primaryimage\",\"url\":\"https:\/\/shop.theophile-patachou.com\/wp-content\/uploads\/2022\/12\/ROCKING3.CA_.jpg\",\"contentUrl\":\"https:\/\/shop.theophile-patachou.com\/wp-content\/uploads\/2022\/12\/ROCKING3.CA_.jpg\",\"width\":1200,\"height\":1200},{\"@type\":\"BreadcrumbList\",\"@id\":\"https:\/\/shop.theophile-patachou.com\/en\/product\/rocking-chair-5\/#breadcrumb\",\"itemListElement\":[{\"@type\":\"ListItem\",\"position\":1,\"name\":\"Accueil\",\"item\":\"https:\/\/shop.theophile-patachou.com\/en\/\"},{\"@type\":\"ListItem\",\"position\":2,\"name\":\"Products\",\"item\":\"https:\/\/shop.theophile-patachou.com\/en\/shop\/\"},{\"@type\":\"ListItem\",\"position\":3,\"name\":\"Rocking Chair\"}]},{\"@type\":\"WebSite\",\"@id\":\"https:\/\/shop.theophile-patachou.com\/en\/#website\",\"url\":\"https:\/\/shop.theophile-patachou.com\/en\/\",\"name\":\"Th\u00e9ophile et Patachou\",\"description\":\"Mobilier &amp; accessoires pour b\u00e9b\u00e9\",\"publisher\":{\"@id\":\"https:\/\/shop.theophile-patachou.com\/en\/#organization\"},\"potentialAction\":[{\"@type\":\"SearchAction\",\"target\":{\"@type\":\"EntryPoint\",\"urlTemplate\":\"https:\/\/shop.theophile-patachou.com\/en\/?s={search_term_string}\"},\"query-input\":{\"@type\":\"PropertyValueSpecification\",\"valueRequired\":true,\"valueName\":\"search_term_string\"}}],\"inLanguage\":\"en-US\"},{\"@type\":\"Organization\",\"@id\":\"https:\/\/shop.theophile-patachou.com\/en\/#organization\",\"name\":\"Th\u00e9ophile & Patachou\",\"url\":\"https:\/\/shop.theophile-patachou.com\/en\/\",\"logo\":{\"@type\":\"ImageObject\",\"inLanguage\":\"en-US\",\"@id\":\"https:\/\/shop.theophile-patachou.com\/en\/#\/schema\/logo\/image\/\",\"url\":\"https:\/\/shop.theophile-patachou.com\/wp-content\/uploads\/2014\/12\/site-login-logo.png\",\"contentUrl\":\"https:\/\/shop.theophile-patachou.com\/wp-content\/uploads\/2014\/12\/site-login-logo.png\",\"width\":300,\"height\":150,\"caption\":\"Th\u00e9ophile & Patachou\"},\"image\":{\"@id\":\"https:\/\/shop.theophile-patachou.com\/en\/#\/schema\/logo\/image\/\"},\"sameAs\":[\"https:\/\/www.facebook.com\/Th\u00e9ophile-Patachou-197829346970085\/\",\"https:\/\/x.com\/TPBelgium\",\"https:\/\/instagram.com\/theophile_patachou\/\",\"https:\/\/www.pinterest.com\/ThPat\/\"]}]}<\/script>\n<!-- \/ Yoast SEO plugin. -->","yoast_head_json":{"title":"Rocking Chair ivory - Carrousel collection - Th\u00e9ophile et Patachou","description":"Cradle baby in style in the ivory Rocking Chair from Theophile & Patachou. This ivory rocking chair will fit perfectly in the living room or the nursery.","robots":{"index":"index","follow":"follow","max-snippet":"max-snippet:-1","max-image-preview":"max-image-preview:large","max-video-preview":"max-video-preview:-1"},"canonical":"https:\/\/shop.theophile-patachou.com\/en\/product\/rocking-chair-5\/","og_locale":"en_US","og_type":"article","og_title":"Rocking Chair ivory - Carrousel collection - Th\u00e9ophile et Patachou","og_description":"Cradle baby in style in the ivory Rocking Chair from Theophile & Patachou. This ivory rocking chair will fit perfectly in the living room or the nursery.","og_url":"https:\/\/shop.theophile-patachou.com\/en\/product\/rocking-chair-5\/","og_site_name":"Th\u00e9ophile et Patachou","article_publisher":"https:\/\/www.facebook.com\/Th%c3%a9ophile-Patachou-197829346970085\/","article_modified_time":"2023-09-20T11:40:13+00:00","og_image":[{"width":1200,"height":1200,"url":"https:\/\/shop.theophile-patachou.com\/wp-content\/uploads\/2022\/12\/ROCKING3.CA_.jpg","type":"image\/jpeg"}],"twitter_card":"summary_large_image","twitter_site":"@TPBelgium","twitter_misc":{"Est. reading time":"1 minute"},"schema":{"@context":"https:\/\/schema.org","@graph":[{"@type":"WebPage","@id":"https:\/\/shop.theophile-patachou.com\/en\/product\/rocking-chair-5\/","url":"https:\/\/shop.theophile-patachou.com\/en\/product\/rocking-chair-5\/","name":"Rocking Chair ivory - Carrousel collection - Th\u00e9ophile et Patachou","isPartOf":{"@id":"https:\/\/shop.theophile-patachou.com\/en\/#website"},"primaryImageOfPage":{"@id":"https:\/\/shop.theophile-patachou.com\/en\/product\/rocking-chair-5\/#primaryimage"},"image":{"@id":"https:\/\/shop.theophile-patachou.com\/en\/product\/rocking-chair-5\/#primaryimage"},"thumbnailUrl":"https:\/\/shop.theophile-patachou.com\/wp-content\/uploads\/2022\/12\/ROCKING3.CA_.jpg","datePublished":"2023-09-20T10:41:03+00:00","dateModified":"2023-09-20T11:40:13+00:00","description":"Cradle baby in style in the ivory Rocking Chair from Theophile & Patachou. This ivory rocking chair will fit perfectly in the living room or the nursery.","breadcrumb":{"@id":"https:\/\/shop.theophile-patachou.com\/en\/product\/rocking-chair-5\/#breadcrumb"},"inLanguage":"en-US","potentialAction":[{"@type":"ReadAction","target":["https:\/\/shop.theophile-patachou.com\/en\/product\/rocking-chair-5\/"]}]},{"@type":"ImageObject","inLanguage":"en-US","@id":"https:\/\/shop.theophile-patachou.com\/en\/product\/rocking-chair-5\/#primaryimage","url":"https:\/\/shop.theophile-patachou.com\/wp-content\/uploads\/2022\/12\/ROCKING3.CA_.jpg","contentUrl":"https:\/\/shop.theophile-patachou.com\/wp-content\/uploads\/2022\/12\/ROCKING3.CA_.jpg","width":1200,"height":1200},{"@type":"BreadcrumbList","@id":"https:\/\/shop.theophile-patachou.com\/en\/product\/rocking-chair-5\/#breadcrumb","itemListElement":[{"@type":"ListItem","position":1,"name":"Accueil","item":"https:\/\/shop.theophile-patachou.com\/en\/"},{"@type":"ListItem","position":2,"name":"Products","item":"https:\/\/shop.theophile-patachou.com\/en\/shop\/"},{"@type":"ListItem","position":3,"name":"Rocking Chair"}]},{"@type":"WebSite","@id":"https:\/\/shop.theophile-patachou.com\/en\/#website","url":"https:\/\/shop.theophile-patachou.com\/en\/","name":"Th\u00e9ophile et Patachou","description":"Mobilier &amp; accessoires pour b\u00e9b\u00e9","publisher":{"@id":"https:\/\/shop.theophile-patachou.com\/en\/#organization"},"potentialAction":[{"@type":"SearchAction","target":{"@type":"EntryPoint","urlTemplate":"https:\/\/shop.theophile-patachou.com\/en\/?s={search_term_string}"},"query-input":{"@type":"PropertyValueSpecification","valueRequired":true,"valueName":"search_term_string"}}],"inLanguage":"en-US"},{"@type":"Organization","@id":"https:\/\/shop.theophile-patachou.com\/en\/#organization","name":"Th\u00e9ophile & Patachou","url":"https:\/\/shop.theophile-patachou.com\/en\/","logo":{"@type":"ImageObject","inLanguage":"en-US","@id":"https:\/\/shop.theophile-patachou.com\/en\/#\/schema\/logo\/image\/","url":"https:\/\/shop.theophile-patachou.com\/wp-content\/uploads\/2014\/12\/site-login-logo.png","contentUrl":"https:\/\/shop.theophile-patachou.com\/wp-content\/uploads\/2014\/12\/site-login-logo.png","width":300,"height":150,"caption":"Th\u00e9ophile & Patachou"},"image":{"@id":"https:\/\/shop.theophile-patachou.com\/en\/#\/schema\/logo\/image\/"},"sameAs":["https:\/\/www.facebook.com\/Th\u00e9ophile-Patachou-197829346970085\/","https:\/\/x.com\/TPBelgium","https:\/\/instagram.com\/theophile_patachou\/","https:\/\/www.pinterest.com\/ThPat\/"]}]}},"_links":{"self":[{"href":"https:\/\/shop.theophile-patachou.com\/en\/wp-json\/wp\/v2\/product\/71488","targetHints":{"allow":["GET"]}}],"collection":[{"href":"https:\/\/shop.theophile-patachou.com\/en\/wp-json\/wp\/v2\/product"}],"about":[{"href":"https:\/\/shop.theophile-patachou.com\/en\/wp-json\/wp\/v2\/types\/product"}],"wp:featuredmedia":[{"embeddable":true,"href":"https:\/\/shop.theophile-patachou.com\/en\/wp-json\/wp\/v2\/media\/69033"}],"wp:attachment":[{"href":"https:\/\/shop.theophile-patachou.com\/en\/wp-json\/wp\/v2\/media?parent=71488"}],"wp:term":[{"taxonomy":"product_brand","embeddable":true,"href":"https:\/\/shop.theophile-patachou.com\/en\/wp-json\/wp\/v2\/product_brand?post=71488"},{"taxonomy":"product_cat","embeddable":true,"href":"https:\/\/shop.theophile-patachou.com\/en\/wp-json\/wp\/v2\/product_cat?post=71488"},{"taxonomy":"product_tag","embeddable":true,"href":"https:\/\/shop.theophile-patachou.com\/en\/wp-json\/wp\/v2\/product_tag?post=71488"}],"curies":[{"name":"wp","href":"https:\/\/api.w.org\/{rel}","templated":true}]}}