{"id":74627,"date":"2024-05-23T17:23:43","date_gmt":"2024-05-23T16:23:43","guid":{"rendered":"https:\/\/shop.theophile-patachou.com\/?post_type=product&#038;p=74627"},"modified":"2026-02-03T22:59:32","modified_gmt":"2026-02-03T21:59:32","slug":"velvet-rabbit-soft-custom","status":"publish","type":"product","link":"https:\/\/shop.theophile-patachou.com\/en\/product\/velvet-rabbit-soft-custom\/","title":{"rendered":"Custom velvet Rabbit soft toy"},"content":{"rendered":"<p>Custom velvet bunny soft toy, white. The ideal cuddly toy to help baby fall asleep peacefully.<\/p>\n<p>Discover the other <a href=\"https:\/\/shop.theophile-patachou.com\/en\/product-category\/soft-toys\/\">Th\u00e9ophile &amp; Patachou soft toys<\/a><\/p>\n<p>Colour: whit<\/p>\n<p><span lang=\"EN-US\">Customize the soft bunny to the child\u2019s first name for a unique souvenir.<\/span><\/p>\n<p><strong><span lang=\"EN-US\">Personalized items cannot be exchanged or returned.<\/span><\/strong><\/p>\n<p>&nbsp;<\/p>\n","protected":false},"excerpt":{"rendered":"<h2>Rabbit soft toy &#8211; Custom<\/h2>\n<p>The ideal companion that will help baby to fall asleep peacefully. Its softness is irresistible.<\/p>\n<p><span lang=\"EN-US\">Customize the soft bunny to the child\u2019s first name for a unique souvenir.<\/span><\/p>\n<p><strong><span lang=\"EN-US\">Personalized items cannot be exchanged or returned.<\/span><\/strong><\/p>\n<p>&nbsp;<\/p>\n","protected":false},"featured_media":74664,"template":"","meta":[],"product_brand":[],"product_cat":[1536,1532,443,1564,1398,1379,451,453],"product_tag":[657,995,994,1242],"class_list":{"0":"post-74627","1":"product","2":"type-product","3":"status-publish","4":"has-post-thumbnail","6":"product_cat-customization-t","7":"product_cat-customization-en","8":"product_cat-collections-en","9":"product_cat-classic-car-en","10":"product_cat-cotton-white-en","11":"product_cat-safari-en","12":"product_cat-soft-toys","13":"product_cat-doudous-en","14":"product_tag-doudou-en","15":"product_tag-rabbit","16":"product_tag-soft-toys","17":"product_tag-white-en","18":"wcpa_has_options","20":"first","21":"instock","22":"taxable","23":"shipping-taxable","24":"purchasable","25":"product-type-simple"},"yoast_head":"<!-- This site is optimized with the Yoast SEO plugin v26.9 - https:\/\/yoast.com\/product\/yoast-seo-wordpress\/ -->\n<title>Custom Bunny Soft Toy Cotton White - Th\u00e9ophile et Patachou<\/title>\n<meta name=\"description\" content=\"The custom white velvet bunny soft toy is the ideal companion to help baby fall asleep peacefully. From the Cotton White collection\" \/>\n<meta name=\"robots\" content=\"index, follow, max-snippet:-1, max-image-preview:large, max-video-preview:-1\" \/>\n<link rel=\"canonical\" href=\"https:\/\/shop.theophile-patachou.com\/en\/product\/velvet-rabbit-soft-custom\/\" \/>\n<meta property=\"og:locale\" content=\"en_US\" \/>\n<meta property=\"og:type\" content=\"article\" \/>\n<meta property=\"og:title\" content=\"Custom Bunny Soft Toy Cotton White - Th\u00e9ophile et Patachou\" \/>\n<meta property=\"og:description\" content=\"The custom white velvet bunny soft toy is the ideal companion to help baby fall asleep peacefully. From the Cotton White collection\" \/>\n<meta property=\"og:url\" content=\"https:\/\/shop.theophile-patachou.com\/en\/product\/velvet-rabbit-soft-custom\/\" \/>\n<meta property=\"og:site_name\" content=\"Th\u00e9ophile et Patachou\" \/>\n<meta property=\"article:publisher\" content=\"https:\/\/www.facebook.com\/Th%c3%a9ophile-Patachou-197829346970085\/\" \/>\n<meta property=\"article:modified_time\" content=\"2026-02-03T21:59:32+00:00\" \/>\n<meta property=\"og:image\" content=\"https:\/\/shop.theophile-patachou.com\/wp-content\/uploads\/2024\/05\/Z9D_7675.jpg\" \/>\n\t<meta property=\"og:image:width\" content=\"1200\" \/>\n\t<meta property=\"og:image:height\" content=\"1200\" \/>\n\t<meta property=\"og:image:type\" content=\"image\/jpeg\" \/>\n<meta name=\"twitter:card\" content=\"summary_large_image\" \/>\n<meta name=\"twitter:site\" content=\"@TPBelgium\" \/>\n<meta name=\"twitter:label1\" content=\"Est. reading time\" \/>\n\t<meta name=\"twitter:data1\" content=\"1 minute\" \/>\n<script type=\"application\/ld+json\" class=\"yoast-schema-graph\">{\"@context\":\"https:\/\/schema.org\",\"@graph\":[{\"@type\":\"WebPage\",\"@id\":\"https:\/\/shop.theophile-patachou.com\/en\/product\/velvet-rabbit-soft-custom\/\",\"url\":\"https:\/\/shop.theophile-patachou.com\/en\/product\/velvet-rabbit-soft-custom\/\",\"name\":\"Custom Bunny Soft Toy Cotton White - Th\u00e9ophile et Patachou\",\"isPartOf\":{\"@id\":\"https:\/\/shop.theophile-patachou.com\/en\/#website\"},\"primaryImageOfPage\":{\"@id\":\"https:\/\/shop.theophile-patachou.com\/en\/product\/velvet-rabbit-soft-custom\/#primaryimage\"},\"image\":{\"@id\":\"https:\/\/shop.theophile-patachou.com\/en\/product\/velvet-rabbit-soft-custom\/#primaryimage\"},\"thumbnailUrl\":\"https:\/\/shop.theophile-patachou.com\/wp-content\/uploads\/2024\/05\/Z9D_7675.jpg\",\"datePublished\":\"2024-05-23T16:23:43+00:00\",\"dateModified\":\"2026-02-03T21:59:32+00:00\",\"description\":\"The custom white velvet bunny soft toy is the ideal companion to help baby fall asleep peacefully. From the Cotton White collection\",\"breadcrumb\":{\"@id\":\"https:\/\/shop.theophile-patachou.com\/en\/product\/velvet-rabbit-soft-custom\/#breadcrumb\"},\"inLanguage\":\"en-US\",\"potentialAction\":[{\"@type\":\"ReadAction\",\"target\":[\"https:\/\/shop.theophile-patachou.com\/en\/product\/velvet-rabbit-soft-custom\/\"]}]},{\"@type\":\"ImageObject\",\"inLanguage\":\"en-US\",\"@id\":\"https:\/\/shop.theophile-patachou.com\/en\/product\/velvet-rabbit-soft-custom\/#primaryimage\",\"url\":\"https:\/\/shop.theophile-patachou.com\/wp-content\/uploads\/2024\/05\/Z9D_7675.jpg\",\"contentUrl\":\"https:\/\/shop.theophile-patachou.com\/wp-content\/uploads\/2024\/05\/Z9D_7675.jpg\",\"width\":1200,\"height\":1200},{\"@type\":\"BreadcrumbList\",\"@id\":\"https:\/\/shop.theophile-patachou.com\/en\/product\/velvet-rabbit-soft-custom\/#breadcrumb\",\"itemListElement\":[{\"@type\":\"ListItem\",\"position\":1,\"name\":\"Accueil\",\"item\":\"https:\/\/shop.theophile-patachou.com\/en\/\"},{\"@type\":\"ListItem\",\"position\":2,\"name\":\"Products\",\"item\":\"https:\/\/shop.theophile-patachou.com\/en\/shop\/\"},{\"@type\":\"ListItem\",\"position\":3,\"name\":\"Custom velvet Rabbit soft toy\"}]},{\"@type\":\"WebSite\",\"@id\":\"https:\/\/shop.theophile-patachou.com\/en\/#website\",\"url\":\"https:\/\/shop.theophile-patachou.com\/en\/\",\"name\":\"Th\u00e9ophile et Patachou\",\"description\":\"Mobilier &amp; accessoires pour b\u00e9b\u00e9\",\"publisher\":{\"@id\":\"https:\/\/shop.theophile-patachou.com\/en\/#organization\"},\"potentialAction\":[{\"@type\":\"SearchAction\",\"target\":{\"@type\":\"EntryPoint\",\"urlTemplate\":\"https:\/\/shop.theophile-patachou.com\/en\/?s={search_term_string}\"},\"query-input\":{\"@type\":\"PropertyValueSpecification\",\"valueRequired\":true,\"valueName\":\"search_term_string\"}}],\"inLanguage\":\"en-US\"},{\"@type\":\"Organization\",\"@id\":\"https:\/\/shop.theophile-patachou.com\/en\/#organization\",\"name\":\"Th\u00e9ophile & Patachou\",\"url\":\"https:\/\/shop.theophile-patachou.com\/en\/\",\"logo\":{\"@type\":\"ImageObject\",\"inLanguage\":\"en-US\",\"@id\":\"https:\/\/shop.theophile-patachou.com\/en\/#\/schema\/logo\/image\/\",\"url\":\"https:\/\/shop.theophile-patachou.com\/wp-content\/uploads\/2014\/12\/site-login-logo.png\",\"contentUrl\":\"https:\/\/shop.theophile-patachou.com\/wp-content\/uploads\/2014\/12\/site-login-logo.png\",\"width\":300,\"height\":150,\"caption\":\"Th\u00e9ophile & Patachou\"},\"image\":{\"@id\":\"https:\/\/shop.theophile-patachou.com\/en\/#\/schema\/logo\/image\/\"},\"sameAs\":[\"https:\/\/www.facebook.com\/Th\u00e9ophile-Patachou-197829346970085\/\",\"https:\/\/x.com\/TPBelgium\",\"https:\/\/instagram.com\/theophile_patachou\/\",\"https:\/\/www.pinterest.com\/ThPat\/\"]}]}<\/script>\n<!-- \/ Yoast SEO plugin. -->","yoast_head_json":{"title":"Custom Bunny Soft Toy Cotton White - Th\u00e9ophile et Patachou","description":"The custom white velvet bunny soft toy is the ideal companion to help baby fall asleep peacefully. From the Cotton White collection","robots":{"index":"index","follow":"follow","max-snippet":"max-snippet:-1","max-image-preview":"max-image-preview:large","max-video-preview":"max-video-preview:-1"},"canonical":"https:\/\/shop.theophile-patachou.com\/en\/product\/velvet-rabbit-soft-custom\/","og_locale":"en_US","og_type":"article","og_title":"Custom Bunny Soft Toy Cotton White - Th\u00e9ophile et Patachou","og_description":"The custom white velvet bunny soft toy is the ideal companion to help baby fall asleep peacefully. From the Cotton White collection","og_url":"https:\/\/shop.theophile-patachou.com\/en\/product\/velvet-rabbit-soft-custom\/","og_site_name":"Th\u00e9ophile et Patachou","article_publisher":"https:\/\/www.facebook.com\/Th%c3%a9ophile-Patachou-197829346970085\/","article_modified_time":"2026-02-03T21:59:32+00:00","og_image":[{"width":1200,"height":1200,"url":"https:\/\/shop.theophile-patachou.com\/wp-content\/uploads\/2024\/05\/Z9D_7675.jpg","type":"image\/jpeg"}],"twitter_card":"summary_large_image","twitter_site":"@TPBelgium","twitter_misc":{"Est. reading time":"1 minute"},"schema":{"@context":"https:\/\/schema.org","@graph":[{"@type":"WebPage","@id":"https:\/\/shop.theophile-patachou.com\/en\/product\/velvet-rabbit-soft-custom\/","url":"https:\/\/shop.theophile-patachou.com\/en\/product\/velvet-rabbit-soft-custom\/","name":"Custom Bunny Soft Toy Cotton White - Th\u00e9ophile et Patachou","isPartOf":{"@id":"https:\/\/shop.theophile-patachou.com\/en\/#website"},"primaryImageOfPage":{"@id":"https:\/\/shop.theophile-patachou.com\/en\/product\/velvet-rabbit-soft-custom\/#primaryimage"},"image":{"@id":"https:\/\/shop.theophile-patachou.com\/en\/product\/velvet-rabbit-soft-custom\/#primaryimage"},"thumbnailUrl":"https:\/\/shop.theophile-patachou.com\/wp-content\/uploads\/2024\/05\/Z9D_7675.jpg","datePublished":"2024-05-23T16:23:43+00:00","dateModified":"2026-02-03T21:59:32+00:00","description":"The custom white velvet bunny soft toy is the ideal companion to help baby fall asleep peacefully. From the Cotton White collection","breadcrumb":{"@id":"https:\/\/shop.theophile-patachou.com\/en\/product\/velvet-rabbit-soft-custom\/#breadcrumb"},"inLanguage":"en-US","potentialAction":[{"@type":"ReadAction","target":["https:\/\/shop.theophile-patachou.com\/en\/product\/velvet-rabbit-soft-custom\/"]}]},{"@type":"ImageObject","inLanguage":"en-US","@id":"https:\/\/shop.theophile-patachou.com\/en\/product\/velvet-rabbit-soft-custom\/#primaryimage","url":"https:\/\/shop.theophile-patachou.com\/wp-content\/uploads\/2024\/05\/Z9D_7675.jpg","contentUrl":"https:\/\/shop.theophile-patachou.com\/wp-content\/uploads\/2024\/05\/Z9D_7675.jpg","width":1200,"height":1200},{"@type":"BreadcrumbList","@id":"https:\/\/shop.theophile-patachou.com\/en\/product\/velvet-rabbit-soft-custom\/#breadcrumb","itemListElement":[{"@type":"ListItem","position":1,"name":"Accueil","item":"https:\/\/shop.theophile-patachou.com\/en\/"},{"@type":"ListItem","position":2,"name":"Products","item":"https:\/\/shop.theophile-patachou.com\/en\/shop\/"},{"@type":"ListItem","position":3,"name":"Custom velvet Rabbit soft toy"}]},{"@type":"WebSite","@id":"https:\/\/shop.theophile-patachou.com\/en\/#website","url":"https:\/\/shop.theophile-patachou.com\/en\/","name":"Th\u00e9ophile et Patachou","description":"Mobilier &amp; accessoires pour b\u00e9b\u00e9","publisher":{"@id":"https:\/\/shop.theophile-patachou.com\/en\/#organization"},"potentialAction":[{"@type":"SearchAction","target":{"@type":"EntryPoint","urlTemplate":"https:\/\/shop.theophile-patachou.com\/en\/?s={search_term_string}"},"query-input":{"@type":"PropertyValueSpecification","valueRequired":true,"valueName":"search_term_string"}}],"inLanguage":"en-US"},{"@type":"Organization","@id":"https:\/\/shop.theophile-patachou.com\/en\/#organization","name":"Th\u00e9ophile & Patachou","url":"https:\/\/shop.theophile-patachou.com\/en\/","logo":{"@type":"ImageObject","inLanguage":"en-US","@id":"https:\/\/shop.theophile-patachou.com\/en\/#\/schema\/logo\/image\/","url":"https:\/\/shop.theophile-patachou.com\/wp-content\/uploads\/2014\/12\/site-login-logo.png","contentUrl":"https:\/\/shop.theophile-patachou.com\/wp-content\/uploads\/2014\/12\/site-login-logo.png","width":300,"height":150,"caption":"Th\u00e9ophile & Patachou"},"image":{"@id":"https:\/\/shop.theophile-patachou.com\/en\/#\/schema\/logo\/image\/"},"sameAs":["https:\/\/www.facebook.com\/Th\u00e9ophile-Patachou-197829346970085\/","https:\/\/x.com\/TPBelgium","https:\/\/instagram.com\/theophile_patachou\/","https:\/\/www.pinterest.com\/ThPat\/"]}]}},"_links":{"self":[{"href":"https:\/\/shop.theophile-patachou.com\/en\/wp-json\/wp\/v2\/product\/74627","targetHints":{"allow":["GET"]}}],"collection":[{"href":"https:\/\/shop.theophile-patachou.com\/en\/wp-json\/wp\/v2\/product"}],"about":[{"href":"https:\/\/shop.theophile-patachou.com\/en\/wp-json\/wp\/v2\/types\/product"}],"wp:featuredmedia":[{"embeddable":true,"href":"https:\/\/shop.theophile-patachou.com\/en\/wp-json\/wp\/v2\/media\/74664"}],"wp:attachment":[{"href":"https:\/\/shop.theophile-patachou.com\/en\/wp-json\/wp\/v2\/media?parent=74627"}],"wp:term":[{"taxonomy":"product_brand","embeddable":true,"href":"https:\/\/shop.theophile-patachou.com\/en\/wp-json\/wp\/v2\/product_brand?post=74627"},{"taxonomy":"product_cat","embeddable":true,"href":"https:\/\/shop.theophile-patachou.com\/en\/wp-json\/wp\/v2\/product_cat?post=74627"},{"taxonomy":"product_tag","embeddable":true,"href":"https:\/\/shop.theophile-patachou.com\/en\/wp-json\/wp\/v2\/product_tag?post=74627"}],"curies":[{"name":"wp","href":"https:\/\/api.w.org\/{rel}","templated":true}]}}