{"id":78894,"date":"2025-03-20T10:28:20","date_gmt":"2025-03-20T09:28:20","guid":{"rendered":"https:\/\/shop.theophile-patachou.com\/product\/printed-cushion-ruffle\/"},"modified":"2026-01-21T19:44:01","modified_gmt":"2026-01-21T18:44:01","slug":"printed-cushion-ruffle","status":"publish","type":"product","link":"https:\/\/shop.theophile-patachou.com\/en\/product\/printed-cushion-ruffle\/","title":{"rendered":"Printed Cushion ruffle"},"content":{"rendered":"<p>Printed cushion ruffle<\/p>\n","protected":false},"excerpt":{"rendered":"<p>Printed Cushion ruffle<\/p>\n","protected":false},"featured_media":78910,"template":"","meta":[],"product_brand":[],"product_cat":[2928],"product_tag":[],"class_list":{"0":"post-78894","1":"product","2":"type-product","3":"status-publish","4":"has-post-thumbnail","6":"product_cat-pink-garden-party-en","8":"first","9":"instock","10":"taxable","11":"shipping-taxable","12":"purchasable","13":"product-type-simple"},"yoast_head":"<!-- This site is optimized with the Yoast SEO plugin v26.9 - https:\/\/yoast.com\/product\/yoast-seo-wordpress\/ -->\n<title>Printed Cushion ruffle - Th\u00e9ophile et Patachou<\/title>\n<meta name=\"robots\" content=\"index, follow, max-snippet:-1, max-image-preview:large, max-video-preview:-1\" \/>\n<link rel=\"canonical\" href=\"https:\/\/shop.theophile-patachou.com\/en\/product\/printed-cushion-ruffle\/\" \/>\n<meta property=\"og:locale\" content=\"en_US\" \/>\n<meta property=\"og:type\" content=\"article\" \/>\n<meta property=\"og:title\" content=\"Printed Cushion ruffle - Th\u00e9ophile et Patachou\" \/>\n<meta property=\"og:description\" content=\"Printed Cushion ruffle\" \/>\n<meta property=\"og:url\" content=\"https:\/\/shop.theophile-patachou.com\/en\/product\/printed-cushion-ruffle\/\" \/>\n<meta property=\"og:site_name\" content=\"Th\u00e9ophile et Patachou\" \/>\n<meta property=\"article:publisher\" content=\"https:\/\/www.facebook.com\/Th%c3%a9ophile-Patachou-197829346970085\/\" \/>\n<meta property=\"article:modified_time\" content=\"2026-01-21T18:44:01+00:00\" \/>\n<meta property=\"og:image\" content=\"https:\/\/shop.theophile-patachou.com\/wp-content\/uploads\/2025\/03\/COUS.PP2___COUS.PP2_.jpg\" \/>\n\t<meta property=\"og:image:width\" content=\"1200\" \/>\n\t<meta property=\"og:image:height\" content=\"1200\" \/>\n\t<meta property=\"og:image:type\" content=\"image\/jpeg\" \/>\n<meta name=\"twitter:card\" content=\"summary_large_image\" \/>\n<meta name=\"twitter:site\" content=\"@TPBelgium\" \/>\n<script type=\"application\/ld+json\" class=\"yoast-schema-graph\">{\"@context\":\"https:\/\/schema.org\",\"@graph\":[{\"@type\":\"WebPage\",\"@id\":\"https:\/\/shop.theophile-patachou.com\/en\/product\/printed-cushion-ruffle\/\",\"url\":\"https:\/\/shop.theophile-patachou.com\/en\/product\/printed-cushion-ruffle\/\",\"name\":\"Printed Cushion ruffle - Th\u00e9ophile et Patachou\",\"isPartOf\":{\"@id\":\"https:\/\/shop.theophile-patachou.com\/en\/#website\"},\"primaryImageOfPage\":{\"@id\":\"https:\/\/shop.theophile-patachou.com\/en\/product\/printed-cushion-ruffle\/#primaryimage\"},\"image\":{\"@id\":\"https:\/\/shop.theophile-patachou.com\/en\/product\/printed-cushion-ruffle\/#primaryimage\"},\"thumbnailUrl\":\"https:\/\/shop.theophile-patachou.com\/wp-content\/uploads\/2025\/03\/COUS.PP2___COUS.PP2_.jpg\",\"datePublished\":\"2025-03-20T09:28:20+00:00\",\"dateModified\":\"2026-01-21T18:44:01+00:00\",\"breadcrumb\":{\"@id\":\"https:\/\/shop.theophile-patachou.com\/en\/product\/printed-cushion-ruffle\/#breadcrumb\"},\"inLanguage\":\"en-US\",\"potentialAction\":[{\"@type\":\"ReadAction\",\"target\":[\"https:\/\/shop.theophile-patachou.com\/en\/product\/printed-cushion-ruffle\/\"]}]},{\"@type\":\"ImageObject\",\"inLanguage\":\"en-US\",\"@id\":\"https:\/\/shop.theophile-patachou.com\/en\/product\/printed-cushion-ruffle\/#primaryimage\",\"url\":\"https:\/\/shop.theophile-patachou.com\/wp-content\/uploads\/2025\/03\/COUS.PP2___COUS.PP2_.jpg\",\"contentUrl\":\"https:\/\/shop.theophile-patachou.com\/wp-content\/uploads\/2025\/03\/COUS.PP2___COUS.PP2_.jpg\",\"width\":1200,\"height\":1200},{\"@type\":\"BreadcrumbList\",\"@id\":\"https:\/\/shop.theophile-patachou.com\/en\/product\/printed-cushion-ruffle\/#breadcrumb\",\"itemListElement\":[{\"@type\":\"ListItem\",\"position\":1,\"name\":\"Accueil\",\"item\":\"https:\/\/shop.theophile-patachou.com\/en\/\"},{\"@type\":\"ListItem\",\"position\":2,\"name\":\"Products\",\"item\":\"https:\/\/shop.theophile-patachou.com\/en\/shop\/\"},{\"@type\":\"ListItem\",\"position\":3,\"name\":\"Printed Cushion ruffle\"}]},{\"@type\":\"WebSite\",\"@id\":\"https:\/\/shop.theophile-patachou.com\/en\/#website\",\"url\":\"https:\/\/shop.theophile-patachou.com\/en\/\",\"name\":\"Th\u00e9ophile et Patachou\",\"description\":\"Mobilier &amp; accessoires pour b\u00e9b\u00e9\",\"publisher\":{\"@id\":\"https:\/\/shop.theophile-patachou.com\/en\/#organization\"},\"potentialAction\":[{\"@type\":\"SearchAction\",\"target\":{\"@type\":\"EntryPoint\",\"urlTemplate\":\"https:\/\/shop.theophile-patachou.com\/en\/?s={search_term_string}\"},\"query-input\":{\"@type\":\"PropertyValueSpecification\",\"valueRequired\":true,\"valueName\":\"search_term_string\"}}],\"inLanguage\":\"en-US\"},{\"@type\":\"Organization\",\"@id\":\"https:\/\/shop.theophile-patachou.com\/en\/#organization\",\"name\":\"Th\u00e9ophile & Patachou\",\"url\":\"https:\/\/shop.theophile-patachou.com\/en\/\",\"logo\":{\"@type\":\"ImageObject\",\"inLanguage\":\"en-US\",\"@id\":\"https:\/\/shop.theophile-patachou.com\/en\/#\/schema\/logo\/image\/\",\"url\":\"https:\/\/shop.theophile-patachou.com\/wp-content\/uploads\/2014\/12\/site-login-logo.png\",\"contentUrl\":\"https:\/\/shop.theophile-patachou.com\/wp-content\/uploads\/2014\/12\/site-login-logo.png\",\"width\":300,\"height\":150,\"caption\":\"Th\u00e9ophile & Patachou\"},\"image\":{\"@id\":\"https:\/\/shop.theophile-patachou.com\/en\/#\/schema\/logo\/image\/\"},\"sameAs\":[\"https:\/\/www.facebook.com\/Th\u00e9ophile-Patachou-197829346970085\/\",\"https:\/\/x.com\/TPBelgium\",\"https:\/\/instagram.com\/theophile_patachou\/\",\"https:\/\/www.pinterest.com\/ThPat\/\"]}]}<\/script>\n<!-- \/ Yoast SEO plugin. -->","yoast_head_json":{"title":"Printed Cushion ruffle - Th\u00e9ophile et Patachou","robots":{"index":"index","follow":"follow","max-snippet":"max-snippet:-1","max-image-preview":"max-image-preview:large","max-video-preview":"max-video-preview:-1"},"canonical":"https:\/\/shop.theophile-patachou.com\/en\/product\/printed-cushion-ruffle\/","og_locale":"en_US","og_type":"article","og_title":"Printed Cushion ruffle - Th\u00e9ophile et Patachou","og_description":"Printed Cushion ruffle","og_url":"https:\/\/shop.theophile-patachou.com\/en\/product\/printed-cushion-ruffle\/","og_site_name":"Th\u00e9ophile et Patachou","article_publisher":"https:\/\/www.facebook.com\/Th%c3%a9ophile-Patachou-197829346970085\/","article_modified_time":"2026-01-21T18:44:01+00:00","og_image":[{"width":1200,"height":1200,"url":"https:\/\/shop.theophile-patachou.com\/wp-content\/uploads\/2025\/03\/COUS.PP2___COUS.PP2_.jpg","type":"image\/jpeg"}],"twitter_card":"summary_large_image","twitter_site":"@TPBelgium","schema":{"@context":"https:\/\/schema.org","@graph":[{"@type":"WebPage","@id":"https:\/\/shop.theophile-patachou.com\/en\/product\/printed-cushion-ruffle\/","url":"https:\/\/shop.theophile-patachou.com\/en\/product\/printed-cushion-ruffle\/","name":"Printed Cushion ruffle - Th\u00e9ophile et Patachou","isPartOf":{"@id":"https:\/\/shop.theophile-patachou.com\/en\/#website"},"primaryImageOfPage":{"@id":"https:\/\/shop.theophile-patachou.com\/en\/product\/printed-cushion-ruffle\/#primaryimage"},"image":{"@id":"https:\/\/shop.theophile-patachou.com\/en\/product\/printed-cushion-ruffle\/#primaryimage"},"thumbnailUrl":"https:\/\/shop.theophile-patachou.com\/wp-content\/uploads\/2025\/03\/COUS.PP2___COUS.PP2_.jpg","datePublished":"2025-03-20T09:28:20+00:00","dateModified":"2026-01-21T18:44:01+00:00","breadcrumb":{"@id":"https:\/\/shop.theophile-patachou.com\/en\/product\/printed-cushion-ruffle\/#breadcrumb"},"inLanguage":"en-US","potentialAction":[{"@type":"ReadAction","target":["https:\/\/shop.theophile-patachou.com\/en\/product\/printed-cushion-ruffle\/"]}]},{"@type":"ImageObject","inLanguage":"en-US","@id":"https:\/\/shop.theophile-patachou.com\/en\/product\/printed-cushion-ruffle\/#primaryimage","url":"https:\/\/shop.theophile-patachou.com\/wp-content\/uploads\/2025\/03\/COUS.PP2___COUS.PP2_.jpg","contentUrl":"https:\/\/shop.theophile-patachou.com\/wp-content\/uploads\/2025\/03\/COUS.PP2___COUS.PP2_.jpg","width":1200,"height":1200},{"@type":"BreadcrumbList","@id":"https:\/\/shop.theophile-patachou.com\/en\/product\/printed-cushion-ruffle\/#breadcrumb","itemListElement":[{"@type":"ListItem","position":1,"name":"Accueil","item":"https:\/\/shop.theophile-patachou.com\/en\/"},{"@type":"ListItem","position":2,"name":"Products","item":"https:\/\/shop.theophile-patachou.com\/en\/shop\/"},{"@type":"ListItem","position":3,"name":"Printed Cushion ruffle"}]},{"@type":"WebSite","@id":"https:\/\/shop.theophile-patachou.com\/en\/#website","url":"https:\/\/shop.theophile-patachou.com\/en\/","name":"Th\u00e9ophile et Patachou","description":"Mobilier &amp; accessoires pour b\u00e9b\u00e9","publisher":{"@id":"https:\/\/shop.theophile-patachou.com\/en\/#organization"},"potentialAction":[{"@type":"SearchAction","target":{"@type":"EntryPoint","urlTemplate":"https:\/\/shop.theophile-patachou.com\/en\/?s={search_term_string}"},"query-input":{"@type":"PropertyValueSpecification","valueRequired":true,"valueName":"search_term_string"}}],"inLanguage":"en-US"},{"@type":"Organization","@id":"https:\/\/shop.theophile-patachou.com\/en\/#organization","name":"Th\u00e9ophile & Patachou","url":"https:\/\/shop.theophile-patachou.com\/en\/","logo":{"@type":"ImageObject","inLanguage":"en-US","@id":"https:\/\/shop.theophile-patachou.com\/en\/#\/schema\/logo\/image\/","url":"https:\/\/shop.theophile-patachou.com\/wp-content\/uploads\/2014\/12\/site-login-logo.png","contentUrl":"https:\/\/shop.theophile-patachou.com\/wp-content\/uploads\/2014\/12\/site-login-logo.png","width":300,"height":150,"caption":"Th\u00e9ophile & Patachou"},"image":{"@id":"https:\/\/shop.theophile-patachou.com\/en\/#\/schema\/logo\/image\/"},"sameAs":["https:\/\/www.facebook.com\/Th\u00e9ophile-Patachou-197829346970085\/","https:\/\/x.com\/TPBelgium","https:\/\/instagram.com\/theophile_patachou\/","https:\/\/www.pinterest.com\/ThPat\/"]}]}},"_links":{"self":[{"href":"https:\/\/shop.theophile-patachou.com\/en\/wp-json\/wp\/v2\/product\/78894","targetHints":{"allow":["GET"]}}],"collection":[{"href":"https:\/\/shop.theophile-patachou.com\/en\/wp-json\/wp\/v2\/product"}],"about":[{"href":"https:\/\/shop.theophile-patachou.com\/en\/wp-json\/wp\/v2\/types\/product"}],"wp:featuredmedia":[{"embeddable":true,"href":"https:\/\/shop.theophile-patachou.com\/en\/wp-json\/wp\/v2\/media\/78910"}],"wp:attachment":[{"href":"https:\/\/shop.theophile-patachou.com\/en\/wp-json\/wp\/v2\/media?parent=78894"}],"wp:term":[{"taxonomy":"product_brand","embeddable":true,"href":"https:\/\/shop.theophile-patachou.com\/en\/wp-json\/wp\/v2\/product_brand?post=78894"},{"taxonomy":"product_cat","embeddable":true,"href":"https:\/\/shop.theophile-patachou.com\/en\/wp-json\/wp\/v2\/product_cat?post=78894"},{"taxonomy":"product_tag","embeddable":true,"href":"https:\/\/shop.theophile-patachou.com\/en\/wp-json\/wp\/v2\/product_tag?post=78894"}],"curies":[{"name":"wp","href":"https:\/\/api.w.org\/{rel}","templated":true}]}}