{"id":82694,"date":"2025-12-02T19:03:16","date_gmt":"2025-12-02T18:03:16","guid":{"rendered":"https:\/\/shop.theophile-patachou.com\/product\/giftbox-set-all-in-onehatbibbunny-1month-2\/"},"modified":"2026-02-06T08:40:50","modified_gmt":"2026-02-06T07:40:50","slug":"giftbox-set-all-in-onehatbibbunny-1month-2","status":"publish","type":"product","link":"https:\/\/shop.theophile-patachou.com\/en\/product\/giftbox-set-all-in-onehatbibbunny-1month-2\/","title":{"rendered":"Giftbox &#8220;Set all in one+hat+bib+bunny &#8220;"},"content":{"rendered":"<p>Set: all in one+hat+bib+bunny<\/p>\n","protected":false},"excerpt":{"rendered":"<p>Giftbox &#8220;Set all in one+hat+bib+bunny &#8220;<\/p>\n","protected":false},"featured_media":82620,"template":"","meta":[],"product_brand":[],"product_cat":[439],"product_tag":[],"class_list":{"0":"post-82694","1":"product","2":"type-product","3":"status-publish","4":"has-post-thumbnail","6":"product_cat-gift-box","8":"first","9":"instock","10":"taxable","11":"shipping-taxable","12":"purchasable","13":"product-type-variable"},"yoast_head":"<!-- This site is optimized with the Yoast SEO plugin v26.9 - https:\/\/yoast.com\/product\/yoast-seo-wordpress\/ -->\n<title>Giftbox &quot;Set all in one+hat+bib+bunny &quot; - Th\u00e9ophile et Patachou<\/title>\n<meta name=\"robots\" content=\"index, follow, max-snippet:-1, max-image-preview:large, max-video-preview:-1\" \/>\n<link rel=\"canonical\" href=\"https:\/\/shop.theophile-patachou.com\/en\/product\/giftbox-set-all-in-onehatbibbunny-1month-2\/\" \/>\n<meta property=\"og:locale\" content=\"en_US\" \/>\n<meta property=\"og:type\" content=\"article\" \/>\n<meta property=\"og:title\" content=\"Giftbox &quot;Set all in one+hat+bib+bunny &quot; - Th\u00e9ophile et Patachou\" \/>\n<meta property=\"og:description\" content=\"Giftbox &quot;Set all in one+hat+bib+bunny &quot;\" \/>\n<meta property=\"og:url\" content=\"https:\/\/shop.theophile-patachou.com\/en\/product\/giftbox-set-all-in-onehatbibbunny-1month-2\/\" \/>\n<meta property=\"og:site_name\" content=\"Th\u00e9ophile et Patachou\" \/>\n<meta property=\"article:publisher\" content=\"https:\/\/www.facebook.com\/Th%c3%a9ophile-Patachou-197829346970085\/\" \/>\n<meta property=\"article:modified_time\" content=\"2026-02-06T07:40:50+00:00\" \/>\n<meta property=\"og:image\" content=\"https:\/\/shop.theophile-patachou.com\/wp-content\/uploads\/2025\/12\/DPS146.jpg\" \/>\n\t<meta property=\"og:image:width\" content=\"1200\" \/>\n\t<meta property=\"og:image:height\" content=\"1600\" \/>\n\t<meta property=\"og:image:type\" content=\"image\/jpeg\" \/>\n<meta name=\"twitter:card\" content=\"summary_large_image\" \/>\n<meta name=\"twitter:site\" content=\"@TPBelgium\" \/>\n<script type=\"application\/ld+json\" class=\"yoast-schema-graph\">{\"@context\":\"https:\/\/schema.org\",\"@graph\":[{\"@type\":\"WebPage\",\"@id\":\"https:\/\/shop.theophile-patachou.com\/en\/product\/giftbox-set-all-in-onehatbibbunny-1month-2\/\",\"url\":\"https:\/\/shop.theophile-patachou.com\/en\/product\/giftbox-set-all-in-onehatbibbunny-1month-2\/\",\"name\":\"Giftbox \\\"Set all in one+hat+bib+bunny \\\" - Th\u00e9ophile et Patachou\",\"isPartOf\":{\"@id\":\"https:\/\/shop.theophile-patachou.com\/en\/#website\"},\"primaryImageOfPage\":{\"@id\":\"https:\/\/shop.theophile-patachou.com\/en\/product\/giftbox-set-all-in-onehatbibbunny-1month-2\/#primaryimage\"},\"image\":{\"@id\":\"https:\/\/shop.theophile-patachou.com\/en\/product\/giftbox-set-all-in-onehatbibbunny-1month-2\/#primaryimage\"},\"thumbnailUrl\":\"https:\/\/shop.theophile-patachou.com\/wp-content\/uploads\/2025\/12\/DPS146.jpg\",\"datePublished\":\"2025-12-02T18:03:16+00:00\",\"dateModified\":\"2026-02-06T07:40:50+00:00\",\"breadcrumb\":{\"@id\":\"https:\/\/shop.theophile-patachou.com\/en\/product\/giftbox-set-all-in-onehatbibbunny-1month-2\/#breadcrumb\"},\"inLanguage\":\"en-US\",\"potentialAction\":[{\"@type\":\"ReadAction\",\"target\":[\"https:\/\/shop.theophile-patachou.com\/en\/product\/giftbox-set-all-in-onehatbibbunny-1month-2\/\"]}]},{\"@type\":\"ImageObject\",\"inLanguage\":\"en-US\",\"@id\":\"https:\/\/shop.theophile-patachou.com\/en\/product\/giftbox-set-all-in-onehatbibbunny-1month-2\/#primaryimage\",\"url\":\"https:\/\/shop.theophile-patachou.com\/wp-content\/uploads\/2025\/12\/DPS146.jpg\",\"contentUrl\":\"https:\/\/shop.theophile-patachou.com\/wp-content\/uploads\/2025\/12\/DPS146.jpg\",\"width\":1200,\"height\":1600,\"caption\":\"TPZ9\"},{\"@type\":\"BreadcrumbList\",\"@id\":\"https:\/\/shop.theophile-patachou.com\/en\/product\/giftbox-set-all-in-onehatbibbunny-1month-2\/#breadcrumb\",\"itemListElement\":[{\"@type\":\"ListItem\",\"position\":1,\"name\":\"Accueil\",\"item\":\"https:\/\/shop.theophile-patachou.com\/en\/\"},{\"@type\":\"ListItem\",\"position\":2,\"name\":\"Products\",\"item\":\"https:\/\/shop.theophile-patachou.com\/en\/shop\/\"},{\"@type\":\"ListItem\",\"position\":3,\"name\":\"Giftbox &#8220;Set all in one+hat+bib+bunny &#8220;\"}]},{\"@type\":\"WebSite\",\"@id\":\"https:\/\/shop.theophile-patachou.com\/en\/#website\",\"url\":\"https:\/\/shop.theophile-patachou.com\/en\/\",\"name\":\"Th\u00e9ophile et Patachou\",\"description\":\"Mobilier &amp; accessoires pour b\u00e9b\u00e9\",\"publisher\":{\"@id\":\"https:\/\/shop.theophile-patachou.com\/en\/#organization\"},\"potentialAction\":[{\"@type\":\"SearchAction\",\"target\":{\"@type\":\"EntryPoint\",\"urlTemplate\":\"https:\/\/shop.theophile-patachou.com\/en\/?s={search_term_string}\"},\"query-input\":{\"@type\":\"PropertyValueSpecification\",\"valueRequired\":true,\"valueName\":\"search_term_string\"}}],\"inLanguage\":\"en-US\"},{\"@type\":\"Organization\",\"@id\":\"https:\/\/shop.theophile-patachou.com\/en\/#organization\",\"name\":\"Th\u00e9ophile & Patachou\",\"url\":\"https:\/\/shop.theophile-patachou.com\/en\/\",\"logo\":{\"@type\":\"ImageObject\",\"inLanguage\":\"en-US\",\"@id\":\"https:\/\/shop.theophile-patachou.com\/en\/#\/schema\/logo\/image\/\",\"url\":\"https:\/\/shop.theophile-patachou.com\/wp-content\/uploads\/2014\/12\/site-login-logo.png\",\"contentUrl\":\"https:\/\/shop.theophile-patachou.com\/wp-content\/uploads\/2014\/12\/site-login-logo.png\",\"width\":300,\"height\":150,\"caption\":\"Th\u00e9ophile & Patachou\"},\"image\":{\"@id\":\"https:\/\/shop.theophile-patachou.com\/en\/#\/schema\/logo\/image\/\"},\"sameAs\":[\"https:\/\/www.facebook.com\/Th\u00e9ophile-Patachou-197829346970085\/\",\"https:\/\/x.com\/TPBelgium\",\"https:\/\/instagram.com\/theophile_patachou\/\",\"https:\/\/www.pinterest.com\/ThPat\/\"]}]}<\/script>\n<!-- \/ Yoast SEO plugin. -->","yoast_head_json":{"title":"Giftbox \"Set all in one+hat+bib+bunny \" - Th\u00e9ophile et Patachou","robots":{"index":"index","follow":"follow","max-snippet":"max-snippet:-1","max-image-preview":"max-image-preview:large","max-video-preview":"max-video-preview:-1"},"canonical":"https:\/\/shop.theophile-patachou.com\/en\/product\/giftbox-set-all-in-onehatbibbunny-1month-2\/","og_locale":"en_US","og_type":"article","og_title":"Giftbox \"Set all in one+hat+bib+bunny \" - Th\u00e9ophile et Patachou","og_description":"Giftbox \"Set all in one+hat+bib+bunny \"","og_url":"https:\/\/shop.theophile-patachou.com\/en\/product\/giftbox-set-all-in-onehatbibbunny-1month-2\/","og_site_name":"Th\u00e9ophile et Patachou","article_publisher":"https:\/\/www.facebook.com\/Th%c3%a9ophile-Patachou-197829346970085\/","article_modified_time":"2026-02-06T07:40:50+00:00","og_image":[{"width":1200,"height":1600,"url":"https:\/\/shop.theophile-patachou.com\/wp-content\/uploads\/2025\/12\/DPS146.jpg","type":"image\/jpeg"}],"twitter_card":"summary_large_image","twitter_site":"@TPBelgium","schema":{"@context":"https:\/\/schema.org","@graph":[{"@type":"WebPage","@id":"https:\/\/shop.theophile-patachou.com\/en\/product\/giftbox-set-all-in-onehatbibbunny-1month-2\/","url":"https:\/\/shop.theophile-patachou.com\/en\/product\/giftbox-set-all-in-onehatbibbunny-1month-2\/","name":"Giftbox \"Set all in one+hat+bib+bunny \" - Th\u00e9ophile et Patachou","isPartOf":{"@id":"https:\/\/shop.theophile-patachou.com\/en\/#website"},"primaryImageOfPage":{"@id":"https:\/\/shop.theophile-patachou.com\/en\/product\/giftbox-set-all-in-onehatbibbunny-1month-2\/#primaryimage"},"image":{"@id":"https:\/\/shop.theophile-patachou.com\/en\/product\/giftbox-set-all-in-onehatbibbunny-1month-2\/#primaryimage"},"thumbnailUrl":"https:\/\/shop.theophile-patachou.com\/wp-content\/uploads\/2025\/12\/DPS146.jpg","datePublished":"2025-12-02T18:03:16+00:00","dateModified":"2026-02-06T07:40:50+00:00","breadcrumb":{"@id":"https:\/\/shop.theophile-patachou.com\/en\/product\/giftbox-set-all-in-onehatbibbunny-1month-2\/#breadcrumb"},"inLanguage":"en-US","potentialAction":[{"@type":"ReadAction","target":["https:\/\/shop.theophile-patachou.com\/en\/product\/giftbox-set-all-in-onehatbibbunny-1month-2\/"]}]},{"@type":"ImageObject","inLanguage":"en-US","@id":"https:\/\/shop.theophile-patachou.com\/en\/product\/giftbox-set-all-in-onehatbibbunny-1month-2\/#primaryimage","url":"https:\/\/shop.theophile-patachou.com\/wp-content\/uploads\/2025\/12\/DPS146.jpg","contentUrl":"https:\/\/shop.theophile-patachou.com\/wp-content\/uploads\/2025\/12\/DPS146.jpg","width":1200,"height":1600,"caption":"TPZ9"},{"@type":"BreadcrumbList","@id":"https:\/\/shop.theophile-patachou.com\/en\/product\/giftbox-set-all-in-onehatbibbunny-1month-2\/#breadcrumb","itemListElement":[{"@type":"ListItem","position":1,"name":"Accueil","item":"https:\/\/shop.theophile-patachou.com\/en\/"},{"@type":"ListItem","position":2,"name":"Products","item":"https:\/\/shop.theophile-patachou.com\/en\/shop\/"},{"@type":"ListItem","position":3,"name":"Giftbox &#8220;Set all in one+hat+bib+bunny &#8220;"}]},{"@type":"WebSite","@id":"https:\/\/shop.theophile-patachou.com\/en\/#website","url":"https:\/\/shop.theophile-patachou.com\/en\/","name":"Th\u00e9ophile et Patachou","description":"Mobilier &amp; accessoires pour b\u00e9b\u00e9","publisher":{"@id":"https:\/\/shop.theophile-patachou.com\/en\/#organization"},"potentialAction":[{"@type":"SearchAction","target":{"@type":"EntryPoint","urlTemplate":"https:\/\/shop.theophile-patachou.com\/en\/?s={search_term_string}"},"query-input":{"@type":"PropertyValueSpecification","valueRequired":true,"valueName":"search_term_string"}}],"inLanguage":"en-US"},{"@type":"Organization","@id":"https:\/\/shop.theophile-patachou.com\/en\/#organization","name":"Th\u00e9ophile & Patachou","url":"https:\/\/shop.theophile-patachou.com\/en\/","logo":{"@type":"ImageObject","inLanguage":"en-US","@id":"https:\/\/shop.theophile-patachou.com\/en\/#\/schema\/logo\/image\/","url":"https:\/\/shop.theophile-patachou.com\/wp-content\/uploads\/2014\/12\/site-login-logo.png","contentUrl":"https:\/\/shop.theophile-patachou.com\/wp-content\/uploads\/2014\/12\/site-login-logo.png","width":300,"height":150,"caption":"Th\u00e9ophile & Patachou"},"image":{"@id":"https:\/\/shop.theophile-patachou.com\/en\/#\/schema\/logo\/image\/"},"sameAs":["https:\/\/www.facebook.com\/Th\u00e9ophile-Patachou-197829346970085\/","https:\/\/x.com\/TPBelgium","https:\/\/instagram.com\/theophile_patachou\/","https:\/\/www.pinterest.com\/ThPat\/"]}]}},"_links":{"self":[{"href":"https:\/\/shop.theophile-patachou.com\/en\/wp-json\/wp\/v2\/product\/82694","targetHints":{"allow":["GET"]}}],"collection":[{"href":"https:\/\/shop.theophile-patachou.com\/en\/wp-json\/wp\/v2\/product"}],"about":[{"href":"https:\/\/shop.theophile-patachou.com\/en\/wp-json\/wp\/v2\/types\/product"}],"wp:featuredmedia":[{"embeddable":true,"href":"https:\/\/shop.theophile-patachou.com\/en\/wp-json\/wp\/v2\/media\/82620"}],"wp:attachment":[{"href":"https:\/\/shop.theophile-patachou.com\/en\/wp-json\/wp\/v2\/media?parent=82694"}],"wp:term":[{"taxonomy":"product_brand","embeddable":true,"href":"https:\/\/shop.theophile-patachou.com\/en\/wp-json\/wp\/v2\/product_brand?post=82694"},{"taxonomy":"product_cat","embeddable":true,"href":"https:\/\/shop.theophile-patachou.com\/en\/wp-json\/wp\/v2\/product_cat?post=82694"},{"taxonomy":"product_tag","embeddable":true,"href":"https:\/\/shop.theophile-patachou.com\/en\/wp-json\/wp\/v2\/product_tag?post=82694"}],"curies":[{"name":"wp","href":"https:\/\/api.w.org\/{rel}","templated":true}]}}