{"id":6620,"date":"2015-12-07T15:42:34","date_gmt":"2015-12-07T14:42:34","guid":{"rendered":"https:\/\/shop.theophile-patachou.com\/?page_id=6620"},"modified":"2016-10-05T12:27:01","modified_gmt":"2016-10-05T11:27:01","slug":"paiements","status":"publish","type":"page","link":"https:\/\/shop.theophile-patachou.com\/fr\/paiements\/","title":{"rendered":"Paiements"},"content":{"rendered":"<section class=\"wpb-content-wrapper\"><p>[vc_row][vc_column]<div class=\"ts-heading heading-2 style-1\"><h2>PAIEMENTS<\/h2><\/div>[vc_column_text]Les prix des Produits sont mentionn\u00e9s en Euros. Ils incluent la TVA et les taxes dues en Belgique. Par contre, ils n\u2019incluent ni les frais bancaires, ni les frais de livraison, ni les \u00e9ventuels droits de douanes, taxes d\u2019importation et formalit\u00e9s douani\u00e8res du pays de destination. Ces frais restent \u00e0 charge du Client et seront factur\u00e9s \u00e0 celui-ci soit en sus des prix des Produits, soit par le transporteur.<\/p>\n<p>&nbsp;<\/p>\n<p>Une fois que le r\u00e9capitulatif de la Commande est valid\u00e9 sur le Site par le Client, le paiement peut \u00eatre effectu\u00e9 par Bancontact online ou carte de cr\u00e9dit (Visa, Master Card ou American Express). Le paiement s\u2019effectue via OGONE, partenaire agr\u00e9\u00e9 garantissant l\u2019utilisation s\u00e9curis\u00e9e des cartes bancaires sur internet, par le biais d\u2019une connexion SSL (secured socket layer). TP Production d\u00e9cline cependant toute responsabilit\u00e9 li\u00e9e aux transactions bancaires.<\/p>\n<p>Tant que le paiement n\u2019a pas \u00e9t\u00e9 re\u00e7u par TP Production, celle-ci n\u2019est pas tenue de livrer les Produits command\u00e9s.[\/vc_column_text][\/vc_column][\/vc_row][vc_row][vc_column]<div class=\"ts-heading heading-3 style-1\"><h3>QUESTIONS\/R\u00c9PONSES<\/h3><\/div>[vc_toggle title=\u00a0\u00bbQUELLES SONT LES CARTES ACCEPT\u00c9ES ?\u00a0\u00bb el_id=\u00a0\u00bb1449499312902-e7e708f4-d0a5&Prime;]Vous pouvez payer avec votre carte Bancontact ou votre carte de cr\u00e9dit : Visa, MasterCard, American Express (Ogone)[\/vc_toggle][vc_toggle title=\u00a0\u00bbMES PAYEMENTS SONT-ILS SECURISES ?\u00a0\u00bb el_id=\u00a0\u00bb1449499350931-d84647a0-c240&Prime;]OUI, les paiements s\u2019effectuent via OGONE, partenaire agr\u00e9\u00e9 garantissant l\u2019utilisation s\u00e9curis\u00e9e des cartes bancaires sur internet, par le biais d\u2019une connexion SSL (secured socket layer).<\/p>\n<p>[\/vc_toggle][\/vc_column][\/vc_row]<\/p>\n<\/section>","protected":false},"excerpt":{"rendered":"<p>[vc_row][vc_column][vc_column_text]Les prix des Produits sont mentionn\u00e9s en Euros. Ils incluent la TVA et les taxes dues en Belgique. Par contre, ils n\u2019incluent ni les frais bancaires, ni les frais de livraison, ni les \u00e9ventuels droits de douanes, taxes d\u2019importation et formalit\u00e9s douani\u00e8res du pays de destination. Ces frais restent \u00e0 charge du Client et seront [&hellip;]<\/p>\n","protected":false},"author":6082,"featured_media":0,"parent":0,"menu_order":0,"comment_status":"closed","ping_status":"closed","template":"","meta":{"footnotes":""},"class_list":["post-6620","page","type-page","status-publish","hentry"],"yoast_head":"<!-- This site is optimized with the Yoast SEO plugin v26.9 - https:\/\/yoast.com\/product\/yoast-seo-wordpress\/ -->\n<title>Paiements - Th\u00e9ophile et Patachou<\/title>\n<meta name=\"robots\" content=\"index, follow, max-snippet:-1, max-image-preview:large, max-video-preview:-1\" \/>\n<link rel=\"canonical\" href=\"https:\/\/shop.theophile-patachou.com\/fr\/paiements\/\" \/>\n<meta property=\"og:locale\" content=\"fr_FR\" \/>\n<meta property=\"og:type\" content=\"article\" \/>\n<meta property=\"og:title\" content=\"Paiements - Th\u00e9ophile et Patachou\" \/>\n<meta property=\"og:description\" content=\"[vc_row][vc_column][vc_column_text]Les prix des Produits sont mentionn\u00e9s en Euros. Ils incluent la TVA et les taxes dues en Belgique. Par contre, ils n\u2019incluent ni les frais bancaires, ni les frais de livraison, ni les \u00e9ventuels droits de douanes, taxes d\u2019importation et formalit\u00e9s douani\u00e8res du pays de destination. Ces frais restent \u00e0 charge du Client et seront [&hellip;]\" \/>\n<meta property=\"og:url\" content=\"https:\/\/shop.theophile-patachou.com\/fr\/paiements\/\" \/>\n<meta property=\"og:site_name\" content=\"Th\u00e9ophile et Patachou\" \/>\n<meta property=\"article:publisher\" content=\"https:\/\/www.facebook.com\/Th%c3%a9ophile-Patachou-197829346970085\/\" \/>\n<meta property=\"article:modified_time\" content=\"2016-10-05T11:27:01+00:00\" \/>\n<meta name=\"twitter:card\" content=\"summary_large_image\" \/>\n<meta name=\"twitter:site\" content=\"@TPBelgium\" \/>\n<meta name=\"twitter:label1\" content=\"Dur\u00e9e de lecture estim\u00e9e\" \/>\n\t<meta name=\"twitter:data1\" content=\"1 minute\" \/>\n<script type=\"application\/ld+json\" class=\"yoast-schema-graph\">{\"@context\":\"https:\/\/schema.org\",\"@graph\":[{\"@type\":\"WebPage\",\"@id\":\"https:\/\/shop.theophile-patachou.com\/fr\/paiements\/\",\"url\":\"https:\/\/shop.theophile-patachou.com\/fr\/paiements\/\",\"name\":\"Paiements - Th\u00e9ophile et Patachou\",\"isPartOf\":{\"@id\":\"https:\/\/shop.theophile-patachou.com\/fr\/#website\"},\"datePublished\":\"2015-12-07T14:42:34+00:00\",\"dateModified\":\"2016-10-05T11:27:01+00:00\",\"breadcrumb\":{\"@id\":\"https:\/\/shop.theophile-patachou.com\/fr\/paiements\/#breadcrumb\"},\"inLanguage\":\"fr-FR\",\"potentialAction\":[{\"@type\":\"ReadAction\",\"target\":[\"https:\/\/shop.theophile-patachou.com\/fr\/paiements\/\"]}]},{\"@type\":\"BreadcrumbList\",\"@id\":\"https:\/\/shop.theophile-patachou.com\/fr\/paiements\/#breadcrumb\",\"itemListElement\":[{\"@type\":\"ListItem\",\"position\":1,\"name\":\"Accueil\",\"item\":\"https:\/\/shop.theophile-patachou.com\/fr\/\"},{\"@type\":\"ListItem\",\"position\":2,\"name\":\"Paiements\"}]},{\"@type\":\"WebSite\",\"@id\":\"https:\/\/shop.theophile-patachou.com\/fr\/#website\",\"url\":\"https:\/\/shop.theophile-patachou.com\/fr\/\",\"name\":\"Th\u00e9ophile et Patachou\",\"description\":\"Mobilier &amp; accessoires pour b\u00e9b\u00e9\",\"publisher\":{\"@id\":\"https:\/\/shop.theophile-patachou.com\/fr\/#organization\"},\"potentialAction\":[{\"@type\":\"SearchAction\",\"target\":{\"@type\":\"EntryPoint\",\"urlTemplate\":\"https:\/\/shop.theophile-patachou.com\/fr\/?s={search_term_string}\"},\"query-input\":{\"@type\":\"PropertyValueSpecification\",\"valueRequired\":true,\"valueName\":\"search_term_string\"}}],\"inLanguage\":\"fr-FR\"},{\"@type\":\"Organization\",\"@id\":\"https:\/\/shop.theophile-patachou.com\/fr\/#organization\",\"name\":\"Th\u00e9ophile & Patachou\",\"url\":\"https:\/\/shop.theophile-patachou.com\/fr\/\",\"logo\":{\"@type\":\"ImageObject\",\"inLanguage\":\"fr-FR\",\"@id\":\"https:\/\/shop.theophile-patachou.com\/fr\/#\/schema\/logo\/image\/\",\"url\":\"https:\/\/shop.theophile-patachou.com\/wp-content\/uploads\/2014\/12\/site-login-logo.png\",\"contentUrl\":\"https:\/\/shop.theophile-patachou.com\/wp-content\/uploads\/2014\/12\/site-login-logo.png\",\"width\":300,\"height\":150,\"caption\":\"Th\u00e9ophile & Patachou\"},\"image\":{\"@id\":\"https:\/\/shop.theophile-patachou.com\/fr\/#\/schema\/logo\/image\/\"},\"sameAs\":[\"https:\/\/www.facebook.com\/Th\u00e9ophile-Patachou-197829346970085\/\",\"https:\/\/x.com\/TPBelgium\",\"https:\/\/instagram.com\/theophile_patachou\/\",\"https:\/\/www.pinterest.com\/ThPat\/\"]}]}<\/script>\n<!-- \/ Yoast SEO plugin. -->","yoast_head_json":{"title":"Paiements - Th\u00e9ophile et Patachou","robots":{"index":"index","follow":"follow","max-snippet":"max-snippet:-1","max-image-preview":"max-image-preview:large","max-video-preview":"max-video-preview:-1"},"canonical":"https:\/\/shop.theophile-patachou.com\/fr\/paiements\/","og_locale":"fr_FR","og_type":"article","og_title":"Paiements - Th\u00e9ophile et Patachou","og_description":"[vc_row][vc_column][vc_column_text]Les prix des Produits sont mentionn\u00e9s en Euros. Ils incluent la TVA et les taxes dues en Belgique. Par contre, ils n\u2019incluent ni les frais bancaires, ni les frais de livraison, ni les \u00e9ventuels droits de douanes, taxes d\u2019importation et formalit\u00e9s douani\u00e8res du pays de destination. Ces frais restent \u00e0 charge du Client et seront [&hellip;]","og_url":"https:\/\/shop.theophile-patachou.com\/fr\/paiements\/","og_site_name":"Th\u00e9ophile et Patachou","article_publisher":"https:\/\/www.facebook.com\/Th%c3%a9ophile-Patachou-197829346970085\/","article_modified_time":"2016-10-05T11:27:01+00:00","twitter_card":"summary_large_image","twitter_site":"@TPBelgium","twitter_misc":{"Dur\u00e9e de lecture estim\u00e9e":"1 minute"},"schema":{"@context":"https:\/\/schema.org","@graph":[{"@type":"WebPage","@id":"https:\/\/shop.theophile-patachou.com\/fr\/paiements\/","url":"https:\/\/shop.theophile-patachou.com\/fr\/paiements\/","name":"Paiements - Th\u00e9ophile et Patachou","isPartOf":{"@id":"https:\/\/shop.theophile-patachou.com\/fr\/#website"},"datePublished":"2015-12-07T14:42:34+00:00","dateModified":"2016-10-05T11:27:01+00:00","breadcrumb":{"@id":"https:\/\/shop.theophile-patachou.com\/fr\/paiements\/#breadcrumb"},"inLanguage":"fr-FR","potentialAction":[{"@type":"ReadAction","target":["https:\/\/shop.theophile-patachou.com\/fr\/paiements\/"]}]},{"@type":"BreadcrumbList","@id":"https:\/\/shop.theophile-patachou.com\/fr\/paiements\/#breadcrumb","itemListElement":[{"@type":"ListItem","position":1,"name":"Accueil","item":"https:\/\/shop.theophile-patachou.com\/fr\/"},{"@type":"ListItem","position":2,"name":"Paiements"}]},{"@type":"WebSite","@id":"https:\/\/shop.theophile-patachou.com\/fr\/#website","url":"https:\/\/shop.theophile-patachou.com\/fr\/","name":"Th\u00e9ophile et Patachou","description":"Mobilier &amp; accessoires pour b\u00e9b\u00e9","publisher":{"@id":"https:\/\/shop.theophile-patachou.com\/fr\/#organization"},"potentialAction":[{"@type":"SearchAction","target":{"@type":"EntryPoint","urlTemplate":"https:\/\/shop.theophile-patachou.com\/fr\/?s={search_term_string}"},"query-input":{"@type":"PropertyValueSpecification","valueRequired":true,"valueName":"search_term_string"}}],"inLanguage":"fr-FR"},{"@type":"Organization","@id":"https:\/\/shop.theophile-patachou.com\/fr\/#organization","name":"Th\u00e9ophile & Patachou","url":"https:\/\/shop.theophile-patachou.com\/fr\/","logo":{"@type":"ImageObject","inLanguage":"fr-FR","@id":"https:\/\/shop.theophile-patachou.com\/fr\/#\/schema\/logo\/image\/","url":"https:\/\/shop.theophile-patachou.com\/wp-content\/uploads\/2014\/12\/site-login-logo.png","contentUrl":"https:\/\/shop.theophile-patachou.com\/wp-content\/uploads\/2014\/12\/site-login-logo.png","width":300,"height":150,"caption":"Th\u00e9ophile & Patachou"},"image":{"@id":"https:\/\/shop.theophile-patachou.com\/fr\/#\/schema\/logo\/image\/"},"sameAs":["https:\/\/www.facebook.com\/Th\u00e9ophile-Patachou-197829346970085\/","https:\/\/x.com\/TPBelgium","https:\/\/instagram.com\/theophile_patachou\/","https:\/\/www.pinterest.com\/ThPat\/"]}]}},"_links":{"self":[{"href":"https:\/\/shop.theophile-patachou.com\/fr\/wp-json\/wp\/v2\/pages\/6620","targetHints":{"allow":["GET"]}}],"collection":[{"href":"https:\/\/shop.theophile-patachou.com\/fr\/wp-json\/wp\/v2\/pages"}],"about":[{"href":"https:\/\/shop.theophile-patachou.com\/fr\/wp-json\/wp\/v2\/types\/page"}],"author":[{"embeddable":true,"href":"https:\/\/shop.theophile-patachou.com\/fr\/wp-json\/wp\/v2\/users\/6082"}],"replies":[{"embeddable":true,"href":"https:\/\/shop.theophile-patachou.com\/fr\/wp-json\/wp\/v2\/comments?post=6620"}],"version-history":[{"count":0,"href":"https:\/\/shop.theophile-patachou.com\/fr\/wp-json\/wp\/v2\/pages\/6620\/revisions"}],"wp:attachment":[{"href":"https:\/\/shop.theophile-patachou.com\/fr\/wp-json\/wp\/v2\/media?parent=6620"}],"curies":[{"name":"wp","href":"https:\/\/api.w.org\/{rel}","templated":true}]}}