{"id":6627,"date":"2015-12-07T15:48:52","date_gmt":"2015-12-07T14:48:52","guid":{"rendered":"https:\/\/shop.theophile-patachou.com\/?page_id=6627"},"modified":"2016-10-27T14:30:21","modified_gmt":"2016-10-27T13:30:21","slug":"expedition-et-livraison","status":"publish","type":"page","link":"https:\/\/shop.theophile-patachou.com\/fr\/expedition-et-livraison\/","title":{"rendered":"Exp\u00e9dition et livraison"},"content":{"rendered":"<section class=\"wpb-content-wrapper\"><p>[vc_row][vc_column]<div class=\"ts-heading heading-2 style-1\"><h2>EXP\u00c9DITION ET LIVRAISON<\/h2><\/div>[vc_column_text]TP Production refuse d\u2019exp\u00e9dier les Produits dans des pays n\u2019\u00e9tant pas explicitement autoris\u00e9s sur le Site, ainsi qu\u2019aux adresses ne mentionnant qu\u2019une boite postale ou qu\u2019aux adresses militaires.<\/p>\n<p>TP Production s\u2019efforcera d\u2019exp\u00e9dier la Commande dans un d\u00e9lai moyen de 3 ou 4 jours ouvrables suivant la date de r\u00e9ception du paiement complet et la confirmation (jours ouvrables en Belgique et dans le pays de destination). Le d\u00e9lai d\u00e9pend de la disponibilit\u00e9 du\/des Produits dans le stock de TP PRODUCTION. Le temps du transport varie selon le lieu de livraison.<\/p>\n<p>Les Produits pourront \u00eatre livr\u00e9s en un ou plusieurs lots, selon la disponibilit\u00e9 des Produits.<\/p>\n<p>Dans le cas o\u00f9 un ou plusieurs d\u00e9g\u00e2ts ont \u00e9t\u00e9 occasionn\u00e9s durant le transport et la livraison, ceux-ci doivent \u00eatre signal\u00e9s par \u00e9crit dans le bordereau de livraison et par mail \u00e0 l\u2019adresse info@theophile-patachou.com. Tout dommage caus\u00e9 durant le transport qui n\u2019aura pas \u00e9t\u00e9 d\u00e9clar\u00e9 dans les 48 heures ne pourra plus \u00eatre pris en charge.<\/p>\n<p>Ce d\u00e9lai de livraison est indicatif. Le Client n\u2019est pas en droit de refuser les Produits, d\u2019exiger un d\u00e9dommagement compensatoire ou la dissolution de la Commande pour cause de retard de la livraison dont TP Production n\u2019est pas responsable ou pour cause de retard consid\u00e9r\u00e9 comme raisonnable si TP Production en est responsable, sauf en cas d\u2019accord expr\u00e8s de la part de TP Production eu \u00e9gard aux circonstances, dans quel cas le Client recevra un bon d\u2019achat.<\/p>\n<p>Si le Client est absent lors du passage du transporteur au lieu de livraison et si le Client ne va pas chercher le colis durant la p\u00e9riode ou ce colis reste \u00e0 sa disposition au point relais ou chez le transporteur, les frais de r\u00e9exp\u00e9dition devront \u00eatre pay\u00e9s par le Client pr\u00e9alablement au renvoi.[\/vc_column_text]<div class=\"ts-heading heading-3 style-1\"><h3>QUESTIONS\/R\u00c9PONSES<\/h3><\/div>[vc_toggle title=\u00a0\u00bbQUEL EST LE DELAI DE LIVRAISON DE MON COLIS ?\u00a0\u00bb el_id=\u00a0\u00bb1449499816112-34b26dc6-5d93&Prime;]Le d\u00e9lai indicatif est de 2-3 jours ouvr\u00e9s.[\/vc_toggle][vc_toggle title=\u00a0\u00bbCOMMENT SUIVRE MON COLIS ?\u00a0\u00bb el_id=\u00a0\u00bb1477574855208-f9a988a8-ebda\u00a0\u00bb]Le transport de vos marchandises achet\u00e9es sur le site internet de Th\u00e9ophile &amp; Patachou est confi\u00e9 \u00e0 la soci\u00e9t\u00e9 UPS qui vous pr\u00e9viendra par e-mail ou SMS du suivi de votre commande.[\/vc_toggle][vc_toggle title=\u00a0\u00bbPEUT-ON DEMANDER D\u2019ETRE LIVRE A UN POINT RELAIS ? \u00a0\u00bb el_id=\u00a0\u00bb1449499849960-ba467298-008f\u00a0\u00bb]Oui vous pouvez demander la livraison de vos achats dans le point relais de votre choix. Une liste vous sera propos\u00e9e lors de la validation de votre commande.[\/vc_toggle][\/vc_column][\/vc_row]<\/p>\n<\/section>","protected":false},"excerpt":{"rendered":"<p>[vc_row][vc_column][vc_column_text]TP Production refuse d\u2019exp\u00e9dier les Produits dans des pays n\u2019\u00e9tant pas explicitement autoris\u00e9s sur le Site, ainsi qu\u2019aux adresses ne mentionnant qu\u2019une boite postale ou qu\u2019aux adresses militaires. TP Production s\u2019efforcera d\u2019exp\u00e9dier la Commande dans un d\u00e9lai moyen de 3 ou 4 jours ouvrables suivant la date de r\u00e9ception du paiement complet et la confirmation [&hellip;]<\/p>\n","protected":false},"author":6082,"featured_media":0,"parent":0,"menu_order":0,"comment_status":"closed","ping_status":"closed","template":"","meta":{"footnotes":""},"class_list":["post-6627","page","type-page","status-publish","hentry"],"yoast_head":"<!-- This site is optimized with the Yoast SEO plugin v26.9 - https:\/\/yoast.com\/product\/yoast-seo-wordpress\/ -->\n<title>Exp\u00e9dition et livraison - Th\u00e9ophile et Patachou<\/title>\n<meta name=\"robots\" content=\"index, follow, max-snippet:-1, max-image-preview:large, max-video-preview:-1\" \/>\n<link rel=\"canonical\" href=\"https:\/\/shop.theophile-patachou.com\/fr\/expedition-et-livraison\/\" \/>\n<meta property=\"og:locale\" content=\"fr_FR\" \/>\n<meta property=\"og:type\" content=\"article\" \/>\n<meta property=\"og:title\" content=\"Exp\u00e9dition et livraison - Th\u00e9ophile et Patachou\" \/>\n<meta property=\"og:description\" content=\"[vc_row][vc_column][vc_column_text]TP Production refuse d\u2019exp\u00e9dier les Produits dans des pays n\u2019\u00e9tant pas explicitement autoris\u00e9s sur le Site, ainsi qu\u2019aux adresses ne mentionnant qu\u2019une boite postale ou qu\u2019aux adresses militaires. TP Production s\u2019efforcera d\u2019exp\u00e9dier la Commande dans un d\u00e9lai moyen de 3 ou 4 jours ouvrables suivant la date de r\u00e9ception du paiement complet et la confirmation [&hellip;]\" \/>\n<meta property=\"og:url\" content=\"https:\/\/shop.theophile-patachou.com\/fr\/expedition-et-livraison\/\" \/>\n<meta property=\"og:site_name\" content=\"Th\u00e9ophile et Patachou\" \/>\n<meta property=\"article:publisher\" content=\"https:\/\/www.facebook.com\/Th%c3%a9ophile-Patachou-197829346970085\/\" \/>\n<meta property=\"article:modified_time\" content=\"2016-10-27T13:30:21+00:00\" \/>\n<meta name=\"twitter:card\" content=\"summary_large_image\" \/>\n<meta name=\"twitter:site\" content=\"@TPBelgium\" \/>\n<meta name=\"twitter:label1\" content=\"Dur\u00e9e de lecture estim\u00e9e\" \/>\n\t<meta name=\"twitter:data1\" content=\"2 minutes\" \/>\n<script type=\"application\/ld+json\" class=\"yoast-schema-graph\">{\"@context\":\"https:\/\/schema.org\",\"@graph\":[{\"@type\":\"WebPage\",\"@id\":\"https:\/\/shop.theophile-patachou.com\/fr\/expedition-et-livraison\/\",\"url\":\"https:\/\/shop.theophile-patachou.com\/fr\/expedition-et-livraison\/\",\"name\":\"Exp\u00e9dition et livraison - Th\u00e9ophile et Patachou\",\"isPartOf\":{\"@id\":\"https:\/\/shop.theophile-patachou.com\/fr\/#website\"},\"datePublished\":\"2015-12-07T14:48:52+00:00\",\"dateModified\":\"2016-10-27T13:30:21+00:00\",\"breadcrumb\":{\"@id\":\"https:\/\/shop.theophile-patachou.com\/fr\/expedition-et-livraison\/#breadcrumb\"},\"inLanguage\":\"fr-FR\",\"potentialAction\":[{\"@type\":\"ReadAction\",\"target\":[\"https:\/\/shop.theophile-patachou.com\/fr\/expedition-et-livraison\/\"]}]},{\"@type\":\"BreadcrumbList\",\"@id\":\"https:\/\/shop.theophile-patachou.com\/fr\/expedition-et-livraison\/#breadcrumb\",\"itemListElement\":[{\"@type\":\"ListItem\",\"position\":1,\"name\":\"Accueil\",\"item\":\"https:\/\/shop.theophile-patachou.com\/fr\/\"},{\"@type\":\"ListItem\",\"position\":2,\"name\":\"Exp\u00e9dition et livraison\"}]},{\"@type\":\"WebSite\",\"@id\":\"https:\/\/shop.theophile-patachou.com\/fr\/#website\",\"url\":\"https:\/\/shop.theophile-patachou.com\/fr\/\",\"name\":\"Th\u00e9ophile et Patachou\",\"description\":\"Mobilier &amp; accessoires pour b\u00e9b\u00e9\",\"publisher\":{\"@id\":\"https:\/\/shop.theophile-patachou.com\/fr\/#organization\"},\"potentialAction\":[{\"@type\":\"SearchAction\",\"target\":{\"@type\":\"EntryPoint\",\"urlTemplate\":\"https:\/\/shop.theophile-patachou.com\/fr\/?s={search_term_string}\"},\"query-input\":{\"@type\":\"PropertyValueSpecification\",\"valueRequired\":true,\"valueName\":\"search_term_string\"}}],\"inLanguage\":\"fr-FR\"},{\"@type\":\"Organization\",\"@id\":\"https:\/\/shop.theophile-patachou.com\/fr\/#organization\",\"name\":\"Th\u00e9ophile & Patachou\",\"url\":\"https:\/\/shop.theophile-patachou.com\/fr\/\",\"logo\":{\"@type\":\"ImageObject\",\"inLanguage\":\"fr-FR\",\"@id\":\"https:\/\/shop.theophile-patachou.com\/fr\/#\/schema\/logo\/image\/\",\"url\":\"https:\/\/shop.theophile-patachou.com\/wp-content\/uploads\/2014\/12\/site-login-logo.png\",\"contentUrl\":\"https:\/\/shop.theophile-patachou.com\/wp-content\/uploads\/2014\/12\/site-login-logo.png\",\"width\":300,\"height\":150,\"caption\":\"Th\u00e9ophile & Patachou\"},\"image\":{\"@id\":\"https:\/\/shop.theophile-patachou.com\/fr\/#\/schema\/logo\/image\/\"},\"sameAs\":[\"https:\/\/www.facebook.com\/Th\u00e9ophile-Patachou-197829346970085\/\",\"https:\/\/x.com\/TPBelgium\",\"https:\/\/instagram.com\/theophile_patachou\/\",\"https:\/\/www.pinterest.com\/ThPat\/\"]}]}<\/script>\n<!-- \/ Yoast SEO plugin. -->","yoast_head_json":{"title":"Exp\u00e9dition et livraison - Th\u00e9ophile et Patachou","robots":{"index":"index","follow":"follow","max-snippet":"max-snippet:-1","max-image-preview":"max-image-preview:large","max-video-preview":"max-video-preview:-1"},"canonical":"https:\/\/shop.theophile-patachou.com\/fr\/expedition-et-livraison\/","og_locale":"fr_FR","og_type":"article","og_title":"Exp\u00e9dition et livraison - Th\u00e9ophile et Patachou","og_description":"[vc_row][vc_column][vc_column_text]TP Production refuse d\u2019exp\u00e9dier les Produits dans des pays n\u2019\u00e9tant pas explicitement autoris\u00e9s sur le Site, ainsi qu\u2019aux adresses ne mentionnant qu\u2019une boite postale ou qu\u2019aux adresses militaires. TP Production s\u2019efforcera d\u2019exp\u00e9dier la Commande dans un d\u00e9lai moyen de 3 ou 4 jours ouvrables suivant la date de r\u00e9ception du paiement complet et la confirmation [&hellip;]","og_url":"https:\/\/shop.theophile-patachou.com\/fr\/expedition-et-livraison\/","og_site_name":"Th\u00e9ophile et Patachou","article_publisher":"https:\/\/www.facebook.com\/Th%c3%a9ophile-Patachou-197829346970085\/","article_modified_time":"2016-10-27T13:30:21+00:00","twitter_card":"summary_large_image","twitter_site":"@TPBelgium","twitter_misc":{"Dur\u00e9e de lecture estim\u00e9e":"2 minutes"},"schema":{"@context":"https:\/\/schema.org","@graph":[{"@type":"WebPage","@id":"https:\/\/shop.theophile-patachou.com\/fr\/expedition-et-livraison\/","url":"https:\/\/shop.theophile-patachou.com\/fr\/expedition-et-livraison\/","name":"Exp\u00e9dition et livraison - Th\u00e9ophile et Patachou","isPartOf":{"@id":"https:\/\/shop.theophile-patachou.com\/fr\/#website"},"datePublished":"2015-12-07T14:48:52+00:00","dateModified":"2016-10-27T13:30:21+00:00","breadcrumb":{"@id":"https:\/\/shop.theophile-patachou.com\/fr\/expedition-et-livraison\/#breadcrumb"},"inLanguage":"fr-FR","potentialAction":[{"@type":"ReadAction","target":["https:\/\/shop.theophile-patachou.com\/fr\/expedition-et-livraison\/"]}]},{"@type":"BreadcrumbList","@id":"https:\/\/shop.theophile-patachou.com\/fr\/expedition-et-livraison\/#breadcrumb","itemListElement":[{"@type":"ListItem","position":1,"name":"Accueil","item":"https:\/\/shop.theophile-patachou.com\/fr\/"},{"@type":"ListItem","position":2,"name":"Exp\u00e9dition et livraison"}]},{"@type":"WebSite","@id":"https:\/\/shop.theophile-patachou.com\/fr\/#website","url":"https:\/\/shop.theophile-patachou.com\/fr\/","name":"Th\u00e9ophile et Patachou","description":"Mobilier &amp; accessoires pour b\u00e9b\u00e9","publisher":{"@id":"https:\/\/shop.theophile-patachou.com\/fr\/#organization"},"potentialAction":[{"@type":"SearchAction","target":{"@type":"EntryPoint","urlTemplate":"https:\/\/shop.theophile-patachou.com\/fr\/?s={search_term_string}"},"query-input":{"@type":"PropertyValueSpecification","valueRequired":true,"valueName":"search_term_string"}}],"inLanguage":"fr-FR"},{"@type":"Organization","@id":"https:\/\/shop.theophile-patachou.com\/fr\/#organization","name":"Th\u00e9ophile & Patachou","url":"https:\/\/shop.theophile-patachou.com\/fr\/","logo":{"@type":"ImageObject","inLanguage":"fr-FR","@id":"https:\/\/shop.theophile-patachou.com\/fr\/#\/schema\/logo\/image\/","url":"https:\/\/shop.theophile-patachou.com\/wp-content\/uploads\/2014\/12\/site-login-logo.png","contentUrl":"https:\/\/shop.theophile-patachou.com\/wp-content\/uploads\/2014\/12\/site-login-logo.png","width":300,"height":150,"caption":"Th\u00e9ophile & Patachou"},"image":{"@id":"https:\/\/shop.theophile-patachou.com\/fr\/#\/schema\/logo\/image\/"},"sameAs":["https:\/\/www.facebook.com\/Th\u00e9ophile-Patachou-197829346970085\/","https:\/\/x.com\/TPBelgium","https:\/\/instagram.com\/theophile_patachou\/","https:\/\/www.pinterest.com\/ThPat\/"]}]}},"_links":{"self":[{"href":"https:\/\/shop.theophile-patachou.com\/fr\/wp-json\/wp\/v2\/pages\/6627","targetHints":{"allow":["GET"]}}],"collection":[{"href":"https:\/\/shop.theophile-patachou.com\/fr\/wp-json\/wp\/v2\/pages"}],"about":[{"href":"https:\/\/shop.theophile-patachou.com\/fr\/wp-json\/wp\/v2\/types\/page"}],"author":[{"embeddable":true,"href":"https:\/\/shop.theophile-patachou.com\/fr\/wp-json\/wp\/v2\/users\/6082"}],"replies":[{"embeddable":true,"href":"https:\/\/shop.theophile-patachou.com\/fr\/wp-json\/wp\/v2\/comments?post=6627"}],"version-history":[{"count":0,"href":"https:\/\/shop.theophile-patachou.com\/fr\/wp-json\/wp\/v2\/pages\/6627\/revisions"}],"wp:attachment":[{"href":"https:\/\/shop.theophile-patachou.com\/fr\/wp-json\/wp\/v2\/media?parent=6627"}],"curies":[{"name":"wp","href":"https:\/\/api.w.org\/{rel}","templated":true}]}}