{"id":6634,"date":"2015-12-07T16:00:12","date_gmt":"2015-12-07T15:00:12","guid":{"rendered":"https:\/\/shop.theophile-patachou.com\/?page_id=6634"},"modified":"2025-10-06T10:53:33","modified_gmt":"2025-10-06T09:53:33","slug":"retours","status":"publish","type":"page","link":"https:\/\/shop.theophile-patachou.com\/fr\/retours\/","title":{"rendered":"Retours"},"content":{"rendered":"<section class=\"wpb-content-wrapper\"><p>[vc_row][vc_column]<div class=\"ts-heading heading-2 style-1\"><h2>RETOURS<\/h2><\/div>[vc_column_text]Le Client a le droit de retourner les Produits au vendeur, \u00e0 ses propres risques et frais, sans motif et sans p\u00e9nalit\u00e9, dans les 14 jours calendrier suivant la livraison. Pass\u00e9 ce d\u00e9lai, le Client ne dispose plus de ce droit.<\/p>\n<p>Le Client retournera des Produits encore intacts, non port\u00e9s, non lav\u00e9s, non utilis\u00e9s, munis de tous les accessoires et de toutes leurs \u00e9tiquettes, dans leur conditionnement et emballage d\u2019origine et munis de toutes les \u00e9tiquettes d\u2019emballage \u00e0 l\u2019adresse : Avenue Z\u00e9nobe Gramme 21, 1300 Wavre, Belgique. Les Produits retourn\u00e9s seront accompagn\u00e9s du bon de livraison. Tout Produit renvoy\u00e9 incomplet, d\u00e9t\u00e9rior\u00e9 ou souill\u00e9 ne sera pas rembours\u00e9.<\/p>\n<p>&nbsp;<\/p>\n<p>Le remboursement des Produits retourn\u00e9s, incluant les frais de livraison initiaux s\u2019ils \u00e9taient inclus dans la facture, sera effectu\u00e9 (sur votre carte de payement) au plus tard dans les 14 jours ouvrables suivant la r\u00e9ception de ceux-ci par TP Production. Le remboursement ne concerne cependant pas les frais de renvoi des Produits. Ces frais restent \u00e0 charge du Client.[\/vc_column_text]\n<div class=\"wpcf7 no-js\" id=\"wpcf7-f14-o1\" lang=\"fr-FR\" dir=\"ltr\" data-wpcf7-id=\"14\">\n<div class=\"screen-reader-response\"><p role=\"status\" aria-live=\"polite\" aria-atomic=\"true\"><\/p> <ul><\/ul><\/div>\n<form action=\"\/fr\/wp-json\/wp\/v2\/pages\/6634#wpcf7-f14-o1\" method=\"post\" class=\"wpcf7-form init\" aria-label=\"Formulaire de contact\" novalidate=\"novalidate\" data-status=\"init\">\n<fieldset class=\"hidden-fields-container\"><input type=\"hidden\" name=\"_wpcf7\" value=\"14\" \/><input type=\"hidden\" name=\"_wpcf7_version\" value=\"6.1.3\" \/><input type=\"hidden\" name=\"_wpcf7_locale\" value=\"fr_FR\" \/><input type=\"hidden\" name=\"_wpcf7_unit_tag\" value=\"wpcf7-f14-o1\" \/><input type=\"hidden\" name=\"_wpcf7_container_post\" value=\"0\" \/><input type=\"hidden\" name=\"_wpcf7_posted_data_hash\" value=\"\" \/>\n<\/fieldset>\n<p>Votre nom (obligatoire)\n<\/p>\n<p><span class=\"wpcf7-form-control-wrap\" data-name=\"your-name\"><input size=\"40\" maxlength=\"400\" class=\"wpcf7-form-control wpcf7-text wpcf7-validates-as-required\" aria-required=\"true\" aria-invalid=\"false\" value=\"\" type=\"text\" name=\"your-name\" \/><\/span>\n<\/p>\n<p>Votre email (obligatoire)\n<\/p>\n<p><span class=\"wpcf7-form-control-wrap\" data-name=\"your-email\"><input size=\"40\" maxlength=\"400\" class=\"wpcf7-form-control wpcf7-email wpcf7-validates-as-required wpcf7-text wpcf7-validates-as-email\" aria-required=\"true\" aria-invalid=\"false\" value=\"\" type=\"email\" name=\"your-email\" \/><\/span>\n<\/p>\n<p>Sujet\n<\/p>\n<p><span class=\"wpcf7-form-control-wrap\" data-name=\"Sujet\"><select class=\"wpcf7-form-control wpcf7-select\" aria-invalid=\"false\" name=\"Sujet\"><option value=\"Questions\">Questions<\/option><option value=\"Retours\">Retours<\/option><option value=\"Autres\">Autres<\/option><\/select><\/span>\n<\/p>\n<p>Votre message\n<\/p>\n<p><span class=\"wpcf7-form-control-wrap\" data-name=\"your-message\"><textarea cols=\"40\" rows=\"10\" maxlength=\"2000\" class=\"wpcf7-form-control wpcf7-textarea\" aria-invalid=\"false\" name=\"your-message\"><\/textarea><\/span>\n<\/p>\n<p><input class=\"wpcf7-form-control wpcf7-submit has-spinner\" type=\"submit\" value=\"Envoyer\" \/>\n<\/p><div class=\"wpcf7-response-output\" aria-hidden=\"true\"><\/div>\n<\/form>\n<\/div>\n[\/vc_column][\/vc_row][vc_row][vc_column]<div class=\"ts-heading heading-3 style-1\"><h3>QUESTIONS\/R\u00c9PONSES<\/h3><\/div>[vc_toggle title=\u00a0\u00bbCOMMENT RENVOYER UN ARTICLE ?\u00a0\u00bb el_id=\u00a0\u00bb1449500384264-18f9d8e6-1db2&Prime;]Vous avez la possibilit\u00e9 de nous renvoyer au plus tard dans les 14 jours les Produits encore intacts, non port\u00e9s, non lav\u00e9s, non utilis\u00e9s, munis de tous les accessoires et de toutes leurs \u00e9tiquettes, dans leur conditionnement et emballage d\u2019origine et munis de toutes les \u00e9tiquettes d\u2019emballage \u00e0 l\u2019adresse\u00a0: TP Production s.p.r.l. Avenue Z\u00e9nobe Gramme 21, 1300 Wavre, Belgique.<\/p>\n<p>Veuillez ne pas oublier de joindre le bon de livraison d\u00fbment compl\u00e9t\u00e9 (document \u00e0 t\u00e9l\u00e9charger sur le site). Le remboursement ne concerne cependant pas les frais de renvoi des Produits. Ces frais restent \u00e0 votre charge. Tout Produit renvoy\u00e9 incomplet, d\u00e9t\u00e9rior\u00e9 ou souill\u00e9 ne sera pas rembours\u00e9.[\/vc_toggle][\/vc_column][\/vc_row]<\/p>\n<\/section>","protected":false},"excerpt":{"rendered":"<p>[vc_row][vc_column][vc_column_text]Le Client a le droit de retourner les Produits au vendeur, \u00e0 ses propres risques et frais, sans motif et sans p\u00e9nalit\u00e9, dans les 14 jours calendrier suivant la livraison. Pass\u00e9 ce d\u00e9lai, le Client ne dispose plus de ce droit. Le Client retournera des Produits encore intacts, non port\u00e9s, non lav\u00e9s, non utilis\u00e9s, munis [&hellip;]<\/p>\n","protected":false},"author":6082,"featured_media":0,"parent":0,"menu_order":0,"comment_status":"closed","ping_status":"closed","template":"","meta":{"footnotes":""},"class_list":["post-6634","page","type-page","status-publish","hentry"],"yoast_head":"<!-- This site is optimized with the Yoast SEO plugin v26.9 - https:\/\/yoast.com\/product\/yoast-seo-wordpress\/ -->\n<title>Retours - Th\u00e9ophile et Patachou<\/title>\n<meta name=\"robots\" content=\"index, follow, max-snippet:-1, max-image-preview:large, max-video-preview:-1\" \/>\n<link rel=\"canonical\" href=\"https:\/\/shop.theophile-patachou.com\/fr\/retours\/\" \/>\n<meta property=\"og:locale\" content=\"fr_FR\" \/>\n<meta property=\"og:type\" content=\"article\" \/>\n<meta property=\"og:title\" content=\"Retours - Th\u00e9ophile et Patachou\" \/>\n<meta property=\"og:description\" content=\"[vc_row][vc_column][vc_column_text]Le Client a le droit de retourner les Produits au vendeur, \u00e0 ses propres risques et frais, sans motif et sans p\u00e9nalit\u00e9, dans les 14 jours calendrier suivant la livraison. Pass\u00e9 ce d\u00e9lai, le Client ne dispose plus de ce droit. Le Client retournera des Produits encore intacts, non port\u00e9s, non lav\u00e9s, non utilis\u00e9s, munis [&hellip;]\" \/>\n<meta property=\"og:url\" content=\"https:\/\/shop.theophile-patachou.com\/fr\/retours\/\" \/>\n<meta property=\"og:site_name\" content=\"Th\u00e9ophile et Patachou\" \/>\n<meta property=\"article:publisher\" content=\"https:\/\/www.facebook.com\/Th%c3%a9ophile-Patachou-197829346970085\/\" \/>\n<meta property=\"article:modified_time\" content=\"2025-10-06T09:53:33+00:00\" \/>\n<meta name=\"twitter:card\" content=\"summary_large_image\" \/>\n<meta name=\"twitter:site\" content=\"@TPBelgium\" \/>\n<meta name=\"twitter:label1\" content=\"Dur\u00e9e de lecture estim\u00e9e\" \/>\n\t<meta name=\"twitter:data1\" content=\"2 minutes\" \/>\n<script type=\"application\/ld+json\" class=\"yoast-schema-graph\">{\"@context\":\"https:\/\/schema.org\",\"@graph\":[{\"@type\":\"WebPage\",\"@id\":\"https:\/\/shop.theophile-patachou.com\/fr\/retours\/\",\"url\":\"https:\/\/shop.theophile-patachou.com\/fr\/retours\/\",\"name\":\"Retours - Th\u00e9ophile et Patachou\",\"isPartOf\":{\"@id\":\"https:\/\/shop.theophile-patachou.com\/fr\/#website\"},\"datePublished\":\"2015-12-07T15:00:12+00:00\",\"dateModified\":\"2025-10-06T09:53:33+00:00\",\"breadcrumb\":{\"@id\":\"https:\/\/shop.theophile-patachou.com\/fr\/retours\/#breadcrumb\"},\"inLanguage\":\"fr-FR\",\"potentialAction\":[{\"@type\":\"ReadAction\",\"target\":[\"https:\/\/shop.theophile-patachou.com\/fr\/retours\/\"]}]},{\"@type\":\"BreadcrumbList\",\"@id\":\"https:\/\/shop.theophile-patachou.com\/fr\/retours\/#breadcrumb\",\"itemListElement\":[{\"@type\":\"ListItem\",\"position\":1,\"name\":\"Accueil\",\"item\":\"https:\/\/shop.theophile-patachou.com\/fr\/\"},{\"@type\":\"ListItem\",\"position\":2,\"name\":\"Retours\"}]},{\"@type\":\"WebSite\",\"@id\":\"https:\/\/shop.theophile-patachou.com\/fr\/#website\",\"url\":\"https:\/\/shop.theophile-patachou.com\/fr\/\",\"name\":\"Th\u00e9ophile et Patachou\",\"description\":\"Mobilier &amp; accessoires pour b\u00e9b\u00e9\",\"publisher\":{\"@id\":\"https:\/\/shop.theophile-patachou.com\/fr\/#organization\"},\"potentialAction\":[{\"@type\":\"SearchAction\",\"target\":{\"@type\":\"EntryPoint\",\"urlTemplate\":\"https:\/\/shop.theophile-patachou.com\/fr\/?s={search_term_string}\"},\"query-input\":{\"@type\":\"PropertyValueSpecification\",\"valueRequired\":true,\"valueName\":\"search_term_string\"}}],\"inLanguage\":\"fr-FR\"},{\"@type\":\"Organization\",\"@id\":\"https:\/\/shop.theophile-patachou.com\/fr\/#organization\",\"name\":\"Th\u00e9ophile & Patachou\",\"url\":\"https:\/\/shop.theophile-patachou.com\/fr\/\",\"logo\":{\"@type\":\"ImageObject\",\"inLanguage\":\"fr-FR\",\"@id\":\"https:\/\/shop.theophile-patachou.com\/fr\/#\/schema\/logo\/image\/\",\"url\":\"https:\/\/shop.theophile-patachou.com\/wp-content\/uploads\/2014\/12\/site-login-logo.png\",\"contentUrl\":\"https:\/\/shop.theophile-patachou.com\/wp-content\/uploads\/2014\/12\/site-login-logo.png\",\"width\":300,\"height\":150,\"caption\":\"Th\u00e9ophile & Patachou\"},\"image\":{\"@id\":\"https:\/\/shop.theophile-patachou.com\/fr\/#\/schema\/logo\/image\/\"},\"sameAs\":[\"https:\/\/www.facebook.com\/Th\u00e9ophile-Patachou-197829346970085\/\",\"https:\/\/x.com\/TPBelgium\",\"https:\/\/instagram.com\/theophile_patachou\/\",\"https:\/\/www.pinterest.com\/ThPat\/\"]}]}<\/script>\n<!-- \/ Yoast SEO plugin. -->","yoast_head_json":{"title":"Retours - Th\u00e9ophile et Patachou","robots":{"index":"index","follow":"follow","max-snippet":"max-snippet:-1","max-image-preview":"max-image-preview:large","max-video-preview":"max-video-preview:-1"},"canonical":"https:\/\/shop.theophile-patachou.com\/fr\/retours\/","og_locale":"fr_FR","og_type":"article","og_title":"Retours - Th\u00e9ophile et Patachou","og_description":"[vc_row][vc_column][vc_column_text]Le Client a le droit de retourner les Produits au vendeur, \u00e0 ses propres risques et frais, sans motif et sans p\u00e9nalit\u00e9, dans les 14 jours calendrier suivant la livraison. Pass\u00e9 ce d\u00e9lai, le Client ne dispose plus de ce droit. Le Client retournera des Produits encore intacts, non port\u00e9s, non lav\u00e9s, non utilis\u00e9s, munis [&hellip;]","og_url":"https:\/\/shop.theophile-patachou.com\/fr\/retours\/","og_site_name":"Th\u00e9ophile et Patachou","article_publisher":"https:\/\/www.facebook.com\/Th%c3%a9ophile-Patachou-197829346970085\/","article_modified_time":"2025-10-06T09:53:33+00:00","twitter_card":"summary_large_image","twitter_site":"@TPBelgium","twitter_misc":{"Dur\u00e9e de lecture estim\u00e9e":"2 minutes"},"schema":{"@context":"https:\/\/schema.org","@graph":[{"@type":"WebPage","@id":"https:\/\/shop.theophile-patachou.com\/fr\/retours\/","url":"https:\/\/shop.theophile-patachou.com\/fr\/retours\/","name":"Retours - Th\u00e9ophile et Patachou","isPartOf":{"@id":"https:\/\/shop.theophile-patachou.com\/fr\/#website"},"datePublished":"2015-12-07T15:00:12+00:00","dateModified":"2025-10-06T09:53:33+00:00","breadcrumb":{"@id":"https:\/\/shop.theophile-patachou.com\/fr\/retours\/#breadcrumb"},"inLanguage":"fr-FR","potentialAction":[{"@type":"ReadAction","target":["https:\/\/shop.theophile-patachou.com\/fr\/retours\/"]}]},{"@type":"BreadcrumbList","@id":"https:\/\/shop.theophile-patachou.com\/fr\/retours\/#breadcrumb","itemListElement":[{"@type":"ListItem","position":1,"name":"Accueil","item":"https:\/\/shop.theophile-patachou.com\/fr\/"},{"@type":"ListItem","position":2,"name":"Retours"}]},{"@type":"WebSite","@id":"https:\/\/shop.theophile-patachou.com\/fr\/#website","url":"https:\/\/shop.theophile-patachou.com\/fr\/","name":"Th\u00e9ophile et Patachou","description":"Mobilier &amp; accessoires pour b\u00e9b\u00e9","publisher":{"@id":"https:\/\/shop.theophile-patachou.com\/fr\/#organization"},"potentialAction":[{"@type":"SearchAction","target":{"@type":"EntryPoint","urlTemplate":"https:\/\/shop.theophile-patachou.com\/fr\/?s={search_term_string}"},"query-input":{"@type":"PropertyValueSpecification","valueRequired":true,"valueName":"search_term_string"}}],"inLanguage":"fr-FR"},{"@type":"Organization","@id":"https:\/\/shop.theophile-patachou.com\/fr\/#organization","name":"Th\u00e9ophile & Patachou","url":"https:\/\/shop.theophile-patachou.com\/fr\/","logo":{"@type":"ImageObject","inLanguage":"fr-FR","@id":"https:\/\/shop.theophile-patachou.com\/fr\/#\/schema\/logo\/image\/","url":"https:\/\/shop.theophile-patachou.com\/wp-content\/uploads\/2014\/12\/site-login-logo.png","contentUrl":"https:\/\/shop.theophile-patachou.com\/wp-content\/uploads\/2014\/12\/site-login-logo.png","width":300,"height":150,"caption":"Th\u00e9ophile & Patachou"},"image":{"@id":"https:\/\/shop.theophile-patachou.com\/fr\/#\/schema\/logo\/image\/"},"sameAs":["https:\/\/www.facebook.com\/Th\u00e9ophile-Patachou-197829346970085\/","https:\/\/x.com\/TPBelgium","https:\/\/instagram.com\/theophile_patachou\/","https:\/\/www.pinterest.com\/ThPat\/"]}]}},"_links":{"self":[{"href":"https:\/\/shop.theophile-patachou.com\/fr\/wp-json\/wp\/v2\/pages\/6634","targetHints":{"allow":["GET"]}}],"collection":[{"href":"https:\/\/shop.theophile-patachou.com\/fr\/wp-json\/wp\/v2\/pages"}],"about":[{"href":"https:\/\/shop.theophile-patachou.com\/fr\/wp-json\/wp\/v2\/types\/page"}],"author":[{"embeddable":true,"href":"https:\/\/shop.theophile-patachou.com\/fr\/wp-json\/wp\/v2\/users\/6082"}],"replies":[{"embeddable":true,"href":"https:\/\/shop.theophile-patachou.com\/fr\/wp-json\/wp\/v2\/comments?post=6634"}],"version-history":[{"count":2,"href":"https:\/\/shop.theophile-patachou.com\/fr\/wp-json\/wp\/v2\/pages\/6634\/revisions"}],"predecessor-version":[{"id":82208,"href":"https:\/\/shop.theophile-patachou.com\/fr\/wp-json\/wp\/v2\/pages\/6634\/revisions\/82208"}],"wp:attachment":[{"href":"https:\/\/shop.theophile-patachou.com\/fr\/wp-json\/wp\/v2\/media?parent=6634"}],"curies":[{"name":"wp","href":"https:\/\/api.w.org\/{rel}","templated":true}]}}