{"id":6652,"date":"2015-12-07T16:19:40","date_gmt":"2015-12-07T15:19:40","guid":{"rendered":"https:\/\/shop.theophile-patachou.com\/?page_id=6652"},"modified":"2016-07-01T10:43:02","modified_gmt":"2016-07-01T09:43:02","slug":"guide-des-tailles","status":"publish","type":"page","link":"https:\/\/shop.theophile-patachou.com\/fr\/guide-des-tailles\/","title":{"rendered":"Guide des tailles"},"content":{"rendered":"<section class=\"wpb-content-wrapper\"><p>[vc_row][vc_column]<div class=\"ts-heading heading-2 style-1\"><h2>GUIDE DES TAILLES<\/h2><\/div>[vc_column_text][\/vc_column_text][vc_column_text]<\/p>\n<h3>Tailles v\u00eatements\u00a0:<\/h3>\n<table style=\"height: 560px;\" width=\"456\" cellspacing=\"0\" cellpadding=\"7\">\n<colgroup>\n<col width=\"39\" \/>\n<col width=\"56\" \/> <\/colgroup>\n<tbody>\n<tr valign=\"top\">\n<td width=\"39\" height=\"4\">1M<\/td>\n<td width=\"56\">56 cm<\/td>\n<\/tr>\n<tr valign=\"top\">\n<td width=\"39\" height=\"5\">3M<\/td>\n<td width=\"56\">62 cm<\/td>\n<\/tr>\n<tr valign=\"top\">\n<td width=\"39\" height=\"6\">6M<\/td>\n<td width=\"56\">68 cm<\/td>\n<\/tr>\n<tr valign=\"top\">\n<td width=\"39\" height=\"5\">9M<\/td>\n<td width=\"56\">74 cm<\/td>\n<\/tr>\n<tr valign=\"top\">\n<td width=\"39\" height=\"5\">12M<\/td>\n<td width=\"56\">80 cm<\/td>\n<\/tr>\n<tr valign=\"top\">\n<td width=\"39\" height=\"5\">18M<\/td>\n<td width=\"56\">86 cm<\/td>\n<\/tr>\n<tr valign=\"top\">\n<td width=\"39\" height=\"5\">2A<\/td>\n<td width=\"56\">92 cm<\/td>\n<\/tr>\n<tr valign=\"top\">\n<td width=\"39\" height=\"5\">3A<\/td>\n<td width=\"56\">98 cm<\/td>\n<\/tr>\n<tr valign=\"top\">\n<td width=\"39\" height=\"5\">4A<\/td>\n<td width=\"56\">104 cm<\/td>\n<\/tr>\n<\/tbody>\n<\/table>\n<p>[\/vc_column_text][vc_column_text]<\/p>\n<h3>Tailles sacs de couchages\u00a0:<\/h3>\n<table width=\"425\" cellspacing=\"0\" cellpadding=\"7\">\n<colgroup>\n<col width=\"146\" \/>\n<col width=\"109\" \/>\n<col width=\"127\" \/> <\/colgroup>\n<tbody>\n<tr valign=\"top\">\n<td width=\"146\">Gigoteuse naissance<\/td>\n<td width=\"109\">hauteur 60 cm<\/td>\n<td width=\"127\">naissance \u00e0 3 mois<\/td>\n<\/tr>\n<tr valign=\"top\">\n<td width=\"146\">Gigoteuse<\/td>\n<td width=\"109\">hauteur 70 cm<\/td>\n<td width=\"127\">2 \u00e0 6 mois<\/td>\n<\/tr>\n<tr valign=\"top\">\n<td width=\"146\">Sac de couchage T1<\/td>\n<td width=\"109\">hauteur 90 cm<\/td>\n<td width=\"127\">6 \u00e0 12 mois<\/td>\n<\/tr>\n<tr valign=\"top\">\n<td width=\"146\">Sac de couchage T2<\/td>\n<td width=\"109\">hauteur 110 cm<\/td>\n<td width=\"127\">12 \u00e0 24 mois<\/td>\n<\/tr>\n<\/tbody>\n<\/table>\n<p>[\/vc_column_text][vc_column_text]<\/p>\n<h3>Tailles Chaussures\u00a0:<\/h3>\n<table width=\"134\" cellspacing=\"0\" cellpadding=\"7\">\n<colgroup>\n<col width=\"34\" \/>\n<col width=\"70\" \/> <\/colgroup>\n<tbody>\n<tr valign=\"top\">\n<td width=\"34\">T16<\/td>\n<td width=\"70\">4-6 mois<\/td>\n<\/tr>\n<tr valign=\"top\">\n<td width=\"34\">T17<\/td>\n<td width=\"70\">6-8 mois<\/td>\n<\/tr>\n<tr valign=\"top\">\n<td width=\"34\">T18<\/td>\n<td width=\"70\">8-10 mois<\/td>\n<\/tr>\n<\/tbody>\n<\/table>\n<p>[\/vc_column_text][vc_column_text]<\/p>\n<h3>Taille housses de couettes et taies\u00a0:<\/h3>\n<table width=\"510\" cellspacing=\"0\" cellpadding=\"7\">\n<colgroup>\n<col width=\"112\" \/>\n<col width=\"247\" \/>\n<col width=\"107\" \/> <\/colgroup>\n<tbody>\n<tr valign=\"top\">\n<td width=\"112\">Berceau\/landau<\/td>\n<td width=\"247\">68 x 80cm (couette 80&#215;80 cm)<\/td>\n<td width=\"107\">+ taie 30&#215;40 cm<\/td>\n<\/tr>\n<tr valign=\"top\">\n<td width=\"112\">Lit cage<\/td>\n<td width=\"247\">100 x 135 cm (couette 100&#215;140 cm)<\/td>\n<td width=\"107\">+ taie 40&#215;60 cm<\/td>\n<\/tr>\n<tr valign=\"top\">\n<td width=\"112\">Lit junior<\/td>\n<td width=\"247\">140 x 200 cm (couette 140&#215;200 cm)<\/td>\n<td width=\"107\">+ taie 60&#215;60 cm<\/td>\n<\/tr>\n<\/tbody>\n<\/table>\n<p>[\/vc_column_text][vc_column_text]<\/p>\n<h3>Taille draps et taies\u00a0:<\/h3>\n<table width=\"517\" cellspacing=\"0\" cellpadding=\"7\">\n<colgroup>\n<col width=\"153\" \/>\n<col width=\"160\" \/>\n<col width=\"159\" \/> <\/colgroup>\n<tbody>\n<tr valign=\"top\">\n<td width=\"153\" height=\"4\">Berceau\/landau<\/td>\n<td width=\"160\">69 x 95 cm<\/td>\n<td width=\"159\">+ taie 30&#215;40 cm<\/td>\n<\/tr>\n<tr valign=\"top\">\n<td width=\"153\" height=\"5\">Lit cage<\/td>\n<td width=\"160\">105 x 165 cm<\/td>\n<td width=\"159\">+ taie 40&#215;60 cm<\/td>\n<\/tr>\n<tr valign=\"top\">\n<td width=\"153\" height=\"4\"><span lang=\"en-US\">Lit junior\u00a0<\/span><\/td>\n<td width=\"160\"><span lang=\"en-US\">140 x 230 cm<\/span><\/td>\n<td width=\"159\"><span lang=\"en-US\">+ taie 60&#215;60 cm<\/span><\/td>\n<\/tr>\n<\/tbody>\n<\/table>\n<p>[\/vc_column_text][\/vc_column][\/vc_row]<\/p>\n<\/section>","protected":false},"excerpt":{"rendered":"<p>[vc_row][vc_column][vc_column_text][\/vc_column_text][vc_column_text] Tailles v\u00eatements\u00a0: 1M 56 cm 3M 62 cm 6M 68 cm 9M 74 cm 12M 80 cm 18M 86 cm 2A 92 cm 3A 98 cm 4A 104 cm [\/vc_column_text][vc_column_text] Tailles sacs de couchages\u00a0: Gigoteuse naissance hauteur 60 cm naissance \u00e0 3 mois Gigoteuse hauteur 70 cm 2 \u00e0 6 mois Sac de couchage [&hellip;]<\/p>\n","protected":false},"author":6082,"featured_media":0,"parent":0,"menu_order":0,"comment_status":"closed","ping_status":"closed","template":"","meta":{"footnotes":""},"class_list":["post-6652","page","type-page","status-publish","hentry"],"yoast_head":"<!-- This site is optimized with the Yoast SEO plugin v26.9 - https:\/\/yoast.com\/product\/yoast-seo-wordpress\/ -->\n<title>Guide des tailles - Th\u00e9ophile et Patachou<\/title>\n<meta name=\"robots\" content=\"index, follow, max-snippet:-1, max-image-preview:large, max-video-preview:-1\" \/>\n<link rel=\"canonical\" href=\"https:\/\/shop.theophile-patachou.com\/fr\/guide-des-tailles\/\" \/>\n<meta property=\"og:locale\" content=\"fr_FR\" \/>\n<meta property=\"og:type\" content=\"article\" \/>\n<meta property=\"og:title\" content=\"Guide des tailles - Th\u00e9ophile et Patachou\" \/>\n<meta property=\"og:description\" content=\"[vc_row][vc_column][vc_column_text][\/vc_column_text][vc_column_text] Tailles v\u00eatements\u00a0: 1M 56 cm 3M 62 cm 6M 68 cm 9M 74 cm 12M 80 cm 18M 86 cm 2A 92 cm 3A 98 cm 4A 104 cm [\/vc_column_text][vc_column_text] Tailles sacs de couchages\u00a0: Gigoteuse naissance hauteur 60 cm naissance \u00e0 3 mois Gigoteuse hauteur 70 cm 2 \u00e0 6 mois Sac de couchage [&hellip;]\" \/>\n<meta property=\"og:url\" content=\"https:\/\/shop.theophile-patachou.com\/fr\/guide-des-tailles\/\" \/>\n<meta property=\"og:site_name\" content=\"Th\u00e9ophile et Patachou\" \/>\n<meta property=\"article:publisher\" content=\"https:\/\/www.facebook.com\/Th%c3%a9ophile-Patachou-197829346970085\/\" \/>\n<meta property=\"article:modified_time\" content=\"2016-07-01T09:43:02+00:00\" \/>\n<meta name=\"twitter:card\" content=\"summary_large_image\" \/>\n<meta name=\"twitter:site\" content=\"@TPBelgium\" \/>\n<meta name=\"twitter:label1\" content=\"Dur\u00e9e de lecture estim\u00e9e\" \/>\n\t<meta name=\"twitter:data1\" content=\"1 minute\" \/>\n<script type=\"application\/ld+json\" class=\"yoast-schema-graph\">{\"@context\":\"https:\/\/schema.org\",\"@graph\":[{\"@type\":\"WebPage\",\"@id\":\"https:\/\/shop.theophile-patachou.com\/fr\/guide-des-tailles\/\",\"url\":\"https:\/\/shop.theophile-patachou.com\/fr\/guide-des-tailles\/\",\"name\":\"Guide des tailles - Th\u00e9ophile et Patachou\",\"isPartOf\":{\"@id\":\"https:\/\/shop.theophile-patachou.com\/fr\/#website\"},\"datePublished\":\"2015-12-07T15:19:40+00:00\",\"dateModified\":\"2016-07-01T09:43:02+00:00\",\"breadcrumb\":{\"@id\":\"https:\/\/shop.theophile-patachou.com\/fr\/guide-des-tailles\/#breadcrumb\"},\"inLanguage\":\"fr-FR\",\"potentialAction\":[{\"@type\":\"ReadAction\",\"target\":[\"https:\/\/shop.theophile-patachou.com\/fr\/guide-des-tailles\/\"]}]},{\"@type\":\"BreadcrumbList\",\"@id\":\"https:\/\/shop.theophile-patachou.com\/fr\/guide-des-tailles\/#breadcrumb\",\"itemListElement\":[{\"@type\":\"ListItem\",\"position\":1,\"name\":\"Accueil\",\"item\":\"https:\/\/shop.theophile-patachou.com\/fr\/\"},{\"@type\":\"ListItem\",\"position\":2,\"name\":\"Guide des tailles\"}]},{\"@type\":\"WebSite\",\"@id\":\"https:\/\/shop.theophile-patachou.com\/fr\/#website\",\"url\":\"https:\/\/shop.theophile-patachou.com\/fr\/\",\"name\":\"Th\u00e9ophile et Patachou\",\"description\":\"Mobilier &amp; accessoires pour b\u00e9b\u00e9\",\"publisher\":{\"@id\":\"https:\/\/shop.theophile-patachou.com\/fr\/#organization\"},\"potentialAction\":[{\"@type\":\"SearchAction\",\"target\":{\"@type\":\"EntryPoint\",\"urlTemplate\":\"https:\/\/shop.theophile-patachou.com\/fr\/?s={search_term_string}\"},\"query-input\":{\"@type\":\"PropertyValueSpecification\",\"valueRequired\":true,\"valueName\":\"search_term_string\"}}],\"inLanguage\":\"fr-FR\"},{\"@type\":\"Organization\",\"@id\":\"https:\/\/shop.theophile-patachou.com\/fr\/#organization\",\"name\":\"Th\u00e9ophile & Patachou\",\"url\":\"https:\/\/shop.theophile-patachou.com\/fr\/\",\"logo\":{\"@type\":\"ImageObject\",\"inLanguage\":\"fr-FR\",\"@id\":\"https:\/\/shop.theophile-patachou.com\/fr\/#\/schema\/logo\/image\/\",\"url\":\"https:\/\/shop.theophile-patachou.com\/wp-content\/uploads\/2014\/12\/site-login-logo.png\",\"contentUrl\":\"https:\/\/shop.theophile-patachou.com\/wp-content\/uploads\/2014\/12\/site-login-logo.png\",\"width\":300,\"height\":150,\"caption\":\"Th\u00e9ophile & Patachou\"},\"image\":{\"@id\":\"https:\/\/shop.theophile-patachou.com\/fr\/#\/schema\/logo\/image\/\"},\"sameAs\":[\"https:\/\/www.facebook.com\/Th\u00e9ophile-Patachou-197829346970085\/\",\"https:\/\/x.com\/TPBelgium\",\"https:\/\/instagram.com\/theophile_patachou\/\",\"https:\/\/www.pinterest.com\/ThPat\/\"]}]}<\/script>\n<!-- \/ Yoast SEO plugin. -->","yoast_head_json":{"title":"Guide des tailles - Th\u00e9ophile et Patachou","robots":{"index":"index","follow":"follow","max-snippet":"max-snippet:-1","max-image-preview":"max-image-preview:large","max-video-preview":"max-video-preview:-1"},"canonical":"https:\/\/shop.theophile-patachou.com\/fr\/guide-des-tailles\/","og_locale":"fr_FR","og_type":"article","og_title":"Guide des tailles - Th\u00e9ophile et Patachou","og_description":"[vc_row][vc_column][vc_column_text][\/vc_column_text][vc_column_text] Tailles v\u00eatements\u00a0: 1M 56 cm 3M 62 cm 6M 68 cm 9M 74 cm 12M 80 cm 18M 86 cm 2A 92 cm 3A 98 cm 4A 104 cm [\/vc_column_text][vc_column_text] Tailles sacs de couchages\u00a0: Gigoteuse naissance hauteur 60 cm naissance \u00e0 3 mois Gigoteuse hauteur 70 cm 2 \u00e0 6 mois Sac de couchage [&hellip;]","og_url":"https:\/\/shop.theophile-patachou.com\/fr\/guide-des-tailles\/","og_site_name":"Th\u00e9ophile et Patachou","article_publisher":"https:\/\/www.facebook.com\/Th%c3%a9ophile-Patachou-197829346970085\/","article_modified_time":"2016-07-01T09:43:02+00:00","twitter_card":"summary_large_image","twitter_site":"@TPBelgium","twitter_misc":{"Dur\u00e9e de lecture estim\u00e9e":"1 minute"},"schema":{"@context":"https:\/\/schema.org","@graph":[{"@type":"WebPage","@id":"https:\/\/shop.theophile-patachou.com\/fr\/guide-des-tailles\/","url":"https:\/\/shop.theophile-patachou.com\/fr\/guide-des-tailles\/","name":"Guide des tailles - Th\u00e9ophile et Patachou","isPartOf":{"@id":"https:\/\/shop.theophile-patachou.com\/fr\/#website"},"datePublished":"2015-12-07T15:19:40+00:00","dateModified":"2016-07-01T09:43:02+00:00","breadcrumb":{"@id":"https:\/\/shop.theophile-patachou.com\/fr\/guide-des-tailles\/#breadcrumb"},"inLanguage":"fr-FR","potentialAction":[{"@type":"ReadAction","target":["https:\/\/shop.theophile-patachou.com\/fr\/guide-des-tailles\/"]}]},{"@type":"BreadcrumbList","@id":"https:\/\/shop.theophile-patachou.com\/fr\/guide-des-tailles\/#breadcrumb","itemListElement":[{"@type":"ListItem","position":1,"name":"Accueil","item":"https:\/\/shop.theophile-patachou.com\/fr\/"},{"@type":"ListItem","position":2,"name":"Guide des tailles"}]},{"@type":"WebSite","@id":"https:\/\/shop.theophile-patachou.com\/fr\/#website","url":"https:\/\/shop.theophile-patachou.com\/fr\/","name":"Th\u00e9ophile et Patachou","description":"Mobilier &amp; accessoires pour b\u00e9b\u00e9","publisher":{"@id":"https:\/\/shop.theophile-patachou.com\/fr\/#organization"},"potentialAction":[{"@type":"SearchAction","target":{"@type":"EntryPoint","urlTemplate":"https:\/\/shop.theophile-patachou.com\/fr\/?s={search_term_string}"},"query-input":{"@type":"PropertyValueSpecification","valueRequired":true,"valueName":"search_term_string"}}],"inLanguage":"fr-FR"},{"@type":"Organization","@id":"https:\/\/shop.theophile-patachou.com\/fr\/#organization","name":"Th\u00e9ophile & Patachou","url":"https:\/\/shop.theophile-patachou.com\/fr\/","logo":{"@type":"ImageObject","inLanguage":"fr-FR","@id":"https:\/\/shop.theophile-patachou.com\/fr\/#\/schema\/logo\/image\/","url":"https:\/\/shop.theophile-patachou.com\/wp-content\/uploads\/2014\/12\/site-login-logo.png","contentUrl":"https:\/\/shop.theophile-patachou.com\/wp-content\/uploads\/2014\/12\/site-login-logo.png","width":300,"height":150,"caption":"Th\u00e9ophile & Patachou"},"image":{"@id":"https:\/\/shop.theophile-patachou.com\/fr\/#\/schema\/logo\/image\/"},"sameAs":["https:\/\/www.facebook.com\/Th\u00e9ophile-Patachou-197829346970085\/","https:\/\/x.com\/TPBelgium","https:\/\/instagram.com\/theophile_patachou\/","https:\/\/www.pinterest.com\/ThPat\/"]}]}},"_links":{"self":[{"href":"https:\/\/shop.theophile-patachou.com\/fr\/wp-json\/wp\/v2\/pages\/6652","targetHints":{"allow":["GET"]}}],"collection":[{"href":"https:\/\/shop.theophile-patachou.com\/fr\/wp-json\/wp\/v2\/pages"}],"about":[{"href":"https:\/\/shop.theophile-patachou.com\/fr\/wp-json\/wp\/v2\/types\/page"}],"author":[{"embeddable":true,"href":"https:\/\/shop.theophile-patachou.com\/fr\/wp-json\/wp\/v2\/users\/6082"}],"replies":[{"embeddable":true,"href":"https:\/\/shop.theophile-patachou.com\/fr\/wp-json\/wp\/v2\/comments?post=6652"}],"version-history":[{"count":0,"href":"https:\/\/shop.theophile-patachou.com\/fr\/wp-json\/wp\/v2\/pages\/6652\/revisions"}],"wp:attachment":[{"href":"https:\/\/shop.theophile-patachou.com\/fr\/wp-json\/wp\/v2\/media?parent=6652"}],"curies":[{"name":"wp","href":"https:\/\/api.w.org\/{rel}","templated":true}]}}