{"id":10548,"date":"2016-10-03T15:21:40","date_gmt":"2016-10-03T14:21:40","guid":{"rendered":"https:\/\/shop.theophile-patachou.com\/fr\/product\/doudou-louloute\/"},"modified":"2026-04-16T16:36:29","modified_gmt":"2026-04-16T15:36:29","slug":"doudou-louloute","status":"publish","type":"product","link":"https:\/\/shop.theophile-patachou.com\/fr\/produit\/doudou-louloute\/","title":{"rendered":"Doudou Louloute"},"content":{"rendered":"<p>&nbsp;<\/p>\n<div id=\"ConnectiveDocSignExtentionInstalled\" data-extension-version=\"1.0.4\"><\/div>\n<div id=\"ConnectiveDocSignExtentionInstalled\" data-extension-version=\"1.0.4\"><\/div>\n","protected":false},"excerpt":{"rendered":"<p>Louloute &#8211; Doudou\u00a0lapin mouchoir<\/p>\n<div id=\"ConnectiveDocSignExtentionInstalled\" data-extension-version=\"1.0.4\"><\/div>\n<div id=\"ConnectiveDocSignExtentionInstalled\" data-extension-version=\"1.0.4\"><\/div>\n","protected":false},"featured_media":63751,"template":"","meta":[],"product_brand":[],"product_cat":[103,497],"product_tag":[655,690,691,670],"class_list":{"0":"post-10548","1":"product","2":"type-product","3":"status-publish","4":"has-post-thumbnail","6":"product_cat-doudous-et-peluches","7":"product_cat-doudous-louloute","8":"product_tag-doudou","9":"product_tag-lapin","10":"product_tag-louloute","11":"product_tag-peluche","13":"first","14":"instock","15":"taxable","16":"shipping-taxable","17":"purchasable","18":"product-type-variable","19":"has-default-attributes"},"yoast_head":"<!-- This site is optimized with the Yoast SEO plugin v26.9 - https:\/\/yoast.com\/product\/yoast-seo-wordpress\/ -->\n<title>Doudou Louloute - Th\u00e9ophile et Patachou<\/title>\n<meta name=\"robots\" content=\"index, follow, max-snippet:-1, max-image-preview:large, max-video-preview:-1\" \/>\n<link rel=\"canonical\" href=\"https:\/\/shop.theophile-patachou.com\/fr\/produit\/doudou-louloute\/\" \/>\n<meta property=\"og:locale\" content=\"fr_FR\" \/>\n<meta property=\"og:type\" content=\"article\" \/>\n<meta property=\"og:title\" content=\"Doudou Louloute - Th\u00e9ophile et Patachou\" \/>\n<meta property=\"og:description\" content=\"Louloute - Doudou\u00a0lapin mouchoir\" \/>\n<meta property=\"og:url\" content=\"https:\/\/shop.theophile-patachou.com\/fr\/produit\/doudou-louloute\/\" \/>\n<meta property=\"og:site_name\" content=\"Th\u00e9ophile et Patachou\" \/>\n<meta property=\"article:publisher\" content=\"https:\/\/www.facebook.com\/Th%c3%a9ophile-Patachou-197829346970085\/\" \/>\n<meta property=\"article:modified_time\" content=\"2026-04-16T15:36:29+00:00\" \/>\n<meta property=\"og:image\" content=\"https:\/\/shop.theophile-patachou.com\/wp-content\/uploads\/2016\/10\/JJ8_3787-1.jpg\" \/>\n\t<meta property=\"og:image:width\" content=\"1200\" \/>\n\t<meta property=\"og:image:height\" content=\"1200\" \/>\n\t<meta property=\"og:image:type\" content=\"image\/jpeg\" \/>\n<meta name=\"twitter:card\" content=\"summary_large_image\" \/>\n<meta name=\"twitter:site\" content=\"@TPBelgium\" \/>\n<meta name=\"twitter:label1\" content=\"Dur\u00e9e de lecture estim\u00e9e\" \/>\n\t<meta name=\"twitter:data1\" content=\"1 minute\" \/>\n<script type=\"application\/ld+json\" class=\"yoast-schema-graph\">{\"@context\":\"https:\/\/schema.org\",\"@graph\":[{\"@type\":\"WebPage\",\"@id\":\"https:\/\/shop.theophile-patachou.com\/fr\/produit\/doudou-louloute\/\",\"url\":\"https:\/\/shop.theophile-patachou.com\/fr\/produit\/doudou-louloute\/\",\"name\":\"Doudou Louloute - Th\u00e9ophile et Patachou\",\"isPartOf\":{\"@id\":\"https:\/\/shop.theophile-patachou.com\/fr\/#website\"},\"primaryImageOfPage\":{\"@id\":\"https:\/\/shop.theophile-patachou.com\/fr\/produit\/doudou-louloute\/#primaryimage\"},\"image\":{\"@id\":\"https:\/\/shop.theophile-patachou.com\/fr\/produit\/doudou-louloute\/#primaryimage\"},\"thumbnailUrl\":\"https:\/\/shop.theophile-patachou.com\/wp-content\/uploads\/2016\/10\/JJ8_3787-1.jpg\",\"datePublished\":\"2016-10-03T14:21:40+00:00\",\"dateModified\":\"2026-04-16T15:36:29+00:00\",\"breadcrumb\":{\"@id\":\"https:\/\/shop.theophile-patachou.com\/fr\/produit\/doudou-louloute\/#breadcrumb\"},\"inLanguage\":\"fr-FR\",\"potentialAction\":[{\"@type\":\"ReadAction\",\"target\":[\"https:\/\/shop.theophile-patachou.com\/fr\/produit\/doudou-louloute\/\"]}]},{\"@type\":\"ImageObject\",\"inLanguage\":\"fr-FR\",\"@id\":\"https:\/\/shop.theophile-patachou.com\/fr\/produit\/doudou-louloute\/#primaryimage\",\"url\":\"https:\/\/shop.theophile-patachou.com\/wp-content\/uploads\/2016\/10\/JJ8_3787-1.jpg\",\"contentUrl\":\"https:\/\/shop.theophile-patachou.com\/wp-content\/uploads\/2016\/10\/JJ8_3787-1.jpg\",\"width\":1200,\"height\":1200},{\"@type\":\"BreadcrumbList\",\"@id\":\"https:\/\/shop.theophile-patachou.com\/fr\/produit\/doudou-louloute\/#breadcrumb\",\"itemListElement\":[{\"@type\":\"ListItem\",\"position\":1,\"name\":\"Accueil\",\"item\":\"https:\/\/shop.theophile-patachou.com\/fr\/\"},{\"@type\":\"ListItem\",\"position\":2,\"name\":\"Produits\",\"item\":\"https:\/\/shop.theophile-patachou.com\/fr\/shop\/\"},{\"@type\":\"ListItem\",\"position\":3,\"name\":\"Doudou Louloute\"}]},{\"@type\":\"WebSite\",\"@id\":\"https:\/\/shop.theophile-patachou.com\/fr\/#website\",\"url\":\"https:\/\/shop.theophile-patachou.com\/fr\/\",\"name\":\"Th\u00e9ophile et Patachou\",\"description\":\"Mobilier &amp; accessoires pour b\u00e9b\u00e9\",\"publisher\":{\"@id\":\"https:\/\/shop.theophile-patachou.com\/fr\/#organization\"},\"potentialAction\":[{\"@type\":\"SearchAction\",\"target\":{\"@type\":\"EntryPoint\",\"urlTemplate\":\"https:\/\/shop.theophile-patachou.com\/fr\/?s={search_term_string}\"},\"query-input\":{\"@type\":\"PropertyValueSpecification\",\"valueRequired\":true,\"valueName\":\"search_term_string\"}}],\"inLanguage\":\"fr-FR\"},{\"@type\":\"Organization\",\"@id\":\"https:\/\/shop.theophile-patachou.com\/fr\/#organization\",\"name\":\"Th\u00e9ophile & Patachou\",\"url\":\"https:\/\/shop.theophile-patachou.com\/fr\/\",\"logo\":{\"@type\":\"ImageObject\",\"inLanguage\":\"fr-FR\",\"@id\":\"https:\/\/shop.theophile-patachou.com\/fr\/#\/schema\/logo\/image\/\",\"url\":\"https:\/\/shop.theophile-patachou.com\/wp-content\/uploads\/2014\/12\/site-login-logo.png\",\"contentUrl\":\"https:\/\/shop.theophile-patachou.com\/wp-content\/uploads\/2014\/12\/site-login-logo.png\",\"width\":300,\"height\":150,\"caption\":\"Th\u00e9ophile & Patachou\"},\"image\":{\"@id\":\"https:\/\/shop.theophile-patachou.com\/fr\/#\/schema\/logo\/image\/\"},\"sameAs\":[\"https:\/\/www.facebook.com\/Th\u00e9ophile-Patachou-197829346970085\/\",\"https:\/\/x.com\/TPBelgium\",\"https:\/\/instagram.com\/theophile_patachou\/\",\"https:\/\/www.pinterest.com\/ThPat\/\"]}]}<\/script>\n<!-- \/ Yoast SEO plugin. -->","yoast_head_json":{"title":"Doudou Louloute - Th\u00e9ophile et Patachou","robots":{"index":"index","follow":"follow","max-snippet":"max-snippet:-1","max-image-preview":"max-image-preview:large","max-video-preview":"max-video-preview:-1"},"canonical":"https:\/\/shop.theophile-patachou.com\/fr\/produit\/doudou-louloute\/","og_locale":"fr_FR","og_type":"article","og_title":"Doudou Louloute - Th\u00e9ophile et Patachou","og_description":"Louloute - Doudou\u00a0lapin mouchoir","og_url":"https:\/\/shop.theophile-patachou.com\/fr\/produit\/doudou-louloute\/","og_site_name":"Th\u00e9ophile et Patachou","article_publisher":"https:\/\/www.facebook.com\/Th%c3%a9ophile-Patachou-197829346970085\/","article_modified_time":"2026-04-16T15:36:29+00:00","og_image":[{"width":1200,"height":1200,"url":"https:\/\/shop.theophile-patachou.com\/wp-content\/uploads\/2016\/10\/JJ8_3787-1.jpg","type":"image\/jpeg"}],"twitter_card":"summary_large_image","twitter_site":"@TPBelgium","twitter_misc":{"Dur\u00e9e de lecture estim\u00e9e":"1 minute"},"schema":{"@context":"https:\/\/schema.org","@graph":[{"@type":"WebPage","@id":"https:\/\/shop.theophile-patachou.com\/fr\/produit\/doudou-louloute\/","url":"https:\/\/shop.theophile-patachou.com\/fr\/produit\/doudou-louloute\/","name":"Doudou Louloute - Th\u00e9ophile et Patachou","isPartOf":{"@id":"https:\/\/shop.theophile-patachou.com\/fr\/#website"},"primaryImageOfPage":{"@id":"https:\/\/shop.theophile-patachou.com\/fr\/produit\/doudou-louloute\/#primaryimage"},"image":{"@id":"https:\/\/shop.theophile-patachou.com\/fr\/produit\/doudou-louloute\/#primaryimage"},"thumbnailUrl":"https:\/\/shop.theophile-patachou.com\/wp-content\/uploads\/2016\/10\/JJ8_3787-1.jpg","datePublished":"2016-10-03T14:21:40+00:00","dateModified":"2026-04-16T15:36:29+00:00","breadcrumb":{"@id":"https:\/\/shop.theophile-patachou.com\/fr\/produit\/doudou-louloute\/#breadcrumb"},"inLanguage":"fr-FR","potentialAction":[{"@type":"ReadAction","target":["https:\/\/shop.theophile-patachou.com\/fr\/produit\/doudou-louloute\/"]}]},{"@type":"ImageObject","inLanguage":"fr-FR","@id":"https:\/\/shop.theophile-patachou.com\/fr\/produit\/doudou-louloute\/#primaryimage","url":"https:\/\/shop.theophile-patachou.com\/wp-content\/uploads\/2016\/10\/JJ8_3787-1.jpg","contentUrl":"https:\/\/shop.theophile-patachou.com\/wp-content\/uploads\/2016\/10\/JJ8_3787-1.jpg","width":1200,"height":1200},{"@type":"BreadcrumbList","@id":"https:\/\/shop.theophile-patachou.com\/fr\/produit\/doudou-louloute\/#breadcrumb","itemListElement":[{"@type":"ListItem","position":1,"name":"Accueil","item":"https:\/\/shop.theophile-patachou.com\/fr\/"},{"@type":"ListItem","position":2,"name":"Produits","item":"https:\/\/shop.theophile-patachou.com\/fr\/shop\/"},{"@type":"ListItem","position":3,"name":"Doudou Louloute"}]},{"@type":"WebSite","@id":"https:\/\/shop.theophile-patachou.com\/fr\/#website","url":"https:\/\/shop.theophile-patachou.com\/fr\/","name":"Th\u00e9ophile et Patachou","description":"Mobilier &amp; accessoires pour b\u00e9b\u00e9","publisher":{"@id":"https:\/\/shop.theophile-patachou.com\/fr\/#organization"},"potentialAction":[{"@type":"SearchAction","target":{"@type":"EntryPoint","urlTemplate":"https:\/\/shop.theophile-patachou.com\/fr\/?s={search_term_string}"},"query-input":{"@type":"PropertyValueSpecification","valueRequired":true,"valueName":"search_term_string"}}],"inLanguage":"fr-FR"},{"@type":"Organization","@id":"https:\/\/shop.theophile-patachou.com\/fr\/#organization","name":"Th\u00e9ophile & Patachou","url":"https:\/\/shop.theophile-patachou.com\/fr\/","logo":{"@type":"ImageObject","inLanguage":"fr-FR","@id":"https:\/\/shop.theophile-patachou.com\/fr\/#\/schema\/logo\/image\/","url":"https:\/\/shop.theophile-patachou.com\/wp-content\/uploads\/2014\/12\/site-login-logo.png","contentUrl":"https:\/\/shop.theophile-patachou.com\/wp-content\/uploads\/2014\/12\/site-login-logo.png","width":300,"height":150,"caption":"Th\u00e9ophile & Patachou"},"image":{"@id":"https:\/\/shop.theophile-patachou.com\/fr\/#\/schema\/logo\/image\/"},"sameAs":["https:\/\/www.facebook.com\/Th\u00e9ophile-Patachou-197829346970085\/","https:\/\/x.com\/TPBelgium","https:\/\/instagram.com\/theophile_patachou\/","https:\/\/www.pinterest.com\/ThPat\/"]}]}},"_links":{"self":[{"href":"https:\/\/shop.theophile-patachou.com\/fr\/wp-json\/wp\/v2\/product\/10548","targetHints":{"allow":["GET"]}}],"collection":[{"href":"https:\/\/shop.theophile-patachou.com\/fr\/wp-json\/wp\/v2\/product"}],"about":[{"href":"https:\/\/shop.theophile-patachou.com\/fr\/wp-json\/wp\/v2\/types\/product"}],"wp:featuredmedia":[{"embeddable":true,"href":"https:\/\/shop.theophile-patachou.com\/fr\/wp-json\/wp\/v2\/media\/63751"}],"wp:attachment":[{"href":"https:\/\/shop.theophile-patachou.com\/fr\/wp-json\/wp\/v2\/media?parent=10548"}],"wp:term":[{"taxonomy":"product_brand","embeddable":true,"href":"https:\/\/shop.theophile-patachou.com\/fr\/wp-json\/wp\/v2\/product_brand?post=10548"},{"taxonomy":"product_cat","embeddable":true,"href":"https:\/\/shop.theophile-patachou.com\/fr\/wp-json\/wp\/v2\/product_cat?post=10548"},{"taxonomy":"product_tag","embeddable":true,"href":"https:\/\/shop.theophile-patachou.com\/fr\/wp-json\/wp\/v2\/product_tag?post=10548"}],"curies":[{"name":"wp","href":"https:\/\/api.w.org\/{rel}","templated":true}]}}