{"id":33002,"date":"2018-08-20T12:48:03","date_gmt":"2018-08-20T11:48:03","guid":{"rendered":"https:\/\/shop.theophile-patachou.com\/?post_type=product&#038;p=33002"},"modified":"2026-04-15T20:33:17","modified_gmt":"2026-04-15T19:33:17","slug":"lit-baldaquin","status":"publish","type":"product","link":"https:\/\/shop.theophile-patachou.com\/fr\/produit\/lit-baldaquin\/","title":{"rendered":"Lit Design pour chambre b\u00e9b\u00e9"},"content":{"rendered":"","protected":false},"excerpt":{"rendered":"<h2 style=\"text-align: left\">Lit b\u00e9b\u00e9 \u00e9volutif<\/h2>\n<p><strong>\u20ac 920,00\u00a0 <\/strong>(transport non inclus)<br \/>\nLa livraison offerte n\u2019est pas d\u2019application sur le mobilier.<\/p>\n<p><strong>Commandez le mobilier\u00a0<\/strong>par e-mail pour recevoir votre devis sur mesure (mentionnez votre adresse de livraison) :<br \/>\n<a href=\"mailto:info@theophile-patachou.com\">info@theophile-patachou.com<\/a> \u2013 0032 10 24 66 12.<\/p>\n<p><strong>Lit\u00a0\u00ab\u00a0Design \u00bb 70&#215;140 cm<\/strong>\u00a0<strong>\u00e9volutif<\/strong> en fonction de l\u2019\u00e2ge de votre enfant. (0-5ans)<br \/>\n<strong><br \/>\nLit 3 en 1<\/strong> : Le lit cage se transforme en banquette ou petit <strong>lit junior<\/strong> en retirant les\u00a0barreaux de chaque c\u00f4t\u00e9 du lit.<br \/>\nLe sommier 70x140cm est <strong>r\u00e9glable en 3 hauteurs<\/strong>,<strong><br \/>\n<\/strong>Mobilier en mat\u00e9riaux MDF peinture blanche en conformit\u00e9 avec la norme EN 71-3.<\/p>\n<p>Pour faciliter le transport et l&rsquo;acc\u00e8s \u00e0 <strong>la chambre de b\u00e9b\u00e9<\/strong>, le mobilier est livr\u00e9 en plusieurs cartons bien prot\u00e9g\u00e9s accompagn\u00e9 d\u2019un plan de montage d\u00e9taill\u00e9.<\/p>\n<p>Le service d\u2019assemblage des meubles est possible dans certains pays.<\/p>\n<p>En option nous conseillons le matelas 70x140cm en mousse muni d\u2019une housse amovible lavable. R\u00e9f: MATE70<\/p>\n<p>Dimensions\u00a0: L:148 x P:77 x H:88 cm<\/p>\n<p><strong>Le lit \u00ab Design \u00bb\u00a0: Un style \u00e9pur\u00e9.<\/strong><\/p>\n<p>L\u2019\u00e9quipe Th\u00e9ophile &amp; Patachou est \u00e0 votre disposition pour vous aider \u00e0 cr\u00e9er <strong>la chambre de vos r\u00eaves<\/strong>.<\/p>\n<p><a href=\"https:\/\/www.theophile-patachou.com\/fr\/chambres\/design\/\" target=\"_blank\" rel=\"noopener noreferrer\">D\u00e9couvrir la gamme Design<\/a><\/p>\n","protected":false},"featured_media":73000,"template":"","meta":[],"product_brand":[],"product_cat":[1219,1223],"product_tag":[],"class_list":{"0":"post-33002","1":"product","2":"type-product","3":"status-publish","4":"has-post-thumbnail","6":"product_cat-mobilier-bebe","7":"product_cat-chambre-bebe-design","9":"first","10":"outofstock","11":"taxable","12":"shipping-taxable","13":"product-type-simple"},"yoast_head":"<!-- This site is optimized with the Yoast SEO plugin v26.9 - https:\/\/yoast.com\/product\/yoast-seo-wordpress\/ -->\n<title>Lit Design pour chambre b\u00e9b\u00e9 - Th\u00e9ophile et Patachou<\/title>\n<meta name=\"description\" content=\"Lit\u00a0Design 70x140 cm\u00a0\u00e9volutif en fonction de l\u2019\u00e2ge de votre enfant. Le lit cage se transforme en banquette ou petit lit junior en retirant les\u00a0barreaux de chaque c\u00f4t\u00e9 du lit.\" \/>\n<meta name=\"robots\" content=\"index, follow, max-snippet:-1, max-image-preview:large, max-video-preview:-1\" \/>\n<link rel=\"canonical\" href=\"https:\/\/shop.theophile-patachou.com\/fr\/produit\/lit-baldaquin\/\" \/>\n<meta property=\"og:locale\" content=\"fr_FR\" \/>\n<meta property=\"og:type\" content=\"article\" \/>\n<meta property=\"og:title\" content=\"Lit Design pour chambre b\u00e9b\u00e9 - Th\u00e9ophile et Patachou\" \/>\n<meta property=\"og:description\" content=\"Lit\u00a0Design 70x140 cm\u00a0\u00e9volutif en fonction de l\u2019\u00e2ge de votre enfant. Le lit cage se transforme en banquette ou petit lit junior en retirant les\u00a0barreaux de chaque c\u00f4t\u00e9 du lit.\" \/>\n<meta property=\"og:url\" content=\"https:\/\/shop.theophile-patachou.com\/fr\/produit\/lit-baldaquin\/\" \/>\n<meta property=\"og:site_name\" content=\"Th\u00e9ophile et Patachou\" \/>\n<meta property=\"article:publisher\" content=\"https:\/\/www.facebook.com\/Th%c3%a9ophile-Patachou-197829346970085\/\" \/>\n<meta property=\"article:modified_time\" content=\"2026-04-15T19:33:17+00:00\" \/>\n<meta property=\"og:image\" content=\"https:\/\/shop.theophile-patachou.com\/wp-content\/uploads\/2018\/08\/TPJZ2_4384.jpg\" \/>\n\t<meta property=\"og:image:width\" content=\"1200\" \/>\n\t<meta property=\"og:image:height\" content=\"1200\" \/>\n\t<meta property=\"og:image:type\" content=\"image\/jpeg\" \/>\n<meta name=\"twitter:card\" content=\"summary_large_image\" \/>\n<meta name=\"twitter:site\" content=\"@TPBelgium\" \/>\n<script type=\"application\/ld+json\" class=\"yoast-schema-graph\">{\"@context\":\"https:\/\/schema.org\",\"@graph\":[{\"@type\":\"WebPage\",\"@id\":\"https:\/\/shop.theophile-patachou.com\/fr\/produit\/lit-baldaquin\/\",\"url\":\"https:\/\/shop.theophile-patachou.com\/fr\/produit\/lit-baldaquin\/\",\"name\":\"Lit Design pour chambre b\u00e9b\u00e9 - Th\u00e9ophile et Patachou\",\"isPartOf\":{\"@id\":\"https:\/\/shop.theophile-patachou.com\/fr\/#website\"},\"primaryImageOfPage\":{\"@id\":\"https:\/\/shop.theophile-patachou.com\/fr\/produit\/lit-baldaquin\/#primaryimage\"},\"image\":{\"@id\":\"https:\/\/shop.theophile-patachou.com\/fr\/produit\/lit-baldaquin\/#primaryimage\"},\"thumbnailUrl\":\"https:\/\/shop.theophile-patachou.com\/wp-content\/uploads\/2018\/08\/TPJZ2_4384.jpg\",\"datePublished\":\"2018-08-20T11:48:03+00:00\",\"dateModified\":\"2026-04-15T19:33:17+00:00\",\"description\":\"Lit\u00a0Design 70x140 cm\u00a0\u00e9volutif en fonction de l\u2019\u00e2ge de votre enfant. Le lit cage se transforme en banquette ou petit lit junior en retirant les\u00a0barreaux de chaque c\u00f4t\u00e9 du lit.\",\"breadcrumb\":{\"@id\":\"https:\/\/shop.theophile-patachou.com\/fr\/produit\/lit-baldaquin\/#breadcrumb\"},\"inLanguage\":\"fr-FR\",\"potentialAction\":[{\"@type\":\"ReadAction\",\"target\":[\"https:\/\/shop.theophile-patachou.com\/fr\/produit\/lit-baldaquin\/\"]}]},{\"@type\":\"ImageObject\",\"inLanguage\":\"fr-FR\",\"@id\":\"https:\/\/shop.theophile-patachou.com\/fr\/produit\/lit-baldaquin\/#primaryimage\",\"url\":\"https:\/\/shop.theophile-patachou.com\/wp-content\/uploads\/2018\/08\/TPJZ2_4384.jpg\",\"contentUrl\":\"https:\/\/shop.theophile-patachou.com\/wp-content\/uploads\/2018\/08\/TPJZ2_4384.jpg\",\"width\":1200,\"height\":1200},{\"@type\":\"BreadcrumbList\",\"@id\":\"https:\/\/shop.theophile-patachou.com\/fr\/produit\/lit-baldaquin\/#breadcrumb\",\"itemListElement\":[{\"@type\":\"ListItem\",\"position\":1,\"name\":\"Accueil\",\"item\":\"https:\/\/shop.theophile-patachou.com\/fr\/\"},{\"@type\":\"ListItem\",\"position\":2,\"name\":\"Produits\",\"item\":\"https:\/\/shop.theophile-patachou.com\/fr\/shop\/\"},{\"@type\":\"ListItem\",\"position\":3,\"name\":\"Lit Design pour chambre b\u00e9b\u00e9\"}]},{\"@type\":\"WebSite\",\"@id\":\"https:\/\/shop.theophile-patachou.com\/fr\/#website\",\"url\":\"https:\/\/shop.theophile-patachou.com\/fr\/\",\"name\":\"Th\u00e9ophile et Patachou\",\"description\":\"Mobilier &amp; accessoires pour b\u00e9b\u00e9\",\"publisher\":{\"@id\":\"https:\/\/shop.theophile-patachou.com\/fr\/#organization\"},\"potentialAction\":[{\"@type\":\"SearchAction\",\"target\":{\"@type\":\"EntryPoint\",\"urlTemplate\":\"https:\/\/shop.theophile-patachou.com\/fr\/?s={search_term_string}\"},\"query-input\":{\"@type\":\"PropertyValueSpecification\",\"valueRequired\":true,\"valueName\":\"search_term_string\"}}],\"inLanguage\":\"fr-FR\"},{\"@type\":\"Organization\",\"@id\":\"https:\/\/shop.theophile-patachou.com\/fr\/#organization\",\"name\":\"Th\u00e9ophile & Patachou\",\"url\":\"https:\/\/shop.theophile-patachou.com\/fr\/\",\"logo\":{\"@type\":\"ImageObject\",\"inLanguage\":\"fr-FR\",\"@id\":\"https:\/\/shop.theophile-patachou.com\/fr\/#\/schema\/logo\/image\/\",\"url\":\"https:\/\/shop.theophile-patachou.com\/wp-content\/uploads\/2014\/12\/site-login-logo.png\",\"contentUrl\":\"https:\/\/shop.theophile-patachou.com\/wp-content\/uploads\/2014\/12\/site-login-logo.png\",\"width\":300,\"height\":150,\"caption\":\"Th\u00e9ophile & Patachou\"},\"image\":{\"@id\":\"https:\/\/shop.theophile-patachou.com\/fr\/#\/schema\/logo\/image\/\"},\"sameAs\":[\"https:\/\/www.facebook.com\/Th\u00e9ophile-Patachou-197829346970085\/\",\"https:\/\/x.com\/TPBelgium\",\"https:\/\/instagram.com\/theophile_patachou\/\",\"https:\/\/www.pinterest.com\/ThPat\/\"]}]}<\/script>\n<!-- \/ Yoast SEO plugin. -->","yoast_head_json":{"title":"Lit Design pour chambre b\u00e9b\u00e9 - Th\u00e9ophile et Patachou","description":"Lit\u00a0Design 70x140 cm\u00a0\u00e9volutif en fonction de l\u2019\u00e2ge de votre enfant. Le lit cage se transforme en banquette ou petit lit junior en retirant les\u00a0barreaux de chaque c\u00f4t\u00e9 du lit.","robots":{"index":"index","follow":"follow","max-snippet":"max-snippet:-1","max-image-preview":"max-image-preview:large","max-video-preview":"max-video-preview:-1"},"canonical":"https:\/\/shop.theophile-patachou.com\/fr\/produit\/lit-baldaquin\/","og_locale":"fr_FR","og_type":"article","og_title":"Lit Design pour chambre b\u00e9b\u00e9 - Th\u00e9ophile et Patachou","og_description":"Lit\u00a0Design 70x140 cm\u00a0\u00e9volutif en fonction de l\u2019\u00e2ge de votre enfant. Le lit cage se transforme en banquette ou petit lit junior en retirant les\u00a0barreaux de chaque c\u00f4t\u00e9 du lit.","og_url":"https:\/\/shop.theophile-patachou.com\/fr\/produit\/lit-baldaquin\/","og_site_name":"Th\u00e9ophile et Patachou","article_publisher":"https:\/\/www.facebook.com\/Th%c3%a9ophile-Patachou-197829346970085\/","article_modified_time":"2026-04-15T19:33:17+00:00","og_image":[{"width":1200,"height":1200,"url":"https:\/\/shop.theophile-patachou.com\/wp-content\/uploads\/2018\/08\/TPJZ2_4384.jpg","type":"image\/jpeg"}],"twitter_card":"summary_large_image","twitter_site":"@TPBelgium","schema":{"@context":"https:\/\/schema.org","@graph":[{"@type":"WebPage","@id":"https:\/\/shop.theophile-patachou.com\/fr\/produit\/lit-baldaquin\/","url":"https:\/\/shop.theophile-patachou.com\/fr\/produit\/lit-baldaquin\/","name":"Lit Design pour chambre b\u00e9b\u00e9 - Th\u00e9ophile et Patachou","isPartOf":{"@id":"https:\/\/shop.theophile-patachou.com\/fr\/#website"},"primaryImageOfPage":{"@id":"https:\/\/shop.theophile-patachou.com\/fr\/produit\/lit-baldaquin\/#primaryimage"},"image":{"@id":"https:\/\/shop.theophile-patachou.com\/fr\/produit\/lit-baldaquin\/#primaryimage"},"thumbnailUrl":"https:\/\/shop.theophile-patachou.com\/wp-content\/uploads\/2018\/08\/TPJZ2_4384.jpg","datePublished":"2018-08-20T11:48:03+00:00","dateModified":"2026-04-15T19:33:17+00:00","description":"Lit\u00a0Design 70x140 cm\u00a0\u00e9volutif en fonction de l\u2019\u00e2ge de votre enfant. Le lit cage se transforme en banquette ou petit lit junior en retirant les\u00a0barreaux de chaque c\u00f4t\u00e9 du lit.","breadcrumb":{"@id":"https:\/\/shop.theophile-patachou.com\/fr\/produit\/lit-baldaquin\/#breadcrumb"},"inLanguage":"fr-FR","potentialAction":[{"@type":"ReadAction","target":["https:\/\/shop.theophile-patachou.com\/fr\/produit\/lit-baldaquin\/"]}]},{"@type":"ImageObject","inLanguage":"fr-FR","@id":"https:\/\/shop.theophile-patachou.com\/fr\/produit\/lit-baldaquin\/#primaryimage","url":"https:\/\/shop.theophile-patachou.com\/wp-content\/uploads\/2018\/08\/TPJZ2_4384.jpg","contentUrl":"https:\/\/shop.theophile-patachou.com\/wp-content\/uploads\/2018\/08\/TPJZ2_4384.jpg","width":1200,"height":1200},{"@type":"BreadcrumbList","@id":"https:\/\/shop.theophile-patachou.com\/fr\/produit\/lit-baldaquin\/#breadcrumb","itemListElement":[{"@type":"ListItem","position":1,"name":"Accueil","item":"https:\/\/shop.theophile-patachou.com\/fr\/"},{"@type":"ListItem","position":2,"name":"Produits","item":"https:\/\/shop.theophile-patachou.com\/fr\/shop\/"},{"@type":"ListItem","position":3,"name":"Lit Design pour chambre b\u00e9b\u00e9"}]},{"@type":"WebSite","@id":"https:\/\/shop.theophile-patachou.com\/fr\/#website","url":"https:\/\/shop.theophile-patachou.com\/fr\/","name":"Th\u00e9ophile et Patachou","description":"Mobilier &amp; accessoires pour b\u00e9b\u00e9","publisher":{"@id":"https:\/\/shop.theophile-patachou.com\/fr\/#organization"},"potentialAction":[{"@type":"SearchAction","target":{"@type":"EntryPoint","urlTemplate":"https:\/\/shop.theophile-patachou.com\/fr\/?s={search_term_string}"},"query-input":{"@type":"PropertyValueSpecification","valueRequired":true,"valueName":"search_term_string"}}],"inLanguage":"fr-FR"},{"@type":"Organization","@id":"https:\/\/shop.theophile-patachou.com\/fr\/#organization","name":"Th\u00e9ophile & Patachou","url":"https:\/\/shop.theophile-patachou.com\/fr\/","logo":{"@type":"ImageObject","inLanguage":"fr-FR","@id":"https:\/\/shop.theophile-patachou.com\/fr\/#\/schema\/logo\/image\/","url":"https:\/\/shop.theophile-patachou.com\/wp-content\/uploads\/2014\/12\/site-login-logo.png","contentUrl":"https:\/\/shop.theophile-patachou.com\/wp-content\/uploads\/2014\/12\/site-login-logo.png","width":300,"height":150,"caption":"Th\u00e9ophile & Patachou"},"image":{"@id":"https:\/\/shop.theophile-patachou.com\/fr\/#\/schema\/logo\/image\/"},"sameAs":["https:\/\/www.facebook.com\/Th\u00e9ophile-Patachou-197829346970085\/","https:\/\/x.com\/TPBelgium","https:\/\/instagram.com\/theophile_patachou\/","https:\/\/www.pinterest.com\/ThPat\/"]}]}},"_links":{"self":[{"href":"https:\/\/shop.theophile-patachou.com\/fr\/wp-json\/wp\/v2\/product\/33002","targetHints":{"allow":["GET"]}}],"collection":[{"href":"https:\/\/shop.theophile-patachou.com\/fr\/wp-json\/wp\/v2\/product"}],"about":[{"href":"https:\/\/shop.theophile-patachou.com\/fr\/wp-json\/wp\/v2\/types\/product"}],"wp:featuredmedia":[{"embeddable":true,"href":"https:\/\/shop.theophile-patachou.com\/fr\/wp-json\/wp\/v2\/media\/73000"}],"wp:attachment":[{"href":"https:\/\/shop.theophile-patachou.com\/fr\/wp-json\/wp\/v2\/media?parent=33002"}],"wp:term":[{"taxonomy":"product_brand","embeddable":true,"href":"https:\/\/shop.theophile-patachou.com\/fr\/wp-json\/wp\/v2\/product_brand?post=33002"},{"taxonomy":"product_cat","embeddable":true,"href":"https:\/\/shop.theophile-patachou.com\/fr\/wp-json\/wp\/v2\/product_cat?post=33002"},{"taxonomy":"product_tag","embeddable":true,"href":"https:\/\/shop.theophile-patachou.com\/fr\/wp-json\/wp\/v2\/product_tag?post=33002"}],"curies":[{"name":"wp","href":"https:\/\/api.w.org\/{rel}","templated":true}]}}