{"id":54523,"date":"2021-02-01T14:30:42","date_gmt":"2021-02-01T13:30:42","guid":{"rendered":"https:\/\/shop.theophile-patachou.com\/?post_type=product&#038;p=54523"},"modified":"2026-04-07T19:32:36","modified_gmt":"2026-04-07T18:32:36","slug":"coussin-cale-bebe-sa","status":"publish","type":"product","link":"https:\/\/shop.theophile-patachou.com\/fr\/produit\/coussin-cale-bebe-sa\/","title":{"rendered":"Coussin cale b\u00e9b\u00e9"},"content":{"rendered":"<div id=\"ConnectiveDocSignExtentionInstalled\" data-extension-version=\"1.0.4\">Coussin cale b\u00e9b\u00e9 de la collection Safari. Essentiel pour le lit de b\u00e9b\u00e9 car il assure un confort et un soutien tout en douceur. Le coussin Cale b\u00e9b\u00e9 entoure b\u00e9b\u00e9 pour le rassurer ou d\u00e9limiter l&rsquo;espace dans le lit, le parc&#8230;<\/div>\n<div id=\"ConnectiveDocSignExtentionInstalled\" data-extension-version=\"1.0.4\">\n<p>Dimension : 45cm.<\/p>\n<p>Se marie parfaitement avec les draps de lit Safari et le tour de lit Safari.<br \/>\nD\u00e9couvrez toute la collection Cotton White.<\/p>\n<div id=\"ConnectiveDocSignExtentionInstalled\" data-extension-version=\"1.0.4\"><\/div>\n<\/div>\n","protected":false},"excerpt":{"rendered":"<h2>Coussin cale b\u00e9b\u00e9 Safari<\/h2>\n<p><strong>Id\u00e9al d\u00e8s la naissance, le\u00a0coussin cale b\u00e9b\u00e9<\/strong>, un essentiel pour le lit de b\u00e9b\u00e9, il assure un confort et un soutien tout en douceur.\u00a0Il entoure b\u00e9b\u00e9 pour le rassurer ou encore <strong>d\u00e9limiter l\u2019espace<\/strong> <strong>dans le lit<\/strong>, le parc,\u2026<\/p>\n<p>Dimension : 45cm<\/p>\n<div id=\"ConnectiveDocSignExtentionInstalled\" data-extension-version=\"1.0.4\"><\/div>\n<div id=\"ConnectiveDocSignExtentionInstalled\" data-extension-version=\"1.0.4\"><\/div>\n","protected":false},"featured_media":57058,"template":"","meta":[],"product_brand":[],"product_cat":[177,1377,167],"product_tag":[554,553,476],"class_list":{"0":"post-54523","1":"product","2":"type-product","3":"status-publish","4":"has-post-thumbnail","6":"product_cat-collections-fr","7":"product_cat-safari-fr","8":"product_cat-linge-de-lit-fr","9":"product_tag-calle-bebe","10":"product_tag-coussin","11":"product_tag-linge-de-lit","13":"first","14":"instock","15":"taxable","16":"shipping-taxable","17":"purchasable","18":"product-type-simple"},"yoast_head":"<!-- This site is optimized with the Yoast SEO plugin v26.9 - https:\/\/yoast.com\/product\/yoast-seo-wordpress\/ -->\n<title>Coussin Cale B\u00e9b\u00e9 Safari - Th\u00e9ophile et Patachou<\/title>\n<meta name=\"description\" content=\"Id\u00e9al d\u00e8s la naissance, le coussin cale b\u00e9b\u00e9 Safari entoure b\u00e9b\u00e9 pour le rassurer ou encore d\u00e9limiter l\u2019espace dans le lit, le parc,\u2026\" \/>\n<meta name=\"robots\" content=\"index, follow, max-snippet:-1, max-image-preview:large, max-video-preview:-1\" \/>\n<link rel=\"canonical\" href=\"https:\/\/shop.theophile-patachou.com\/fr\/produit\/coussin-cale-bebe-sa\/\" \/>\n<meta property=\"og:locale\" content=\"fr_FR\" \/>\n<meta property=\"og:type\" content=\"article\" \/>\n<meta property=\"og:title\" content=\"Coussin Cale B\u00e9b\u00e9 Safari - Th\u00e9ophile et Patachou\" \/>\n<meta property=\"og:description\" content=\"Id\u00e9al d\u00e8s la naissance, le coussin cale b\u00e9b\u00e9 Safari entoure b\u00e9b\u00e9 pour le rassurer ou encore d\u00e9limiter l\u2019espace dans le lit, le parc,\u2026\" \/>\n<meta property=\"og:url\" content=\"https:\/\/shop.theophile-patachou.com\/fr\/produit\/coussin-cale-bebe-sa\/\" \/>\n<meta property=\"og:site_name\" content=\"Th\u00e9ophile et Patachou\" \/>\n<meta property=\"article:publisher\" content=\"https:\/\/www.facebook.com\/Th%c3%a9ophile-Patachou-197829346970085\/\" \/>\n<meta property=\"article:modified_time\" content=\"2026-04-07T18:32:36+00:00\" \/>\n<meta property=\"og:image\" content=\"https:\/\/shop.theophile-patachou.com\/wp-content\/uploads\/2021\/04\/CAL.SA_.jpg\" \/>\n\t<meta property=\"og:image:width\" content=\"2000\" \/>\n\t<meta property=\"og:image:height\" content=\"2000\" \/>\n\t<meta property=\"og:image:type\" content=\"image\/jpeg\" \/>\n<meta name=\"twitter:card\" content=\"summary_large_image\" \/>\n<meta name=\"twitter:site\" content=\"@TPBelgium\" \/>\n<meta name=\"twitter:label1\" content=\"Dur\u00e9e de lecture estim\u00e9e\" \/>\n\t<meta name=\"twitter:data1\" content=\"1 minute\" \/>\n<script type=\"application\/ld+json\" class=\"yoast-schema-graph\">{\"@context\":\"https:\/\/schema.org\",\"@graph\":[{\"@type\":\"WebPage\",\"@id\":\"https:\/\/shop.theophile-patachou.com\/fr\/produit\/coussin-cale-bebe-sa\/\",\"url\":\"https:\/\/shop.theophile-patachou.com\/fr\/produit\/coussin-cale-bebe-sa\/\",\"name\":\"Coussin Cale B\u00e9b\u00e9 Safari - Th\u00e9ophile et Patachou\",\"isPartOf\":{\"@id\":\"https:\/\/shop.theophile-patachou.com\/fr\/#website\"},\"primaryImageOfPage\":{\"@id\":\"https:\/\/shop.theophile-patachou.com\/fr\/produit\/coussin-cale-bebe-sa\/#primaryimage\"},\"image\":{\"@id\":\"https:\/\/shop.theophile-patachou.com\/fr\/produit\/coussin-cale-bebe-sa\/#primaryimage\"},\"thumbnailUrl\":\"https:\/\/shop.theophile-patachou.com\/wp-content\/uploads\/2021\/04\/CAL.SA_.jpg\",\"datePublished\":\"2021-02-01T13:30:42+00:00\",\"dateModified\":\"2026-04-07T18:32:36+00:00\",\"description\":\"Id\u00e9al d\u00e8s la naissance, le coussin cale b\u00e9b\u00e9 Safari entoure b\u00e9b\u00e9 pour le rassurer ou encore d\u00e9limiter l\u2019espace dans le lit, le parc,\u2026\",\"breadcrumb\":{\"@id\":\"https:\/\/shop.theophile-patachou.com\/fr\/produit\/coussin-cale-bebe-sa\/#breadcrumb\"},\"inLanguage\":\"fr-FR\",\"potentialAction\":[{\"@type\":\"ReadAction\",\"target\":[\"https:\/\/shop.theophile-patachou.com\/fr\/produit\/coussin-cale-bebe-sa\/\"]}]},{\"@type\":\"ImageObject\",\"inLanguage\":\"fr-FR\",\"@id\":\"https:\/\/shop.theophile-patachou.com\/fr\/produit\/coussin-cale-bebe-sa\/#primaryimage\",\"url\":\"https:\/\/shop.theophile-patachou.com\/wp-content\/uploads\/2021\/04\/CAL.SA_.jpg\",\"contentUrl\":\"https:\/\/shop.theophile-patachou.com\/wp-content\/uploads\/2021\/04\/CAL.SA_.jpg\",\"width\":2000,\"height\":2000,\"caption\":\"Coussin cale b\u00e9b\u00e9, Safari, camel\"},{\"@type\":\"BreadcrumbList\",\"@id\":\"https:\/\/shop.theophile-patachou.com\/fr\/produit\/coussin-cale-bebe-sa\/#breadcrumb\",\"itemListElement\":[{\"@type\":\"ListItem\",\"position\":1,\"name\":\"Accueil\",\"item\":\"https:\/\/shop.theophile-patachou.com\/fr\/\"},{\"@type\":\"ListItem\",\"position\":2,\"name\":\"Produits\",\"item\":\"https:\/\/shop.theophile-patachou.com\/fr\/shop\/\"},{\"@type\":\"ListItem\",\"position\":3,\"name\":\"Coussin cale b\u00e9b\u00e9\"}]},{\"@type\":\"WebSite\",\"@id\":\"https:\/\/shop.theophile-patachou.com\/fr\/#website\",\"url\":\"https:\/\/shop.theophile-patachou.com\/fr\/\",\"name\":\"Th\u00e9ophile et Patachou\",\"description\":\"Mobilier &amp; accessoires pour b\u00e9b\u00e9\",\"publisher\":{\"@id\":\"https:\/\/shop.theophile-patachou.com\/fr\/#organization\"},\"potentialAction\":[{\"@type\":\"SearchAction\",\"target\":{\"@type\":\"EntryPoint\",\"urlTemplate\":\"https:\/\/shop.theophile-patachou.com\/fr\/?s={search_term_string}\"},\"query-input\":{\"@type\":\"PropertyValueSpecification\",\"valueRequired\":true,\"valueName\":\"search_term_string\"}}],\"inLanguage\":\"fr-FR\"},{\"@type\":\"Organization\",\"@id\":\"https:\/\/shop.theophile-patachou.com\/fr\/#organization\",\"name\":\"Th\u00e9ophile & Patachou\",\"url\":\"https:\/\/shop.theophile-patachou.com\/fr\/\",\"logo\":{\"@type\":\"ImageObject\",\"inLanguage\":\"fr-FR\",\"@id\":\"https:\/\/shop.theophile-patachou.com\/fr\/#\/schema\/logo\/image\/\",\"url\":\"https:\/\/shop.theophile-patachou.com\/wp-content\/uploads\/2014\/12\/site-login-logo.png\",\"contentUrl\":\"https:\/\/shop.theophile-patachou.com\/wp-content\/uploads\/2014\/12\/site-login-logo.png\",\"width\":300,\"height\":150,\"caption\":\"Th\u00e9ophile & Patachou\"},\"image\":{\"@id\":\"https:\/\/shop.theophile-patachou.com\/fr\/#\/schema\/logo\/image\/\"},\"sameAs\":[\"https:\/\/www.facebook.com\/Th\u00e9ophile-Patachou-197829346970085\/\",\"https:\/\/x.com\/TPBelgium\",\"https:\/\/instagram.com\/theophile_patachou\/\",\"https:\/\/www.pinterest.com\/ThPat\/\"]}]}<\/script>\n<!-- \/ Yoast SEO plugin. -->","yoast_head_json":{"title":"Coussin Cale B\u00e9b\u00e9 Safari - Th\u00e9ophile et Patachou","description":"Id\u00e9al d\u00e8s la naissance, le coussin cale b\u00e9b\u00e9 Safari entoure b\u00e9b\u00e9 pour le rassurer ou encore d\u00e9limiter l\u2019espace dans le lit, le parc,\u2026","robots":{"index":"index","follow":"follow","max-snippet":"max-snippet:-1","max-image-preview":"max-image-preview:large","max-video-preview":"max-video-preview:-1"},"canonical":"https:\/\/shop.theophile-patachou.com\/fr\/produit\/coussin-cale-bebe-sa\/","og_locale":"fr_FR","og_type":"article","og_title":"Coussin Cale B\u00e9b\u00e9 Safari - Th\u00e9ophile et Patachou","og_description":"Id\u00e9al d\u00e8s la naissance, le coussin cale b\u00e9b\u00e9 Safari entoure b\u00e9b\u00e9 pour le rassurer ou encore d\u00e9limiter l\u2019espace dans le lit, le parc,\u2026","og_url":"https:\/\/shop.theophile-patachou.com\/fr\/produit\/coussin-cale-bebe-sa\/","og_site_name":"Th\u00e9ophile et Patachou","article_publisher":"https:\/\/www.facebook.com\/Th%c3%a9ophile-Patachou-197829346970085\/","article_modified_time":"2026-04-07T18:32:36+00:00","og_image":[{"width":2000,"height":2000,"url":"https:\/\/shop.theophile-patachou.com\/wp-content\/uploads\/2021\/04\/CAL.SA_.jpg","type":"image\/jpeg"}],"twitter_card":"summary_large_image","twitter_site":"@TPBelgium","twitter_misc":{"Dur\u00e9e de lecture estim\u00e9e":"1 minute"},"schema":{"@context":"https:\/\/schema.org","@graph":[{"@type":"WebPage","@id":"https:\/\/shop.theophile-patachou.com\/fr\/produit\/coussin-cale-bebe-sa\/","url":"https:\/\/shop.theophile-patachou.com\/fr\/produit\/coussin-cale-bebe-sa\/","name":"Coussin Cale B\u00e9b\u00e9 Safari - Th\u00e9ophile et Patachou","isPartOf":{"@id":"https:\/\/shop.theophile-patachou.com\/fr\/#website"},"primaryImageOfPage":{"@id":"https:\/\/shop.theophile-patachou.com\/fr\/produit\/coussin-cale-bebe-sa\/#primaryimage"},"image":{"@id":"https:\/\/shop.theophile-patachou.com\/fr\/produit\/coussin-cale-bebe-sa\/#primaryimage"},"thumbnailUrl":"https:\/\/shop.theophile-patachou.com\/wp-content\/uploads\/2021\/04\/CAL.SA_.jpg","datePublished":"2021-02-01T13:30:42+00:00","dateModified":"2026-04-07T18:32:36+00:00","description":"Id\u00e9al d\u00e8s la naissance, le coussin cale b\u00e9b\u00e9 Safari entoure b\u00e9b\u00e9 pour le rassurer ou encore d\u00e9limiter l\u2019espace dans le lit, le parc,\u2026","breadcrumb":{"@id":"https:\/\/shop.theophile-patachou.com\/fr\/produit\/coussin-cale-bebe-sa\/#breadcrumb"},"inLanguage":"fr-FR","potentialAction":[{"@type":"ReadAction","target":["https:\/\/shop.theophile-patachou.com\/fr\/produit\/coussin-cale-bebe-sa\/"]}]},{"@type":"ImageObject","inLanguage":"fr-FR","@id":"https:\/\/shop.theophile-patachou.com\/fr\/produit\/coussin-cale-bebe-sa\/#primaryimage","url":"https:\/\/shop.theophile-patachou.com\/wp-content\/uploads\/2021\/04\/CAL.SA_.jpg","contentUrl":"https:\/\/shop.theophile-patachou.com\/wp-content\/uploads\/2021\/04\/CAL.SA_.jpg","width":2000,"height":2000,"caption":"Coussin cale b\u00e9b\u00e9, Safari, camel"},{"@type":"BreadcrumbList","@id":"https:\/\/shop.theophile-patachou.com\/fr\/produit\/coussin-cale-bebe-sa\/#breadcrumb","itemListElement":[{"@type":"ListItem","position":1,"name":"Accueil","item":"https:\/\/shop.theophile-patachou.com\/fr\/"},{"@type":"ListItem","position":2,"name":"Produits","item":"https:\/\/shop.theophile-patachou.com\/fr\/shop\/"},{"@type":"ListItem","position":3,"name":"Coussin cale b\u00e9b\u00e9"}]},{"@type":"WebSite","@id":"https:\/\/shop.theophile-patachou.com\/fr\/#website","url":"https:\/\/shop.theophile-patachou.com\/fr\/","name":"Th\u00e9ophile et Patachou","description":"Mobilier &amp; accessoires pour b\u00e9b\u00e9","publisher":{"@id":"https:\/\/shop.theophile-patachou.com\/fr\/#organization"},"potentialAction":[{"@type":"SearchAction","target":{"@type":"EntryPoint","urlTemplate":"https:\/\/shop.theophile-patachou.com\/fr\/?s={search_term_string}"},"query-input":{"@type":"PropertyValueSpecification","valueRequired":true,"valueName":"search_term_string"}}],"inLanguage":"fr-FR"},{"@type":"Organization","@id":"https:\/\/shop.theophile-patachou.com\/fr\/#organization","name":"Th\u00e9ophile & Patachou","url":"https:\/\/shop.theophile-patachou.com\/fr\/","logo":{"@type":"ImageObject","inLanguage":"fr-FR","@id":"https:\/\/shop.theophile-patachou.com\/fr\/#\/schema\/logo\/image\/","url":"https:\/\/shop.theophile-patachou.com\/wp-content\/uploads\/2014\/12\/site-login-logo.png","contentUrl":"https:\/\/shop.theophile-patachou.com\/wp-content\/uploads\/2014\/12\/site-login-logo.png","width":300,"height":150,"caption":"Th\u00e9ophile & Patachou"},"image":{"@id":"https:\/\/shop.theophile-patachou.com\/fr\/#\/schema\/logo\/image\/"},"sameAs":["https:\/\/www.facebook.com\/Th\u00e9ophile-Patachou-197829346970085\/","https:\/\/x.com\/TPBelgium","https:\/\/instagram.com\/theophile_patachou\/","https:\/\/www.pinterest.com\/ThPat\/"]}]}},"_links":{"self":[{"href":"https:\/\/shop.theophile-patachou.com\/fr\/wp-json\/wp\/v2\/product\/54523","targetHints":{"allow":["GET"]}}],"collection":[{"href":"https:\/\/shop.theophile-patachou.com\/fr\/wp-json\/wp\/v2\/product"}],"about":[{"href":"https:\/\/shop.theophile-patachou.com\/fr\/wp-json\/wp\/v2\/types\/product"}],"wp:featuredmedia":[{"embeddable":true,"href":"https:\/\/shop.theophile-patachou.com\/fr\/wp-json\/wp\/v2\/media\/57058"}],"wp:attachment":[{"href":"https:\/\/shop.theophile-patachou.com\/fr\/wp-json\/wp\/v2\/media?parent=54523"}],"wp:term":[{"taxonomy":"product_brand","embeddable":true,"href":"https:\/\/shop.theophile-patachou.com\/fr\/wp-json\/wp\/v2\/product_brand?post=54523"},{"taxonomy":"product_cat","embeddable":true,"href":"https:\/\/shop.theophile-patachou.com\/fr\/wp-json\/wp\/v2\/product_cat?post=54523"},{"taxonomy":"product_tag","embeddable":true,"href":"https:\/\/shop.theophile-patachou.com\/fr\/wp-json\/wp\/v2\/product_tag?post=54523"}],"curies":[{"name":"wp","href":"https:\/\/api.w.org\/{rel}","templated":true}]}}