{"id":56198,"date":"2021-04-08T10:57:41","date_gmt":"2021-04-08T09:57:41","guid":{"rendered":"https:\/\/shop.theophile-patachou.com\/?post_type=product&#038;p=56198"},"modified":"2026-05-03T12:31:30","modified_gmt":"2026-05-03T11:31:30","slug":"jupe-de-lit-70-cm-cw","status":"publish","type":"product","link":"https:\/\/shop.theophile-patachou.com\/fr\/produit\/jupe-de-lit-70-cm-cw\/","title":{"rendered":"Jupe de lit 70 cm"},"content":{"rendered":"<p>La jupe de lit 70cm en coton Cotton White mettra en valeur votre lit b\u00e9b\u00e9. Masque l\u2019espace (souvent peu esth\u00e9tique) entre le matelas et le sol.<\/p>\n<p>Id\u00e9ale pour ajouter une touche d&rsquo;\u00e9l\u00e9gance \u00e0 la chambre gr\u00e2ce \u00e0 sa couleur blanche. La jupe de lit Cotton White se marie tr\u00e8s bien avec les draps de lit et le tour de lit de la m\u00eame collection.<\/p>\n<p>D\u00e9couvrez toute la collection Cotton White.<\/p>\n<p>Taille de la jupe de lit : 70 x 140cm<\/p>\n","protected":false},"excerpt":{"rendered":"<h2>Jupe de lit pour b\u00e9b\u00e9 &#8211; Cotton White<\/h2>\n<p><strong>La jupe de lit<\/strong> 70 X 140cm mettra en valeur votre <strong>lit b\u00e9b\u00e9<\/strong> en masquant l\u2019espace (souvent peu esth\u00e9tique) entre le matelas et le sol.<\/p>\n<p>Coton &#8211; Cotton White<\/p>\n","protected":false},"featured_media":58608,"template":"","meta":[],"product_brand":[],"product_cat":[177,1396,167],"product_tag":[550,476,176,1322],"class_list":{"0":"post-56198","1":"product","2":"type-product","3":"status-publish","4":"has-post-thumbnail","6":"product_cat-collections-fr","7":"product_cat-cotton-white","8":"product_cat-linge-de-lit-fr","9":"product_tag-jupe-de-lit","10":"product_tag-linge-de-lit","11":"product_tag-popeline","12":"product_tag-sweet-blue","14":"first","15":"instock","16":"taxable","17":"shipping-taxable","18":"purchasable","19":"product-type-simple"},"yoast_head":"<!-- This site is optimized with the Yoast SEO plugin v26.9 - https:\/\/yoast.com\/product\/yoast-seo-wordpress\/ -->\n<title>Jupe de lit 70cm Cotton White - Th\u00e9ophile et Patachou<\/title>\n<meta name=\"description\" content=\"La\u00a0jupe de lit 70cm Cotton White mettra en valeur votre lit b\u00e9b\u00e9 en masquant l\u2019espace entre le matelas et le sol. Pour lit de 70x140cm.\" \/>\n<meta name=\"robots\" content=\"index, follow, max-snippet:-1, max-image-preview:large, max-video-preview:-1\" \/>\n<link rel=\"canonical\" href=\"https:\/\/shop.theophile-patachou.com\/fr\/produit\/jupe-de-lit-70-cm-cw\/\" \/>\n<meta property=\"og:locale\" content=\"fr_FR\" \/>\n<meta property=\"og:type\" content=\"article\" \/>\n<meta property=\"og:title\" content=\"Jupe de lit 70cm Cotton White - Th\u00e9ophile et Patachou\" \/>\n<meta property=\"og:description\" content=\"La\u00a0jupe de lit 70cm Cotton White mettra en valeur votre lit b\u00e9b\u00e9 en masquant l\u2019espace entre le matelas et le sol. Pour lit de 70x140cm.\" \/>\n<meta property=\"og:url\" content=\"https:\/\/shop.theophile-patachou.com\/fr\/produit\/jupe-de-lit-70-cm-cw\/\" \/>\n<meta property=\"og:site_name\" content=\"Th\u00e9ophile et Patachou\" \/>\n<meta property=\"article:publisher\" content=\"https:\/\/www.facebook.com\/Th%c3%a9ophile-Patachou-197829346970085\/\" \/>\n<meta property=\"article:modified_time\" content=\"2026-05-03T11:31:30+00:00\" \/>\n<meta property=\"og:image\" content=\"https:\/\/shop.theophile-patachou.com\/wp-content\/uploads\/2021\/04\/JUPE70CW.jpg\" \/>\n\t<meta property=\"og:image:width\" content=\"2000\" \/>\n\t<meta property=\"og:image:height\" content=\"2000\" \/>\n\t<meta property=\"og:image:type\" content=\"image\/jpeg\" \/>\n<meta name=\"twitter:card\" content=\"summary_large_image\" \/>\n<meta name=\"twitter:site\" content=\"@TPBelgium\" \/>\n<meta name=\"twitter:label1\" content=\"Dur\u00e9e de lecture estim\u00e9e\" \/>\n\t<meta name=\"twitter:data1\" content=\"1 minute\" \/>\n<script type=\"application\/ld+json\" class=\"yoast-schema-graph\">{\"@context\":\"https:\/\/schema.org\",\"@graph\":[{\"@type\":\"WebPage\",\"@id\":\"https:\/\/shop.theophile-patachou.com\/fr\/produit\/jupe-de-lit-70-cm-cw\/\",\"url\":\"https:\/\/shop.theophile-patachou.com\/fr\/produit\/jupe-de-lit-70-cm-cw\/\",\"name\":\"Jupe de lit 70cm Cotton White - Th\u00e9ophile et Patachou\",\"isPartOf\":{\"@id\":\"https:\/\/shop.theophile-patachou.com\/fr\/#website\"},\"primaryImageOfPage\":{\"@id\":\"https:\/\/shop.theophile-patachou.com\/fr\/produit\/jupe-de-lit-70-cm-cw\/#primaryimage\"},\"image\":{\"@id\":\"https:\/\/shop.theophile-patachou.com\/fr\/produit\/jupe-de-lit-70-cm-cw\/#primaryimage\"},\"thumbnailUrl\":\"https:\/\/shop.theophile-patachou.com\/wp-content\/uploads\/2021\/04\/JUPE70CW.jpg\",\"datePublished\":\"2021-04-08T09:57:41+00:00\",\"dateModified\":\"2026-05-03T11:31:30+00:00\",\"description\":\"La\u00a0jupe de lit 70cm Cotton White mettra en valeur votre lit b\u00e9b\u00e9 en masquant l\u2019espace entre le matelas et le sol. Pour lit de 70x140cm.\",\"breadcrumb\":{\"@id\":\"https:\/\/shop.theophile-patachou.com\/fr\/produit\/jupe-de-lit-70-cm-cw\/#breadcrumb\"},\"inLanguage\":\"fr-FR\",\"potentialAction\":[{\"@type\":\"ReadAction\",\"target\":[\"https:\/\/shop.theophile-patachou.com\/fr\/produit\/jupe-de-lit-70-cm-cw\/\"]}]},{\"@type\":\"ImageObject\",\"inLanguage\":\"fr-FR\",\"@id\":\"https:\/\/shop.theophile-patachou.com\/fr\/produit\/jupe-de-lit-70-cm-cw\/#primaryimage\",\"url\":\"https:\/\/shop.theophile-patachou.com\/wp-content\/uploads\/2021\/04\/JUPE70CW.jpg\",\"contentUrl\":\"https:\/\/shop.theophile-patachou.com\/wp-content\/uploads\/2021\/04\/JUPE70CW.jpg\",\"width\":2000,\"height\":2000,\"caption\":\"Jupe de lit 70cm, Cotton White\"},{\"@type\":\"BreadcrumbList\",\"@id\":\"https:\/\/shop.theophile-patachou.com\/fr\/produit\/jupe-de-lit-70-cm-cw\/#breadcrumb\",\"itemListElement\":[{\"@type\":\"ListItem\",\"position\":1,\"name\":\"Accueil\",\"item\":\"https:\/\/shop.theophile-patachou.com\/fr\/\"},{\"@type\":\"ListItem\",\"position\":2,\"name\":\"Produits\",\"item\":\"https:\/\/shop.theophile-patachou.com\/fr\/shop\/\"},{\"@type\":\"ListItem\",\"position\":3,\"name\":\"Jupe de lit 70 cm\"}]},{\"@type\":\"WebSite\",\"@id\":\"https:\/\/shop.theophile-patachou.com\/fr\/#website\",\"url\":\"https:\/\/shop.theophile-patachou.com\/fr\/\",\"name\":\"Th\u00e9ophile et Patachou\",\"description\":\"Mobilier &amp; accessoires pour b\u00e9b\u00e9\",\"publisher\":{\"@id\":\"https:\/\/shop.theophile-patachou.com\/fr\/#organization\"},\"potentialAction\":[{\"@type\":\"SearchAction\",\"target\":{\"@type\":\"EntryPoint\",\"urlTemplate\":\"https:\/\/shop.theophile-patachou.com\/fr\/?s={search_term_string}\"},\"query-input\":{\"@type\":\"PropertyValueSpecification\",\"valueRequired\":true,\"valueName\":\"search_term_string\"}}],\"inLanguage\":\"fr-FR\"},{\"@type\":\"Organization\",\"@id\":\"https:\/\/shop.theophile-patachou.com\/fr\/#organization\",\"name\":\"Th\u00e9ophile & Patachou\",\"url\":\"https:\/\/shop.theophile-patachou.com\/fr\/\",\"logo\":{\"@type\":\"ImageObject\",\"inLanguage\":\"fr-FR\",\"@id\":\"https:\/\/shop.theophile-patachou.com\/fr\/#\/schema\/logo\/image\/\",\"url\":\"https:\/\/shop.theophile-patachou.com\/wp-content\/uploads\/2014\/12\/site-login-logo.png\",\"contentUrl\":\"https:\/\/shop.theophile-patachou.com\/wp-content\/uploads\/2014\/12\/site-login-logo.png\",\"width\":300,\"height\":150,\"caption\":\"Th\u00e9ophile & Patachou\"},\"image\":{\"@id\":\"https:\/\/shop.theophile-patachou.com\/fr\/#\/schema\/logo\/image\/\"},\"sameAs\":[\"https:\/\/www.facebook.com\/Th\u00e9ophile-Patachou-197829346970085\/\",\"https:\/\/x.com\/TPBelgium\",\"https:\/\/instagram.com\/theophile_patachou\/\",\"https:\/\/www.pinterest.com\/ThPat\/\"]}]}<\/script>\n<!-- \/ Yoast SEO plugin. -->","yoast_head_json":{"title":"Jupe de lit 70cm Cotton White - Th\u00e9ophile et Patachou","description":"La\u00a0jupe de lit 70cm Cotton White mettra en valeur votre lit b\u00e9b\u00e9 en masquant l\u2019espace entre le matelas et le sol. Pour lit de 70x140cm.","robots":{"index":"index","follow":"follow","max-snippet":"max-snippet:-1","max-image-preview":"max-image-preview:large","max-video-preview":"max-video-preview:-1"},"canonical":"https:\/\/shop.theophile-patachou.com\/fr\/produit\/jupe-de-lit-70-cm-cw\/","og_locale":"fr_FR","og_type":"article","og_title":"Jupe de lit 70cm Cotton White - Th\u00e9ophile et Patachou","og_description":"La\u00a0jupe de lit 70cm Cotton White mettra en valeur votre lit b\u00e9b\u00e9 en masquant l\u2019espace entre le matelas et le sol. Pour lit de 70x140cm.","og_url":"https:\/\/shop.theophile-patachou.com\/fr\/produit\/jupe-de-lit-70-cm-cw\/","og_site_name":"Th\u00e9ophile et Patachou","article_publisher":"https:\/\/www.facebook.com\/Th%c3%a9ophile-Patachou-197829346970085\/","article_modified_time":"2026-05-03T11:31:30+00:00","og_image":[{"width":2000,"height":2000,"url":"https:\/\/shop.theophile-patachou.com\/wp-content\/uploads\/2021\/04\/JUPE70CW.jpg","type":"image\/jpeg"}],"twitter_card":"summary_large_image","twitter_site":"@TPBelgium","twitter_misc":{"Dur\u00e9e de lecture estim\u00e9e":"1 minute"},"schema":{"@context":"https:\/\/schema.org","@graph":[{"@type":"WebPage","@id":"https:\/\/shop.theophile-patachou.com\/fr\/produit\/jupe-de-lit-70-cm-cw\/","url":"https:\/\/shop.theophile-patachou.com\/fr\/produit\/jupe-de-lit-70-cm-cw\/","name":"Jupe de lit 70cm Cotton White - Th\u00e9ophile et Patachou","isPartOf":{"@id":"https:\/\/shop.theophile-patachou.com\/fr\/#website"},"primaryImageOfPage":{"@id":"https:\/\/shop.theophile-patachou.com\/fr\/produit\/jupe-de-lit-70-cm-cw\/#primaryimage"},"image":{"@id":"https:\/\/shop.theophile-patachou.com\/fr\/produit\/jupe-de-lit-70-cm-cw\/#primaryimage"},"thumbnailUrl":"https:\/\/shop.theophile-patachou.com\/wp-content\/uploads\/2021\/04\/JUPE70CW.jpg","datePublished":"2021-04-08T09:57:41+00:00","dateModified":"2026-05-03T11:31:30+00:00","description":"La\u00a0jupe de lit 70cm Cotton White mettra en valeur votre lit b\u00e9b\u00e9 en masquant l\u2019espace entre le matelas et le sol. Pour lit de 70x140cm.","breadcrumb":{"@id":"https:\/\/shop.theophile-patachou.com\/fr\/produit\/jupe-de-lit-70-cm-cw\/#breadcrumb"},"inLanguage":"fr-FR","potentialAction":[{"@type":"ReadAction","target":["https:\/\/shop.theophile-patachou.com\/fr\/produit\/jupe-de-lit-70-cm-cw\/"]}]},{"@type":"ImageObject","inLanguage":"fr-FR","@id":"https:\/\/shop.theophile-patachou.com\/fr\/produit\/jupe-de-lit-70-cm-cw\/#primaryimage","url":"https:\/\/shop.theophile-patachou.com\/wp-content\/uploads\/2021\/04\/JUPE70CW.jpg","contentUrl":"https:\/\/shop.theophile-patachou.com\/wp-content\/uploads\/2021\/04\/JUPE70CW.jpg","width":2000,"height":2000,"caption":"Jupe de lit 70cm, Cotton White"},{"@type":"BreadcrumbList","@id":"https:\/\/shop.theophile-patachou.com\/fr\/produit\/jupe-de-lit-70-cm-cw\/#breadcrumb","itemListElement":[{"@type":"ListItem","position":1,"name":"Accueil","item":"https:\/\/shop.theophile-patachou.com\/fr\/"},{"@type":"ListItem","position":2,"name":"Produits","item":"https:\/\/shop.theophile-patachou.com\/fr\/shop\/"},{"@type":"ListItem","position":3,"name":"Jupe de lit 70 cm"}]},{"@type":"WebSite","@id":"https:\/\/shop.theophile-patachou.com\/fr\/#website","url":"https:\/\/shop.theophile-patachou.com\/fr\/","name":"Th\u00e9ophile et Patachou","description":"Mobilier &amp; accessoires pour b\u00e9b\u00e9","publisher":{"@id":"https:\/\/shop.theophile-patachou.com\/fr\/#organization"},"potentialAction":[{"@type":"SearchAction","target":{"@type":"EntryPoint","urlTemplate":"https:\/\/shop.theophile-patachou.com\/fr\/?s={search_term_string}"},"query-input":{"@type":"PropertyValueSpecification","valueRequired":true,"valueName":"search_term_string"}}],"inLanguage":"fr-FR"},{"@type":"Organization","@id":"https:\/\/shop.theophile-patachou.com\/fr\/#organization","name":"Th\u00e9ophile & Patachou","url":"https:\/\/shop.theophile-patachou.com\/fr\/","logo":{"@type":"ImageObject","inLanguage":"fr-FR","@id":"https:\/\/shop.theophile-patachou.com\/fr\/#\/schema\/logo\/image\/","url":"https:\/\/shop.theophile-patachou.com\/wp-content\/uploads\/2014\/12\/site-login-logo.png","contentUrl":"https:\/\/shop.theophile-patachou.com\/wp-content\/uploads\/2014\/12\/site-login-logo.png","width":300,"height":150,"caption":"Th\u00e9ophile & Patachou"},"image":{"@id":"https:\/\/shop.theophile-patachou.com\/fr\/#\/schema\/logo\/image\/"},"sameAs":["https:\/\/www.facebook.com\/Th\u00e9ophile-Patachou-197829346970085\/","https:\/\/x.com\/TPBelgium","https:\/\/instagram.com\/theophile_patachou\/","https:\/\/www.pinterest.com\/ThPat\/"]}]}},"_links":{"self":[{"href":"https:\/\/shop.theophile-patachou.com\/fr\/wp-json\/wp\/v2\/product\/56198","targetHints":{"allow":["GET"]}}],"collection":[{"href":"https:\/\/shop.theophile-patachou.com\/fr\/wp-json\/wp\/v2\/product"}],"about":[{"href":"https:\/\/shop.theophile-patachou.com\/fr\/wp-json\/wp\/v2\/types\/product"}],"wp:featuredmedia":[{"embeddable":true,"href":"https:\/\/shop.theophile-patachou.com\/fr\/wp-json\/wp\/v2\/media\/58608"}],"wp:attachment":[{"href":"https:\/\/shop.theophile-patachou.com\/fr\/wp-json\/wp\/v2\/media?parent=56198"}],"wp:term":[{"taxonomy":"product_brand","embeddable":true,"href":"https:\/\/shop.theophile-patachou.com\/fr\/wp-json\/wp\/v2\/product_brand?post=56198"},{"taxonomy":"product_cat","embeddable":true,"href":"https:\/\/shop.theophile-patachou.com\/fr\/wp-json\/wp\/v2\/product_cat?post=56198"},{"taxonomy":"product_tag","embeddable":true,"href":"https:\/\/shop.theophile-patachou.com\/fr\/wp-json\/wp\/v2\/product_tag?post=56198"}],"curies":[{"name":"wp","href":"https:\/\/api.w.org\/{rel}","templated":true}]}}