{"id":56429,"date":"2021-04-13T10:10:09","date_gmt":"2021-04-13T09:10:09","guid":{"rendered":"https:\/\/shop.theophile-patachou.com\/?post_type=product&#038;p=56429"},"modified":"2026-04-15T02:31:27","modified_gmt":"2026-04-15T01:31:27","slug":"matelas-a-langer-de-voyage-cw","status":"publish","type":"product","link":"https:\/\/shop.theophile-patachou.com\/fr\/produit\/matelas-a-langer-de-voyage-cw\/","title":{"rendered":"Matelas \u00e0 langer de voyage"},"content":{"rendered":"<p>Matelas \u00e0\u00a0 langer de voyage Cotton White, gaufr\u00e9 blanc. Id\u00e9al gr\u00e2ce \u00e0 son petit format. Se d\u00e9plie facilement et permet de changer b\u00e9b\u00e9 n&rsquo;importe o\u00f9 et \u00e0 tout moment. Id\u00e9al pour voyager avec b\u00e9b\u00e9.<\/p>\n<p>Parfait pour accompagner le sac landau Cotton White.<br \/>\nPour un sac de voyage complet : la housse lingettes de voyage Cotton White et la pochette de rangement Cotton White.<\/p>\n<p>D\u00e9couvrez toute la collection Cotton White.<\/p>\n<p>Dimensions : 38 x 21 x 3 cm<br \/>\nCouleur : blanc<br \/>\nGaufr\u00e9<\/p>\n<p>&nbsp;<\/p>\n","protected":false},"excerpt":{"rendered":"<h2>Matelas \u00e0 langer de voyage &#8211; Gaufr\u00e9 Cotton White<\/h2>\n<p><strong>Id\u00e9al avec son petit format, ce matelas \u00e0 langer de voyage moelleux<\/strong> se d\u00e9plie facilement et vous permet de <strong>changer b\u00e9b\u00e9 n&rsquo;importe o\u00f9<\/strong>.<\/p>\n<p>Il accompagne id\u00e9alement votre sac landau du th\u00e8me Cotton White.<\/p>\n<p>Dimensions : 38 x 21 x 3 cm<\/p>\n","protected":false},"featured_media":59116,"template":"","meta":[],"product_brand":[],"product_cat":[177,1396,169],"product_tag":[171,1415,175,183],"class_list":{"0":"post-56429","1":"product","2":"type-product","3":"status-publish","4":"has-post-thumbnail","6":"product_cat-collections-fr","7":"product_cat-cotton-white","8":"product_cat-voyage-fr","9":"product_tag-blanc","10":"product_tag-cotton-white-2","11":"product_tag-matelas-a-langer","12":"product_tag-voyage","14":"first","15":"instock","16":"taxable","17":"shipping-taxable","18":"purchasable","19":"product-type-simple"},"yoast_head":"<!-- This site is optimized with the Yoast SEO plugin v26.9 - https:\/\/yoast.com\/product\/yoast-seo-wordpress\/ -->\n<title>Matelas \u00e0 langer de voyage Cotton White - Th\u00e9ophile et Patachou<\/title>\n<meta name=\"description\" content=\"Id\u00e9al avec son petit format, ce matelas \u00e0 langer de voyage moelleux, blanc, se d\u00e9plie facilement et vous permet de changer b\u00e9b\u00e9 n&#039;importe o\u00f9.\" \/>\n<meta name=\"robots\" content=\"index, follow, max-snippet:-1, max-image-preview:large, max-video-preview:-1\" \/>\n<link rel=\"canonical\" href=\"https:\/\/shop.theophile-patachou.com\/fr\/produit\/matelas-a-langer-de-voyage-cw\/\" \/>\n<meta property=\"og:locale\" content=\"fr_FR\" \/>\n<meta property=\"og:type\" content=\"article\" \/>\n<meta property=\"og:title\" content=\"Matelas \u00e0 langer de voyage Cotton White - Th\u00e9ophile et Patachou\" \/>\n<meta property=\"og:description\" content=\"Id\u00e9al avec son petit format, ce matelas \u00e0 langer de voyage moelleux, blanc, se d\u00e9plie facilement et vous permet de changer b\u00e9b\u00e9 n&#039;importe o\u00f9.\" \/>\n<meta property=\"og:url\" content=\"https:\/\/shop.theophile-patachou.com\/fr\/produit\/matelas-a-langer-de-voyage-cw\/\" \/>\n<meta property=\"og:site_name\" content=\"Th\u00e9ophile et Patachou\" \/>\n<meta property=\"article:publisher\" content=\"https:\/\/www.facebook.com\/Th%c3%a9ophile-Patachou-197829346970085\/\" \/>\n<meta property=\"article:modified_time\" content=\"2026-04-15T01:31:27+00:00\" \/>\n<meta property=\"og:image\" content=\"https:\/\/shop.theophile-patachou.com\/wp-content\/uploads\/2021\/05\/CW.SEC2_.jpg\" \/>\n\t<meta property=\"og:image:width\" content=\"2000\" \/>\n\t<meta property=\"og:image:height\" content=\"2000\" \/>\n\t<meta property=\"og:image:type\" content=\"image\/jpeg\" \/>\n<meta name=\"twitter:card\" content=\"summary_large_image\" \/>\n<meta name=\"twitter:site\" content=\"@TPBelgium\" \/>\n<meta name=\"twitter:label1\" content=\"Dur\u00e9e de lecture estim\u00e9e\" \/>\n\t<meta name=\"twitter:data1\" content=\"1 minute\" \/>\n<script type=\"application\/ld+json\" class=\"yoast-schema-graph\">{\"@context\":\"https:\/\/schema.org\",\"@graph\":[{\"@type\":\"WebPage\",\"@id\":\"https:\/\/shop.theophile-patachou.com\/fr\/produit\/matelas-a-langer-de-voyage-cw\/\",\"url\":\"https:\/\/shop.theophile-patachou.com\/fr\/produit\/matelas-a-langer-de-voyage-cw\/\",\"name\":\"Matelas \u00e0 langer de voyage Cotton White - Th\u00e9ophile et Patachou\",\"isPartOf\":{\"@id\":\"https:\/\/shop.theophile-patachou.com\/fr\/#website\"},\"primaryImageOfPage\":{\"@id\":\"https:\/\/shop.theophile-patachou.com\/fr\/produit\/matelas-a-langer-de-voyage-cw\/#primaryimage\"},\"image\":{\"@id\":\"https:\/\/shop.theophile-patachou.com\/fr\/produit\/matelas-a-langer-de-voyage-cw\/#primaryimage\"},\"thumbnailUrl\":\"https:\/\/shop.theophile-patachou.com\/wp-content\/uploads\/2021\/05\/CW.SEC2_.jpg\",\"datePublished\":\"2021-04-13T09:10:09+00:00\",\"dateModified\":\"2026-04-15T01:31:27+00:00\",\"description\":\"Id\u00e9al avec son petit format, ce matelas \u00e0 langer de voyage moelleux, blanc, se d\u00e9plie facilement et vous permet de changer b\u00e9b\u00e9 n'importe o\u00f9.\",\"breadcrumb\":{\"@id\":\"https:\/\/shop.theophile-patachou.com\/fr\/produit\/matelas-a-langer-de-voyage-cw\/#breadcrumb\"},\"inLanguage\":\"fr-FR\",\"potentialAction\":[{\"@type\":\"ReadAction\",\"target\":[\"https:\/\/shop.theophile-patachou.com\/fr\/produit\/matelas-a-langer-de-voyage-cw\/\"]}]},{\"@type\":\"ImageObject\",\"inLanguage\":\"fr-FR\",\"@id\":\"https:\/\/shop.theophile-patachou.com\/fr\/produit\/matelas-a-langer-de-voyage-cw\/#primaryimage\",\"url\":\"https:\/\/shop.theophile-patachou.com\/wp-content\/uploads\/2021\/05\/CW.SEC2_.jpg\",\"contentUrl\":\"https:\/\/shop.theophile-patachou.com\/wp-content\/uploads\/2021\/05\/CW.SEC2_.jpg\",\"width\":2000,\"height\":2000,\"caption\":\"Matelas \u00e0 langer de voyage, Cotton White\"},{\"@type\":\"BreadcrumbList\",\"@id\":\"https:\/\/shop.theophile-patachou.com\/fr\/produit\/matelas-a-langer-de-voyage-cw\/#breadcrumb\",\"itemListElement\":[{\"@type\":\"ListItem\",\"position\":1,\"name\":\"Accueil\",\"item\":\"https:\/\/shop.theophile-patachou.com\/fr\/\"},{\"@type\":\"ListItem\",\"position\":2,\"name\":\"Produits\",\"item\":\"https:\/\/shop.theophile-patachou.com\/fr\/shop\/\"},{\"@type\":\"ListItem\",\"position\":3,\"name\":\"Matelas \u00e0 langer de voyage\"}]},{\"@type\":\"WebSite\",\"@id\":\"https:\/\/shop.theophile-patachou.com\/fr\/#website\",\"url\":\"https:\/\/shop.theophile-patachou.com\/fr\/\",\"name\":\"Th\u00e9ophile et Patachou\",\"description\":\"Mobilier &amp; accessoires pour b\u00e9b\u00e9\",\"publisher\":{\"@id\":\"https:\/\/shop.theophile-patachou.com\/fr\/#organization\"},\"potentialAction\":[{\"@type\":\"SearchAction\",\"target\":{\"@type\":\"EntryPoint\",\"urlTemplate\":\"https:\/\/shop.theophile-patachou.com\/fr\/?s={search_term_string}\"},\"query-input\":{\"@type\":\"PropertyValueSpecification\",\"valueRequired\":true,\"valueName\":\"search_term_string\"}}],\"inLanguage\":\"fr-FR\"},{\"@type\":\"Organization\",\"@id\":\"https:\/\/shop.theophile-patachou.com\/fr\/#organization\",\"name\":\"Th\u00e9ophile & Patachou\",\"url\":\"https:\/\/shop.theophile-patachou.com\/fr\/\",\"logo\":{\"@type\":\"ImageObject\",\"inLanguage\":\"fr-FR\",\"@id\":\"https:\/\/shop.theophile-patachou.com\/fr\/#\/schema\/logo\/image\/\",\"url\":\"https:\/\/shop.theophile-patachou.com\/wp-content\/uploads\/2014\/12\/site-login-logo.png\",\"contentUrl\":\"https:\/\/shop.theophile-patachou.com\/wp-content\/uploads\/2014\/12\/site-login-logo.png\",\"width\":300,\"height\":150,\"caption\":\"Th\u00e9ophile & Patachou\"},\"image\":{\"@id\":\"https:\/\/shop.theophile-patachou.com\/fr\/#\/schema\/logo\/image\/\"},\"sameAs\":[\"https:\/\/www.facebook.com\/Th\u00e9ophile-Patachou-197829346970085\/\",\"https:\/\/x.com\/TPBelgium\",\"https:\/\/instagram.com\/theophile_patachou\/\",\"https:\/\/www.pinterest.com\/ThPat\/\"]}]}<\/script>\n<!-- \/ Yoast SEO plugin. -->","yoast_head_json":{"title":"Matelas \u00e0 langer de voyage Cotton White - Th\u00e9ophile et Patachou","description":"Id\u00e9al avec son petit format, ce matelas \u00e0 langer de voyage moelleux, blanc, se d\u00e9plie facilement et vous permet de changer b\u00e9b\u00e9 n'importe o\u00f9.","robots":{"index":"index","follow":"follow","max-snippet":"max-snippet:-1","max-image-preview":"max-image-preview:large","max-video-preview":"max-video-preview:-1"},"canonical":"https:\/\/shop.theophile-patachou.com\/fr\/produit\/matelas-a-langer-de-voyage-cw\/","og_locale":"fr_FR","og_type":"article","og_title":"Matelas \u00e0 langer de voyage Cotton White - Th\u00e9ophile et Patachou","og_description":"Id\u00e9al avec son petit format, ce matelas \u00e0 langer de voyage moelleux, blanc, se d\u00e9plie facilement et vous permet de changer b\u00e9b\u00e9 n'importe o\u00f9.","og_url":"https:\/\/shop.theophile-patachou.com\/fr\/produit\/matelas-a-langer-de-voyage-cw\/","og_site_name":"Th\u00e9ophile et Patachou","article_publisher":"https:\/\/www.facebook.com\/Th%c3%a9ophile-Patachou-197829346970085\/","article_modified_time":"2026-04-15T01:31:27+00:00","og_image":[{"width":2000,"height":2000,"url":"https:\/\/shop.theophile-patachou.com\/wp-content\/uploads\/2021\/05\/CW.SEC2_.jpg","type":"image\/jpeg"}],"twitter_card":"summary_large_image","twitter_site":"@TPBelgium","twitter_misc":{"Dur\u00e9e de lecture estim\u00e9e":"1 minute"},"schema":{"@context":"https:\/\/schema.org","@graph":[{"@type":"WebPage","@id":"https:\/\/shop.theophile-patachou.com\/fr\/produit\/matelas-a-langer-de-voyage-cw\/","url":"https:\/\/shop.theophile-patachou.com\/fr\/produit\/matelas-a-langer-de-voyage-cw\/","name":"Matelas \u00e0 langer de voyage Cotton White - Th\u00e9ophile et Patachou","isPartOf":{"@id":"https:\/\/shop.theophile-patachou.com\/fr\/#website"},"primaryImageOfPage":{"@id":"https:\/\/shop.theophile-patachou.com\/fr\/produit\/matelas-a-langer-de-voyage-cw\/#primaryimage"},"image":{"@id":"https:\/\/shop.theophile-patachou.com\/fr\/produit\/matelas-a-langer-de-voyage-cw\/#primaryimage"},"thumbnailUrl":"https:\/\/shop.theophile-patachou.com\/wp-content\/uploads\/2021\/05\/CW.SEC2_.jpg","datePublished":"2021-04-13T09:10:09+00:00","dateModified":"2026-04-15T01:31:27+00:00","description":"Id\u00e9al avec son petit format, ce matelas \u00e0 langer de voyage moelleux, blanc, se d\u00e9plie facilement et vous permet de changer b\u00e9b\u00e9 n'importe o\u00f9.","breadcrumb":{"@id":"https:\/\/shop.theophile-patachou.com\/fr\/produit\/matelas-a-langer-de-voyage-cw\/#breadcrumb"},"inLanguage":"fr-FR","potentialAction":[{"@type":"ReadAction","target":["https:\/\/shop.theophile-patachou.com\/fr\/produit\/matelas-a-langer-de-voyage-cw\/"]}]},{"@type":"ImageObject","inLanguage":"fr-FR","@id":"https:\/\/shop.theophile-patachou.com\/fr\/produit\/matelas-a-langer-de-voyage-cw\/#primaryimage","url":"https:\/\/shop.theophile-patachou.com\/wp-content\/uploads\/2021\/05\/CW.SEC2_.jpg","contentUrl":"https:\/\/shop.theophile-patachou.com\/wp-content\/uploads\/2021\/05\/CW.SEC2_.jpg","width":2000,"height":2000,"caption":"Matelas \u00e0 langer de voyage, Cotton White"},{"@type":"BreadcrumbList","@id":"https:\/\/shop.theophile-patachou.com\/fr\/produit\/matelas-a-langer-de-voyage-cw\/#breadcrumb","itemListElement":[{"@type":"ListItem","position":1,"name":"Accueil","item":"https:\/\/shop.theophile-patachou.com\/fr\/"},{"@type":"ListItem","position":2,"name":"Produits","item":"https:\/\/shop.theophile-patachou.com\/fr\/shop\/"},{"@type":"ListItem","position":3,"name":"Matelas \u00e0 langer de voyage"}]},{"@type":"WebSite","@id":"https:\/\/shop.theophile-patachou.com\/fr\/#website","url":"https:\/\/shop.theophile-patachou.com\/fr\/","name":"Th\u00e9ophile et Patachou","description":"Mobilier &amp; accessoires pour b\u00e9b\u00e9","publisher":{"@id":"https:\/\/shop.theophile-patachou.com\/fr\/#organization"},"potentialAction":[{"@type":"SearchAction","target":{"@type":"EntryPoint","urlTemplate":"https:\/\/shop.theophile-patachou.com\/fr\/?s={search_term_string}"},"query-input":{"@type":"PropertyValueSpecification","valueRequired":true,"valueName":"search_term_string"}}],"inLanguage":"fr-FR"},{"@type":"Organization","@id":"https:\/\/shop.theophile-patachou.com\/fr\/#organization","name":"Th\u00e9ophile & Patachou","url":"https:\/\/shop.theophile-patachou.com\/fr\/","logo":{"@type":"ImageObject","inLanguage":"fr-FR","@id":"https:\/\/shop.theophile-patachou.com\/fr\/#\/schema\/logo\/image\/","url":"https:\/\/shop.theophile-patachou.com\/wp-content\/uploads\/2014\/12\/site-login-logo.png","contentUrl":"https:\/\/shop.theophile-patachou.com\/wp-content\/uploads\/2014\/12\/site-login-logo.png","width":300,"height":150,"caption":"Th\u00e9ophile & Patachou"},"image":{"@id":"https:\/\/shop.theophile-patachou.com\/fr\/#\/schema\/logo\/image\/"},"sameAs":["https:\/\/www.facebook.com\/Th\u00e9ophile-Patachou-197829346970085\/","https:\/\/x.com\/TPBelgium","https:\/\/instagram.com\/theophile_patachou\/","https:\/\/www.pinterest.com\/ThPat\/"]}]}},"_links":{"self":[{"href":"https:\/\/shop.theophile-patachou.com\/fr\/wp-json\/wp\/v2\/product\/56429","targetHints":{"allow":["GET"]}}],"collection":[{"href":"https:\/\/shop.theophile-patachou.com\/fr\/wp-json\/wp\/v2\/product"}],"about":[{"href":"https:\/\/shop.theophile-patachou.com\/fr\/wp-json\/wp\/v2\/types\/product"}],"wp:featuredmedia":[{"embeddable":true,"href":"https:\/\/shop.theophile-patachou.com\/fr\/wp-json\/wp\/v2\/media\/59116"}],"wp:attachment":[{"href":"https:\/\/shop.theophile-patachou.com\/fr\/wp-json\/wp\/v2\/media?parent=56429"}],"wp:term":[{"taxonomy":"product_brand","embeddable":true,"href":"https:\/\/shop.theophile-patachou.com\/fr\/wp-json\/wp\/v2\/product_brand?post=56429"},{"taxonomy":"product_cat","embeddable":true,"href":"https:\/\/shop.theophile-patachou.com\/fr\/wp-json\/wp\/v2\/product_cat?post=56429"},{"taxonomy":"product_tag","embeddable":true,"href":"https:\/\/shop.theophile-patachou.com\/fr\/wp-json\/wp\/v2\/product_tag?post=56429"}],"curies":[{"name":"wp","href":"https:\/\/api.w.org\/{rel}","templated":true}]}}