{"id":56595,"date":"2021-04-15T15:09:45","date_gmt":"2021-04-15T14:09:45","guid":{"rendered":"https:\/\/shop.theophile-patachou.com\/?post_type=product&#038;p=56595"},"modified":"2026-04-30T07:31:23","modified_gmt":"2026-04-30T06:31:23","slug":"trophee-mural-ours-cw-2","status":"publish","type":"product","link":"https:\/\/shop.theophile-patachou.com\/fr\/produit\/trophee-mural-ours-cw-2\/","title":{"rendered":"Troph\u00e9e mural ours"},"content":{"rendered":"<p>Ours Troph\u00e9e Mural Patachou, collection Cotton White, en tissu gaufr\u00e9 blanc, avec un noeud. Ludique et d\u00e9coratif. D\u00e9corez la chambre de b\u00e9b\u00e9 avec \u00e9l\u00e9gance. S&rsquo;accroche au mur avec un clou, \u00e0 l&rsquo;arri\u00e8re de la t\u00eate.<\/p>\n<p>Existe en version gar\u00e7on : Troph\u00e9e mural Theophile<br \/>\nD\u00e9couvrez toute la collection Cotton White<\/p>\n<p>Dimensions : 26 x 26 cm<br \/>\nCouleur : blanc<br \/>\nGaufr\u00e9<\/p>\n","protected":false},"excerpt":{"rendered":"<h2><strong>Troph\u00e9e mural <\/strong>ours Patachou &#8211; Cotton White<\/h2>\n<p>Ludique et d\u00e9coratif, cette <strong>t\u00eate d\u2019ours<\/strong> en tissu coton gaufr\u00e9 blanc Cotton White embellira <strong>la chambre de vos enfants<\/strong> avec style ! Il s&rsquo;accrochent <strong>au<\/strong> <strong>mur<\/strong> seul ou \u00e0 plusieurs.<\/p>\n<p>Dimensions : 26 x 26 cm<\/p>\n","protected":false},"featured_media":58576,"template":"","meta":[],"product_brand":[],"product_cat":[177,1396,165,1546],"product_tag":[171,650,1472,696,649],"class_list":{"0":"post-56595","1":"product","2":"type-product","3":"status-publish","4":"has-post-thumbnail","6":"product_cat-collections-fr","7":"product_cat-cotton-white","8":"product_cat-decoration-fr","9":"product_cat-trophee-ours-fr","10":"product_tag-blanc","11":"product_tag-decoration","12":"product_tag-decoration-murale","13":"product_tag-ours","14":"product_tag-ours-decoration","16":"first","17":"instock","18":"taxable","19":"shipping-taxable","20":"purchasable","21":"product-type-simple"},"yoast_head":"<!-- This site is optimized with the Yoast SEO plugin v26.9 - https:\/\/yoast.com\/product\/yoast-seo-wordpress\/ -->\n<title>Troph\u00e9e Mural Ours Cotton White - Th\u00e9ophile et Patachou<\/title>\n<meta name=\"description\" content=\"D\u00e9corez le mur de la chambre de b\u00e9b\u00e9 avec ce troph\u00e9e mural ours Patachou en tissu gaufr\u00e9 blanc, de la collection Cotton White.\" \/>\n<meta name=\"robots\" content=\"index, follow, max-snippet:-1, max-image-preview:large, max-video-preview:-1\" \/>\n<link rel=\"canonical\" href=\"https:\/\/shop.theophile-patachou.com\/fr\/produit\/trophee-mural-ours-cw-2\/\" \/>\n<meta property=\"og:locale\" content=\"fr_FR\" \/>\n<meta property=\"og:type\" content=\"article\" \/>\n<meta property=\"og:title\" content=\"Troph\u00e9e Mural Ours Cotton White - Th\u00e9ophile et Patachou\" \/>\n<meta property=\"og:description\" content=\"D\u00e9corez le mur de la chambre de b\u00e9b\u00e9 avec ce troph\u00e9e mural ours Patachou en tissu gaufr\u00e9 blanc, de la collection Cotton White.\" \/>\n<meta property=\"og:url\" content=\"https:\/\/shop.theophile-patachou.com\/fr\/produit\/trophee-mural-ours-cw-2\/\" \/>\n<meta property=\"og:site_name\" content=\"Th\u00e9ophile et Patachou\" \/>\n<meta property=\"article:publisher\" content=\"https:\/\/www.facebook.com\/Th%c3%a9ophile-Patachou-197829346970085\/\" \/>\n<meta property=\"article:modified_time\" content=\"2026-04-30T06:31:23+00:00\" \/>\n<meta property=\"og:image\" content=\"https:\/\/shop.theophile-patachou.com\/wp-content\/uploads\/2021\/04\/TROURSCW2-scaled.jpg\" \/>\n\t<meta property=\"og:image:width\" content=\"2560\" \/>\n\t<meta property=\"og:image:height\" content=\"2560\" \/>\n\t<meta property=\"og:image:type\" content=\"image\/jpeg\" \/>\n<meta name=\"twitter:card\" content=\"summary_large_image\" \/>\n<meta name=\"twitter:site\" content=\"@TPBelgium\" \/>\n<meta name=\"twitter:label1\" content=\"Dur\u00e9e de lecture estim\u00e9e\" \/>\n\t<meta name=\"twitter:data1\" content=\"1 minute\" \/>\n<script type=\"application\/ld+json\" class=\"yoast-schema-graph\">{\"@context\":\"https:\/\/schema.org\",\"@graph\":[{\"@type\":\"WebPage\",\"@id\":\"https:\/\/shop.theophile-patachou.com\/fr\/produit\/trophee-mural-ours-cw-2\/\",\"url\":\"https:\/\/shop.theophile-patachou.com\/fr\/produit\/trophee-mural-ours-cw-2\/\",\"name\":\"Troph\u00e9e Mural Ours Cotton White - Th\u00e9ophile et Patachou\",\"isPartOf\":{\"@id\":\"https:\/\/shop.theophile-patachou.com\/fr\/#website\"},\"primaryImageOfPage\":{\"@id\":\"https:\/\/shop.theophile-patachou.com\/fr\/produit\/trophee-mural-ours-cw-2\/#primaryimage\"},\"image\":{\"@id\":\"https:\/\/shop.theophile-patachou.com\/fr\/produit\/trophee-mural-ours-cw-2\/#primaryimage\"},\"thumbnailUrl\":\"https:\/\/shop.theophile-patachou.com\/wp-content\/uploads\/2021\/04\/TROURSCW2-scaled.jpg\",\"datePublished\":\"2021-04-15T14:09:45+00:00\",\"dateModified\":\"2026-04-30T06:31:23+00:00\",\"description\":\"D\u00e9corez le mur de la chambre de b\u00e9b\u00e9 avec ce troph\u00e9e mural ours Patachou en tissu gaufr\u00e9 blanc, de la collection Cotton White.\",\"breadcrumb\":{\"@id\":\"https:\/\/shop.theophile-patachou.com\/fr\/produit\/trophee-mural-ours-cw-2\/#breadcrumb\"},\"inLanguage\":\"fr-FR\",\"potentialAction\":[{\"@type\":\"ReadAction\",\"target\":[\"https:\/\/shop.theophile-patachou.com\/fr\/produit\/trophee-mural-ours-cw-2\/\"]}]},{\"@type\":\"ImageObject\",\"inLanguage\":\"fr-FR\",\"@id\":\"https:\/\/shop.theophile-patachou.com\/fr\/produit\/trophee-mural-ours-cw-2\/#primaryimage\",\"url\":\"https:\/\/shop.theophile-patachou.com\/wp-content\/uploads\/2021\/04\/TROURSCW2-scaled.jpg\",\"contentUrl\":\"https:\/\/shop.theophile-patachou.com\/wp-content\/uploads\/2021\/04\/TROURSCW2-scaled.jpg\",\"width\":2560,\"height\":2560,\"caption\":\"Troph\u00e9e mural t\u00eate d'ours Patachou, Cotton White\"},{\"@type\":\"BreadcrumbList\",\"@id\":\"https:\/\/shop.theophile-patachou.com\/fr\/produit\/trophee-mural-ours-cw-2\/#breadcrumb\",\"itemListElement\":[{\"@type\":\"ListItem\",\"position\":1,\"name\":\"Accueil\",\"item\":\"https:\/\/shop.theophile-patachou.com\/fr\/\"},{\"@type\":\"ListItem\",\"position\":2,\"name\":\"Produits\",\"item\":\"https:\/\/shop.theophile-patachou.com\/fr\/shop\/\"},{\"@type\":\"ListItem\",\"position\":3,\"name\":\"Troph\u00e9e mural ours\"}]},{\"@type\":\"WebSite\",\"@id\":\"https:\/\/shop.theophile-patachou.com\/fr\/#website\",\"url\":\"https:\/\/shop.theophile-patachou.com\/fr\/\",\"name\":\"Th\u00e9ophile et Patachou\",\"description\":\"Mobilier &amp; accessoires pour b\u00e9b\u00e9\",\"publisher\":{\"@id\":\"https:\/\/shop.theophile-patachou.com\/fr\/#organization\"},\"potentialAction\":[{\"@type\":\"SearchAction\",\"target\":{\"@type\":\"EntryPoint\",\"urlTemplate\":\"https:\/\/shop.theophile-patachou.com\/fr\/?s={search_term_string}\"},\"query-input\":{\"@type\":\"PropertyValueSpecification\",\"valueRequired\":true,\"valueName\":\"search_term_string\"}}],\"inLanguage\":\"fr-FR\"},{\"@type\":\"Organization\",\"@id\":\"https:\/\/shop.theophile-patachou.com\/fr\/#organization\",\"name\":\"Th\u00e9ophile & Patachou\",\"url\":\"https:\/\/shop.theophile-patachou.com\/fr\/\",\"logo\":{\"@type\":\"ImageObject\",\"inLanguage\":\"fr-FR\",\"@id\":\"https:\/\/shop.theophile-patachou.com\/fr\/#\/schema\/logo\/image\/\",\"url\":\"https:\/\/shop.theophile-patachou.com\/wp-content\/uploads\/2014\/12\/site-login-logo.png\",\"contentUrl\":\"https:\/\/shop.theophile-patachou.com\/wp-content\/uploads\/2014\/12\/site-login-logo.png\",\"width\":300,\"height\":150,\"caption\":\"Th\u00e9ophile & Patachou\"},\"image\":{\"@id\":\"https:\/\/shop.theophile-patachou.com\/fr\/#\/schema\/logo\/image\/\"},\"sameAs\":[\"https:\/\/www.facebook.com\/Th\u00e9ophile-Patachou-197829346970085\/\",\"https:\/\/x.com\/TPBelgium\",\"https:\/\/instagram.com\/theophile_patachou\/\",\"https:\/\/www.pinterest.com\/ThPat\/\"]}]}<\/script>\n<!-- \/ Yoast SEO plugin. -->","yoast_head_json":{"title":"Troph\u00e9e Mural Ours Cotton White - Th\u00e9ophile et Patachou","description":"D\u00e9corez le mur de la chambre de b\u00e9b\u00e9 avec ce troph\u00e9e mural ours Patachou en tissu gaufr\u00e9 blanc, de la collection Cotton White.","robots":{"index":"index","follow":"follow","max-snippet":"max-snippet:-1","max-image-preview":"max-image-preview:large","max-video-preview":"max-video-preview:-1"},"canonical":"https:\/\/shop.theophile-patachou.com\/fr\/produit\/trophee-mural-ours-cw-2\/","og_locale":"fr_FR","og_type":"article","og_title":"Troph\u00e9e Mural Ours Cotton White - Th\u00e9ophile et Patachou","og_description":"D\u00e9corez le mur de la chambre de b\u00e9b\u00e9 avec ce troph\u00e9e mural ours Patachou en tissu gaufr\u00e9 blanc, de la collection Cotton White.","og_url":"https:\/\/shop.theophile-patachou.com\/fr\/produit\/trophee-mural-ours-cw-2\/","og_site_name":"Th\u00e9ophile et Patachou","article_publisher":"https:\/\/www.facebook.com\/Th%c3%a9ophile-Patachou-197829346970085\/","article_modified_time":"2026-04-30T06:31:23+00:00","og_image":[{"width":2560,"height":2560,"url":"https:\/\/shop.theophile-patachou.com\/wp-content\/uploads\/2021\/04\/TROURSCW2-scaled.jpg","type":"image\/jpeg"}],"twitter_card":"summary_large_image","twitter_site":"@TPBelgium","twitter_misc":{"Dur\u00e9e de lecture estim\u00e9e":"1 minute"},"schema":{"@context":"https:\/\/schema.org","@graph":[{"@type":"WebPage","@id":"https:\/\/shop.theophile-patachou.com\/fr\/produit\/trophee-mural-ours-cw-2\/","url":"https:\/\/shop.theophile-patachou.com\/fr\/produit\/trophee-mural-ours-cw-2\/","name":"Troph\u00e9e Mural Ours Cotton White - Th\u00e9ophile et Patachou","isPartOf":{"@id":"https:\/\/shop.theophile-patachou.com\/fr\/#website"},"primaryImageOfPage":{"@id":"https:\/\/shop.theophile-patachou.com\/fr\/produit\/trophee-mural-ours-cw-2\/#primaryimage"},"image":{"@id":"https:\/\/shop.theophile-patachou.com\/fr\/produit\/trophee-mural-ours-cw-2\/#primaryimage"},"thumbnailUrl":"https:\/\/shop.theophile-patachou.com\/wp-content\/uploads\/2021\/04\/TROURSCW2-scaled.jpg","datePublished":"2021-04-15T14:09:45+00:00","dateModified":"2026-04-30T06:31:23+00:00","description":"D\u00e9corez le mur de la chambre de b\u00e9b\u00e9 avec ce troph\u00e9e mural ours Patachou en tissu gaufr\u00e9 blanc, de la collection Cotton White.","breadcrumb":{"@id":"https:\/\/shop.theophile-patachou.com\/fr\/produit\/trophee-mural-ours-cw-2\/#breadcrumb"},"inLanguage":"fr-FR","potentialAction":[{"@type":"ReadAction","target":["https:\/\/shop.theophile-patachou.com\/fr\/produit\/trophee-mural-ours-cw-2\/"]}]},{"@type":"ImageObject","inLanguage":"fr-FR","@id":"https:\/\/shop.theophile-patachou.com\/fr\/produit\/trophee-mural-ours-cw-2\/#primaryimage","url":"https:\/\/shop.theophile-patachou.com\/wp-content\/uploads\/2021\/04\/TROURSCW2-scaled.jpg","contentUrl":"https:\/\/shop.theophile-patachou.com\/wp-content\/uploads\/2021\/04\/TROURSCW2-scaled.jpg","width":2560,"height":2560,"caption":"Troph\u00e9e mural t\u00eate d'ours Patachou, Cotton White"},{"@type":"BreadcrumbList","@id":"https:\/\/shop.theophile-patachou.com\/fr\/produit\/trophee-mural-ours-cw-2\/#breadcrumb","itemListElement":[{"@type":"ListItem","position":1,"name":"Accueil","item":"https:\/\/shop.theophile-patachou.com\/fr\/"},{"@type":"ListItem","position":2,"name":"Produits","item":"https:\/\/shop.theophile-patachou.com\/fr\/shop\/"},{"@type":"ListItem","position":3,"name":"Troph\u00e9e mural ours"}]},{"@type":"WebSite","@id":"https:\/\/shop.theophile-patachou.com\/fr\/#website","url":"https:\/\/shop.theophile-patachou.com\/fr\/","name":"Th\u00e9ophile et Patachou","description":"Mobilier &amp; accessoires pour b\u00e9b\u00e9","publisher":{"@id":"https:\/\/shop.theophile-patachou.com\/fr\/#organization"},"potentialAction":[{"@type":"SearchAction","target":{"@type":"EntryPoint","urlTemplate":"https:\/\/shop.theophile-patachou.com\/fr\/?s={search_term_string}"},"query-input":{"@type":"PropertyValueSpecification","valueRequired":true,"valueName":"search_term_string"}}],"inLanguage":"fr-FR"},{"@type":"Organization","@id":"https:\/\/shop.theophile-patachou.com\/fr\/#organization","name":"Th\u00e9ophile & Patachou","url":"https:\/\/shop.theophile-patachou.com\/fr\/","logo":{"@type":"ImageObject","inLanguage":"fr-FR","@id":"https:\/\/shop.theophile-patachou.com\/fr\/#\/schema\/logo\/image\/","url":"https:\/\/shop.theophile-patachou.com\/wp-content\/uploads\/2014\/12\/site-login-logo.png","contentUrl":"https:\/\/shop.theophile-patachou.com\/wp-content\/uploads\/2014\/12\/site-login-logo.png","width":300,"height":150,"caption":"Th\u00e9ophile & Patachou"},"image":{"@id":"https:\/\/shop.theophile-patachou.com\/fr\/#\/schema\/logo\/image\/"},"sameAs":["https:\/\/www.facebook.com\/Th\u00e9ophile-Patachou-197829346970085\/","https:\/\/x.com\/TPBelgium","https:\/\/instagram.com\/theophile_patachou\/","https:\/\/www.pinterest.com\/ThPat\/"]}]}},"_links":{"self":[{"href":"https:\/\/shop.theophile-patachou.com\/fr\/wp-json\/wp\/v2\/product\/56595","targetHints":{"allow":["GET"]}}],"collection":[{"href":"https:\/\/shop.theophile-patachou.com\/fr\/wp-json\/wp\/v2\/product"}],"about":[{"href":"https:\/\/shop.theophile-patachou.com\/fr\/wp-json\/wp\/v2\/types\/product"}],"wp:featuredmedia":[{"embeddable":true,"href":"https:\/\/shop.theophile-patachou.com\/fr\/wp-json\/wp\/v2\/media\/58576"}],"wp:attachment":[{"href":"https:\/\/shop.theophile-patachou.com\/fr\/wp-json\/wp\/v2\/media?parent=56595"}],"wp:term":[{"taxonomy":"product_brand","embeddable":true,"href":"https:\/\/shop.theophile-patachou.com\/fr\/wp-json\/wp\/v2\/product_brand?post=56595"},{"taxonomy":"product_cat","embeddable":true,"href":"https:\/\/shop.theophile-patachou.com\/fr\/wp-json\/wp\/v2\/product_cat?post=56595"},{"taxonomy":"product_tag","embeddable":true,"href":"https:\/\/shop.theophile-patachou.com\/fr\/wp-json\/wp\/v2\/product_tag?post=56595"}],"curies":[{"name":"wp","href":"https:\/\/api.w.org\/{rel}","templated":true}]}}