{"id":56731,"date":"2021-03-01T14:29:40","date_gmt":"2021-03-01T13:29:40","guid":{"rendered":"https:\/\/shop.theophile-patachou.com\/?post_type=product&#038;p=56731"},"modified":"2026-04-17T02:31:25","modified_gmt":"2026-04-17T01:31:25","slug":"drap-housse-landau-pour-couffin-sa","status":"publish","type":"product","link":"https:\/\/shop.theophile-patachou.com\/fr\/produit\/drap-housse-landau-pour-couffin-sa\/","title":{"rendered":"Drap housse landau pour couffin"},"content":{"rendered":"<p>Drap housse landau pour matelas de couffin, collection Safari, imprim\u00e9 camel. D\u00e9corez le couffin de b\u00e9b\u00e9 avec ce drap-housse pour matelas, au joli imprim\u00e9 Safari.<\/p>\n<p>Dimensions : 76 x 32 cm<br \/>\nCouleur : Imprim\u00e9 Safari camel<\/p>\n<p>D\u00e9couvrez toute la collection Safari<\/p>\n","protected":false},"excerpt":{"rendered":"<h2 class=\"p1\"><span class=\"s1\">Drap-housse landau pour Couffin &#8211; Safari<\/span><\/h2>\n<p class=\"p1\">Dimensions : 76 x 32 CM<br \/>\nImprim\u00e9 Safari<\/p>\n","protected":false},"featured_media":57121,"template":"","meta":[],"product_brand":[],"product_cat":[177,1377,163,492],"product_tag":[684,1395,574,523,1381],"class_list":{"0":"post-56731","1":"product","2":"type-product","3":"status-publish","4":"has-post-thumbnail","6":"product_cat-collections-fr","7":"product_cat-safari-fr","8":"product_cat-produits-fr","9":"product_cat-linge-de-berceau","10":"product_tag-camel","11":"product_tag-couffin","12":"product_tag-drap-housse-berceau","13":"product_tag-linge-de-berceau","14":"product_tag-safari","16":"first","17":"instock","18":"taxable","19":"shipping-taxable","20":"purchasable","21":"product-type-simple"},"yoast_head":"<!-- This site is optimized with the Yoast SEO plugin v26.9 - https:\/\/yoast.com\/product\/yoast-seo-wordpress\/ -->\n<title>Drap Housse Landau pour Couffin - Safari - Th\u00e9ophile et Patachou<\/title>\n<meta name=\"description\" content=\"Ajoutez une touche d&#039;\u00e9l\u00e9gance au landau ou couffin de b\u00e9b\u00e9 avec ce drap housse imprim\u00e9 Safari. De beaux tons camels et blancs.\" \/>\n<meta name=\"robots\" content=\"index, follow, max-snippet:-1, max-image-preview:large, max-video-preview:-1\" \/>\n<link rel=\"canonical\" href=\"https:\/\/shop.theophile-patachou.com\/fr\/produit\/drap-housse-landau-pour-couffin-sa\/\" \/>\n<meta property=\"og:locale\" content=\"fr_FR\" \/>\n<meta property=\"og:type\" content=\"article\" \/>\n<meta property=\"og:title\" content=\"Drap Housse Landau pour Couffin - Safari - Th\u00e9ophile et Patachou\" \/>\n<meta property=\"og:description\" content=\"Ajoutez une touche d&#039;\u00e9l\u00e9gance au landau ou couffin de b\u00e9b\u00e9 avec ce drap housse imprim\u00e9 Safari. De beaux tons camels et blancs.\" \/>\n<meta property=\"og:url\" content=\"https:\/\/shop.theophile-patachou.com\/fr\/produit\/drap-housse-landau-pour-couffin-sa\/\" \/>\n<meta property=\"og:site_name\" content=\"Th\u00e9ophile et Patachou\" \/>\n<meta property=\"article:publisher\" content=\"https:\/\/www.facebook.com\/Th%c3%a9ophile-Patachou-197829346970085\/\" \/>\n<meta property=\"article:modified_time\" content=\"2026-04-17T01:31:25+00:00\" \/>\n<meta property=\"og:image\" content=\"https:\/\/shop.theophile-patachou.com\/wp-content\/uploads\/2021\/04\/DL.BBSA_.jpg\" \/>\n\t<meta property=\"og:image:width\" content=\"2000\" \/>\n\t<meta property=\"og:image:height\" content=\"2000\" \/>\n\t<meta property=\"og:image:type\" content=\"image\/jpeg\" \/>\n<meta name=\"twitter:card\" content=\"summary_large_image\" \/>\n<meta name=\"twitter:site\" content=\"@TPBelgium\" \/>\n<meta name=\"twitter:label1\" content=\"Dur\u00e9e de lecture estim\u00e9e\" \/>\n\t<meta name=\"twitter:data1\" content=\"1 minute\" \/>\n<script type=\"application\/ld+json\" class=\"yoast-schema-graph\">{\"@context\":\"https:\/\/schema.org\",\"@graph\":[{\"@type\":\"WebPage\",\"@id\":\"https:\/\/shop.theophile-patachou.com\/fr\/produit\/drap-housse-landau-pour-couffin-sa\/\",\"url\":\"https:\/\/shop.theophile-patachou.com\/fr\/produit\/drap-housse-landau-pour-couffin-sa\/\",\"name\":\"Drap Housse Landau pour Couffin - Safari - Th\u00e9ophile et Patachou\",\"isPartOf\":{\"@id\":\"https:\/\/shop.theophile-patachou.com\/fr\/#website\"},\"primaryImageOfPage\":{\"@id\":\"https:\/\/shop.theophile-patachou.com\/fr\/produit\/drap-housse-landau-pour-couffin-sa\/#primaryimage\"},\"image\":{\"@id\":\"https:\/\/shop.theophile-patachou.com\/fr\/produit\/drap-housse-landau-pour-couffin-sa\/#primaryimage\"},\"thumbnailUrl\":\"https:\/\/shop.theophile-patachou.com\/wp-content\/uploads\/2021\/04\/DL.BBSA_.jpg\",\"datePublished\":\"2021-03-01T13:29:40+00:00\",\"dateModified\":\"2026-04-17T01:31:25+00:00\",\"description\":\"Ajoutez une touche d'\u00e9l\u00e9gance au landau ou couffin de b\u00e9b\u00e9 avec ce drap housse imprim\u00e9 Safari. De beaux tons camels et blancs.\",\"breadcrumb\":{\"@id\":\"https:\/\/shop.theophile-patachou.com\/fr\/produit\/drap-housse-landau-pour-couffin-sa\/#breadcrumb\"},\"inLanguage\":\"fr-FR\",\"potentialAction\":[{\"@type\":\"ReadAction\",\"target\":[\"https:\/\/shop.theophile-patachou.com\/fr\/produit\/drap-housse-landau-pour-couffin-sa\/\"]}]},{\"@type\":\"ImageObject\",\"inLanguage\":\"fr-FR\",\"@id\":\"https:\/\/shop.theophile-patachou.com\/fr\/produit\/drap-housse-landau-pour-couffin-sa\/#primaryimage\",\"url\":\"https:\/\/shop.theophile-patachou.com\/wp-content\/uploads\/2021\/04\/DL.BBSA_.jpg\",\"contentUrl\":\"https:\/\/shop.theophile-patachou.com\/wp-content\/uploads\/2021\/04\/DL.BBSA_.jpg\",\"width\":2000,\"height\":2000,\"caption\":\"Drap housse pour couffin Safari\"},{\"@type\":\"BreadcrumbList\",\"@id\":\"https:\/\/shop.theophile-patachou.com\/fr\/produit\/drap-housse-landau-pour-couffin-sa\/#breadcrumb\",\"itemListElement\":[{\"@type\":\"ListItem\",\"position\":1,\"name\":\"Accueil\",\"item\":\"https:\/\/shop.theophile-patachou.com\/fr\/\"},{\"@type\":\"ListItem\",\"position\":2,\"name\":\"Produits\",\"item\":\"https:\/\/shop.theophile-patachou.com\/fr\/shop\/\"},{\"@type\":\"ListItem\",\"position\":3,\"name\":\"Drap housse landau pour couffin\"}]},{\"@type\":\"WebSite\",\"@id\":\"https:\/\/shop.theophile-patachou.com\/fr\/#website\",\"url\":\"https:\/\/shop.theophile-patachou.com\/fr\/\",\"name\":\"Th\u00e9ophile et Patachou\",\"description\":\"Mobilier &amp; accessoires pour b\u00e9b\u00e9\",\"publisher\":{\"@id\":\"https:\/\/shop.theophile-patachou.com\/fr\/#organization\"},\"potentialAction\":[{\"@type\":\"SearchAction\",\"target\":{\"@type\":\"EntryPoint\",\"urlTemplate\":\"https:\/\/shop.theophile-patachou.com\/fr\/?s={search_term_string}\"},\"query-input\":{\"@type\":\"PropertyValueSpecification\",\"valueRequired\":true,\"valueName\":\"search_term_string\"}}],\"inLanguage\":\"fr-FR\"},{\"@type\":\"Organization\",\"@id\":\"https:\/\/shop.theophile-patachou.com\/fr\/#organization\",\"name\":\"Th\u00e9ophile & Patachou\",\"url\":\"https:\/\/shop.theophile-patachou.com\/fr\/\",\"logo\":{\"@type\":\"ImageObject\",\"inLanguage\":\"fr-FR\",\"@id\":\"https:\/\/shop.theophile-patachou.com\/fr\/#\/schema\/logo\/image\/\",\"url\":\"https:\/\/shop.theophile-patachou.com\/wp-content\/uploads\/2014\/12\/site-login-logo.png\",\"contentUrl\":\"https:\/\/shop.theophile-patachou.com\/wp-content\/uploads\/2014\/12\/site-login-logo.png\",\"width\":300,\"height\":150,\"caption\":\"Th\u00e9ophile & Patachou\"},\"image\":{\"@id\":\"https:\/\/shop.theophile-patachou.com\/fr\/#\/schema\/logo\/image\/\"},\"sameAs\":[\"https:\/\/www.facebook.com\/Th\u00e9ophile-Patachou-197829346970085\/\",\"https:\/\/x.com\/TPBelgium\",\"https:\/\/instagram.com\/theophile_patachou\/\",\"https:\/\/www.pinterest.com\/ThPat\/\"]}]}<\/script>\n<!-- \/ Yoast SEO plugin. -->","yoast_head_json":{"title":"Drap Housse Landau pour Couffin - Safari - Th\u00e9ophile et Patachou","description":"Ajoutez une touche d'\u00e9l\u00e9gance au landau ou couffin de b\u00e9b\u00e9 avec ce drap housse imprim\u00e9 Safari. De beaux tons camels et blancs.","robots":{"index":"index","follow":"follow","max-snippet":"max-snippet:-1","max-image-preview":"max-image-preview:large","max-video-preview":"max-video-preview:-1"},"canonical":"https:\/\/shop.theophile-patachou.com\/fr\/produit\/drap-housse-landau-pour-couffin-sa\/","og_locale":"fr_FR","og_type":"article","og_title":"Drap Housse Landau pour Couffin - Safari - Th\u00e9ophile et Patachou","og_description":"Ajoutez une touche d'\u00e9l\u00e9gance au landau ou couffin de b\u00e9b\u00e9 avec ce drap housse imprim\u00e9 Safari. De beaux tons camels et blancs.","og_url":"https:\/\/shop.theophile-patachou.com\/fr\/produit\/drap-housse-landau-pour-couffin-sa\/","og_site_name":"Th\u00e9ophile et Patachou","article_publisher":"https:\/\/www.facebook.com\/Th%c3%a9ophile-Patachou-197829346970085\/","article_modified_time":"2026-04-17T01:31:25+00:00","og_image":[{"width":2000,"height":2000,"url":"https:\/\/shop.theophile-patachou.com\/wp-content\/uploads\/2021\/04\/DL.BBSA_.jpg","type":"image\/jpeg"}],"twitter_card":"summary_large_image","twitter_site":"@TPBelgium","twitter_misc":{"Dur\u00e9e de lecture estim\u00e9e":"1 minute"},"schema":{"@context":"https:\/\/schema.org","@graph":[{"@type":"WebPage","@id":"https:\/\/shop.theophile-patachou.com\/fr\/produit\/drap-housse-landau-pour-couffin-sa\/","url":"https:\/\/shop.theophile-patachou.com\/fr\/produit\/drap-housse-landau-pour-couffin-sa\/","name":"Drap Housse Landau pour Couffin - Safari - Th\u00e9ophile et Patachou","isPartOf":{"@id":"https:\/\/shop.theophile-patachou.com\/fr\/#website"},"primaryImageOfPage":{"@id":"https:\/\/shop.theophile-patachou.com\/fr\/produit\/drap-housse-landau-pour-couffin-sa\/#primaryimage"},"image":{"@id":"https:\/\/shop.theophile-patachou.com\/fr\/produit\/drap-housse-landau-pour-couffin-sa\/#primaryimage"},"thumbnailUrl":"https:\/\/shop.theophile-patachou.com\/wp-content\/uploads\/2021\/04\/DL.BBSA_.jpg","datePublished":"2021-03-01T13:29:40+00:00","dateModified":"2026-04-17T01:31:25+00:00","description":"Ajoutez une touche d'\u00e9l\u00e9gance au landau ou couffin de b\u00e9b\u00e9 avec ce drap housse imprim\u00e9 Safari. De beaux tons camels et blancs.","breadcrumb":{"@id":"https:\/\/shop.theophile-patachou.com\/fr\/produit\/drap-housse-landau-pour-couffin-sa\/#breadcrumb"},"inLanguage":"fr-FR","potentialAction":[{"@type":"ReadAction","target":["https:\/\/shop.theophile-patachou.com\/fr\/produit\/drap-housse-landau-pour-couffin-sa\/"]}]},{"@type":"ImageObject","inLanguage":"fr-FR","@id":"https:\/\/shop.theophile-patachou.com\/fr\/produit\/drap-housse-landau-pour-couffin-sa\/#primaryimage","url":"https:\/\/shop.theophile-patachou.com\/wp-content\/uploads\/2021\/04\/DL.BBSA_.jpg","contentUrl":"https:\/\/shop.theophile-patachou.com\/wp-content\/uploads\/2021\/04\/DL.BBSA_.jpg","width":2000,"height":2000,"caption":"Drap housse pour couffin Safari"},{"@type":"BreadcrumbList","@id":"https:\/\/shop.theophile-patachou.com\/fr\/produit\/drap-housse-landau-pour-couffin-sa\/#breadcrumb","itemListElement":[{"@type":"ListItem","position":1,"name":"Accueil","item":"https:\/\/shop.theophile-patachou.com\/fr\/"},{"@type":"ListItem","position":2,"name":"Produits","item":"https:\/\/shop.theophile-patachou.com\/fr\/shop\/"},{"@type":"ListItem","position":3,"name":"Drap housse landau pour couffin"}]},{"@type":"WebSite","@id":"https:\/\/shop.theophile-patachou.com\/fr\/#website","url":"https:\/\/shop.theophile-patachou.com\/fr\/","name":"Th\u00e9ophile et Patachou","description":"Mobilier &amp; accessoires pour b\u00e9b\u00e9","publisher":{"@id":"https:\/\/shop.theophile-patachou.com\/fr\/#organization"},"potentialAction":[{"@type":"SearchAction","target":{"@type":"EntryPoint","urlTemplate":"https:\/\/shop.theophile-patachou.com\/fr\/?s={search_term_string}"},"query-input":{"@type":"PropertyValueSpecification","valueRequired":true,"valueName":"search_term_string"}}],"inLanguage":"fr-FR"},{"@type":"Organization","@id":"https:\/\/shop.theophile-patachou.com\/fr\/#organization","name":"Th\u00e9ophile & Patachou","url":"https:\/\/shop.theophile-patachou.com\/fr\/","logo":{"@type":"ImageObject","inLanguage":"fr-FR","@id":"https:\/\/shop.theophile-patachou.com\/fr\/#\/schema\/logo\/image\/","url":"https:\/\/shop.theophile-patachou.com\/wp-content\/uploads\/2014\/12\/site-login-logo.png","contentUrl":"https:\/\/shop.theophile-patachou.com\/wp-content\/uploads\/2014\/12\/site-login-logo.png","width":300,"height":150,"caption":"Th\u00e9ophile & Patachou"},"image":{"@id":"https:\/\/shop.theophile-patachou.com\/fr\/#\/schema\/logo\/image\/"},"sameAs":["https:\/\/www.facebook.com\/Th\u00e9ophile-Patachou-197829346970085\/","https:\/\/x.com\/TPBelgium","https:\/\/instagram.com\/theophile_patachou\/","https:\/\/www.pinterest.com\/ThPat\/"]}]}},"_links":{"self":[{"href":"https:\/\/shop.theophile-patachou.com\/fr\/wp-json\/wp\/v2\/product\/56731","targetHints":{"allow":["GET"]}}],"collection":[{"href":"https:\/\/shop.theophile-patachou.com\/fr\/wp-json\/wp\/v2\/product"}],"about":[{"href":"https:\/\/shop.theophile-patachou.com\/fr\/wp-json\/wp\/v2\/types\/product"}],"wp:featuredmedia":[{"embeddable":true,"href":"https:\/\/shop.theophile-patachou.com\/fr\/wp-json\/wp\/v2\/media\/57121"}],"wp:attachment":[{"href":"https:\/\/shop.theophile-patachou.com\/fr\/wp-json\/wp\/v2\/media?parent=56731"}],"wp:term":[{"taxonomy":"product_brand","embeddable":true,"href":"https:\/\/shop.theophile-patachou.com\/fr\/wp-json\/wp\/v2\/product_brand?post=56731"},{"taxonomy":"product_cat","embeddable":true,"href":"https:\/\/shop.theophile-patachou.com\/fr\/wp-json\/wp\/v2\/product_cat?post=56731"},{"taxonomy":"product_tag","embeddable":true,"href":"https:\/\/shop.theophile-patachou.com\/fr\/wp-json\/wp\/v2\/product_tag?post=56731"}],"curies":[{"name":"wp","href":"https:\/\/api.w.org\/{rel}","templated":true}]}}