{"id":61371,"date":"2021-09-29T10:41:23","date_gmt":"2021-09-29T09:41:23","guid":{"rendered":"https:\/\/shop.theophile-patachou.com\/?post_type=product&#038;p=61371"},"modified":"2026-04-17T23:31:00","modified_gmt":"2026-04-17T22:31:00","slug":"trousse-de-toilette-de-voyage-15","status":"publish","type":"product","link":"https:\/\/shop.theophile-patachou.com\/fr\/produit\/trousse-de-toilette-de-voyage-15\/","title":{"rendered":"Trousse de toilette de voyage"},"content":{"rendered":"<p>Trousse de toilette de voyage de la collection Cotton Pink. Tissu matelass\u00e9. Avec une grande ouverture, deux petites poches int\u00e9rieures, une grande poche \u00e0 tirette ext\u00e9rieure. Porte-cl\u00e9 d\u00e9coratif Th\u00e9ophile &amp; Patachou. Pratique pour emporter tous les essentiels de b\u00e9b\u00e9 en voyage. Valise b\u00e9b\u00e9.<\/p>\n<p>Dimensions : 40 x 13 x 25 cm<br \/>\nCouleur : rose<\/p>\n<p>D\u00e9couvrez toute <a href=\"https:\/\/shop.theophile-patachou.com\/fr\/categorie-produit\/lovelyprices-theophile-patachou\/cottonpink-fr\/\">la collection Cotton Pink<\/a><\/p>\n","protected":false},"excerpt":{"rendered":"<h2>Trousse de toilette de voyage &#8211; Cotton Pink<\/h2>\n<p>Cotton matelass\u00e9<br \/>\nDeux poches int\u00e9rieur, une poche \u00e0 tirette \u00e0 l&rsquo;avant.<br \/>\nDimensions : 40 x 13 x 25 cm<\/p>\n","protected":false},"featured_media":62762,"template":"","meta":[],"product_brand":[],"product_cat":[1523,177,169],"product_tag":[171,1526,634,183],"class_list":{"0":"post-61371","1":"product","2":"type-product","3":"status-publish","4":"has-post-thumbnail","6":"product_cat-cottonpink-fr","7":"product_cat-collections-fr","8":"product_cat-voyage-fr","9":"product_tag-blanc","10":"product_tag-cottonpink","11":"product_tag-trousse-de-toilette","12":"product_tag-voyage","14":"first","15":"outofstock","16":"sale","17":"taxable","18":"shipping-taxable","19":"purchasable","20":"product-type-simple"},"yoast_head":"<!-- This site is optimized with the Yoast SEO plugin v26.9 - https:\/\/yoast.com\/product\/yoast-seo-wordpress\/ -->\n<title>Trousse de Voyage Cotton White - Th\u00e9ophile et Patachou<\/title>\n<meta name=\"description\" content=\"Emportez les affaires de b\u00e9b\u00e9 partout avec vous gr\u00e2ce \u00e0 cette trousse de voyage Th\u00e9ophile &amp; Patachou, Cotton White. La trousse de toilette id\u00e9ale.\" \/>\n<meta name=\"robots\" content=\"index, follow, max-snippet:-1, max-image-preview:large, max-video-preview:-1\" \/>\n<link rel=\"canonical\" href=\"https:\/\/shop.theophile-patachou.com\/fr\/produit\/trousse-de-toilette-de-voyage-15\/\" \/>\n<meta property=\"og:locale\" content=\"fr_FR\" \/>\n<meta property=\"og:type\" content=\"article\" \/>\n<meta property=\"og:title\" content=\"Trousse de Voyage Cotton White - Th\u00e9ophile et Patachou\" \/>\n<meta property=\"og:description\" content=\"Emportez les affaires de b\u00e9b\u00e9 partout avec vous gr\u00e2ce \u00e0 cette trousse de voyage Th\u00e9ophile &amp; Patachou, Cotton White. La trousse de toilette id\u00e9ale.\" \/>\n<meta property=\"og:url\" content=\"https:\/\/shop.theophile-patachou.com\/fr\/produit\/trousse-de-toilette-de-voyage-15\/\" \/>\n<meta property=\"og:site_name\" content=\"Th\u00e9ophile et Patachou\" \/>\n<meta property=\"article:publisher\" content=\"https:\/\/www.facebook.com\/Th%c3%a9ophile-Patachou-197829346970085\/\" \/>\n<meta property=\"article:modified_time\" content=\"2026-04-17T22:31:00+00:00\" \/>\n<meta property=\"og:image\" content=\"https:\/\/shop.theophile-patachou.com\/wp-content\/uploads\/2021\/10\/VALCP-3.jpg\" \/>\n\t<meta property=\"og:image:width\" content=\"2000\" \/>\n\t<meta property=\"og:image:height\" content=\"2000\" \/>\n\t<meta property=\"og:image:type\" content=\"image\/jpeg\" \/>\n<meta name=\"twitter:card\" content=\"summary_large_image\" \/>\n<meta name=\"twitter:site\" content=\"@TPBelgium\" \/>\n<meta name=\"twitter:label1\" content=\"Dur\u00e9e de lecture estim\u00e9e\" \/>\n\t<meta name=\"twitter:data1\" content=\"1 minute\" \/>\n<script type=\"application\/ld+json\" class=\"yoast-schema-graph\">{\"@context\":\"https:\/\/schema.org\",\"@graph\":[{\"@type\":\"WebPage\",\"@id\":\"https:\/\/shop.theophile-patachou.com\/fr\/produit\/trousse-de-toilette-de-voyage-15\/\",\"url\":\"https:\/\/shop.theophile-patachou.com\/fr\/produit\/trousse-de-toilette-de-voyage-15\/\",\"name\":\"Trousse de Voyage Cotton White - Th\u00e9ophile et Patachou\",\"isPartOf\":{\"@id\":\"https:\/\/shop.theophile-patachou.com\/fr\/#website\"},\"primaryImageOfPage\":{\"@id\":\"https:\/\/shop.theophile-patachou.com\/fr\/produit\/trousse-de-toilette-de-voyage-15\/#primaryimage\"},\"image\":{\"@id\":\"https:\/\/shop.theophile-patachou.com\/fr\/produit\/trousse-de-toilette-de-voyage-15\/#primaryimage\"},\"thumbnailUrl\":\"https:\/\/shop.theophile-patachou.com\/wp-content\/uploads\/2021\/10\/VALCP-3.jpg\",\"datePublished\":\"2021-09-29T09:41:23+00:00\",\"dateModified\":\"2026-04-17T22:31:00+00:00\",\"description\":\"Emportez les affaires de b\u00e9b\u00e9 partout avec vous gr\u00e2ce \u00e0 cette trousse de voyage Th\u00e9ophile & Patachou, Cotton White. La trousse de toilette id\u00e9ale.\",\"breadcrumb\":{\"@id\":\"https:\/\/shop.theophile-patachou.com\/fr\/produit\/trousse-de-toilette-de-voyage-15\/#breadcrumb\"},\"inLanguage\":\"fr-FR\",\"potentialAction\":[{\"@type\":\"ReadAction\",\"target\":[\"https:\/\/shop.theophile-patachou.com\/fr\/produit\/trousse-de-toilette-de-voyage-15\/\"]}]},{\"@type\":\"ImageObject\",\"inLanguage\":\"fr-FR\",\"@id\":\"https:\/\/shop.theophile-patachou.com\/fr\/produit\/trousse-de-toilette-de-voyage-15\/#primaryimage\",\"url\":\"https:\/\/shop.theophile-patachou.com\/wp-content\/uploads\/2021\/10\/VALCP-3.jpg\",\"contentUrl\":\"https:\/\/shop.theophile-patachou.com\/wp-content\/uploads\/2021\/10\/VALCP-3.jpg\",\"width\":2000,\"height\":2000},{\"@type\":\"BreadcrumbList\",\"@id\":\"https:\/\/shop.theophile-patachou.com\/fr\/produit\/trousse-de-toilette-de-voyage-15\/#breadcrumb\",\"itemListElement\":[{\"@type\":\"ListItem\",\"position\":1,\"name\":\"Accueil\",\"item\":\"https:\/\/shop.theophile-patachou.com\/fr\/\"},{\"@type\":\"ListItem\",\"position\":2,\"name\":\"Produits\",\"item\":\"https:\/\/shop.theophile-patachou.com\/fr\/shop\/\"},{\"@type\":\"ListItem\",\"position\":3,\"name\":\"Trousse de toilette de voyage\"}]},{\"@type\":\"WebSite\",\"@id\":\"https:\/\/shop.theophile-patachou.com\/fr\/#website\",\"url\":\"https:\/\/shop.theophile-patachou.com\/fr\/\",\"name\":\"Th\u00e9ophile et Patachou\",\"description\":\"Mobilier &amp; accessoires pour b\u00e9b\u00e9\",\"publisher\":{\"@id\":\"https:\/\/shop.theophile-patachou.com\/fr\/#organization\"},\"potentialAction\":[{\"@type\":\"SearchAction\",\"target\":{\"@type\":\"EntryPoint\",\"urlTemplate\":\"https:\/\/shop.theophile-patachou.com\/fr\/?s={search_term_string}\"},\"query-input\":{\"@type\":\"PropertyValueSpecification\",\"valueRequired\":true,\"valueName\":\"search_term_string\"}}],\"inLanguage\":\"fr-FR\"},{\"@type\":\"Organization\",\"@id\":\"https:\/\/shop.theophile-patachou.com\/fr\/#organization\",\"name\":\"Th\u00e9ophile & Patachou\",\"url\":\"https:\/\/shop.theophile-patachou.com\/fr\/\",\"logo\":{\"@type\":\"ImageObject\",\"inLanguage\":\"fr-FR\",\"@id\":\"https:\/\/shop.theophile-patachou.com\/fr\/#\/schema\/logo\/image\/\",\"url\":\"https:\/\/shop.theophile-patachou.com\/wp-content\/uploads\/2014\/12\/site-login-logo.png\",\"contentUrl\":\"https:\/\/shop.theophile-patachou.com\/wp-content\/uploads\/2014\/12\/site-login-logo.png\",\"width\":300,\"height\":150,\"caption\":\"Th\u00e9ophile & Patachou\"},\"image\":{\"@id\":\"https:\/\/shop.theophile-patachou.com\/fr\/#\/schema\/logo\/image\/\"},\"sameAs\":[\"https:\/\/www.facebook.com\/Th\u00e9ophile-Patachou-197829346970085\/\",\"https:\/\/x.com\/TPBelgium\",\"https:\/\/instagram.com\/theophile_patachou\/\",\"https:\/\/www.pinterest.com\/ThPat\/\"]}]}<\/script>\n<!-- \/ Yoast SEO plugin. -->","yoast_head_json":{"title":"Trousse de Voyage Cotton White - Th\u00e9ophile et Patachou","description":"Emportez les affaires de b\u00e9b\u00e9 partout avec vous gr\u00e2ce \u00e0 cette trousse de voyage Th\u00e9ophile & Patachou, Cotton White. La trousse de toilette id\u00e9ale.","robots":{"index":"index","follow":"follow","max-snippet":"max-snippet:-1","max-image-preview":"max-image-preview:large","max-video-preview":"max-video-preview:-1"},"canonical":"https:\/\/shop.theophile-patachou.com\/fr\/produit\/trousse-de-toilette-de-voyage-15\/","og_locale":"fr_FR","og_type":"article","og_title":"Trousse de Voyage Cotton White - Th\u00e9ophile et Patachou","og_description":"Emportez les affaires de b\u00e9b\u00e9 partout avec vous gr\u00e2ce \u00e0 cette trousse de voyage Th\u00e9ophile & Patachou, Cotton White. La trousse de toilette id\u00e9ale.","og_url":"https:\/\/shop.theophile-patachou.com\/fr\/produit\/trousse-de-toilette-de-voyage-15\/","og_site_name":"Th\u00e9ophile et Patachou","article_publisher":"https:\/\/www.facebook.com\/Th%c3%a9ophile-Patachou-197829346970085\/","article_modified_time":"2026-04-17T22:31:00+00:00","og_image":[{"width":2000,"height":2000,"url":"https:\/\/shop.theophile-patachou.com\/wp-content\/uploads\/2021\/10\/VALCP-3.jpg","type":"image\/jpeg"}],"twitter_card":"summary_large_image","twitter_site":"@TPBelgium","twitter_misc":{"Dur\u00e9e de lecture estim\u00e9e":"1 minute"},"schema":{"@context":"https:\/\/schema.org","@graph":[{"@type":"WebPage","@id":"https:\/\/shop.theophile-patachou.com\/fr\/produit\/trousse-de-toilette-de-voyage-15\/","url":"https:\/\/shop.theophile-patachou.com\/fr\/produit\/trousse-de-toilette-de-voyage-15\/","name":"Trousse de Voyage Cotton White - Th\u00e9ophile et Patachou","isPartOf":{"@id":"https:\/\/shop.theophile-patachou.com\/fr\/#website"},"primaryImageOfPage":{"@id":"https:\/\/shop.theophile-patachou.com\/fr\/produit\/trousse-de-toilette-de-voyage-15\/#primaryimage"},"image":{"@id":"https:\/\/shop.theophile-patachou.com\/fr\/produit\/trousse-de-toilette-de-voyage-15\/#primaryimage"},"thumbnailUrl":"https:\/\/shop.theophile-patachou.com\/wp-content\/uploads\/2021\/10\/VALCP-3.jpg","datePublished":"2021-09-29T09:41:23+00:00","dateModified":"2026-04-17T22:31:00+00:00","description":"Emportez les affaires de b\u00e9b\u00e9 partout avec vous gr\u00e2ce \u00e0 cette trousse de voyage Th\u00e9ophile & Patachou, Cotton White. La trousse de toilette id\u00e9ale.","breadcrumb":{"@id":"https:\/\/shop.theophile-patachou.com\/fr\/produit\/trousse-de-toilette-de-voyage-15\/#breadcrumb"},"inLanguage":"fr-FR","potentialAction":[{"@type":"ReadAction","target":["https:\/\/shop.theophile-patachou.com\/fr\/produit\/trousse-de-toilette-de-voyage-15\/"]}]},{"@type":"ImageObject","inLanguage":"fr-FR","@id":"https:\/\/shop.theophile-patachou.com\/fr\/produit\/trousse-de-toilette-de-voyage-15\/#primaryimage","url":"https:\/\/shop.theophile-patachou.com\/wp-content\/uploads\/2021\/10\/VALCP-3.jpg","contentUrl":"https:\/\/shop.theophile-patachou.com\/wp-content\/uploads\/2021\/10\/VALCP-3.jpg","width":2000,"height":2000},{"@type":"BreadcrumbList","@id":"https:\/\/shop.theophile-patachou.com\/fr\/produit\/trousse-de-toilette-de-voyage-15\/#breadcrumb","itemListElement":[{"@type":"ListItem","position":1,"name":"Accueil","item":"https:\/\/shop.theophile-patachou.com\/fr\/"},{"@type":"ListItem","position":2,"name":"Produits","item":"https:\/\/shop.theophile-patachou.com\/fr\/shop\/"},{"@type":"ListItem","position":3,"name":"Trousse de toilette de voyage"}]},{"@type":"WebSite","@id":"https:\/\/shop.theophile-patachou.com\/fr\/#website","url":"https:\/\/shop.theophile-patachou.com\/fr\/","name":"Th\u00e9ophile et Patachou","description":"Mobilier &amp; accessoires pour b\u00e9b\u00e9","publisher":{"@id":"https:\/\/shop.theophile-patachou.com\/fr\/#organization"},"potentialAction":[{"@type":"SearchAction","target":{"@type":"EntryPoint","urlTemplate":"https:\/\/shop.theophile-patachou.com\/fr\/?s={search_term_string}"},"query-input":{"@type":"PropertyValueSpecification","valueRequired":true,"valueName":"search_term_string"}}],"inLanguage":"fr-FR"},{"@type":"Organization","@id":"https:\/\/shop.theophile-patachou.com\/fr\/#organization","name":"Th\u00e9ophile & Patachou","url":"https:\/\/shop.theophile-patachou.com\/fr\/","logo":{"@type":"ImageObject","inLanguage":"fr-FR","@id":"https:\/\/shop.theophile-patachou.com\/fr\/#\/schema\/logo\/image\/","url":"https:\/\/shop.theophile-patachou.com\/wp-content\/uploads\/2014\/12\/site-login-logo.png","contentUrl":"https:\/\/shop.theophile-patachou.com\/wp-content\/uploads\/2014\/12\/site-login-logo.png","width":300,"height":150,"caption":"Th\u00e9ophile & Patachou"},"image":{"@id":"https:\/\/shop.theophile-patachou.com\/fr\/#\/schema\/logo\/image\/"},"sameAs":["https:\/\/www.facebook.com\/Th\u00e9ophile-Patachou-197829346970085\/","https:\/\/x.com\/TPBelgium","https:\/\/instagram.com\/theophile_patachou\/","https:\/\/www.pinterest.com\/ThPat\/"]}]}},"_links":{"self":[{"href":"https:\/\/shop.theophile-patachou.com\/fr\/wp-json\/wp\/v2\/product\/61371","targetHints":{"allow":["GET"]}}],"collection":[{"href":"https:\/\/shop.theophile-patachou.com\/fr\/wp-json\/wp\/v2\/product"}],"about":[{"href":"https:\/\/shop.theophile-patachou.com\/fr\/wp-json\/wp\/v2\/types\/product"}],"wp:featuredmedia":[{"embeddable":true,"href":"https:\/\/shop.theophile-patachou.com\/fr\/wp-json\/wp\/v2\/media\/62762"}],"wp:attachment":[{"href":"https:\/\/shop.theophile-patachou.com\/fr\/wp-json\/wp\/v2\/media?parent=61371"}],"wp:term":[{"taxonomy":"product_brand","embeddable":true,"href":"https:\/\/shop.theophile-patachou.com\/fr\/wp-json\/wp\/v2\/product_brand?post=61371"},{"taxonomy":"product_cat","embeddable":true,"href":"https:\/\/shop.theophile-patachou.com\/fr\/wp-json\/wp\/v2\/product_cat?post=61371"},{"taxonomy":"product_tag","embeddable":true,"href":"https:\/\/shop.theophile-patachou.com\/fr\/wp-json\/wp\/v2\/product_tag?post=61371"}],"curies":[{"name":"wp","href":"https:\/\/api.w.org\/{rel}","templated":true}]}}