{"id":61380,"date":"2021-09-29T12:47:18","date_gmt":"2021-09-29T11:47:18","guid":{"rendered":"https:\/\/shop.theophile-patachou.com\/?post_type=product&#038;p=61380"},"modified":"2026-04-19T18:31:12","modified_gmt":"2026-04-19T17:31:12","slug":"tour-de-lit-210-cm","status":"publish","type":"product","link":"https:\/\/shop.theophile-patachou.com\/fr\/produit\/tour-de-lit-210-cm\/","title":{"rendered":"Tour de lit 210 cm"},"content":{"rendered":"<p>Tour de lit Cotton Pink, pour lit b\u00e9b\u00e9 de 70cm x 140cm. Facile \u00e0 fixer au lit gr\u00e2ce \u00e0 ses liens \u00e0\u00a0 nouer, ce tour de lit prot\u00e8ge b\u00e9b\u00e9 de fa\u00e7on \u00e9l\u00e9gante. Sa grande \u00e9paisseur prot\u00e8ge la t\u00eate de b\u00e9b\u00e9 efficacement et l&#8217;emp\u00eache de se cogner. Le tour de lit est un indispensable pour la s\u00e9curit\u00e9 de b\u00e9b\u00e9 et pour d\u00e9corer sa chambre.<\/p>\n<p>Pour une chambre haute en \u00e9l\u00e9gance, assortissez le aux draps de lit Cotton Pink.<\/p>\n<p>D\u00e9couvrez toute la <a href=\"https:\/\/shop.theophile-patachou.com\/fr\/categorie-produit\/lovelyprices-theophile-patachou\/cottonpink-fr\/\">collection Cotton Pink<\/a>.<\/p>\n<p>Le tour de lit est en 100% cotton, imagin\u00e9 en Belgique et r\u00e9alis\u00e9 avec des mati\u00e8res de haute qualit\u00e9, avec l&rsquo;attention au d\u00e9tail.<\/p>\n<p>Dimensions : L210 cm x H18 cm<br \/>\nCouleur : rose<\/p>\n","protected":false},"excerpt":{"rendered":"<h2>Tour de lit &#8211; Cotton Pink<\/h2>\n<p>Pour lit b\u00e9b\u00e9 <strong>70 x 140 cm<\/strong><br \/>\nFixez-le rapidement autour du <strong>lit de b\u00e9b\u00e9<\/strong> gr\u00e2ce \u00e0 ses liens \u00e0 nouer. Sa grande \u00e9paisseur prot\u00e8ge la t\u00eate de b\u00e9b\u00e9 efficacement.<br \/>\nLe tour de lit est un indispensable pour d\u00e9corer et pour la s\u00e9curit\u00e9 de b\u00e9b\u00e9.<\/p>\n<p>Hauteur : 18cm<br \/>\nLongueur totale : 210cm<\/p>\n","protected":false},"featured_media":63209,"template":"","meta":[],"product_brand":[],"product_cat":[1523,177,167],"product_tag":[1526,476,770,474],"class_list":{"0":"post-61380","1":"product","2":"type-product","3":"status-publish","4":"has-post-thumbnail","6":"product_cat-cottonpink-fr","7":"product_cat-collections-fr","8":"product_cat-linge-de-lit-fr","9":"product_tag-cottonpink","10":"product_tag-linge-de-lit","11":"product_tag-rose","12":"product_tag-tour-de-lit","14":"first","15":"instock","16":"sale","17":"taxable","18":"shipping-taxable","19":"purchasable","20":"product-type-simple"},"yoast_head":"<!-- This site is optimized with the Yoast SEO plugin v26.9 - https:\/\/yoast.com\/product\/yoast-seo-wordpress\/ -->\n<title>Tour de lit Cotton Pink 70cm - Th\u00e9ophile et Patachou<\/title>\n<meta name=\"description\" content=\"Tour de lit Cotton Pink 70cm, pour lit b\u00e9b\u00e9 70 x 140 cm. Ce tour de lit rose gaufr\u00e9 est un indispensable pour la s\u00e9curit\u00e9 de b\u00e9b\u00e9.\" \/>\n<meta name=\"robots\" content=\"index, follow, max-snippet:-1, max-image-preview:large, max-video-preview:-1\" \/>\n<link rel=\"canonical\" href=\"https:\/\/shop.theophile-patachou.com\/fr\/produit\/tour-de-lit-210-cm\/\" \/>\n<meta property=\"og:locale\" content=\"fr_FR\" \/>\n<meta property=\"og:type\" content=\"article\" \/>\n<meta property=\"og:title\" content=\"Tour de lit Cotton Pink 70cm - Th\u00e9ophile et Patachou\" \/>\n<meta property=\"og:description\" content=\"Tour de lit Cotton Pink 70cm, pour lit b\u00e9b\u00e9 70 x 140 cm. Ce tour de lit rose gaufr\u00e9 est un indispensable pour la s\u00e9curit\u00e9 de b\u00e9b\u00e9.\" \/>\n<meta property=\"og:url\" content=\"https:\/\/shop.theophile-patachou.com\/fr\/produit\/tour-de-lit-210-cm\/\" \/>\n<meta property=\"og:site_name\" content=\"Th\u00e9ophile et Patachou\" \/>\n<meta property=\"article:publisher\" content=\"https:\/\/www.facebook.com\/Th%c3%a9ophile-Patachou-197829346970085\/\" \/>\n<meta property=\"article:modified_time\" content=\"2026-04-19T17:31:12+00:00\" \/>\n<meta property=\"og:image\" content=\"https:\/\/shop.theophile-patachou.com\/wp-content\/uploads\/2021\/09\/T.2CP.jpg\" \/>\n\t<meta property=\"og:image:width\" content=\"1200\" \/>\n\t<meta property=\"og:image:height\" content=\"1200\" \/>\n\t<meta property=\"og:image:type\" content=\"image\/jpeg\" \/>\n<meta name=\"twitter:card\" content=\"summary_large_image\" \/>\n<meta name=\"twitter:site\" content=\"@TPBelgium\" \/>\n<meta name=\"twitter:label1\" content=\"Dur\u00e9e de lecture estim\u00e9e\" \/>\n\t<meta name=\"twitter:data1\" content=\"1 minute\" \/>\n<script type=\"application\/ld+json\" class=\"yoast-schema-graph\">{\"@context\":\"https:\/\/schema.org\",\"@graph\":[{\"@type\":\"WebPage\",\"@id\":\"https:\/\/shop.theophile-patachou.com\/fr\/produit\/tour-de-lit-210-cm\/\",\"url\":\"https:\/\/shop.theophile-patachou.com\/fr\/produit\/tour-de-lit-210-cm\/\",\"name\":\"Tour de lit Cotton Pink 70cm - Th\u00e9ophile et Patachou\",\"isPartOf\":{\"@id\":\"https:\/\/shop.theophile-patachou.com\/fr\/#website\"},\"primaryImageOfPage\":{\"@id\":\"https:\/\/shop.theophile-patachou.com\/fr\/produit\/tour-de-lit-210-cm\/#primaryimage\"},\"image\":{\"@id\":\"https:\/\/shop.theophile-patachou.com\/fr\/produit\/tour-de-lit-210-cm\/#primaryimage\"},\"thumbnailUrl\":\"https:\/\/shop.theophile-patachou.com\/wp-content\/uploads\/2021\/09\/T.2CP.jpg\",\"datePublished\":\"2021-09-29T11:47:18+00:00\",\"dateModified\":\"2026-04-19T17:31:12+00:00\",\"description\":\"Tour de lit Cotton Pink 70cm, pour lit b\u00e9b\u00e9 70 x 140 cm. Ce tour de lit rose gaufr\u00e9 est un indispensable pour la s\u00e9curit\u00e9 de b\u00e9b\u00e9.\",\"breadcrumb\":{\"@id\":\"https:\/\/shop.theophile-patachou.com\/fr\/produit\/tour-de-lit-210-cm\/#breadcrumb\"},\"inLanguage\":\"fr-FR\",\"potentialAction\":[{\"@type\":\"ReadAction\",\"target\":[\"https:\/\/shop.theophile-patachou.com\/fr\/produit\/tour-de-lit-210-cm\/\"]}]},{\"@type\":\"ImageObject\",\"inLanguage\":\"fr-FR\",\"@id\":\"https:\/\/shop.theophile-patachou.com\/fr\/produit\/tour-de-lit-210-cm\/#primaryimage\",\"url\":\"https:\/\/shop.theophile-patachou.com\/wp-content\/uploads\/2021\/09\/T.2CP.jpg\",\"contentUrl\":\"https:\/\/shop.theophile-patachou.com\/wp-content\/uploads\/2021\/09\/T.2CP.jpg\",\"width\":1200,\"height\":1200},{\"@type\":\"BreadcrumbList\",\"@id\":\"https:\/\/shop.theophile-patachou.com\/fr\/produit\/tour-de-lit-210-cm\/#breadcrumb\",\"itemListElement\":[{\"@type\":\"ListItem\",\"position\":1,\"name\":\"Accueil\",\"item\":\"https:\/\/shop.theophile-patachou.com\/fr\/\"},{\"@type\":\"ListItem\",\"position\":2,\"name\":\"Produits\",\"item\":\"https:\/\/shop.theophile-patachou.com\/fr\/shop\/\"},{\"@type\":\"ListItem\",\"position\":3,\"name\":\"Tour de lit 210 cm\"}]},{\"@type\":\"WebSite\",\"@id\":\"https:\/\/shop.theophile-patachou.com\/fr\/#website\",\"url\":\"https:\/\/shop.theophile-patachou.com\/fr\/\",\"name\":\"Th\u00e9ophile et Patachou\",\"description\":\"Mobilier &amp; accessoires pour b\u00e9b\u00e9\",\"publisher\":{\"@id\":\"https:\/\/shop.theophile-patachou.com\/fr\/#organization\"},\"potentialAction\":[{\"@type\":\"SearchAction\",\"target\":{\"@type\":\"EntryPoint\",\"urlTemplate\":\"https:\/\/shop.theophile-patachou.com\/fr\/?s={search_term_string}\"},\"query-input\":{\"@type\":\"PropertyValueSpecification\",\"valueRequired\":true,\"valueName\":\"search_term_string\"}}],\"inLanguage\":\"fr-FR\"},{\"@type\":\"Organization\",\"@id\":\"https:\/\/shop.theophile-patachou.com\/fr\/#organization\",\"name\":\"Th\u00e9ophile & Patachou\",\"url\":\"https:\/\/shop.theophile-patachou.com\/fr\/\",\"logo\":{\"@type\":\"ImageObject\",\"inLanguage\":\"fr-FR\",\"@id\":\"https:\/\/shop.theophile-patachou.com\/fr\/#\/schema\/logo\/image\/\",\"url\":\"https:\/\/shop.theophile-patachou.com\/wp-content\/uploads\/2014\/12\/site-login-logo.png\",\"contentUrl\":\"https:\/\/shop.theophile-patachou.com\/wp-content\/uploads\/2014\/12\/site-login-logo.png\",\"width\":300,\"height\":150,\"caption\":\"Th\u00e9ophile & Patachou\"},\"image\":{\"@id\":\"https:\/\/shop.theophile-patachou.com\/fr\/#\/schema\/logo\/image\/\"},\"sameAs\":[\"https:\/\/www.facebook.com\/Th\u00e9ophile-Patachou-197829346970085\/\",\"https:\/\/x.com\/TPBelgium\",\"https:\/\/instagram.com\/theophile_patachou\/\",\"https:\/\/www.pinterest.com\/ThPat\/\"]}]}<\/script>\n<!-- \/ Yoast SEO plugin. -->","yoast_head_json":{"title":"Tour de lit Cotton Pink 70cm - Th\u00e9ophile et Patachou","description":"Tour de lit Cotton Pink 70cm, pour lit b\u00e9b\u00e9 70 x 140 cm. Ce tour de lit rose gaufr\u00e9 est un indispensable pour la s\u00e9curit\u00e9 de b\u00e9b\u00e9.","robots":{"index":"index","follow":"follow","max-snippet":"max-snippet:-1","max-image-preview":"max-image-preview:large","max-video-preview":"max-video-preview:-1"},"canonical":"https:\/\/shop.theophile-patachou.com\/fr\/produit\/tour-de-lit-210-cm\/","og_locale":"fr_FR","og_type":"article","og_title":"Tour de lit Cotton Pink 70cm - Th\u00e9ophile et Patachou","og_description":"Tour de lit Cotton Pink 70cm, pour lit b\u00e9b\u00e9 70 x 140 cm. Ce tour de lit rose gaufr\u00e9 est un indispensable pour la s\u00e9curit\u00e9 de b\u00e9b\u00e9.","og_url":"https:\/\/shop.theophile-patachou.com\/fr\/produit\/tour-de-lit-210-cm\/","og_site_name":"Th\u00e9ophile et Patachou","article_publisher":"https:\/\/www.facebook.com\/Th%c3%a9ophile-Patachou-197829346970085\/","article_modified_time":"2026-04-19T17:31:12+00:00","og_image":[{"width":1200,"height":1200,"url":"https:\/\/shop.theophile-patachou.com\/wp-content\/uploads\/2021\/09\/T.2CP.jpg","type":"image\/jpeg"}],"twitter_card":"summary_large_image","twitter_site":"@TPBelgium","twitter_misc":{"Dur\u00e9e de lecture estim\u00e9e":"1 minute"},"schema":{"@context":"https:\/\/schema.org","@graph":[{"@type":"WebPage","@id":"https:\/\/shop.theophile-patachou.com\/fr\/produit\/tour-de-lit-210-cm\/","url":"https:\/\/shop.theophile-patachou.com\/fr\/produit\/tour-de-lit-210-cm\/","name":"Tour de lit Cotton Pink 70cm - Th\u00e9ophile et Patachou","isPartOf":{"@id":"https:\/\/shop.theophile-patachou.com\/fr\/#website"},"primaryImageOfPage":{"@id":"https:\/\/shop.theophile-patachou.com\/fr\/produit\/tour-de-lit-210-cm\/#primaryimage"},"image":{"@id":"https:\/\/shop.theophile-patachou.com\/fr\/produit\/tour-de-lit-210-cm\/#primaryimage"},"thumbnailUrl":"https:\/\/shop.theophile-patachou.com\/wp-content\/uploads\/2021\/09\/T.2CP.jpg","datePublished":"2021-09-29T11:47:18+00:00","dateModified":"2026-04-19T17:31:12+00:00","description":"Tour de lit Cotton Pink 70cm, pour lit b\u00e9b\u00e9 70 x 140 cm. Ce tour de lit rose gaufr\u00e9 est un indispensable pour la s\u00e9curit\u00e9 de b\u00e9b\u00e9.","breadcrumb":{"@id":"https:\/\/shop.theophile-patachou.com\/fr\/produit\/tour-de-lit-210-cm\/#breadcrumb"},"inLanguage":"fr-FR","potentialAction":[{"@type":"ReadAction","target":["https:\/\/shop.theophile-patachou.com\/fr\/produit\/tour-de-lit-210-cm\/"]}]},{"@type":"ImageObject","inLanguage":"fr-FR","@id":"https:\/\/shop.theophile-patachou.com\/fr\/produit\/tour-de-lit-210-cm\/#primaryimage","url":"https:\/\/shop.theophile-patachou.com\/wp-content\/uploads\/2021\/09\/T.2CP.jpg","contentUrl":"https:\/\/shop.theophile-patachou.com\/wp-content\/uploads\/2021\/09\/T.2CP.jpg","width":1200,"height":1200},{"@type":"BreadcrumbList","@id":"https:\/\/shop.theophile-patachou.com\/fr\/produit\/tour-de-lit-210-cm\/#breadcrumb","itemListElement":[{"@type":"ListItem","position":1,"name":"Accueil","item":"https:\/\/shop.theophile-patachou.com\/fr\/"},{"@type":"ListItem","position":2,"name":"Produits","item":"https:\/\/shop.theophile-patachou.com\/fr\/shop\/"},{"@type":"ListItem","position":3,"name":"Tour de lit 210 cm"}]},{"@type":"WebSite","@id":"https:\/\/shop.theophile-patachou.com\/fr\/#website","url":"https:\/\/shop.theophile-patachou.com\/fr\/","name":"Th\u00e9ophile et Patachou","description":"Mobilier &amp; accessoires pour b\u00e9b\u00e9","publisher":{"@id":"https:\/\/shop.theophile-patachou.com\/fr\/#organization"},"potentialAction":[{"@type":"SearchAction","target":{"@type":"EntryPoint","urlTemplate":"https:\/\/shop.theophile-patachou.com\/fr\/?s={search_term_string}"},"query-input":{"@type":"PropertyValueSpecification","valueRequired":true,"valueName":"search_term_string"}}],"inLanguage":"fr-FR"},{"@type":"Organization","@id":"https:\/\/shop.theophile-patachou.com\/fr\/#organization","name":"Th\u00e9ophile & Patachou","url":"https:\/\/shop.theophile-patachou.com\/fr\/","logo":{"@type":"ImageObject","inLanguage":"fr-FR","@id":"https:\/\/shop.theophile-patachou.com\/fr\/#\/schema\/logo\/image\/","url":"https:\/\/shop.theophile-patachou.com\/wp-content\/uploads\/2014\/12\/site-login-logo.png","contentUrl":"https:\/\/shop.theophile-patachou.com\/wp-content\/uploads\/2014\/12\/site-login-logo.png","width":300,"height":150,"caption":"Th\u00e9ophile & Patachou"},"image":{"@id":"https:\/\/shop.theophile-patachou.com\/fr\/#\/schema\/logo\/image\/"},"sameAs":["https:\/\/www.facebook.com\/Th\u00e9ophile-Patachou-197829346970085\/","https:\/\/x.com\/TPBelgium","https:\/\/instagram.com\/theophile_patachou\/","https:\/\/www.pinterest.com\/ThPat\/"]}]}},"_links":{"self":[{"href":"https:\/\/shop.theophile-patachou.com\/fr\/wp-json\/wp\/v2\/product\/61380","targetHints":{"allow":["GET"]}}],"collection":[{"href":"https:\/\/shop.theophile-patachou.com\/fr\/wp-json\/wp\/v2\/product"}],"about":[{"href":"https:\/\/shop.theophile-patachou.com\/fr\/wp-json\/wp\/v2\/types\/product"}],"wp:featuredmedia":[{"embeddable":true,"href":"https:\/\/shop.theophile-patachou.com\/fr\/wp-json\/wp\/v2\/media\/63209"}],"wp:attachment":[{"href":"https:\/\/shop.theophile-patachou.com\/fr\/wp-json\/wp\/v2\/media?parent=61380"}],"wp:term":[{"taxonomy":"product_brand","embeddable":true,"href":"https:\/\/shop.theophile-patachou.com\/fr\/wp-json\/wp\/v2\/product_brand?post=61380"},{"taxonomy":"product_cat","embeddable":true,"href":"https:\/\/shop.theophile-patachou.com\/fr\/wp-json\/wp\/v2\/product_cat?post=61380"},{"taxonomy":"product_tag","embeddable":true,"href":"https:\/\/shop.theophile-patachou.com\/fr\/wp-json\/wp\/v2\/product_tag?post=61380"}],"curies":[{"name":"wp","href":"https:\/\/api.w.org\/{rel}","templated":true}]}}