{"id":61412,"date":"2021-09-29T14:33:21","date_gmt":"2021-09-29T13:33:21","guid":{"rendered":"https:\/\/shop.theophile-patachou.com\/?post_type=product&#038;p=61412"},"modified":"2026-04-30T22:31:13","modified_gmt":"2026-04-30T21:31:13","slug":"jupe-de-lit-70-cm-18","status":"publish","type":"product","link":"https:\/\/shop.theophile-patachou.com\/fr\/produit\/jupe-de-lit-70-cm-18\/","title":{"rendered":"Jupe de lit 70 cm"},"content":{"rendered":"<p>La jupe de lit 70cm en coton Cotton Pink mettra en valeur votre lit b\u00e9b\u00e9. Masque l\u2019espace (souvent peu esth\u00e9tique) entre le matelas et le sol.<\/p>\n<p>Id\u00e9ale pour ajouter une touche d&rsquo;\u00e9l\u00e9gance \u00e0 la chambre gr\u00e2ce \u00e0 sa couleur rose. La jupe de lit Cotton Pink se marie tr\u00e8s bien avec les draps de lit et le tour de lit de la m\u00eame collection.<\/p>\n<p>D\u00e9couvrez toute la <a href=\"https:\/\/shop.theophile-patachou.com\/fr\/categorie-produit\/lovelyprices-theophile-patachou\/cottonpink-fr\/\">collection Cotton Pink<\/a>.<\/p>\n<p>Taille de la jupe de lit : 70 x 140cm<\/p>\n","protected":false},"excerpt":{"rendered":"<h2>Jupe de lit pour b\u00e9b\u00e9 &#8211; Cotton Pink<\/h2>\n<p><strong>La jupe de lit<\/strong> 70 X 140cm mettra en valeur votre <strong>lit b\u00e9b\u00e9<\/strong> en masquant l\u2019espace (souvent peu esth\u00e9tique) entre le matelas et le sol.<\/p>\n<p>Coton &#8211; Cotton Pink<\/p>\n","protected":false},"featured_media":63161,"template":"","meta":[],"product_brand":[],"product_cat":[1523,177,167],"product_tag":[1526,550,476,770],"class_list":{"0":"post-61412","1":"product","2":"type-product","3":"status-publish","4":"has-post-thumbnail","6":"product_cat-cottonpink-fr","7":"product_cat-collections-fr","8":"product_cat-linge-de-lit-fr","9":"product_tag-cottonpink","10":"product_tag-jupe-de-lit","11":"product_tag-linge-de-lit","12":"product_tag-rose","14":"first","15":"instock","16":"sale","17":"taxable","18":"shipping-taxable","19":"purchasable","20":"product-type-simple"},"yoast_head":"<!-- This site is optimized with the Yoast SEO plugin v26.9 - https:\/\/yoast.com\/product\/yoast-seo-wordpress\/ -->\n<title>Jupe de lit 70cm Cotton Pink - Th\u00e9ophile et Patachou<\/title>\n<meta name=\"description\" content=\"La\u00a0jupe de lit 70cm Cotton Pink mettra en valeur votre lit b\u00e9b\u00e9 en masquant l\u2019espace entre le matelas et le sol. Pour lit de 70x140cm.\" \/>\n<meta name=\"robots\" content=\"index, follow, max-snippet:-1, max-image-preview:large, max-video-preview:-1\" \/>\n<link rel=\"canonical\" href=\"https:\/\/shop.theophile-patachou.com\/fr\/produit\/jupe-de-lit-70-cm-18\/\" \/>\n<meta property=\"og:locale\" content=\"fr_FR\" \/>\n<meta property=\"og:type\" content=\"article\" \/>\n<meta property=\"og:title\" content=\"Jupe de lit 70cm Cotton Pink - Th\u00e9ophile et Patachou\" \/>\n<meta property=\"og:description\" content=\"La\u00a0jupe de lit 70cm Cotton Pink mettra en valeur votre lit b\u00e9b\u00e9 en masquant l\u2019espace entre le matelas et le sol. Pour lit de 70x140cm.\" \/>\n<meta property=\"og:url\" content=\"https:\/\/shop.theophile-patachou.com\/fr\/produit\/jupe-de-lit-70-cm-18\/\" \/>\n<meta property=\"og:site_name\" content=\"Th\u00e9ophile et Patachou\" \/>\n<meta property=\"article:publisher\" content=\"https:\/\/www.facebook.com\/Th%c3%a9ophile-Patachou-197829346970085\/\" \/>\n<meta property=\"article:modified_time\" content=\"2026-04-30T21:31:13+00:00\" \/>\n<meta property=\"og:image\" content=\"https:\/\/shop.theophile-patachou.com\/wp-content\/uploads\/2021\/09\/JUPE60RP2-1.jpg\" \/>\n\t<meta property=\"og:image:width\" content=\"1200\" \/>\n\t<meta property=\"og:image:height\" content=\"1200\" \/>\n\t<meta property=\"og:image:type\" content=\"image\/jpeg\" \/>\n<meta name=\"twitter:card\" content=\"summary_large_image\" \/>\n<meta name=\"twitter:site\" content=\"@TPBelgium\" \/>\n<meta name=\"twitter:label1\" content=\"Dur\u00e9e de lecture estim\u00e9e\" \/>\n\t<meta name=\"twitter:data1\" content=\"1 minute\" \/>\n<script type=\"application\/ld+json\" class=\"yoast-schema-graph\">{\"@context\":\"https:\/\/schema.org\",\"@graph\":[{\"@type\":\"WebPage\",\"@id\":\"https:\/\/shop.theophile-patachou.com\/fr\/produit\/jupe-de-lit-70-cm-18\/\",\"url\":\"https:\/\/shop.theophile-patachou.com\/fr\/produit\/jupe-de-lit-70-cm-18\/\",\"name\":\"Jupe de lit 70cm Cotton Pink - Th\u00e9ophile et Patachou\",\"isPartOf\":{\"@id\":\"https:\/\/shop.theophile-patachou.com\/fr\/#website\"},\"primaryImageOfPage\":{\"@id\":\"https:\/\/shop.theophile-patachou.com\/fr\/produit\/jupe-de-lit-70-cm-18\/#primaryimage\"},\"image\":{\"@id\":\"https:\/\/shop.theophile-patachou.com\/fr\/produit\/jupe-de-lit-70-cm-18\/#primaryimage\"},\"thumbnailUrl\":\"https:\/\/shop.theophile-patachou.com\/wp-content\/uploads\/2021\/09\/JUPE60RP2-1.jpg\",\"datePublished\":\"2021-09-29T13:33:21+00:00\",\"dateModified\":\"2026-04-30T21:31:13+00:00\",\"description\":\"La\u00a0jupe de lit 70cm Cotton Pink mettra en valeur votre lit b\u00e9b\u00e9 en masquant l\u2019espace entre le matelas et le sol. Pour lit de 70x140cm.\",\"breadcrumb\":{\"@id\":\"https:\/\/shop.theophile-patachou.com\/fr\/produit\/jupe-de-lit-70-cm-18\/#breadcrumb\"},\"inLanguage\":\"fr-FR\",\"potentialAction\":[{\"@type\":\"ReadAction\",\"target\":[\"https:\/\/shop.theophile-patachou.com\/fr\/produit\/jupe-de-lit-70-cm-18\/\"]}]},{\"@type\":\"ImageObject\",\"inLanguage\":\"fr-FR\",\"@id\":\"https:\/\/shop.theophile-patachou.com\/fr\/produit\/jupe-de-lit-70-cm-18\/#primaryimage\",\"url\":\"https:\/\/shop.theophile-patachou.com\/wp-content\/uploads\/2021\/09\/JUPE60RP2-1.jpg\",\"contentUrl\":\"https:\/\/shop.theophile-patachou.com\/wp-content\/uploads\/2021\/09\/JUPE60RP2-1.jpg\",\"width\":1200,\"height\":1200},{\"@type\":\"BreadcrumbList\",\"@id\":\"https:\/\/shop.theophile-patachou.com\/fr\/produit\/jupe-de-lit-70-cm-18\/#breadcrumb\",\"itemListElement\":[{\"@type\":\"ListItem\",\"position\":1,\"name\":\"Accueil\",\"item\":\"https:\/\/shop.theophile-patachou.com\/fr\/\"},{\"@type\":\"ListItem\",\"position\":2,\"name\":\"Produits\",\"item\":\"https:\/\/shop.theophile-patachou.com\/fr\/shop\/\"},{\"@type\":\"ListItem\",\"position\":3,\"name\":\"Jupe de lit 70 cm\"}]},{\"@type\":\"WebSite\",\"@id\":\"https:\/\/shop.theophile-patachou.com\/fr\/#website\",\"url\":\"https:\/\/shop.theophile-patachou.com\/fr\/\",\"name\":\"Th\u00e9ophile et Patachou\",\"description\":\"Mobilier &amp; accessoires pour b\u00e9b\u00e9\",\"publisher\":{\"@id\":\"https:\/\/shop.theophile-patachou.com\/fr\/#organization\"},\"potentialAction\":[{\"@type\":\"SearchAction\",\"target\":{\"@type\":\"EntryPoint\",\"urlTemplate\":\"https:\/\/shop.theophile-patachou.com\/fr\/?s={search_term_string}\"},\"query-input\":{\"@type\":\"PropertyValueSpecification\",\"valueRequired\":true,\"valueName\":\"search_term_string\"}}],\"inLanguage\":\"fr-FR\"},{\"@type\":\"Organization\",\"@id\":\"https:\/\/shop.theophile-patachou.com\/fr\/#organization\",\"name\":\"Th\u00e9ophile & Patachou\",\"url\":\"https:\/\/shop.theophile-patachou.com\/fr\/\",\"logo\":{\"@type\":\"ImageObject\",\"inLanguage\":\"fr-FR\",\"@id\":\"https:\/\/shop.theophile-patachou.com\/fr\/#\/schema\/logo\/image\/\",\"url\":\"https:\/\/shop.theophile-patachou.com\/wp-content\/uploads\/2014\/12\/site-login-logo.png\",\"contentUrl\":\"https:\/\/shop.theophile-patachou.com\/wp-content\/uploads\/2014\/12\/site-login-logo.png\",\"width\":300,\"height\":150,\"caption\":\"Th\u00e9ophile & Patachou\"},\"image\":{\"@id\":\"https:\/\/shop.theophile-patachou.com\/fr\/#\/schema\/logo\/image\/\"},\"sameAs\":[\"https:\/\/www.facebook.com\/Th\u00e9ophile-Patachou-197829346970085\/\",\"https:\/\/x.com\/TPBelgium\",\"https:\/\/instagram.com\/theophile_patachou\/\",\"https:\/\/www.pinterest.com\/ThPat\/\"]}]}<\/script>\n<!-- \/ Yoast SEO plugin. -->","yoast_head_json":{"title":"Jupe de lit 70cm Cotton Pink - Th\u00e9ophile et Patachou","description":"La\u00a0jupe de lit 70cm Cotton Pink mettra en valeur votre lit b\u00e9b\u00e9 en masquant l\u2019espace entre le matelas et le sol. Pour lit de 70x140cm.","robots":{"index":"index","follow":"follow","max-snippet":"max-snippet:-1","max-image-preview":"max-image-preview:large","max-video-preview":"max-video-preview:-1"},"canonical":"https:\/\/shop.theophile-patachou.com\/fr\/produit\/jupe-de-lit-70-cm-18\/","og_locale":"fr_FR","og_type":"article","og_title":"Jupe de lit 70cm Cotton Pink - Th\u00e9ophile et Patachou","og_description":"La\u00a0jupe de lit 70cm Cotton Pink mettra en valeur votre lit b\u00e9b\u00e9 en masquant l\u2019espace entre le matelas et le sol. Pour lit de 70x140cm.","og_url":"https:\/\/shop.theophile-patachou.com\/fr\/produit\/jupe-de-lit-70-cm-18\/","og_site_name":"Th\u00e9ophile et Patachou","article_publisher":"https:\/\/www.facebook.com\/Th%c3%a9ophile-Patachou-197829346970085\/","article_modified_time":"2026-04-30T21:31:13+00:00","og_image":[{"width":1200,"height":1200,"url":"https:\/\/shop.theophile-patachou.com\/wp-content\/uploads\/2021\/09\/JUPE60RP2-1.jpg","type":"image\/jpeg"}],"twitter_card":"summary_large_image","twitter_site":"@TPBelgium","twitter_misc":{"Dur\u00e9e de lecture estim\u00e9e":"1 minute"},"schema":{"@context":"https:\/\/schema.org","@graph":[{"@type":"WebPage","@id":"https:\/\/shop.theophile-patachou.com\/fr\/produit\/jupe-de-lit-70-cm-18\/","url":"https:\/\/shop.theophile-patachou.com\/fr\/produit\/jupe-de-lit-70-cm-18\/","name":"Jupe de lit 70cm Cotton Pink - Th\u00e9ophile et Patachou","isPartOf":{"@id":"https:\/\/shop.theophile-patachou.com\/fr\/#website"},"primaryImageOfPage":{"@id":"https:\/\/shop.theophile-patachou.com\/fr\/produit\/jupe-de-lit-70-cm-18\/#primaryimage"},"image":{"@id":"https:\/\/shop.theophile-patachou.com\/fr\/produit\/jupe-de-lit-70-cm-18\/#primaryimage"},"thumbnailUrl":"https:\/\/shop.theophile-patachou.com\/wp-content\/uploads\/2021\/09\/JUPE60RP2-1.jpg","datePublished":"2021-09-29T13:33:21+00:00","dateModified":"2026-04-30T21:31:13+00:00","description":"La\u00a0jupe de lit 70cm Cotton Pink mettra en valeur votre lit b\u00e9b\u00e9 en masquant l\u2019espace entre le matelas et le sol. Pour lit de 70x140cm.","breadcrumb":{"@id":"https:\/\/shop.theophile-patachou.com\/fr\/produit\/jupe-de-lit-70-cm-18\/#breadcrumb"},"inLanguage":"fr-FR","potentialAction":[{"@type":"ReadAction","target":["https:\/\/shop.theophile-patachou.com\/fr\/produit\/jupe-de-lit-70-cm-18\/"]}]},{"@type":"ImageObject","inLanguage":"fr-FR","@id":"https:\/\/shop.theophile-patachou.com\/fr\/produit\/jupe-de-lit-70-cm-18\/#primaryimage","url":"https:\/\/shop.theophile-patachou.com\/wp-content\/uploads\/2021\/09\/JUPE60RP2-1.jpg","contentUrl":"https:\/\/shop.theophile-patachou.com\/wp-content\/uploads\/2021\/09\/JUPE60RP2-1.jpg","width":1200,"height":1200},{"@type":"BreadcrumbList","@id":"https:\/\/shop.theophile-patachou.com\/fr\/produit\/jupe-de-lit-70-cm-18\/#breadcrumb","itemListElement":[{"@type":"ListItem","position":1,"name":"Accueil","item":"https:\/\/shop.theophile-patachou.com\/fr\/"},{"@type":"ListItem","position":2,"name":"Produits","item":"https:\/\/shop.theophile-patachou.com\/fr\/shop\/"},{"@type":"ListItem","position":3,"name":"Jupe de lit 70 cm"}]},{"@type":"WebSite","@id":"https:\/\/shop.theophile-patachou.com\/fr\/#website","url":"https:\/\/shop.theophile-patachou.com\/fr\/","name":"Th\u00e9ophile et Patachou","description":"Mobilier &amp; accessoires pour b\u00e9b\u00e9","publisher":{"@id":"https:\/\/shop.theophile-patachou.com\/fr\/#organization"},"potentialAction":[{"@type":"SearchAction","target":{"@type":"EntryPoint","urlTemplate":"https:\/\/shop.theophile-patachou.com\/fr\/?s={search_term_string}"},"query-input":{"@type":"PropertyValueSpecification","valueRequired":true,"valueName":"search_term_string"}}],"inLanguage":"fr-FR"},{"@type":"Organization","@id":"https:\/\/shop.theophile-patachou.com\/fr\/#organization","name":"Th\u00e9ophile & Patachou","url":"https:\/\/shop.theophile-patachou.com\/fr\/","logo":{"@type":"ImageObject","inLanguage":"fr-FR","@id":"https:\/\/shop.theophile-patachou.com\/fr\/#\/schema\/logo\/image\/","url":"https:\/\/shop.theophile-patachou.com\/wp-content\/uploads\/2014\/12\/site-login-logo.png","contentUrl":"https:\/\/shop.theophile-patachou.com\/wp-content\/uploads\/2014\/12\/site-login-logo.png","width":300,"height":150,"caption":"Th\u00e9ophile & Patachou"},"image":{"@id":"https:\/\/shop.theophile-patachou.com\/fr\/#\/schema\/logo\/image\/"},"sameAs":["https:\/\/www.facebook.com\/Th\u00e9ophile-Patachou-197829346970085\/","https:\/\/x.com\/TPBelgium","https:\/\/instagram.com\/theophile_patachou\/","https:\/\/www.pinterest.com\/ThPat\/"]}]}},"_links":{"self":[{"href":"https:\/\/shop.theophile-patachou.com\/fr\/wp-json\/wp\/v2\/product\/61412","targetHints":{"allow":["GET"]}}],"collection":[{"href":"https:\/\/shop.theophile-patachou.com\/fr\/wp-json\/wp\/v2\/product"}],"about":[{"href":"https:\/\/shop.theophile-patachou.com\/fr\/wp-json\/wp\/v2\/types\/product"}],"wp:featuredmedia":[{"embeddable":true,"href":"https:\/\/shop.theophile-patachou.com\/fr\/wp-json\/wp\/v2\/media\/63161"}],"wp:attachment":[{"href":"https:\/\/shop.theophile-patachou.com\/fr\/wp-json\/wp\/v2\/media?parent=61412"}],"wp:term":[{"taxonomy":"product_brand","embeddable":true,"href":"https:\/\/shop.theophile-patachou.com\/fr\/wp-json\/wp\/v2\/product_brand?post=61412"},{"taxonomy":"product_cat","embeddable":true,"href":"https:\/\/shop.theophile-patachou.com\/fr\/wp-json\/wp\/v2\/product_cat?post=61412"},{"taxonomy":"product_tag","embeddable":true,"href":"https:\/\/shop.theophile-patachou.com\/fr\/wp-json\/wp\/v2\/product_tag?post=61412"}],"curies":[{"name":"wp","href":"https:\/\/api.w.org\/{rel}","templated":true}]}}