{"id":61430,"date":"2021-09-29T15:24:23","date_gmt":"2021-09-29T14:24:23","guid":{"rendered":"https:\/\/shop.theophile-patachou.com\/?post_type=product&#038;p=61430"},"modified":"2026-04-15T22:31:24","modified_gmt":"2026-04-15T21:31:24","slug":"matelas-cale-bebe-13","status":"publish","type":"product","link":"https:\/\/shop.theophile-patachou.com\/fr\/produit\/matelas-cale-bebe-13\/","title":{"rendered":"Matelas cale b\u00e9b\u00e9"},"content":{"rendered":"<p>Le matelas cale b\u00e9b\u00e9 Cotton Pink est le r\u00e9ducteur de lit id\u00e9al. Prot\u00e8ge b\u00e9b\u00e9 dans ses premi\u00e8res nuits, dans le lit ou ailleurs.<\/p>\n<p>Procure une sensation de s\u00e9curit\u00e9. Ce matelas cale b\u00e9b\u00e9 permet de cr\u00e9er un cocon douillet, chaleureux et rassurant.<\/p>\n<p>En coton, effet gaufr\u00e9.<br \/>\nMesure 84cm de longueur et 50cm de largeur.<br \/>\nLavable en machine \u00e0 30\u00b0 et d\u00e9houssable.<\/p>\n<p class=\"p1\"><span class=\"s1\">D\u00e9couvrez toute <a href=\"https:\/\/shop.theophile-patachou.com\/fr\/categorie-produit\/lovelyprices-theophile-patachou\/cottonpink-fr\/\"><span class=\"s2\">la collection Cotton Pink<\/span><\/a><\/span><\/p>\n","protected":false},"excerpt":{"rendered":"<h2>Matelas calle b\u00e9b\u00e9 &#8211; Cotton Pink<\/h2>\n<p class=\"p1\"><span class=\"s1\"><strong>Le\u00a0matelas cale b\u00e9b\u00e9 est un r\u00e9ducteur de lit id\u00e9al<\/strong> qui prot\u00e8gera b\u00e9b\u00e9 dans ses premi\u00e8res nuits (que ce soit dans son lit ou ailleurs):<br \/>\nIl procure une sensation de s\u00e9curit\u00e9 et permet de cr\u00e9er un cocoon douillet, chaleureux et rassurant.<\/span><\/p>\n<p class=\"p1\"><span class=\"s1\">Dimensions : 84 CM Longueur X 50 CM Largeur<br \/>\nCoton, gaufr\u00e9<br \/>\nLavable en machine 30\u00b0<br \/>\nMatelas et coussin d\u00e9houssable.<br \/>\n<\/span><\/p>\n<p class=\"p2\"><span class=\"s1\">\u00c2ge : D\u00e8s la naissance<\/span><\/p>\n","protected":false},"featured_media":62822,"template":"","meta":[],"product_brand":[],"product_cat":[1523,177,163,167],"product_tag":[1416,1526,553,476,770],"class_list":{"0":"post-61430","1":"product","2":"type-product","3":"status-publish","4":"has-post-thumbnail","6":"product_cat-cottonpink-fr","7":"product_cat-collections-fr","8":"product_cat-produits-fr","9":"product_cat-linge-de-lit-fr","10":"product_tag-cale-bebe","11":"product_tag-cottonpink","12":"product_tag-coussin","13":"product_tag-linge-de-lit","14":"product_tag-rose","16":"first","17":"instock","18":"sale","19":"taxable","20":"shipping-taxable","21":"purchasable","22":"product-type-simple"},"yoast_head":"<!-- This site is optimized with the Yoast SEO plugin v26.9 - https:\/\/yoast.com\/product\/yoast-seo-wordpress\/ -->\n<title>Matelas Cale B\u00e9b\u00e9 Cotton Pink - Th\u00e9ophile et Patachou<\/title>\n<meta name=\"description\" content=\"Le\u00a0matelas cale b\u00e9b\u00e9 Cotton Pink gaufr\u00e9 est le r\u00e9ducteur de lit id\u00e9al qui prot\u00e8gera b\u00e9b\u00e9 dans ses premi\u00e8res nuits, tout en douceur.\" \/>\n<meta name=\"robots\" content=\"index, follow, max-snippet:-1, max-image-preview:large, max-video-preview:-1\" \/>\n<link rel=\"canonical\" href=\"https:\/\/shop.theophile-patachou.com\/fr\/produit\/matelas-cale-bebe-13\/\" \/>\n<meta property=\"og:locale\" content=\"fr_FR\" \/>\n<meta property=\"og:type\" content=\"article\" \/>\n<meta property=\"og:title\" content=\"Matelas Cale B\u00e9b\u00e9 Cotton Pink - Th\u00e9ophile et Patachou\" \/>\n<meta property=\"og:description\" content=\"Le\u00a0matelas cale b\u00e9b\u00e9 Cotton Pink gaufr\u00e9 est le r\u00e9ducteur de lit id\u00e9al qui prot\u00e8gera b\u00e9b\u00e9 dans ses premi\u00e8res nuits, tout en douceur.\" \/>\n<meta property=\"og:url\" content=\"https:\/\/shop.theophile-patachou.com\/fr\/produit\/matelas-cale-bebe-13\/\" \/>\n<meta property=\"og:site_name\" content=\"Th\u00e9ophile et Patachou\" \/>\n<meta property=\"article:publisher\" content=\"https:\/\/www.facebook.com\/Th%c3%a9ophile-Patachou-197829346970085\/\" \/>\n<meta property=\"article:modified_time\" content=\"2026-04-15T21:31:24+00:00\" \/>\n<meta property=\"og:image\" content=\"https:\/\/shop.theophile-patachou.com\/wp-content\/uploads\/2021\/10\/MCAL.CP_-1.jpg\" \/>\n\t<meta property=\"og:image:width\" content=\"2000\" \/>\n\t<meta property=\"og:image:height\" content=\"2000\" \/>\n\t<meta property=\"og:image:type\" content=\"image\/jpeg\" \/>\n<meta name=\"twitter:card\" content=\"summary_large_image\" \/>\n<meta name=\"twitter:site\" content=\"@TPBelgium\" \/>\n<meta name=\"twitter:label1\" content=\"Dur\u00e9e de lecture estim\u00e9e\" \/>\n\t<meta name=\"twitter:data1\" content=\"1 minute\" \/>\n<script type=\"application\/ld+json\" class=\"yoast-schema-graph\">{\"@context\":\"https:\/\/schema.org\",\"@graph\":[{\"@type\":\"WebPage\",\"@id\":\"https:\/\/shop.theophile-patachou.com\/fr\/produit\/matelas-cale-bebe-13\/\",\"url\":\"https:\/\/shop.theophile-patachou.com\/fr\/produit\/matelas-cale-bebe-13\/\",\"name\":\"Matelas Cale B\u00e9b\u00e9 Cotton Pink - Th\u00e9ophile et Patachou\",\"isPartOf\":{\"@id\":\"https:\/\/shop.theophile-patachou.com\/fr\/#website\"},\"primaryImageOfPage\":{\"@id\":\"https:\/\/shop.theophile-patachou.com\/fr\/produit\/matelas-cale-bebe-13\/#primaryimage\"},\"image\":{\"@id\":\"https:\/\/shop.theophile-patachou.com\/fr\/produit\/matelas-cale-bebe-13\/#primaryimage\"},\"thumbnailUrl\":\"https:\/\/shop.theophile-patachou.com\/wp-content\/uploads\/2021\/10\/MCAL.CP_-1.jpg\",\"datePublished\":\"2021-09-29T14:24:23+00:00\",\"dateModified\":\"2026-04-15T21:31:24+00:00\",\"description\":\"Le\u00a0matelas cale b\u00e9b\u00e9 Cotton Pink gaufr\u00e9 est le r\u00e9ducteur de lit id\u00e9al qui prot\u00e8gera b\u00e9b\u00e9 dans ses premi\u00e8res nuits, tout en douceur.\",\"breadcrumb\":{\"@id\":\"https:\/\/shop.theophile-patachou.com\/fr\/produit\/matelas-cale-bebe-13\/#breadcrumb\"},\"inLanguage\":\"fr-FR\",\"potentialAction\":[{\"@type\":\"ReadAction\",\"target\":[\"https:\/\/shop.theophile-patachou.com\/fr\/produit\/matelas-cale-bebe-13\/\"]}]},{\"@type\":\"ImageObject\",\"inLanguage\":\"fr-FR\",\"@id\":\"https:\/\/shop.theophile-patachou.com\/fr\/produit\/matelas-cale-bebe-13\/#primaryimage\",\"url\":\"https:\/\/shop.theophile-patachou.com\/wp-content\/uploads\/2021\/10\/MCAL.CP_-1.jpg\",\"contentUrl\":\"https:\/\/shop.theophile-patachou.com\/wp-content\/uploads\/2021\/10\/MCAL.CP_-1.jpg\",\"width\":2000,\"height\":2000},{\"@type\":\"BreadcrumbList\",\"@id\":\"https:\/\/shop.theophile-patachou.com\/fr\/produit\/matelas-cale-bebe-13\/#breadcrumb\",\"itemListElement\":[{\"@type\":\"ListItem\",\"position\":1,\"name\":\"Accueil\",\"item\":\"https:\/\/shop.theophile-patachou.com\/fr\/\"},{\"@type\":\"ListItem\",\"position\":2,\"name\":\"Produits\",\"item\":\"https:\/\/shop.theophile-patachou.com\/fr\/shop\/\"},{\"@type\":\"ListItem\",\"position\":3,\"name\":\"Matelas cale b\u00e9b\u00e9\"}]},{\"@type\":\"WebSite\",\"@id\":\"https:\/\/shop.theophile-patachou.com\/fr\/#website\",\"url\":\"https:\/\/shop.theophile-patachou.com\/fr\/\",\"name\":\"Th\u00e9ophile et Patachou\",\"description\":\"Mobilier &amp; accessoires pour b\u00e9b\u00e9\",\"publisher\":{\"@id\":\"https:\/\/shop.theophile-patachou.com\/fr\/#organization\"},\"potentialAction\":[{\"@type\":\"SearchAction\",\"target\":{\"@type\":\"EntryPoint\",\"urlTemplate\":\"https:\/\/shop.theophile-patachou.com\/fr\/?s={search_term_string}\"},\"query-input\":{\"@type\":\"PropertyValueSpecification\",\"valueRequired\":true,\"valueName\":\"search_term_string\"}}],\"inLanguage\":\"fr-FR\"},{\"@type\":\"Organization\",\"@id\":\"https:\/\/shop.theophile-patachou.com\/fr\/#organization\",\"name\":\"Th\u00e9ophile & Patachou\",\"url\":\"https:\/\/shop.theophile-patachou.com\/fr\/\",\"logo\":{\"@type\":\"ImageObject\",\"inLanguage\":\"fr-FR\",\"@id\":\"https:\/\/shop.theophile-patachou.com\/fr\/#\/schema\/logo\/image\/\",\"url\":\"https:\/\/shop.theophile-patachou.com\/wp-content\/uploads\/2014\/12\/site-login-logo.png\",\"contentUrl\":\"https:\/\/shop.theophile-patachou.com\/wp-content\/uploads\/2014\/12\/site-login-logo.png\",\"width\":300,\"height\":150,\"caption\":\"Th\u00e9ophile & Patachou\"},\"image\":{\"@id\":\"https:\/\/shop.theophile-patachou.com\/fr\/#\/schema\/logo\/image\/\"},\"sameAs\":[\"https:\/\/www.facebook.com\/Th\u00e9ophile-Patachou-197829346970085\/\",\"https:\/\/x.com\/TPBelgium\",\"https:\/\/instagram.com\/theophile_patachou\/\",\"https:\/\/www.pinterest.com\/ThPat\/\"]}]}<\/script>\n<!-- \/ Yoast SEO plugin. -->","yoast_head_json":{"title":"Matelas Cale B\u00e9b\u00e9 Cotton Pink - Th\u00e9ophile et Patachou","description":"Le\u00a0matelas cale b\u00e9b\u00e9 Cotton Pink gaufr\u00e9 est le r\u00e9ducteur de lit id\u00e9al qui prot\u00e8gera b\u00e9b\u00e9 dans ses premi\u00e8res nuits, tout en douceur.","robots":{"index":"index","follow":"follow","max-snippet":"max-snippet:-1","max-image-preview":"max-image-preview:large","max-video-preview":"max-video-preview:-1"},"canonical":"https:\/\/shop.theophile-patachou.com\/fr\/produit\/matelas-cale-bebe-13\/","og_locale":"fr_FR","og_type":"article","og_title":"Matelas Cale B\u00e9b\u00e9 Cotton Pink - Th\u00e9ophile et Patachou","og_description":"Le\u00a0matelas cale b\u00e9b\u00e9 Cotton Pink gaufr\u00e9 est le r\u00e9ducteur de lit id\u00e9al qui prot\u00e8gera b\u00e9b\u00e9 dans ses premi\u00e8res nuits, tout en douceur.","og_url":"https:\/\/shop.theophile-patachou.com\/fr\/produit\/matelas-cale-bebe-13\/","og_site_name":"Th\u00e9ophile et Patachou","article_publisher":"https:\/\/www.facebook.com\/Th%c3%a9ophile-Patachou-197829346970085\/","article_modified_time":"2026-04-15T21:31:24+00:00","og_image":[{"width":2000,"height":2000,"url":"https:\/\/shop.theophile-patachou.com\/wp-content\/uploads\/2021\/10\/MCAL.CP_-1.jpg","type":"image\/jpeg"}],"twitter_card":"summary_large_image","twitter_site":"@TPBelgium","twitter_misc":{"Dur\u00e9e de lecture estim\u00e9e":"1 minute"},"schema":{"@context":"https:\/\/schema.org","@graph":[{"@type":"WebPage","@id":"https:\/\/shop.theophile-patachou.com\/fr\/produit\/matelas-cale-bebe-13\/","url":"https:\/\/shop.theophile-patachou.com\/fr\/produit\/matelas-cale-bebe-13\/","name":"Matelas Cale B\u00e9b\u00e9 Cotton Pink - Th\u00e9ophile et Patachou","isPartOf":{"@id":"https:\/\/shop.theophile-patachou.com\/fr\/#website"},"primaryImageOfPage":{"@id":"https:\/\/shop.theophile-patachou.com\/fr\/produit\/matelas-cale-bebe-13\/#primaryimage"},"image":{"@id":"https:\/\/shop.theophile-patachou.com\/fr\/produit\/matelas-cale-bebe-13\/#primaryimage"},"thumbnailUrl":"https:\/\/shop.theophile-patachou.com\/wp-content\/uploads\/2021\/10\/MCAL.CP_-1.jpg","datePublished":"2021-09-29T14:24:23+00:00","dateModified":"2026-04-15T21:31:24+00:00","description":"Le\u00a0matelas cale b\u00e9b\u00e9 Cotton Pink gaufr\u00e9 est le r\u00e9ducteur de lit id\u00e9al qui prot\u00e8gera b\u00e9b\u00e9 dans ses premi\u00e8res nuits, tout en douceur.","breadcrumb":{"@id":"https:\/\/shop.theophile-patachou.com\/fr\/produit\/matelas-cale-bebe-13\/#breadcrumb"},"inLanguage":"fr-FR","potentialAction":[{"@type":"ReadAction","target":["https:\/\/shop.theophile-patachou.com\/fr\/produit\/matelas-cale-bebe-13\/"]}]},{"@type":"ImageObject","inLanguage":"fr-FR","@id":"https:\/\/shop.theophile-patachou.com\/fr\/produit\/matelas-cale-bebe-13\/#primaryimage","url":"https:\/\/shop.theophile-patachou.com\/wp-content\/uploads\/2021\/10\/MCAL.CP_-1.jpg","contentUrl":"https:\/\/shop.theophile-patachou.com\/wp-content\/uploads\/2021\/10\/MCAL.CP_-1.jpg","width":2000,"height":2000},{"@type":"BreadcrumbList","@id":"https:\/\/shop.theophile-patachou.com\/fr\/produit\/matelas-cale-bebe-13\/#breadcrumb","itemListElement":[{"@type":"ListItem","position":1,"name":"Accueil","item":"https:\/\/shop.theophile-patachou.com\/fr\/"},{"@type":"ListItem","position":2,"name":"Produits","item":"https:\/\/shop.theophile-patachou.com\/fr\/shop\/"},{"@type":"ListItem","position":3,"name":"Matelas cale b\u00e9b\u00e9"}]},{"@type":"WebSite","@id":"https:\/\/shop.theophile-patachou.com\/fr\/#website","url":"https:\/\/shop.theophile-patachou.com\/fr\/","name":"Th\u00e9ophile et Patachou","description":"Mobilier &amp; accessoires pour b\u00e9b\u00e9","publisher":{"@id":"https:\/\/shop.theophile-patachou.com\/fr\/#organization"},"potentialAction":[{"@type":"SearchAction","target":{"@type":"EntryPoint","urlTemplate":"https:\/\/shop.theophile-patachou.com\/fr\/?s={search_term_string}"},"query-input":{"@type":"PropertyValueSpecification","valueRequired":true,"valueName":"search_term_string"}}],"inLanguage":"fr-FR"},{"@type":"Organization","@id":"https:\/\/shop.theophile-patachou.com\/fr\/#organization","name":"Th\u00e9ophile & Patachou","url":"https:\/\/shop.theophile-patachou.com\/fr\/","logo":{"@type":"ImageObject","inLanguage":"fr-FR","@id":"https:\/\/shop.theophile-patachou.com\/fr\/#\/schema\/logo\/image\/","url":"https:\/\/shop.theophile-patachou.com\/wp-content\/uploads\/2014\/12\/site-login-logo.png","contentUrl":"https:\/\/shop.theophile-patachou.com\/wp-content\/uploads\/2014\/12\/site-login-logo.png","width":300,"height":150,"caption":"Th\u00e9ophile & Patachou"},"image":{"@id":"https:\/\/shop.theophile-patachou.com\/fr\/#\/schema\/logo\/image\/"},"sameAs":["https:\/\/www.facebook.com\/Th\u00e9ophile-Patachou-197829346970085\/","https:\/\/x.com\/TPBelgium","https:\/\/instagram.com\/theophile_patachou\/","https:\/\/www.pinterest.com\/ThPat\/"]}]}},"_links":{"self":[{"href":"https:\/\/shop.theophile-patachou.com\/fr\/wp-json\/wp\/v2\/product\/61430","targetHints":{"allow":["GET"]}}],"collection":[{"href":"https:\/\/shop.theophile-patachou.com\/fr\/wp-json\/wp\/v2\/product"}],"about":[{"href":"https:\/\/shop.theophile-patachou.com\/fr\/wp-json\/wp\/v2\/types\/product"}],"wp:featuredmedia":[{"embeddable":true,"href":"https:\/\/shop.theophile-patachou.com\/fr\/wp-json\/wp\/v2\/media\/62822"}],"wp:attachment":[{"href":"https:\/\/shop.theophile-patachou.com\/fr\/wp-json\/wp\/v2\/media?parent=61430"}],"wp:term":[{"taxonomy":"product_brand","embeddable":true,"href":"https:\/\/shop.theophile-patachou.com\/fr\/wp-json\/wp\/v2\/product_brand?post=61430"},{"taxonomy":"product_cat","embeddable":true,"href":"https:\/\/shop.theophile-patachou.com\/fr\/wp-json\/wp\/v2\/product_cat?post=61430"},{"taxonomy":"product_tag","embeddable":true,"href":"https:\/\/shop.theophile-patachou.com\/fr\/wp-json\/wp\/v2\/product_tag?post=61430"}],"curies":[{"name":"wp","href":"https:\/\/api.w.org\/{rel}","templated":true}]}}