{"id":61477,"date":"2021-09-30T10:20:17","date_gmt":"2021-09-30T09:20:17","guid":{"rendered":"https:\/\/shop.theophile-patachou.com\/?post_type=product&#038;p=61477"},"modified":"2026-04-18T03:31:07","modified_gmt":"2026-04-18T02:31:07","slug":"gigoteuse-bebe-70-cm-11","status":"publish","type":"product","link":"https:\/\/shop.theophile-patachou.com\/fr\/produit\/gigoteuse-bebe-70-cm-11\/","title":{"rendered":"Gigoteuse b\u00e9b\u00e9 70 cm"},"content":{"rendered":"<p>Gigoteuse b\u00e9b\u00e9 70cm, de la collection Cotton Pink. Mesure 70 cm. El\u00e9gante et facile \u00e0 enfiler gr\u00e2ce aux deux boutons-pression plac\u00e9s sur les bretelles<\/p>\n<p>D\u00e8s la naissance et jusqu&rsquo;a 6 mois, environ.<\/p>\n<p>En coton, gaufr\u00e9.<\/p>\n<p>Pour compl\u00e9ter le look Cotton Pink, habillez le lit de b\u00e9b\u00e9 avec la housse + taie Cotton Pink.<\/p>\n","protected":false},"excerpt":{"rendered":"<h2>Gigoteuse b\u00e9b\u00e9 70 cm &#8211; Cotton Pink<\/h2>\n<p>Gigoteuse en coton zip\u00e9e sur le pourtour. Enfilage facile gr\u00e2ce aux deux bouton-pression plac\u00e9s sur les bretelles<br \/>\nD\u00e8s la naissance jusque 6 mois environ<\/p>\n<p>Gaufr\u00e9<\/p>\n","protected":false},"featured_media":62717,"template":"","meta":[],"product_brand":[],"product_cat":[1523,177,168],"product_tag":[1526,524,770,562],"class_list":{"0":"post-61477","1":"product","2":"type-product","3":"status-publish","4":"has-post-thumbnail","6":"product_cat-cottonpink-fr","7":"product_cat-collections-fr","8":"product_cat-sac-de-couchage-fr","9":"product_tag-cottonpink","10":"product_tag-gigoteuse","11":"product_tag-rose","12":"product_tag-sac-de-couchage","14":"first","15":"outofstock","16":"sale","17":"taxable","18":"shipping-taxable","19":"purchasable","20":"product-type-simple"},"yoast_head":"<!-- This site is optimized with the Yoast SEO plugin v26.9 - https:\/\/yoast.com\/product\/yoast-seo-wordpress\/ -->\n<title>Gigoteuse b\u00e9b\u00e9 70cm Cotton Pink - Th\u00e9ophile et Patachou<\/title>\n<meta name=\"description\" content=\"Gigoteuse b\u00e9b\u00e9 70cm de la collection Cotton Pink. Entourez b\u00e9b\u00e9 de douceur dans cette gigoteuse rose \u00e9l\u00e9gante. D\u00e8s la naissance jusque 6 mois environ.\" \/>\n<meta name=\"robots\" content=\"index, follow, max-snippet:-1, max-image-preview:large, max-video-preview:-1\" \/>\n<link rel=\"canonical\" href=\"https:\/\/shop.theophile-patachou.com\/fr\/produit\/gigoteuse-bebe-70-cm-11\/\" \/>\n<meta property=\"og:locale\" content=\"fr_FR\" \/>\n<meta property=\"og:type\" content=\"article\" \/>\n<meta property=\"og:title\" content=\"Gigoteuse b\u00e9b\u00e9 70cm Cotton Pink - Th\u00e9ophile et Patachou\" \/>\n<meta property=\"og:description\" content=\"Gigoteuse b\u00e9b\u00e9 70cm de la collection Cotton Pink. Entourez b\u00e9b\u00e9 de douceur dans cette gigoteuse rose \u00e9l\u00e9gante. D\u00e8s la naissance jusque 6 mois environ.\" \/>\n<meta property=\"og:url\" content=\"https:\/\/shop.theophile-patachou.com\/fr\/produit\/gigoteuse-bebe-70-cm-11\/\" \/>\n<meta property=\"og:site_name\" content=\"Th\u00e9ophile et Patachou\" \/>\n<meta property=\"article:publisher\" content=\"https:\/\/www.facebook.com\/Th%c3%a9ophile-Patachou-197829346970085\/\" \/>\n<meta property=\"article:modified_time\" content=\"2026-04-18T02:31:07+00:00\" \/>\n<meta property=\"og:image\" content=\"https:\/\/shop.theophile-patachou.com\/wp-content\/uploads\/2021\/10\/BBCP2.jpg\" \/>\n\t<meta property=\"og:image:width\" content=\"2000\" \/>\n\t<meta property=\"og:image:height\" content=\"2000\" \/>\n\t<meta property=\"og:image:type\" content=\"image\/jpeg\" \/>\n<meta name=\"twitter:card\" content=\"summary_large_image\" \/>\n<meta name=\"twitter:site\" content=\"@TPBelgium\" \/>\n<meta name=\"twitter:label1\" content=\"Dur\u00e9e de lecture estim\u00e9e\" \/>\n\t<meta name=\"twitter:data1\" content=\"1 minute\" \/>\n<script type=\"application\/ld+json\" class=\"yoast-schema-graph\">{\"@context\":\"https:\/\/schema.org\",\"@graph\":[{\"@type\":\"WebPage\",\"@id\":\"https:\/\/shop.theophile-patachou.com\/fr\/produit\/gigoteuse-bebe-70-cm-11\/\",\"url\":\"https:\/\/shop.theophile-patachou.com\/fr\/produit\/gigoteuse-bebe-70-cm-11\/\",\"name\":\"Gigoteuse b\u00e9b\u00e9 70cm Cotton Pink - Th\u00e9ophile et Patachou\",\"isPartOf\":{\"@id\":\"https:\/\/shop.theophile-patachou.com\/fr\/#website\"},\"primaryImageOfPage\":{\"@id\":\"https:\/\/shop.theophile-patachou.com\/fr\/produit\/gigoteuse-bebe-70-cm-11\/#primaryimage\"},\"image\":{\"@id\":\"https:\/\/shop.theophile-patachou.com\/fr\/produit\/gigoteuse-bebe-70-cm-11\/#primaryimage\"},\"thumbnailUrl\":\"https:\/\/shop.theophile-patachou.com\/wp-content\/uploads\/2021\/10\/BBCP2.jpg\",\"datePublished\":\"2021-09-30T09:20:17+00:00\",\"dateModified\":\"2026-04-18T02:31:07+00:00\",\"description\":\"Gigoteuse b\u00e9b\u00e9 70cm de la collection Cotton Pink. Entourez b\u00e9b\u00e9 de douceur dans cette gigoteuse rose \u00e9l\u00e9gante. D\u00e8s la naissance jusque 6 mois environ.\",\"breadcrumb\":{\"@id\":\"https:\/\/shop.theophile-patachou.com\/fr\/produit\/gigoteuse-bebe-70-cm-11\/#breadcrumb\"},\"inLanguage\":\"fr-FR\",\"potentialAction\":[{\"@type\":\"ReadAction\",\"target\":[\"https:\/\/shop.theophile-patachou.com\/fr\/produit\/gigoteuse-bebe-70-cm-11\/\"]}]},{\"@type\":\"ImageObject\",\"inLanguage\":\"fr-FR\",\"@id\":\"https:\/\/shop.theophile-patachou.com\/fr\/produit\/gigoteuse-bebe-70-cm-11\/#primaryimage\",\"url\":\"https:\/\/shop.theophile-patachou.com\/wp-content\/uploads\/2021\/10\/BBCP2.jpg\",\"contentUrl\":\"https:\/\/shop.theophile-patachou.com\/wp-content\/uploads\/2021\/10\/BBCP2.jpg\",\"width\":2000,\"height\":2000},{\"@type\":\"BreadcrumbList\",\"@id\":\"https:\/\/shop.theophile-patachou.com\/fr\/produit\/gigoteuse-bebe-70-cm-11\/#breadcrumb\",\"itemListElement\":[{\"@type\":\"ListItem\",\"position\":1,\"name\":\"Accueil\",\"item\":\"https:\/\/shop.theophile-patachou.com\/fr\/\"},{\"@type\":\"ListItem\",\"position\":2,\"name\":\"Produits\",\"item\":\"https:\/\/shop.theophile-patachou.com\/fr\/shop\/\"},{\"@type\":\"ListItem\",\"position\":3,\"name\":\"Gigoteuse b\u00e9b\u00e9 70 cm\"}]},{\"@type\":\"WebSite\",\"@id\":\"https:\/\/shop.theophile-patachou.com\/fr\/#website\",\"url\":\"https:\/\/shop.theophile-patachou.com\/fr\/\",\"name\":\"Th\u00e9ophile et Patachou\",\"description\":\"Mobilier &amp; accessoires pour b\u00e9b\u00e9\",\"publisher\":{\"@id\":\"https:\/\/shop.theophile-patachou.com\/fr\/#organization\"},\"potentialAction\":[{\"@type\":\"SearchAction\",\"target\":{\"@type\":\"EntryPoint\",\"urlTemplate\":\"https:\/\/shop.theophile-patachou.com\/fr\/?s={search_term_string}\"},\"query-input\":{\"@type\":\"PropertyValueSpecification\",\"valueRequired\":true,\"valueName\":\"search_term_string\"}}],\"inLanguage\":\"fr-FR\"},{\"@type\":\"Organization\",\"@id\":\"https:\/\/shop.theophile-patachou.com\/fr\/#organization\",\"name\":\"Th\u00e9ophile & Patachou\",\"url\":\"https:\/\/shop.theophile-patachou.com\/fr\/\",\"logo\":{\"@type\":\"ImageObject\",\"inLanguage\":\"fr-FR\",\"@id\":\"https:\/\/shop.theophile-patachou.com\/fr\/#\/schema\/logo\/image\/\",\"url\":\"https:\/\/shop.theophile-patachou.com\/wp-content\/uploads\/2014\/12\/site-login-logo.png\",\"contentUrl\":\"https:\/\/shop.theophile-patachou.com\/wp-content\/uploads\/2014\/12\/site-login-logo.png\",\"width\":300,\"height\":150,\"caption\":\"Th\u00e9ophile & Patachou\"},\"image\":{\"@id\":\"https:\/\/shop.theophile-patachou.com\/fr\/#\/schema\/logo\/image\/\"},\"sameAs\":[\"https:\/\/www.facebook.com\/Th\u00e9ophile-Patachou-197829346970085\/\",\"https:\/\/x.com\/TPBelgium\",\"https:\/\/instagram.com\/theophile_patachou\/\",\"https:\/\/www.pinterest.com\/ThPat\/\"]}]}<\/script>\n<!-- \/ Yoast SEO plugin. -->","yoast_head_json":{"title":"Gigoteuse b\u00e9b\u00e9 70cm Cotton Pink - Th\u00e9ophile et Patachou","description":"Gigoteuse b\u00e9b\u00e9 70cm de la collection Cotton Pink. Entourez b\u00e9b\u00e9 de douceur dans cette gigoteuse rose \u00e9l\u00e9gante. D\u00e8s la naissance jusque 6 mois environ.","robots":{"index":"index","follow":"follow","max-snippet":"max-snippet:-1","max-image-preview":"max-image-preview:large","max-video-preview":"max-video-preview:-1"},"canonical":"https:\/\/shop.theophile-patachou.com\/fr\/produit\/gigoteuse-bebe-70-cm-11\/","og_locale":"fr_FR","og_type":"article","og_title":"Gigoteuse b\u00e9b\u00e9 70cm Cotton Pink - Th\u00e9ophile et Patachou","og_description":"Gigoteuse b\u00e9b\u00e9 70cm de la collection Cotton Pink. Entourez b\u00e9b\u00e9 de douceur dans cette gigoteuse rose \u00e9l\u00e9gante. D\u00e8s la naissance jusque 6 mois environ.","og_url":"https:\/\/shop.theophile-patachou.com\/fr\/produit\/gigoteuse-bebe-70-cm-11\/","og_site_name":"Th\u00e9ophile et Patachou","article_publisher":"https:\/\/www.facebook.com\/Th%c3%a9ophile-Patachou-197829346970085\/","article_modified_time":"2026-04-18T02:31:07+00:00","og_image":[{"width":2000,"height":2000,"url":"https:\/\/shop.theophile-patachou.com\/wp-content\/uploads\/2021\/10\/BBCP2.jpg","type":"image\/jpeg"}],"twitter_card":"summary_large_image","twitter_site":"@TPBelgium","twitter_misc":{"Dur\u00e9e de lecture estim\u00e9e":"1 minute"},"schema":{"@context":"https:\/\/schema.org","@graph":[{"@type":"WebPage","@id":"https:\/\/shop.theophile-patachou.com\/fr\/produit\/gigoteuse-bebe-70-cm-11\/","url":"https:\/\/shop.theophile-patachou.com\/fr\/produit\/gigoteuse-bebe-70-cm-11\/","name":"Gigoteuse b\u00e9b\u00e9 70cm Cotton Pink - Th\u00e9ophile et Patachou","isPartOf":{"@id":"https:\/\/shop.theophile-patachou.com\/fr\/#website"},"primaryImageOfPage":{"@id":"https:\/\/shop.theophile-patachou.com\/fr\/produit\/gigoteuse-bebe-70-cm-11\/#primaryimage"},"image":{"@id":"https:\/\/shop.theophile-patachou.com\/fr\/produit\/gigoteuse-bebe-70-cm-11\/#primaryimage"},"thumbnailUrl":"https:\/\/shop.theophile-patachou.com\/wp-content\/uploads\/2021\/10\/BBCP2.jpg","datePublished":"2021-09-30T09:20:17+00:00","dateModified":"2026-04-18T02:31:07+00:00","description":"Gigoteuse b\u00e9b\u00e9 70cm de la collection Cotton Pink. Entourez b\u00e9b\u00e9 de douceur dans cette gigoteuse rose \u00e9l\u00e9gante. D\u00e8s la naissance jusque 6 mois environ.","breadcrumb":{"@id":"https:\/\/shop.theophile-patachou.com\/fr\/produit\/gigoteuse-bebe-70-cm-11\/#breadcrumb"},"inLanguage":"fr-FR","potentialAction":[{"@type":"ReadAction","target":["https:\/\/shop.theophile-patachou.com\/fr\/produit\/gigoteuse-bebe-70-cm-11\/"]}]},{"@type":"ImageObject","inLanguage":"fr-FR","@id":"https:\/\/shop.theophile-patachou.com\/fr\/produit\/gigoteuse-bebe-70-cm-11\/#primaryimage","url":"https:\/\/shop.theophile-patachou.com\/wp-content\/uploads\/2021\/10\/BBCP2.jpg","contentUrl":"https:\/\/shop.theophile-patachou.com\/wp-content\/uploads\/2021\/10\/BBCP2.jpg","width":2000,"height":2000},{"@type":"BreadcrumbList","@id":"https:\/\/shop.theophile-patachou.com\/fr\/produit\/gigoteuse-bebe-70-cm-11\/#breadcrumb","itemListElement":[{"@type":"ListItem","position":1,"name":"Accueil","item":"https:\/\/shop.theophile-patachou.com\/fr\/"},{"@type":"ListItem","position":2,"name":"Produits","item":"https:\/\/shop.theophile-patachou.com\/fr\/shop\/"},{"@type":"ListItem","position":3,"name":"Gigoteuse b\u00e9b\u00e9 70 cm"}]},{"@type":"WebSite","@id":"https:\/\/shop.theophile-patachou.com\/fr\/#website","url":"https:\/\/shop.theophile-patachou.com\/fr\/","name":"Th\u00e9ophile et Patachou","description":"Mobilier &amp; accessoires pour b\u00e9b\u00e9","publisher":{"@id":"https:\/\/shop.theophile-patachou.com\/fr\/#organization"},"potentialAction":[{"@type":"SearchAction","target":{"@type":"EntryPoint","urlTemplate":"https:\/\/shop.theophile-patachou.com\/fr\/?s={search_term_string}"},"query-input":{"@type":"PropertyValueSpecification","valueRequired":true,"valueName":"search_term_string"}}],"inLanguage":"fr-FR"},{"@type":"Organization","@id":"https:\/\/shop.theophile-patachou.com\/fr\/#organization","name":"Th\u00e9ophile & Patachou","url":"https:\/\/shop.theophile-patachou.com\/fr\/","logo":{"@type":"ImageObject","inLanguage":"fr-FR","@id":"https:\/\/shop.theophile-patachou.com\/fr\/#\/schema\/logo\/image\/","url":"https:\/\/shop.theophile-patachou.com\/wp-content\/uploads\/2014\/12\/site-login-logo.png","contentUrl":"https:\/\/shop.theophile-patachou.com\/wp-content\/uploads\/2014\/12\/site-login-logo.png","width":300,"height":150,"caption":"Th\u00e9ophile & Patachou"},"image":{"@id":"https:\/\/shop.theophile-patachou.com\/fr\/#\/schema\/logo\/image\/"},"sameAs":["https:\/\/www.facebook.com\/Th\u00e9ophile-Patachou-197829346970085\/","https:\/\/x.com\/TPBelgium","https:\/\/instagram.com\/theophile_patachou\/","https:\/\/www.pinterest.com\/ThPat\/"]}]}},"_links":{"self":[{"href":"https:\/\/shop.theophile-patachou.com\/fr\/wp-json\/wp\/v2\/product\/61477","targetHints":{"allow":["GET"]}}],"collection":[{"href":"https:\/\/shop.theophile-patachou.com\/fr\/wp-json\/wp\/v2\/product"}],"about":[{"href":"https:\/\/shop.theophile-patachou.com\/fr\/wp-json\/wp\/v2\/types\/product"}],"wp:featuredmedia":[{"embeddable":true,"href":"https:\/\/shop.theophile-patachou.com\/fr\/wp-json\/wp\/v2\/media\/62717"}],"wp:attachment":[{"href":"https:\/\/shop.theophile-patachou.com\/fr\/wp-json\/wp\/v2\/media?parent=61477"}],"wp:term":[{"taxonomy":"product_brand","embeddable":true,"href":"https:\/\/shop.theophile-patachou.com\/fr\/wp-json\/wp\/v2\/product_brand?post=61477"},{"taxonomy":"product_cat","embeddable":true,"href":"https:\/\/shop.theophile-patachou.com\/fr\/wp-json\/wp\/v2\/product_cat?post=61477"},{"taxonomy":"product_tag","embeddable":true,"href":"https:\/\/shop.theophile-patachou.com\/fr\/wp-json\/wp\/v2\/product_tag?post=61477"}],"curies":[{"name":"wp","href":"https:\/\/api.w.org\/{rel}","templated":true}]}}