{"id":61501,"date":"2021-09-30T12:09:58","date_gmt":"2021-09-30T11:09:58","guid":{"rendered":"https:\/\/shop.theophile-patachou.com\/?post_type=product&#038;p=61501"},"modified":"2026-05-03T12:31:14","modified_gmt":"2026-05-03T11:31:14","slug":"housse-boite-a-mouchoirs-15","status":"publish","type":"product","link":"https:\/\/shop.theophile-patachou.com\/fr\/produit\/housse-boite-a-mouchoirs-15\/","title":{"rendered":"Housse bo\u00eete \u00e0 mouchoirs"},"content":{"rendered":"<p>Housse pour bo\u00eete \u00e0 mouchoirs Cotton Pink. Permet de ranger les mouchoirs en papier de mani\u00e8re \u00e9l\u00e9gante. La chambre de b\u00e9b\u00e9 sera \u00e9l\u00e9gante gr\u00e2ce \u00e0 cette housse.<br \/>\nEn tissu gaufr\u00e9. Pour une table a langer et une chambre \u00e9l\u00e9gante et \u00e9pur\u00e9e.<\/p>\n<p>Pour assortir avec la housse boite \u00e0 mouchoirs : la housse matelas \u00e0 langer Cotton Pink.<br \/>\nD\u00e9couvrez toute la <a href=\"https:\/\/shop.theophile-patachou.com\/fr\/categorie-produit\/lovelyprices-theophile-patachou\/cottonpink-fr\/\">collection Cotton Pink<\/a>.<\/p>\n<p>Dimensions : L26 x P12 x H7 cm<br \/>\nCouleur : rose<\/p>\n","protected":false},"excerpt":{"rendered":"<h2>Housse bo\u00eete \u00e0 mouchoirs &#8211; Cotton Pink<\/h2>\n<p><strong>Cette\u00a0housse pour bo\u00eete \u00e0 mouchoirs\u00a0<\/strong>vous permet de ranger les mouchoirs en papier de mani\u00e8re \u00e9l\u00e9gante.<\/p>\n<p>Gaufr\u00e9, rose.<\/p>\n","protected":false},"featured_media":62999,"template":"","meta":[],"product_brand":[],"product_cat":[1523,177,164],"product_tag":[595,1526,613,770],"class_list":{"0":"post-61501","1":"product","2":"type-product","3":"status-publish","4":"has-post-thumbnail","6":"product_cat-cottonpink-fr","7":"product_cat-collections-fr","8":"product_cat-bain-fr","9":"product_tag-bain","10":"product_tag-cottonpink","11":"product_tag-housse-boite-a-mouchoirs","12":"product_tag-rose","14":"first","15":"instock","16":"sale","17":"taxable","18":"shipping-taxable","19":"purchasable","20":"product-type-simple"},"yoast_head":"<!-- This site is optimized with the Yoast SEO plugin v26.9 - https:\/\/yoast.com\/product\/yoast-seo-wordpress\/ -->\n<title>Housse Bo\u00eete \u00e0 mouchoirs Cotton Pink - Th\u00e9ophile et Patachou<\/title>\n<meta name=\"description\" content=\"Cette\u00a0housse pour bo\u00eete \u00e0 mouchoirs\u00a0Th\u00e9ophile &amp; Patachou vous permet de ranger les mouchoirs en papier de mani\u00e8re \u00e9l\u00e9gante.\" \/>\n<meta name=\"robots\" content=\"index, follow, max-snippet:-1, max-image-preview:large, max-video-preview:-1\" \/>\n<link rel=\"canonical\" href=\"https:\/\/shop.theophile-patachou.com\/fr\/produit\/housse-boite-a-mouchoirs-15\/\" \/>\n<meta property=\"og:locale\" content=\"fr_FR\" \/>\n<meta property=\"og:type\" content=\"article\" \/>\n<meta property=\"og:title\" content=\"Housse Bo\u00eete \u00e0 mouchoirs Cotton Pink - Th\u00e9ophile et Patachou\" \/>\n<meta property=\"og:description\" content=\"Cette\u00a0housse pour bo\u00eete \u00e0 mouchoirs\u00a0Th\u00e9ophile &amp; Patachou vous permet de ranger les mouchoirs en papier de mani\u00e8re \u00e9l\u00e9gante.\" \/>\n<meta property=\"og:url\" content=\"https:\/\/shop.theophile-patachou.com\/fr\/produit\/housse-boite-a-mouchoirs-15\/\" \/>\n<meta property=\"og:site_name\" content=\"Th\u00e9ophile et Patachou\" \/>\n<meta property=\"article:publisher\" content=\"https:\/\/www.facebook.com\/Th%c3%a9ophile-Patachou-197829346970085\/\" \/>\n<meta property=\"article:modified_time\" content=\"2026-05-03T11:31:14+00:00\" \/>\n<meta property=\"og:image\" content=\"https:\/\/shop.theophile-patachou.com\/wp-content\/uploads\/2021\/10\/HOUSSCP-1-1.jpg\" \/>\n\t<meta property=\"og:image:width\" content=\"2000\" \/>\n\t<meta property=\"og:image:height\" content=\"2000\" \/>\n\t<meta property=\"og:image:type\" content=\"image\/jpeg\" \/>\n<meta name=\"twitter:card\" content=\"summary_large_image\" \/>\n<meta name=\"twitter:site\" content=\"@TPBelgium\" \/>\n<meta name=\"twitter:label1\" content=\"Dur\u00e9e de lecture estim\u00e9e\" \/>\n\t<meta name=\"twitter:data1\" content=\"1 minute\" \/>\n<script type=\"application\/ld+json\" class=\"yoast-schema-graph\">{\"@context\":\"https:\/\/schema.org\",\"@graph\":[{\"@type\":\"WebPage\",\"@id\":\"https:\/\/shop.theophile-patachou.com\/fr\/produit\/housse-boite-a-mouchoirs-15\/\",\"url\":\"https:\/\/shop.theophile-patachou.com\/fr\/produit\/housse-boite-a-mouchoirs-15\/\",\"name\":\"Housse Bo\u00eete \u00e0 mouchoirs Cotton Pink - Th\u00e9ophile et Patachou\",\"isPartOf\":{\"@id\":\"https:\/\/shop.theophile-patachou.com\/fr\/#website\"},\"primaryImageOfPage\":{\"@id\":\"https:\/\/shop.theophile-patachou.com\/fr\/produit\/housse-boite-a-mouchoirs-15\/#primaryimage\"},\"image\":{\"@id\":\"https:\/\/shop.theophile-patachou.com\/fr\/produit\/housse-boite-a-mouchoirs-15\/#primaryimage\"},\"thumbnailUrl\":\"https:\/\/shop.theophile-patachou.com\/wp-content\/uploads\/2021\/10\/HOUSSCP-1-1.jpg\",\"datePublished\":\"2021-09-30T11:09:58+00:00\",\"dateModified\":\"2026-05-03T11:31:14+00:00\",\"description\":\"Cette\u00a0housse pour bo\u00eete \u00e0 mouchoirs\u00a0Th\u00e9ophile & Patachou vous permet de ranger les mouchoirs en papier de mani\u00e8re \u00e9l\u00e9gante.\",\"breadcrumb\":{\"@id\":\"https:\/\/shop.theophile-patachou.com\/fr\/produit\/housse-boite-a-mouchoirs-15\/#breadcrumb\"},\"inLanguage\":\"fr-FR\",\"potentialAction\":[{\"@type\":\"ReadAction\",\"target\":[\"https:\/\/shop.theophile-patachou.com\/fr\/produit\/housse-boite-a-mouchoirs-15\/\"]}]},{\"@type\":\"ImageObject\",\"inLanguage\":\"fr-FR\",\"@id\":\"https:\/\/shop.theophile-patachou.com\/fr\/produit\/housse-boite-a-mouchoirs-15\/#primaryimage\",\"url\":\"https:\/\/shop.theophile-patachou.com\/wp-content\/uploads\/2021\/10\/HOUSSCP-1-1.jpg\",\"contentUrl\":\"https:\/\/shop.theophile-patachou.com\/wp-content\/uploads\/2021\/10\/HOUSSCP-1-1.jpg\",\"width\":2000,\"height\":2000},{\"@type\":\"BreadcrumbList\",\"@id\":\"https:\/\/shop.theophile-patachou.com\/fr\/produit\/housse-boite-a-mouchoirs-15\/#breadcrumb\",\"itemListElement\":[{\"@type\":\"ListItem\",\"position\":1,\"name\":\"Accueil\",\"item\":\"https:\/\/shop.theophile-patachou.com\/fr\/\"},{\"@type\":\"ListItem\",\"position\":2,\"name\":\"Produits\",\"item\":\"https:\/\/shop.theophile-patachou.com\/fr\/shop\/\"},{\"@type\":\"ListItem\",\"position\":3,\"name\":\"Housse bo\u00eete \u00e0 mouchoirs\"}]},{\"@type\":\"WebSite\",\"@id\":\"https:\/\/shop.theophile-patachou.com\/fr\/#website\",\"url\":\"https:\/\/shop.theophile-patachou.com\/fr\/\",\"name\":\"Th\u00e9ophile et Patachou\",\"description\":\"Mobilier &amp; accessoires pour b\u00e9b\u00e9\",\"publisher\":{\"@id\":\"https:\/\/shop.theophile-patachou.com\/fr\/#organization\"},\"potentialAction\":[{\"@type\":\"SearchAction\",\"target\":{\"@type\":\"EntryPoint\",\"urlTemplate\":\"https:\/\/shop.theophile-patachou.com\/fr\/?s={search_term_string}\"},\"query-input\":{\"@type\":\"PropertyValueSpecification\",\"valueRequired\":true,\"valueName\":\"search_term_string\"}}],\"inLanguage\":\"fr-FR\"},{\"@type\":\"Organization\",\"@id\":\"https:\/\/shop.theophile-patachou.com\/fr\/#organization\",\"name\":\"Th\u00e9ophile & Patachou\",\"url\":\"https:\/\/shop.theophile-patachou.com\/fr\/\",\"logo\":{\"@type\":\"ImageObject\",\"inLanguage\":\"fr-FR\",\"@id\":\"https:\/\/shop.theophile-patachou.com\/fr\/#\/schema\/logo\/image\/\",\"url\":\"https:\/\/shop.theophile-patachou.com\/wp-content\/uploads\/2014\/12\/site-login-logo.png\",\"contentUrl\":\"https:\/\/shop.theophile-patachou.com\/wp-content\/uploads\/2014\/12\/site-login-logo.png\",\"width\":300,\"height\":150,\"caption\":\"Th\u00e9ophile & Patachou\"},\"image\":{\"@id\":\"https:\/\/shop.theophile-patachou.com\/fr\/#\/schema\/logo\/image\/\"},\"sameAs\":[\"https:\/\/www.facebook.com\/Th\u00e9ophile-Patachou-197829346970085\/\",\"https:\/\/x.com\/TPBelgium\",\"https:\/\/instagram.com\/theophile_patachou\/\",\"https:\/\/www.pinterest.com\/ThPat\/\"]}]}<\/script>\n<!-- \/ Yoast SEO plugin. -->","yoast_head_json":{"title":"Housse Bo\u00eete \u00e0 mouchoirs Cotton Pink - Th\u00e9ophile et Patachou","description":"Cette\u00a0housse pour bo\u00eete \u00e0 mouchoirs\u00a0Th\u00e9ophile & Patachou vous permet de ranger les mouchoirs en papier de mani\u00e8re \u00e9l\u00e9gante.","robots":{"index":"index","follow":"follow","max-snippet":"max-snippet:-1","max-image-preview":"max-image-preview:large","max-video-preview":"max-video-preview:-1"},"canonical":"https:\/\/shop.theophile-patachou.com\/fr\/produit\/housse-boite-a-mouchoirs-15\/","og_locale":"fr_FR","og_type":"article","og_title":"Housse Bo\u00eete \u00e0 mouchoirs Cotton Pink - Th\u00e9ophile et Patachou","og_description":"Cette\u00a0housse pour bo\u00eete \u00e0 mouchoirs\u00a0Th\u00e9ophile & Patachou vous permet de ranger les mouchoirs en papier de mani\u00e8re \u00e9l\u00e9gante.","og_url":"https:\/\/shop.theophile-patachou.com\/fr\/produit\/housse-boite-a-mouchoirs-15\/","og_site_name":"Th\u00e9ophile et Patachou","article_publisher":"https:\/\/www.facebook.com\/Th%c3%a9ophile-Patachou-197829346970085\/","article_modified_time":"2026-05-03T11:31:14+00:00","og_image":[{"width":2000,"height":2000,"url":"https:\/\/shop.theophile-patachou.com\/wp-content\/uploads\/2021\/10\/HOUSSCP-1-1.jpg","type":"image\/jpeg"}],"twitter_card":"summary_large_image","twitter_site":"@TPBelgium","twitter_misc":{"Dur\u00e9e de lecture estim\u00e9e":"1 minute"},"schema":{"@context":"https:\/\/schema.org","@graph":[{"@type":"WebPage","@id":"https:\/\/shop.theophile-patachou.com\/fr\/produit\/housse-boite-a-mouchoirs-15\/","url":"https:\/\/shop.theophile-patachou.com\/fr\/produit\/housse-boite-a-mouchoirs-15\/","name":"Housse Bo\u00eete \u00e0 mouchoirs Cotton Pink - Th\u00e9ophile et Patachou","isPartOf":{"@id":"https:\/\/shop.theophile-patachou.com\/fr\/#website"},"primaryImageOfPage":{"@id":"https:\/\/shop.theophile-patachou.com\/fr\/produit\/housse-boite-a-mouchoirs-15\/#primaryimage"},"image":{"@id":"https:\/\/shop.theophile-patachou.com\/fr\/produit\/housse-boite-a-mouchoirs-15\/#primaryimage"},"thumbnailUrl":"https:\/\/shop.theophile-patachou.com\/wp-content\/uploads\/2021\/10\/HOUSSCP-1-1.jpg","datePublished":"2021-09-30T11:09:58+00:00","dateModified":"2026-05-03T11:31:14+00:00","description":"Cette\u00a0housse pour bo\u00eete \u00e0 mouchoirs\u00a0Th\u00e9ophile & Patachou vous permet de ranger les mouchoirs en papier de mani\u00e8re \u00e9l\u00e9gante.","breadcrumb":{"@id":"https:\/\/shop.theophile-patachou.com\/fr\/produit\/housse-boite-a-mouchoirs-15\/#breadcrumb"},"inLanguage":"fr-FR","potentialAction":[{"@type":"ReadAction","target":["https:\/\/shop.theophile-patachou.com\/fr\/produit\/housse-boite-a-mouchoirs-15\/"]}]},{"@type":"ImageObject","inLanguage":"fr-FR","@id":"https:\/\/shop.theophile-patachou.com\/fr\/produit\/housse-boite-a-mouchoirs-15\/#primaryimage","url":"https:\/\/shop.theophile-patachou.com\/wp-content\/uploads\/2021\/10\/HOUSSCP-1-1.jpg","contentUrl":"https:\/\/shop.theophile-patachou.com\/wp-content\/uploads\/2021\/10\/HOUSSCP-1-1.jpg","width":2000,"height":2000},{"@type":"BreadcrumbList","@id":"https:\/\/shop.theophile-patachou.com\/fr\/produit\/housse-boite-a-mouchoirs-15\/#breadcrumb","itemListElement":[{"@type":"ListItem","position":1,"name":"Accueil","item":"https:\/\/shop.theophile-patachou.com\/fr\/"},{"@type":"ListItem","position":2,"name":"Produits","item":"https:\/\/shop.theophile-patachou.com\/fr\/shop\/"},{"@type":"ListItem","position":3,"name":"Housse bo\u00eete \u00e0 mouchoirs"}]},{"@type":"WebSite","@id":"https:\/\/shop.theophile-patachou.com\/fr\/#website","url":"https:\/\/shop.theophile-patachou.com\/fr\/","name":"Th\u00e9ophile et Patachou","description":"Mobilier &amp; accessoires pour b\u00e9b\u00e9","publisher":{"@id":"https:\/\/shop.theophile-patachou.com\/fr\/#organization"},"potentialAction":[{"@type":"SearchAction","target":{"@type":"EntryPoint","urlTemplate":"https:\/\/shop.theophile-patachou.com\/fr\/?s={search_term_string}"},"query-input":{"@type":"PropertyValueSpecification","valueRequired":true,"valueName":"search_term_string"}}],"inLanguage":"fr-FR"},{"@type":"Organization","@id":"https:\/\/shop.theophile-patachou.com\/fr\/#organization","name":"Th\u00e9ophile & Patachou","url":"https:\/\/shop.theophile-patachou.com\/fr\/","logo":{"@type":"ImageObject","inLanguage":"fr-FR","@id":"https:\/\/shop.theophile-patachou.com\/fr\/#\/schema\/logo\/image\/","url":"https:\/\/shop.theophile-patachou.com\/wp-content\/uploads\/2014\/12\/site-login-logo.png","contentUrl":"https:\/\/shop.theophile-patachou.com\/wp-content\/uploads\/2014\/12\/site-login-logo.png","width":300,"height":150,"caption":"Th\u00e9ophile & Patachou"},"image":{"@id":"https:\/\/shop.theophile-patachou.com\/fr\/#\/schema\/logo\/image\/"},"sameAs":["https:\/\/www.facebook.com\/Th\u00e9ophile-Patachou-197829346970085\/","https:\/\/x.com\/TPBelgium","https:\/\/instagram.com\/theophile_patachou\/","https:\/\/www.pinterest.com\/ThPat\/"]}]}},"_links":{"self":[{"href":"https:\/\/shop.theophile-patachou.com\/fr\/wp-json\/wp\/v2\/product\/61501","targetHints":{"allow":["GET"]}}],"collection":[{"href":"https:\/\/shop.theophile-patachou.com\/fr\/wp-json\/wp\/v2\/product"}],"about":[{"href":"https:\/\/shop.theophile-patachou.com\/fr\/wp-json\/wp\/v2\/types\/product"}],"wp:featuredmedia":[{"embeddable":true,"href":"https:\/\/shop.theophile-patachou.com\/fr\/wp-json\/wp\/v2\/media\/62999"}],"wp:attachment":[{"href":"https:\/\/shop.theophile-patachou.com\/fr\/wp-json\/wp\/v2\/media?parent=61501"}],"wp:term":[{"taxonomy":"product_brand","embeddable":true,"href":"https:\/\/shop.theophile-patachou.com\/fr\/wp-json\/wp\/v2\/product_brand?post=61501"},{"taxonomy":"product_cat","embeddable":true,"href":"https:\/\/shop.theophile-patachou.com\/fr\/wp-json\/wp\/v2\/product_cat?post=61501"},{"taxonomy":"product_tag","embeddable":true,"href":"https:\/\/shop.theophile-patachou.com\/fr\/wp-json\/wp\/v2\/product_tag?post=61501"}],"curies":[{"name":"wp","href":"https:\/\/api.w.org\/{rel}","templated":true}]}}