{"id":61539,"date":"2021-09-30T13:42:43","date_gmt":"2021-09-30T12:42:43","guid":{"rendered":"https:\/\/shop.theophile-patachou.com\/?post_type=product&#038;p=61539"},"modified":"2026-04-29T06:31:09","modified_gmt":"2026-04-29T05:31:09","slug":"pochette-carnet-de-sante-12","status":"publish","type":"product","link":"https:\/\/shop.theophile-patachou.com\/fr\/produit\/pochette-carnet-de-sante-12\/","title":{"rendered":"Pochette carnet de sant\u00e9"},"content":{"rendered":"<p>Pochette carnet de sant\u00e9 Cotton Pink, pour emportez le carnet de sant\u00e9 de b\u00e9b\u00e9 partout. Prot\u00e8ge le carnet de sant\u00e9.<\/p>\n<p>A glisser dans le sac week-end Cotton Pink ou le sac landau Cotton Pink pour partir en balade.<\/p>\n<p>En coton matelass\u00e9<br \/>\nDimensions ouvert : 24 x 36 cm<br \/>\nCouleur : rose<\/p>\n<p>D\u00e9couvrez toute la <a href=\"https:\/\/shop.theophile-patachou.com\/fr\/categorie-produit\/lovelyprices-theophile-patachou\/cottonpink-fr\/\">collection Cotton Pink<\/a><\/p>\n","protected":false},"excerpt":{"rendered":"<h2>Pochette carnet de sant\u00e9 &#8211; Cotton Pink<\/h2>\n<p>Emportez le carnet de sant\u00e9 de votre b\u00e9b\u00e9 partout et prot\u00e9gez le avec cette pochette \u00e9l\u00e9gante.<\/p>\n<p>Dimension carnet ouvert : H24 x L36 cm<br \/>\nMatelass\u00e9<\/p>\n","protected":false},"featured_media":63071,"template":"","meta":[],"product_brand":[],"product_cat":[1523,177,163,169],"product_tag":[1526,646,770,183],"class_list":{"0":"post-61539","1":"product","2":"type-product","3":"status-publish","4":"has-post-thumbnail","6":"product_cat-cottonpink-fr","7":"product_cat-collections-fr","8":"product_cat-produits-fr","9":"product_cat-voyage-fr","10":"product_tag-cottonpink","11":"product_tag-pochette-carnet-de-sante","12":"product_tag-rose","13":"product_tag-voyage","15":"first","16":"instock","17":"sale","18":"taxable","19":"shipping-taxable","20":"purchasable","21":"product-type-simple"},"yoast_head":"<!-- This site is optimized with the Yoast SEO plugin v26.9 - https:\/\/yoast.com\/product\/yoast-seo-wordpress\/ -->\n<title>Pochette Carnet de Sant\u00e9 Cotton Pink - Th\u00e9ophile et Patachou<\/title>\n<meta name=\"description\" content=\"Emportez le carnet de sant\u00e9 de votre b\u00e9b\u00e9 partout avec vous gr\u00e2ce \u00e0 cette \u00e9l\u00e9gante pochette pour carnet de sant\u00e9 de la collection Cotton Pink.\" \/>\n<meta name=\"robots\" content=\"index, follow, max-snippet:-1, max-image-preview:large, max-video-preview:-1\" \/>\n<link rel=\"canonical\" href=\"https:\/\/shop.theophile-patachou.com\/fr\/produit\/pochette-carnet-de-sante-12\/\" \/>\n<meta property=\"og:locale\" content=\"fr_FR\" \/>\n<meta property=\"og:type\" content=\"article\" \/>\n<meta property=\"og:title\" content=\"Pochette Carnet de Sant\u00e9 Cotton Pink - Th\u00e9ophile et Patachou\" \/>\n<meta property=\"og:description\" content=\"Emportez le carnet de sant\u00e9 de votre b\u00e9b\u00e9 partout avec vous gr\u00e2ce \u00e0 cette \u00e9l\u00e9gante pochette pour carnet de sant\u00e9 de la collection Cotton Pink.\" \/>\n<meta property=\"og:url\" content=\"https:\/\/shop.theophile-patachou.com\/fr\/produit\/pochette-carnet-de-sante-12\/\" \/>\n<meta property=\"og:site_name\" content=\"Th\u00e9ophile et Patachou\" \/>\n<meta property=\"article:publisher\" content=\"https:\/\/www.facebook.com\/Th%c3%a9ophile-Patachou-197829346970085\/\" \/>\n<meta property=\"article:modified_time\" content=\"2026-04-29T05:31:09+00:00\" \/>\n<meta property=\"og:image\" content=\"https:\/\/shop.theophile-patachou.com\/wp-content\/uploads\/2021\/10\/CAH.CP_-1.jpg\" \/>\n\t<meta property=\"og:image:width\" content=\"2000\" \/>\n\t<meta property=\"og:image:height\" content=\"2000\" \/>\n\t<meta property=\"og:image:type\" content=\"image\/jpeg\" \/>\n<meta name=\"twitter:card\" content=\"summary_large_image\" \/>\n<meta name=\"twitter:site\" content=\"@TPBelgium\" \/>\n<meta name=\"twitter:label1\" content=\"Dur\u00e9e de lecture estim\u00e9e\" \/>\n\t<meta name=\"twitter:data1\" content=\"1 minute\" \/>\n<script type=\"application\/ld+json\" class=\"yoast-schema-graph\">{\"@context\":\"https:\/\/schema.org\",\"@graph\":[{\"@type\":\"WebPage\",\"@id\":\"https:\/\/shop.theophile-patachou.com\/fr\/produit\/pochette-carnet-de-sante-12\/\",\"url\":\"https:\/\/shop.theophile-patachou.com\/fr\/produit\/pochette-carnet-de-sante-12\/\",\"name\":\"Pochette Carnet de Sant\u00e9 Cotton Pink - Th\u00e9ophile et Patachou\",\"isPartOf\":{\"@id\":\"https:\/\/shop.theophile-patachou.com\/fr\/#website\"},\"primaryImageOfPage\":{\"@id\":\"https:\/\/shop.theophile-patachou.com\/fr\/produit\/pochette-carnet-de-sante-12\/#primaryimage\"},\"image\":{\"@id\":\"https:\/\/shop.theophile-patachou.com\/fr\/produit\/pochette-carnet-de-sante-12\/#primaryimage\"},\"thumbnailUrl\":\"https:\/\/shop.theophile-patachou.com\/wp-content\/uploads\/2021\/10\/CAH.CP_-1.jpg\",\"datePublished\":\"2021-09-30T12:42:43+00:00\",\"dateModified\":\"2026-04-29T05:31:09+00:00\",\"description\":\"Emportez le carnet de sant\u00e9 de votre b\u00e9b\u00e9 partout avec vous gr\u00e2ce \u00e0 cette \u00e9l\u00e9gante pochette pour carnet de sant\u00e9 de la collection Cotton Pink.\",\"breadcrumb\":{\"@id\":\"https:\/\/shop.theophile-patachou.com\/fr\/produit\/pochette-carnet-de-sante-12\/#breadcrumb\"},\"inLanguage\":\"fr-FR\",\"potentialAction\":[{\"@type\":\"ReadAction\",\"target\":[\"https:\/\/shop.theophile-patachou.com\/fr\/produit\/pochette-carnet-de-sante-12\/\"]}]},{\"@type\":\"ImageObject\",\"inLanguage\":\"fr-FR\",\"@id\":\"https:\/\/shop.theophile-patachou.com\/fr\/produit\/pochette-carnet-de-sante-12\/#primaryimage\",\"url\":\"https:\/\/shop.theophile-patachou.com\/wp-content\/uploads\/2021\/10\/CAH.CP_-1.jpg\",\"contentUrl\":\"https:\/\/shop.theophile-patachou.com\/wp-content\/uploads\/2021\/10\/CAH.CP_-1.jpg\",\"width\":2000,\"height\":2000},{\"@type\":\"BreadcrumbList\",\"@id\":\"https:\/\/shop.theophile-patachou.com\/fr\/produit\/pochette-carnet-de-sante-12\/#breadcrumb\",\"itemListElement\":[{\"@type\":\"ListItem\",\"position\":1,\"name\":\"Accueil\",\"item\":\"https:\/\/shop.theophile-patachou.com\/fr\/\"},{\"@type\":\"ListItem\",\"position\":2,\"name\":\"Produits\",\"item\":\"https:\/\/shop.theophile-patachou.com\/fr\/shop\/\"},{\"@type\":\"ListItem\",\"position\":3,\"name\":\"Pochette carnet de sant\u00e9\"}]},{\"@type\":\"WebSite\",\"@id\":\"https:\/\/shop.theophile-patachou.com\/fr\/#website\",\"url\":\"https:\/\/shop.theophile-patachou.com\/fr\/\",\"name\":\"Th\u00e9ophile et Patachou\",\"description\":\"Mobilier &amp; accessoires pour b\u00e9b\u00e9\",\"publisher\":{\"@id\":\"https:\/\/shop.theophile-patachou.com\/fr\/#organization\"},\"potentialAction\":[{\"@type\":\"SearchAction\",\"target\":{\"@type\":\"EntryPoint\",\"urlTemplate\":\"https:\/\/shop.theophile-patachou.com\/fr\/?s={search_term_string}\"},\"query-input\":{\"@type\":\"PropertyValueSpecification\",\"valueRequired\":true,\"valueName\":\"search_term_string\"}}],\"inLanguage\":\"fr-FR\"},{\"@type\":\"Organization\",\"@id\":\"https:\/\/shop.theophile-patachou.com\/fr\/#organization\",\"name\":\"Th\u00e9ophile & Patachou\",\"url\":\"https:\/\/shop.theophile-patachou.com\/fr\/\",\"logo\":{\"@type\":\"ImageObject\",\"inLanguage\":\"fr-FR\",\"@id\":\"https:\/\/shop.theophile-patachou.com\/fr\/#\/schema\/logo\/image\/\",\"url\":\"https:\/\/shop.theophile-patachou.com\/wp-content\/uploads\/2014\/12\/site-login-logo.png\",\"contentUrl\":\"https:\/\/shop.theophile-patachou.com\/wp-content\/uploads\/2014\/12\/site-login-logo.png\",\"width\":300,\"height\":150,\"caption\":\"Th\u00e9ophile & Patachou\"},\"image\":{\"@id\":\"https:\/\/shop.theophile-patachou.com\/fr\/#\/schema\/logo\/image\/\"},\"sameAs\":[\"https:\/\/www.facebook.com\/Th\u00e9ophile-Patachou-197829346970085\/\",\"https:\/\/x.com\/TPBelgium\",\"https:\/\/instagram.com\/theophile_patachou\/\",\"https:\/\/www.pinterest.com\/ThPat\/\"]}]}<\/script>\n<!-- \/ Yoast SEO plugin. -->","yoast_head_json":{"title":"Pochette Carnet de Sant\u00e9 Cotton Pink - Th\u00e9ophile et Patachou","description":"Emportez le carnet de sant\u00e9 de votre b\u00e9b\u00e9 partout avec vous gr\u00e2ce \u00e0 cette \u00e9l\u00e9gante pochette pour carnet de sant\u00e9 de la collection Cotton Pink.","robots":{"index":"index","follow":"follow","max-snippet":"max-snippet:-1","max-image-preview":"max-image-preview:large","max-video-preview":"max-video-preview:-1"},"canonical":"https:\/\/shop.theophile-patachou.com\/fr\/produit\/pochette-carnet-de-sante-12\/","og_locale":"fr_FR","og_type":"article","og_title":"Pochette Carnet de Sant\u00e9 Cotton Pink - Th\u00e9ophile et Patachou","og_description":"Emportez le carnet de sant\u00e9 de votre b\u00e9b\u00e9 partout avec vous gr\u00e2ce \u00e0 cette \u00e9l\u00e9gante pochette pour carnet de sant\u00e9 de la collection Cotton Pink.","og_url":"https:\/\/shop.theophile-patachou.com\/fr\/produit\/pochette-carnet-de-sante-12\/","og_site_name":"Th\u00e9ophile et Patachou","article_publisher":"https:\/\/www.facebook.com\/Th%c3%a9ophile-Patachou-197829346970085\/","article_modified_time":"2026-04-29T05:31:09+00:00","og_image":[{"width":2000,"height":2000,"url":"https:\/\/shop.theophile-patachou.com\/wp-content\/uploads\/2021\/10\/CAH.CP_-1.jpg","type":"image\/jpeg"}],"twitter_card":"summary_large_image","twitter_site":"@TPBelgium","twitter_misc":{"Dur\u00e9e de lecture estim\u00e9e":"1 minute"},"schema":{"@context":"https:\/\/schema.org","@graph":[{"@type":"WebPage","@id":"https:\/\/shop.theophile-patachou.com\/fr\/produit\/pochette-carnet-de-sante-12\/","url":"https:\/\/shop.theophile-patachou.com\/fr\/produit\/pochette-carnet-de-sante-12\/","name":"Pochette Carnet de Sant\u00e9 Cotton Pink - Th\u00e9ophile et Patachou","isPartOf":{"@id":"https:\/\/shop.theophile-patachou.com\/fr\/#website"},"primaryImageOfPage":{"@id":"https:\/\/shop.theophile-patachou.com\/fr\/produit\/pochette-carnet-de-sante-12\/#primaryimage"},"image":{"@id":"https:\/\/shop.theophile-patachou.com\/fr\/produit\/pochette-carnet-de-sante-12\/#primaryimage"},"thumbnailUrl":"https:\/\/shop.theophile-patachou.com\/wp-content\/uploads\/2021\/10\/CAH.CP_-1.jpg","datePublished":"2021-09-30T12:42:43+00:00","dateModified":"2026-04-29T05:31:09+00:00","description":"Emportez le carnet de sant\u00e9 de votre b\u00e9b\u00e9 partout avec vous gr\u00e2ce \u00e0 cette \u00e9l\u00e9gante pochette pour carnet de sant\u00e9 de la collection Cotton Pink.","breadcrumb":{"@id":"https:\/\/shop.theophile-patachou.com\/fr\/produit\/pochette-carnet-de-sante-12\/#breadcrumb"},"inLanguage":"fr-FR","potentialAction":[{"@type":"ReadAction","target":["https:\/\/shop.theophile-patachou.com\/fr\/produit\/pochette-carnet-de-sante-12\/"]}]},{"@type":"ImageObject","inLanguage":"fr-FR","@id":"https:\/\/shop.theophile-patachou.com\/fr\/produit\/pochette-carnet-de-sante-12\/#primaryimage","url":"https:\/\/shop.theophile-patachou.com\/wp-content\/uploads\/2021\/10\/CAH.CP_-1.jpg","contentUrl":"https:\/\/shop.theophile-patachou.com\/wp-content\/uploads\/2021\/10\/CAH.CP_-1.jpg","width":2000,"height":2000},{"@type":"BreadcrumbList","@id":"https:\/\/shop.theophile-patachou.com\/fr\/produit\/pochette-carnet-de-sante-12\/#breadcrumb","itemListElement":[{"@type":"ListItem","position":1,"name":"Accueil","item":"https:\/\/shop.theophile-patachou.com\/fr\/"},{"@type":"ListItem","position":2,"name":"Produits","item":"https:\/\/shop.theophile-patachou.com\/fr\/shop\/"},{"@type":"ListItem","position":3,"name":"Pochette carnet de sant\u00e9"}]},{"@type":"WebSite","@id":"https:\/\/shop.theophile-patachou.com\/fr\/#website","url":"https:\/\/shop.theophile-patachou.com\/fr\/","name":"Th\u00e9ophile et Patachou","description":"Mobilier &amp; accessoires pour b\u00e9b\u00e9","publisher":{"@id":"https:\/\/shop.theophile-patachou.com\/fr\/#organization"},"potentialAction":[{"@type":"SearchAction","target":{"@type":"EntryPoint","urlTemplate":"https:\/\/shop.theophile-patachou.com\/fr\/?s={search_term_string}"},"query-input":{"@type":"PropertyValueSpecification","valueRequired":true,"valueName":"search_term_string"}}],"inLanguage":"fr-FR"},{"@type":"Organization","@id":"https:\/\/shop.theophile-patachou.com\/fr\/#organization","name":"Th\u00e9ophile & Patachou","url":"https:\/\/shop.theophile-patachou.com\/fr\/","logo":{"@type":"ImageObject","inLanguage":"fr-FR","@id":"https:\/\/shop.theophile-patachou.com\/fr\/#\/schema\/logo\/image\/","url":"https:\/\/shop.theophile-patachou.com\/wp-content\/uploads\/2014\/12\/site-login-logo.png","contentUrl":"https:\/\/shop.theophile-patachou.com\/wp-content\/uploads\/2014\/12\/site-login-logo.png","width":300,"height":150,"caption":"Th\u00e9ophile & Patachou"},"image":{"@id":"https:\/\/shop.theophile-patachou.com\/fr\/#\/schema\/logo\/image\/"},"sameAs":["https:\/\/www.facebook.com\/Th\u00e9ophile-Patachou-197829346970085\/","https:\/\/x.com\/TPBelgium","https:\/\/instagram.com\/theophile_patachou\/","https:\/\/www.pinterest.com\/ThPat\/"]}]}},"_links":{"self":[{"href":"https:\/\/shop.theophile-patachou.com\/fr\/wp-json\/wp\/v2\/product\/61539","targetHints":{"allow":["GET"]}}],"collection":[{"href":"https:\/\/shop.theophile-patachou.com\/fr\/wp-json\/wp\/v2\/product"}],"about":[{"href":"https:\/\/shop.theophile-patachou.com\/fr\/wp-json\/wp\/v2\/types\/product"}],"wp:featuredmedia":[{"embeddable":true,"href":"https:\/\/shop.theophile-patachou.com\/fr\/wp-json\/wp\/v2\/media\/63071"}],"wp:attachment":[{"href":"https:\/\/shop.theophile-patachou.com\/fr\/wp-json\/wp\/v2\/media?parent=61539"}],"wp:term":[{"taxonomy":"product_brand","embeddable":true,"href":"https:\/\/shop.theophile-patachou.com\/fr\/wp-json\/wp\/v2\/product_brand?post=61539"},{"taxonomy":"product_cat","embeddable":true,"href":"https:\/\/shop.theophile-patachou.com\/fr\/wp-json\/wp\/v2\/product_cat?post=61539"},{"taxonomy":"product_tag","embeddable":true,"href":"https:\/\/shop.theophile-patachou.com\/fr\/wp-json\/wp\/v2\/product_tag?post=61539"}],"curies":[{"name":"wp","href":"https:\/\/api.w.org\/{rel}","templated":true}]}}