{"id":65343,"date":"2022-08-12T15:09:43","date_gmt":"2022-08-12T14:09:43","guid":{"rendered":"https:\/\/shop.theophile-patachou.com\/?post_type=product&#038;p=65343"},"modified":"2026-04-05T17:34:52","modified_gmt":"2026-04-05T16:34:52","slug":"brassiere-et-culotte-botte-20","status":"publish","type":"product","link":"https:\/\/shop.theophile-patachou.com\/fr\/produit\/brassiere-et-culotte-botte-20\/","title":{"rendered":"Brassi\u00e8re et culotte botte"},"content":{"rendered":"<p>Habillez votre enfant en toute \u00e9l\u00e9gance avec cette brassi\u00e8re en jersey gaufr\u00e9 et sa culotte botte. Orn\u00e9e d&rsquo;une d\u00e9licate broderie Th\u00e9ophile &amp; Patachou.<\/p>\n","protected":false},"excerpt":{"rendered":"<p>Brassi\u00e8re brod\u00e9e en jersey gaufr\u00e9 et culotte botte &#8211; Blanc \/ ciel<\/p>\n","protected":false},"featured_media":70772,"template":"","meta":[],"product_brand":[],"product_cat":[97,2932,1540],"product_tag":[686,676,82],"class_list":{"0":"post-65343","1":"product","2":"type-product","3":"status-publish","4":"has-post-thumbnail","6":"product_cat-vetements-layette-fr","7":"product_cat-bebe-garcon-fr","8":"product_cat-layette-casual-fr","9":"product_tag-combi","10":"product_tag-hiver","11":"product_tag-layette","13":"first","14":"instock","15":"taxable","16":"shipping-taxable","17":"purchasable","18":"product-type-variable"},"yoast_head":"<!-- This site is optimized with the Yoast SEO plugin v26.9 - https:\/\/yoast.com\/product\/yoast-seo-wordpress\/ -->\n<title>Brassi\u00e8re Gaufr\u00e9 et Culotte Botte - Th\u00e9ophile et Patachou<\/title>\n<meta name=\"description\" content=\"Habillez votre enfant en toute \u00e9l\u00e9gance avec cette brassi\u00e8re en jersey gaufr\u00e9 et sa culotte botte. Orn\u00e9e d&#039;une broderie Th\u00e9ophile &amp; Patachou.\" \/>\n<meta name=\"robots\" content=\"index, follow, max-snippet:-1, max-image-preview:large, max-video-preview:-1\" \/>\n<link rel=\"canonical\" href=\"https:\/\/shop.theophile-patachou.com\/fr\/produit\/brassiere-et-culotte-botte-20\/\" \/>\n<meta property=\"og:locale\" content=\"fr_FR\" \/>\n<meta property=\"og:type\" content=\"article\" \/>\n<meta property=\"og:title\" content=\"Brassi\u00e8re Gaufr\u00e9 et Culotte Botte - Th\u00e9ophile et Patachou\" \/>\n<meta property=\"og:description\" content=\"Habillez votre enfant en toute \u00e9l\u00e9gance avec cette brassi\u00e8re en jersey gaufr\u00e9 et sa culotte botte. Orn\u00e9e d&#039;une broderie Th\u00e9ophile &amp; Patachou.\" \/>\n<meta property=\"og:url\" content=\"https:\/\/shop.theophile-patachou.com\/fr\/produit\/brassiere-et-culotte-botte-20\/\" \/>\n<meta property=\"og:site_name\" content=\"Th\u00e9ophile et Patachou\" \/>\n<meta property=\"article:publisher\" content=\"https:\/\/www.facebook.com\/Th%c3%a9ophile-Patachou-197829346970085\/\" \/>\n<meta property=\"article:modified_time\" content=\"2026-04-05T16:34:52+00:00\" \/>\n<meta property=\"og:image\" content=\"https:\/\/shop.theophile-patachou.com\/wp-content\/uploads\/2023\/08\/B.110CI.jpg\" \/>\n\t<meta property=\"og:image:width\" content=\"1200\" \/>\n\t<meta property=\"og:image:height\" content=\"1200\" \/>\n\t<meta property=\"og:image:type\" content=\"image\/jpeg\" \/>\n<meta name=\"twitter:card\" content=\"summary_large_image\" \/>\n<meta name=\"twitter:site\" content=\"@TPBelgium\" \/>\n<meta name=\"twitter:label1\" content=\"Dur\u00e9e de lecture estim\u00e9e\" \/>\n\t<meta name=\"twitter:data1\" content=\"1 minute\" \/>\n<script type=\"application\/ld+json\" class=\"yoast-schema-graph\">{\"@context\":\"https:\/\/schema.org\",\"@graph\":[{\"@type\":\"WebPage\",\"@id\":\"https:\/\/shop.theophile-patachou.com\/fr\/produit\/brassiere-et-culotte-botte-20\/\",\"url\":\"https:\/\/shop.theophile-patachou.com\/fr\/produit\/brassiere-et-culotte-botte-20\/\",\"name\":\"Brassi\u00e8re Gaufr\u00e9 et Culotte Botte - Th\u00e9ophile et Patachou\",\"isPartOf\":{\"@id\":\"https:\/\/shop.theophile-patachou.com\/fr\/#website\"},\"primaryImageOfPage\":{\"@id\":\"https:\/\/shop.theophile-patachou.com\/fr\/produit\/brassiere-et-culotte-botte-20\/#primaryimage\"},\"image\":{\"@id\":\"https:\/\/shop.theophile-patachou.com\/fr\/produit\/brassiere-et-culotte-botte-20\/#primaryimage\"},\"thumbnailUrl\":\"https:\/\/shop.theophile-patachou.com\/wp-content\/uploads\/2023\/08\/B.110CI.jpg\",\"datePublished\":\"2022-08-12T14:09:43+00:00\",\"dateModified\":\"2026-04-05T16:34:52+00:00\",\"description\":\"Habillez votre enfant en toute \u00e9l\u00e9gance avec cette brassi\u00e8re en jersey gaufr\u00e9 et sa culotte botte. Orn\u00e9e d'une broderie Th\u00e9ophile & Patachou.\",\"breadcrumb\":{\"@id\":\"https:\/\/shop.theophile-patachou.com\/fr\/produit\/brassiere-et-culotte-botte-20\/#breadcrumb\"},\"inLanguage\":\"fr-FR\",\"potentialAction\":[{\"@type\":\"ReadAction\",\"target\":[\"https:\/\/shop.theophile-patachou.com\/fr\/produit\/brassiere-et-culotte-botte-20\/\"]}]},{\"@type\":\"ImageObject\",\"inLanguage\":\"fr-FR\",\"@id\":\"https:\/\/shop.theophile-patachou.com\/fr\/produit\/brassiere-et-culotte-botte-20\/#primaryimage\",\"url\":\"https:\/\/shop.theophile-patachou.com\/wp-content\/uploads\/2023\/08\/B.110CI.jpg\",\"contentUrl\":\"https:\/\/shop.theophile-patachou.com\/wp-content\/uploads\/2023\/08\/B.110CI.jpg\",\"width\":1200,\"height\":1200},{\"@type\":\"BreadcrumbList\",\"@id\":\"https:\/\/shop.theophile-patachou.com\/fr\/produit\/brassiere-et-culotte-botte-20\/#breadcrumb\",\"itemListElement\":[{\"@type\":\"ListItem\",\"position\":1,\"name\":\"Accueil\",\"item\":\"https:\/\/shop.theophile-patachou.com\/fr\/\"},{\"@type\":\"ListItem\",\"position\":2,\"name\":\"Produits\",\"item\":\"https:\/\/shop.theophile-patachou.com\/fr\/shop\/\"},{\"@type\":\"ListItem\",\"position\":3,\"name\":\"Brassi\u00e8re et culotte botte\"}]},{\"@type\":\"WebSite\",\"@id\":\"https:\/\/shop.theophile-patachou.com\/fr\/#website\",\"url\":\"https:\/\/shop.theophile-patachou.com\/fr\/\",\"name\":\"Th\u00e9ophile et Patachou\",\"description\":\"Mobilier &amp; accessoires pour b\u00e9b\u00e9\",\"publisher\":{\"@id\":\"https:\/\/shop.theophile-patachou.com\/fr\/#organization\"},\"potentialAction\":[{\"@type\":\"SearchAction\",\"target\":{\"@type\":\"EntryPoint\",\"urlTemplate\":\"https:\/\/shop.theophile-patachou.com\/fr\/?s={search_term_string}\"},\"query-input\":{\"@type\":\"PropertyValueSpecification\",\"valueRequired\":true,\"valueName\":\"search_term_string\"}}],\"inLanguage\":\"fr-FR\"},{\"@type\":\"Organization\",\"@id\":\"https:\/\/shop.theophile-patachou.com\/fr\/#organization\",\"name\":\"Th\u00e9ophile & Patachou\",\"url\":\"https:\/\/shop.theophile-patachou.com\/fr\/\",\"logo\":{\"@type\":\"ImageObject\",\"inLanguage\":\"fr-FR\",\"@id\":\"https:\/\/shop.theophile-patachou.com\/fr\/#\/schema\/logo\/image\/\",\"url\":\"https:\/\/shop.theophile-patachou.com\/wp-content\/uploads\/2014\/12\/site-login-logo.png\",\"contentUrl\":\"https:\/\/shop.theophile-patachou.com\/wp-content\/uploads\/2014\/12\/site-login-logo.png\",\"width\":300,\"height\":150,\"caption\":\"Th\u00e9ophile & Patachou\"},\"image\":{\"@id\":\"https:\/\/shop.theophile-patachou.com\/fr\/#\/schema\/logo\/image\/\"},\"sameAs\":[\"https:\/\/www.facebook.com\/Th\u00e9ophile-Patachou-197829346970085\/\",\"https:\/\/x.com\/TPBelgium\",\"https:\/\/instagram.com\/theophile_patachou\/\",\"https:\/\/www.pinterest.com\/ThPat\/\"]}]}<\/script>\n<!-- \/ Yoast SEO plugin. -->","yoast_head_json":{"title":"Brassi\u00e8re Gaufr\u00e9 et Culotte Botte - Th\u00e9ophile et Patachou","description":"Habillez votre enfant en toute \u00e9l\u00e9gance avec cette brassi\u00e8re en jersey gaufr\u00e9 et sa culotte botte. Orn\u00e9e d'une broderie Th\u00e9ophile & Patachou.","robots":{"index":"index","follow":"follow","max-snippet":"max-snippet:-1","max-image-preview":"max-image-preview:large","max-video-preview":"max-video-preview:-1"},"canonical":"https:\/\/shop.theophile-patachou.com\/fr\/produit\/brassiere-et-culotte-botte-20\/","og_locale":"fr_FR","og_type":"article","og_title":"Brassi\u00e8re Gaufr\u00e9 et Culotte Botte - Th\u00e9ophile et Patachou","og_description":"Habillez votre enfant en toute \u00e9l\u00e9gance avec cette brassi\u00e8re en jersey gaufr\u00e9 et sa culotte botte. Orn\u00e9e d'une broderie Th\u00e9ophile & Patachou.","og_url":"https:\/\/shop.theophile-patachou.com\/fr\/produit\/brassiere-et-culotte-botte-20\/","og_site_name":"Th\u00e9ophile et Patachou","article_publisher":"https:\/\/www.facebook.com\/Th%c3%a9ophile-Patachou-197829346970085\/","article_modified_time":"2026-04-05T16:34:52+00:00","og_image":[{"width":1200,"height":1200,"url":"https:\/\/shop.theophile-patachou.com\/wp-content\/uploads\/2023\/08\/B.110CI.jpg","type":"image\/jpeg"}],"twitter_card":"summary_large_image","twitter_site":"@TPBelgium","twitter_misc":{"Dur\u00e9e de lecture estim\u00e9e":"1 minute"},"schema":{"@context":"https:\/\/schema.org","@graph":[{"@type":"WebPage","@id":"https:\/\/shop.theophile-patachou.com\/fr\/produit\/brassiere-et-culotte-botte-20\/","url":"https:\/\/shop.theophile-patachou.com\/fr\/produit\/brassiere-et-culotte-botte-20\/","name":"Brassi\u00e8re Gaufr\u00e9 et Culotte Botte - Th\u00e9ophile et Patachou","isPartOf":{"@id":"https:\/\/shop.theophile-patachou.com\/fr\/#website"},"primaryImageOfPage":{"@id":"https:\/\/shop.theophile-patachou.com\/fr\/produit\/brassiere-et-culotte-botte-20\/#primaryimage"},"image":{"@id":"https:\/\/shop.theophile-patachou.com\/fr\/produit\/brassiere-et-culotte-botte-20\/#primaryimage"},"thumbnailUrl":"https:\/\/shop.theophile-patachou.com\/wp-content\/uploads\/2023\/08\/B.110CI.jpg","datePublished":"2022-08-12T14:09:43+00:00","dateModified":"2026-04-05T16:34:52+00:00","description":"Habillez votre enfant en toute \u00e9l\u00e9gance avec cette brassi\u00e8re en jersey gaufr\u00e9 et sa culotte botte. Orn\u00e9e d'une broderie Th\u00e9ophile & Patachou.","breadcrumb":{"@id":"https:\/\/shop.theophile-patachou.com\/fr\/produit\/brassiere-et-culotte-botte-20\/#breadcrumb"},"inLanguage":"fr-FR","potentialAction":[{"@type":"ReadAction","target":["https:\/\/shop.theophile-patachou.com\/fr\/produit\/brassiere-et-culotte-botte-20\/"]}]},{"@type":"ImageObject","inLanguage":"fr-FR","@id":"https:\/\/shop.theophile-patachou.com\/fr\/produit\/brassiere-et-culotte-botte-20\/#primaryimage","url":"https:\/\/shop.theophile-patachou.com\/wp-content\/uploads\/2023\/08\/B.110CI.jpg","contentUrl":"https:\/\/shop.theophile-patachou.com\/wp-content\/uploads\/2023\/08\/B.110CI.jpg","width":1200,"height":1200},{"@type":"BreadcrumbList","@id":"https:\/\/shop.theophile-patachou.com\/fr\/produit\/brassiere-et-culotte-botte-20\/#breadcrumb","itemListElement":[{"@type":"ListItem","position":1,"name":"Accueil","item":"https:\/\/shop.theophile-patachou.com\/fr\/"},{"@type":"ListItem","position":2,"name":"Produits","item":"https:\/\/shop.theophile-patachou.com\/fr\/shop\/"},{"@type":"ListItem","position":3,"name":"Brassi\u00e8re et culotte botte"}]},{"@type":"WebSite","@id":"https:\/\/shop.theophile-patachou.com\/fr\/#website","url":"https:\/\/shop.theophile-patachou.com\/fr\/","name":"Th\u00e9ophile et Patachou","description":"Mobilier &amp; accessoires pour b\u00e9b\u00e9","publisher":{"@id":"https:\/\/shop.theophile-patachou.com\/fr\/#organization"},"potentialAction":[{"@type":"SearchAction","target":{"@type":"EntryPoint","urlTemplate":"https:\/\/shop.theophile-patachou.com\/fr\/?s={search_term_string}"},"query-input":{"@type":"PropertyValueSpecification","valueRequired":true,"valueName":"search_term_string"}}],"inLanguage":"fr-FR"},{"@type":"Organization","@id":"https:\/\/shop.theophile-patachou.com\/fr\/#organization","name":"Th\u00e9ophile & Patachou","url":"https:\/\/shop.theophile-patachou.com\/fr\/","logo":{"@type":"ImageObject","inLanguage":"fr-FR","@id":"https:\/\/shop.theophile-patachou.com\/fr\/#\/schema\/logo\/image\/","url":"https:\/\/shop.theophile-patachou.com\/wp-content\/uploads\/2014\/12\/site-login-logo.png","contentUrl":"https:\/\/shop.theophile-patachou.com\/wp-content\/uploads\/2014\/12\/site-login-logo.png","width":300,"height":150,"caption":"Th\u00e9ophile & Patachou"},"image":{"@id":"https:\/\/shop.theophile-patachou.com\/fr\/#\/schema\/logo\/image\/"},"sameAs":["https:\/\/www.facebook.com\/Th\u00e9ophile-Patachou-197829346970085\/","https:\/\/x.com\/TPBelgium","https:\/\/instagram.com\/theophile_patachou\/","https:\/\/www.pinterest.com\/ThPat\/"]}]}},"_links":{"self":[{"href":"https:\/\/shop.theophile-patachou.com\/fr\/wp-json\/wp\/v2\/product\/65343","targetHints":{"allow":["GET"]}}],"collection":[{"href":"https:\/\/shop.theophile-patachou.com\/fr\/wp-json\/wp\/v2\/product"}],"about":[{"href":"https:\/\/shop.theophile-patachou.com\/fr\/wp-json\/wp\/v2\/types\/product"}],"wp:featuredmedia":[{"embeddable":true,"href":"https:\/\/shop.theophile-patachou.com\/fr\/wp-json\/wp\/v2\/media\/70772"}],"wp:attachment":[{"href":"https:\/\/shop.theophile-patachou.com\/fr\/wp-json\/wp\/v2\/media?parent=65343"}],"wp:term":[{"taxonomy":"product_brand","embeddable":true,"href":"https:\/\/shop.theophile-patachou.com\/fr\/wp-json\/wp\/v2\/product_brand?post=65343"},{"taxonomy":"product_cat","embeddable":true,"href":"https:\/\/shop.theophile-patachou.com\/fr\/wp-json\/wp\/v2\/product_cat?post=65343"},{"taxonomy":"product_tag","embeddable":true,"href":"https:\/\/shop.theophile-patachou.com\/fr\/wp-json\/wp\/v2\/product_tag?post=65343"}],"curies":[{"name":"wp","href":"https:\/\/api.w.org\/{rel}","templated":true}]}}