{"id":69184,"date":"2023-05-18T11:03:19","date_gmt":"2023-05-18T10:03:19","guid":{"rendered":"https:\/\/shop.theophile-patachou.com\/?post_type=product&#038;p=69184"},"modified":"2026-04-15T05:30:47","modified_gmt":"2026-04-15T04:30:47","slug":"sac-a-jouets-bebe-bebe-classic-car","status":"publish","type":"product","link":"https:\/\/shop.theophile-patachou.com\/fr\/produit\/sac-a-jouets-bebe-bebe-classic-car\/","title":{"rendered":"Sac \u00e0 jouets Classic Car"},"content":{"rendered":"<p>Sac \u00e0 jouets Classic Car. Rangez les jouets de la chambre de b\u00e9b\u00e9 avec \u00e9l\u00e9gance.<\/p>\n<p>Taille : 70 cm &#8211; 34cm de diam\u00e8tre<br \/>\nCouleur : ciel<\/p>\n","protected":false},"excerpt":{"rendered":"<h2>Sac \u00e0 jouets \u00a0&#8211; personnalis\u00e9<\/h2>\n<p>Composez la chambre de b\u00e9b\u00e9 de vos r\u00eaves avec <strong>le nouveau sac \u00e0 jouets<\/strong>\u00a0 Th\u00e9ophile &amp; Patachou!<\/p>\n<p>Collection Classic Car<br \/>\nTaille : hauteur 70cm &#8211; 34 cm de diam\u00e8tre<\/p>\n<p>&nbsp;<\/p>\n","protected":false},"featured_media":68355,"template":"","meta":[],"product_brand":[],"product_cat":[177,1561,165],"product_tag":[171,1415,650],"class_list":{"0":"post-69184","1":"product","2":"type-product","3":"status-publish","4":"has-post-thumbnail","6":"product_cat-collections-fr","7":"product_cat-classic-car","8":"product_cat-decoration-fr","9":"product_tag-blanc","10":"product_tag-cotton-white-2","11":"product_tag-decoration","13":"first","14":"instock","15":"taxable","16":"shipping-taxable","17":"purchasable","18":"product-type-simple"},"yoast_head":"<!-- This site is optimized with the Yoast SEO plugin v26.9 - https:\/\/yoast.com\/product\/yoast-seo-wordpress\/ -->\n<title>Sac \u00e0 jouets D\u00e9co Classic Car - Th\u00e9ophile et Patachou<\/title>\n<meta name=\"description\" content=\"D\u00e9corez la chambre de b\u00e9b\u00e9 avec le sac \u00e0 jouets Th\u00e9ophile &amp; Patachou, collection Classic Car.\" \/>\n<meta name=\"robots\" content=\"index, follow, max-snippet:-1, max-image-preview:large, max-video-preview:-1\" \/>\n<link rel=\"canonical\" href=\"https:\/\/shop.theophile-patachou.com\/fr\/produit\/sac-a-jouets-bebe-bebe-classic-car\/\" \/>\n<meta property=\"og:locale\" content=\"fr_FR\" \/>\n<meta property=\"og:type\" content=\"article\" \/>\n<meta property=\"og:title\" content=\"Sac \u00e0 jouets D\u00e9co Classic Car - Th\u00e9ophile et Patachou\" \/>\n<meta property=\"og:description\" content=\"D\u00e9corez la chambre de b\u00e9b\u00e9 avec le sac \u00e0 jouets Th\u00e9ophile &amp; Patachou, collection Classic Car.\" \/>\n<meta property=\"og:url\" content=\"https:\/\/shop.theophile-patachou.com\/fr\/produit\/sac-a-jouets-bebe-bebe-classic-car\/\" \/>\n<meta property=\"og:site_name\" content=\"Th\u00e9ophile et Patachou\" \/>\n<meta property=\"article:publisher\" content=\"https:\/\/www.facebook.com\/Th%c3%a9ophile-Patachou-197829346970085\/\" \/>\n<meta property=\"article:modified_time\" content=\"2026-04-15T04:30:47+00:00\" \/>\n<meta property=\"og:image\" content=\"https:\/\/shop.theophile-patachou.com\/wp-content\/uploads\/2023\/03\/TOYCC-1.jpg\" \/>\n\t<meta property=\"og:image:width\" content=\"1200\" \/>\n\t<meta property=\"og:image:height\" content=\"1200\" \/>\n\t<meta property=\"og:image:type\" content=\"image\/jpeg\" \/>\n<meta name=\"twitter:card\" content=\"summary_large_image\" \/>\n<meta name=\"twitter:site\" content=\"@TPBelgium\" \/>\n<meta name=\"twitter:label1\" content=\"Dur\u00e9e de lecture estim\u00e9e\" \/>\n\t<meta name=\"twitter:data1\" content=\"1 minute\" \/>\n<script type=\"application\/ld+json\" class=\"yoast-schema-graph\">{\"@context\":\"https:\/\/schema.org\",\"@graph\":[{\"@type\":\"WebPage\",\"@id\":\"https:\/\/shop.theophile-patachou.com\/fr\/produit\/sac-a-jouets-bebe-bebe-classic-car\/\",\"url\":\"https:\/\/shop.theophile-patachou.com\/fr\/produit\/sac-a-jouets-bebe-bebe-classic-car\/\",\"name\":\"Sac \u00e0 jouets D\u00e9co Classic Car - Th\u00e9ophile et Patachou\",\"isPartOf\":{\"@id\":\"https:\/\/shop.theophile-patachou.com\/fr\/#website\"},\"primaryImageOfPage\":{\"@id\":\"https:\/\/shop.theophile-patachou.com\/fr\/produit\/sac-a-jouets-bebe-bebe-classic-car\/#primaryimage\"},\"image\":{\"@id\":\"https:\/\/shop.theophile-patachou.com\/fr\/produit\/sac-a-jouets-bebe-bebe-classic-car\/#primaryimage\"},\"thumbnailUrl\":\"https:\/\/shop.theophile-patachou.com\/wp-content\/uploads\/2023\/03\/TOYCC-1.jpg\",\"datePublished\":\"2023-05-18T10:03:19+00:00\",\"dateModified\":\"2026-04-15T04:30:47+00:00\",\"description\":\"D\u00e9corez la chambre de b\u00e9b\u00e9 avec le sac \u00e0 jouets Th\u00e9ophile & Patachou, collection Classic Car.\",\"breadcrumb\":{\"@id\":\"https:\/\/shop.theophile-patachou.com\/fr\/produit\/sac-a-jouets-bebe-bebe-classic-car\/#breadcrumb\"},\"inLanguage\":\"fr-FR\",\"potentialAction\":[{\"@type\":\"ReadAction\",\"target\":[\"https:\/\/shop.theophile-patachou.com\/fr\/produit\/sac-a-jouets-bebe-bebe-classic-car\/\"]}]},{\"@type\":\"ImageObject\",\"inLanguage\":\"fr-FR\",\"@id\":\"https:\/\/shop.theophile-patachou.com\/fr\/produit\/sac-a-jouets-bebe-bebe-classic-car\/#primaryimage\",\"url\":\"https:\/\/shop.theophile-patachou.com\/wp-content\/uploads\/2023\/03\/TOYCC-1.jpg\",\"contentUrl\":\"https:\/\/shop.theophile-patachou.com\/wp-content\/uploads\/2023\/03\/TOYCC-1.jpg\",\"width\":1200,\"height\":1200},{\"@type\":\"BreadcrumbList\",\"@id\":\"https:\/\/shop.theophile-patachou.com\/fr\/produit\/sac-a-jouets-bebe-bebe-classic-car\/#breadcrumb\",\"itemListElement\":[{\"@type\":\"ListItem\",\"position\":1,\"name\":\"Accueil\",\"item\":\"https:\/\/shop.theophile-patachou.com\/fr\/\"},{\"@type\":\"ListItem\",\"position\":2,\"name\":\"Produits\",\"item\":\"https:\/\/shop.theophile-patachou.com\/fr\/shop\/\"},{\"@type\":\"ListItem\",\"position\":3,\"name\":\"Sac \u00e0 jouets Classic Car\"}]},{\"@type\":\"WebSite\",\"@id\":\"https:\/\/shop.theophile-patachou.com\/fr\/#website\",\"url\":\"https:\/\/shop.theophile-patachou.com\/fr\/\",\"name\":\"Th\u00e9ophile et Patachou\",\"description\":\"Mobilier &amp; accessoires pour b\u00e9b\u00e9\",\"publisher\":{\"@id\":\"https:\/\/shop.theophile-patachou.com\/fr\/#organization\"},\"potentialAction\":[{\"@type\":\"SearchAction\",\"target\":{\"@type\":\"EntryPoint\",\"urlTemplate\":\"https:\/\/shop.theophile-patachou.com\/fr\/?s={search_term_string}\"},\"query-input\":{\"@type\":\"PropertyValueSpecification\",\"valueRequired\":true,\"valueName\":\"search_term_string\"}}],\"inLanguage\":\"fr-FR\"},{\"@type\":\"Organization\",\"@id\":\"https:\/\/shop.theophile-patachou.com\/fr\/#organization\",\"name\":\"Th\u00e9ophile & Patachou\",\"url\":\"https:\/\/shop.theophile-patachou.com\/fr\/\",\"logo\":{\"@type\":\"ImageObject\",\"inLanguage\":\"fr-FR\",\"@id\":\"https:\/\/shop.theophile-patachou.com\/fr\/#\/schema\/logo\/image\/\",\"url\":\"https:\/\/shop.theophile-patachou.com\/wp-content\/uploads\/2014\/12\/site-login-logo.png\",\"contentUrl\":\"https:\/\/shop.theophile-patachou.com\/wp-content\/uploads\/2014\/12\/site-login-logo.png\",\"width\":300,\"height\":150,\"caption\":\"Th\u00e9ophile & Patachou\"},\"image\":{\"@id\":\"https:\/\/shop.theophile-patachou.com\/fr\/#\/schema\/logo\/image\/\"},\"sameAs\":[\"https:\/\/www.facebook.com\/Th\u00e9ophile-Patachou-197829346970085\/\",\"https:\/\/x.com\/TPBelgium\",\"https:\/\/instagram.com\/theophile_patachou\/\",\"https:\/\/www.pinterest.com\/ThPat\/\"]}]}<\/script>\n<!-- \/ Yoast SEO plugin. -->","yoast_head_json":{"title":"Sac \u00e0 jouets D\u00e9co Classic Car - Th\u00e9ophile et Patachou","description":"D\u00e9corez la chambre de b\u00e9b\u00e9 avec le sac \u00e0 jouets Th\u00e9ophile & Patachou, collection Classic Car.","robots":{"index":"index","follow":"follow","max-snippet":"max-snippet:-1","max-image-preview":"max-image-preview:large","max-video-preview":"max-video-preview:-1"},"canonical":"https:\/\/shop.theophile-patachou.com\/fr\/produit\/sac-a-jouets-bebe-bebe-classic-car\/","og_locale":"fr_FR","og_type":"article","og_title":"Sac \u00e0 jouets D\u00e9co Classic Car - Th\u00e9ophile et Patachou","og_description":"D\u00e9corez la chambre de b\u00e9b\u00e9 avec le sac \u00e0 jouets Th\u00e9ophile & Patachou, collection Classic Car.","og_url":"https:\/\/shop.theophile-patachou.com\/fr\/produit\/sac-a-jouets-bebe-bebe-classic-car\/","og_site_name":"Th\u00e9ophile et Patachou","article_publisher":"https:\/\/www.facebook.com\/Th%c3%a9ophile-Patachou-197829346970085\/","article_modified_time":"2026-04-15T04:30:47+00:00","og_image":[{"width":1200,"height":1200,"url":"https:\/\/shop.theophile-patachou.com\/wp-content\/uploads\/2023\/03\/TOYCC-1.jpg","type":"image\/jpeg"}],"twitter_card":"summary_large_image","twitter_site":"@TPBelgium","twitter_misc":{"Dur\u00e9e de lecture estim\u00e9e":"1 minute"},"schema":{"@context":"https:\/\/schema.org","@graph":[{"@type":"WebPage","@id":"https:\/\/shop.theophile-patachou.com\/fr\/produit\/sac-a-jouets-bebe-bebe-classic-car\/","url":"https:\/\/shop.theophile-patachou.com\/fr\/produit\/sac-a-jouets-bebe-bebe-classic-car\/","name":"Sac \u00e0 jouets D\u00e9co Classic Car - Th\u00e9ophile et Patachou","isPartOf":{"@id":"https:\/\/shop.theophile-patachou.com\/fr\/#website"},"primaryImageOfPage":{"@id":"https:\/\/shop.theophile-patachou.com\/fr\/produit\/sac-a-jouets-bebe-bebe-classic-car\/#primaryimage"},"image":{"@id":"https:\/\/shop.theophile-patachou.com\/fr\/produit\/sac-a-jouets-bebe-bebe-classic-car\/#primaryimage"},"thumbnailUrl":"https:\/\/shop.theophile-patachou.com\/wp-content\/uploads\/2023\/03\/TOYCC-1.jpg","datePublished":"2023-05-18T10:03:19+00:00","dateModified":"2026-04-15T04:30:47+00:00","description":"D\u00e9corez la chambre de b\u00e9b\u00e9 avec le sac \u00e0 jouets Th\u00e9ophile & Patachou, collection Classic Car.","breadcrumb":{"@id":"https:\/\/shop.theophile-patachou.com\/fr\/produit\/sac-a-jouets-bebe-bebe-classic-car\/#breadcrumb"},"inLanguage":"fr-FR","potentialAction":[{"@type":"ReadAction","target":["https:\/\/shop.theophile-patachou.com\/fr\/produit\/sac-a-jouets-bebe-bebe-classic-car\/"]}]},{"@type":"ImageObject","inLanguage":"fr-FR","@id":"https:\/\/shop.theophile-patachou.com\/fr\/produit\/sac-a-jouets-bebe-bebe-classic-car\/#primaryimage","url":"https:\/\/shop.theophile-patachou.com\/wp-content\/uploads\/2023\/03\/TOYCC-1.jpg","contentUrl":"https:\/\/shop.theophile-patachou.com\/wp-content\/uploads\/2023\/03\/TOYCC-1.jpg","width":1200,"height":1200},{"@type":"BreadcrumbList","@id":"https:\/\/shop.theophile-patachou.com\/fr\/produit\/sac-a-jouets-bebe-bebe-classic-car\/#breadcrumb","itemListElement":[{"@type":"ListItem","position":1,"name":"Accueil","item":"https:\/\/shop.theophile-patachou.com\/fr\/"},{"@type":"ListItem","position":2,"name":"Produits","item":"https:\/\/shop.theophile-patachou.com\/fr\/shop\/"},{"@type":"ListItem","position":3,"name":"Sac \u00e0 jouets Classic Car"}]},{"@type":"WebSite","@id":"https:\/\/shop.theophile-patachou.com\/fr\/#website","url":"https:\/\/shop.theophile-patachou.com\/fr\/","name":"Th\u00e9ophile et Patachou","description":"Mobilier &amp; accessoires pour b\u00e9b\u00e9","publisher":{"@id":"https:\/\/shop.theophile-patachou.com\/fr\/#organization"},"potentialAction":[{"@type":"SearchAction","target":{"@type":"EntryPoint","urlTemplate":"https:\/\/shop.theophile-patachou.com\/fr\/?s={search_term_string}"},"query-input":{"@type":"PropertyValueSpecification","valueRequired":true,"valueName":"search_term_string"}}],"inLanguage":"fr-FR"},{"@type":"Organization","@id":"https:\/\/shop.theophile-patachou.com\/fr\/#organization","name":"Th\u00e9ophile & Patachou","url":"https:\/\/shop.theophile-patachou.com\/fr\/","logo":{"@type":"ImageObject","inLanguage":"fr-FR","@id":"https:\/\/shop.theophile-patachou.com\/fr\/#\/schema\/logo\/image\/","url":"https:\/\/shop.theophile-patachou.com\/wp-content\/uploads\/2014\/12\/site-login-logo.png","contentUrl":"https:\/\/shop.theophile-patachou.com\/wp-content\/uploads\/2014\/12\/site-login-logo.png","width":300,"height":150,"caption":"Th\u00e9ophile & Patachou"},"image":{"@id":"https:\/\/shop.theophile-patachou.com\/fr\/#\/schema\/logo\/image\/"},"sameAs":["https:\/\/www.facebook.com\/Th\u00e9ophile-Patachou-197829346970085\/","https:\/\/x.com\/TPBelgium","https:\/\/instagram.com\/theophile_patachou\/","https:\/\/www.pinterest.com\/ThPat\/"]}]}},"_links":{"self":[{"href":"https:\/\/shop.theophile-patachou.com\/fr\/wp-json\/wp\/v2\/product\/69184","targetHints":{"allow":["GET"]}}],"collection":[{"href":"https:\/\/shop.theophile-patachou.com\/fr\/wp-json\/wp\/v2\/product"}],"about":[{"href":"https:\/\/shop.theophile-patachou.com\/fr\/wp-json\/wp\/v2\/types\/product"}],"wp:featuredmedia":[{"embeddable":true,"href":"https:\/\/shop.theophile-patachou.com\/fr\/wp-json\/wp\/v2\/media\/68355"}],"wp:attachment":[{"href":"https:\/\/shop.theophile-patachou.com\/fr\/wp-json\/wp\/v2\/media?parent=69184"}],"wp:term":[{"taxonomy":"product_brand","embeddable":true,"href":"https:\/\/shop.theophile-patachou.com\/fr\/wp-json\/wp\/v2\/product_brand?post=69184"},{"taxonomy":"product_cat","embeddable":true,"href":"https:\/\/shop.theophile-patachou.com\/fr\/wp-json\/wp\/v2\/product_cat?post=69184"},{"taxonomy":"product_tag","embeddable":true,"href":"https:\/\/shop.theophile-patachou.com\/fr\/wp-json\/wp\/v2\/product_tag?post=69184"}],"curies":[{"name":"wp","href":"https:\/\/api.w.org\/{rel}","templated":true}]}}