{"id":69310,"date":"2023-05-19T15:02:51","date_gmt":"2023-05-19T14:02:51","guid":{"rendered":"https:\/\/shop.theophile-patachou.com\/?post_type=product&#038;p=69310"},"modified":"2026-04-19T18:30:43","modified_gmt":"2026-04-19T17:30:43","slug":"couffin-osier-et-habillage-flowers","status":"publish","type":"product","link":"https:\/\/shop.theophile-patachou.com\/fr\/produit\/couffin-osier-et-habillage-flowers\/","title":{"rendered":"Couffin osier et Habillage Flowers"},"content":{"rendered":"<p>Couffin pour b\u00e9b\u00e9 en osier et habillage Flowers, de couleur blanc et rose, avec matelas.<\/p>\n<p>Rassurant et r\u00e9confortant, le couffin T&amp;P Flowers est un vrai petit cocon de douceur pour b\u00e9b\u00e9. Sa mobilit\u00e9 permet aux parents de transporter l&rsquo;enfant avec facilit\u00e9, sans perturber son sommeil.<br \/>\nId\u00e9al comme lit d&rsquo;appoint durant les premiers mois. Ce couffin en osier apportera une touche de modernit\u00e9 \u00e0 votre int\u00e9rieur et gardera b\u00e9b\u00e9 en s\u00e9curit\u00e9.<\/p>\n<p>Fourni avec le matelas et l&rsquo;habillage Flowers. Le Nid d&rsquo;ange et le drap housse pour matelas sont vendus s\u00e9par\u00e9ment.<br \/>\nPeut se poser sur un <a href=\"https:\/\/shop.theophile-patachou.com\/fr\/?post_type=product&#038;p=37635\">support parfaitement adapt\u00e9<\/a> (vendu s\u00e9par\u00e9ment).<br \/>\nA utiliser d\u00e8s la naissance et jusqu&rsquo;\u00e0 6 mois.<\/p>\n<p>Les dimensions du couffin sont : 30 x 75 x 25 cm<\/p>\n<p>Th\u00e9ophile &amp; Patachou est une marque belge qui fournit des produits haut de gamme, de qualit\u00e9.<\/p>\n<div id=\"ConnectiveDocSignExtentionInstalled\" data-extension-version=\"1.0.4\"><\/div>\n","protected":false},"excerpt":{"rendered":"<h2>Couffin osier et Habillage Flowers<\/h2>\n<p>Rassurant et r\u00e9confortant, le couffin T&amp;P en tressage est <strong>un vrai petit cocon de douceur pour b\u00e9b\u00e9<\/strong>.<\/p>\n<p>Sa mobilit\u00e9 permet aux parents de <strong>transporter l&rsquo;enfant avec facilit\u00e9,<\/strong> sans que b\u00e9b\u00e9 soit perturb\u00e9 dans son sommeil. Il peut \u00eatre utilis\u00e9 durant les premiers mois comme lit d&rsquo;appoint.<\/p>\n<p>Il est fourni avec le <strong>matelas<\/strong> et l\u2019habillage rose et blanc Flowers.<br \/>\nIl peut se poser sur un\u00a0support parfaitement adapt\u00e9\u00a0(vendu s\u00e9par\u00e9ment).<br \/>\nD\u00e8s la naissance et jusqu&rsquo;\u00e0 6 mois<\/p>\n<p>Dimension : 30 x 75 x 25 cm<\/p>\n<p>Le Nid d\u2019ange et le drap housse pour matelas sont vendus s\u00e9par\u00e9ment.<\/p>\n","protected":false},"featured_media":67956,"template":"","meta":[],"product_brand":[],"product_cat":[1565,163,165],"product_tag":[1395,1572,476],"class_list":{"0":"post-69310","1":"product","2":"type-product","3":"status-publish","4":"has-post-thumbnail","6":"product_cat-flowers-fr","7":"product_cat-produits-fr","8":"product_cat-decoration-fr","9":"product_tag-couffin","10":"product_tag-flowers","11":"product_tag-linge-de-lit","13":"first","14":"instock","15":"sale","16":"taxable","17":"shipping-taxable","18":"purchasable","19":"product-type-simple"},"yoast_head":"<!-- This site is optimized with the Yoast SEO plugin v26.9 - https:\/\/yoast.com\/product\/yoast-seo-wordpress\/ -->\n<title>Couffin osier et habillage Flowers - Th\u00e9ophile et Patachou<\/title>\n<meta name=\"description\" content=\"Offrez un cocon de douceur \u00e0 votre b\u00e9b\u00e9 avec le couffin en osier et habillage Flowers. Du rose, du blanc et beaucoup de douceur.\" \/>\n<meta name=\"robots\" content=\"index, follow, max-snippet:-1, max-image-preview:large, max-video-preview:-1\" \/>\n<link rel=\"canonical\" href=\"https:\/\/shop.theophile-patachou.com\/fr\/produit\/couffin-osier-et-habillage-flowers\/\" \/>\n<meta property=\"og:locale\" content=\"fr_FR\" \/>\n<meta property=\"og:type\" content=\"article\" \/>\n<meta property=\"og:title\" content=\"Couffin osier et habillage Flowers - Th\u00e9ophile et Patachou\" \/>\n<meta property=\"og:description\" content=\"Offrez un cocon de douceur \u00e0 votre b\u00e9b\u00e9 avec le couffin en osier et habillage Flowers. Du rose, du blanc et beaucoup de douceur.\" \/>\n<meta property=\"og:url\" content=\"https:\/\/shop.theophile-patachou.com\/fr\/produit\/couffin-osier-et-habillage-flowers\/\" \/>\n<meta property=\"og:site_name\" content=\"Th\u00e9ophile et Patachou\" \/>\n<meta property=\"article:publisher\" content=\"https:\/\/www.facebook.com\/Th%c3%a9ophile-Patachou-197829346970085\/\" \/>\n<meta property=\"article:modified_time\" content=\"2026-04-19T17:30:43+00:00\" \/>\n<meta property=\"og:image\" content=\"https:\/\/shop.theophile-patachou.com\/wp-content\/uploads\/2023\/03\/COUFFIN2.F-1.jpg\" \/>\n\t<meta property=\"og:image:width\" content=\"1200\" \/>\n\t<meta property=\"og:image:height\" content=\"1200\" \/>\n\t<meta property=\"og:image:type\" content=\"image\/jpeg\" \/>\n<meta name=\"twitter:card\" content=\"summary_large_image\" \/>\n<meta name=\"twitter:site\" content=\"@TPBelgium\" \/>\n<meta name=\"twitter:label1\" content=\"Dur\u00e9e de lecture estim\u00e9e\" \/>\n\t<meta name=\"twitter:data1\" content=\"1 minute\" \/>\n<script type=\"application\/ld+json\" class=\"yoast-schema-graph\">{\"@context\":\"https:\/\/schema.org\",\"@graph\":[{\"@type\":\"WebPage\",\"@id\":\"https:\/\/shop.theophile-patachou.com\/fr\/produit\/couffin-osier-et-habillage-flowers\/\",\"url\":\"https:\/\/shop.theophile-patachou.com\/fr\/produit\/couffin-osier-et-habillage-flowers\/\",\"name\":\"Couffin osier et habillage Flowers - Th\u00e9ophile et Patachou\",\"isPartOf\":{\"@id\":\"https:\/\/shop.theophile-patachou.com\/fr\/#website\"},\"primaryImageOfPage\":{\"@id\":\"https:\/\/shop.theophile-patachou.com\/fr\/produit\/couffin-osier-et-habillage-flowers\/#primaryimage\"},\"image\":{\"@id\":\"https:\/\/shop.theophile-patachou.com\/fr\/produit\/couffin-osier-et-habillage-flowers\/#primaryimage\"},\"thumbnailUrl\":\"https:\/\/shop.theophile-patachou.com\/wp-content\/uploads\/2023\/03\/COUFFIN2.F-1.jpg\",\"datePublished\":\"2023-05-19T14:02:51+00:00\",\"dateModified\":\"2026-04-19T17:30:43+00:00\",\"description\":\"Offrez un cocon de douceur \u00e0 votre b\u00e9b\u00e9 avec le couffin en osier et habillage Flowers. Du rose, du blanc et beaucoup de douceur.\",\"breadcrumb\":{\"@id\":\"https:\/\/shop.theophile-patachou.com\/fr\/produit\/couffin-osier-et-habillage-flowers\/#breadcrumb\"},\"inLanguage\":\"fr-FR\",\"potentialAction\":[{\"@type\":\"ReadAction\",\"target\":[\"https:\/\/shop.theophile-patachou.com\/fr\/produit\/couffin-osier-et-habillage-flowers\/\"]}]},{\"@type\":\"ImageObject\",\"inLanguage\":\"fr-FR\",\"@id\":\"https:\/\/shop.theophile-patachou.com\/fr\/produit\/couffin-osier-et-habillage-flowers\/#primaryimage\",\"url\":\"https:\/\/shop.theophile-patachou.com\/wp-content\/uploads\/2023\/03\/COUFFIN2.F-1.jpg\",\"contentUrl\":\"https:\/\/shop.theophile-patachou.com\/wp-content\/uploads\/2023\/03\/COUFFIN2.F-1.jpg\",\"width\":1200,\"height\":1200},{\"@type\":\"BreadcrumbList\",\"@id\":\"https:\/\/shop.theophile-patachou.com\/fr\/produit\/couffin-osier-et-habillage-flowers\/#breadcrumb\",\"itemListElement\":[{\"@type\":\"ListItem\",\"position\":1,\"name\":\"Accueil\",\"item\":\"https:\/\/shop.theophile-patachou.com\/fr\/\"},{\"@type\":\"ListItem\",\"position\":2,\"name\":\"Produits\",\"item\":\"https:\/\/shop.theophile-patachou.com\/fr\/shop\/\"},{\"@type\":\"ListItem\",\"position\":3,\"name\":\"Couffin osier et Habillage Flowers\"}]},{\"@type\":\"WebSite\",\"@id\":\"https:\/\/shop.theophile-patachou.com\/fr\/#website\",\"url\":\"https:\/\/shop.theophile-patachou.com\/fr\/\",\"name\":\"Th\u00e9ophile et Patachou\",\"description\":\"Mobilier &amp; accessoires pour b\u00e9b\u00e9\",\"publisher\":{\"@id\":\"https:\/\/shop.theophile-patachou.com\/fr\/#organization\"},\"potentialAction\":[{\"@type\":\"SearchAction\",\"target\":{\"@type\":\"EntryPoint\",\"urlTemplate\":\"https:\/\/shop.theophile-patachou.com\/fr\/?s={search_term_string}\"},\"query-input\":{\"@type\":\"PropertyValueSpecification\",\"valueRequired\":true,\"valueName\":\"search_term_string\"}}],\"inLanguage\":\"fr-FR\"},{\"@type\":\"Organization\",\"@id\":\"https:\/\/shop.theophile-patachou.com\/fr\/#organization\",\"name\":\"Th\u00e9ophile & Patachou\",\"url\":\"https:\/\/shop.theophile-patachou.com\/fr\/\",\"logo\":{\"@type\":\"ImageObject\",\"inLanguage\":\"fr-FR\",\"@id\":\"https:\/\/shop.theophile-patachou.com\/fr\/#\/schema\/logo\/image\/\",\"url\":\"https:\/\/shop.theophile-patachou.com\/wp-content\/uploads\/2014\/12\/site-login-logo.png\",\"contentUrl\":\"https:\/\/shop.theophile-patachou.com\/wp-content\/uploads\/2014\/12\/site-login-logo.png\",\"width\":300,\"height\":150,\"caption\":\"Th\u00e9ophile & Patachou\"},\"image\":{\"@id\":\"https:\/\/shop.theophile-patachou.com\/fr\/#\/schema\/logo\/image\/\"},\"sameAs\":[\"https:\/\/www.facebook.com\/Th\u00e9ophile-Patachou-197829346970085\/\",\"https:\/\/x.com\/TPBelgium\",\"https:\/\/instagram.com\/theophile_patachou\/\",\"https:\/\/www.pinterest.com\/ThPat\/\"]}]}<\/script>\n<!-- \/ Yoast SEO plugin. -->","yoast_head_json":{"title":"Couffin osier et habillage Flowers - Th\u00e9ophile et Patachou","description":"Offrez un cocon de douceur \u00e0 votre b\u00e9b\u00e9 avec le couffin en osier et habillage Flowers. Du rose, du blanc et beaucoup de douceur.","robots":{"index":"index","follow":"follow","max-snippet":"max-snippet:-1","max-image-preview":"max-image-preview:large","max-video-preview":"max-video-preview:-1"},"canonical":"https:\/\/shop.theophile-patachou.com\/fr\/produit\/couffin-osier-et-habillage-flowers\/","og_locale":"fr_FR","og_type":"article","og_title":"Couffin osier et habillage Flowers - Th\u00e9ophile et Patachou","og_description":"Offrez un cocon de douceur \u00e0 votre b\u00e9b\u00e9 avec le couffin en osier et habillage Flowers. Du rose, du blanc et beaucoup de douceur.","og_url":"https:\/\/shop.theophile-patachou.com\/fr\/produit\/couffin-osier-et-habillage-flowers\/","og_site_name":"Th\u00e9ophile et Patachou","article_publisher":"https:\/\/www.facebook.com\/Th%c3%a9ophile-Patachou-197829346970085\/","article_modified_time":"2026-04-19T17:30:43+00:00","og_image":[{"width":1200,"height":1200,"url":"https:\/\/shop.theophile-patachou.com\/wp-content\/uploads\/2023\/03\/COUFFIN2.F-1.jpg","type":"image\/jpeg"}],"twitter_card":"summary_large_image","twitter_site":"@TPBelgium","twitter_misc":{"Dur\u00e9e de lecture estim\u00e9e":"1 minute"},"schema":{"@context":"https:\/\/schema.org","@graph":[{"@type":"WebPage","@id":"https:\/\/shop.theophile-patachou.com\/fr\/produit\/couffin-osier-et-habillage-flowers\/","url":"https:\/\/shop.theophile-patachou.com\/fr\/produit\/couffin-osier-et-habillage-flowers\/","name":"Couffin osier et habillage Flowers - Th\u00e9ophile et Patachou","isPartOf":{"@id":"https:\/\/shop.theophile-patachou.com\/fr\/#website"},"primaryImageOfPage":{"@id":"https:\/\/shop.theophile-patachou.com\/fr\/produit\/couffin-osier-et-habillage-flowers\/#primaryimage"},"image":{"@id":"https:\/\/shop.theophile-patachou.com\/fr\/produit\/couffin-osier-et-habillage-flowers\/#primaryimage"},"thumbnailUrl":"https:\/\/shop.theophile-patachou.com\/wp-content\/uploads\/2023\/03\/COUFFIN2.F-1.jpg","datePublished":"2023-05-19T14:02:51+00:00","dateModified":"2026-04-19T17:30:43+00:00","description":"Offrez un cocon de douceur \u00e0 votre b\u00e9b\u00e9 avec le couffin en osier et habillage Flowers. Du rose, du blanc et beaucoup de douceur.","breadcrumb":{"@id":"https:\/\/shop.theophile-patachou.com\/fr\/produit\/couffin-osier-et-habillage-flowers\/#breadcrumb"},"inLanguage":"fr-FR","potentialAction":[{"@type":"ReadAction","target":["https:\/\/shop.theophile-patachou.com\/fr\/produit\/couffin-osier-et-habillage-flowers\/"]}]},{"@type":"ImageObject","inLanguage":"fr-FR","@id":"https:\/\/shop.theophile-patachou.com\/fr\/produit\/couffin-osier-et-habillage-flowers\/#primaryimage","url":"https:\/\/shop.theophile-patachou.com\/wp-content\/uploads\/2023\/03\/COUFFIN2.F-1.jpg","contentUrl":"https:\/\/shop.theophile-patachou.com\/wp-content\/uploads\/2023\/03\/COUFFIN2.F-1.jpg","width":1200,"height":1200},{"@type":"BreadcrumbList","@id":"https:\/\/shop.theophile-patachou.com\/fr\/produit\/couffin-osier-et-habillage-flowers\/#breadcrumb","itemListElement":[{"@type":"ListItem","position":1,"name":"Accueil","item":"https:\/\/shop.theophile-patachou.com\/fr\/"},{"@type":"ListItem","position":2,"name":"Produits","item":"https:\/\/shop.theophile-patachou.com\/fr\/shop\/"},{"@type":"ListItem","position":3,"name":"Couffin osier et Habillage Flowers"}]},{"@type":"WebSite","@id":"https:\/\/shop.theophile-patachou.com\/fr\/#website","url":"https:\/\/shop.theophile-patachou.com\/fr\/","name":"Th\u00e9ophile et Patachou","description":"Mobilier &amp; accessoires pour b\u00e9b\u00e9","publisher":{"@id":"https:\/\/shop.theophile-patachou.com\/fr\/#organization"},"potentialAction":[{"@type":"SearchAction","target":{"@type":"EntryPoint","urlTemplate":"https:\/\/shop.theophile-patachou.com\/fr\/?s={search_term_string}"},"query-input":{"@type":"PropertyValueSpecification","valueRequired":true,"valueName":"search_term_string"}}],"inLanguage":"fr-FR"},{"@type":"Organization","@id":"https:\/\/shop.theophile-patachou.com\/fr\/#organization","name":"Th\u00e9ophile & Patachou","url":"https:\/\/shop.theophile-patachou.com\/fr\/","logo":{"@type":"ImageObject","inLanguage":"fr-FR","@id":"https:\/\/shop.theophile-patachou.com\/fr\/#\/schema\/logo\/image\/","url":"https:\/\/shop.theophile-patachou.com\/wp-content\/uploads\/2014\/12\/site-login-logo.png","contentUrl":"https:\/\/shop.theophile-patachou.com\/wp-content\/uploads\/2014\/12\/site-login-logo.png","width":300,"height":150,"caption":"Th\u00e9ophile & Patachou"},"image":{"@id":"https:\/\/shop.theophile-patachou.com\/fr\/#\/schema\/logo\/image\/"},"sameAs":["https:\/\/www.facebook.com\/Th\u00e9ophile-Patachou-197829346970085\/","https:\/\/x.com\/TPBelgium","https:\/\/instagram.com\/theophile_patachou\/","https:\/\/www.pinterest.com\/ThPat\/"]}]}},"_links":{"self":[{"href":"https:\/\/shop.theophile-patachou.com\/fr\/wp-json\/wp\/v2\/product\/69310","targetHints":{"allow":["GET"]}}],"collection":[{"href":"https:\/\/shop.theophile-patachou.com\/fr\/wp-json\/wp\/v2\/product"}],"about":[{"href":"https:\/\/shop.theophile-patachou.com\/fr\/wp-json\/wp\/v2\/types\/product"}],"wp:featuredmedia":[{"embeddable":true,"href":"https:\/\/shop.theophile-patachou.com\/fr\/wp-json\/wp\/v2\/media\/67956"}],"wp:attachment":[{"href":"https:\/\/shop.theophile-patachou.com\/fr\/wp-json\/wp\/v2\/media?parent=69310"}],"wp:term":[{"taxonomy":"product_brand","embeddable":true,"href":"https:\/\/shop.theophile-patachou.com\/fr\/wp-json\/wp\/v2\/product_brand?post=69310"},{"taxonomy":"product_cat","embeddable":true,"href":"https:\/\/shop.theophile-patachou.com\/fr\/wp-json\/wp\/v2\/product_cat?post=69310"},{"taxonomy":"product_tag","embeddable":true,"href":"https:\/\/shop.theophile-patachou.com\/fr\/wp-json\/wp\/v2\/product_tag?post=69310"}],"curies":[{"name":"wp","href":"https:\/\/api.w.org\/{rel}","templated":true}]}}