{"id":71292,"date":"2023-09-19T13:15:47","date_gmt":"2023-09-19T12:15:47","guid":{"rendered":"https:\/\/shop.theophile-patachou.com\/?post_type=product&#038;p=71292"},"modified":"2026-04-18T11:30:40","modified_gmt":"2026-04-18T10:30:40","slug":"housse-de-couette-bebe-24","status":"publish","type":"product","link":"https:\/\/shop.theophile-patachou.com\/fr\/produit\/housse-de-couette-bebe-24\/","title":{"rendered":"Housse de couette b\u00e9b\u00e9"},"content":{"rendered":"<p>Ensemble housse de couette et taie d&rsquo;oreiller en cotton beige, pour lit de b\u00e9b\u00e9, 100x135cm. Pour un lit b\u00e9b\u00e9 au style \u00e9l\u00e9gant et \u00e9pur\u00e9.<\/p>\n<p>Taille housse de couette : 100x135cm.<br \/>\nTaille taie d&rsquo;oreiller : 40x60cm<\/p>\n<p>Edredon et oreiller vendus s\u00e9par\u00e9ment.<\/p>\n","protected":false},"excerpt":{"rendered":"<h2>Ensemble housse de couette et taie d&rsquo;oreiller pour lit b\u00e9b\u00e9<\/h2>\n<p><strong>Housse de couette Carrousel<\/strong>, <strong>brod\u00e9e<\/strong> cheval, en cotton.<br \/>\nTaille housse de couette: 100&#215;135 cm. Taie 40&#215;60 cm.<br \/>\nL\u2018\u00e9dredon et l\u2019oreiller sont vendus s\u00e9par\u00e9ment.<\/p>\n<p>Cotton beige<\/p>\n","protected":false},"featured_media":70283,"template":"","meta":[],"product_brand":[],"product_cat":[1590,167],"product_tag":[1594,1593,483,476],"class_list":{"0":"post-71292","1":"product","2":"type-product","3":"status-publish","4":"has-post-thumbnail","6":"product_cat-carrousel-fr","7":"product_cat-linge-de-lit-fr","8":"product_tag-beige","9":"product_tag-carrousel","10":"product_tag-housse-de-couette","11":"product_tag-linge-de-lit","13":"first","14":"instock","15":"taxable","16":"shipping-taxable","17":"purchasable","18":"product-type-simple"},"yoast_head":"<!-- This site is optimized with the Yoast SEO plugin v26.9 - https:\/\/yoast.com\/product\/yoast-seo-wordpress\/ -->\n<title>Housse de couette cotton beige et taie d&#039;oreiller - Th\u00e9ophile et Patachou<\/title>\n<meta name=\"description\" content=\"Ensemble housse de couette et taie d&#039;oreiller en cotton beige, pour lit de b\u00e9b\u00e9, 100x135cm. Pour un lit b\u00e9b\u00e9 au style \u00e9l\u00e9gant et \u00e9pur\u00e9.\" \/>\n<meta name=\"robots\" content=\"index, follow, max-snippet:-1, max-image-preview:large, max-video-preview:-1\" \/>\n<link rel=\"canonical\" href=\"https:\/\/shop.theophile-patachou.com\/fr\/produit\/housse-de-couette-bebe-24\/\" \/>\n<meta property=\"og:locale\" content=\"fr_FR\" \/>\n<meta property=\"og:type\" content=\"article\" \/>\n<meta property=\"og:title\" content=\"Housse de couette cotton beige et taie d&#039;oreiller - Th\u00e9ophile et Patachou\" \/>\n<meta property=\"og:description\" content=\"Ensemble housse de couette et taie d&#039;oreiller en cotton beige, pour lit de b\u00e9b\u00e9, 100x135cm. Pour un lit b\u00e9b\u00e9 au style \u00e9l\u00e9gant et \u00e9pur\u00e9.\" \/>\n<meta property=\"og:url\" content=\"https:\/\/shop.theophile-patachou.com\/fr\/produit\/housse-de-couette-bebe-24\/\" \/>\n<meta property=\"og:site_name\" content=\"Th\u00e9ophile et Patachou\" \/>\n<meta property=\"article:publisher\" content=\"https:\/\/www.facebook.com\/Th%c3%a9ophile-Patachou-197829346970085\/\" \/>\n<meta property=\"article:modified_time\" content=\"2026-04-18T10:30:40+00:00\" \/>\n<meta property=\"og:image\" content=\"https:\/\/shop.theophile-patachou.com\/wp-content\/uploads\/2023\/08\/HC.CA2_.jpg\" \/>\n\t<meta property=\"og:image:width\" content=\"1200\" \/>\n\t<meta property=\"og:image:height\" content=\"1200\" \/>\n\t<meta property=\"og:image:type\" content=\"image\/jpeg\" \/>\n<meta name=\"twitter:card\" content=\"summary_large_image\" \/>\n<meta name=\"twitter:site\" content=\"@TPBelgium\" \/>\n<meta name=\"twitter:label1\" content=\"Dur\u00e9e de lecture estim\u00e9e\" \/>\n\t<meta name=\"twitter:data1\" content=\"1 minute\" \/>\n<script type=\"application\/ld+json\" class=\"yoast-schema-graph\">{\"@context\":\"https:\/\/schema.org\",\"@graph\":[{\"@type\":\"WebPage\",\"@id\":\"https:\/\/shop.theophile-patachou.com\/fr\/produit\/housse-de-couette-bebe-24\/\",\"url\":\"https:\/\/shop.theophile-patachou.com\/fr\/produit\/housse-de-couette-bebe-24\/\",\"name\":\"Housse de couette cotton beige et taie d'oreiller - Th\u00e9ophile et Patachou\",\"isPartOf\":{\"@id\":\"https:\/\/shop.theophile-patachou.com\/fr\/#website\"},\"primaryImageOfPage\":{\"@id\":\"https:\/\/shop.theophile-patachou.com\/fr\/produit\/housse-de-couette-bebe-24\/#primaryimage\"},\"image\":{\"@id\":\"https:\/\/shop.theophile-patachou.com\/fr\/produit\/housse-de-couette-bebe-24\/#primaryimage\"},\"thumbnailUrl\":\"https:\/\/shop.theophile-patachou.com\/wp-content\/uploads\/2023\/08\/HC.CA2_.jpg\",\"datePublished\":\"2023-09-19T12:15:47+00:00\",\"dateModified\":\"2026-04-18T10:30:40+00:00\",\"description\":\"Ensemble housse de couette et taie d'oreiller en cotton beige, pour lit de b\u00e9b\u00e9, 100x135cm. Pour un lit b\u00e9b\u00e9 au style \u00e9l\u00e9gant et \u00e9pur\u00e9.\",\"breadcrumb\":{\"@id\":\"https:\/\/shop.theophile-patachou.com\/fr\/produit\/housse-de-couette-bebe-24\/#breadcrumb\"},\"inLanguage\":\"fr-FR\",\"potentialAction\":[{\"@type\":\"ReadAction\",\"target\":[\"https:\/\/shop.theophile-patachou.com\/fr\/produit\/housse-de-couette-bebe-24\/\"]}]},{\"@type\":\"ImageObject\",\"inLanguage\":\"fr-FR\",\"@id\":\"https:\/\/shop.theophile-patachou.com\/fr\/produit\/housse-de-couette-bebe-24\/#primaryimage\",\"url\":\"https:\/\/shop.theophile-patachou.com\/wp-content\/uploads\/2023\/08\/HC.CA2_.jpg\",\"contentUrl\":\"https:\/\/shop.theophile-patachou.com\/wp-content\/uploads\/2023\/08\/HC.CA2_.jpg\",\"width\":1200,\"height\":1200},{\"@type\":\"BreadcrumbList\",\"@id\":\"https:\/\/shop.theophile-patachou.com\/fr\/produit\/housse-de-couette-bebe-24\/#breadcrumb\",\"itemListElement\":[{\"@type\":\"ListItem\",\"position\":1,\"name\":\"Accueil\",\"item\":\"https:\/\/shop.theophile-patachou.com\/fr\/\"},{\"@type\":\"ListItem\",\"position\":2,\"name\":\"Produits\",\"item\":\"https:\/\/shop.theophile-patachou.com\/fr\/shop\/\"},{\"@type\":\"ListItem\",\"position\":3,\"name\":\"Housse de couette b\u00e9b\u00e9\"}]},{\"@type\":\"WebSite\",\"@id\":\"https:\/\/shop.theophile-patachou.com\/fr\/#website\",\"url\":\"https:\/\/shop.theophile-patachou.com\/fr\/\",\"name\":\"Th\u00e9ophile et Patachou\",\"description\":\"Mobilier &amp; accessoires pour b\u00e9b\u00e9\",\"publisher\":{\"@id\":\"https:\/\/shop.theophile-patachou.com\/fr\/#organization\"},\"potentialAction\":[{\"@type\":\"SearchAction\",\"target\":{\"@type\":\"EntryPoint\",\"urlTemplate\":\"https:\/\/shop.theophile-patachou.com\/fr\/?s={search_term_string}\"},\"query-input\":{\"@type\":\"PropertyValueSpecification\",\"valueRequired\":true,\"valueName\":\"search_term_string\"}}],\"inLanguage\":\"fr-FR\"},{\"@type\":\"Organization\",\"@id\":\"https:\/\/shop.theophile-patachou.com\/fr\/#organization\",\"name\":\"Th\u00e9ophile & Patachou\",\"url\":\"https:\/\/shop.theophile-patachou.com\/fr\/\",\"logo\":{\"@type\":\"ImageObject\",\"inLanguage\":\"fr-FR\",\"@id\":\"https:\/\/shop.theophile-patachou.com\/fr\/#\/schema\/logo\/image\/\",\"url\":\"https:\/\/shop.theophile-patachou.com\/wp-content\/uploads\/2014\/12\/site-login-logo.png\",\"contentUrl\":\"https:\/\/shop.theophile-patachou.com\/wp-content\/uploads\/2014\/12\/site-login-logo.png\",\"width\":300,\"height\":150,\"caption\":\"Th\u00e9ophile & Patachou\"},\"image\":{\"@id\":\"https:\/\/shop.theophile-patachou.com\/fr\/#\/schema\/logo\/image\/\"},\"sameAs\":[\"https:\/\/www.facebook.com\/Th\u00e9ophile-Patachou-197829346970085\/\",\"https:\/\/x.com\/TPBelgium\",\"https:\/\/instagram.com\/theophile_patachou\/\",\"https:\/\/www.pinterest.com\/ThPat\/\"]}]}<\/script>\n<!-- \/ Yoast SEO plugin. -->","yoast_head_json":{"title":"Housse de couette cotton beige et taie d'oreiller - Th\u00e9ophile et Patachou","description":"Ensemble housse de couette et taie d'oreiller en cotton beige, pour lit de b\u00e9b\u00e9, 100x135cm. Pour un lit b\u00e9b\u00e9 au style \u00e9l\u00e9gant et \u00e9pur\u00e9.","robots":{"index":"index","follow":"follow","max-snippet":"max-snippet:-1","max-image-preview":"max-image-preview:large","max-video-preview":"max-video-preview:-1"},"canonical":"https:\/\/shop.theophile-patachou.com\/fr\/produit\/housse-de-couette-bebe-24\/","og_locale":"fr_FR","og_type":"article","og_title":"Housse de couette cotton beige et taie d'oreiller - Th\u00e9ophile et Patachou","og_description":"Ensemble housse de couette et taie d'oreiller en cotton beige, pour lit de b\u00e9b\u00e9, 100x135cm. Pour un lit b\u00e9b\u00e9 au style \u00e9l\u00e9gant et \u00e9pur\u00e9.","og_url":"https:\/\/shop.theophile-patachou.com\/fr\/produit\/housse-de-couette-bebe-24\/","og_site_name":"Th\u00e9ophile et Patachou","article_publisher":"https:\/\/www.facebook.com\/Th%c3%a9ophile-Patachou-197829346970085\/","article_modified_time":"2026-04-18T10:30:40+00:00","og_image":[{"width":1200,"height":1200,"url":"https:\/\/shop.theophile-patachou.com\/wp-content\/uploads\/2023\/08\/HC.CA2_.jpg","type":"image\/jpeg"}],"twitter_card":"summary_large_image","twitter_site":"@TPBelgium","twitter_misc":{"Dur\u00e9e de lecture estim\u00e9e":"1 minute"},"schema":{"@context":"https:\/\/schema.org","@graph":[{"@type":"WebPage","@id":"https:\/\/shop.theophile-patachou.com\/fr\/produit\/housse-de-couette-bebe-24\/","url":"https:\/\/shop.theophile-patachou.com\/fr\/produit\/housse-de-couette-bebe-24\/","name":"Housse de couette cotton beige et taie d'oreiller - Th\u00e9ophile et Patachou","isPartOf":{"@id":"https:\/\/shop.theophile-patachou.com\/fr\/#website"},"primaryImageOfPage":{"@id":"https:\/\/shop.theophile-patachou.com\/fr\/produit\/housse-de-couette-bebe-24\/#primaryimage"},"image":{"@id":"https:\/\/shop.theophile-patachou.com\/fr\/produit\/housse-de-couette-bebe-24\/#primaryimage"},"thumbnailUrl":"https:\/\/shop.theophile-patachou.com\/wp-content\/uploads\/2023\/08\/HC.CA2_.jpg","datePublished":"2023-09-19T12:15:47+00:00","dateModified":"2026-04-18T10:30:40+00:00","description":"Ensemble housse de couette et taie d'oreiller en cotton beige, pour lit de b\u00e9b\u00e9, 100x135cm. Pour un lit b\u00e9b\u00e9 au style \u00e9l\u00e9gant et \u00e9pur\u00e9.","breadcrumb":{"@id":"https:\/\/shop.theophile-patachou.com\/fr\/produit\/housse-de-couette-bebe-24\/#breadcrumb"},"inLanguage":"fr-FR","potentialAction":[{"@type":"ReadAction","target":["https:\/\/shop.theophile-patachou.com\/fr\/produit\/housse-de-couette-bebe-24\/"]}]},{"@type":"ImageObject","inLanguage":"fr-FR","@id":"https:\/\/shop.theophile-patachou.com\/fr\/produit\/housse-de-couette-bebe-24\/#primaryimage","url":"https:\/\/shop.theophile-patachou.com\/wp-content\/uploads\/2023\/08\/HC.CA2_.jpg","contentUrl":"https:\/\/shop.theophile-patachou.com\/wp-content\/uploads\/2023\/08\/HC.CA2_.jpg","width":1200,"height":1200},{"@type":"BreadcrumbList","@id":"https:\/\/shop.theophile-patachou.com\/fr\/produit\/housse-de-couette-bebe-24\/#breadcrumb","itemListElement":[{"@type":"ListItem","position":1,"name":"Accueil","item":"https:\/\/shop.theophile-patachou.com\/fr\/"},{"@type":"ListItem","position":2,"name":"Produits","item":"https:\/\/shop.theophile-patachou.com\/fr\/shop\/"},{"@type":"ListItem","position":3,"name":"Housse de couette b\u00e9b\u00e9"}]},{"@type":"WebSite","@id":"https:\/\/shop.theophile-patachou.com\/fr\/#website","url":"https:\/\/shop.theophile-patachou.com\/fr\/","name":"Th\u00e9ophile et Patachou","description":"Mobilier &amp; accessoires pour b\u00e9b\u00e9","publisher":{"@id":"https:\/\/shop.theophile-patachou.com\/fr\/#organization"},"potentialAction":[{"@type":"SearchAction","target":{"@type":"EntryPoint","urlTemplate":"https:\/\/shop.theophile-patachou.com\/fr\/?s={search_term_string}"},"query-input":{"@type":"PropertyValueSpecification","valueRequired":true,"valueName":"search_term_string"}}],"inLanguage":"fr-FR"},{"@type":"Organization","@id":"https:\/\/shop.theophile-patachou.com\/fr\/#organization","name":"Th\u00e9ophile & Patachou","url":"https:\/\/shop.theophile-patachou.com\/fr\/","logo":{"@type":"ImageObject","inLanguage":"fr-FR","@id":"https:\/\/shop.theophile-patachou.com\/fr\/#\/schema\/logo\/image\/","url":"https:\/\/shop.theophile-patachou.com\/wp-content\/uploads\/2014\/12\/site-login-logo.png","contentUrl":"https:\/\/shop.theophile-patachou.com\/wp-content\/uploads\/2014\/12\/site-login-logo.png","width":300,"height":150,"caption":"Th\u00e9ophile & Patachou"},"image":{"@id":"https:\/\/shop.theophile-patachou.com\/fr\/#\/schema\/logo\/image\/"},"sameAs":["https:\/\/www.facebook.com\/Th\u00e9ophile-Patachou-197829346970085\/","https:\/\/x.com\/TPBelgium","https:\/\/instagram.com\/theophile_patachou\/","https:\/\/www.pinterest.com\/ThPat\/"]}]}},"_links":{"self":[{"href":"https:\/\/shop.theophile-patachou.com\/fr\/wp-json\/wp\/v2\/product\/71292","targetHints":{"allow":["GET"]}}],"collection":[{"href":"https:\/\/shop.theophile-patachou.com\/fr\/wp-json\/wp\/v2\/product"}],"about":[{"href":"https:\/\/shop.theophile-patachou.com\/fr\/wp-json\/wp\/v2\/types\/product"}],"wp:featuredmedia":[{"embeddable":true,"href":"https:\/\/shop.theophile-patachou.com\/fr\/wp-json\/wp\/v2\/media\/70283"}],"wp:attachment":[{"href":"https:\/\/shop.theophile-patachou.com\/fr\/wp-json\/wp\/v2\/media?parent=71292"}],"wp:term":[{"taxonomy":"product_brand","embeddable":true,"href":"https:\/\/shop.theophile-patachou.com\/fr\/wp-json\/wp\/v2\/product_brand?post=71292"},{"taxonomy":"product_cat","embeddable":true,"href":"https:\/\/shop.theophile-patachou.com\/fr\/wp-json\/wp\/v2\/product_cat?post=71292"},{"taxonomy":"product_tag","embeddable":true,"href":"https:\/\/shop.theophile-patachou.com\/fr\/wp-json\/wp\/v2\/product_tag?post=71292"}],"curies":[{"name":"wp","href":"https:\/\/api.w.org\/{rel}","templated":true}]}}