{"id":71380,"date":"2023-09-20T08:51:23","date_gmt":"2023-09-20T07:51:23","guid":{"rendered":"https:\/\/shop.theophile-patachou.com\/?post_type=product&#038;p=71380"},"modified":"2026-04-03T19:30:30","modified_gmt":"2026-04-03T18:30:30","slug":"gigoteuse-naissance-ete-60-cm-3","status":"publish","type":"product","link":"https:\/\/shop.theophile-patachou.com\/fr\/produit\/gigoteuse-naissance-ete-60-cm-3\/","title":{"rendered":"Gigoteuse naissance \u00e9t\u00e9 60 cm"},"content":{"rendered":"<p>Gigoteuse de naissance \u00e9t\u00e9, de la collection Carrousel. Mesure 60 cm. Id\u00e9ale pour l&rsquo;\u00e9t\u00e9 car fine. Facile \u00e0 enfiler gr\u00e2ce aux deux boutons-pression plac\u00e9s sur les bretelles<\/p>\n<p>D\u00e8s la naissance et jusqu&rsquo;a 3 mois, environ.<\/p>\n<p>En coton, gaufr\u00e9.<\/p>\n<p>Pour compl\u00e9ter le look Carrousel, habillez le berceau de b\u00e9b\u00e9 du drap housse couffin Carrousel.<\/p>\n","protected":false},"excerpt":{"rendered":"<h2>Gigoteuse \u00e9t\u00e9 60 cm &#8211; Carrousel<\/h2>\n<p><strong>Gigoteuse en coton<\/strong>, zip\u00e9e sur le pourtour. Enfilage facile gr\u00e2ce aux deux bouton-pression plac\u00e9s sur les bretelles<br \/>\nD\u00e8s la naissance jusque 3 mois environ<\/p>\n<p>Gaufr\u00e9<\/p>\n","protected":false},"featured_media":70535,"template":"","meta":[],"product_brand":[],"product_cat":[177,1590,168],"product_tag":[1593,524,1518,562],"class_list":{"0":"post-71380","1":"product","2":"type-product","3":"status-publish","4":"has-post-thumbnail","6":"product_cat-collections-fr","7":"product_cat-carrousel-fr","8":"product_cat-sac-de-couchage-fr","9":"product_tag-carrousel","10":"product_tag-gigoteuse","11":"product_tag-ivoire","12":"product_tag-sac-de-couchage","14":"first","15":"instock","16":"taxable","17":"shipping-taxable","18":"purchasable","19":"product-type-simple"},"yoast_head":"<!-- This site is optimized with the Yoast SEO plugin v26.9 - https:\/\/yoast.com\/product\/yoast-seo-wordpress\/ -->\n<title>Gigoteuse Et\u00e9 Carrousel 60cm - Naissance - Th\u00e9ophile et Patachou<\/title>\n<meta name=\"description\" content=\"Gigoteuse de naissance \u00e9t\u00e9 de la collection Carrousel. Entourez b\u00e9b\u00e9 de douceur dans cette gigoteuse ivoire de 60cm Th\u00e9ophile &amp; Patachou.\" \/>\n<meta name=\"robots\" content=\"index, follow, max-snippet:-1, max-image-preview:large, max-video-preview:-1\" \/>\n<link rel=\"canonical\" href=\"https:\/\/shop.theophile-patachou.com\/fr\/produit\/gigoteuse-naissance-ete-60-cm-3\/\" \/>\n<meta property=\"og:locale\" content=\"fr_FR\" \/>\n<meta property=\"og:type\" content=\"article\" \/>\n<meta property=\"og:title\" content=\"Gigoteuse Et\u00e9 Carrousel 60cm - Naissance - Th\u00e9ophile et Patachou\" \/>\n<meta property=\"og:description\" content=\"Gigoteuse de naissance \u00e9t\u00e9 de la collection Carrousel. Entourez b\u00e9b\u00e9 de douceur dans cette gigoteuse ivoire de 60cm Th\u00e9ophile &amp; Patachou.\" \/>\n<meta property=\"og:url\" content=\"https:\/\/shop.theophile-patachou.com\/fr\/produit\/gigoteuse-naissance-ete-60-cm-3\/\" \/>\n<meta property=\"og:site_name\" content=\"Th\u00e9ophile et Patachou\" \/>\n<meta property=\"article:publisher\" content=\"https:\/\/www.facebook.com\/Th%c3%a9ophile-Patachou-197829346970085\/\" \/>\n<meta property=\"article:modified_time\" content=\"2026-04-03T18:30:30+00:00\" \/>\n<meta property=\"og:image\" content=\"https:\/\/shop.theophile-patachou.com\/wp-content\/uploads\/2023\/08\/PTCA3.jpg\" \/>\n\t<meta property=\"og:image:width\" content=\"1200\" \/>\n\t<meta property=\"og:image:height\" content=\"1200\" \/>\n\t<meta property=\"og:image:type\" content=\"image\/jpeg\" \/>\n<meta name=\"twitter:card\" content=\"summary_large_image\" \/>\n<meta name=\"twitter:site\" content=\"@TPBelgium\" \/>\n<meta name=\"twitter:label1\" content=\"Dur\u00e9e de lecture estim\u00e9e\" \/>\n\t<meta name=\"twitter:data1\" content=\"1 minute\" \/>\n<script type=\"application\/ld+json\" class=\"yoast-schema-graph\">{\"@context\":\"https:\/\/schema.org\",\"@graph\":[{\"@type\":\"WebPage\",\"@id\":\"https:\/\/shop.theophile-patachou.com\/fr\/produit\/gigoteuse-naissance-ete-60-cm-3\/\",\"url\":\"https:\/\/shop.theophile-patachou.com\/fr\/produit\/gigoteuse-naissance-ete-60-cm-3\/\",\"name\":\"Gigoteuse Et\u00e9 Carrousel 60cm - Naissance - Th\u00e9ophile et Patachou\",\"isPartOf\":{\"@id\":\"https:\/\/shop.theophile-patachou.com\/fr\/#website\"},\"primaryImageOfPage\":{\"@id\":\"https:\/\/shop.theophile-patachou.com\/fr\/produit\/gigoteuse-naissance-ete-60-cm-3\/#primaryimage\"},\"image\":{\"@id\":\"https:\/\/shop.theophile-patachou.com\/fr\/produit\/gigoteuse-naissance-ete-60-cm-3\/#primaryimage\"},\"thumbnailUrl\":\"https:\/\/shop.theophile-patachou.com\/wp-content\/uploads\/2023\/08\/PTCA3.jpg\",\"datePublished\":\"2023-09-20T07:51:23+00:00\",\"dateModified\":\"2026-04-03T18:30:30+00:00\",\"description\":\"Gigoteuse de naissance \u00e9t\u00e9 de la collection Carrousel. Entourez b\u00e9b\u00e9 de douceur dans cette gigoteuse ivoire de 60cm Th\u00e9ophile & Patachou.\",\"breadcrumb\":{\"@id\":\"https:\/\/shop.theophile-patachou.com\/fr\/produit\/gigoteuse-naissance-ete-60-cm-3\/#breadcrumb\"},\"inLanguage\":\"fr-FR\",\"potentialAction\":[{\"@type\":\"ReadAction\",\"target\":[\"https:\/\/shop.theophile-patachou.com\/fr\/produit\/gigoteuse-naissance-ete-60-cm-3\/\"]}]},{\"@type\":\"ImageObject\",\"inLanguage\":\"fr-FR\",\"@id\":\"https:\/\/shop.theophile-patachou.com\/fr\/produit\/gigoteuse-naissance-ete-60-cm-3\/#primaryimage\",\"url\":\"https:\/\/shop.theophile-patachou.com\/wp-content\/uploads\/2023\/08\/PTCA3.jpg\",\"contentUrl\":\"https:\/\/shop.theophile-patachou.com\/wp-content\/uploads\/2023\/08\/PTCA3.jpg\",\"width\":1200,\"height\":1200},{\"@type\":\"BreadcrumbList\",\"@id\":\"https:\/\/shop.theophile-patachou.com\/fr\/produit\/gigoteuse-naissance-ete-60-cm-3\/#breadcrumb\",\"itemListElement\":[{\"@type\":\"ListItem\",\"position\":1,\"name\":\"Accueil\",\"item\":\"https:\/\/shop.theophile-patachou.com\/fr\/\"},{\"@type\":\"ListItem\",\"position\":2,\"name\":\"Produits\",\"item\":\"https:\/\/shop.theophile-patachou.com\/fr\/shop\/\"},{\"@type\":\"ListItem\",\"position\":3,\"name\":\"Gigoteuse naissance \u00e9t\u00e9 60 cm\"}]},{\"@type\":\"WebSite\",\"@id\":\"https:\/\/shop.theophile-patachou.com\/fr\/#website\",\"url\":\"https:\/\/shop.theophile-patachou.com\/fr\/\",\"name\":\"Th\u00e9ophile et Patachou\",\"description\":\"Mobilier &amp; accessoires pour b\u00e9b\u00e9\",\"publisher\":{\"@id\":\"https:\/\/shop.theophile-patachou.com\/fr\/#organization\"},\"potentialAction\":[{\"@type\":\"SearchAction\",\"target\":{\"@type\":\"EntryPoint\",\"urlTemplate\":\"https:\/\/shop.theophile-patachou.com\/fr\/?s={search_term_string}\"},\"query-input\":{\"@type\":\"PropertyValueSpecification\",\"valueRequired\":true,\"valueName\":\"search_term_string\"}}],\"inLanguage\":\"fr-FR\"},{\"@type\":\"Organization\",\"@id\":\"https:\/\/shop.theophile-patachou.com\/fr\/#organization\",\"name\":\"Th\u00e9ophile & Patachou\",\"url\":\"https:\/\/shop.theophile-patachou.com\/fr\/\",\"logo\":{\"@type\":\"ImageObject\",\"inLanguage\":\"fr-FR\",\"@id\":\"https:\/\/shop.theophile-patachou.com\/fr\/#\/schema\/logo\/image\/\",\"url\":\"https:\/\/shop.theophile-patachou.com\/wp-content\/uploads\/2014\/12\/site-login-logo.png\",\"contentUrl\":\"https:\/\/shop.theophile-patachou.com\/wp-content\/uploads\/2014\/12\/site-login-logo.png\",\"width\":300,\"height\":150,\"caption\":\"Th\u00e9ophile & Patachou\"},\"image\":{\"@id\":\"https:\/\/shop.theophile-patachou.com\/fr\/#\/schema\/logo\/image\/\"},\"sameAs\":[\"https:\/\/www.facebook.com\/Th\u00e9ophile-Patachou-197829346970085\/\",\"https:\/\/x.com\/TPBelgium\",\"https:\/\/instagram.com\/theophile_patachou\/\",\"https:\/\/www.pinterest.com\/ThPat\/\"]}]}<\/script>\n<!-- \/ Yoast SEO plugin. -->","yoast_head_json":{"title":"Gigoteuse Et\u00e9 Carrousel 60cm - Naissance - Th\u00e9ophile et Patachou","description":"Gigoteuse de naissance \u00e9t\u00e9 de la collection Carrousel. Entourez b\u00e9b\u00e9 de douceur dans cette gigoteuse ivoire de 60cm Th\u00e9ophile & Patachou.","robots":{"index":"index","follow":"follow","max-snippet":"max-snippet:-1","max-image-preview":"max-image-preview:large","max-video-preview":"max-video-preview:-1"},"canonical":"https:\/\/shop.theophile-patachou.com\/fr\/produit\/gigoteuse-naissance-ete-60-cm-3\/","og_locale":"fr_FR","og_type":"article","og_title":"Gigoteuse Et\u00e9 Carrousel 60cm - Naissance - Th\u00e9ophile et Patachou","og_description":"Gigoteuse de naissance \u00e9t\u00e9 de la collection Carrousel. Entourez b\u00e9b\u00e9 de douceur dans cette gigoteuse ivoire de 60cm Th\u00e9ophile & Patachou.","og_url":"https:\/\/shop.theophile-patachou.com\/fr\/produit\/gigoteuse-naissance-ete-60-cm-3\/","og_site_name":"Th\u00e9ophile et Patachou","article_publisher":"https:\/\/www.facebook.com\/Th%c3%a9ophile-Patachou-197829346970085\/","article_modified_time":"2026-04-03T18:30:30+00:00","og_image":[{"width":1200,"height":1200,"url":"https:\/\/shop.theophile-patachou.com\/wp-content\/uploads\/2023\/08\/PTCA3.jpg","type":"image\/jpeg"}],"twitter_card":"summary_large_image","twitter_site":"@TPBelgium","twitter_misc":{"Dur\u00e9e de lecture estim\u00e9e":"1 minute"},"schema":{"@context":"https:\/\/schema.org","@graph":[{"@type":"WebPage","@id":"https:\/\/shop.theophile-patachou.com\/fr\/produit\/gigoteuse-naissance-ete-60-cm-3\/","url":"https:\/\/shop.theophile-patachou.com\/fr\/produit\/gigoteuse-naissance-ete-60-cm-3\/","name":"Gigoteuse Et\u00e9 Carrousel 60cm - Naissance - Th\u00e9ophile et Patachou","isPartOf":{"@id":"https:\/\/shop.theophile-patachou.com\/fr\/#website"},"primaryImageOfPage":{"@id":"https:\/\/shop.theophile-patachou.com\/fr\/produit\/gigoteuse-naissance-ete-60-cm-3\/#primaryimage"},"image":{"@id":"https:\/\/shop.theophile-patachou.com\/fr\/produit\/gigoteuse-naissance-ete-60-cm-3\/#primaryimage"},"thumbnailUrl":"https:\/\/shop.theophile-patachou.com\/wp-content\/uploads\/2023\/08\/PTCA3.jpg","datePublished":"2023-09-20T07:51:23+00:00","dateModified":"2026-04-03T18:30:30+00:00","description":"Gigoteuse de naissance \u00e9t\u00e9 de la collection Carrousel. Entourez b\u00e9b\u00e9 de douceur dans cette gigoteuse ivoire de 60cm Th\u00e9ophile & Patachou.","breadcrumb":{"@id":"https:\/\/shop.theophile-patachou.com\/fr\/produit\/gigoteuse-naissance-ete-60-cm-3\/#breadcrumb"},"inLanguage":"fr-FR","potentialAction":[{"@type":"ReadAction","target":["https:\/\/shop.theophile-patachou.com\/fr\/produit\/gigoteuse-naissance-ete-60-cm-3\/"]}]},{"@type":"ImageObject","inLanguage":"fr-FR","@id":"https:\/\/shop.theophile-patachou.com\/fr\/produit\/gigoteuse-naissance-ete-60-cm-3\/#primaryimage","url":"https:\/\/shop.theophile-patachou.com\/wp-content\/uploads\/2023\/08\/PTCA3.jpg","contentUrl":"https:\/\/shop.theophile-patachou.com\/wp-content\/uploads\/2023\/08\/PTCA3.jpg","width":1200,"height":1200},{"@type":"BreadcrumbList","@id":"https:\/\/shop.theophile-patachou.com\/fr\/produit\/gigoteuse-naissance-ete-60-cm-3\/#breadcrumb","itemListElement":[{"@type":"ListItem","position":1,"name":"Accueil","item":"https:\/\/shop.theophile-patachou.com\/fr\/"},{"@type":"ListItem","position":2,"name":"Produits","item":"https:\/\/shop.theophile-patachou.com\/fr\/shop\/"},{"@type":"ListItem","position":3,"name":"Gigoteuse naissance \u00e9t\u00e9 60 cm"}]},{"@type":"WebSite","@id":"https:\/\/shop.theophile-patachou.com\/fr\/#website","url":"https:\/\/shop.theophile-patachou.com\/fr\/","name":"Th\u00e9ophile et Patachou","description":"Mobilier &amp; accessoires pour b\u00e9b\u00e9","publisher":{"@id":"https:\/\/shop.theophile-patachou.com\/fr\/#organization"},"potentialAction":[{"@type":"SearchAction","target":{"@type":"EntryPoint","urlTemplate":"https:\/\/shop.theophile-patachou.com\/fr\/?s={search_term_string}"},"query-input":{"@type":"PropertyValueSpecification","valueRequired":true,"valueName":"search_term_string"}}],"inLanguage":"fr-FR"},{"@type":"Organization","@id":"https:\/\/shop.theophile-patachou.com\/fr\/#organization","name":"Th\u00e9ophile & Patachou","url":"https:\/\/shop.theophile-patachou.com\/fr\/","logo":{"@type":"ImageObject","inLanguage":"fr-FR","@id":"https:\/\/shop.theophile-patachou.com\/fr\/#\/schema\/logo\/image\/","url":"https:\/\/shop.theophile-patachou.com\/wp-content\/uploads\/2014\/12\/site-login-logo.png","contentUrl":"https:\/\/shop.theophile-patachou.com\/wp-content\/uploads\/2014\/12\/site-login-logo.png","width":300,"height":150,"caption":"Th\u00e9ophile & Patachou"},"image":{"@id":"https:\/\/shop.theophile-patachou.com\/fr\/#\/schema\/logo\/image\/"},"sameAs":["https:\/\/www.facebook.com\/Th\u00e9ophile-Patachou-197829346970085\/","https:\/\/x.com\/TPBelgium","https:\/\/instagram.com\/theophile_patachou\/","https:\/\/www.pinterest.com\/ThPat\/"]}]}},"_links":{"self":[{"href":"https:\/\/shop.theophile-patachou.com\/fr\/wp-json\/wp\/v2\/product\/71380","targetHints":{"allow":["GET"]}}],"collection":[{"href":"https:\/\/shop.theophile-patachou.com\/fr\/wp-json\/wp\/v2\/product"}],"about":[{"href":"https:\/\/shop.theophile-patachou.com\/fr\/wp-json\/wp\/v2\/types\/product"}],"wp:featuredmedia":[{"embeddable":true,"href":"https:\/\/shop.theophile-patachou.com\/fr\/wp-json\/wp\/v2\/media\/70535"}],"wp:attachment":[{"href":"https:\/\/shop.theophile-patachou.com\/fr\/wp-json\/wp\/v2\/media?parent=71380"}],"wp:term":[{"taxonomy":"product_brand","embeddable":true,"href":"https:\/\/shop.theophile-patachou.com\/fr\/wp-json\/wp\/v2\/product_brand?post=71380"},{"taxonomy":"product_cat","embeddable":true,"href":"https:\/\/shop.theophile-patachou.com\/fr\/wp-json\/wp\/v2\/product_cat?post=71380"},{"taxonomy":"product_tag","embeddable":true,"href":"https:\/\/shop.theophile-patachou.com\/fr\/wp-json\/wp\/v2\/product_tag?post=71380"}],"curies":[{"name":"wp","href":"https:\/\/api.w.org\/{rel}","templated":true}]}}