{"id":71487,"date":"2023-09-20T11:41:02","date_gmt":"2023-09-20T10:41:02","guid":{"rendered":"https:\/\/shop.theophile-patachou.com\/?post_type=product&#038;p=71487"},"modified":"2026-04-18T14:30:46","modified_gmt":"2026-04-18T13:30:46","slug":"rocking-chair-5","status":"publish","type":"product","link":"https:\/\/shop.theophile-patachou.com\/fr\/produit\/rocking-chair-5\/","title":{"rendered":"Rocking Chair"},"content":{"rendered":"<p>Laissez-vous <strong>bercer<\/strong> paisiblement par le\u00a0<strong>rocking chair<\/strong> camel, n\u00e9 de la collaboration entre <strong>Th\u00e9ophile &amp; Patachou et\u00a0Marie\u2019s Corner<\/strong><\/p>\n<p>El\u00e9gant et confortable, ce\u00a0<strong>fauteuil \u00e0 bascule\u00a0<\/strong>trouvera parfaitement sa place dans le salon ou dans la <strong>chambre de b\u00e9b\u00e9<\/strong>. Son \u00e9l\u00e9gante couleur ivoire se marie parfaitement avec les int\u00e9rieurs moderne.<br \/>\nLe fauteuil\u00a0 se d\u00e9cline en 5 coloris. D\u00e9couvrez toutes nos <a href=\"https:\/\/shop.theophile-patachou.com\/fr\/categorie-produit\/mobilier-bebe\/rocking-chair\/\">rocking chair<\/a>.<\/p>\n<p>D\u00e9corez le rocking chair camel d&rsquo;un coussin pour un look encore plus \u00e9l\u00e9gant : coussin Carrousel .<\/p>\n<p>Composition du tissu : Effet mouton<br \/>\nEmpi\u00e9tement : Bois laqu\u00e9 blanc<\/p>\n<p>Dimensions :<br \/>\n&#8211; Profondeur 80 cm x Largeur 70 cm\u00a0x Hauteur 92 cm<br \/>\n&#8211; Assise : Profondeur 52 cm x Largeur 53 cm x Hauteur 50 cm.<\/p>\n<p>Livraison en 3-10 jours ouvr\u00e9s.<\/p>\n<div id=\"ConnectiveDocSignExtentionInstalled\" data-extension-version=\"1.0.4\"><\/div>\n<div id=\"ConnectiveDocSignExtentionInstalled\" data-extension-version=\"1.0.4\"><\/div>\n","protected":false},"excerpt":{"rendered":"<h2>Rocking Chair &#8211; Ivoire<\/h2>\n<p>Laissez-vous <strong>bercer<\/strong> paisiblement par le\u00a0<strong>rocking chair<\/strong> n\u00e9 de la collaboration entre <strong>Th\u00e9ophile &amp; Patachou et\u00a0Marie\u2019s Corner<\/strong><\/p>\n<p>El\u00e9gant et confortable, ce\u00a0<strong>fauteuil \u00e0 bascule\u00a0<\/strong>trouvera parfaitement sa place dans le salon ou dans la <strong>chambre de b\u00e9b\u00e9<\/strong>.<br \/>\nLe fauteuil rev\u00eatu de lin se d\u00e9cline en 5 coloris.<\/p>\n<p>Notre conseil d\u00e9co : placez-y un coussin pour un look encore plus chic!<\/p>\n<p>Composition du tissu : Effet Mouton<br \/>\nEmpi\u00e9tement : Bois laqu\u00e9 blanc<\/p>\n<p>Dimensions :<br \/>\n&#8211; Profondeur 80 cm x Largeur 70 cm\u00a0x Hauteur 92 cm<br \/>\n&#8211; Assise : Profondeur 52 cm x Largeur 53 cm x Hauteur 50 cm.<\/p>\n<p>Livraison en 3-10 jours ouvr\u00e9s.<\/p>\n<div id=\"ConnectiveDocSignExtentionInstalled\" data-extension-version=\"1.0.4\"><\/div>\n<div id=\"ConnectiveDocSignExtentionInstalled\" data-extension-version=\"1.0.4\"><\/div>\n","protected":false},"featured_media":69031,"template":"","meta":[],"product_brand":[],"product_cat":[1219,1263,177,1590],"product_tag":[684,1593,650,1483],"class_list":{"0":"post-71487","1":"product","2":"type-product","3":"status-publish","4":"has-post-thumbnail","6":"product_cat-mobilier-bebe","7":"product_cat-rocking-chair","8":"product_cat-collections-fr","9":"product_cat-carrousel-fr","10":"product_tag-camel","11":"product_tag-carrousel","12":"product_tag-decoration","13":"product_tag-rocking-chair","15":"first","16":"instock","17":"taxable","18":"shipping-taxable","19":"purchasable","20":"product-type-simple"},"yoast_head":"<!-- This site is optimized with the Yoast SEO plugin v26.9 - https:\/\/yoast.com\/product\/yoast-seo-wordpress\/ -->\n<title>Rocking Chair ivoire - Collection Carrousel - Th\u00e9ophile et Patachou<\/title>\n<meta name=\"description\" content=\"Bercez b\u00e9b\u00e9 avec \u00e9l\u00e9gance dans le Rocking Chair ivoire. Ce\u00a0fauteuil \u00e0 bascule beige\u00a0trouvera parfaitement sa place dans le salon ou la chambre de b\u00e9b\u00e9.\" \/>\n<meta name=\"robots\" content=\"index, follow, max-snippet:-1, max-image-preview:large, max-video-preview:-1\" \/>\n<link rel=\"canonical\" href=\"https:\/\/shop.theophile-patachou.com\/fr\/produit\/rocking-chair-5\/\" \/>\n<meta property=\"og:locale\" content=\"fr_FR\" \/>\n<meta property=\"og:type\" content=\"article\" \/>\n<meta property=\"og:title\" content=\"Rocking Chair ivoire - Collection Carrousel - Th\u00e9ophile et Patachou\" \/>\n<meta property=\"og:description\" content=\"Bercez b\u00e9b\u00e9 avec \u00e9l\u00e9gance dans le Rocking Chair ivoire. Ce\u00a0fauteuil \u00e0 bascule beige\u00a0trouvera parfaitement sa place dans le salon ou la chambre de b\u00e9b\u00e9.\" \/>\n<meta property=\"og:url\" content=\"https:\/\/shop.theophile-patachou.com\/fr\/produit\/rocking-chair-5\/\" \/>\n<meta property=\"og:site_name\" content=\"Th\u00e9ophile et Patachou\" \/>\n<meta property=\"article:publisher\" content=\"https:\/\/www.facebook.com\/Th%c3%a9ophile-Patachou-197829346970085\/\" \/>\n<meta property=\"article:modified_time\" content=\"2026-04-18T13:30:46+00:00\" \/>\n<meta property=\"og:image\" content=\"https:\/\/shop.theophile-patachou.com\/wp-content\/uploads\/2022\/12\/ROCKING3.CA_.jpg\" \/>\n\t<meta property=\"og:image:width\" content=\"1200\" \/>\n\t<meta property=\"og:image:height\" content=\"1200\" \/>\n\t<meta property=\"og:image:type\" content=\"image\/jpeg\" \/>\n<meta name=\"twitter:card\" content=\"summary_large_image\" \/>\n<meta name=\"twitter:site\" content=\"@TPBelgium\" \/>\n<meta name=\"twitter:label1\" content=\"Dur\u00e9e de lecture estim\u00e9e\" \/>\n\t<meta name=\"twitter:data1\" content=\"1 minute\" \/>\n<script type=\"application\/ld+json\" class=\"yoast-schema-graph\">{\"@context\":\"https:\/\/schema.org\",\"@graph\":[{\"@type\":\"WebPage\",\"@id\":\"https:\/\/shop.theophile-patachou.com\/fr\/produit\/rocking-chair-5\/\",\"url\":\"https:\/\/shop.theophile-patachou.com\/fr\/produit\/rocking-chair-5\/\",\"name\":\"Rocking Chair ivoire - Collection Carrousel - Th\u00e9ophile et Patachou\",\"isPartOf\":{\"@id\":\"https:\/\/shop.theophile-patachou.com\/fr\/#website\"},\"primaryImageOfPage\":{\"@id\":\"https:\/\/shop.theophile-patachou.com\/fr\/produit\/rocking-chair-5\/#primaryimage\"},\"image\":{\"@id\":\"https:\/\/shop.theophile-patachou.com\/fr\/produit\/rocking-chair-5\/#primaryimage\"},\"thumbnailUrl\":\"https:\/\/shop.theophile-patachou.com\/wp-content\/uploads\/2022\/12\/ROCKING3.CA_.jpg\",\"datePublished\":\"2023-09-20T10:41:02+00:00\",\"dateModified\":\"2026-04-18T13:30:46+00:00\",\"description\":\"Bercez b\u00e9b\u00e9 avec \u00e9l\u00e9gance dans le Rocking Chair ivoire. Ce\u00a0fauteuil \u00e0 bascule beige\u00a0trouvera parfaitement sa place dans le salon ou la chambre de b\u00e9b\u00e9.\",\"breadcrumb\":{\"@id\":\"https:\/\/shop.theophile-patachou.com\/fr\/produit\/rocking-chair-5\/#breadcrumb\"},\"inLanguage\":\"fr-FR\",\"potentialAction\":[{\"@type\":\"ReadAction\",\"target\":[\"https:\/\/shop.theophile-patachou.com\/fr\/produit\/rocking-chair-5\/\"]}]},{\"@type\":\"ImageObject\",\"inLanguage\":\"fr-FR\",\"@id\":\"https:\/\/shop.theophile-patachou.com\/fr\/produit\/rocking-chair-5\/#primaryimage\",\"url\":\"https:\/\/shop.theophile-patachou.com\/wp-content\/uploads\/2022\/12\/ROCKING3.CA_.jpg\",\"contentUrl\":\"https:\/\/shop.theophile-patachou.com\/wp-content\/uploads\/2022\/12\/ROCKING3.CA_.jpg\",\"width\":1200,\"height\":1200},{\"@type\":\"BreadcrumbList\",\"@id\":\"https:\/\/shop.theophile-patachou.com\/fr\/produit\/rocking-chair-5\/#breadcrumb\",\"itemListElement\":[{\"@type\":\"ListItem\",\"position\":1,\"name\":\"Accueil\",\"item\":\"https:\/\/shop.theophile-patachou.com\/fr\/\"},{\"@type\":\"ListItem\",\"position\":2,\"name\":\"Produits\",\"item\":\"https:\/\/shop.theophile-patachou.com\/fr\/shop\/\"},{\"@type\":\"ListItem\",\"position\":3,\"name\":\"Rocking Chair\"}]},{\"@type\":\"WebSite\",\"@id\":\"https:\/\/shop.theophile-patachou.com\/fr\/#website\",\"url\":\"https:\/\/shop.theophile-patachou.com\/fr\/\",\"name\":\"Th\u00e9ophile et Patachou\",\"description\":\"Mobilier &amp; accessoires pour b\u00e9b\u00e9\",\"publisher\":{\"@id\":\"https:\/\/shop.theophile-patachou.com\/fr\/#organization\"},\"potentialAction\":[{\"@type\":\"SearchAction\",\"target\":{\"@type\":\"EntryPoint\",\"urlTemplate\":\"https:\/\/shop.theophile-patachou.com\/fr\/?s={search_term_string}\"},\"query-input\":{\"@type\":\"PropertyValueSpecification\",\"valueRequired\":true,\"valueName\":\"search_term_string\"}}],\"inLanguage\":\"fr-FR\"},{\"@type\":\"Organization\",\"@id\":\"https:\/\/shop.theophile-patachou.com\/fr\/#organization\",\"name\":\"Th\u00e9ophile & Patachou\",\"url\":\"https:\/\/shop.theophile-patachou.com\/fr\/\",\"logo\":{\"@type\":\"ImageObject\",\"inLanguage\":\"fr-FR\",\"@id\":\"https:\/\/shop.theophile-patachou.com\/fr\/#\/schema\/logo\/image\/\",\"url\":\"https:\/\/shop.theophile-patachou.com\/wp-content\/uploads\/2014\/12\/site-login-logo.png\",\"contentUrl\":\"https:\/\/shop.theophile-patachou.com\/wp-content\/uploads\/2014\/12\/site-login-logo.png\",\"width\":300,\"height\":150,\"caption\":\"Th\u00e9ophile & Patachou\"},\"image\":{\"@id\":\"https:\/\/shop.theophile-patachou.com\/fr\/#\/schema\/logo\/image\/\"},\"sameAs\":[\"https:\/\/www.facebook.com\/Th\u00e9ophile-Patachou-197829346970085\/\",\"https:\/\/x.com\/TPBelgium\",\"https:\/\/instagram.com\/theophile_patachou\/\",\"https:\/\/www.pinterest.com\/ThPat\/\"]}]}<\/script>\n<!-- \/ Yoast SEO plugin. -->","yoast_head_json":{"title":"Rocking Chair ivoire - Collection Carrousel - Th\u00e9ophile et Patachou","description":"Bercez b\u00e9b\u00e9 avec \u00e9l\u00e9gance dans le Rocking Chair ivoire. Ce\u00a0fauteuil \u00e0 bascule beige\u00a0trouvera parfaitement sa place dans le salon ou la chambre de b\u00e9b\u00e9.","robots":{"index":"index","follow":"follow","max-snippet":"max-snippet:-1","max-image-preview":"max-image-preview:large","max-video-preview":"max-video-preview:-1"},"canonical":"https:\/\/shop.theophile-patachou.com\/fr\/produit\/rocking-chair-5\/","og_locale":"fr_FR","og_type":"article","og_title":"Rocking Chair ivoire - Collection Carrousel - Th\u00e9ophile et Patachou","og_description":"Bercez b\u00e9b\u00e9 avec \u00e9l\u00e9gance dans le Rocking Chair ivoire. Ce\u00a0fauteuil \u00e0 bascule beige\u00a0trouvera parfaitement sa place dans le salon ou la chambre de b\u00e9b\u00e9.","og_url":"https:\/\/shop.theophile-patachou.com\/fr\/produit\/rocking-chair-5\/","og_site_name":"Th\u00e9ophile et Patachou","article_publisher":"https:\/\/www.facebook.com\/Th%c3%a9ophile-Patachou-197829346970085\/","article_modified_time":"2026-04-18T13:30:46+00:00","og_image":[{"width":1200,"height":1200,"url":"https:\/\/shop.theophile-patachou.com\/wp-content\/uploads\/2022\/12\/ROCKING3.CA_.jpg","type":"image\/jpeg"}],"twitter_card":"summary_large_image","twitter_site":"@TPBelgium","twitter_misc":{"Dur\u00e9e de lecture estim\u00e9e":"1 minute"},"schema":{"@context":"https:\/\/schema.org","@graph":[{"@type":"WebPage","@id":"https:\/\/shop.theophile-patachou.com\/fr\/produit\/rocking-chair-5\/","url":"https:\/\/shop.theophile-patachou.com\/fr\/produit\/rocking-chair-5\/","name":"Rocking Chair ivoire - Collection Carrousel - Th\u00e9ophile et Patachou","isPartOf":{"@id":"https:\/\/shop.theophile-patachou.com\/fr\/#website"},"primaryImageOfPage":{"@id":"https:\/\/shop.theophile-patachou.com\/fr\/produit\/rocking-chair-5\/#primaryimage"},"image":{"@id":"https:\/\/shop.theophile-patachou.com\/fr\/produit\/rocking-chair-5\/#primaryimage"},"thumbnailUrl":"https:\/\/shop.theophile-patachou.com\/wp-content\/uploads\/2022\/12\/ROCKING3.CA_.jpg","datePublished":"2023-09-20T10:41:02+00:00","dateModified":"2026-04-18T13:30:46+00:00","description":"Bercez b\u00e9b\u00e9 avec \u00e9l\u00e9gance dans le Rocking Chair ivoire. Ce\u00a0fauteuil \u00e0 bascule beige\u00a0trouvera parfaitement sa place dans le salon ou la chambre de b\u00e9b\u00e9.","breadcrumb":{"@id":"https:\/\/shop.theophile-patachou.com\/fr\/produit\/rocking-chair-5\/#breadcrumb"},"inLanguage":"fr-FR","potentialAction":[{"@type":"ReadAction","target":["https:\/\/shop.theophile-patachou.com\/fr\/produit\/rocking-chair-5\/"]}]},{"@type":"ImageObject","inLanguage":"fr-FR","@id":"https:\/\/shop.theophile-patachou.com\/fr\/produit\/rocking-chair-5\/#primaryimage","url":"https:\/\/shop.theophile-patachou.com\/wp-content\/uploads\/2022\/12\/ROCKING3.CA_.jpg","contentUrl":"https:\/\/shop.theophile-patachou.com\/wp-content\/uploads\/2022\/12\/ROCKING3.CA_.jpg","width":1200,"height":1200},{"@type":"BreadcrumbList","@id":"https:\/\/shop.theophile-patachou.com\/fr\/produit\/rocking-chair-5\/#breadcrumb","itemListElement":[{"@type":"ListItem","position":1,"name":"Accueil","item":"https:\/\/shop.theophile-patachou.com\/fr\/"},{"@type":"ListItem","position":2,"name":"Produits","item":"https:\/\/shop.theophile-patachou.com\/fr\/shop\/"},{"@type":"ListItem","position":3,"name":"Rocking Chair"}]},{"@type":"WebSite","@id":"https:\/\/shop.theophile-patachou.com\/fr\/#website","url":"https:\/\/shop.theophile-patachou.com\/fr\/","name":"Th\u00e9ophile et Patachou","description":"Mobilier &amp; accessoires pour b\u00e9b\u00e9","publisher":{"@id":"https:\/\/shop.theophile-patachou.com\/fr\/#organization"},"potentialAction":[{"@type":"SearchAction","target":{"@type":"EntryPoint","urlTemplate":"https:\/\/shop.theophile-patachou.com\/fr\/?s={search_term_string}"},"query-input":{"@type":"PropertyValueSpecification","valueRequired":true,"valueName":"search_term_string"}}],"inLanguage":"fr-FR"},{"@type":"Organization","@id":"https:\/\/shop.theophile-patachou.com\/fr\/#organization","name":"Th\u00e9ophile & Patachou","url":"https:\/\/shop.theophile-patachou.com\/fr\/","logo":{"@type":"ImageObject","inLanguage":"fr-FR","@id":"https:\/\/shop.theophile-patachou.com\/fr\/#\/schema\/logo\/image\/","url":"https:\/\/shop.theophile-patachou.com\/wp-content\/uploads\/2014\/12\/site-login-logo.png","contentUrl":"https:\/\/shop.theophile-patachou.com\/wp-content\/uploads\/2014\/12\/site-login-logo.png","width":300,"height":150,"caption":"Th\u00e9ophile & Patachou"},"image":{"@id":"https:\/\/shop.theophile-patachou.com\/fr\/#\/schema\/logo\/image\/"},"sameAs":["https:\/\/www.facebook.com\/Th\u00e9ophile-Patachou-197829346970085\/","https:\/\/x.com\/TPBelgium","https:\/\/instagram.com\/theophile_patachou\/","https:\/\/www.pinterest.com\/ThPat\/"]}]}},"_links":{"self":[{"href":"https:\/\/shop.theophile-patachou.com\/fr\/wp-json\/wp\/v2\/product\/71487","targetHints":{"allow":["GET"]}}],"collection":[{"href":"https:\/\/shop.theophile-patachou.com\/fr\/wp-json\/wp\/v2\/product"}],"about":[{"href":"https:\/\/shop.theophile-patachou.com\/fr\/wp-json\/wp\/v2\/types\/product"}],"wp:featuredmedia":[{"embeddable":true,"href":"https:\/\/shop.theophile-patachou.com\/fr\/wp-json\/wp\/v2\/media\/69031"}],"wp:attachment":[{"href":"https:\/\/shop.theophile-patachou.com\/fr\/wp-json\/wp\/v2\/media?parent=71487"}],"wp:term":[{"taxonomy":"product_brand","embeddable":true,"href":"https:\/\/shop.theophile-patachou.com\/fr\/wp-json\/wp\/v2\/product_brand?post=71487"},{"taxonomy":"product_cat","embeddable":true,"href":"https:\/\/shop.theophile-patachou.com\/fr\/wp-json\/wp\/v2\/product_cat?post=71487"},{"taxonomy":"product_tag","embeddable":true,"href":"https:\/\/shop.theophile-patachou.com\/fr\/wp-json\/wp\/v2\/product_tag?post=71487"}],"curies":[{"name":"wp","href":"https:\/\/api.w.org\/{rel}","templated":true}]}}