{"id":71578,"date":"2023-09-25T15:20:35","date_gmt":"2023-09-25T14:20:35","guid":{"rendered":"https:\/\/shop.theophile-patachou.com\/?post_type=product&#038;p=71578"},"modified":"2026-05-01T02:31:15","modified_gmt":"2026-05-01T01:31:15","slug":"landau-beige","status":"publish","type":"product","link":"https:\/\/shop.theophile-patachou.com\/fr\/produit\/landau-beige\/","title":{"rendered":"Landau T&amp;P &#8211; beige"},"content":{"rendered":"<h2>Landau Beige<\/h2>\n<h4><strong>Livraison 4-8 jours ouvrables (d\u00e9lai de livraison sp\u00e9cial pour grands colis)<\/strong><\/h4>\n<p>Pratique et raffin\u00e9, le nouveau landau T&amp;P, r\u00e9pond aux besoins des <strong>parents<\/strong>.&nbsp; Il est id\u00e9al pour les <strong>promenades en ville ou au grand air<\/strong>.<\/p>\n<p>En version <strong>landau<\/strong> (nouveau-n\u00e9) ou <strong>assise poussette<\/strong> (\u00e0 partir de 6 mois) il est \u00e9tudi\u00e9 pour apporter une s\u00e9curit\u00e9 optimale et le meilleur confort \u00e0 votre <strong>b\u00e9b\u00e9<\/strong>.<\/p>\n<p>Emportez votre poussette en voiture gr\u00e2ce \u00e0 un syst\u00e8me de pliage simple. La nacelle est amovible. La poign\u00e9e \u00e0 hauteur r\u00e9glable peut s\u2019\u00e9quiper de moufles chaudes (incluses dans l\u2019\u00e9quipement de base de la poussette) pour le plus grand confort de papa et maman.<\/p>\n<p>Le syst\u00e8me de freins parking permet de rapidement caler les 2 roues en toute simplicit\u00e9.<\/p>\n<p>Votre poussette prot\u00e8gera b\u00e9b\u00e9 efficacement en toutes circonstances : tant du soleil, de la pluie que du froid gr\u00e2ce \u00e0 ses diff\u00e9rents accessoires.<\/p>\n<p>Le landau comprend : le <strong>ch\u00e2ssis<\/strong> (muni d\u2019une double suspension r\u00e9glable et de roues anti crevaison), le <strong>couffin<\/strong> (matelas et syst\u00e8me de ventilation incluse), le si\u00e8ge poussette, le sac landau et son matelas \u00e0 langer, le parasol, le porte gobelet, les protections pour les mains, la moustiquaire, la protection pluie et le panier de courses.<\/p>\n<p>Inclus dans la poussette :<\/p>\n<p>-Le nid d&rsquo;ange (chanceli\u00e8re landau) pour le si\u00e8ge auto<\/p>\n<p>-L&rsquo;adaptateur pour <strong>si\u00e8ge auto maxi-cosi<\/strong> et <strong>cybex<\/strong><\/p>\n<p>Couffin: 5,5 kg Assise: 4,5 kg chassis + roues: 8,5kg Dimensions chassis pli\u00e9: 72 X 58 X 58 cm<\/p>\n","protected":false},"excerpt":{"rendered":"<p>Landau T&amp;P &#8211; beige<\/p>\n","protected":false},"featured_media":82119,"template":"","meta":[],"product_brand":[],"product_cat":[163,1266],"product_tag":[174],"class_list":{"0":"post-71578","1":"product","2":"type-product","3":"status-publish","4":"has-post-thumbnail","6":"product_cat-produits-fr","7":"product_cat-landau","8":"product_tag-landau","10":"first","11":"instock","12":"taxable","13":"shipping-taxable","14":"purchasable","15":"product-type-simple"},"yoast_head":"<!-- This site is optimized with the Yoast SEO plugin v26.9 - https:\/\/yoast.com\/product\/yoast-seo-wordpress\/ -->\n<title>Landau T&amp;P - beige - Th\u00e9ophile et Patachou<\/title>\n<meta name=\"description\" content=\"Le landau T&amp;P: Pratique et raffin\u00e9, en version landau ou assise poussette il est \u00e9tudi\u00e9 pour apporter le meilleur confort \u00e0 votre b\u00e9b\u00e9.\" \/>\n<meta name=\"robots\" content=\"index, follow, max-snippet:-1, max-image-preview:large, max-video-preview:-1\" \/>\n<link rel=\"canonical\" href=\"https:\/\/shop.theophile-patachou.com\/fr\/produit\/landau-beige\/\" \/>\n<meta property=\"og:locale\" content=\"fr_FR\" \/>\n<meta property=\"og:type\" content=\"article\" \/>\n<meta property=\"og:title\" content=\"Landau T&amp;P - beige - Th\u00e9ophile et Patachou\" \/>\n<meta property=\"og:description\" content=\"Le landau T&amp;P: Pratique et raffin\u00e9, en version landau ou assise poussette il est \u00e9tudi\u00e9 pour apporter le meilleur confort \u00e0 votre b\u00e9b\u00e9.\" \/>\n<meta property=\"og:url\" content=\"https:\/\/shop.theophile-patachou.com\/fr\/produit\/landau-beige\/\" \/>\n<meta property=\"og:site_name\" content=\"Th\u00e9ophile et Patachou\" \/>\n<meta property=\"article:publisher\" content=\"https:\/\/www.facebook.com\/Th%c3%a9ophile-Patachou-197829346970085\/\" \/>\n<meta property=\"article:modified_time\" content=\"2026-05-01T01:31:15+00:00\" \/>\n<meta property=\"og:image\" content=\"https:\/\/shop.theophile-patachou.com\/wp-content\/uploads\/2025\/09\/CASUAL.NAT___CASUAL.NAT_.jpg\" \/>\n\t<meta property=\"og:image:width\" content=\"1200\" \/>\n\t<meta property=\"og:image:height\" content=\"1200\" \/>\n\t<meta property=\"og:image:type\" content=\"image\/jpeg\" \/>\n<meta name=\"twitter:card\" content=\"summary_large_image\" \/>\n<meta name=\"twitter:site\" content=\"@TPBelgium\" \/>\n<script type=\"application\/ld+json\" class=\"yoast-schema-graph\">{\"@context\":\"https:\/\/schema.org\",\"@graph\":[{\"@type\":\"WebPage\",\"@id\":\"https:\/\/shop.theophile-patachou.com\/fr\/produit\/landau-beige\/\",\"url\":\"https:\/\/shop.theophile-patachou.com\/fr\/produit\/landau-beige\/\",\"name\":\"Landau T&amp;P - beige - Th\u00e9ophile et Patachou\",\"isPartOf\":{\"@id\":\"https:\/\/shop.theophile-patachou.com\/fr\/#website\"},\"primaryImageOfPage\":{\"@id\":\"https:\/\/shop.theophile-patachou.com\/fr\/produit\/landau-beige\/#primaryimage\"},\"image\":{\"@id\":\"https:\/\/shop.theophile-patachou.com\/fr\/produit\/landau-beige\/#primaryimage\"},\"thumbnailUrl\":\"https:\/\/shop.theophile-patachou.com\/wp-content\/uploads\/2025\/09\/CASUAL.NAT___CASUAL.NAT_.jpg\",\"datePublished\":\"2023-09-25T14:20:35+00:00\",\"dateModified\":\"2026-05-01T01:31:15+00:00\",\"description\":\"Le landau T&P: Pratique et raffin\u00e9, en version landau ou assise poussette il est \u00e9tudi\u00e9 pour apporter le meilleur confort \u00e0 votre b\u00e9b\u00e9.\",\"breadcrumb\":{\"@id\":\"https:\/\/shop.theophile-patachou.com\/fr\/produit\/landau-beige\/#breadcrumb\"},\"inLanguage\":\"fr-FR\",\"potentialAction\":[{\"@type\":\"ReadAction\",\"target\":[\"https:\/\/shop.theophile-patachou.com\/fr\/produit\/landau-beige\/\"]}]},{\"@type\":\"ImageObject\",\"inLanguage\":\"fr-FR\",\"@id\":\"https:\/\/shop.theophile-patachou.com\/fr\/produit\/landau-beige\/#primaryimage\",\"url\":\"https:\/\/shop.theophile-patachou.com\/wp-content\/uploads\/2025\/09\/CASUAL.NAT___CASUAL.NAT_.jpg\",\"contentUrl\":\"https:\/\/shop.theophile-patachou.com\/wp-content\/uploads\/2025\/09\/CASUAL.NAT___CASUAL.NAT_.jpg\",\"width\":1200,\"height\":1200},{\"@type\":\"BreadcrumbList\",\"@id\":\"https:\/\/shop.theophile-patachou.com\/fr\/produit\/landau-beige\/#breadcrumb\",\"itemListElement\":[{\"@type\":\"ListItem\",\"position\":1,\"name\":\"Accueil\",\"item\":\"https:\/\/shop.theophile-patachou.com\/fr\/\"},{\"@type\":\"ListItem\",\"position\":2,\"name\":\"Produits\",\"item\":\"https:\/\/shop.theophile-patachou.com\/fr\/shop\/\"},{\"@type\":\"ListItem\",\"position\":3,\"name\":\"Landau T&amp;P &#8211; beige\"}]},{\"@type\":\"WebSite\",\"@id\":\"https:\/\/shop.theophile-patachou.com\/fr\/#website\",\"url\":\"https:\/\/shop.theophile-patachou.com\/fr\/\",\"name\":\"Th\u00e9ophile et Patachou\",\"description\":\"Mobilier &amp; accessoires pour b\u00e9b\u00e9\",\"publisher\":{\"@id\":\"https:\/\/shop.theophile-patachou.com\/fr\/#organization\"},\"potentialAction\":[{\"@type\":\"SearchAction\",\"target\":{\"@type\":\"EntryPoint\",\"urlTemplate\":\"https:\/\/shop.theophile-patachou.com\/fr\/?s={search_term_string}\"},\"query-input\":{\"@type\":\"PropertyValueSpecification\",\"valueRequired\":true,\"valueName\":\"search_term_string\"}}],\"inLanguage\":\"fr-FR\"},{\"@type\":\"Organization\",\"@id\":\"https:\/\/shop.theophile-patachou.com\/fr\/#organization\",\"name\":\"Th\u00e9ophile & Patachou\",\"url\":\"https:\/\/shop.theophile-patachou.com\/fr\/\",\"logo\":{\"@type\":\"ImageObject\",\"inLanguage\":\"fr-FR\",\"@id\":\"https:\/\/shop.theophile-patachou.com\/fr\/#\/schema\/logo\/image\/\",\"url\":\"https:\/\/shop.theophile-patachou.com\/wp-content\/uploads\/2014\/12\/site-login-logo.png\",\"contentUrl\":\"https:\/\/shop.theophile-patachou.com\/wp-content\/uploads\/2014\/12\/site-login-logo.png\",\"width\":300,\"height\":150,\"caption\":\"Th\u00e9ophile & Patachou\"},\"image\":{\"@id\":\"https:\/\/shop.theophile-patachou.com\/fr\/#\/schema\/logo\/image\/\"},\"sameAs\":[\"https:\/\/www.facebook.com\/Th\u00e9ophile-Patachou-197829346970085\/\",\"https:\/\/x.com\/TPBelgium\",\"https:\/\/instagram.com\/theophile_patachou\/\",\"https:\/\/www.pinterest.com\/ThPat\/\"]}]}<\/script>\n<!-- \/ Yoast SEO plugin. -->","yoast_head_json":{"title":"Landau T&amp;P - beige - Th\u00e9ophile et Patachou","description":"Le landau T&P: Pratique et raffin\u00e9, en version landau ou assise poussette il est \u00e9tudi\u00e9 pour apporter le meilleur confort \u00e0 votre b\u00e9b\u00e9.","robots":{"index":"index","follow":"follow","max-snippet":"max-snippet:-1","max-image-preview":"max-image-preview:large","max-video-preview":"max-video-preview:-1"},"canonical":"https:\/\/shop.theophile-patachou.com\/fr\/produit\/landau-beige\/","og_locale":"fr_FR","og_type":"article","og_title":"Landau T&amp;P - beige - Th\u00e9ophile et Patachou","og_description":"Le landau T&P: Pratique et raffin\u00e9, en version landau ou assise poussette il est \u00e9tudi\u00e9 pour apporter le meilleur confort \u00e0 votre b\u00e9b\u00e9.","og_url":"https:\/\/shop.theophile-patachou.com\/fr\/produit\/landau-beige\/","og_site_name":"Th\u00e9ophile et Patachou","article_publisher":"https:\/\/www.facebook.com\/Th%c3%a9ophile-Patachou-197829346970085\/","article_modified_time":"2026-05-01T01:31:15+00:00","og_image":[{"width":1200,"height":1200,"url":"https:\/\/shop.theophile-patachou.com\/wp-content\/uploads\/2025\/09\/CASUAL.NAT___CASUAL.NAT_.jpg","type":"image\/jpeg"}],"twitter_card":"summary_large_image","twitter_site":"@TPBelgium","schema":{"@context":"https:\/\/schema.org","@graph":[{"@type":"WebPage","@id":"https:\/\/shop.theophile-patachou.com\/fr\/produit\/landau-beige\/","url":"https:\/\/shop.theophile-patachou.com\/fr\/produit\/landau-beige\/","name":"Landau T&amp;P - beige - Th\u00e9ophile et Patachou","isPartOf":{"@id":"https:\/\/shop.theophile-patachou.com\/fr\/#website"},"primaryImageOfPage":{"@id":"https:\/\/shop.theophile-patachou.com\/fr\/produit\/landau-beige\/#primaryimage"},"image":{"@id":"https:\/\/shop.theophile-patachou.com\/fr\/produit\/landau-beige\/#primaryimage"},"thumbnailUrl":"https:\/\/shop.theophile-patachou.com\/wp-content\/uploads\/2025\/09\/CASUAL.NAT___CASUAL.NAT_.jpg","datePublished":"2023-09-25T14:20:35+00:00","dateModified":"2026-05-01T01:31:15+00:00","description":"Le landau T&P: Pratique et raffin\u00e9, en version landau ou assise poussette il est \u00e9tudi\u00e9 pour apporter le meilleur confort \u00e0 votre b\u00e9b\u00e9.","breadcrumb":{"@id":"https:\/\/shop.theophile-patachou.com\/fr\/produit\/landau-beige\/#breadcrumb"},"inLanguage":"fr-FR","potentialAction":[{"@type":"ReadAction","target":["https:\/\/shop.theophile-patachou.com\/fr\/produit\/landau-beige\/"]}]},{"@type":"ImageObject","inLanguage":"fr-FR","@id":"https:\/\/shop.theophile-patachou.com\/fr\/produit\/landau-beige\/#primaryimage","url":"https:\/\/shop.theophile-patachou.com\/wp-content\/uploads\/2025\/09\/CASUAL.NAT___CASUAL.NAT_.jpg","contentUrl":"https:\/\/shop.theophile-patachou.com\/wp-content\/uploads\/2025\/09\/CASUAL.NAT___CASUAL.NAT_.jpg","width":1200,"height":1200},{"@type":"BreadcrumbList","@id":"https:\/\/shop.theophile-patachou.com\/fr\/produit\/landau-beige\/#breadcrumb","itemListElement":[{"@type":"ListItem","position":1,"name":"Accueil","item":"https:\/\/shop.theophile-patachou.com\/fr\/"},{"@type":"ListItem","position":2,"name":"Produits","item":"https:\/\/shop.theophile-patachou.com\/fr\/shop\/"},{"@type":"ListItem","position":3,"name":"Landau T&amp;P &#8211; beige"}]},{"@type":"WebSite","@id":"https:\/\/shop.theophile-patachou.com\/fr\/#website","url":"https:\/\/shop.theophile-patachou.com\/fr\/","name":"Th\u00e9ophile et Patachou","description":"Mobilier &amp; accessoires pour b\u00e9b\u00e9","publisher":{"@id":"https:\/\/shop.theophile-patachou.com\/fr\/#organization"},"potentialAction":[{"@type":"SearchAction","target":{"@type":"EntryPoint","urlTemplate":"https:\/\/shop.theophile-patachou.com\/fr\/?s={search_term_string}"},"query-input":{"@type":"PropertyValueSpecification","valueRequired":true,"valueName":"search_term_string"}}],"inLanguage":"fr-FR"},{"@type":"Organization","@id":"https:\/\/shop.theophile-patachou.com\/fr\/#organization","name":"Th\u00e9ophile & Patachou","url":"https:\/\/shop.theophile-patachou.com\/fr\/","logo":{"@type":"ImageObject","inLanguage":"fr-FR","@id":"https:\/\/shop.theophile-patachou.com\/fr\/#\/schema\/logo\/image\/","url":"https:\/\/shop.theophile-patachou.com\/wp-content\/uploads\/2014\/12\/site-login-logo.png","contentUrl":"https:\/\/shop.theophile-patachou.com\/wp-content\/uploads\/2014\/12\/site-login-logo.png","width":300,"height":150,"caption":"Th\u00e9ophile & Patachou"},"image":{"@id":"https:\/\/shop.theophile-patachou.com\/fr\/#\/schema\/logo\/image\/"},"sameAs":["https:\/\/www.facebook.com\/Th\u00e9ophile-Patachou-197829346970085\/","https:\/\/x.com\/TPBelgium","https:\/\/instagram.com\/theophile_patachou\/","https:\/\/www.pinterest.com\/ThPat\/"]}]}},"_links":{"self":[{"href":"https:\/\/shop.theophile-patachou.com\/fr\/wp-json\/wp\/v2\/product\/71578","targetHints":{"allow":["GET"]}}],"collection":[{"href":"https:\/\/shop.theophile-patachou.com\/fr\/wp-json\/wp\/v2\/product"}],"about":[{"href":"https:\/\/shop.theophile-patachou.com\/fr\/wp-json\/wp\/v2\/types\/product"}],"wp:featuredmedia":[{"embeddable":true,"href":"https:\/\/shop.theophile-patachou.com\/fr\/wp-json\/wp\/v2\/media\/82119"}],"wp:attachment":[{"href":"https:\/\/shop.theophile-patachou.com\/fr\/wp-json\/wp\/v2\/media?parent=71578"}],"wp:term":[{"taxonomy":"product_brand","embeddable":true,"href":"https:\/\/shop.theophile-patachou.com\/fr\/wp-json\/wp\/v2\/product_brand?post=71578"},{"taxonomy":"product_cat","embeddable":true,"href":"https:\/\/shop.theophile-patachou.com\/fr\/wp-json\/wp\/v2\/product_cat?post=71578"},{"taxonomy":"product_tag","embeddable":true,"href":"https:\/\/shop.theophile-patachou.com\/fr\/wp-json\/wp\/v2\/product_tag?post=71578"}],"curies":[{"name":"wp","href":"https:\/\/api.w.org\/{rel}","templated":true}]}}