{"id":74626,"date":"2024-05-23T17:23:43","date_gmt":"2024-05-23T16:23:43","guid":{"rendered":"https:\/\/shop.theophile-patachou.com\/?post_type=product&#038;p=74626"},"modified":"2026-04-18T02:30:30","modified_gmt":"2026-04-18T01:30:30","slug":"doudou-lapin-personnalise","status":"publish","type":"product","link":"https:\/\/shop.theophile-patachou.com\/fr\/produit\/doudou-lapin-personnalise\/","title":{"rendered":"Doudou lapin personnalis\u00e9"},"content":{"rendered":"<p>Doudou lapin en velours blanc. La peluche id\u00e9al qui aidera b\u00e9b\u00e9 \u00e0 s&rsquo;endormir paisiblement.<\/p>\n<p>D\u00e9couvrez les autres <a href=\"https:\/\/shop.theophile-patachou.com\/fr\/categorie-produit\/doudous-et-peluches\/\">doudous et peluches Th\u00e9ophile &amp; Patachou<\/a><\/p>\n<p>Personnalisez le doudou lapin au pr\u00e9nom de l&rsquo;enfant pour un souvenir unique.<\/p>\n<p>Couleur : blanc<\/p>\n<p><strong>Les articles personnalis\u00e9s ne pourront pas \u00eatre \u00e9chang\u00e9s ou retourn\u00e9s.<\/strong><\/p>\n<p>&nbsp;<\/p>\n","protected":false},"excerpt":{"rendered":"<h2>Doudou lapin en velours &#8211; personnalis\u00e9<\/h2>\n<p><strong>Le compagnon id\u00e9al<\/strong> qui aidera <strong>b\u00e9b\u00e9 \u00e0 s&rsquo;endormir<\/strong> paisiblement.<\/p>\n<p>Sa douceur est irr\u00e9sistible !<\/p>\n<p>Personnalisez le doudou lapin au pr\u00e9nom de l&rsquo;enfant pour un souvenir unique.<\/p>\n<p><strong>Les articles personnalis\u00e9s ne pourront pas \u00eatre \u00e9chang\u00e9s ou retourn\u00e9s.<\/strong><\/p>\n<p>&nbsp;<\/p>\n<p>&nbsp;<\/p>\n","protected":false},"featured_media":74662,"template":"","meta":[],"product_brand":[],"product_cat":[1529,1530,177,1561,1396,1377,103,106],"product_tag":[171,655,690,670],"class_list":{"0":"post-74626","1":"product","2":"type-product","3":"status-publish","4":"has-post-thumbnail","6":"product_cat-personnalisation-t","7":"product_cat-personnalisation-fr","8":"product_cat-collections-fr","9":"product_cat-classic-car","10":"product_cat-cotton-white","11":"product_cat-safari-fr","12":"product_cat-doudous-et-peluches","13":"product_cat-le-doudou","14":"product_tag-blanc","15":"product_tag-doudou","16":"product_tag-lapin","17":"product_tag-peluche","18":"wcpa_has_options","20":"first","21":"instock","22":"taxable","23":"shipping-taxable","24":"purchasable","25":"product-type-simple"},"yoast_head":"<!-- This site is optimized with the Yoast SEO plugin v26.9 - https:\/\/yoast.com\/product\/yoast-seo-wordpress\/ -->\n<title>Doudou Lapin Cotton White - Th\u00e9ophile et Patachou<\/title>\n<meta name=\"description\" content=\"Le doudou lapin en velours blanc est le compagnon id\u00e9al qui aidera b\u00e9b\u00e9 \u00e0 s&#039;endormir paisiblement. Collection Cotton White + personnalisation\" \/>\n<meta name=\"robots\" content=\"index, follow, max-snippet:-1, max-image-preview:large, max-video-preview:-1\" \/>\n<link rel=\"canonical\" href=\"https:\/\/shop.theophile-patachou.com\/fr\/produit\/doudou-lapin-personnalise\/\" \/>\n<meta property=\"og:locale\" content=\"fr_FR\" \/>\n<meta property=\"og:type\" content=\"article\" \/>\n<meta property=\"og:title\" content=\"Doudou Lapin Cotton White - Th\u00e9ophile et Patachou\" \/>\n<meta property=\"og:description\" content=\"Le doudou lapin en velours blanc est le compagnon id\u00e9al qui aidera b\u00e9b\u00e9 \u00e0 s&#039;endormir paisiblement. Collection Cotton White + personnalisation\" \/>\n<meta property=\"og:url\" content=\"https:\/\/shop.theophile-patachou.com\/fr\/produit\/doudou-lapin-personnalise\/\" \/>\n<meta property=\"og:site_name\" content=\"Th\u00e9ophile et Patachou\" \/>\n<meta property=\"article:publisher\" content=\"https:\/\/www.facebook.com\/Th%c3%a9ophile-Patachou-197829346970085\/\" \/>\n<meta property=\"article:modified_time\" content=\"2026-04-18T01:30:30+00:00\" \/>\n<meta property=\"og:image\" content=\"https:\/\/shop.theophile-patachou.com\/wp-content\/uploads\/2024\/05\/Z9D_7675.jpg\" \/>\n\t<meta property=\"og:image:width\" content=\"1200\" \/>\n\t<meta property=\"og:image:height\" content=\"1200\" \/>\n\t<meta property=\"og:image:type\" content=\"image\/jpeg\" \/>\n<meta name=\"twitter:card\" content=\"summary_large_image\" \/>\n<meta name=\"twitter:site\" content=\"@TPBelgium\" \/>\n<meta name=\"twitter:label1\" content=\"Dur\u00e9e de lecture estim\u00e9e\" \/>\n\t<meta name=\"twitter:data1\" content=\"1 minute\" \/>\n<script type=\"application\/ld+json\" class=\"yoast-schema-graph\">{\"@context\":\"https:\/\/schema.org\",\"@graph\":[{\"@type\":\"WebPage\",\"@id\":\"https:\/\/shop.theophile-patachou.com\/fr\/produit\/doudou-lapin-personnalise\/\",\"url\":\"https:\/\/shop.theophile-patachou.com\/fr\/produit\/doudou-lapin-personnalise\/\",\"name\":\"Doudou Lapin Cotton White - Th\u00e9ophile et Patachou\",\"isPartOf\":{\"@id\":\"https:\/\/shop.theophile-patachou.com\/fr\/#website\"},\"primaryImageOfPage\":{\"@id\":\"https:\/\/shop.theophile-patachou.com\/fr\/produit\/doudou-lapin-personnalise\/#primaryimage\"},\"image\":{\"@id\":\"https:\/\/shop.theophile-patachou.com\/fr\/produit\/doudou-lapin-personnalise\/#primaryimage\"},\"thumbnailUrl\":\"https:\/\/shop.theophile-patachou.com\/wp-content\/uploads\/2024\/05\/Z9D_7675.jpg\",\"datePublished\":\"2024-05-23T16:23:43+00:00\",\"dateModified\":\"2026-04-18T01:30:30+00:00\",\"description\":\"Le doudou lapin en velours blanc est le compagnon id\u00e9al qui aidera b\u00e9b\u00e9 \u00e0 s'endormir paisiblement. Collection Cotton White + personnalisation\",\"breadcrumb\":{\"@id\":\"https:\/\/shop.theophile-patachou.com\/fr\/produit\/doudou-lapin-personnalise\/#breadcrumb\"},\"inLanguage\":\"fr-FR\",\"potentialAction\":[{\"@type\":\"ReadAction\",\"target\":[\"https:\/\/shop.theophile-patachou.com\/fr\/produit\/doudou-lapin-personnalise\/\"]}]},{\"@type\":\"ImageObject\",\"inLanguage\":\"fr-FR\",\"@id\":\"https:\/\/shop.theophile-patachou.com\/fr\/produit\/doudou-lapin-personnalise\/#primaryimage\",\"url\":\"https:\/\/shop.theophile-patachou.com\/wp-content\/uploads\/2024\/05\/Z9D_7675.jpg\",\"contentUrl\":\"https:\/\/shop.theophile-patachou.com\/wp-content\/uploads\/2024\/05\/Z9D_7675.jpg\",\"width\":1200,\"height\":1200},{\"@type\":\"BreadcrumbList\",\"@id\":\"https:\/\/shop.theophile-patachou.com\/fr\/produit\/doudou-lapin-personnalise\/#breadcrumb\",\"itemListElement\":[{\"@type\":\"ListItem\",\"position\":1,\"name\":\"Accueil\",\"item\":\"https:\/\/shop.theophile-patachou.com\/fr\/\"},{\"@type\":\"ListItem\",\"position\":2,\"name\":\"Produits\",\"item\":\"https:\/\/shop.theophile-patachou.com\/fr\/shop\/\"},{\"@type\":\"ListItem\",\"position\":3,\"name\":\"Doudou lapin personnalis\u00e9\"}]},{\"@type\":\"WebSite\",\"@id\":\"https:\/\/shop.theophile-patachou.com\/fr\/#website\",\"url\":\"https:\/\/shop.theophile-patachou.com\/fr\/\",\"name\":\"Th\u00e9ophile et Patachou\",\"description\":\"Mobilier &amp; accessoires pour b\u00e9b\u00e9\",\"publisher\":{\"@id\":\"https:\/\/shop.theophile-patachou.com\/fr\/#organization\"},\"potentialAction\":[{\"@type\":\"SearchAction\",\"target\":{\"@type\":\"EntryPoint\",\"urlTemplate\":\"https:\/\/shop.theophile-patachou.com\/fr\/?s={search_term_string}\"},\"query-input\":{\"@type\":\"PropertyValueSpecification\",\"valueRequired\":true,\"valueName\":\"search_term_string\"}}],\"inLanguage\":\"fr-FR\"},{\"@type\":\"Organization\",\"@id\":\"https:\/\/shop.theophile-patachou.com\/fr\/#organization\",\"name\":\"Th\u00e9ophile & Patachou\",\"url\":\"https:\/\/shop.theophile-patachou.com\/fr\/\",\"logo\":{\"@type\":\"ImageObject\",\"inLanguage\":\"fr-FR\",\"@id\":\"https:\/\/shop.theophile-patachou.com\/fr\/#\/schema\/logo\/image\/\",\"url\":\"https:\/\/shop.theophile-patachou.com\/wp-content\/uploads\/2014\/12\/site-login-logo.png\",\"contentUrl\":\"https:\/\/shop.theophile-patachou.com\/wp-content\/uploads\/2014\/12\/site-login-logo.png\",\"width\":300,\"height\":150,\"caption\":\"Th\u00e9ophile & Patachou\"},\"image\":{\"@id\":\"https:\/\/shop.theophile-patachou.com\/fr\/#\/schema\/logo\/image\/\"},\"sameAs\":[\"https:\/\/www.facebook.com\/Th\u00e9ophile-Patachou-197829346970085\/\",\"https:\/\/x.com\/TPBelgium\",\"https:\/\/instagram.com\/theophile_patachou\/\",\"https:\/\/www.pinterest.com\/ThPat\/\"]}]}<\/script>\n<!-- \/ Yoast SEO plugin. -->","yoast_head_json":{"title":"Doudou Lapin Cotton White - Th\u00e9ophile et Patachou","description":"Le doudou lapin en velours blanc est le compagnon id\u00e9al qui aidera b\u00e9b\u00e9 \u00e0 s'endormir paisiblement. Collection Cotton White + personnalisation","robots":{"index":"index","follow":"follow","max-snippet":"max-snippet:-1","max-image-preview":"max-image-preview:large","max-video-preview":"max-video-preview:-1"},"canonical":"https:\/\/shop.theophile-patachou.com\/fr\/produit\/doudou-lapin-personnalise\/","og_locale":"fr_FR","og_type":"article","og_title":"Doudou Lapin Cotton White - Th\u00e9ophile et Patachou","og_description":"Le doudou lapin en velours blanc est le compagnon id\u00e9al qui aidera b\u00e9b\u00e9 \u00e0 s'endormir paisiblement. Collection Cotton White + personnalisation","og_url":"https:\/\/shop.theophile-patachou.com\/fr\/produit\/doudou-lapin-personnalise\/","og_site_name":"Th\u00e9ophile et Patachou","article_publisher":"https:\/\/www.facebook.com\/Th%c3%a9ophile-Patachou-197829346970085\/","article_modified_time":"2026-04-18T01:30:30+00:00","og_image":[{"width":1200,"height":1200,"url":"https:\/\/shop.theophile-patachou.com\/wp-content\/uploads\/2024\/05\/Z9D_7675.jpg","type":"image\/jpeg"}],"twitter_card":"summary_large_image","twitter_site":"@TPBelgium","twitter_misc":{"Dur\u00e9e de lecture estim\u00e9e":"1 minute"},"schema":{"@context":"https:\/\/schema.org","@graph":[{"@type":"WebPage","@id":"https:\/\/shop.theophile-patachou.com\/fr\/produit\/doudou-lapin-personnalise\/","url":"https:\/\/shop.theophile-patachou.com\/fr\/produit\/doudou-lapin-personnalise\/","name":"Doudou Lapin Cotton White - Th\u00e9ophile et Patachou","isPartOf":{"@id":"https:\/\/shop.theophile-patachou.com\/fr\/#website"},"primaryImageOfPage":{"@id":"https:\/\/shop.theophile-patachou.com\/fr\/produit\/doudou-lapin-personnalise\/#primaryimage"},"image":{"@id":"https:\/\/shop.theophile-patachou.com\/fr\/produit\/doudou-lapin-personnalise\/#primaryimage"},"thumbnailUrl":"https:\/\/shop.theophile-patachou.com\/wp-content\/uploads\/2024\/05\/Z9D_7675.jpg","datePublished":"2024-05-23T16:23:43+00:00","dateModified":"2026-04-18T01:30:30+00:00","description":"Le doudou lapin en velours blanc est le compagnon id\u00e9al qui aidera b\u00e9b\u00e9 \u00e0 s'endormir paisiblement. Collection Cotton White + personnalisation","breadcrumb":{"@id":"https:\/\/shop.theophile-patachou.com\/fr\/produit\/doudou-lapin-personnalise\/#breadcrumb"},"inLanguage":"fr-FR","potentialAction":[{"@type":"ReadAction","target":["https:\/\/shop.theophile-patachou.com\/fr\/produit\/doudou-lapin-personnalise\/"]}]},{"@type":"ImageObject","inLanguage":"fr-FR","@id":"https:\/\/shop.theophile-patachou.com\/fr\/produit\/doudou-lapin-personnalise\/#primaryimage","url":"https:\/\/shop.theophile-patachou.com\/wp-content\/uploads\/2024\/05\/Z9D_7675.jpg","contentUrl":"https:\/\/shop.theophile-patachou.com\/wp-content\/uploads\/2024\/05\/Z9D_7675.jpg","width":1200,"height":1200},{"@type":"BreadcrumbList","@id":"https:\/\/shop.theophile-patachou.com\/fr\/produit\/doudou-lapin-personnalise\/#breadcrumb","itemListElement":[{"@type":"ListItem","position":1,"name":"Accueil","item":"https:\/\/shop.theophile-patachou.com\/fr\/"},{"@type":"ListItem","position":2,"name":"Produits","item":"https:\/\/shop.theophile-patachou.com\/fr\/shop\/"},{"@type":"ListItem","position":3,"name":"Doudou lapin personnalis\u00e9"}]},{"@type":"WebSite","@id":"https:\/\/shop.theophile-patachou.com\/fr\/#website","url":"https:\/\/shop.theophile-patachou.com\/fr\/","name":"Th\u00e9ophile et Patachou","description":"Mobilier &amp; accessoires pour b\u00e9b\u00e9","publisher":{"@id":"https:\/\/shop.theophile-patachou.com\/fr\/#organization"},"potentialAction":[{"@type":"SearchAction","target":{"@type":"EntryPoint","urlTemplate":"https:\/\/shop.theophile-patachou.com\/fr\/?s={search_term_string}"},"query-input":{"@type":"PropertyValueSpecification","valueRequired":true,"valueName":"search_term_string"}}],"inLanguage":"fr-FR"},{"@type":"Organization","@id":"https:\/\/shop.theophile-patachou.com\/fr\/#organization","name":"Th\u00e9ophile & Patachou","url":"https:\/\/shop.theophile-patachou.com\/fr\/","logo":{"@type":"ImageObject","inLanguage":"fr-FR","@id":"https:\/\/shop.theophile-patachou.com\/fr\/#\/schema\/logo\/image\/","url":"https:\/\/shop.theophile-patachou.com\/wp-content\/uploads\/2014\/12\/site-login-logo.png","contentUrl":"https:\/\/shop.theophile-patachou.com\/wp-content\/uploads\/2014\/12\/site-login-logo.png","width":300,"height":150,"caption":"Th\u00e9ophile & Patachou"},"image":{"@id":"https:\/\/shop.theophile-patachou.com\/fr\/#\/schema\/logo\/image\/"},"sameAs":["https:\/\/www.facebook.com\/Th\u00e9ophile-Patachou-197829346970085\/","https:\/\/x.com\/TPBelgium","https:\/\/instagram.com\/theophile_patachou\/","https:\/\/www.pinterest.com\/ThPat\/"]}]}},"_links":{"self":[{"href":"https:\/\/shop.theophile-patachou.com\/fr\/wp-json\/wp\/v2\/product\/74626","targetHints":{"allow":["GET"]}}],"collection":[{"href":"https:\/\/shop.theophile-patachou.com\/fr\/wp-json\/wp\/v2\/product"}],"about":[{"href":"https:\/\/shop.theophile-patachou.com\/fr\/wp-json\/wp\/v2\/types\/product"}],"wp:featuredmedia":[{"embeddable":true,"href":"https:\/\/shop.theophile-patachou.com\/fr\/wp-json\/wp\/v2\/media\/74662"}],"wp:attachment":[{"href":"https:\/\/shop.theophile-patachou.com\/fr\/wp-json\/wp\/v2\/media?parent=74626"}],"wp:term":[{"taxonomy":"product_brand","embeddable":true,"href":"https:\/\/shop.theophile-patachou.com\/fr\/wp-json\/wp\/v2\/product_brand?post=74626"},{"taxonomy":"product_cat","embeddable":true,"href":"https:\/\/shop.theophile-patachou.com\/fr\/wp-json\/wp\/v2\/product_cat?post=74626"},{"taxonomy":"product_tag","embeddable":true,"href":"https:\/\/shop.theophile-patachou.com\/fr\/wp-json\/wp\/v2\/product_tag?post=74626"}],"curies":[{"name":"wp","href":"https:\/\/api.w.org\/{rel}","templated":true}]}}