{"id":75569,"date":"2024-10-10T17:06:31","date_gmt":"2024-10-10T16:06:31","guid":{"rendered":"https:\/\/shop.theophile-patachou.com\/?post_type=product&#038;p=75569"},"modified":"2026-04-09T18:30:31","modified_gmt":"2026-04-09T17:30:31","slug":"moufles-jersey-gaufre-9","status":"publish","type":"product","link":"https:\/\/shop.theophile-patachou.com\/fr\/produit\/moufles-jersey-gaufre-9\/","title":{"rendered":"Moufles jersey gaufr\u00e9"},"content":{"rendered":"<p>Moufles pour b\u00e9b\u00e9 en jersey gaufr\u00e9 brod\u00e9 voiture ciel. Parfait pour la maternit\u00e9 et les premiers jours de b\u00e9b\u00e9. Taille unique.<\/p>\n","protected":false},"excerpt":{"rendered":"<p>Moufles jersey gaufr\u00e9 &#8211; \u00a0Ciel<\/p>\n","protected":false},"featured_media":72245,"template":"","meta":[],"product_brand":[],"product_cat":[97,895,1540],"product_tag":[677,679,82,682,908],"class_list":{"0":"post-75569","1":"product","2":"type-product","3":"status-publish","4":"has-post-thumbnail","6":"product_cat-vetements-layette-fr","7":"product_cat-setmaternite","8":"product_cat-layette-casual-fr","9":"product_tag-fille","10":"product_tag-garcon","11":"product_tag-layette","12":"product_tag-mixte","13":"product_tag-moufle","15":"first","16":"instock","17":"taxable","18":"shipping-taxable","19":"purchasable","20":"product-type-simple"},"yoast_head":"<!-- This site is optimized with the Yoast SEO plugin v26.9 - https:\/\/yoast.com\/product\/yoast-seo-wordpress\/ -->\n<title>Moufles Jersey Gaufr\u00e9 blanc pour b\u00e9b\u00e9 - Th\u00e9ophile et Patachou<\/title>\n<meta name=\"description\" content=\"Prot\u00e9gez b\u00e9b\u00e9 avec ces moufles en jersey gaufr\u00e9 blanc Th\u00e9ophile &amp; Patachou. Id\u00e9al pour la maternit\u00e9 et ses premiers jours.\" \/>\n<meta name=\"robots\" content=\"index, follow, max-snippet:-1, max-image-preview:large, max-video-preview:-1\" \/>\n<link rel=\"canonical\" href=\"https:\/\/shop.theophile-patachou.com\/fr\/produit\/moufles-jersey-gaufre-9\/\" \/>\n<meta property=\"og:locale\" content=\"fr_FR\" \/>\n<meta property=\"og:type\" content=\"article\" \/>\n<meta property=\"og:title\" content=\"Moufles Jersey Gaufr\u00e9 blanc pour b\u00e9b\u00e9 - Th\u00e9ophile et Patachou\" \/>\n<meta property=\"og:description\" content=\"Prot\u00e9gez b\u00e9b\u00e9 avec ces moufles en jersey gaufr\u00e9 blanc Th\u00e9ophile &amp; Patachou. Id\u00e9al pour la maternit\u00e9 et ses premiers jours.\" \/>\n<meta property=\"og:url\" content=\"https:\/\/shop.theophile-patachou.com\/fr\/produit\/moufles-jersey-gaufre-9\/\" \/>\n<meta property=\"og:site_name\" content=\"Th\u00e9ophile et Patachou\" \/>\n<meta property=\"article:publisher\" content=\"https:\/\/www.facebook.com\/Th%c3%a9ophile-Patachou-197829346970085\/\" \/>\n<meta property=\"article:modified_time\" content=\"2026-04-09T17:30:31+00:00\" \/>\n<meta property=\"og:image\" content=\"https:\/\/shop.theophile-patachou.com\/wp-content\/uploads\/2023\/09\/MOUF.G121CI.jpg\" \/>\n\t<meta property=\"og:image:width\" content=\"1200\" \/>\n\t<meta property=\"og:image:height\" content=\"1200\" \/>\n\t<meta property=\"og:image:type\" content=\"image\/jpeg\" \/>\n<meta name=\"twitter:card\" content=\"summary_large_image\" \/>\n<meta name=\"twitter:site\" content=\"@TPBelgium\" \/>\n<meta name=\"twitter:label1\" content=\"Dur\u00e9e de lecture estim\u00e9e\" \/>\n\t<meta name=\"twitter:data1\" content=\"1 minute\" \/>\n<script type=\"application\/ld+json\" class=\"yoast-schema-graph\">{\"@context\":\"https:\/\/schema.org\",\"@graph\":[{\"@type\":\"WebPage\",\"@id\":\"https:\/\/shop.theophile-patachou.com\/fr\/produit\/moufles-jersey-gaufre-9\/\",\"url\":\"https:\/\/shop.theophile-patachou.com\/fr\/produit\/moufles-jersey-gaufre-9\/\",\"name\":\"Moufles Jersey Gaufr\u00e9 blanc pour b\u00e9b\u00e9 - Th\u00e9ophile et Patachou\",\"isPartOf\":{\"@id\":\"https:\/\/shop.theophile-patachou.com\/fr\/#website\"},\"primaryImageOfPage\":{\"@id\":\"https:\/\/shop.theophile-patachou.com\/fr\/produit\/moufles-jersey-gaufre-9\/#primaryimage\"},\"image\":{\"@id\":\"https:\/\/shop.theophile-patachou.com\/fr\/produit\/moufles-jersey-gaufre-9\/#primaryimage\"},\"thumbnailUrl\":\"https:\/\/shop.theophile-patachou.com\/wp-content\/uploads\/2023\/09\/MOUF.G121CI.jpg\",\"datePublished\":\"2024-10-10T16:06:31+00:00\",\"dateModified\":\"2026-04-09T17:30:31+00:00\",\"description\":\"Prot\u00e9gez b\u00e9b\u00e9 avec ces moufles en jersey gaufr\u00e9 blanc Th\u00e9ophile & Patachou. Id\u00e9al pour la maternit\u00e9 et ses premiers jours.\",\"breadcrumb\":{\"@id\":\"https:\/\/shop.theophile-patachou.com\/fr\/produit\/moufles-jersey-gaufre-9\/#breadcrumb\"},\"inLanguage\":\"fr-FR\",\"potentialAction\":[{\"@type\":\"ReadAction\",\"target\":[\"https:\/\/shop.theophile-patachou.com\/fr\/produit\/moufles-jersey-gaufre-9\/\"]}]},{\"@type\":\"ImageObject\",\"inLanguage\":\"fr-FR\",\"@id\":\"https:\/\/shop.theophile-patachou.com\/fr\/produit\/moufles-jersey-gaufre-9\/#primaryimage\",\"url\":\"https:\/\/shop.theophile-patachou.com\/wp-content\/uploads\/2023\/09\/MOUF.G121CI.jpg\",\"contentUrl\":\"https:\/\/shop.theophile-patachou.com\/wp-content\/uploads\/2023\/09\/MOUF.G121CI.jpg\",\"width\":1200,\"height\":1200},{\"@type\":\"BreadcrumbList\",\"@id\":\"https:\/\/shop.theophile-patachou.com\/fr\/produit\/moufles-jersey-gaufre-9\/#breadcrumb\",\"itemListElement\":[{\"@type\":\"ListItem\",\"position\":1,\"name\":\"Accueil\",\"item\":\"https:\/\/shop.theophile-patachou.com\/fr\/\"},{\"@type\":\"ListItem\",\"position\":2,\"name\":\"Produits\",\"item\":\"https:\/\/shop.theophile-patachou.com\/fr\/shop\/\"},{\"@type\":\"ListItem\",\"position\":3,\"name\":\"Moufles jersey gaufr\u00e9\"}]},{\"@type\":\"WebSite\",\"@id\":\"https:\/\/shop.theophile-patachou.com\/fr\/#website\",\"url\":\"https:\/\/shop.theophile-patachou.com\/fr\/\",\"name\":\"Th\u00e9ophile et Patachou\",\"description\":\"Mobilier &amp; accessoires pour b\u00e9b\u00e9\",\"publisher\":{\"@id\":\"https:\/\/shop.theophile-patachou.com\/fr\/#organization\"},\"potentialAction\":[{\"@type\":\"SearchAction\",\"target\":{\"@type\":\"EntryPoint\",\"urlTemplate\":\"https:\/\/shop.theophile-patachou.com\/fr\/?s={search_term_string}\"},\"query-input\":{\"@type\":\"PropertyValueSpecification\",\"valueRequired\":true,\"valueName\":\"search_term_string\"}}],\"inLanguage\":\"fr-FR\"},{\"@type\":\"Organization\",\"@id\":\"https:\/\/shop.theophile-patachou.com\/fr\/#organization\",\"name\":\"Th\u00e9ophile & Patachou\",\"url\":\"https:\/\/shop.theophile-patachou.com\/fr\/\",\"logo\":{\"@type\":\"ImageObject\",\"inLanguage\":\"fr-FR\",\"@id\":\"https:\/\/shop.theophile-patachou.com\/fr\/#\/schema\/logo\/image\/\",\"url\":\"https:\/\/shop.theophile-patachou.com\/wp-content\/uploads\/2014\/12\/site-login-logo.png\",\"contentUrl\":\"https:\/\/shop.theophile-patachou.com\/wp-content\/uploads\/2014\/12\/site-login-logo.png\",\"width\":300,\"height\":150,\"caption\":\"Th\u00e9ophile & Patachou\"},\"image\":{\"@id\":\"https:\/\/shop.theophile-patachou.com\/fr\/#\/schema\/logo\/image\/\"},\"sameAs\":[\"https:\/\/www.facebook.com\/Th\u00e9ophile-Patachou-197829346970085\/\",\"https:\/\/x.com\/TPBelgium\",\"https:\/\/instagram.com\/theophile_patachou\/\",\"https:\/\/www.pinterest.com\/ThPat\/\"]}]}<\/script>\n<!-- \/ Yoast SEO plugin. -->","yoast_head_json":{"title":"Moufles Jersey Gaufr\u00e9 blanc pour b\u00e9b\u00e9 - Th\u00e9ophile et Patachou","description":"Prot\u00e9gez b\u00e9b\u00e9 avec ces moufles en jersey gaufr\u00e9 blanc Th\u00e9ophile & Patachou. Id\u00e9al pour la maternit\u00e9 et ses premiers jours.","robots":{"index":"index","follow":"follow","max-snippet":"max-snippet:-1","max-image-preview":"max-image-preview:large","max-video-preview":"max-video-preview:-1"},"canonical":"https:\/\/shop.theophile-patachou.com\/fr\/produit\/moufles-jersey-gaufre-9\/","og_locale":"fr_FR","og_type":"article","og_title":"Moufles Jersey Gaufr\u00e9 blanc pour b\u00e9b\u00e9 - Th\u00e9ophile et Patachou","og_description":"Prot\u00e9gez b\u00e9b\u00e9 avec ces moufles en jersey gaufr\u00e9 blanc Th\u00e9ophile & Patachou. Id\u00e9al pour la maternit\u00e9 et ses premiers jours.","og_url":"https:\/\/shop.theophile-patachou.com\/fr\/produit\/moufles-jersey-gaufre-9\/","og_site_name":"Th\u00e9ophile et Patachou","article_publisher":"https:\/\/www.facebook.com\/Th%c3%a9ophile-Patachou-197829346970085\/","article_modified_time":"2026-04-09T17:30:31+00:00","og_image":[{"width":1200,"height":1200,"url":"https:\/\/shop.theophile-patachou.com\/wp-content\/uploads\/2023\/09\/MOUF.G121CI.jpg","type":"image\/jpeg"}],"twitter_card":"summary_large_image","twitter_site":"@TPBelgium","twitter_misc":{"Dur\u00e9e de lecture estim\u00e9e":"1 minute"},"schema":{"@context":"https:\/\/schema.org","@graph":[{"@type":"WebPage","@id":"https:\/\/shop.theophile-patachou.com\/fr\/produit\/moufles-jersey-gaufre-9\/","url":"https:\/\/shop.theophile-patachou.com\/fr\/produit\/moufles-jersey-gaufre-9\/","name":"Moufles Jersey Gaufr\u00e9 blanc pour b\u00e9b\u00e9 - Th\u00e9ophile et Patachou","isPartOf":{"@id":"https:\/\/shop.theophile-patachou.com\/fr\/#website"},"primaryImageOfPage":{"@id":"https:\/\/shop.theophile-patachou.com\/fr\/produit\/moufles-jersey-gaufre-9\/#primaryimage"},"image":{"@id":"https:\/\/shop.theophile-patachou.com\/fr\/produit\/moufles-jersey-gaufre-9\/#primaryimage"},"thumbnailUrl":"https:\/\/shop.theophile-patachou.com\/wp-content\/uploads\/2023\/09\/MOUF.G121CI.jpg","datePublished":"2024-10-10T16:06:31+00:00","dateModified":"2026-04-09T17:30:31+00:00","description":"Prot\u00e9gez b\u00e9b\u00e9 avec ces moufles en jersey gaufr\u00e9 blanc Th\u00e9ophile & Patachou. Id\u00e9al pour la maternit\u00e9 et ses premiers jours.","breadcrumb":{"@id":"https:\/\/shop.theophile-patachou.com\/fr\/produit\/moufles-jersey-gaufre-9\/#breadcrumb"},"inLanguage":"fr-FR","potentialAction":[{"@type":"ReadAction","target":["https:\/\/shop.theophile-patachou.com\/fr\/produit\/moufles-jersey-gaufre-9\/"]}]},{"@type":"ImageObject","inLanguage":"fr-FR","@id":"https:\/\/shop.theophile-patachou.com\/fr\/produit\/moufles-jersey-gaufre-9\/#primaryimage","url":"https:\/\/shop.theophile-patachou.com\/wp-content\/uploads\/2023\/09\/MOUF.G121CI.jpg","contentUrl":"https:\/\/shop.theophile-patachou.com\/wp-content\/uploads\/2023\/09\/MOUF.G121CI.jpg","width":1200,"height":1200},{"@type":"BreadcrumbList","@id":"https:\/\/shop.theophile-patachou.com\/fr\/produit\/moufles-jersey-gaufre-9\/#breadcrumb","itemListElement":[{"@type":"ListItem","position":1,"name":"Accueil","item":"https:\/\/shop.theophile-patachou.com\/fr\/"},{"@type":"ListItem","position":2,"name":"Produits","item":"https:\/\/shop.theophile-patachou.com\/fr\/shop\/"},{"@type":"ListItem","position":3,"name":"Moufles jersey gaufr\u00e9"}]},{"@type":"WebSite","@id":"https:\/\/shop.theophile-patachou.com\/fr\/#website","url":"https:\/\/shop.theophile-patachou.com\/fr\/","name":"Th\u00e9ophile et Patachou","description":"Mobilier &amp; accessoires pour b\u00e9b\u00e9","publisher":{"@id":"https:\/\/shop.theophile-patachou.com\/fr\/#organization"},"potentialAction":[{"@type":"SearchAction","target":{"@type":"EntryPoint","urlTemplate":"https:\/\/shop.theophile-patachou.com\/fr\/?s={search_term_string}"},"query-input":{"@type":"PropertyValueSpecification","valueRequired":true,"valueName":"search_term_string"}}],"inLanguage":"fr-FR"},{"@type":"Organization","@id":"https:\/\/shop.theophile-patachou.com\/fr\/#organization","name":"Th\u00e9ophile & Patachou","url":"https:\/\/shop.theophile-patachou.com\/fr\/","logo":{"@type":"ImageObject","inLanguage":"fr-FR","@id":"https:\/\/shop.theophile-patachou.com\/fr\/#\/schema\/logo\/image\/","url":"https:\/\/shop.theophile-patachou.com\/wp-content\/uploads\/2014\/12\/site-login-logo.png","contentUrl":"https:\/\/shop.theophile-patachou.com\/wp-content\/uploads\/2014\/12\/site-login-logo.png","width":300,"height":150,"caption":"Th\u00e9ophile & Patachou"},"image":{"@id":"https:\/\/shop.theophile-patachou.com\/fr\/#\/schema\/logo\/image\/"},"sameAs":["https:\/\/www.facebook.com\/Th\u00e9ophile-Patachou-197829346970085\/","https:\/\/x.com\/TPBelgium","https:\/\/instagram.com\/theophile_patachou\/","https:\/\/www.pinterest.com\/ThPat\/"]}]}},"_links":{"self":[{"href":"https:\/\/shop.theophile-patachou.com\/fr\/wp-json\/wp\/v2\/product\/75569","targetHints":{"allow":["GET"]}}],"collection":[{"href":"https:\/\/shop.theophile-patachou.com\/fr\/wp-json\/wp\/v2\/product"}],"about":[{"href":"https:\/\/shop.theophile-patachou.com\/fr\/wp-json\/wp\/v2\/types\/product"}],"wp:featuredmedia":[{"embeddable":true,"href":"https:\/\/shop.theophile-patachou.com\/fr\/wp-json\/wp\/v2\/media\/72245"}],"wp:attachment":[{"href":"https:\/\/shop.theophile-patachou.com\/fr\/wp-json\/wp\/v2\/media?parent=75569"}],"wp:term":[{"taxonomy":"product_brand","embeddable":true,"href":"https:\/\/shop.theophile-patachou.com\/fr\/wp-json\/wp\/v2\/product_brand?post=75569"},{"taxonomy":"product_cat","embeddable":true,"href":"https:\/\/shop.theophile-patachou.com\/fr\/wp-json\/wp\/v2\/product_cat?post=75569"},{"taxonomy":"product_tag","embeddable":true,"href":"https:\/\/shop.theophile-patachou.com\/fr\/wp-json\/wp\/v2\/product_tag?post=75569"}],"curies":[{"name":"wp","href":"https:\/\/api.w.org\/{rel}","templated":true}]}}