{"id":7044,"date":"2015-12-07T16:19:40","date_gmt":"2015-12-07T15:19:40","guid":{"rendered":"https:\/\/shop.theophile-patachou.com\/nl\/guide-des-tailles\/"},"modified":"2016-10-11T15:07:42","modified_gmt":"2016-10-11T14:07:42","slug":"matengids","status":"publish","type":"page","link":"https:\/\/shop.theophile-patachou.com\/nl\/matengids\/","title":{"rendered":"Matengids"},"content":{"rendered":"<section class=\"wpb-content-wrapper\"><p>[vc_row][vc_column]<div class=\"ts-heading heading-2 style-1\"><h2>GIDS VOOR MATEN<\/h2><\/div>[vc_column_text][\/vc_column_text][vc_column_text]<strong>Kledingmaten:<\/strong><\/p>\n<table style=\"height: 556px;\" width=\"260\">\n<tbody>\n<tr>\n<td width=\"41\">1M<\/td>\n<td width=\"53\">56 cm<\/td>\n<\/tr>\n<tr>\n<td width=\"41\">3M<\/td>\n<td width=\"53\">62 cm<\/td>\n<\/tr>\n<tr>\n<td width=\"41\">6M<\/td>\n<td width=\"53\">68 cm<\/td>\n<\/tr>\n<tr>\n<td width=\"41\">9M<\/td>\n<td width=\"53\">74 cm<\/td>\n<\/tr>\n<tr>\n<td width=\"41\">12M<\/td>\n<td width=\"53\">80 cm<\/td>\n<\/tr>\n<tr>\n<td width=\"41\">18M<\/td>\n<td width=\"53\">86 cm<\/td>\n<\/tr>\n<tr>\n<td width=\"41\">2J<\/td>\n<td width=\"53\">92 cm<\/td>\n<\/tr>\n<tr>\n<td width=\"41\">3J<\/td>\n<td width=\"53\">98 cm<\/td>\n<\/tr>\n<tr>\n<td width=\"41\">4J<\/td>\n<td width=\"53\">104 cm<\/td>\n<\/tr>\n<\/tbody>\n<\/table>\n<p>[\/vc_column_text][vc_column_text]<strong>Maten slaapzakken:<\/strong><\/p>\n<table style=\"height: 348px;\" width=\"586\">\n<tbody>\n<tr>\n<td width=\"121\">Trappelzak baby<\/td>\n<td width=\"92\">hoogte 60 cm<\/td>\n<td width=\"106\">geboorte tot 3 maanden<\/td>\n<\/tr>\n<tr>\n<td width=\"121\">Trappelzak<\/td>\n<td width=\"92\">hoogte 70 cm<\/td>\n<td width=\"106\">2 tot 6 maanden<\/td>\n<\/tr>\n<tr>\n<td width=\"121\">Slaapzak M1<\/td>\n<td width=\"92\">hoogte 90 cm<\/td>\n<td width=\"106\">6 tot 12 maanden<\/td>\n<\/tr>\n<tr>\n<td width=\"121\">Slaapzak M2<\/td>\n<td width=\"92\">hoogte 110 cm<\/td>\n<td width=\"106\">12 tot 24 maanden<\/td>\n<\/tr>\n<\/tbody>\n<\/table>\n<p>[\/vc_column_text][vc_column_text]<strong>Schoenmaten:<\/strong><\/p>\n<table style=\"height: 262px;\" width=\"332\">\n<tbody>\n<tr>\n<td width=\"37\">M16<\/td>\n<td width=\"64\">4 tot 6 maanden<\/td>\n<\/tr>\n<tr>\n<td width=\"37\">M17<\/td>\n<td width=\"64\">6 tot 8 maanden<\/td>\n<\/tr>\n<tr>\n<td width=\"37\">M18<\/td>\n<td width=\"64\">8 tot 10 maanden<\/td>\n<\/tr>\n<\/tbody>\n<\/table>\n<p>[\/vc_column_text][vc_column_text]<strong>Maten dekbedovertrekken en slopen:<\/strong><\/p>\n<table style=\"height: 334px;\" width=\"912\">\n<tbody>\n<tr>\n<td width=\"94\">Wieg\/kinderwagen<\/td>\n<td width=\"197\">68 x 80 cm (dekbedovertrek 80 x 80 cm)<\/td>\n<td width=\"92\">+ sloop 30 x 40 cm<\/td>\n<\/tr>\n<tr>\n<td width=\"94\">Reisbed<\/td>\n<td width=\"197\">100 x 135 cm (dekbedovertrek 100 x 140 cm)<\/td>\n<td width=\"92\">+ sloop 40 x 60 cm<\/td>\n<\/tr>\n<tr>\n<td width=\"94\">Juniorbed<\/td>\n<td width=\"197\">140 x 200 cm (dekbedovertrek 140 x 200 cm)<\/td>\n<td width=\"92\">+ sloop 60 x 60 cm<\/td>\n<\/tr>\n<\/tbody>\n<\/table>\n<p>[\/vc_column_text][vc_column_text]<strong>Maten lakens en slopen:<\/strong><\/p>\n<table style=\"height: 260px;\" width=\"892\">\n<tbody>\n<tr>\n<td width=\"126\">Wieg\/kinderwagen<\/td>\n<td width=\"131\">69 x 95 cm<\/td>\n<td width=\"131\">+ sloop 30 x 40 cm<\/td>\n<\/tr>\n<tr>\n<td width=\"126\">Reisbed<\/td>\n<td width=\"131\">105 x 165 cm<\/td>\n<td width=\"131\">+ sloop 40 x 60 cm<\/td>\n<\/tr>\n<tr>\n<td width=\"126\">Juniorbed<\/td>\n<td width=\"131\">140 x 230 cm<\/td>\n<td width=\"131\">+ sloop 60 x 60 cm<\/td>\n<\/tr>\n<\/tbody>\n<\/table>\n<p>[\/vc_column_text][\/vc_column][\/vc_row]<\/p>\n<\/section>","protected":false},"excerpt":{"rendered":"<p>[vc_row][vc_column][vc_column_text][\/vc_column_text][vc_column_text]Kledingmaten: 1M 56 cm 3M 62 cm 6M 68 cm 9M 74 cm 12M 80 cm 18M 86 cm 2J 92 cm 3J 98 cm 4J 104 cm [\/vc_column_text][vc_column_text]Maten slaapzakken: Trappelzak baby hoogte 60 cm geboorte tot 3 maanden Trappelzak hoogte 70 cm 2 tot 6 maanden Slaapzak M1 hoogte 90 cm 6 tot 12 [&hellip;]<\/p>\n","protected":false},"author":6082,"featured_media":0,"parent":0,"menu_order":0,"comment_status":"closed","ping_status":"closed","template":"","meta":{"footnotes":""},"class_list":["post-7044","page","type-page","status-publish","hentry"],"yoast_head":"<!-- This site is optimized with the Yoast SEO plugin v26.9 - https:\/\/yoast.com\/product\/yoast-seo-wordpress\/ -->\n<title>Matengids - Th\u00e9ophile et Patachou<\/title>\n<meta name=\"robots\" content=\"index, follow, max-snippet:-1, max-image-preview:large, max-video-preview:-1\" \/>\n<link rel=\"canonical\" href=\"https:\/\/shop.theophile-patachou.com\/nl\/matengids\/\" \/>\n<meta property=\"og:locale\" content=\"nl_NL\" \/>\n<meta property=\"og:type\" content=\"article\" \/>\n<meta property=\"og:title\" content=\"Matengids - Th\u00e9ophile et Patachou\" \/>\n<meta property=\"og:description\" content=\"[vc_row][vc_column][vc_column_text][\/vc_column_text][vc_column_text]Kledingmaten: 1M 56 cm 3M 62 cm 6M 68 cm 9M 74 cm 12M 80 cm 18M 86 cm 2J 92 cm 3J 98 cm 4J 104 cm [\/vc_column_text][vc_column_text]Maten slaapzakken: Trappelzak baby hoogte 60 cm geboorte tot 3 maanden Trappelzak hoogte 70 cm 2 tot 6 maanden Slaapzak M1 hoogte 90 cm 6 tot 12 [&hellip;]\" \/>\n<meta property=\"og:url\" content=\"https:\/\/shop.theophile-patachou.com\/nl\/matengids\/\" \/>\n<meta property=\"og:site_name\" content=\"Th\u00e9ophile et Patachou\" \/>\n<meta property=\"article:publisher\" content=\"https:\/\/www.facebook.com\/Th%c3%a9ophile-Patachou-197829346970085\/\" \/>\n<meta property=\"article:modified_time\" content=\"2016-10-11T14:07:42+00:00\" \/>\n<meta name=\"twitter:card\" content=\"summary_large_image\" \/>\n<meta name=\"twitter:site\" content=\"@TPBelgium\" \/>\n<meta name=\"twitter:label1\" content=\"Geschatte leestijd\" \/>\n\t<meta name=\"twitter:data1\" content=\"1 minuut\" \/>\n<script type=\"application\/ld+json\" class=\"yoast-schema-graph\">{\"@context\":\"https:\/\/schema.org\",\"@graph\":[{\"@type\":\"WebPage\",\"@id\":\"https:\/\/shop.theophile-patachou.com\/nl\/matengids\/\",\"url\":\"https:\/\/shop.theophile-patachou.com\/nl\/matengids\/\",\"name\":\"Matengids - Th\u00e9ophile et Patachou\",\"isPartOf\":{\"@id\":\"https:\/\/shop.theophile-patachou.com\/nl\/#website\"},\"datePublished\":\"2015-12-07T15:19:40+00:00\",\"dateModified\":\"2016-10-11T14:07:42+00:00\",\"breadcrumb\":{\"@id\":\"https:\/\/shop.theophile-patachou.com\/nl\/matengids\/#breadcrumb\"},\"inLanguage\":\"nl-NL\",\"potentialAction\":[{\"@type\":\"ReadAction\",\"target\":[\"https:\/\/shop.theophile-patachou.com\/nl\/matengids\/\"]}]},{\"@type\":\"BreadcrumbList\",\"@id\":\"https:\/\/shop.theophile-patachou.com\/nl\/matengids\/#breadcrumb\",\"itemListElement\":[{\"@type\":\"ListItem\",\"position\":1,\"name\":\"Accueil\",\"item\":\"https:\/\/shop.theophile-patachou.com\/nl\/\"},{\"@type\":\"ListItem\",\"position\":2,\"name\":\"Matengids\"}]},{\"@type\":\"WebSite\",\"@id\":\"https:\/\/shop.theophile-patachou.com\/nl\/#website\",\"url\":\"https:\/\/shop.theophile-patachou.com\/nl\/\",\"name\":\"Th\u00e9ophile et Patachou\",\"description\":\"Mobilier &amp; accessoires pour b\u00e9b\u00e9\",\"publisher\":{\"@id\":\"https:\/\/shop.theophile-patachou.com\/nl\/#organization\"},\"potentialAction\":[{\"@type\":\"SearchAction\",\"target\":{\"@type\":\"EntryPoint\",\"urlTemplate\":\"https:\/\/shop.theophile-patachou.com\/nl\/?s={search_term_string}\"},\"query-input\":{\"@type\":\"PropertyValueSpecification\",\"valueRequired\":true,\"valueName\":\"search_term_string\"}}],\"inLanguage\":\"nl-NL\"},{\"@type\":\"Organization\",\"@id\":\"https:\/\/shop.theophile-patachou.com\/nl\/#organization\",\"name\":\"Th\u00e9ophile & Patachou\",\"url\":\"https:\/\/shop.theophile-patachou.com\/nl\/\",\"logo\":{\"@type\":\"ImageObject\",\"inLanguage\":\"nl-NL\",\"@id\":\"https:\/\/shop.theophile-patachou.com\/nl\/#\/schema\/logo\/image\/\",\"url\":\"https:\/\/shop.theophile-patachou.com\/wp-content\/uploads\/2014\/12\/site-login-logo.png\",\"contentUrl\":\"https:\/\/shop.theophile-patachou.com\/wp-content\/uploads\/2014\/12\/site-login-logo.png\",\"width\":300,\"height\":150,\"caption\":\"Th\u00e9ophile & Patachou\"},\"image\":{\"@id\":\"https:\/\/shop.theophile-patachou.com\/nl\/#\/schema\/logo\/image\/\"},\"sameAs\":[\"https:\/\/www.facebook.com\/Th\u00e9ophile-Patachou-197829346970085\/\",\"https:\/\/x.com\/TPBelgium\",\"https:\/\/instagram.com\/theophile_patachou\/\",\"https:\/\/www.pinterest.com\/ThPat\/\"]}]}<\/script>\n<!-- \/ Yoast SEO plugin. -->","yoast_head_json":{"title":"Matengids - Th\u00e9ophile et Patachou","robots":{"index":"index","follow":"follow","max-snippet":"max-snippet:-1","max-image-preview":"max-image-preview:large","max-video-preview":"max-video-preview:-1"},"canonical":"https:\/\/shop.theophile-patachou.com\/nl\/matengids\/","og_locale":"nl_NL","og_type":"article","og_title":"Matengids - Th\u00e9ophile et Patachou","og_description":"[vc_row][vc_column][vc_column_text][\/vc_column_text][vc_column_text]Kledingmaten: 1M 56 cm 3M 62 cm 6M 68 cm 9M 74 cm 12M 80 cm 18M 86 cm 2J 92 cm 3J 98 cm 4J 104 cm [\/vc_column_text][vc_column_text]Maten slaapzakken: Trappelzak baby hoogte 60 cm geboorte tot 3 maanden Trappelzak hoogte 70 cm 2 tot 6 maanden Slaapzak M1 hoogte 90 cm 6 tot 12 [&hellip;]","og_url":"https:\/\/shop.theophile-patachou.com\/nl\/matengids\/","og_site_name":"Th\u00e9ophile et Patachou","article_publisher":"https:\/\/www.facebook.com\/Th%c3%a9ophile-Patachou-197829346970085\/","article_modified_time":"2016-10-11T14:07:42+00:00","twitter_card":"summary_large_image","twitter_site":"@TPBelgium","twitter_misc":{"Geschatte leestijd":"1 minuut"},"schema":{"@context":"https:\/\/schema.org","@graph":[{"@type":"WebPage","@id":"https:\/\/shop.theophile-patachou.com\/nl\/matengids\/","url":"https:\/\/shop.theophile-patachou.com\/nl\/matengids\/","name":"Matengids - Th\u00e9ophile et Patachou","isPartOf":{"@id":"https:\/\/shop.theophile-patachou.com\/nl\/#website"},"datePublished":"2015-12-07T15:19:40+00:00","dateModified":"2016-10-11T14:07:42+00:00","breadcrumb":{"@id":"https:\/\/shop.theophile-patachou.com\/nl\/matengids\/#breadcrumb"},"inLanguage":"nl-NL","potentialAction":[{"@type":"ReadAction","target":["https:\/\/shop.theophile-patachou.com\/nl\/matengids\/"]}]},{"@type":"BreadcrumbList","@id":"https:\/\/shop.theophile-patachou.com\/nl\/matengids\/#breadcrumb","itemListElement":[{"@type":"ListItem","position":1,"name":"Accueil","item":"https:\/\/shop.theophile-patachou.com\/nl\/"},{"@type":"ListItem","position":2,"name":"Matengids"}]},{"@type":"WebSite","@id":"https:\/\/shop.theophile-patachou.com\/nl\/#website","url":"https:\/\/shop.theophile-patachou.com\/nl\/","name":"Th\u00e9ophile et Patachou","description":"Mobilier &amp; accessoires pour b\u00e9b\u00e9","publisher":{"@id":"https:\/\/shop.theophile-patachou.com\/nl\/#organization"},"potentialAction":[{"@type":"SearchAction","target":{"@type":"EntryPoint","urlTemplate":"https:\/\/shop.theophile-patachou.com\/nl\/?s={search_term_string}"},"query-input":{"@type":"PropertyValueSpecification","valueRequired":true,"valueName":"search_term_string"}}],"inLanguage":"nl-NL"},{"@type":"Organization","@id":"https:\/\/shop.theophile-patachou.com\/nl\/#organization","name":"Th\u00e9ophile & Patachou","url":"https:\/\/shop.theophile-patachou.com\/nl\/","logo":{"@type":"ImageObject","inLanguage":"nl-NL","@id":"https:\/\/shop.theophile-patachou.com\/nl\/#\/schema\/logo\/image\/","url":"https:\/\/shop.theophile-patachou.com\/wp-content\/uploads\/2014\/12\/site-login-logo.png","contentUrl":"https:\/\/shop.theophile-patachou.com\/wp-content\/uploads\/2014\/12\/site-login-logo.png","width":300,"height":150,"caption":"Th\u00e9ophile & Patachou"},"image":{"@id":"https:\/\/shop.theophile-patachou.com\/nl\/#\/schema\/logo\/image\/"},"sameAs":["https:\/\/www.facebook.com\/Th\u00e9ophile-Patachou-197829346970085\/","https:\/\/x.com\/TPBelgium","https:\/\/instagram.com\/theophile_patachou\/","https:\/\/www.pinterest.com\/ThPat\/"]}]}},"_links":{"self":[{"href":"https:\/\/shop.theophile-patachou.com\/nl\/wp-json\/wp\/v2\/pages\/7044","targetHints":{"allow":["GET"]}}],"collection":[{"href":"https:\/\/shop.theophile-patachou.com\/nl\/wp-json\/wp\/v2\/pages"}],"about":[{"href":"https:\/\/shop.theophile-patachou.com\/nl\/wp-json\/wp\/v2\/types\/page"}],"author":[{"embeddable":true,"href":"https:\/\/shop.theophile-patachou.com\/nl\/wp-json\/wp\/v2\/users\/6082"}],"replies":[{"embeddable":true,"href":"https:\/\/shop.theophile-patachou.com\/nl\/wp-json\/wp\/v2\/comments?post=7044"}],"version-history":[{"count":0,"href":"https:\/\/shop.theophile-patachou.com\/nl\/wp-json\/wp\/v2\/pages\/7044\/revisions"}],"wp:attachment":[{"href":"https:\/\/shop.theophile-patachou.com\/nl\/wp-json\/wp\/v2\/media?parent=7044"}],"curies":[{"name":"wp","href":"https:\/\/api.w.org\/{rel}","templated":true}]}}