{"id":7464,"date":"2015-12-07T15:42:34","date_gmt":"2015-12-07T14:42:34","guid":{"rendered":"https:\/\/shop.theophile-patachou.com\/nl\/paiements\/"},"modified":"2017-04-10T10:28:41","modified_gmt":"2017-04-10T09:28:41","slug":"betalingen","status":"publish","type":"page","link":"https:\/\/shop.theophile-patachou.com\/nl\/betalingen\/","title":{"rendered":"Betalingen"},"content":{"rendered":"<section class=\"wpb-content-wrapper\"><p>[vc_row][vc_column]<div class=\"ts-heading heading-2 style-1\"><h2>BETALINGEN<\/h2><\/div>[vc_column_text]De prijzen van de producten zijn vermeld in euro en zijn inclusief btw en in Belgische verschuldigde taksen. Ze zijn echter uitgezonderd bankkosten, leveringskosten, eventuele douanerechten, importtaksen en douaneformaliteiten van het land van bestemming. Die kosten blijven ten laste van de klant en zullen door de transporteur aan de klant worden gefactureerd bovenop de prijzen van de producten.<\/p>\n<p>Eenmaal het bestellingsoverzicht door de klant bevestigd is op de website, kan de betaling gebeuren via Bancontact online of met een kredietkaart (Visa, Master Card of American Express). De betaling gebeurt via OGONE, erkend partner die het beveiligde gebruik van bankkaarten op het internet garandeert, door middel van een SSL-verbinding (Secured Socket Layer). TP Production neemt echter geen aansprakelijkheid op zich voor bankverrichtingen.<\/p>\n<p>Zolang de betaling niet ontvangen werd door TP Production, is die laatste niet gehouden tot de levering van de bestelde producten.[\/vc_column_text][\/vc_column][\/vc_row][vc_row][vc_column]<div class=\"ts-heading heading-3 style-1\"><h3>VRAGEN\/ANTWOORDEN<\/h3><\/div>[vc_toggle title=&#8221;WELKE KAARTEN WORDEN AANVAARD?&#8221; el_id=&#8221;1449499312902-e7e708f4-d0a5&#8243;]De betaling kan gebeuren via Bancontact online of met een kredietkaart: Visa, Master Card of American Express[\/vc_toggle][vc_toggle title=&#8221;ZIJN MIJN BETALINGEN BEVEILIGD?&#8221; el_id=&#8221;1449499350931-d84647a0-c240&#8243;]JA, de betalingen gebeuren via OGONE, erkend partner die het beveiligde gebruik van bankkaarten op het internet garandeert, door middel van een SSL-verbinding (Secured Socket Layer).[\/vc_toggle][\/vc_column][\/vc_row]<\/p>\n<\/section>","protected":false},"excerpt":{"rendered":"<p>[vc_row][vc_column][vc_column_text]De prijzen van de producten zijn vermeld in euro en zijn inclusief btw en in Belgische verschuldigde taksen. Ze zijn echter uitgezonderd bankkosten, leveringskosten, eventuele douanerechten, importtaksen en douaneformaliteiten van het land van bestemming. Die kosten blijven ten laste van de klant en zullen door de transporteur aan de klant worden gefactureerd bovenop de prijzen [&hellip;]<\/p>\n","protected":false},"author":6082,"featured_media":0,"parent":0,"menu_order":0,"comment_status":"closed","ping_status":"closed","template":"","meta":{"footnotes":""},"class_list":["post-7464","page","type-page","status-publish","hentry"],"yoast_head":"<!-- This site is optimized with the Yoast SEO plugin v26.9 - https:\/\/yoast.com\/product\/yoast-seo-wordpress\/ -->\n<title>Betalingen - Th\u00e9ophile et Patachou<\/title>\n<meta name=\"robots\" content=\"index, follow, max-snippet:-1, max-image-preview:large, max-video-preview:-1\" \/>\n<link rel=\"canonical\" href=\"https:\/\/shop.theophile-patachou.com\/nl\/betalingen\/\" \/>\n<meta property=\"og:locale\" content=\"nl_NL\" \/>\n<meta property=\"og:type\" content=\"article\" \/>\n<meta property=\"og:title\" content=\"Betalingen - Th\u00e9ophile et Patachou\" \/>\n<meta property=\"og:description\" content=\"[vc_row][vc_column][vc_column_text]De prijzen van de producten zijn vermeld in euro en zijn inclusief btw en in Belgische verschuldigde taksen. Ze zijn echter uitgezonderd bankkosten, leveringskosten, eventuele douanerechten, importtaksen en douaneformaliteiten van het land van bestemming. Die kosten blijven ten laste van de klant en zullen door de transporteur aan de klant worden gefactureerd bovenop de prijzen [&hellip;]\" \/>\n<meta property=\"og:url\" content=\"https:\/\/shop.theophile-patachou.com\/nl\/betalingen\/\" \/>\n<meta property=\"og:site_name\" content=\"Th\u00e9ophile et Patachou\" \/>\n<meta property=\"article:publisher\" content=\"https:\/\/www.facebook.com\/Th%c3%a9ophile-Patachou-197829346970085\/\" \/>\n<meta property=\"article:modified_time\" content=\"2017-04-10T09:28:41+00:00\" \/>\n<meta name=\"twitter:card\" content=\"summary_large_image\" \/>\n<meta name=\"twitter:site\" content=\"@TPBelgium\" \/>\n<meta name=\"twitter:label1\" content=\"Geschatte leestijd\" \/>\n\t<meta name=\"twitter:data1\" content=\"1 minuut\" \/>\n<script type=\"application\/ld+json\" class=\"yoast-schema-graph\">{\"@context\":\"https:\/\/schema.org\",\"@graph\":[{\"@type\":\"WebPage\",\"@id\":\"https:\/\/shop.theophile-patachou.com\/nl\/betalingen\/\",\"url\":\"https:\/\/shop.theophile-patachou.com\/nl\/betalingen\/\",\"name\":\"Betalingen - Th\u00e9ophile et Patachou\",\"isPartOf\":{\"@id\":\"https:\/\/shop.theophile-patachou.com\/nl\/#website\"},\"datePublished\":\"2015-12-07T14:42:34+00:00\",\"dateModified\":\"2017-04-10T09:28:41+00:00\",\"breadcrumb\":{\"@id\":\"https:\/\/shop.theophile-patachou.com\/nl\/betalingen\/#breadcrumb\"},\"inLanguage\":\"nl-NL\",\"potentialAction\":[{\"@type\":\"ReadAction\",\"target\":[\"https:\/\/shop.theophile-patachou.com\/nl\/betalingen\/\"]}]},{\"@type\":\"BreadcrumbList\",\"@id\":\"https:\/\/shop.theophile-patachou.com\/nl\/betalingen\/#breadcrumb\",\"itemListElement\":[{\"@type\":\"ListItem\",\"position\":1,\"name\":\"Accueil\",\"item\":\"https:\/\/shop.theophile-patachou.com\/nl\/\"},{\"@type\":\"ListItem\",\"position\":2,\"name\":\"Betalingen\"}]},{\"@type\":\"WebSite\",\"@id\":\"https:\/\/shop.theophile-patachou.com\/nl\/#website\",\"url\":\"https:\/\/shop.theophile-patachou.com\/nl\/\",\"name\":\"Th\u00e9ophile et Patachou\",\"description\":\"Mobilier &amp; accessoires pour b\u00e9b\u00e9\",\"publisher\":{\"@id\":\"https:\/\/shop.theophile-patachou.com\/nl\/#organization\"},\"potentialAction\":[{\"@type\":\"SearchAction\",\"target\":{\"@type\":\"EntryPoint\",\"urlTemplate\":\"https:\/\/shop.theophile-patachou.com\/nl\/?s={search_term_string}\"},\"query-input\":{\"@type\":\"PropertyValueSpecification\",\"valueRequired\":true,\"valueName\":\"search_term_string\"}}],\"inLanguage\":\"nl-NL\"},{\"@type\":\"Organization\",\"@id\":\"https:\/\/shop.theophile-patachou.com\/nl\/#organization\",\"name\":\"Th\u00e9ophile & Patachou\",\"url\":\"https:\/\/shop.theophile-patachou.com\/nl\/\",\"logo\":{\"@type\":\"ImageObject\",\"inLanguage\":\"nl-NL\",\"@id\":\"https:\/\/shop.theophile-patachou.com\/nl\/#\/schema\/logo\/image\/\",\"url\":\"https:\/\/shop.theophile-patachou.com\/wp-content\/uploads\/2014\/12\/site-login-logo.png\",\"contentUrl\":\"https:\/\/shop.theophile-patachou.com\/wp-content\/uploads\/2014\/12\/site-login-logo.png\",\"width\":300,\"height\":150,\"caption\":\"Th\u00e9ophile & Patachou\"},\"image\":{\"@id\":\"https:\/\/shop.theophile-patachou.com\/nl\/#\/schema\/logo\/image\/\"},\"sameAs\":[\"https:\/\/www.facebook.com\/Th\u00e9ophile-Patachou-197829346970085\/\",\"https:\/\/x.com\/TPBelgium\",\"https:\/\/instagram.com\/theophile_patachou\/\",\"https:\/\/www.pinterest.com\/ThPat\/\"]}]}<\/script>\n<!-- \/ Yoast SEO plugin. -->","yoast_head_json":{"title":"Betalingen - Th\u00e9ophile et Patachou","robots":{"index":"index","follow":"follow","max-snippet":"max-snippet:-1","max-image-preview":"max-image-preview:large","max-video-preview":"max-video-preview:-1"},"canonical":"https:\/\/shop.theophile-patachou.com\/nl\/betalingen\/","og_locale":"nl_NL","og_type":"article","og_title":"Betalingen - Th\u00e9ophile et Patachou","og_description":"[vc_row][vc_column][vc_column_text]De prijzen van de producten zijn vermeld in euro en zijn inclusief btw en in Belgische verschuldigde taksen. Ze zijn echter uitgezonderd bankkosten, leveringskosten, eventuele douanerechten, importtaksen en douaneformaliteiten van het land van bestemming. Die kosten blijven ten laste van de klant en zullen door de transporteur aan de klant worden gefactureerd bovenop de prijzen [&hellip;]","og_url":"https:\/\/shop.theophile-patachou.com\/nl\/betalingen\/","og_site_name":"Th\u00e9ophile et Patachou","article_publisher":"https:\/\/www.facebook.com\/Th%c3%a9ophile-Patachou-197829346970085\/","article_modified_time":"2017-04-10T09:28:41+00:00","twitter_card":"summary_large_image","twitter_site":"@TPBelgium","twitter_misc":{"Geschatte leestijd":"1 minuut"},"schema":{"@context":"https:\/\/schema.org","@graph":[{"@type":"WebPage","@id":"https:\/\/shop.theophile-patachou.com\/nl\/betalingen\/","url":"https:\/\/shop.theophile-patachou.com\/nl\/betalingen\/","name":"Betalingen - Th\u00e9ophile et Patachou","isPartOf":{"@id":"https:\/\/shop.theophile-patachou.com\/nl\/#website"},"datePublished":"2015-12-07T14:42:34+00:00","dateModified":"2017-04-10T09:28:41+00:00","breadcrumb":{"@id":"https:\/\/shop.theophile-patachou.com\/nl\/betalingen\/#breadcrumb"},"inLanguage":"nl-NL","potentialAction":[{"@type":"ReadAction","target":["https:\/\/shop.theophile-patachou.com\/nl\/betalingen\/"]}]},{"@type":"BreadcrumbList","@id":"https:\/\/shop.theophile-patachou.com\/nl\/betalingen\/#breadcrumb","itemListElement":[{"@type":"ListItem","position":1,"name":"Accueil","item":"https:\/\/shop.theophile-patachou.com\/nl\/"},{"@type":"ListItem","position":2,"name":"Betalingen"}]},{"@type":"WebSite","@id":"https:\/\/shop.theophile-patachou.com\/nl\/#website","url":"https:\/\/shop.theophile-patachou.com\/nl\/","name":"Th\u00e9ophile et Patachou","description":"Mobilier &amp; accessoires pour b\u00e9b\u00e9","publisher":{"@id":"https:\/\/shop.theophile-patachou.com\/nl\/#organization"},"potentialAction":[{"@type":"SearchAction","target":{"@type":"EntryPoint","urlTemplate":"https:\/\/shop.theophile-patachou.com\/nl\/?s={search_term_string}"},"query-input":{"@type":"PropertyValueSpecification","valueRequired":true,"valueName":"search_term_string"}}],"inLanguage":"nl-NL"},{"@type":"Organization","@id":"https:\/\/shop.theophile-patachou.com\/nl\/#organization","name":"Th\u00e9ophile & Patachou","url":"https:\/\/shop.theophile-patachou.com\/nl\/","logo":{"@type":"ImageObject","inLanguage":"nl-NL","@id":"https:\/\/shop.theophile-patachou.com\/nl\/#\/schema\/logo\/image\/","url":"https:\/\/shop.theophile-patachou.com\/wp-content\/uploads\/2014\/12\/site-login-logo.png","contentUrl":"https:\/\/shop.theophile-patachou.com\/wp-content\/uploads\/2014\/12\/site-login-logo.png","width":300,"height":150,"caption":"Th\u00e9ophile & Patachou"},"image":{"@id":"https:\/\/shop.theophile-patachou.com\/nl\/#\/schema\/logo\/image\/"},"sameAs":["https:\/\/www.facebook.com\/Th\u00e9ophile-Patachou-197829346970085\/","https:\/\/x.com\/TPBelgium","https:\/\/instagram.com\/theophile_patachou\/","https:\/\/www.pinterest.com\/ThPat\/"]}]}},"_links":{"self":[{"href":"https:\/\/shop.theophile-patachou.com\/nl\/wp-json\/wp\/v2\/pages\/7464","targetHints":{"allow":["GET"]}}],"collection":[{"href":"https:\/\/shop.theophile-patachou.com\/nl\/wp-json\/wp\/v2\/pages"}],"about":[{"href":"https:\/\/shop.theophile-patachou.com\/nl\/wp-json\/wp\/v2\/types\/page"}],"author":[{"embeddable":true,"href":"https:\/\/shop.theophile-patachou.com\/nl\/wp-json\/wp\/v2\/users\/6082"}],"replies":[{"embeddable":true,"href":"https:\/\/shop.theophile-patachou.com\/nl\/wp-json\/wp\/v2\/comments?post=7464"}],"version-history":[{"count":0,"href":"https:\/\/shop.theophile-patachou.com\/nl\/wp-json\/wp\/v2\/pages\/7464\/revisions"}],"wp:attachment":[{"href":"https:\/\/shop.theophile-patachou.com\/nl\/wp-json\/wp\/v2\/media?parent=7464"}],"curies":[{"name":"wp","href":"https:\/\/api.w.org\/{rel}","templated":true}]}}