{"id":33095,"date":"2018-08-20T14:55:07","date_gmt":"2018-08-20T13:55:12","guid":{"rendered":"https:\/\/shop.theophile-patachou.com\/?post_type=product&#038;p=33095"},"modified":"2025-05-21T09:53:44","modified_gmt":"2025-05-21T08:53:44","slug":"ledikant-louis-voor-babykamer","status":"publish","type":"product","link":"https:\/\/shop.theophile-patachou.com\/nl\/product\/ledikant-louis-voor-babykamer\/","title":{"rendered":"Ledikant Louis voor babykamer"},"content":{"rendered":"","protected":false},"excerpt":{"rendered":"<h2>Ledikant \u00ab Louis \u00bb voor babykamer<\/h2>\n<h3>Nieuwe versie van het bed Louis II<\/h3>\n<h5>\u20ac1280,00 (Levering niet inbegrepen)<br \/>\nDe aangeboden levering vanaf 150\u20ac is niet van toepassing op het meubilair.<\/h5>\n<p><strong>Ledikant\u00a0\u00ab\u00a0Louis \u00bb 70&#215;140 cm.<\/strong>\u00a0<strong>Meegroeibed in functie van de leeftijd van uw kind<\/strong>. (0-5 jaar)<\/p>\n<p><strong>Bed 3 in 1\u00a0: het babybed <\/strong>is om te bouwen naar een bedbank of een klein eenpersoonsbed door de spijlen weg te halen.<br \/>\nLattenbodem van 70x140cm<strong> in 3 hoogtes verstelbaar.<\/strong><\/p>\n<p>Meubels in hoogwaardig MDF materiaal wit gelakt conform EN 71-3.<\/p>\n<p>Het meubilair wordt geleverd met een gedetailleerde handleiding in verschillende goed beschermde dozen om het transport en de toegang tot de kinderkamer te vergemakkelijken,.<\/p>\n<p>De montagedienst van ons meubilair is beschikbaar in sommige landen.<\/p>\n<p>In optie raden wij U aan het matras 70x140cm in shuim met afneembare en wasbare hoes. Ref: MATE70<\/p>\n<p>Afmetingen\u00a0: L:150 x D:78x H:98 cm<\/p>\n<p>&nbsp;<\/p>\n<p>Het ledikant \u00ab Louis \u00bb\u00a0: <strong>Een klassieke en tijdloze stijl.<\/strong><\/p>\n<p>Het Th\u00e9ophile &amp; Patachou team staat te uwer beschikking om U te helpen uw droomkamer in te richten.<\/p>\n<p>Voor het meubilair raadpleeg onze klantendienst per telefoon of e-mail om een gepersonaliseerde offerte te ontvangen*.<br \/>\n0032 10 24 66 12 \u2013\u00a0<a href=\"mailto:info@theophile-patachou.com\">info@theophile-patachou.com<\/a><\/p>\n<p>* Het meubilair is niet on-line beschikbaar, enkel via offerte en bij de erkende Th\u00e9ophile &amp; Patachou verdelers.<\/p>\n<p><a href=\"https:\/\/www.theophile-patachou.com\/nl\/chambres\/louis\/\" target=\"_blank\" rel=\"noopener noreferrer\">Ontdek het gamma Louis<\/a><\/p>\n","protected":false},"featured_media":79797,"template":"","meta":[],"product_brand":[],"product_cat":[1220,1228],"product_tag":[],"class_list":{"0":"post-33095","1":"product","2":"type-product","3":"status-publish","4":"has-post-thumbnail","6":"product_cat-meubilair-nl","7":"product_cat-louiswit","9":"first","10":"instock","11":"taxable","12":"shipping-taxable","13":"product-type-simple"},"yoast_head":"<!-- This site is optimized with the Yoast SEO plugin v26.9 - https:\/\/yoast.com\/product\/yoast-seo-wordpress\/ -->\n<title>Ledikant Louis voor babykamer - Th\u00e9ophile et Patachou<\/title>\n<meta name=\"description\" content=\"Ledikant\u00a0\u00ab\u00a0Louis \u00bb 70x140 cm.\u00a0Meegroeibed in functie van de leeftijd van uw kind. (0-5jaar) Bed 3 in 1: het babybed is om te bouwen naar een bedbank of een klein eenpersoonsbed door de spijlen weg te halen.\" \/>\n<meta name=\"robots\" content=\"index, follow, max-snippet:-1, max-image-preview:large, max-video-preview:-1\" \/>\n<link rel=\"canonical\" href=\"https:\/\/shop.theophile-patachou.com\/nl\/product\/ledikant-louis-voor-babykamer\/\" \/>\n<meta property=\"og:locale\" content=\"nl_NL\" \/>\n<meta property=\"og:type\" content=\"article\" \/>\n<meta property=\"og:title\" content=\"Ledikant Louis voor babykamer - Th\u00e9ophile et Patachou\" \/>\n<meta property=\"og:description\" content=\"Ledikant\u00a0\u00ab\u00a0Louis \u00bb 70x140 cm.\u00a0Meegroeibed in functie van de leeftijd van uw kind. (0-5jaar) Bed 3 in 1: het babybed is om te bouwen naar een bedbank of een klein eenpersoonsbed door de spijlen weg te halen.\" \/>\n<meta property=\"og:url\" content=\"https:\/\/shop.theophile-patachou.com\/nl\/product\/ledikant-louis-voor-babykamer\/\" \/>\n<meta property=\"og:site_name\" content=\"Th\u00e9ophile et Patachou\" \/>\n<meta property=\"article:publisher\" content=\"https:\/\/www.facebook.com\/Th%c3%a9ophile-Patachou-197829346970085\/\" \/>\n<meta property=\"article:modified_time\" content=\"2025-05-21T08:53:44+00:00\" \/>\n<meta property=\"og:image\" content=\"https:\/\/shop.theophile-patachou.com\/wp-content\/uploads\/2018\/08\/Z9D_9050.jpg\" \/>\n\t<meta property=\"og:image:width\" content=\"1200\" \/>\n\t<meta property=\"og:image:height\" content=\"1200\" \/>\n\t<meta property=\"og:image:type\" content=\"image\/jpeg\" \/>\n<meta name=\"twitter:card\" content=\"summary_large_image\" \/>\n<meta name=\"twitter:site\" content=\"@TPBelgium\" \/>\n<script type=\"application\/ld+json\" class=\"yoast-schema-graph\">{\"@context\":\"https:\/\/schema.org\",\"@graph\":[{\"@type\":\"WebPage\",\"@id\":\"https:\/\/shop.theophile-patachou.com\/nl\/product\/ledikant-louis-voor-babykamer\/\",\"url\":\"https:\/\/shop.theophile-patachou.com\/nl\/product\/ledikant-louis-voor-babykamer\/\",\"name\":\"Ledikant Louis voor babykamer - Th\u00e9ophile et Patachou\",\"isPartOf\":{\"@id\":\"https:\/\/shop.theophile-patachou.com\/nl\/#website\"},\"primaryImageOfPage\":{\"@id\":\"https:\/\/shop.theophile-patachou.com\/nl\/product\/ledikant-louis-voor-babykamer\/#primaryimage\"},\"image\":{\"@id\":\"https:\/\/shop.theophile-patachou.com\/nl\/product\/ledikant-louis-voor-babykamer\/#primaryimage\"},\"thumbnailUrl\":\"https:\/\/shop.theophile-patachou.com\/wp-content\/uploads\/2018\/08\/Z9D_9050.jpg\",\"datePublished\":\"2018-08-20T13:55:12+00:00\",\"dateModified\":\"2025-05-21T08:53:44+00:00\",\"description\":\"Ledikant\u00a0\u00ab\u00a0Louis \u00bb 70x140 cm.\u00a0Meegroeibed in functie van de leeftijd van uw kind. (0-5jaar) Bed 3 in 1: het babybed is om te bouwen naar een bedbank of een klein eenpersoonsbed door de spijlen weg te halen.\",\"breadcrumb\":{\"@id\":\"https:\/\/shop.theophile-patachou.com\/nl\/product\/ledikant-louis-voor-babykamer\/#breadcrumb\"},\"inLanguage\":\"nl-NL\",\"potentialAction\":[{\"@type\":\"ReadAction\",\"target\":[\"https:\/\/shop.theophile-patachou.com\/nl\/product\/ledikant-louis-voor-babykamer\/\"]}]},{\"@type\":\"ImageObject\",\"inLanguage\":\"nl-NL\",\"@id\":\"https:\/\/shop.theophile-patachou.com\/nl\/product\/ledikant-louis-voor-babykamer\/#primaryimage\",\"url\":\"https:\/\/shop.theophile-patachou.com\/wp-content\/uploads\/2018\/08\/Z9D_9050.jpg\",\"contentUrl\":\"https:\/\/shop.theophile-patachou.com\/wp-content\/uploads\/2018\/08\/Z9D_9050.jpg\",\"width\":1200,\"height\":1200},{\"@type\":\"BreadcrumbList\",\"@id\":\"https:\/\/shop.theophile-patachou.com\/nl\/product\/ledikant-louis-voor-babykamer\/#breadcrumb\",\"itemListElement\":[{\"@type\":\"ListItem\",\"position\":1,\"name\":\"Accueil\",\"item\":\"https:\/\/shop.theophile-patachou.com\/nl\/\"},{\"@type\":\"ListItem\",\"position\":2,\"name\":\"Producten\",\"item\":\"https:\/\/shop.theophile-patachou.com\/nl\/shop\/\"},{\"@type\":\"ListItem\",\"position\":3,\"name\":\"Ledikant Louis voor babykamer\"}]},{\"@type\":\"WebSite\",\"@id\":\"https:\/\/shop.theophile-patachou.com\/nl\/#website\",\"url\":\"https:\/\/shop.theophile-patachou.com\/nl\/\",\"name\":\"Th\u00e9ophile et Patachou\",\"description\":\"Mobilier &amp; accessoires pour b\u00e9b\u00e9\",\"publisher\":{\"@id\":\"https:\/\/shop.theophile-patachou.com\/nl\/#organization\"},\"potentialAction\":[{\"@type\":\"SearchAction\",\"target\":{\"@type\":\"EntryPoint\",\"urlTemplate\":\"https:\/\/shop.theophile-patachou.com\/nl\/?s={search_term_string}\"},\"query-input\":{\"@type\":\"PropertyValueSpecification\",\"valueRequired\":true,\"valueName\":\"search_term_string\"}}],\"inLanguage\":\"nl-NL\"},{\"@type\":\"Organization\",\"@id\":\"https:\/\/shop.theophile-patachou.com\/nl\/#organization\",\"name\":\"Th\u00e9ophile & Patachou\",\"url\":\"https:\/\/shop.theophile-patachou.com\/nl\/\",\"logo\":{\"@type\":\"ImageObject\",\"inLanguage\":\"nl-NL\",\"@id\":\"https:\/\/shop.theophile-patachou.com\/nl\/#\/schema\/logo\/image\/\",\"url\":\"https:\/\/shop.theophile-patachou.com\/wp-content\/uploads\/2014\/12\/site-login-logo.png\",\"contentUrl\":\"https:\/\/shop.theophile-patachou.com\/wp-content\/uploads\/2014\/12\/site-login-logo.png\",\"width\":300,\"height\":150,\"caption\":\"Th\u00e9ophile & Patachou\"},\"image\":{\"@id\":\"https:\/\/shop.theophile-patachou.com\/nl\/#\/schema\/logo\/image\/\"},\"sameAs\":[\"https:\/\/www.facebook.com\/Th\u00e9ophile-Patachou-197829346970085\/\",\"https:\/\/x.com\/TPBelgium\",\"https:\/\/instagram.com\/theophile_patachou\/\",\"https:\/\/www.pinterest.com\/ThPat\/\"]}]}<\/script>\n<!-- \/ Yoast SEO plugin. -->","yoast_head_json":{"title":"Ledikant Louis voor babykamer - Th\u00e9ophile et Patachou","description":"Ledikant\u00a0\u00ab\u00a0Louis \u00bb 70x140 cm.\u00a0Meegroeibed in functie van de leeftijd van uw kind. (0-5jaar) Bed 3 in 1: het babybed is om te bouwen naar een bedbank of een klein eenpersoonsbed door de spijlen weg te halen.","robots":{"index":"index","follow":"follow","max-snippet":"max-snippet:-1","max-image-preview":"max-image-preview:large","max-video-preview":"max-video-preview:-1"},"canonical":"https:\/\/shop.theophile-patachou.com\/nl\/product\/ledikant-louis-voor-babykamer\/","og_locale":"nl_NL","og_type":"article","og_title":"Ledikant Louis voor babykamer - Th\u00e9ophile et Patachou","og_description":"Ledikant\u00a0\u00ab\u00a0Louis \u00bb 70x140 cm.\u00a0Meegroeibed in functie van de leeftijd van uw kind. (0-5jaar) Bed 3 in 1: het babybed is om te bouwen naar een bedbank of een klein eenpersoonsbed door de spijlen weg te halen.","og_url":"https:\/\/shop.theophile-patachou.com\/nl\/product\/ledikant-louis-voor-babykamer\/","og_site_name":"Th\u00e9ophile et Patachou","article_publisher":"https:\/\/www.facebook.com\/Th%c3%a9ophile-Patachou-197829346970085\/","article_modified_time":"2025-05-21T08:53:44+00:00","og_image":[{"width":1200,"height":1200,"url":"https:\/\/shop.theophile-patachou.com\/wp-content\/uploads\/2018\/08\/Z9D_9050.jpg","type":"image\/jpeg"}],"twitter_card":"summary_large_image","twitter_site":"@TPBelgium","schema":{"@context":"https:\/\/schema.org","@graph":[{"@type":"WebPage","@id":"https:\/\/shop.theophile-patachou.com\/nl\/product\/ledikant-louis-voor-babykamer\/","url":"https:\/\/shop.theophile-patachou.com\/nl\/product\/ledikant-louis-voor-babykamer\/","name":"Ledikant Louis voor babykamer - Th\u00e9ophile et Patachou","isPartOf":{"@id":"https:\/\/shop.theophile-patachou.com\/nl\/#website"},"primaryImageOfPage":{"@id":"https:\/\/shop.theophile-patachou.com\/nl\/product\/ledikant-louis-voor-babykamer\/#primaryimage"},"image":{"@id":"https:\/\/shop.theophile-patachou.com\/nl\/product\/ledikant-louis-voor-babykamer\/#primaryimage"},"thumbnailUrl":"https:\/\/shop.theophile-patachou.com\/wp-content\/uploads\/2018\/08\/Z9D_9050.jpg","datePublished":"2018-08-20T13:55:12+00:00","dateModified":"2025-05-21T08:53:44+00:00","description":"Ledikant\u00a0\u00ab\u00a0Louis \u00bb 70x140 cm.\u00a0Meegroeibed in functie van de leeftijd van uw kind. (0-5jaar) Bed 3 in 1: het babybed is om te bouwen naar een bedbank of een klein eenpersoonsbed door de spijlen weg te halen.","breadcrumb":{"@id":"https:\/\/shop.theophile-patachou.com\/nl\/product\/ledikant-louis-voor-babykamer\/#breadcrumb"},"inLanguage":"nl-NL","potentialAction":[{"@type":"ReadAction","target":["https:\/\/shop.theophile-patachou.com\/nl\/product\/ledikant-louis-voor-babykamer\/"]}]},{"@type":"ImageObject","inLanguage":"nl-NL","@id":"https:\/\/shop.theophile-patachou.com\/nl\/product\/ledikant-louis-voor-babykamer\/#primaryimage","url":"https:\/\/shop.theophile-patachou.com\/wp-content\/uploads\/2018\/08\/Z9D_9050.jpg","contentUrl":"https:\/\/shop.theophile-patachou.com\/wp-content\/uploads\/2018\/08\/Z9D_9050.jpg","width":1200,"height":1200},{"@type":"BreadcrumbList","@id":"https:\/\/shop.theophile-patachou.com\/nl\/product\/ledikant-louis-voor-babykamer\/#breadcrumb","itemListElement":[{"@type":"ListItem","position":1,"name":"Accueil","item":"https:\/\/shop.theophile-patachou.com\/nl\/"},{"@type":"ListItem","position":2,"name":"Producten","item":"https:\/\/shop.theophile-patachou.com\/nl\/shop\/"},{"@type":"ListItem","position":3,"name":"Ledikant Louis voor babykamer"}]},{"@type":"WebSite","@id":"https:\/\/shop.theophile-patachou.com\/nl\/#website","url":"https:\/\/shop.theophile-patachou.com\/nl\/","name":"Th\u00e9ophile et Patachou","description":"Mobilier &amp; accessoires pour b\u00e9b\u00e9","publisher":{"@id":"https:\/\/shop.theophile-patachou.com\/nl\/#organization"},"potentialAction":[{"@type":"SearchAction","target":{"@type":"EntryPoint","urlTemplate":"https:\/\/shop.theophile-patachou.com\/nl\/?s={search_term_string}"},"query-input":{"@type":"PropertyValueSpecification","valueRequired":true,"valueName":"search_term_string"}}],"inLanguage":"nl-NL"},{"@type":"Organization","@id":"https:\/\/shop.theophile-patachou.com\/nl\/#organization","name":"Th\u00e9ophile & Patachou","url":"https:\/\/shop.theophile-patachou.com\/nl\/","logo":{"@type":"ImageObject","inLanguage":"nl-NL","@id":"https:\/\/shop.theophile-patachou.com\/nl\/#\/schema\/logo\/image\/","url":"https:\/\/shop.theophile-patachou.com\/wp-content\/uploads\/2014\/12\/site-login-logo.png","contentUrl":"https:\/\/shop.theophile-patachou.com\/wp-content\/uploads\/2014\/12\/site-login-logo.png","width":300,"height":150,"caption":"Th\u00e9ophile & Patachou"},"image":{"@id":"https:\/\/shop.theophile-patachou.com\/nl\/#\/schema\/logo\/image\/"},"sameAs":["https:\/\/www.facebook.com\/Th\u00e9ophile-Patachou-197829346970085\/","https:\/\/x.com\/TPBelgium","https:\/\/instagram.com\/theophile_patachou\/","https:\/\/www.pinterest.com\/ThPat\/"]}]}},"_links":{"self":[{"href":"https:\/\/shop.theophile-patachou.com\/nl\/wp-json\/wp\/v2\/product\/33095","targetHints":{"allow":["GET"]}}],"collection":[{"href":"https:\/\/shop.theophile-patachou.com\/nl\/wp-json\/wp\/v2\/product"}],"about":[{"href":"https:\/\/shop.theophile-patachou.com\/nl\/wp-json\/wp\/v2\/types\/product"}],"wp:featuredmedia":[{"embeddable":true,"href":"https:\/\/shop.theophile-patachou.com\/nl\/wp-json\/wp\/v2\/media\/79797"}],"wp:attachment":[{"href":"https:\/\/shop.theophile-patachou.com\/nl\/wp-json\/wp\/v2\/media?parent=33095"}],"wp:term":[{"taxonomy":"product_brand","embeddable":true,"href":"https:\/\/shop.theophile-patachou.com\/nl\/wp-json\/wp\/v2\/product_brand?post=33095"},{"taxonomy":"product_cat","embeddable":true,"href":"https:\/\/shop.theophile-patachou.com\/nl\/wp-json\/wp\/v2\/product_cat?post=33095"},{"taxonomy":"product_tag","embeddable":true,"href":"https:\/\/shop.theophile-patachou.com\/nl\/wp-json\/wp\/v2\/product_tag?post=33095"}],"curies":[{"name":"wp","href":"https:\/\/api.w.org\/{rel}","templated":true}]}}