{"id":35667,"date":"2018-11-20T12:09:11","date_gmt":"2018-11-20T11:09:11","guid":{"rendered":"https:\/\/shop.theophile-patachou.com\/?post_type=product&#038;p=35667"},"modified":"2026-01-01T20:18:39","modified_gmt":"2026-01-01T19:18:39","slug":"muzikaal-konijn-strik-met-roze-stippen","status":"publish","type":"product","link":"https:\/\/shop.theophile-patachou.com\/nl\/product\/muzikaal-konijn-strik-met-roze-stippen\/","title":{"rendered":"Muzikaal konijn strik met roze stippen"},"content":{"rendered":"","protected":false},"excerpt":{"rendered":"<p>Muzikaal\u00a0konijn strik met roze stippen &#8211; 30cm<\/p>\n","protected":false},"featured_media":73361,"template":"","meta":[],"product_brand":[],"product_cat":[2927,450,456],"product_tag":[1197,659,992,1195],"class_list":{"0":"post-35667","1":"product","2":"type-product","3":"status-publish","4":"has-post-thumbnail","6":"product_cat-pink-garden-party-nl","7":"product_cat-knuffels","8":"product_cat-konijn-musikaal-nl","9":"product_tag-beer-nl-3","10":"product_tag-doudou-nl","11":"product_tag-knuffel","12":"product_tag-muziek","14":"first","15":"outofstock","16":"taxable","17":"shipping-taxable","18":"purchasable","19":"product-type-simple"},"yoast_head":"<!-- This site is optimized with the Yoast SEO plugin v26.9 - https:\/\/yoast.com\/product\/yoast-seo-wordpress\/ -->\n<title>Muzikaal konijn strik met roze stippen - Th\u00e9ophile et Patachou<\/title>\n<meta name=\"description\" content=\"Le lapin musical rose apaisera b\u00e9b\u00e9 avec sa jolie m\u00e9lodie apaisante. La peluche toute douce accompagnera b\u00e9b\u00e9 d\u00e8s sa naissance et mesure 30cm.\" \/>\n<meta name=\"robots\" content=\"index, follow, max-snippet:-1, max-image-preview:large, max-video-preview:-1\" \/>\n<link rel=\"canonical\" href=\"https:\/\/shop.theophile-patachou.com\/nl\/product\/muzikaal-konijn-strik-met-roze-stippen\/\" \/>\n<meta property=\"og:locale\" content=\"nl_NL\" \/>\n<meta property=\"og:type\" content=\"article\" \/>\n<meta property=\"og:title\" content=\"Muzikaal konijn strik met roze stippen - Th\u00e9ophile et Patachou\" \/>\n<meta property=\"og:description\" content=\"Le lapin musical rose apaisera b\u00e9b\u00e9 avec sa jolie m\u00e9lodie apaisante. La peluche toute douce accompagnera b\u00e9b\u00e9 d\u00e8s sa naissance et mesure 30cm.\" \/>\n<meta property=\"og:url\" content=\"https:\/\/shop.theophile-patachou.com\/nl\/product\/muzikaal-konijn-strik-met-roze-stippen\/\" \/>\n<meta property=\"og:site_name\" content=\"Th\u00e9ophile et Patachou\" \/>\n<meta property=\"article:publisher\" content=\"https:\/\/www.facebook.com\/Th%c3%a9ophile-Patachou-197829346970085\/\" \/>\n<meta property=\"article:modified_time\" content=\"2026-01-01T19:18:39+00:00\" \/>\n<meta property=\"og:image\" content=\"https:\/\/shop.theophile-patachou.com\/wp-content\/uploads\/2018\/11\/DZ9_9826bis5-1.jpg\" \/>\n\t<meta property=\"og:image:width\" content=\"1200\" \/>\n\t<meta property=\"og:image:height\" content=\"1200\" \/>\n\t<meta property=\"og:image:type\" content=\"image\/jpeg\" \/>\n<meta name=\"twitter:card\" content=\"summary_large_image\" \/>\n<meta name=\"twitter:site\" content=\"@TPBelgium\" \/>\n<script type=\"application\/ld+json\" class=\"yoast-schema-graph\">{\"@context\":\"https:\/\/schema.org\",\"@graph\":[{\"@type\":\"WebPage\",\"@id\":\"https:\/\/shop.theophile-patachou.com\/nl\/product\/muzikaal-konijn-strik-met-roze-stippen\/\",\"url\":\"https:\/\/shop.theophile-patachou.com\/nl\/product\/muzikaal-konijn-strik-met-roze-stippen\/\",\"name\":\"Muzikaal konijn strik met roze stippen - Th\u00e9ophile et Patachou\",\"isPartOf\":{\"@id\":\"https:\/\/shop.theophile-patachou.com\/nl\/#website\"},\"primaryImageOfPage\":{\"@id\":\"https:\/\/shop.theophile-patachou.com\/nl\/product\/muzikaal-konijn-strik-met-roze-stippen\/#primaryimage\"},\"image\":{\"@id\":\"https:\/\/shop.theophile-patachou.com\/nl\/product\/muzikaal-konijn-strik-met-roze-stippen\/#primaryimage\"},\"thumbnailUrl\":\"https:\/\/shop.theophile-patachou.com\/wp-content\/uploads\/2018\/11\/DZ9_9826bis5-1.jpg\",\"datePublished\":\"2018-11-20T11:09:11+00:00\",\"dateModified\":\"2026-01-01T19:18:39+00:00\",\"description\":\"Le lapin musical rose apaisera b\u00e9b\u00e9 avec sa jolie m\u00e9lodie apaisante. La peluche toute douce accompagnera b\u00e9b\u00e9 d\u00e8s sa naissance et mesure 30cm.\",\"breadcrumb\":{\"@id\":\"https:\/\/shop.theophile-patachou.com\/nl\/product\/muzikaal-konijn-strik-met-roze-stippen\/#breadcrumb\"},\"inLanguage\":\"nl-NL\",\"potentialAction\":[{\"@type\":\"ReadAction\",\"target\":[\"https:\/\/shop.theophile-patachou.com\/nl\/product\/muzikaal-konijn-strik-met-roze-stippen\/\"]}]},{\"@type\":\"ImageObject\",\"inLanguage\":\"nl-NL\",\"@id\":\"https:\/\/shop.theophile-patachou.com\/nl\/product\/muzikaal-konijn-strik-met-roze-stippen\/#primaryimage\",\"url\":\"https:\/\/shop.theophile-patachou.com\/wp-content\/uploads\/2018\/11\/DZ9_9826bis5-1.jpg\",\"contentUrl\":\"https:\/\/shop.theophile-patachou.com\/wp-content\/uploads\/2018\/11\/DZ9_9826bis5-1.jpg\",\"width\":1200,\"height\":1200},{\"@type\":\"BreadcrumbList\",\"@id\":\"https:\/\/shop.theophile-patachou.com\/nl\/product\/muzikaal-konijn-strik-met-roze-stippen\/#breadcrumb\",\"itemListElement\":[{\"@type\":\"ListItem\",\"position\":1,\"name\":\"Accueil\",\"item\":\"https:\/\/shop.theophile-patachou.com\/nl\/\"},{\"@type\":\"ListItem\",\"position\":2,\"name\":\"Producten\",\"item\":\"https:\/\/shop.theophile-patachou.com\/nl\/shop\/\"},{\"@type\":\"ListItem\",\"position\":3,\"name\":\"Muzikaal konijn strik met roze stippen\"}]},{\"@type\":\"WebSite\",\"@id\":\"https:\/\/shop.theophile-patachou.com\/nl\/#website\",\"url\":\"https:\/\/shop.theophile-patachou.com\/nl\/\",\"name\":\"Th\u00e9ophile et Patachou\",\"description\":\"Mobilier &amp; accessoires pour b\u00e9b\u00e9\",\"publisher\":{\"@id\":\"https:\/\/shop.theophile-patachou.com\/nl\/#organization\"},\"potentialAction\":[{\"@type\":\"SearchAction\",\"target\":{\"@type\":\"EntryPoint\",\"urlTemplate\":\"https:\/\/shop.theophile-patachou.com\/nl\/?s={search_term_string}\"},\"query-input\":{\"@type\":\"PropertyValueSpecification\",\"valueRequired\":true,\"valueName\":\"search_term_string\"}}],\"inLanguage\":\"nl-NL\"},{\"@type\":\"Organization\",\"@id\":\"https:\/\/shop.theophile-patachou.com\/nl\/#organization\",\"name\":\"Th\u00e9ophile & Patachou\",\"url\":\"https:\/\/shop.theophile-patachou.com\/nl\/\",\"logo\":{\"@type\":\"ImageObject\",\"inLanguage\":\"nl-NL\",\"@id\":\"https:\/\/shop.theophile-patachou.com\/nl\/#\/schema\/logo\/image\/\",\"url\":\"https:\/\/shop.theophile-patachou.com\/wp-content\/uploads\/2014\/12\/site-login-logo.png\",\"contentUrl\":\"https:\/\/shop.theophile-patachou.com\/wp-content\/uploads\/2014\/12\/site-login-logo.png\",\"width\":300,\"height\":150,\"caption\":\"Th\u00e9ophile & Patachou\"},\"image\":{\"@id\":\"https:\/\/shop.theophile-patachou.com\/nl\/#\/schema\/logo\/image\/\"},\"sameAs\":[\"https:\/\/www.facebook.com\/Th\u00e9ophile-Patachou-197829346970085\/\",\"https:\/\/x.com\/TPBelgium\",\"https:\/\/instagram.com\/theophile_patachou\/\",\"https:\/\/www.pinterest.com\/ThPat\/\"]}]}<\/script>\n<!-- \/ Yoast SEO plugin. -->","yoast_head_json":{"title":"Muzikaal konijn strik met roze stippen - Th\u00e9ophile et Patachou","description":"Le lapin musical rose apaisera b\u00e9b\u00e9 avec sa jolie m\u00e9lodie apaisante. La peluche toute douce accompagnera b\u00e9b\u00e9 d\u00e8s sa naissance et mesure 30cm.","robots":{"index":"index","follow":"follow","max-snippet":"max-snippet:-1","max-image-preview":"max-image-preview:large","max-video-preview":"max-video-preview:-1"},"canonical":"https:\/\/shop.theophile-patachou.com\/nl\/product\/muzikaal-konijn-strik-met-roze-stippen\/","og_locale":"nl_NL","og_type":"article","og_title":"Muzikaal konijn strik met roze stippen - Th\u00e9ophile et Patachou","og_description":"Le lapin musical rose apaisera b\u00e9b\u00e9 avec sa jolie m\u00e9lodie apaisante. La peluche toute douce accompagnera b\u00e9b\u00e9 d\u00e8s sa naissance et mesure 30cm.","og_url":"https:\/\/shop.theophile-patachou.com\/nl\/product\/muzikaal-konijn-strik-met-roze-stippen\/","og_site_name":"Th\u00e9ophile et Patachou","article_publisher":"https:\/\/www.facebook.com\/Th%c3%a9ophile-Patachou-197829346970085\/","article_modified_time":"2026-01-01T19:18:39+00:00","og_image":[{"width":1200,"height":1200,"url":"https:\/\/shop.theophile-patachou.com\/wp-content\/uploads\/2018\/11\/DZ9_9826bis5-1.jpg","type":"image\/jpeg"}],"twitter_card":"summary_large_image","twitter_site":"@TPBelgium","schema":{"@context":"https:\/\/schema.org","@graph":[{"@type":"WebPage","@id":"https:\/\/shop.theophile-patachou.com\/nl\/product\/muzikaal-konijn-strik-met-roze-stippen\/","url":"https:\/\/shop.theophile-patachou.com\/nl\/product\/muzikaal-konijn-strik-met-roze-stippen\/","name":"Muzikaal konijn strik met roze stippen - Th\u00e9ophile et Patachou","isPartOf":{"@id":"https:\/\/shop.theophile-patachou.com\/nl\/#website"},"primaryImageOfPage":{"@id":"https:\/\/shop.theophile-patachou.com\/nl\/product\/muzikaal-konijn-strik-met-roze-stippen\/#primaryimage"},"image":{"@id":"https:\/\/shop.theophile-patachou.com\/nl\/product\/muzikaal-konijn-strik-met-roze-stippen\/#primaryimage"},"thumbnailUrl":"https:\/\/shop.theophile-patachou.com\/wp-content\/uploads\/2018\/11\/DZ9_9826bis5-1.jpg","datePublished":"2018-11-20T11:09:11+00:00","dateModified":"2026-01-01T19:18:39+00:00","description":"Le lapin musical rose apaisera b\u00e9b\u00e9 avec sa jolie m\u00e9lodie apaisante. La peluche toute douce accompagnera b\u00e9b\u00e9 d\u00e8s sa naissance et mesure 30cm.","breadcrumb":{"@id":"https:\/\/shop.theophile-patachou.com\/nl\/product\/muzikaal-konijn-strik-met-roze-stippen\/#breadcrumb"},"inLanguage":"nl-NL","potentialAction":[{"@type":"ReadAction","target":["https:\/\/shop.theophile-patachou.com\/nl\/product\/muzikaal-konijn-strik-met-roze-stippen\/"]}]},{"@type":"ImageObject","inLanguage":"nl-NL","@id":"https:\/\/shop.theophile-patachou.com\/nl\/product\/muzikaal-konijn-strik-met-roze-stippen\/#primaryimage","url":"https:\/\/shop.theophile-patachou.com\/wp-content\/uploads\/2018\/11\/DZ9_9826bis5-1.jpg","contentUrl":"https:\/\/shop.theophile-patachou.com\/wp-content\/uploads\/2018\/11\/DZ9_9826bis5-1.jpg","width":1200,"height":1200},{"@type":"BreadcrumbList","@id":"https:\/\/shop.theophile-patachou.com\/nl\/product\/muzikaal-konijn-strik-met-roze-stippen\/#breadcrumb","itemListElement":[{"@type":"ListItem","position":1,"name":"Accueil","item":"https:\/\/shop.theophile-patachou.com\/nl\/"},{"@type":"ListItem","position":2,"name":"Producten","item":"https:\/\/shop.theophile-patachou.com\/nl\/shop\/"},{"@type":"ListItem","position":3,"name":"Muzikaal konijn strik met roze stippen"}]},{"@type":"WebSite","@id":"https:\/\/shop.theophile-patachou.com\/nl\/#website","url":"https:\/\/shop.theophile-patachou.com\/nl\/","name":"Th\u00e9ophile et Patachou","description":"Mobilier &amp; accessoires pour b\u00e9b\u00e9","publisher":{"@id":"https:\/\/shop.theophile-patachou.com\/nl\/#organization"},"potentialAction":[{"@type":"SearchAction","target":{"@type":"EntryPoint","urlTemplate":"https:\/\/shop.theophile-patachou.com\/nl\/?s={search_term_string}"},"query-input":{"@type":"PropertyValueSpecification","valueRequired":true,"valueName":"search_term_string"}}],"inLanguage":"nl-NL"},{"@type":"Organization","@id":"https:\/\/shop.theophile-patachou.com\/nl\/#organization","name":"Th\u00e9ophile & Patachou","url":"https:\/\/shop.theophile-patachou.com\/nl\/","logo":{"@type":"ImageObject","inLanguage":"nl-NL","@id":"https:\/\/shop.theophile-patachou.com\/nl\/#\/schema\/logo\/image\/","url":"https:\/\/shop.theophile-patachou.com\/wp-content\/uploads\/2014\/12\/site-login-logo.png","contentUrl":"https:\/\/shop.theophile-patachou.com\/wp-content\/uploads\/2014\/12\/site-login-logo.png","width":300,"height":150,"caption":"Th\u00e9ophile & Patachou"},"image":{"@id":"https:\/\/shop.theophile-patachou.com\/nl\/#\/schema\/logo\/image\/"},"sameAs":["https:\/\/www.facebook.com\/Th\u00e9ophile-Patachou-197829346970085\/","https:\/\/x.com\/TPBelgium","https:\/\/instagram.com\/theophile_patachou\/","https:\/\/www.pinterest.com\/ThPat\/"]}]}},"_links":{"self":[{"href":"https:\/\/shop.theophile-patachou.com\/nl\/wp-json\/wp\/v2\/product\/35667","targetHints":{"allow":["GET"]}}],"collection":[{"href":"https:\/\/shop.theophile-patachou.com\/nl\/wp-json\/wp\/v2\/product"}],"about":[{"href":"https:\/\/shop.theophile-patachou.com\/nl\/wp-json\/wp\/v2\/types\/product"}],"wp:featuredmedia":[{"embeddable":true,"href":"https:\/\/shop.theophile-patachou.com\/nl\/wp-json\/wp\/v2\/media\/73361"}],"wp:attachment":[{"href":"https:\/\/shop.theophile-patachou.com\/nl\/wp-json\/wp\/v2\/media?parent=35667"}],"wp:term":[{"taxonomy":"product_brand","embeddable":true,"href":"https:\/\/shop.theophile-patachou.com\/nl\/wp-json\/wp\/v2\/product_brand?post=35667"},{"taxonomy":"product_cat","embeddable":true,"href":"https:\/\/shop.theophile-patachou.com\/nl\/wp-json\/wp\/v2\/product_cat?post=35667"},{"taxonomy":"product_tag","embeddable":true,"href":"https:\/\/shop.theophile-patachou.com\/nl\/wp-json\/wp\/v2\/product_tag?post=35667"}],"curies":[{"name":"wp","href":"https:\/\/api.w.org\/{rel}","templated":true}]}}