{"id":54641,"date":"2021-02-01T15:41:00","date_gmt":"2021-02-01T14:41:03","guid":{"rendered":"https:\/\/shop.theophile-patachou.com\/?post_type=product&#038;p=54641"},"modified":"2025-04-15T08:46:12","modified_gmt":"2025-04-15T07:46:12","slug":"hoes-voor-maxi-cosi-pebble-pebble-sa","status":"publish","type":"product","link":"https:\/\/shop.theophile-patachou.com\/nl\/product\/hoes-voor-maxi-cosi-pebble-pebble-sa\/","title":{"rendered":"Hoes voor Maxi-Cosi &#8220;Pebble &#038; Pebble+&#8221;"},"content":{"rendered":"<p>Hoes ontworpen voor &#8220;Pebble&#8221; en &#8220;Pebble+&#8221; autostoeltjes, Safari Collection. Voor een elegante autostoel met een pure stijl.<\/p>\n<p>Voor een totale Safari look: het engelennestje voor &#8220;Pebble+&#8221;.<br \/>\nOntdek de volledige Safari collectie<\/p>\n<p>Kleur: kameel<br \/>\nGewatteerd katoen<\/p>\n","protected":false},"excerpt":{"rendered":"<p>Hoes voor Maxi-Cosi &#8220;Pebble &amp; Pebble+&#8221; &#8211; Gewatteerd &#8211; Safari<\/p>\n","protected":false},"featured_media":57284,"template":"","meta":[],"product_brand":[],"product_cat":[442,1378,212,466],"product_tag":[581,951,218,1382],"class_list":{"0":"post-54641","1":"product","2":"type-product","3":"status-publish","4":"has-post-thumbnail","6":"product_cat-collectie-voor-kinderkamer","7":"product_cat-safari-nl","8":"product_cat-reizen","9":"product_cat-activiteitenspeelgoed","10":"product_tag-activiteitenspeelgoed","11":"product_tag-camel-nl","12":"product_tag-reizen","13":"product_tag-safari-nl","15":"first","16":"instock","17":"taxable","18":"shipping-taxable","19":"purchasable","20":"product-type-simple"},"yoast_head":"<!-- This site is optimized with the Yoast SEO plugin v26.9 - https:\/\/yoast.com\/product\/yoast-seo-wordpress\/ -->\n<title>Hoes voor Pebble en Pebble+ Autostoeltje Safari - Th\u00e9ophile et Patachou<\/title>\n<meta name=\"description\" content=\"Hoes voor &quot;Pebble&quot; en &quot;Pebble+&quot; autostoeltjes, Safari collectie, van Th\u00e9ophile &amp; Patachou. Voor een elegante autostoel met een verfijnde stijl.\" \/>\n<meta name=\"robots\" content=\"index, follow, max-snippet:-1, max-image-preview:large, max-video-preview:-1\" \/>\n<link rel=\"canonical\" href=\"https:\/\/shop.theophile-patachou.com\/nl\/product\/hoes-voor-maxi-cosi-pebble-pebble-sa\/\" \/>\n<meta property=\"og:locale\" content=\"nl_NL\" \/>\n<meta property=\"og:type\" content=\"article\" \/>\n<meta property=\"og:title\" content=\"Hoes voor Pebble en Pebble+ Autostoeltje Safari - Th\u00e9ophile et Patachou\" \/>\n<meta property=\"og:description\" content=\"Hoes voor &quot;Pebble&quot; en &quot;Pebble+&quot; autostoeltjes, Safari collectie, van Th\u00e9ophile &amp; Patachou. Voor een elegante autostoel met een verfijnde stijl.\" \/>\n<meta property=\"og:url\" content=\"https:\/\/shop.theophile-patachou.com\/nl\/product\/hoes-voor-maxi-cosi-pebble-pebble-sa\/\" \/>\n<meta property=\"og:site_name\" content=\"Th\u00e9ophile et Patachou\" \/>\n<meta property=\"article:publisher\" content=\"https:\/\/www.facebook.com\/Th%c3%a9ophile-Patachou-197829346970085\/\" \/>\n<meta property=\"article:modified_time\" content=\"2025-04-15T07:46:12+00:00\" \/>\n<meta property=\"og:image\" content=\"https:\/\/shop.theophile-patachou.com\/wp-content\/uploads\/2021\/02\/MP.SA_-1.jpg\" \/>\n\t<meta property=\"og:image:width\" content=\"2000\" \/>\n\t<meta property=\"og:image:height\" content=\"2000\" \/>\n\t<meta property=\"og:image:type\" content=\"image\/jpeg\" \/>\n<meta name=\"twitter:card\" content=\"summary_large_image\" \/>\n<meta name=\"twitter:site\" content=\"@TPBelgium\" \/>\n<meta name=\"twitter:label1\" content=\"Geschatte leestijd\" \/>\n\t<meta name=\"twitter:data1\" content=\"1 minuut\" \/>\n<script type=\"application\/ld+json\" class=\"yoast-schema-graph\">{\"@context\":\"https:\/\/schema.org\",\"@graph\":[{\"@type\":\"WebPage\",\"@id\":\"https:\/\/shop.theophile-patachou.com\/nl\/product\/hoes-voor-maxi-cosi-pebble-pebble-sa\/\",\"url\":\"https:\/\/shop.theophile-patachou.com\/nl\/product\/hoes-voor-maxi-cosi-pebble-pebble-sa\/\",\"name\":\"Hoes voor Pebble en Pebble+ Autostoeltje Safari - Th\u00e9ophile et Patachou\",\"isPartOf\":{\"@id\":\"https:\/\/shop.theophile-patachou.com\/nl\/#website\"},\"primaryImageOfPage\":{\"@id\":\"https:\/\/shop.theophile-patachou.com\/nl\/product\/hoes-voor-maxi-cosi-pebble-pebble-sa\/#primaryimage\"},\"image\":{\"@id\":\"https:\/\/shop.theophile-patachou.com\/nl\/product\/hoes-voor-maxi-cosi-pebble-pebble-sa\/#primaryimage\"},\"thumbnailUrl\":\"https:\/\/shop.theophile-patachou.com\/wp-content\/uploads\/2021\/02\/MP.SA_-1.jpg\",\"datePublished\":\"2021-02-01T14:41:03+00:00\",\"dateModified\":\"2025-04-15T07:46:12+00:00\",\"description\":\"Hoes voor \\\"Pebble\\\" en \\\"Pebble+\\\" autostoeltjes, Safari collectie, van Th\u00e9ophile & Patachou. Voor een elegante autostoel met een verfijnde stijl.\",\"breadcrumb\":{\"@id\":\"https:\/\/shop.theophile-patachou.com\/nl\/product\/hoes-voor-maxi-cosi-pebble-pebble-sa\/#breadcrumb\"},\"inLanguage\":\"nl-NL\",\"potentialAction\":[{\"@type\":\"ReadAction\",\"target\":[\"https:\/\/shop.theophile-patachou.com\/nl\/product\/hoes-voor-maxi-cosi-pebble-pebble-sa\/\"]}]},{\"@type\":\"ImageObject\",\"inLanguage\":\"nl-NL\",\"@id\":\"https:\/\/shop.theophile-patachou.com\/nl\/product\/hoes-voor-maxi-cosi-pebble-pebble-sa\/#primaryimage\",\"url\":\"https:\/\/shop.theophile-patachou.com\/wp-content\/uploads\/2021\/02\/MP.SA_-1.jpg\",\"contentUrl\":\"https:\/\/shop.theophile-patachou.com\/wp-content\/uploads\/2021\/02\/MP.SA_-1.jpg\",\"width\":2000,\"height\":2000,\"caption\":\"housse si\u00e8ge auto Pebble et Pebble+ Safari\"},{\"@type\":\"BreadcrumbList\",\"@id\":\"https:\/\/shop.theophile-patachou.com\/nl\/product\/hoes-voor-maxi-cosi-pebble-pebble-sa\/#breadcrumb\",\"itemListElement\":[{\"@type\":\"ListItem\",\"position\":1,\"name\":\"Accueil\",\"item\":\"https:\/\/shop.theophile-patachou.com\/nl\/\"},{\"@type\":\"ListItem\",\"position\":2,\"name\":\"Producten\",\"item\":\"https:\/\/shop.theophile-patachou.com\/nl\/shop\/\"},{\"@type\":\"ListItem\",\"position\":3,\"name\":\"Hoes voor Maxi-Cosi &#8220;Pebble &#038; Pebble+&#8221;\"}]},{\"@type\":\"WebSite\",\"@id\":\"https:\/\/shop.theophile-patachou.com\/nl\/#website\",\"url\":\"https:\/\/shop.theophile-patachou.com\/nl\/\",\"name\":\"Th\u00e9ophile et Patachou\",\"description\":\"Mobilier &amp; accessoires pour b\u00e9b\u00e9\",\"publisher\":{\"@id\":\"https:\/\/shop.theophile-patachou.com\/nl\/#organization\"},\"potentialAction\":[{\"@type\":\"SearchAction\",\"target\":{\"@type\":\"EntryPoint\",\"urlTemplate\":\"https:\/\/shop.theophile-patachou.com\/nl\/?s={search_term_string}\"},\"query-input\":{\"@type\":\"PropertyValueSpecification\",\"valueRequired\":true,\"valueName\":\"search_term_string\"}}],\"inLanguage\":\"nl-NL\"},{\"@type\":\"Organization\",\"@id\":\"https:\/\/shop.theophile-patachou.com\/nl\/#organization\",\"name\":\"Th\u00e9ophile & Patachou\",\"url\":\"https:\/\/shop.theophile-patachou.com\/nl\/\",\"logo\":{\"@type\":\"ImageObject\",\"inLanguage\":\"nl-NL\",\"@id\":\"https:\/\/shop.theophile-patachou.com\/nl\/#\/schema\/logo\/image\/\",\"url\":\"https:\/\/shop.theophile-patachou.com\/wp-content\/uploads\/2014\/12\/site-login-logo.png\",\"contentUrl\":\"https:\/\/shop.theophile-patachou.com\/wp-content\/uploads\/2014\/12\/site-login-logo.png\",\"width\":300,\"height\":150,\"caption\":\"Th\u00e9ophile & Patachou\"},\"image\":{\"@id\":\"https:\/\/shop.theophile-patachou.com\/nl\/#\/schema\/logo\/image\/\"},\"sameAs\":[\"https:\/\/www.facebook.com\/Th\u00e9ophile-Patachou-197829346970085\/\",\"https:\/\/x.com\/TPBelgium\",\"https:\/\/instagram.com\/theophile_patachou\/\",\"https:\/\/www.pinterest.com\/ThPat\/\"]}]}<\/script>\n<!-- \/ Yoast SEO plugin. -->","yoast_head_json":{"title":"Hoes voor Pebble en Pebble+ Autostoeltje Safari - Th\u00e9ophile et Patachou","description":"Hoes voor \"Pebble\" en \"Pebble+\" autostoeltjes, Safari collectie, van Th\u00e9ophile & Patachou. Voor een elegante autostoel met een verfijnde stijl.","robots":{"index":"index","follow":"follow","max-snippet":"max-snippet:-1","max-image-preview":"max-image-preview:large","max-video-preview":"max-video-preview:-1"},"canonical":"https:\/\/shop.theophile-patachou.com\/nl\/product\/hoes-voor-maxi-cosi-pebble-pebble-sa\/","og_locale":"nl_NL","og_type":"article","og_title":"Hoes voor Pebble en Pebble+ Autostoeltje Safari - Th\u00e9ophile et Patachou","og_description":"Hoes voor \"Pebble\" en \"Pebble+\" autostoeltjes, Safari collectie, van Th\u00e9ophile & Patachou. Voor een elegante autostoel met een verfijnde stijl.","og_url":"https:\/\/shop.theophile-patachou.com\/nl\/product\/hoes-voor-maxi-cosi-pebble-pebble-sa\/","og_site_name":"Th\u00e9ophile et Patachou","article_publisher":"https:\/\/www.facebook.com\/Th%c3%a9ophile-Patachou-197829346970085\/","article_modified_time":"2025-04-15T07:46:12+00:00","og_image":[{"width":2000,"height":2000,"url":"https:\/\/shop.theophile-patachou.com\/wp-content\/uploads\/2021\/02\/MP.SA_-1.jpg","type":"image\/jpeg"}],"twitter_card":"summary_large_image","twitter_site":"@TPBelgium","twitter_misc":{"Geschatte leestijd":"1 minuut"},"schema":{"@context":"https:\/\/schema.org","@graph":[{"@type":"WebPage","@id":"https:\/\/shop.theophile-patachou.com\/nl\/product\/hoes-voor-maxi-cosi-pebble-pebble-sa\/","url":"https:\/\/shop.theophile-patachou.com\/nl\/product\/hoes-voor-maxi-cosi-pebble-pebble-sa\/","name":"Hoes voor Pebble en Pebble+ Autostoeltje Safari - Th\u00e9ophile et Patachou","isPartOf":{"@id":"https:\/\/shop.theophile-patachou.com\/nl\/#website"},"primaryImageOfPage":{"@id":"https:\/\/shop.theophile-patachou.com\/nl\/product\/hoes-voor-maxi-cosi-pebble-pebble-sa\/#primaryimage"},"image":{"@id":"https:\/\/shop.theophile-patachou.com\/nl\/product\/hoes-voor-maxi-cosi-pebble-pebble-sa\/#primaryimage"},"thumbnailUrl":"https:\/\/shop.theophile-patachou.com\/wp-content\/uploads\/2021\/02\/MP.SA_-1.jpg","datePublished":"2021-02-01T14:41:03+00:00","dateModified":"2025-04-15T07:46:12+00:00","description":"Hoes voor \"Pebble\" en \"Pebble+\" autostoeltjes, Safari collectie, van Th\u00e9ophile & Patachou. Voor een elegante autostoel met een verfijnde stijl.","breadcrumb":{"@id":"https:\/\/shop.theophile-patachou.com\/nl\/product\/hoes-voor-maxi-cosi-pebble-pebble-sa\/#breadcrumb"},"inLanguage":"nl-NL","potentialAction":[{"@type":"ReadAction","target":["https:\/\/shop.theophile-patachou.com\/nl\/product\/hoes-voor-maxi-cosi-pebble-pebble-sa\/"]}]},{"@type":"ImageObject","inLanguage":"nl-NL","@id":"https:\/\/shop.theophile-patachou.com\/nl\/product\/hoes-voor-maxi-cosi-pebble-pebble-sa\/#primaryimage","url":"https:\/\/shop.theophile-patachou.com\/wp-content\/uploads\/2021\/02\/MP.SA_-1.jpg","contentUrl":"https:\/\/shop.theophile-patachou.com\/wp-content\/uploads\/2021\/02\/MP.SA_-1.jpg","width":2000,"height":2000,"caption":"housse si\u00e8ge auto Pebble et Pebble+ Safari"},{"@type":"BreadcrumbList","@id":"https:\/\/shop.theophile-patachou.com\/nl\/product\/hoes-voor-maxi-cosi-pebble-pebble-sa\/#breadcrumb","itemListElement":[{"@type":"ListItem","position":1,"name":"Accueil","item":"https:\/\/shop.theophile-patachou.com\/nl\/"},{"@type":"ListItem","position":2,"name":"Producten","item":"https:\/\/shop.theophile-patachou.com\/nl\/shop\/"},{"@type":"ListItem","position":3,"name":"Hoes voor Maxi-Cosi &#8220;Pebble &#038; Pebble+&#8221;"}]},{"@type":"WebSite","@id":"https:\/\/shop.theophile-patachou.com\/nl\/#website","url":"https:\/\/shop.theophile-patachou.com\/nl\/","name":"Th\u00e9ophile et Patachou","description":"Mobilier &amp; accessoires pour b\u00e9b\u00e9","publisher":{"@id":"https:\/\/shop.theophile-patachou.com\/nl\/#organization"},"potentialAction":[{"@type":"SearchAction","target":{"@type":"EntryPoint","urlTemplate":"https:\/\/shop.theophile-patachou.com\/nl\/?s={search_term_string}"},"query-input":{"@type":"PropertyValueSpecification","valueRequired":true,"valueName":"search_term_string"}}],"inLanguage":"nl-NL"},{"@type":"Organization","@id":"https:\/\/shop.theophile-patachou.com\/nl\/#organization","name":"Th\u00e9ophile & Patachou","url":"https:\/\/shop.theophile-patachou.com\/nl\/","logo":{"@type":"ImageObject","inLanguage":"nl-NL","@id":"https:\/\/shop.theophile-patachou.com\/nl\/#\/schema\/logo\/image\/","url":"https:\/\/shop.theophile-patachou.com\/wp-content\/uploads\/2014\/12\/site-login-logo.png","contentUrl":"https:\/\/shop.theophile-patachou.com\/wp-content\/uploads\/2014\/12\/site-login-logo.png","width":300,"height":150,"caption":"Th\u00e9ophile & Patachou"},"image":{"@id":"https:\/\/shop.theophile-patachou.com\/nl\/#\/schema\/logo\/image\/"},"sameAs":["https:\/\/www.facebook.com\/Th\u00e9ophile-Patachou-197829346970085\/","https:\/\/x.com\/TPBelgium","https:\/\/instagram.com\/theophile_patachou\/","https:\/\/www.pinterest.com\/ThPat\/"]}]}},"_links":{"self":[{"href":"https:\/\/shop.theophile-patachou.com\/nl\/wp-json\/wp\/v2\/product\/54641","targetHints":{"allow":["GET"]}}],"collection":[{"href":"https:\/\/shop.theophile-patachou.com\/nl\/wp-json\/wp\/v2\/product"}],"about":[{"href":"https:\/\/shop.theophile-patachou.com\/nl\/wp-json\/wp\/v2\/types\/product"}],"wp:featuredmedia":[{"embeddable":true,"href":"https:\/\/shop.theophile-patachou.com\/nl\/wp-json\/wp\/v2\/media\/57284"}],"wp:attachment":[{"href":"https:\/\/shop.theophile-patachou.com\/nl\/wp-json\/wp\/v2\/media?parent=54641"}],"wp:term":[{"taxonomy":"product_brand","embeddable":true,"href":"https:\/\/shop.theophile-patachou.com\/nl\/wp-json\/wp\/v2\/product_brand?post=54641"},{"taxonomy":"product_cat","embeddable":true,"href":"https:\/\/shop.theophile-patachou.com\/nl\/wp-json\/wp\/v2\/product_cat?post=54641"},{"taxonomy":"product_tag","embeddable":true,"href":"https:\/\/shop.theophile-patachou.com\/nl\/wp-json\/wp\/v2\/product_tag?post=54641"}],"curies":[{"name":"wp","href":"https:\/\/api.w.org\/{rel}","templated":true}]}}