{"id":56200,"date":"2021-04-08T10:57:41","date_gmt":"2021-04-08T09:57:41","guid":{"rendered":"https:\/\/shop.theophile-patachou.com\/?post_type=product&#038;p=56200"},"modified":"2022-07-31T15:14:39","modified_gmt":"2022-07-31T14:14:39","slug":"bedrok-70-cm-cw","status":"publish","type":"product","link":"https:\/\/shop.theophile-patachou.com\/nl\/product\/bedrok-70-cm-cw\/","title":{"rendered":"Bedrok 70 cm"},"content":{"rendered":"<p>De Cotton White bedrok 70 cm zal het bed van uw baby verfraaien. Verbergt de (vaak onaantrekkelijke) ruimte tussen de matras en de vloer.<\/p>\n<p>Ideaal om een vleugje elegantie aan de kamer toe te voegen dankzij de witte kleur. De Cotton White bedrok past heel goed bij de lakens en het bedbeschermer uit dezelfde collectie.<\/p>\n<p>Ontdek de volledige Cotton White-collectie.<\/p>\n<p>Grootte van de bedrok : 70 x 140 cm<\/p>\n","protected":false},"excerpt":{"rendered":"<h2>Bedrok voor baby ledikant &#8211; Cotton White<\/h2>\n<p>De<strong> bedrok<\/strong> 70 x 140 cm benadrukt uw<strong> ledikant<\/strong> door de ruimte (vaak onaantrekkelijk) tussen de matras en de vloer te verbergen.<\/p>\n<p>Katoen &#8211; Cotton White<\/p>\n","protected":false},"featured_media":58609,"template":"","meta":[],"product_brand":[],"product_cat":[442,1397,468],"product_tag":[552,480,216,1323],"class_list":{"0":"post-56200","1":"product","2":"type-product","3":"status-publish","4":"has-post-thumbnail","6":"product_cat-collectie-voor-kinderkamer","7":"product_cat-cotton-white-nl","8":"product_cat-beddengoed","9":"product_tag-bedrok","10":"product_tag-beddengoed","11":"product_tag-popeline-nl","12":"product_tag-sweet-blue-nl","14":"first","15":"instock","16":"taxable","17":"shipping-taxable","18":"purchasable","19":"product-type-simple"},"yoast_head":"<!-- This site is optimized with the Yoast SEO plugin v26.9 - https:\/\/yoast.com\/product\/yoast-seo-wordpress\/ -->\n<title>Cotton White Bedrok 70 cm - Th\u00e9ophile et Patachou<\/title>\n<meta name=\"description\" content=\"De Cotton White bedrok 70 cm zal uw babybed verfraaien door de ruimte tussen de matras en de vloer te verbergen. Voor bed 70x140cm.\" \/>\n<meta name=\"robots\" content=\"index, follow, max-snippet:-1, max-image-preview:large, max-video-preview:-1\" \/>\n<link rel=\"canonical\" href=\"https:\/\/shop.theophile-patachou.com\/nl\/product\/bedrok-70-cm-cw\/\" \/>\n<meta property=\"og:locale\" content=\"nl_NL\" \/>\n<meta property=\"og:type\" content=\"article\" \/>\n<meta property=\"og:title\" content=\"Cotton White Bedrok 70 cm - Th\u00e9ophile et Patachou\" \/>\n<meta property=\"og:description\" content=\"De Cotton White bedrok 70 cm zal uw babybed verfraaien door de ruimte tussen de matras en de vloer te verbergen. Voor bed 70x140cm.\" \/>\n<meta property=\"og:url\" content=\"https:\/\/shop.theophile-patachou.com\/nl\/product\/bedrok-70-cm-cw\/\" \/>\n<meta property=\"og:site_name\" content=\"Th\u00e9ophile et Patachou\" \/>\n<meta property=\"article:publisher\" content=\"https:\/\/www.facebook.com\/Th%c3%a9ophile-Patachou-197829346970085\/\" \/>\n<meta property=\"article:modified_time\" content=\"2022-07-31T14:14:39+00:00\" \/>\n<meta property=\"og:image\" content=\"https:\/\/shop.theophile-patachou.com\/wp-content\/uploads\/2021\/04\/JUPE70CW.jpg\" \/>\n\t<meta property=\"og:image:width\" content=\"2000\" \/>\n\t<meta property=\"og:image:height\" content=\"2000\" \/>\n\t<meta property=\"og:image:type\" content=\"image\/jpeg\" \/>\n<meta name=\"twitter:card\" content=\"summary_large_image\" \/>\n<meta name=\"twitter:site\" content=\"@TPBelgium\" \/>\n<meta name=\"twitter:label1\" content=\"Geschatte leestijd\" \/>\n\t<meta name=\"twitter:data1\" content=\"1 minuut\" \/>\n<script type=\"application\/ld+json\" class=\"yoast-schema-graph\">{\"@context\":\"https:\/\/schema.org\",\"@graph\":[{\"@type\":\"WebPage\",\"@id\":\"https:\/\/shop.theophile-patachou.com\/nl\/product\/bedrok-70-cm-cw\/\",\"url\":\"https:\/\/shop.theophile-patachou.com\/nl\/product\/bedrok-70-cm-cw\/\",\"name\":\"Cotton White Bedrok 70 cm - Th\u00e9ophile et Patachou\",\"isPartOf\":{\"@id\":\"https:\/\/shop.theophile-patachou.com\/nl\/#website\"},\"primaryImageOfPage\":{\"@id\":\"https:\/\/shop.theophile-patachou.com\/nl\/product\/bedrok-70-cm-cw\/#primaryimage\"},\"image\":{\"@id\":\"https:\/\/shop.theophile-patachou.com\/nl\/product\/bedrok-70-cm-cw\/#primaryimage\"},\"thumbnailUrl\":\"https:\/\/shop.theophile-patachou.com\/wp-content\/uploads\/2021\/04\/JUPE70CW.jpg\",\"datePublished\":\"2021-04-08T09:57:41+00:00\",\"dateModified\":\"2022-07-31T14:14:39+00:00\",\"description\":\"De Cotton White bedrok 70 cm zal uw babybed verfraaien door de ruimte tussen de matras en de vloer te verbergen. Voor bed 70x140cm.\",\"breadcrumb\":{\"@id\":\"https:\/\/shop.theophile-patachou.com\/nl\/product\/bedrok-70-cm-cw\/#breadcrumb\"},\"inLanguage\":\"nl-NL\",\"potentialAction\":[{\"@type\":\"ReadAction\",\"target\":[\"https:\/\/shop.theophile-patachou.com\/nl\/product\/bedrok-70-cm-cw\/\"]}]},{\"@type\":\"ImageObject\",\"inLanguage\":\"nl-NL\",\"@id\":\"https:\/\/shop.theophile-patachou.com\/nl\/product\/bedrok-70-cm-cw\/#primaryimage\",\"url\":\"https:\/\/shop.theophile-patachou.com\/wp-content\/uploads\/2021\/04\/JUPE70CW.jpg\",\"contentUrl\":\"https:\/\/shop.theophile-patachou.com\/wp-content\/uploads\/2021\/04\/JUPE70CW.jpg\",\"width\":2000,\"height\":2000,\"caption\":\"Jupe de lit 70cm, Cotton White\"},{\"@type\":\"BreadcrumbList\",\"@id\":\"https:\/\/shop.theophile-patachou.com\/nl\/product\/bedrok-70-cm-cw\/#breadcrumb\",\"itemListElement\":[{\"@type\":\"ListItem\",\"position\":1,\"name\":\"Accueil\",\"item\":\"https:\/\/shop.theophile-patachou.com\/nl\/\"},{\"@type\":\"ListItem\",\"position\":2,\"name\":\"Producten\",\"item\":\"https:\/\/shop.theophile-patachou.com\/nl\/shop\/\"},{\"@type\":\"ListItem\",\"position\":3,\"name\":\"Bedrok 70 cm\"}]},{\"@type\":\"WebSite\",\"@id\":\"https:\/\/shop.theophile-patachou.com\/nl\/#website\",\"url\":\"https:\/\/shop.theophile-patachou.com\/nl\/\",\"name\":\"Th\u00e9ophile et Patachou\",\"description\":\"Mobilier &amp; accessoires pour b\u00e9b\u00e9\",\"publisher\":{\"@id\":\"https:\/\/shop.theophile-patachou.com\/nl\/#organization\"},\"potentialAction\":[{\"@type\":\"SearchAction\",\"target\":{\"@type\":\"EntryPoint\",\"urlTemplate\":\"https:\/\/shop.theophile-patachou.com\/nl\/?s={search_term_string}\"},\"query-input\":{\"@type\":\"PropertyValueSpecification\",\"valueRequired\":true,\"valueName\":\"search_term_string\"}}],\"inLanguage\":\"nl-NL\"},{\"@type\":\"Organization\",\"@id\":\"https:\/\/shop.theophile-patachou.com\/nl\/#organization\",\"name\":\"Th\u00e9ophile & Patachou\",\"url\":\"https:\/\/shop.theophile-patachou.com\/nl\/\",\"logo\":{\"@type\":\"ImageObject\",\"inLanguage\":\"nl-NL\",\"@id\":\"https:\/\/shop.theophile-patachou.com\/nl\/#\/schema\/logo\/image\/\",\"url\":\"https:\/\/shop.theophile-patachou.com\/wp-content\/uploads\/2014\/12\/site-login-logo.png\",\"contentUrl\":\"https:\/\/shop.theophile-patachou.com\/wp-content\/uploads\/2014\/12\/site-login-logo.png\",\"width\":300,\"height\":150,\"caption\":\"Th\u00e9ophile & Patachou\"},\"image\":{\"@id\":\"https:\/\/shop.theophile-patachou.com\/nl\/#\/schema\/logo\/image\/\"},\"sameAs\":[\"https:\/\/www.facebook.com\/Th\u00e9ophile-Patachou-197829346970085\/\",\"https:\/\/x.com\/TPBelgium\",\"https:\/\/instagram.com\/theophile_patachou\/\",\"https:\/\/www.pinterest.com\/ThPat\/\"]}]}<\/script>\n<!-- \/ Yoast SEO plugin. -->","yoast_head_json":{"title":"Cotton White Bedrok 70 cm - Th\u00e9ophile et Patachou","description":"De Cotton White bedrok 70 cm zal uw babybed verfraaien door de ruimte tussen de matras en de vloer te verbergen. Voor bed 70x140cm.","robots":{"index":"index","follow":"follow","max-snippet":"max-snippet:-1","max-image-preview":"max-image-preview:large","max-video-preview":"max-video-preview:-1"},"canonical":"https:\/\/shop.theophile-patachou.com\/nl\/product\/bedrok-70-cm-cw\/","og_locale":"nl_NL","og_type":"article","og_title":"Cotton White Bedrok 70 cm - Th\u00e9ophile et Patachou","og_description":"De Cotton White bedrok 70 cm zal uw babybed verfraaien door de ruimte tussen de matras en de vloer te verbergen. Voor bed 70x140cm.","og_url":"https:\/\/shop.theophile-patachou.com\/nl\/product\/bedrok-70-cm-cw\/","og_site_name":"Th\u00e9ophile et Patachou","article_publisher":"https:\/\/www.facebook.com\/Th%c3%a9ophile-Patachou-197829346970085\/","article_modified_time":"2022-07-31T14:14:39+00:00","og_image":[{"width":2000,"height":2000,"url":"https:\/\/shop.theophile-patachou.com\/wp-content\/uploads\/2021\/04\/JUPE70CW.jpg","type":"image\/jpeg"}],"twitter_card":"summary_large_image","twitter_site":"@TPBelgium","twitter_misc":{"Geschatte leestijd":"1 minuut"},"schema":{"@context":"https:\/\/schema.org","@graph":[{"@type":"WebPage","@id":"https:\/\/shop.theophile-patachou.com\/nl\/product\/bedrok-70-cm-cw\/","url":"https:\/\/shop.theophile-patachou.com\/nl\/product\/bedrok-70-cm-cw\/","name":"Cotton White Bedrok 70 cm - Th\u00e9ophile et Patachou","isPartOf":{"@id":"https:\/\/shop.theophile-patachou.com\/nl\/#website"},"primaryImageOfPage":{"@id":"https:\/\/shop.theophile-patachou.com\/nl\/product\/bedrok-70-cm-cw\/#primaryimage"},"image":{"@id":"https:\/\/shop.theophile-patachou.com\/nl\/product\/bedrok-70-cm-cw\/#primaryimage"},"thumbnailUrl":"https:\/\/shop.theophile-patachou.com\/wp-content\/uploads\/2021\/04\/JUPE70CW.jpg","datePublished":"2021-04-08T09:57:41+00:00","dateModified":"2022-07-31T14:14:39+00:00","description":"De Cotton White bedrok 70 cm zal uw babybed verfraaien door de ruimte tussen de matras en de vloer te verbergen. Voor bed 70x140cm.","breadcrumb":{"@id":"https:\/\/shop.theophile-patachou.com\/nl\/product\/bedrok-70-cm-cw\/#breadcrumb"},"inLanguage":"nl-NL","potentialAction":[{"@type":"ReadAction","target":["https:\/\/shop.theophile-patachou.com\/nl\/product\/bedrok-70-cm-cw\/"]}]},{"@type":"ImageObject","inLanguage":"nl-NL","@id":"https:\/\/shop.theophile-patachou.com\/nl\/product\/bedrok-70-cm-cw\/#primaryimage","url":"https:\/\/shop.theophile-patachou.com\/wp-content\/uploads\/2021\/04\/JUPE70CW.jpg","contentUrl":"https:\/\/shop.theophile-patachou.com\/wp-content\/uploads\/2021\/04\/JUPE70CW.jpg","width":2000,"height":2000,"caption":"Jupe de lit 70cm, Cotton White"},{"@type":"BreadcrumbList","@id":"https:\/\/shop.theophile-patachou.com\/nl\/product\/bedrok-70-cm-cw\/#breadcrumb","itemListElement":[{"@type":"ListItem","position":1,"name":"Accueil","item":"https:\/\/shop.theophile-patachou.com\/nl\/"},{"@type":"ListItem","position":2,"name":"Producten","item":"https:\/\/shop.theophile-patachou.com\/nl\/shop\/"},{"@type":"ListItem","position":3,"name":"Bedrok 70 cm"}]},{"@type":"WebSite","@id":"https:\/\/shop.theophile-patachou.com\/nl\/#website","url":"https:\/\/shop.theophile-patachou.com\/nl\/","name":"Th\u00e9ophile et Patachou","description":"Mobilier &amp; accessoires pour b\u00e9b\u00e9","publisher":{"@id":"https:\/\/shop.theophile-patachou.com\/nl\/#organization"},"potentialAction":[{"@type":"SearchAction","target":{"@type":"EntryPoint","urlTemplate":"https:\/\/shop.theophile-patachou.com\/nl\/?s={search_term_string}"},"query-input":{"@type":"PropertyValueSpecification","valueRequired":true,"valueName":"search_term_string"}}],"inLanguage":"nl-NL"},{"@type":"Organization","@id":"https:\/\/shop.theophile-patachou.com\/nl\/#organization","name":"Th\u00e9ophile & Patachou","url":"https:\/\/shop.theophile-patachou.com\/nl\/","logo":{"@type":"ImageObject","inLanguage":"nl-NL","@id":"https:\/\/shop.theophile-patachou.com\/nl\/#\/schema\/logo\/image\/","url":"https:\/\/shop.theophile-patachou.com\/wp-content\/uploads\/2014\/12\/site-login-logo.png","contentUrl":"https:\/\/shop.theophile-patachou.com\/wp-content\/uploads\/2014\/12\/site-login-logo.png","width":300,"height":150,"caption":"Th\u00e9ophile & Patachou"},"image":{"@id":"https:\/\/shop.theophile-patachou.com\/nl\/#\/schema\/logo\/image\/"},"sameAs":["https:\/\/www.facebook.com\/Th\u00e9ophile-Patachou-197829346970085\/","https:\/\/x.com\/TPBelgium","https:\/\/instagram.com\/theophile_patachou\/","https:\/\/www.pinterest.com\/ThPat\/"]}]}},"_links":{"self":[{"href":"https:\/\/shop.theophile-patachou.com\/nl\/wp-json\/wp\/v2\/product\/56200","targetHints":{"allow":["GET"]}}],"collection":[{"href":"https:\/\/shop.theophile-patachou.com\/nl\/wp-json\/wp\/v2\/product"}],"about":[{"href":"https:\/\/shop.theophile-patachou.com\/nl\/wp-json\/wp\/v2\/types\/product"}],"wp:featuredmedia":[{"embeddable":true,"href":"https:\/\/shop.theophile-patachou.com\/nl\/wp-json\/wp\/v2\/media\/58609"}],"wp:attachment":[{"href":"https:\/\/shop.theophile-patachou.com\/nl\/wp-json\/wp\/v2\/media?parent=56200"}],"wp:term":[{"taxonomy":"product_brand","embeddable":true,"href":"https:\/\/shop.theophile-patachou.com\/nl\/wp-json\/wp\/v2\/product_brand?post=56200"},{"taxonomy":"product_cat","embeddable":true,"href":"https:\/\/shop.theophile-patachou.com\/nl\/wp-json\/wp\/v2\/product_cat?post=56200"},{"taxonomy":"product_tag","embeddable":true,"href":"https:\/\/shop.theophile-patachou.com\/nl\/wp-json\/wp\/v2\/product_tag?post=56200"}],"curies":[{"name":"wp","href":"https:\/\/api.w.org\/{rel}","templated":true}]}}