{"id":56597,"date":"2021-04-15T15:09:45","date_gmt":"2021-04-15T14:09:48","guid":{"rendered":"https:\/\/shop.theophile-patachou.com\/?post_type=product&#038;p=56597"},"modified":"2023-03-19T22:20:43","modified_gmt":"2023-03-19T21:20:43","slug":"wand-trophy-beer-cw-2","status":"publish","type":"product","link":"https:\/\/shop.theophile-patachou.com\/nl\/product\/wand-trophy-beer-cw-2\/","title":{"rendered":"Wand trophy beer"},"content":{"rendered":"<p>Patachou trofee beer, Cotton White collectie, in witte reli\u00ebf stof, met een strik. Speels en decoratief. Versier de babykamer met elegantie. Om aan de muur te hangen met een spijker, aan de achterkant van het hoofd.<\/p>\n<p>Verkrijgbaar in jongensuitvoering: Theophile wandtrofee<br \/>\nOntdek de hele Cotton White-collectie<\/p>\n<p>Afmetingen: 26 x 26 cm<br \/>\nKleur: wit<br \/>\nGewafeld<\/p>\n","protected":false},"excerpt":{"rendered":"<h2>Beer Trofee Patachou &#8211; Cotton White<\/h2>\n<p>Speels en decoratief. Versier de babykamer met elegantie. Om aan de muur te hangen<\/p>\n<p>Afmetingen: 26 x 26 cm<br \/>\nGewafeld<\/p>\n","protected":false},"featured_media":58577,"template":"","meta":[],"product_brand":[],"product_cat":[442,1397,464,1547],"product_tag":[1171,653,654,1241],"class_list":{"0":"post-56597","1":"product","2":"type-product","3":"status-publish","4":"has-post-thumbnail","6":"product_cat-collectie-voor-kinderkamer","7":"product_cat-cotton-white-nl","8":"product_cat-deco-kamer","9":"product_cat-beer-trophy-nl","10":"product_tag-beer-nl","11":"product_tag-decoratie","12":"product_tag-beer","13":"product_tag-wit","15":"first","16":"instock","17":"taxable","18":"shipping-taxable","19":"purchasable","20":"product-type-simple"},"yoast_head":"<!-- This site is optimized with the Yoast SEO plugin v26.9 - https:\/\/yoast.com\/product\/yoast-seo-wordpress\/ -->\n<title>Beer Trofee Cotton White - Th\u00e9ophile Gewafeld - Th\u00e9ophile et Patachou<\/title>\n<meta name=\"description\" content=\"Versier de muur van uw babykamer met deze Patachou wand beer trofee in witte gewafeld katoen, uit de Cotton White collectie.\" \/>\n<meta name=\"robots\" content=\"index, follow, max-snippet:-1, max-image-preview:large, max-video-preview:-1\" \/>\n<link rel=\"canonical\" href=\"https:\/\/shop.theophile-patachou.com\/nl\/product\/wand-trophy-beer-cw-2\/\" \/>\n<meta property=\"og:locale\" content=\"nl_NL\" \/>\n<meta property=\"og:type\" content=\"article\" \/>\n<meta property=\"og:title\" content=\"Beer Trofee Cotton White - Th\u00e9ophile Gewafeld - Th\u00e9ophile et Patachou\" \/>\n<meta property=\"og:description\" content=\"Versier de muur van uw babykamer met deze Patachou wand beer trofee in witte gewafeld katoen, uit de Cotton White collectie.\" \/>\n<meta property=\"og:url\" content=\"https:\/\/shop.theophile-patachou.com\/nl\/product\/wand-trophy-beer-cw-2\/\" \/>\n<meta property=\"og:site_name\" content=\"Th\u00e9ophile et Patachou\" \/>\n<meta property=\"article:publisher\" content=\"https:\/\/www.facebook.com\/Th%c3%a9ophile-Patachou-197829346970085\/\" \/>\n<meta property=\"article:modified_time\" content=\"2023-03-19T21:20:43+00:00\" \/>\n<meta property=\"og:image\" content=\"https:\/\/shop.theophile-patachou.com\/wp-content\/uploads\/2021\/04\/TROURSCW2-scaled.jpg\" \/>\n\t<meta property=\"og:image:width\" content=\"2560\" \/>\n\t<meta property=\"og:image:height\" content=\"2560\" \/>\n\t<meta property=\"og:image:type\" content=\"image\/jpeg\" \/>\n<meta name=\"twitter:card\" content=\"summary_large_image\" \/>\n<meta name=\"twitter:site\" content=\"@TPBelgium\" \/>\n<meta name=\"twitter:label1\" content=\"Geschatte leestijd\" \/>\n\t<meta name=\"twitter:data1\" content=\"1 minuut\" \/>\n<script type=\"application\/ld+json\" class=\"yoast-schema-graph\">{\"@context\":\"https:\/\/schema.org\",\"@graph\":[{\"@type\":\"WebPage\",\"@id\":\"https:\/\/shop.theophile-patachou.com\/nl\/product\/wand-trophy-beer-cw-2\/\",\"url\":\"https:\/\/shop.theophile-patachou.com\/nl\/product\/wand-trophy-beer-cw-2\/\",\"name\":\"Beer Trofee Cotton White - Th\u00e9ophile Gewafeld - Th\u00e9ophile et Patachou\",\"isPartOf\":{\"@id\":\"https:\/\/shop.theophile-patachou.com\/nl\/#website\"},\"primaryImageOfPage\":{\"@id\":\"https:\/\/shop.theophile-patachou.com\/nl\/product\/wand-trophy-beer-cw-2\/#primaryimage\"},\"image\":{\"@id\":\"https:\/\/shop.theophile-patachou.com\/nl\/product\/wand-trophy-beer-cw-2\/#primaryimage\"},\"thumbnailUrl\":\"https:\/\/shop.theophile-patachou.com\/wp-content\/uploads\/2021\/04\/TROURSCW2-scaled.jpg\",\"datePublished\":\"2021-04-15T14:09:48+00:00\",\"dateModified\":\"2023-03-19T21:20:43+00:00\",\"description\":\"Versier de muur van uw babykamer met deze Patachou wand beer trofee in witte gewafeld katoen, uit de Cotton White collectie.\",\"breadcrumb\":{\"@id\":\"https:\/\/shop.theophile-patachou.com\/nl\/product\/wand-trophy-beer-cw-2\/#breadcrumb\"},\"inLanguage\":\"nl-NL\",\"potentialAction\":[{\"@type\":\"ReadAction\",\"target\":[\"https:\/\/shop.theophile-patachou.com\/nl\/product\/wand-trophy-beer-cw-2\/\"]}]},{\"@type\":\"ImageObject\",\"inLanguage\":\"nl-NL\",\"@id\":\"https:\/\/shop.theophile-patachou.com\/nl\/product\/wand-trophy-beer-cw-2\/#primaryimage\",\"url\":\"https:\/\/shop.theophile-patachou.com\/wp-content\/uploads\/2021\/04\/TROURSCW2-scaled.jpg\",\"contentUrl\":\"https:\/\/shop.theophile-patachou.com\/wp-content\/uploads\/2021\/04\/TROURSCW2-scaled.jpg\",\"width\":2560,\"height\":2560,\"caption\":\"Troph\u00e9e mural t\u00eate d'ours Patachou, Cotton White\"},{\"@type\":\"BreadcrumbList\",\"@id\":\"https:\/\/shop.theophile-patachou.com\/nl\/product\/wand-trophy-beer-cw-2\/#breadcrumb\",\"itemListElement\":[{\"@type\":\"ListItem\",\"position\":1,\"name\":\"Accueil\",\"item\":\"https:\/\/shop.theophile-patachou.com\/nl\/\"},{\"@type\":\"ListItem\",\"position\":2,\"name\":\"Producten\",\"item\":\"https:\/\/shop.theophile-patachou.com\/nl\/shop\/\"},{\"@type\":\"ListItem\",\"position\":3,\"name\":\"Wand trophy beer\"}]},{\"@type\":\"WebSite\",\"@id\":\"https:\/\/shop.theophile-patachou.com\/nl\/#website\",\"url\":\"https:\/\/shop.theophile-patachou.com\/nl\/\",\"name\":\"Th\u00e9ophile et Patachou\",\"description\":\"Mobilier &amp; accessoires pour b\u00e9b\u00e9\",\"publisher\":{\"@id\":\"https:\/\/shop.theophile-patachou.com\/nl\/#organization\"},\"potentialAction\":[{\"@type\":\"SearchAction\",\"target\":{\"@type\":\"EntryPoint\",\"urlTemplate\":\"https:\/\/shop.theophile-patachou.com\/nl\/?s={search_term_string}\"},\"query-input\":{\"@type\":\"PropertyValueSpecification\",\"valueRequired\":true,\"valueName\":\"search_term_string\"}}],\"inLanguage\":\"nl-NL\"},{\"@type\":\"Organization\",\"@id\":\"https:\/\/shop.theophile-patachou.com\/nl\/#organization\",\"name\":\"Th\u00e9ophile & Patachou\",\"url\":\"https:\/\/shop.theophile-patachou.com\/nl\/\",\"logo\":{\"@type\":\"ImageObject\",\"inLanguage\":\"nl-NL\",\"@id\":\"https:\/\/shop.theophile-patachou.com\/nl\/#\/schema\/logo\/image\/\",\"url\":\"https:\/\/shop.theophile-patachou.com\/wp-content\/uploads\/2014\/12\/site-login-logo.png\",\"contentUrl\":\"https:\/\/shop.theophile-patachou.com\/wp-content\/uploads\/2014\/12\/site-login-logo.png\",\"width\":300,\"height\":150,\"caption\":\"Th\u00e9ophile & Patachou\"},\"image\":{\"@id\":\"https:\/\/shop.theophile-patachou.com\/nl\/#\/schema\/logo\/image\/\"},\"sameAs\":[\"https:\/\/www.facebook.com\/Th\u00e9ophile-Patachou-197829346970085\/\",\"https:\/\/x.com\/TPBelgium\",\"https:\/\/instagram.com\/theophile_patachou\/\",\"https:\/\/www.pinterest.com\/ThPat\/\"]}]}<\/script>\n<!-- \/ Yoast SEO plugin. -->","yoast_head_json":{"title":"Beer Trofee Cotton White - Th\u00e9ophile Gewafeld - Th\u00e9ophile et Patachou","description":"Versier de muur van uw babykamer met deze Patachou wand beer trofee in witte gewafeld katoen, uit de Cotton White collectie.","robots":{"index":"index","follow":"follow","max-snippet":"max-snippet:-1","max-image-preview":"max-image-preview:large","max-video-preview":"max-video-preview:-1"},"canonical":"https:\/\/shop.theophile-patachou.com\/nl\/product\/wand-trophy-beer-cw-2\/","og_locale":"nl_NL","og_type":"article","og_title":"Beer Trofee Cotton White - Th\u00e9ophile Gewafeld - Th\u00e9ophile et Patachou","og_description":"Versier de muur van uw babykamer met deze Patachou wand beer trofee in witte gewafeld katoen, uit de Cotton White collectie.","og_url":"https:\/\/shop.theophile-patachou.com\/nl\/product\/wand-trophy-beer-cw-2\/","og_site_name":"Th\u00e9ophile et Patachou","article_publisher":"https:\/\/www.facebook.com\/Th%c3%a9ophile-Patachou-197829346970085\/","article_modified_time":"2023-03-19T21:20:43+00:00","og_image":[{"width":2560,"height":2560,"url":"https:\/\/shop.theophile-patachou.com\/wp-content\/uploads\/2021\/04\/TROURSCW2-scaled.jpg","type":"image\/jpeg"}],"twitter_card":"summary_large_image","twitter_site":"@TPBelgium","twitter_misc":{"Geschatte leestijd":"1 minuut"},"schema":{"@context":"https:\/\/schema.org","@graph":[{"@type":"WebPage","@id":"https:\/\/shop.theophile-patachou.com\/nl\/product\/wand-trophy-beer-cw-2\/","url":"https:\/\/shop.theophile-patachou.com\/nl\/product\/wand-trophy-beer-cw-2\/","name":"Beer Trofee Cotton White - Th\u00e9ophile Gewafeld - Th\u00e9ophile et Patachou","isPartOf":{"@id":"https:\/\/shop.theophile-patachou.com\/nl\/#website"},"primaryImageOfPage":{"@id":"https:\/\/shop.theophile-patachou.com\/nl\/product\/wand-trophy-beer-cw-2\/#primaryimage"},"image":{"@id":"https:\/\/shop.theophile-patachou.com\/nl\/product\/wand-trophy-beer-cw-2\/#primaryimage"},"thumbnailUrl":"https:\/\/shop.theophile-patachou.com\/wp-content\/uploads\/2021\/04\/TROURSCW2-scaled.jpg","datePublished":"2021-04-15T14:09:48+00:00","dateModified":"2023-03-19T21:20:43+00:00","description":"Versier de muur van uw babykamer met deze Patachou wand beer trofee in witte gewafeld katoen, uit de Cotton White collectie.","breadcrumb":{"@id":"https:\/\/shop.theophile-patachou.com\/nl\/product\/wand-trophy-beer-cw-2\/#breadcrumb"},"inLanguage":"nl-NL","potentialAction":[{"@type":"ReadAction","target":["https:\/\/shop.theophile-patachou.com\/nl\/product\/wand-trophy-beer-cw-2\/"]}]},{"@type":"ImageObject","inLanguage":"nl-NL","@id":"https:\/\/shop.theophile-patachou.com\/nl\/product\/wand-trophy-beer-cw-2\/#primaryimage","url":"https:\/\/shop.theophile-patachou.com\/wp-content\/uploads\/2021\/04\/TROURSCW2-scaled.jpg","contentUrl":"https:\/\/shop.theophile-patachou.com\/wp-content\/uploads\/2021\/04\/TROURSCW2-scaled.jpg","width":2560,"height":2560,"caption":"Troph\u00e9e mural t\u00eate d'ours Patachou, Cotton White"},{"@type":"BreadcrumbList","@id":"https:\/\/shop.theophile-patachou.com\/nl\/product\/wand-trophy-beer-cw-2\/#breadcrumb","itemListElement":[{"@type":"ListItem","position":1,"name":"Accueil","item":"https:\/\/shop.theophile-patachou.com\/nl\/"},{"@type":"ListItem","position":2,"name":"Producten","item":"https:\/\/shop.theophile-patachou.com\/nl\/shop\/"},{"@type":"ListItem","position":3,"name":"Wand trophy beer"}]},{"@type":"WebSite","@id":"https:\/\/shop.theophile-patachou.com\/nl\/#website","url":"https:\/\/shop.theophile-patachou.com\/nl\/","name":"Th\u00e9ophile et Patachou","description":"Mobilier &amp; accessoires pour b\u00e9b\u00e9","publisher":{"@id":"https:\/\/shop.theophile-patachou.com\/nl\/#organization"},"potentialAction":[{"@type":"SearchAction","target":{"@type":"EntryPoint","urlTemplate":"https:\/\/shop.theophile-patachou.com\/nl\/?s={search_term_string}"},"query-input":{"@type":"PropertyValueSpecification","valueRequired":true,"valueName":"search_term_string"}}],"inLanguage":"nl-NL"},{"@type":"Organization","@id":"https:\/\/shop.theophile-patachou.com\/nl\/#organization","name":"Th\u00e9ophile & Patachou","url":"https:\/\/shop.theophile-patachou.com\/nl\/","logo":{"@type":"ImageObject","inLanguage":"nl-NL","@id":"https:\/\/shop.theophile-patachou.com\/nl\/#\/schema\/logo\/image\/","url":"https:\/\/shop.theophile-patachou.com\/wp-content\/uploads\/2014\/12\/site-login-logo.png","contentUrl":"https:\/\/shop.theophile-patachou.com\/wp-content\/uploads\/2014\/12\/site-login-logo.png","width":300,"height":150,"caption":"Th\u00e9ophile & Patachou"},"image":{"@id":"https:\/\/shop.theophile-patachou.com\/nl\/#\/schema\/logo\/image\/"},"sameAs":["https:\/\/www.facebook.com\/Th\u00e9ophile-Patachou-197829346970085\/","https:\/\/x.com\/TPBelgium","https:\/\/instagram.com\/theophile_patachou\/","https:\/\/www.pinterest.com\/ThPat\/"]}]}},"_links":{"self":[{"href":"https:\/\/shop.theophile-patachou.com\/nl\/wp-json\/wp\/v2\/product\/56597","targetHints":{"allow":["GET"]}}],"collection":[{"href":"https:\/\/shop.theophile-patachou.com\/nl\/wp-json\/wp\/v2\/product"}],"about":[{"href":"https:\/\/shop.theophile-patachou.com\/nl\/wp-json\/wp\/v2\/types\/product"}],"wp:featuredmedia":[{"embeddable":true,"href":"https:\/\/shop.theophile-patachou.com\/nl\/wp-json\/wp\/v2\/media\/58577"}],"wp:attachment":[{"href":"https:\/\/shop.theophile-patachou.com\/nl\/wp-json\/wp\/v2\/media?parent=56597"}],"wp:term":[{"taxonomy":"product_brand","embeddable":true,"href":"https:\/\/shop.theophile-patachou.com\/nl\/wp-json\/wp\/v2\/product_brand?post=56597"},{"taxonomy":"product_cat","embeddable":true,"href":"https:\/\/shop.theophile-patachou.com\/nl\/wp-json\/wp\/v2\/product_cat?post=56597"},{"taxonomy":"product_tag","embeddable":true,"href":"https:\/\/shop.theophile-patachou.com\/nl\/wp-json\/wp\/v2\/product_tag?post=56597"}],"curies":[{"name":"wp","href":"https:\/\/api.w.org\/{rel}","templated":true}]}}