{"id":61494,"date":"2021-09-30T11:02:02","date_gmt":"2021-09-30T10:02:02","guid":{"rendered":"https:\/\/shop.theophile-patachou.com\/?post_type=product&#038;p=61494"},"modified":"2026-01-23T17:42:40","modified_gmt":"2026-01-23T16:42:40","slug":"hoes-verzorgingskussen-14","status":"publish","type":"product","link":"https:\/\/shop.theophile-patachou.com\/nl\/product\/hoes-verzorgingskussen-14\/","title":{"rendered":"Hoes verzorgingskussen"},"content":{"rendered":"<p>Hoes verzorgingskussen Cotton Pink, in badstof en gewafeld katoen. Onmisbaar voor het verschonen van de baby. Zorgt voor comfort, veiligheid en welzijn. Voegt een vleugje elegantie toe aan de babykamer.<\/p>\n<p>De matrashoes bedekt perfect het <a href=\"https:\/\/shop.theophile-patachou.com\/nl\/product\/verzorgingskussen\/\">PVC verzorkingskussen<\/a>, apart verkrijgbaar.<br \/>\nVoor een volledige luiertafel, ontdek de volledige <a href=\"https:\/\/shop.theophile-patachou.com\/nl\/product-categorie\/outlet-nl\/cottonpink-nl\/\">Cotton Pink collectie<\/a><\/p>\n<p>Afmetingen: 52 x 66 cm<br \/>\nKleur: roze<\/p>\n<p class=\"p1\"><span class=\"s1\">Ontdek de hele<a href=\"https:\/\/shop.theophile-patachou.com\/nl\/product-categorie\/outlet-nl\/cottonpink-nl\/\"><span class=\"s2\"> collectie Cotton Pink<\/span><\/a><\/span><\/p>\n","protected":false},"excerpt":{"rendered":"<h2>Hoes verzorgingskussen in Badstof\/katoen &#8211; Cotton Pink<\/h2>\n<p><strong>Een must om de baby veilig te wisselen<\/strong>, deze <strong>matrashoes<\/strong> van katoen en badstof zorgt voor comfort en welzijn.<br \/>\n<strong>De hoes voor het verzorgingskussen<\/strong> bekleedt perfect het PVC verzorgingskussen (ref MATPVC) van Th\u00e9ophile &amp; Patachou, apart te bestellen.<\/p>\n","protected":false},"featured_media":80464,"template":"","meta":[],"product_brand":[],"product_cat":[1524,442,462],"product_tag":[601,1527,606],"class_list":{"0":"post-61494","1":"product","2":"type-product","3":"status-publish","4":"has-post-thumbnail","6":"product_cat-cottonpink-nl","7":"product_cat-collectie-voor-kinderkamer","8":"product_cat-badkamer","9":"product_tag-bad","10":"product_tag-cottonpink-nl","11":"product_tag-hoes-waskussen","13":"first","14":"instock","15":"sale","16":"taxable","17":"shipping-taxable","18":"purchasable","19":"product-type-simple"},"yoast_head":"<!-- This site is optimized with the Yoast SEO plugin v26.9 - https:\/\/yoast.com\/product\/yoast-seo-wordpress\/ -->\n<title>Hoes Verzorgingskussen Cotton Pink - Th\u00e9ophile et Patachou<\/title>\n<meta name=\"description\" content=\"De Cotton Pink hoes voor het verzorgingskussen is een must om de baby veilig te wisselen, deze matrashoes zorgt voor comfort en welzijn.\" \/>\n<meta name=\"robots\" content=\"index, follow, max-snippet:-1, max-image-preview:large, max-video-preview:-1\" \/>\n<link rel=\"canonical\" href=\"https:\/\/shop.theophile-patachou.com\/nl\/product\/hoes-verzorgingskussen-14\/\" \/>\n<meta property=\"og:locale\" content=\"nl_NL\" \/>\n<meta property=\"og:type\" content=\"article\" \/>\n<meta property=\"og:title\" content=\"Hoes Verzorgingskussen Cotton Pink - Th\u00e9ophile et Patachou\" \/>\n<meta property=\"og:description\" content=\"De Cotton Pink hoes voor het verzorgingskussen is een must om de baby veilig te wisselen, deze matrashoes zorgt voor comfort en welzijn.\" \/>\n<meta property=\"og:url\" content=\"https:\/\/shop.theophile-patachou.com\/nl\/product\/hoes-verzorgingskussen-14\/\" \/>\n<meta property=\"og:site_name\" content=\"Th\u00e9ophile et Patachou\" \/>\n<meta property=\"article:publisher\" content=\"https:\/\/www.facebook.com\/Th%c3%a9ophile-Patachou-197829346970085\/\" \/>\n<meta property=\"article:modified_time\" content=\"2026-01-23T16:42:40+00:00\" \/>\n<meta property=\"og:image\" content=\"https:\/\/shop.theophile-patachou.com\/wp-content\/uploads\/2021\/09\/CPPLUS.jpg\" \/>\n\t<meta property=\"og:image:width\" content=\"2000\" \/>\n\t<meta property=\"og:image:height\" content=\"2000\" \/>\n\t<meta property=\"og:image:type\" content=\"image\/jpeg\" \/>\n<meta name=\"twitter:card\" content=\"summary_large_image\" \/>\n<meta name=\"twitter:site\" content=\"@TPBelgium\" \/>\n<meta name=\"twitter:label1\" content=\"Geschatte leestijd\" \/>\n\t<meta name=\"twitter:data1\" content=\"1 minuut\" \/>\n<script type=\"application\/ld+json\" class=\"yoast-schema-graph\">{\"@context\":\"https:\/\/schema.org\",\"@graph\":[{\"@type\":\"WebPage\",\"@id\":\"https:\/\/shop.theophile-patachou.com\/nl\/product\/hoes-verzorgingskussen-14\/\",\"url\":\"https:\/\/shop.theophile-patachou.com\/nl\/product\/hoes-verzorgingskussen-14\/\",\"name\":\"Hoes Verzorgingskussen Cotton Pink - Th\u00e9ophile et Patachou\",\"isPartOf\":{\"@id\":\"https:\/\/shop.theophile-patachou.com\/nl\/#website\"},\"primaryImageOfPage\":{\"@id\":\"https:\/\/shop.theophile-patachou.com\/nl\/product\/hoes-verzorgingskussen-14\/#primaryimage\"},\"image\":{\"@id\":\"https:\/\/shop.theophile-patachou.com\/nl\/product\/hoes-verzorgingskussen-14\/#primaryimage\"},\"thumbnailUrl\":\"https:\/\/shop.theophile-patachou.com\/wp-content\/uploads\/2021\/09\/CPPLUS.jpg\",\"datePublished\":\"2021-09-30T10:02:02+00:00\",\"dateModified\":\"2026-01-23T16:42:40+00:00\",\"description\":\"De Cotton Pink hoes voor het verzorgingskussen is een must om de baby veilig te wisselen, deze matrashoes zorgt voor comfort en welzijn.\",\"breadcrumb\":{\"@id\":\"https:\/\/shop.theophile-patachou.com\/nl\/product\/hoes-verzorgingskussen-14\/#breadcrumb\"},\"inLanguage\":\"nl-NL\",\"potentialAction\":[{\"@type\":\"ReadAction\",\"target\":[\"https:\/\/shop.theophile-patachou.com\/nl\/product\/hoes-verzorgingskussen-14\/\"]}]},{\"@type\":\"ImageObject\",\"inLanguage\":\"nl-NL\",\"@id\":\"https:\/\/shop.theophile-patachou.com\/nl\/product\/hoes-verzorgingskussen-14\/#primaryimage\",\"url\":\"https:\/\/shop.theophile-patachou.com\/wp-content\/uploads\/2021\/09\/CPPLUS.jpg\",\"contentUrl\":\"https:\/\/shop.theophile-patachou.com\/wp-content\/uploads\/2021\/09\/CPPLUS.jpg\",\"width\":2000,\"height\":2000},{\"@type\":\"BreadcrumbList\",\"@id\":\"https:\/\/shop.theophile-patachou.com\/nl\/product\/hoes-verzorgingskussen-14\/#breadcrumb\",\"itemListElement\":[{\"@type\":\"ListItem\",\"position\":1,\"name\":\"Accueil\",\"item\":\"https:\/\/shop.theophile-patachou.com\/nl\/\"},{\"@type\":\"ListItem\",\"position\":2,\"name\":\"Producten\",\"item\":\"https:\/\/shop.theophile-patachou.com\/nl\/shop\/\"},{\"@type\":\"ListItem\",\"position\":3,\"name\":\"Hoes verzorgingskussen\"}]},{\"@type\":\"WebSite\",\"@id\":\"https:\/\/shop.theophile-patachou.com\/nl\/#website\",\"url\":\"https:\/\/shop.theophile-patachou.com\/nl\/\",\"name\":\"Th\u00e9ophile et Patachou\",\"description\":\"Mobilier &amp; accessoires pour b\u00e9b\u00e9\",\"publisher\":{\"@id\":\"https:\/\/shop.theophile-patachou.com\/nl\/#organization\"},\"potentialAction\":[{\"@type\":\"SearchAction\",\"target\":{\"@type\":\"EntryPoint\",\"urlTemplate\":\"https:\/\/shop.theophile-patachou.com\/nl\/?s={search_term_string}\"},\"query-input\":{\"@type\":\"PropertyValueSpecification\",\"valueRequired\":true,\"valueName\":\"search_term_string\"}}],\"inLanguage\":\"nl-NL\"},{\"@type\":\"Organization\",\"@id\":\"https:\/\/shop.theophile-patachou.com\/nl\/#organization\",\"name\":\"Th\u00e9ophile & Patachou\",\"url\":\"https:\/\/shop.theophile-patachou.com\/nl\/\",\"logo\":{\"@type\":\"ImageObject\",\"inLanguage\":\"nl-NL\",\"@id\":\"https:\/\/shop.theophile-patachou.com\/nl\/#\/schema\/logo\/image\/\",\"url\":\"https:\/\/shop.theophile-patachou.com\/wp-content\/uploads\/2014\/12\/site-login-logo.png\",\"contentUrl\":\"https:\/\/shop.theophile-patachou.com\/wp-content\/uploads\/2014\/12\/site-login-logo.png\",\"width\":300,\"height\":150,\"caption\":\"Th\u00e9ophile & Patachou\"},\"image\":{\"@id\":\"https:\/\/shop.theophile-patachou.com\/nl\/#\/schema\/logo\/image\/\"},\"sameAs\":[\"https:\/\/www.facebook.com\/Th\u00e9ophile-Patachou-197829346970085\/\",\"https:\/\/x.com\/TPBelgium\",\"https:\/\/instagram.com\/theophile_patachou\/\",\"https:\/\/www.pinterest.com\/ThPat\/\"]}]}<\/script>\n<!-- \/ Yoast SEO plugin. -->","yoast_head_json":{"title":"Hoes Verzorgingskussen Cotton Pink - Th\u00e9ophile et Patachou","description":"De Cotton Pink hoes voor het verzorgingskussen is een must om de baby veilig te wisselen, deze matrashoes zorgt voor comfort en welzijn.","robots":{"index":"index","follow":"follow","max-snippet":"max-snippet:-1","max-image-preview":"max-image-preview:large","max-video-preview":"max-video-preview:-1"},"canonical":"https:\/\/shop.theophile-patachou.com\/nl\/product\/hoes-verzorgingskussen-14\/","og_locale":"nl_NL","og_type":"article","og_title":"Hoes Verzorgingskussen Cotton Pink - Th\u00e9ophile et Patachou","og_description":"De Cotton Pink hoes voor het verzorgingskussen is een must om de baby veilig te wisselen, deze matrashoes zorgt voor comfort en welzijn.","og_url":"https:\/\/shop.theophile-patachou.com\/nl\/product\/hoes-verzorgingskussen-14\/","og_site_name":"Th\u00e9ophile et Patachou","article_publisher":"https:\/\/www.facebook.com\/Th%c3%a9ophile-Patachou-197829346970085\/","article_modified_time":"2026-01-23T16:42:40+00:00","og_image":[{"width":2000,"height":2000,"url":"https:\/\/shop.theophile-patachou.com\/wp-content\/uploads\/2021\/09\/CPPLUS.jpg","type":"image\/jpeg"}],"twitter_card":"summary_large_image","twitter_site":"@TPBelgium","twitter_misc":{"Geschatte leestijd":"1 minuut"},"schema":{"@context":"https:\/\/schema.org","@graph":[{"@type":"WebPage","@id":"https:\/\/shop.theophile-patachou.com\/nl\/product\/hoes-verzorgingskussen-14\/","url":"https:\/\/shop.theophile-patachou.com\/nl\/product\/hoes-verzorgingskussen-14\/","name":"Hoes Verzorgingskussen Cotton Pink - Th\u00e9ophile et Patachou","isPartOf":{"@id":"https:\/\/shop.theophile-patachou.com\/nl\/#website"},"primaryImageOfPage":{"@id":"https:\/\/shop.theophile-patachou.com\/nl\/product\/hoes-verzorgingskussen-14\/#primaryimage"},"image":{"@id":"https:\/\/shop.theophile-patachou.com\/nl\/product\/hoes-verzorgingskussen-14\/#primaryimage"},"thumbnailUrl":"https:\/\/shop.theophile-patachou.com\/wp-content\/uploads\/2021\/09\/CPPLUS.jpg","datePublished":"2021-09-30T10:02:02+00:00","dateModified":"2026-01-23T16:42:40+00:00","description":"De Cotton Pink hoes voor het verzorgingskussen is een must om de baby veilig te wisselen, deze matrashoes zorgt voor comfort en welzijn.","breadcrumb":{"@id":"https:\/\/shop.theophile-patachou.com\/nl\/product\/hoes-verzorgingskussen-14\/#breadcrumb"},"inLanguage":"nl-NL","potentialAction":[{"@type":"ReadAction","target":["https:\/\/shop.theophile-patachou.com\/nl\/product\/hoes-verzorgingskussen-14\/"]}]},{"@type":"ImageObject","inLanguage":"nl-NL","@id":"https:\/\/shop.theophile-patachou.com\/nl\/product\/hoes-verzorgingskussen-14\/#primaryimage","url":"https:\/\/shop.theophile-patachou.com\/wp-content\/uploads\/2021\/09\/CPPLUS.jpg","contentUrl":"https:\/\/shop.theophile-patachou.com\/wp-content\/uploads\/2021\/09\/CPPLUS.jpg","width":2000,"height":2000},{"@type":"BreadcrumbList","@id":"https:\/\/shop.theophile-patachou.com\/nl\/product\/hoes-verzorgingskussen-14\/#breadcrumb","itemListElement":[{"@type":"ListItem","position":1,"name":"Accueil","item":"https:\/\/shop.theophile-patachou.com\/nl\/"},{"@type":"ListItem","position":2,"name":"Producten","item":"https:\/\/shop.theophile-patachou.com\/nl\/shop\/"},{"@type":"ListItem","position":3,"name":"Hoes verzorgingskussen"}]},{"@type":"WebSite","@id":"https:\/\/shop.theophile-patachou.com\/nl\/#website","url":"https:\/\/shop.theophile-patachou.com\/nl\/","name":"Th\u00e9ophile et Patachou","description":"Mobilier &amp; accessoires pour b\u00e9b\u00e9","publisher":{"@id":"https:\/\/shop.theophile-patachou.com\/nl\/#organization"},"potentialAction":[{"@type":"SearchAction","target":{"@type":"EntryPoint","urlTemplate":"https:\/\/shop.theophile-patachou.com\/nl\/?s={search_term_string}"},"query-input":{"@type":"PropertyValueSpecification","valueRequired":true,"valueName":"search_term_string"}}],"inLanguage":"nl-NL"},{"@type":"Organization","@id":"https:\/\/shop.theophile-patachou.com\/nl\/#organization","name":"Th\u00e9ophile & Patachou","url":"https:\/\/shop.theophile-patachou.com\/nl\/","logo":{"@type":"ImageObject","inLanguage":"nl-NL","@id":"https:\/\/shop.theophile-patachou.com\/nl\/#\/schema\/logo\/image\/","url":"https:\/\/shop.theophile-patachou.com\/wp-content\/uploads\/2014\/12\/site-login-logo.png","contentUrl":"https:\/\/shop.theophile-patachou.com\/wp-content\/uploads\/2014\/12\/site-login-logo.png","width":300,"height":150,"caption":"Th\u00e9ophile & Patachou"},"image":{"@id":"https:\/\/shop.theophile-patachou.com\/nl\/#\/schema\/logo\/image\/"},"sameAs":["https:\/\/www.facebook.com\/Th\u00e9ophile-Patachou-197829346970085\/","https:\/\/x.com\/TPBelgium","https:\/\/instagram.com\/theophile_patachou\/","https:\/\/www.pinterest.com\/ThPat\/"]}]}},"_links":{"self":[{"href":"https:\/\/shop.theophile-patachou.com\/nl\/wp-json\/wp\/v2\/product\/61494","targetHints":{"allow":["GET"]}}],"collection":[{"href":"https:\/\/shop.theophile-patachou.com\/nl\/wp-json\/wp\/v2\/product"}],"about":[{"href":"https:\/\/shop.theophile-patachou.com\/nl\/wp-json\/wp\/v2\/types\/product"}],"wp:featuredmedia":[{"embeddable":true,"href":"https:\/\/shop.theophile-patachou.com\/nl\/wp-json\/wp\/v2\/media\/80464"}],"wp:attachment":[{"href":"https:\/\/shop.theophile-patachou.com\/nl\/wp-json\/wp\/v2\/media?parent=61494"}],"wp:term":[{"taxonomy":"product_brand","embeddable":true,"href":"https:\/\/shop.theophile-patachou.com\/nl\/wp-json\/wp\/v2\/product_brand?post=61494"},{"taxonomy":"product_cat","embeddable":true,"href":"https:\/\/shop.theophile-patachou.com\/nl\/wp-json\/wp\/v2\/product_cat?post=61494"},{"taxonomy":"product_tag","embeddable":true,"href":"https:\/\/shop.theophile-patachou.com\/nl\/wp-json\/wp\/v2\/product_tag?post=61494"}],"curies":[{"name":"wp","href":"https:\/\/api.w.org\/{rel}","templated":true}]}}