{"id":61516,"date":"2021-09-30T12:42:17","date_gmt":"2021-09-30T11:42:17","guid":{"rendered":"https:\/\/shop.theophile-patachou.com\/?post_type=product&#038;p=61516"},"modified":"2021-09-30T12:54:30","modified_gmt":"2021-09-30T11:54:30","slug":"reis-waskussen","status":"publish","type":"product","link":"https:\/\/shop.theophile-patachou.com\/nl\/product\/reis-waskussen\/","title":{"rendered":"Reis waskussen"},"content":{"rendered":"<p>Cotton Pink Reis Waskussen, roze, gewafeld. Ideaal dankzij zijn kleine formaat. Vouwt gemakkelijk uit en maakt het mogelijk de baby overal en altijd te verschonen. Ideaal voor op reis met baby.<\/p>\n<p>Perfect bij de Cotton Pink Verzorgingstas.<br \/>\nVoor een complete reistas: de Cotton Pink reisdoekjeshoes en de Cotton Pink Platte tas.<\/p>\n<p>Ontdek de volledige <a href=\"https:\/\/shop.theophile-patachou.com\/nl\/product-categorie\/outlet-nl\/cottonpink-nl\/\">Cotton Pink-collectie<\/a>.<\/p>\n<p>Afmetingen: 38 x 21 x 3 cm<br \/>\nKleur: roze<br \/>\nGewafeld<\/p>\n","protected":false},"excerpt":{"rendered":"<h2>Reis waskussen &#8211; Gewafeld Cotton Pink<\/h2>\n<p><span class=\"s1\"><strong>Ideaal met zijn kleine formaat<\/strong>, vouwt zich gemakkelijk open en biedt U de mogelijkheid <strong>uw baby overal wisselen<\/strong>.<\/span><\/p>\n<p>Afmetingen: 38 x 21 x 3 cm<\/p>\n","protected":false},"featured_media":71516,"template":"","meta":[],"product_brand":[],"product_cat":[1524,442,212],"product_tag":[1527,215,218],"class_list":{"0":"post-61516","1":"product","2":"type-product","3":"status-publish","4":"has-post-thumbnail","6":"product_cat-cottonpink-nl","7":"product_cat-collectie-voor-kinderkamer","8":"product_cat-reizen","9":"product_tag-cottonpink-nl","10":"product_tag-verzorgingskussen","11":"product_tag-reizen","13":"first","14":"instock","15":"sale","16":"taxable","17":"shipping-taxable","18":"purchasable","19":"product-type-simple"},"yoast_head":"<!-- This site is optimized with the Yoast SEO plugin v26.9 - https:\/\/yoast.com\/product\/yoast-seo-wordpress\/ -->\n<title>Cotton Pink Reis Waskussen - Th\u00e9ophile et Patachou<\/title>\n<meta name=\"description\" content=\"Dit zachte Cotton Pink Reis waskussen is ideaal dankzij zijn kleine formaat, is gemakkelijk uit te vouwen en stelt u in staat uw baby overal te verschonen.\" \/>\n<meta name=\"robots\" content=\"index, follow, max-snippet:-1, max-image-preview:large, max-video-preview:-1\" \/>\n<link rel=\"canonical\" href=\"https:\/\/shop.theophile-patachou.com\/nl\/product\/reis-waskussen\/\" \/>\n<meta property=\"og:locale\" content=\"nl_NL\" \/>\n<meta property=\"og:type\" content=\"article\" \/>\n<meta property=\"og:title\" content=\"Cotton Pink Reis Waskussen - Th\u00e9ophile et Patachou\" \/>\n<meta property=\"og:description\" content=\"Dit zachte Cotton Pink Reis waskussen is ideaal dankzij zijn kleine formaat, is gemakkelijk uit te vouwen en stelt u in staat uw baby overal te verschonen.\" \/>\n<meta property=\"og:url\" content=\"https:\/\/shop.theophile-patachou.com\/nl\/product\/reis-waskussen\/\" \/>\n<meta property=\"og:site_name\" content=\"Th\u00e9ophile et Patachou\" \/>\n<meta property=\"article:publisher\" content=\"https:\/\/www.facebook.com\/Th%c3%a9ophile-Patachou-197829346970085\/\" \/>\n<meta property=\"article:modified_time\" content=\"2021-09-30T11:54:30+00:00\" \/>\n<meta property=\"og:image\" content=\"https:\/\/shop.theophile-patachou.com\/wp-content\/uploads\/2021\/09\/CP.SEC2_.jpg\" \/>\n\t<meta property=\"og:image:width\" content=\"380\" \/>\n\t<meta property=\"og:image:height\" content=\"380\" \/>\n\t<meta property=\"og:image:type\" content=\"image\/jpeg\" \/>\n<meta name=\"twitter:card\" content=\"summary_large_image\" \/>\n<meta name=\"twitter:site\" content=\"@TPBelgium\" \/>\n<meta name=\"twitter:label1\" content=\"Geschatte leestijd\" \/>\n\t<meta name=\"twitter:data1\" content=\"1 minuut\" \/>\n<script type=\"application\/ld+json\" class=\"yoast-schema-graph\">{\"@context\":\"https:\/\/schema.org\",\"@graph\":[{\"@type\":\"WebPage\",\"@id\":\"https:\/\/shop.theophile-patachou.com\/nl\/product\/reis-waskussen\/\",\"url\":\"https:\/\/shop.theophile-patachou.com\/nl\/product\/reis-waskussen\/\",\"name\":\"Cotton Pink Reis Waskussen - Th\u00e9ophile et Patachou\",\"isPartOf\":{\"@id\":\"https:\/\/shop.theophile-patachou.com\/nl\/#website\"},\"primaryImageOfPage\":{\"@id\":\"https:\/\/shop.theophile-patachou.com\/nl\/product\/reis-waskussen\/#primaryimage\"},\"image\":{\"@id\":\"https:\/\/shop.theophile-patachou.com\/nl\/product\/reis-waskussen\/#primaryimage\"},\"thumbnailUrl\":\"https:\/\/shop.theophile-patachou.com\/wp-content\/uploads\/2021\/09\/CP.SEC2_.jpg\",\"datePublished\":\"2021-09-30T11:42:17+00:00\",\"dateModified\":\"2021-09-30T11:54:30+00:00\",\"description\":\"Dit zachte Cotton Pink Reis waskussen is ideaal dankzij zijn kleine formaat, is gemakkelijk uit te vouwen en stelt u in staat uw baby overal te verschonen.\",\"breadcrumb\":{\"@id\":\"https:\/\/shop.theophile-patachou.com\/nl\/product\/reis-waskussen\/#breadcrumb\"},\"inLanguage\":\"nl-NL\",\"potentialAction\":[{\"@type\":\"ReadAction\",\"target\":[\"https:\/\/shop.theophile-patachou.com\/nl\/product\/reis-waskussen\/\"]}]},{\"@type\":\"ImageObject\",\"inLanguage\":\"nl-NL\",\"@id\":\"https:\/\/shop.theophile-patachou.com\/nl\/product\/reis-waskussen\/#primaryimage\",\"url\":\"https:\/\/shop.theophile-patachou.com\/wp-content\/uploads\/2021\/09\/CP.SEC2_.jpg\",\"contentUrl\":\"https:\/\/shop.theophile-patachou.com\/wp-content\/uploads\/2021\/09\/CP.SEC2_.jpg\",\"width\":380,\"height\":380},{\"@type\":\"BreadcrumbList\",\"@id\":\"https:\/\/shop.theophile-patachou.com\/nl\/product\/reis-waskussen\/#breadcrumb\",\"itemListElement\":[{\"@type\":\"ListItem\",\"position\":1,\"name\":\"Accueil\",\"item\":\"https:\/\/shop.theophile-patachou.com\/nl\/\"},{\"@type\":\"ListItem\",\"position\":2,\"name\":\"Producten\",\"item\":\"https:\/\/shop.theophile-patachou.com\/nl\/shop\/\"},{\"@type\":\"ListItem\",\"position\":3,\"name\":\"Reis waskussen\"}]},{\"@type\":\"WebSite\",\"@id\":\"https:\/\/shop.theophile-patachou.com\/nl\/#website\",\"url\":\"https:\/\/shop.theophile-patachou.com\/nl\/\",\"name\":\"Th\u00e9ophile et Patachou\",\"description\":\"Mobilier &amp; accessoires pour b\u00e9b\u00e9\",\"publisher\":{\"@id\":\"https:\/\/shop.theophile-patachou.com\/nl\/#organization\"},\"potentialAction\":[{\"@type\":\"SearchAction\",\"target\":{\"@type\":\"EntryPoint\",\"urlTemplate\":\"https:\/\/shop.theophile-patachou.com\/nl\/?s={search_term_string}\"},\"query-input\":{\"@type\":\"PropertyValueSpecification\",\"valueRequired\":true,\"valueName\":\"search_term_string\"}}],\"inLanguage\":\"nl-NL\"},{\"@type\":\"Organization\",\"@id\":\"https:\/\/shop.theophile-patachou.com\/nl\/#organization\",\"name\":\"Th\u00e9ophile & Patachou\",\"url\":\"https:\/\/shop.theophile-patachou.com\/nl\/\",\"logo\":{\"@type\":\"ImageObject\",\"inLanguage\":\"nl-NL\",\"@id\":\"https:\/\/shop.theophile-patachou.com\/nl\/#\/schema\/logo\/image\/\",\"url\":\"https:\/\/shop.theophile-patachou.com\/wp-content\/uploads\/2014\/12\/site-login-logo.png\",\"contentUrl\":\"https:\/\/shop.theophile-patachou.com\/wp-content\/uploads\/2014\/12\/site-login-logo.png\",\"width\":300,\"height\":150,\"caption\":\"Th\u00e9ophile & Patachou\"},\"image\":{\"@id\":\"https:\/\/shop.theophile-patachou.com\/nl\/#\/schema\/logo\/image\/\"},\"sameAs\":[\"https:\/\/www.facebook.com\/Th\u00e9ophile-Patachou-197829346970085\/\",\"https:\/\/x.com\/TPBelgium\",\"https:\/\/instagram.com\/theophile_patachou\/\",\"https:\/\/www.pinterest.com\/ThPat\/\"]}]}<\/script>\n<!-- \/ Yoast SEO plugin. -->","yoast_head_json":{"title":"Cotton Pink Reis Waskussen - Th\u00e9ophile et Patachou","description":"Dit zachte Cotton Pink Reis waskussen is ideaal dankzij zijn kleine formaat, is gemakkelijk uit te vouwen en stelt u in staat uw baby overal te verschonen.","robots":{"index":"index","follow":"follow","max-snippet":"max-snippet:-1","max-image-preview":"max-image-preview:large","max-video-preview":"max-video-preview:-1"},"canonical":"https:\/\/shop.theophile-patachou.com\/nl\/product\/reis-waskussen\/","og_locale":"nl_NL","og_type":"article","og_title":"Cotton Pink Reis Waskussen - Th\u00e9ophile et Patachou","og_description":"Dit zachte Cotton Pink Reis waskussen is ideaal dankzij zijn kleine formaat, is gemakkelijk uit te vouwen en stelt u in staat uw baby overal te verschonen.","og_url":"https:\/\/shop.theophile-patachou.com\/nl\/product\/reis-waskussen\/","og_site_name":"Th\u00e9ophile et Patachou","article_publisher":"https:\/\/www.facebook.com\/Th%c3%a9ophile-Patachou-197829346970085\/","article_modified_time":"2021-09-30T11:54:30+00:00","og_image":[{"width":380,"height":380,"url":"https:\/\/shop.theophile-patachou.com\/wp-content\/uploads\/2021\/09\/CP.SEC2_.jpg","type":"image\/jpeg"}],"twitter_card":"summary_large_image","twitter_site":"@TPBelgium","twitter_misc":{"Geschatte leestijd":"1 minuut"},"schema":{"@context":"https:\/\/schema.org","@graph":[{"@type":"WebPage","@id":"https:\/\/shop.theophile-patachou.com\/nl\/product\/reis-waskussen\/","url":"https:\/\/shop.theophile-patachou.com\/nl\/product\/reis-waskussen\/","name":"Cotton Pink Reis Waskussen - Th\u00e9ophile et Patachou","isPartOf":{"@id":"https:\/\/shop.theophile-patachou.com\/nl\/#website"},"primaryImageOfPage":{"@id":"https:\/\/shop.theophile-patachou.com\/nl\/product\/reis-waskussen\/#primaryimage"},"image":{"@id":"https:\/\/shop.theophile-patachou.com\/nl\/product\/reis-waskussen\/#primaryimage"},"thumbnailUrl":"https:\/\/shop.theophile-patachou.com\/wp-content\/uploads\/2021\/09\/CP.SEC2_.jpg","datePublished":"2021-09-30T11:42:17+00:00","dateModified":"2021-09-30T11:54:30+00:00","description":"Dit zachte Cotton Pink Reis waskussen is ideaal dankzij zijn kleine formaat, is gemakkelijk uit te vouwen en stelt u in staat uw baby overal te verschonen.","breadcrumb":{"@id":"https:\/\/shop.theophile-patachou.com\/nl\/product\/reis-waskussen\/#breadcrumb"},"inLanguage":"nl-NL","potentialAction":[{"@type":"ReadAction","target":["https:\/\/shop.theophile-patachou.com\/nl\/product\/reis-waskussen\/"]}]},{"@type":"ImageObject","inLanguage":"nl-NL","@id":"https:\/\/shop.theophile-patachou.com\/nl\/product\/reis-waskussen\/#primaryimage","url":"https:\/\/shop.theophile-patachou.com\/wp-content\/uploads\/2021\/09\/CP.SEC2_.jpg","contentUrl":"https:\/\/shop.theophile-patachou.com\/wp-content\/uploads\/2021\/09\/CP.SEC2_.jpg","width":380,"height":380},{"@type":"BreadcrumbList","@id":"https:\/\/shop.theophile-patachou.com\/nl\/product\/reis-waskussen\/#breadcrumb","itemListElement":[{"@type":"ListItem","position":1,"name":"Accueil","item":"https:\/\/shop.theophile-patachou.com\/nl\/"},{"@type":"ListItem","position":2,"name":"Producten","item":"https:\/\/shop.theophile-patachou.com\/nl\/shop\/"},{"@type":"ListItem","position":3,"name":"Reis waskussen"}]},{"@type":"WebSite","@id":"https:\/\/shop.theophile-patachou.com\/nl\/#website","url":"https:\/\/shop.theophile-patachou.com\/nl\/","name":"Th\u00e9ophile et Patachou","description":"Mobilier &amp; accessoires pour b\u00e9b\u00e9","publisher":{"@id":"https:\/\/shop.theophile-patachou.com\/nl\/#organization"},"potentialAction":[{"@type":"SearchAction","target":{"@type":"EntryPoint","urlTemplate":"https:\/\/shop.theophile-patachou.com\/nl\/?s={search_term_string}"},"query-input":{"@type":"PropertyValueSpecification","valueRequired":true,"valueName":"search_term_string"}}],"inLanguage":"nl-NL"},{"@type":"Organization","@id":"https:\/\/shop.theophile-patachou.com\/nl\/#organization","name":"Th\u00e9ophile & Patachou","url":"https:\/\/shop.theophile-patachou.com\/nl\/","logo":{"@type":"ImageObject","inLanguage":"nl-NL","@id":"https:\/\/shop.theophile-patachou.com\/nl\/#\/schema\/logo\/image\/","url":"https:\/\/shop.theophile-patachou.com\/wp-content\/uploads\/2014\/12\/site-login-logo.png","contentUrl":"https:\/\/shop.theophile-patachou.com\/wp-content\/uploads\/2014\/12\/site-login-logo.png","width":300,"height":150,"caption":"Th\u00e9ophile & Patachou"},"image":{"@id":"https:\/\/shop.theophile-patachou.com\/nl\/#\/schema\/logo\/image\/"},"sameAs":["https:\/\/www.facebook.com\/Th\u00e9ophile-Patachou-197829346970085\/","https:\/\/x.com\/TPBelgium","https:\/\/instagram.com\/theophile_patachou\/","https:\/\/www.pinterest.com\/ThPat\/"]}]}},"_links":{"self":[{"href":"https:\/\/shop.theophile-patachou.com\/nl\/wp-json\/wp\/v2\/product\/61516","targetHints":{"allow":["GET"]}}],"collection":[{"href":"https:\/\/shop.theophile-patachou.com\/nl\/wp-json\/wp\/v2\/product"}],"about":[{"href":"https:\/\/shop.theophile-patachou.com\/nl\/wp-json\/wp\/v2\/types\/product"}],"wp:featuredmedia":[{"embeddable":true,"href":"https:\/\/shop.theophile-patachou.com\/nl\/wp-json\/wp\/v2\/media\/71516"}],"wp:attachment":[{"href":"https:\/\/shop.theophile-patachou.com\/nl\/wp-json\/wp\/v2\/media?parent=61516"}],"wp:term":[{"taxonomy":"product_brand","embeddable":true,"href":"https:\/\/shop.theophile-patachou.com\/nl\/wp-json\/wp\/v2\/product_brand?post=61516"},{"taxonomy":"product_cat","embeddable":true,"href":"https:\/\/shop.theophile-patachou.com\/nl\/wp-json\/wp\/v2\/product_cat?post=61516"},{"taxonomy":"product_tag","embeddable":true,"href":"https:\/\/shop.theophile-patachou.com\/nl\/wp-json\/wp\/v2\/product_tag?post=61516"}],"curies":[{"name":"wp","href":"https:\/\/api.w.org\/{rel}","templated":true}]}}